{"id":26167,"date":"2023-09-15T15:05:42","date_gmt":"2023-10-03T08:29:55","guid":{"rendered":"https:\/\/naturalpoland.com\/produkty\/nezarazene\/barf-smesi-pro-psy\/"},"modified":"2023-10-03T10:29:55","modified_gmt":"2023-10-03T08:29:55","slug":"smesi-pro-psy","status":"publish","type":"product","link":"https:\/\/naturalpoland.com\/cs\/produkty\/suroviny-pro-krmiva-pro-zvirata\/smesi-pro-psy\/","title":{"rendered":"BARF sm\u011bsi pro psy"},"content":{"rendered":"<ul>\n<li><strong>BARF Fruit Mix<\/strong>: Je vynikaj\u00edc\u00edm zdrojem vitam\u00edn\u016f a vl\u00e1kniny, ide\u00e1ln\u00ed jako zpest\u0159en\u00ed denn\u00ed stravy. Obsahuje vybran\u00e9 ovoce bohat\u00e9 na antioxidanty, kter\u00e9 podporuj\u00ed imunitn\u00ed syst\u00e9m.<\/li>\n<li><strong>BARF R\u00fd\u017ee a ryby<\/strong>: Zdrav\u00e1 kombinace b\u00edlkovin z ryb a sacharid\u016f z r\u00fd\u017ee. Ide\u00e1ln\u00ed pro psy s citliv\u00fdm \u017ealudkem nebo potravinov\u00fdmi alergiemi. Ryby poskytuj\u00ed esenci\u00e1ln\u00ed omega-3 mastn\u00e9 kyseliny.<\/li>\n<li><strong>Sm\u011bs r\u00fd\u017ee a brambor BARF<\/strong>: Kombinace r\u00fd\u017ee a brambor dod\u00e1 va\u0161emu psovi komplexn\u00ed sacharidy, kter\u00e9 jsou snadno straviteln\u00e9 a dodaj\u00ed mu energii na cel\u00fd den.<\/li>\n<li><strong>BARF Pea Stew<\/strong>: Bohat\u00fd zdroj rostlinn\u00fdch b\u00edlkovin v kombinaci s masem pro chutnou a plnohodnotnou sm\u011bs.<\/li>\n<li><strong>Bylinn\u00e1 sm\u011bs BARF<\/strong>: Pe\u010dliv\u011b vybran\u00e1 sm\u011bs bylin pro podporu tr\u00e1ven\u00ed, detoxikace a celkov\u00e9ho zdrav\u00ed va\u0161eho psa. M\u016f\u017ee se p\u0159id\u00e1vat do ka\u017edodenn\u00ed stravy jako zpest\u0159en\u00ed nebo podp\u016frn\u00e1 l\u00e9\u010dba.<\/li>\n<li><strong>BARF Zeleninov\u00e1 sm\u011bs<\/strong>: kombinace r\u016fzn\u00fdch druh\u016f zeleniny, kter\u00e1 poskytuje vitam\u00edny, miner\u00e1ly a vl\u00e1kninu. Ide\u00e1ln\u00ed pro psy, kte\u0159\u00ed pot\u0159ebuj\u00ed pestrou stravu.<\/li>\n<\/ul>\n","protected":false},"excerpt":{"rendered":"<p>Sm\u011bsi BARF pro psy byly pe\u010dliv\u011b sestaveny tak, aby poskytovaly plnohodnotn\u00e9 p\u0159\u00edrodn\u00ed slo\u017eky, kter\u00e9 jsou nezbytn\u00e9 pro zdrav\u00ed a pohodu psa.<\/p>\n","protected":false},"featured_media":25480,"template":"","meta":{"_acf_changed":false},"product_brand":[],"product_cat":[2507],"product_tag":[],"class_list":{"0":"post-26167","1":"product","2":"type-product","3":"status-publish","4":"has-post-thumbnail","6":"product_cat-suroviny-pro-krmiva-pro-zvirata","8":"first","9":"instock","10":"shipping-taxable","11":"product-type-simple"},"acf":[],"yoast_head":"<!-- This site is optimized with the Yoast SEO plugin v27.4 - https:\/\/yoast.com\/product\/yoast-seo-wordpress\/ -->\n<title>BARF sm\u011bsi pro psy - Velkoobchodn\u00ed distributor<\/title>\n<meta name=\"description\" content=\"Sm\u011bsi BARF jsou z\u00e1rukou kvality a \u010derstvosti surovin. Ka\u017ed\u00e1 sm\u011bs byla sestavena tak, aby spl\u0148ovala specifick\u00e9 nutri\u010dn\u00ed pot\u0159eby psa.\" \/>\n<meta name=\"robots\" content=\"index, follow, max-snippet:-1, max-image-preview:large, max-video-preview:-1\" \/>\n<link rel=\"canonical\" href=\"https:\/\/naturalpoland.com\/cs\/produkty\/suroviny-pro-krmiva-pro-zvirata\/smesi-pro-psy\/\" \/>\n<meta property=\"og:locale\" content=\"cs_CZ\" \/>\n<meta property=\"og:type\" content=\"article\" \/>\n<meta property=\"og:title\" content=\"BARF sm\u011bsi pro psy - Velkoobchodn\u00ed distributor\" \/>\n<meta property=\"og:description\" content=\"Sm\u011bsi BARF jsou z\u00e1rukou kvality a \u010derstvosti surovin. Ka\u017ed\u00e1 sm\u011bs byla sestavena tak, aby spl\u0148ovala specifick\u00e9 nutri\u010dn\u00ed pot\u0159eby psa.\" \/>\n<meta property=\"og:url\" content=\"https:\/\/naturalpoland.com\/cs\/produkty\/suroviny-pro-krmiva-pro-zvirata\/smesi-pro-psy\/\" \/>\n<meta property=\"og:site_name\" content=\"NATURAL POLAND - Velkoobchodn\u00ed distributor surovin\" \/>\n<meta property=\"article:publisher\" content=\"https:\/\/www.facebook.com\/naturalpoland.b2b\" \/>\n<meta property=\"og:image\" content=\"https:\/\/naturalpoland.com\/wp-content\/uploads\/barf-dla-psow.jpg\" \/>\n\t<meta property=\"og:image:width\" content=\"650\" \/>\n\t<meta property=\"og:image:height\" content=\"650\" \/>\n\t<meta property=\"og:image:type\" content=\"image\/jpeg\" \/>\n<script type=\"application\/ld+json\" class=\"yoast-schema-graph\">{\"@context\":\"https:\\\/\\\/schema.org\",\"@graph\":[{\"@type\":\"WebPage\",\"@id\":\"https:\\\/\\\/naturalpoland.com\\\/cs\\\/produkty\\\/suroviny-pro-krmiva-pro-zvirata\\\/smesi-pro-psy\\\/\",\"url\":\"https:\\\/\\\/naturalpoland.com\\\/cs\\\/produkty\\\/suroviny-pro-krmiva-pro-zvirata\\\/smesi-pro-psy\\\/\",\"name\":\"BARF sm\u011bsi pro psy - Velkoobchodn\u00ed distributor\",\"isPartOf\":{\"@id\":\"https:\\\/\\\/naturalpoland.com\\\/cs\\\/#website\"},\"primaryImageOfPage\":{\"@id\":\"https:\\\/\\\/naturalpoland.com\\\/cs\\\/produkty\\\/suroviny-pro-krmiva-pro-zvirata\\\/smesi-pro-psy\\\/#primaryimage\"},\"image\":{\"@id\":\"https:\\\/\\\/naturalpoland.com\\\/cs\\\/produkty\\\/suroviny-pro-krmiva-pro-zvirata\\\/smesi-pro-psy\\\/#primaryimage\"},\"thumbnailUrl\":\"https:\\\/\\\/naturalpoland.com\\\/wp-content\\\/uploads\\\/barf-dla-psow.jpg\",\"datePublished\":\"2023-10-03T08:29:55+00:00\",\"description\":\"Sm\u011bsi BARF jsou z\u00e1rukou kvality a \u010derstvosti surovin. Ka\u017ed\u00e1 sm\u011bs byla sestavena tak, aby spl\u0148ovala specifick\u00e9 nutri\u010dn\u00ed pot\u0159eby psa.\",\"breadcrumb\":{\"@id\":\"https:\\\/\\\/naturalpoland.com\\\/cs\\\/produkty\\\/suroviny-pro-krmiva-pro-zvirata\\\/smesi-pro-psy\\\/#breadcrumb\"},\"inLanguage\":\"cs\",\"potentialAction\":[{\"@type\":\"ReadAction\",\"target\":[\"https:\\\/\\\/naturalpoland.com\\\/cs\\\/produkty\\\/suroviny-pro-krmiva-pro-zvirata\\\/smesi-pro-psy\\\/\"]}]},{\"@type\":\"ImageObject\",\"inLanguage\":\"cs\",\"@id\":\"https:\\\/\\\/naturalpoland.com\\\/cs\\\/produkty\\\/suroviny-pro-krmiva-pro-zvirata\\\/smesi-pro-psy\\\/#primaryimage\",\"url\":\"https:\\\/\\\/naturalpoland.com\\\/wp-content\\\/uploads\\\/barf-dla-psow.jpg\",\"contentUrl\":\"https:\\\/\\\/naturalpoland.com\\\/wp-content\\\/uploads\\\/barf-dla-psow.jpg\",\"width\":650,\"height\":650,\"caption\":\"zvracen\u00ed pro psy\"},{\"@type\":\"BreadcrumbList\",\"@id\":\"https:\\\/\\\/naturalpoland.com\\\/cs\\\/produkty\\\/suroviny-pro-krmiva-pro-zvirata\\\/smesi-pro-psy\\\/#breadcrumb\",\"itemListElement\":[{\"@type\":\"ListItem\",\"position\":1,\"name\":\"Dom\u016f\",\"item\":\"https:\\\/\\\/naturalpoland.com\\\/cs\\\/\"},{\"@type\":\"ListItem\",\"position\":2,\"name\":\"Produkty\",\"item\":\"https:\\\/\\\/naturalpoland.com\\\/cs\\\/produkty\\\/\"},{\"@type\":\"ListItem\",\"position\":3,\"name\":\"BARF sm\u011bsi pro psy\"}]},{\"@type\":\"WebSite\",\"@id\":\"https:\\\/\\\/naturalpoland.com\\\/cs\\\/#website\",\"url\":\"https:\\\/\\\/naturalpoland.com\\\/cs\\\/\",\"name\":\"NATURAL POLAND - Velkoobchodn\u00ed distributor surovin\",\"description\":\"Surowce dla przemys\u0142u spo\u017cywczego, kosmetycznego i farmaceutycznego\",\"publisher\":{\"@id\":\"https:\\\/\\\/naturalpoland.com\\\/cs\\\/#organization\"},\"potentialAction\":[{\"@type\":\"SearchAction\",\"target\":{\"@type\":\"EntryPoint\",\"urlTemplate\":\"https:\\\/\\\/naturalpoland.com\\\/cs\\\/?s={search_term_string}\"},\"query-input\":{\"@type\":\"PropertyValueSpecification\",\"valueRequired\":true,\"valueName\":\"search_term_string\"}}],\"inLanguage\":\"cs\"},{\"@type\":\"Organization\",\"@id\":\"https:\\\/\\\/naturalpoland.com\\\/cs\\\/#organization\",\"name\":\"Natural Poland\",\"url\":\"https:\\\/\\\/naturalpoland.com\\\/cs\\\/\",\"logo\":{\"@type\":\"ImageObject\",\"inLanguage\":\"cs\",\"@id\":\"https:\\\/\\\/naturalpoland.com\\\/cs\\\/#\\\/schema\\\/logo\\\/image\\\/\",\"url\":\"https:\\\/\\\/naturalpoland.com\\\/wp-content\\\/uploads\\\/2021\\\/05\\\/natural-poland-icon.png\",\"contentUrl\":\"https:\\\/\\\/naturalpoland.com\\\/wp-content\\\/uploads\\\/2021\\\/05\\\/natural-poland-icon.png\",\"width\":512,\"height\":512,\"caption\":\"Natural Poland\"},\"image\":{\"@id\":\"https:\\\/\\\/naturalpoland.com\\\/cs\\\/#\\\/schema\\\/logo\\\/image\\\/\"},\"sameAs\":[\"https:\\\/\\\/www.facebook.com\\\/naturalpoland.b2b\",\"https:\\\/\\\/pl.linkedin.com\\\/company\\\/natural-poland\",\"https:\\\/\\\/www.youtube.com\\\/channel\\\/UCgeGGkvOMahZo-xu_MSEWxg\"]}]}<\/script>\n<!-- \/ Yoast SEO plugin. -->","yoast_head_json":{"title":"BARF sm\u011bsi pro psy - Velkoobchodn\u00ed distributor","description":"Sm\u011bsi BARF jsou z\u00e1rukou kvality a \u010derstvosti surovin. Ka\u017ed\u00e1 sm\u011bs byla sestavena tak, aby spl\u0148ovala specifick\u00e9 nutri\u010dn\u00ed pot\u0159eby psa.","robots":{"index":"index","follow":"follow","max-snippet":"max-snippet:-1","max-image-preview":"max-image-preview:large","max-video-preview":"max-video-preview:-1"},"canonical":"https:\/\/naturalpoland.com\/cs\/produkty\/suroviny-pro-krmiva-pro-zvirata\/smesi-pro-psy\/","og_locale":"cs_CZ","og_type":"article","og_title":"BARF sm\u011bsi pro psy - Velkoobchodn\u00ed distributor","og_description":"Sm\u011bsi BARF jsou z\u00e1rukou kvality a \u010derstvosti surovin. Ka\u017ed\u00e1 sm\u011bs byla sestavena tak, aby spl\u0148ovala specifick\u00e9 nutri\u010dn\u00ed pot\u0159eby psa.","og_url":"https:\/\/naturalpoland.com\/cs\/produkty\/suroviny-pro-krmiva-pro-zvirata\/smesi-pro-psy\/","og_site_name":"NATURAL POLAND - Velkoobchodn\u00ed distributor surovin","article_publisher":"https:\/\/www.facebook.com\/naturalpoland.b2b","og_image":[{"width":650,"height":650,"url":"https:\/\/naturalpoland.com\/wp-content\/uploads\/barf-dla-psow.jpg","type":"image\/jpeg"}],"schema":{"@context":"https:\/\/schema.org","@graph":[{"@type":"WebPage","@id":"https:\/\/naturalpoland.com\/cs\/produkty\/suroviny-pro-krmiva-pro-zvirata\/smesi-pro-psy\/","url":"https:\/\/naturalpoland.com\/cs\/produkty\/suroviny-pro-krmiva-pro-zvirata\/smesi-pro-psy\/","name":"BARF sm\u011bsi pro psy - Velkoobchodn\u00ed distributor","isPartOf":{"@id":"https:\/\/naturalpoland.com\/cs\/#website"},"primaryImageOfPage":{"@id":"https:\/\/naturalpoland.com\/cs\/produkty\/suroviny-pro-krmiva-pro-zvirata\/smesi-pro-psy\/#primaryimage"},"image":{"@id":"https:\/\/naturalpoland.com\/cs\/produkty\/suroviny-pro-krmiva-pro-zvirata\/smesi-pro-psy\/#primaryimage"},"thumbnailUrl":"https:\/\/naturalpoland.com\/wp-content\/uploads\/barf-dla-psow.jpg","datePublished":"2023-10-03T08:29:55+00:00","description":"Sm\u011bsi BARF jsou z\u00e1rukou kvality a \u010derstvosti surovin. Ka\u017ed\u00e1 sm\u011bs byla sestavena tak, aby spl\u0148ovala specifick\u00e9 nutri\u010dn\u00ed pot\u0159eby psa.","breadcrumb":{"@id":"https:\/\/naturalpoland.com\/cs\/produkty\/suroviny-pro-krmiva-pro-zvirata\/smesi-pro-psy\/#breadcrumb"},"inLanguage":"cs","potentialAction":[{"@type":"ReadAction","target":["https:\/\/naturalpoland.com\/cs\/produkty\/suroviny-pro-krmiva-pro-zvirata\/smesi-pro-psy\/"]}]},{"@type":"ImageObject","inLanguage":"cs","@id":"https:\/\/naturalpoland.com\/cs\/produkty\/suroviny-pro-krmiva-pro-zvirata\/smesi-pro-psy\/#primaryimage","url":"https:\/\/naturalpoland.com\/wp-content\/uploads\/barf-dla-psow.jpg","contentUrl":"https:\/\/naturalpoland.com\/wp-content\/uploads\/barf-dla-psow.jpg","width":650,"height":650,"caption":"zvracen\u00ed pro psy"},{"@type":"BreadcrumbList","@id":"https:\/\/naturalpoland.com\/cs\/produkty\/suroviny-pro-krmiva-pro-zvirata\/smesi-pro-psy\/#breadcrumb","itemListElement":[{"@type":"ListItem","position":1,"name":"Dom\u016f","item":"https:\/\/naturalpoland.com\/cs\/"},{"@type":"ListItem","position":2,"name":"Produkty","item":"https:\/\/naturalpoland.com\/cs\/produkty\/"},{"@type":"ListItem","position":3,"name":"BARF sm\u011bsi pro psy"}]},{"@type":"WebSite","@id":"https:\/\/naturalpoland.com\/cs\/#website","url":"https:\/\/naturalpoland.com\/cs\/","name":"NATURAL POLAND - Velkoobchodn\u00ed distributor surovin","description":"Surowce dla przemys\u0142u spo\u017cywczego, kosmetycznego i farmaceutycznego","publisher":{"@id":"https:\/\/naturalpoland.com\/cs\/#organization"},"potentialAction":[{"@type":"SearchAction","target":{"@type":"EntryPoint","urlTemplate":"https:\/\/naturalpoland.com\/cs\/?s={search_term_string}"},"query-input":{"@type":"PropertyValueSpecification","valueRequired":true,"valueName":"search_term_string"}}],"inLanguage":"cs"},{"@type":"Organization","@id":"https:\/\/naturalpoland.com\/cs\/#organization","name":"Natural Poland","url":"https:\/\/naturalpoland.com\/cs\/","logo":{"@type":"ImageObject","inLanguage":"cs","@id":"https:\/\/naturalpoland.com\/cs\/#\/schema\/logo\/image\/","url":"https:\/\/naturalpoland.com\/wp-content\/uploads\/2021\/05\/natural-poland-icon.png","contentUrl":"https:\/\/naturalpoland.com\/wp-content\/uploads\/2021\/05\/natural-poland-icon.png","width":512,"height":512,"caption":"Natural Poland"},"image":{"@id":"https:\/\/naturalpoland.com\/cs\/#\/schema\/logo\/image\/"},"sameAs":["https:\/\/www.facebook.com\/naturalpoland.b2b","https:\/\/pl.linkedin.com\/company\/natural-poland","https:\/\/www.youtube.com\/channel\/UCgeGGkvOMahZo-xu_MSEWxg"]}]}},"_links":{"self":[{"href":"https:\/\/naturalpoland.com\/cs\/wp-json\/wp\/v2\/product\/26167","targetHints":{"allow":["GET"]}}],"collection":[{"href":"https:\/\/naturalpoland.com\/cs\/wp-json\/wp\/v2\/product"}],"about":[{"href":"https:\/\/naturalpoland.com\/cs\/wp-json\/wp\/v2\/types\/product"}],"wp:featuredmedia":[{"embeddable":true,"href":"https:\/\/naturalpoland.com\/cs\/wp-json\/wp\/v2\/media\/25480"}],"wp:attachment":[{"href":"https:\/\/naturalpoland.com\/cs\/wp-json\/wp\/v2\/media?parent=26167"}],"wp:term":[{"taxonomy":"product_brand","embeddable":true,"href":"https:\/\/naturalpoland.com\/cs\/wp-json\/wp\/v2\/product_brand?post=26167"},{"taxonomy":"product_cat","embeddable":true,"href":"https:\/\/naturalpoland.com\/cs\/wp-json\/wp\/v2\/product_cat?post=26167"},{"taxonomy":"product_tag","embeddable":true,"href":"https:\/\/naturalpoland.com\/cs\/wp-json\/wp\/v2\/product_tag?post=26167"}],"curies":[{"name":"wp","href":"https:\/\/api.w.org\/{rel}","templated":true}]}}