{"id":26190,"date":"2023-09-15T15:46:00","date_gmt":"2023-10-03T08:30:04","guid":{"rendered":"https:\/\/naturalpoland.com\/produkty\/nezarazene\/smesi-pro-hlodavce-a-bylozrave-plazy\/"},"modified":"2023-10-03T10:30:04","modified_gmt":"2023-10-03T08:30:04","slug":"smesi-pro-hlodavce-a-jedovate-hlodavce","status":"publish","type":"product","link":"https:\/\/naturalpoland.com\/cs\/produkty\/suroviny-pro-krmiva-pro-zvirata\/smesi-pro-hlodavce-a-jedovate-hlodavce\/","title":{"rendered":"Sm\u011bsi pro hlodavce a b\u00fdlo\u017erav\u00e9 plazy"},"content":{"rendered":"<ol>\n<li><strong>Klasick\u00e1 sm\u011bs<\/strong>: vojt\u011b\u0161ka, listy m\u011bs\u00ed\u010dku, he\u0159m\u00e1nek, kv\u011bty r\u016f\u017ee, stonky petr\u017eele &#8211; ide\u00e1ln\u00ed kombinace b\u00edlkovin, vitam\u00edn\u016f a miner\u00e1l\u016f.<\/li>\n<li><strong>Sm\u011bs ovoce a bylin<\/strong>: stonky petr\u017eele, listy malin\u00edku, kop\u0159ivy, jitrocele, pampeli\u0161ky a chrpy v \u010derven\u00fdch a r\u016f\u017eov\u00fdch odst\u00ednech.<\/li>\n<li><strong>Obohacen\u00e1 sm\u011bs<\/strong>: stonky petr\u017eele, modr\u00e1 chrpa, listy malin\u00edku, ostru\u017ein\u00edk, echinacea a kv\u011bty he\u0159m\u00e1nku &#8211; slo\u017een\u00ed podporuj\u00edc\u00ed imunitu.<\/li>\n<li><strong>Exotick\u00e1 sm\u011bs<\/strong>: stonky petr\u017eele, ban\u00e1n, listy b\u0159\u00edzy, listy malin\u00edku, pampeli\u0161ky, vojt\u011b\u0161ky, ibi\u0161ku &#8211; jedine\u010dn\u00fd chu\u0165ov\u00fd profil.<\/li>\n<li><strong>Sm\u011bs zeleniny a ovoce<\/strong>: Listy b\u0159\u00edzy, vojt\u011b\u0161ka, mrkev, cuketa, jablko, listy malin, stonky petr\u017eele, jitrocel, raj\u010de, okurka, pampeli\u0161ka.<\/li>\n<li><strong>Letn\u00ed mix<\/strong>: Perfektn\u00ed kombinace pro teplej\u0161\u00ed dny: vojt\u011b\u0161ka, mrkev, ibi\u0161ek, stonky petr\u017eele, okurka, listy m\u011bs\u00ed\u010dku.<\/li>\n<li><strong>Bylinn\u00e1 sm\u011bs<\/strong>: stonky petr\u017eele, chrpa, pampeli\u0161ka, jitrocel, kop\u0159iva, he\u0159m\u00e1nek, chmel &#8211; podpora tr\u00e1vic\u00edho syst\u00e9mu.<\/li>\n<\/ol>\n<p>Ka\u017ed\u00e1 z t\u011bchto sm\u011bs\u00ed je navr\u017eena tak, aby spl\u0148ovala r\u016fzn\u00e9 nutri\u010dn\u00ed pot\u0159eby hlodavc\u016f a b\u00fdlo\u017erav\u00fdch plaz\u016f a z\u00e1rove\u0148 poskytovala rozmanitou chu\u0165 a v\u00fd\u017eivovou hodnotu.<\/p>\n","protected":false},"excerpt":{"rendered":"<p>Na\u0161e sm\u011bsi pro hlodavce a b\u00fdlo\u017erav\u00e9 plazy byly pe\u010dliv\u011b sestaveny na z\u00e1klad\u011b vysoce kvalitn\u00edch slo\u017eek rostlinn\u00e9ho p\u016fvodu. Ka\u017ed\u00fd z nich poskytuje z\u00e1kladn\u00ed \u017eiviny pot\u0159ebn\u00e9 pro spr\u00e1vn\u00fd v\u00fdvoj a zdrav\u00ed zv\u00ed\u0159at.<\/p>\n","protected":false},"featured_media":25519,"template":"","meta":{"_acf_changed":false},"product_brand":[],"product_cat":[2507],"product_tag":[],"class_list":{"0":"post-26190","1":"product","2":"type-product","3":"status-publish","4":"has-post-thumbnail","6":"product_cat-suroviny-pro-krmiva-pro-zvirata","8":"first","9":"instock","10":"shipping-taxable","11":"product-type-simple"},"acf":[],"yoast_head":"<!-- This site is optimized with the Yoast SEO plugin v27.4 - https:\/\/yoast.com\/product\/yoast-seo-wordpress\/ -->\n<title>Sm\u011bsi pro hlodavce a b\u00fdlo\u017erav\u00e9 plazy - Velkoobchodn\u00ed distributor<\/title>\n<meta name=\"description\" content=\"Na\u0161e sm\u011bsi pro hlodavce a b\u00fdlo\u017erav\u00e9 plazy byly pe\u010dliv\u011b sestaveny na z\u00e1klad\u011b vysoce kvalitn\u00edch slo\u017eek rostlinn\u00e9ho p\u016fvodu.\" \/>\n<meta name=\"robots\" content=\"index, follow, max-snippet:-1, max-image-preview:large, max-video-preview:-1\" \/>\n<link rel=\"canonical\" href=\"https:\/\/naturalpoland.com\/cs\/produkty\/suroviny-pro-krmiva-pro-zvirata\/smesi-pro-hlodavce-a-jedovate-hlodavce\/\" \/>\n<meta property=\"og:locale\" content=\"cs_CZ\" \/>\n<meta property=\"og:type\" content=\"article\" \/>\n<meta property=\"og:title\" content=\"Sm\u011bsi pro hlodavce a b\u00fdlo\u017erav\u00e9 plazy - Velkoobchodn\u00ed distributor\" \/>\n<meta property=\"og:description\" content=\"Na\u0161e sm\u011bsi pro hlodavce a b\u00fdlo\u017erav\u00e9 plazy byly pe\u010dliv\u011b sestaveny na z\u00e1klad\u011b vysoce kvalitn\u00edch slo\u017eek rostlinn\u00e9ho p\u016fvodu.\" \/>\n<meta property=\"og:url\" content=\"https:\/\/naturalpoland.com\/cs\/produkty\/suroviny-pro-krmiva-pro-zvirata\/smesi-pro-hlodavce-a-jedovate-hlodavce\/\" \/>\n<meta property=\"og:site_name\" content=\"NATURAL POLAND - Velkoobchodn\u00ed distributor surovin\" \/>\n<meta property=\"article:publisher\" content=\"https:\/\/www.facebook.com\/naturalpoland.b2b\" \/>\n<meta property=\"og:image\" content=\"https:\/\/naturalpoland.com\/wp-content\/uploads\/mieszanki-dla-gryzoni.jpg\" \/>\n\t<meta property=\"og:image:width\" content=\"650\" \/>\n\t<meta property=\"og:image:height\" content=\"650\" \/>\n\t<meta property=\"og:image:type\" content=\"image\/jpeg\" \/>\n<script type=\"application\/ld+json\" class=\"yoast-schema-graph\">{\"@context\":\"https:\\\/\\\/schema.org\",\"@graph\":[{\"@type\":\"WebPage\",\"@id\":\"https:\\\/\\\/naturalpoland.com\\\/cs\\\/produkty\\\/suroviny-pro-krmiva-pro-zvirata\\\/smesi-pro-hlodavce-a-jedovate-hlodavce\\\/\",\"url\":\"https:\\\/\\\/naturalpoland.com\\\/cs\\\/produkty\\\/suroviny-pro-krmiva-pro-zvirata\\\/smesi-pro-hlodavce-a-jedovate-hlodavce\\\/\",\"name\":\"Sm\u011bsi pro hlodavce a b\u00fdlo\u017erav\u00e9 plazy - Velkoobchodn\u00ed distributor\",\"isPartOf\":{\"@id\":\"https:\\\/\\\/naturalpoland.com\\\/cs\\\/#website\"},\"primaryImageOfPage\":{\"@id\":\"https:\\\/\\\/naturalpoland.com\\\/cs\\\/produkty\\\/suroviny-pro-krmiva-pro-zvirata\\\/smesi-pro-hlodavce-a-jedovate-hlodavce\\\/#primaryimage\"},\"image\":{\"@id\":\"https:\\\/\\\/naturalpoland.com\\\/cs\\\/produkty\\\/suroviny-pro-krmiva-pro-zvirata\\\/smesi-pro-hlodavce-a-jedovate-hlodavce\\\/#primaryimage\"},\"thumbnailUrl\":\"https:\\\/\\\/naturalpoland.com\\\/wp-content\\\/uploads\\\/mieszanki-dla-gryzoni.jpg\",\"datePublished\":\"2023-10-03T08:30:04+00:00\",\"description\":\"Na\u0161e sm\u011bsi pro hlodavce a b\u00fdlo\u017erav\u00e9 plazy byly pe\u010dliv\u011b sestaveny na z\u00e1klad\u011b vysoce kvalitn\u00edch slo\u017eek rostlinn\u00e9ho p\u016fvodu.\",\"breadcrumb\":{\"@id\":\"https:\\\/\\\/naturalpoland.com\\\/cs\\\/produkty\\\/suroviny-pro-krmiva-pro-zvirata\\\/smesi-pro-hlodavce-a-jedovate-hlodavce\\\/#breadcrumb\"},\"inLanguage\":\"cs\",\"potentialAction\":[{\"@type\":\"ReadAction\",\"target\":[\"https:\\\/\\\/naturalpoland.com\\\/cs\\\/produkty\\\/suroviny-pro-krmiva-pro-zvirata\\\/smesi-pro-hlodavce-a-jedovate-hlodavce\\\/\"]}]},{\"@type\":\"ImageObject\",\"inLanguage\":\"cs\",\"@id\":\"https:\\\/\\\/naturalpoland.com\\\/cs\\\/produkty\\\/suroviny-pro-krmiva-pro-zvirata\\\/smesi-pro-hlodavce-a-jedovate-hlodavce\\\/#primaryimage\",\"url\":\"https:\\\/\\\/naturalpoland.com\\\/wp-content\\\/uploads\\\/mieszanki-dla-gryzoni.jpg\",\"contentUrl\":\"https:\\\/\\\/naturalpoland.com\\\/wp-content\\\/uploads\\\/mieszanki-dla-gryzoni.jpg\",\"width\":650,\"height\":650,\"caption\":\"sm\u011bsi pro hlodavce\"},{\"@type\":\"BreadcrumbList\",\"@id\":\"https:\\\/\\\/naturalpoland.com\\\/cs\\\/produkty\\\/suroviny-pro-krmiva-pro-zvirata\\\/smesi-pro-hlodavce-a-jedovate-hlodavce\\\/#breadcrumb\",\"itemListElement\":[{\"@type\":\"ListItem\",\"position\":1,\"name\":\"Dom\u016f\",\"item\":\"https:\\\/\\\/naturalpoland.com\\\/cs\\\/\"},{\"@type\":\"ListItem\",\"position\":2,\"name\":\"Produkty\",\"item\":\"https:\\\/\\\/naturalpoland.com\\\/cs\\\/produkty\\\/\"},{\"@type\":\"ListItem\",\"position\":3,\"name\":\"Sm\u011bsi pro hlodavce a b\u00fdlo\u017erav\u00e9 plazy\"}]},{\"@type\":\"WebSite\",\"@id\":\"https:\\\/\\\/naturalpoland.com\\\/cs\\\/#website\",\"url\":\"https:\\\/\\\/naturalpoland.com\\\/cs\\\/\",\"name\":\"NATURAL POLAND - Velkoobchodn\u00ed distributor surovin\",\"description\":\"Surowce dla przemys\u0142u spo\u017cywczego, kosmetycznego i farmaceutycznego\",\"publisher\":{\"@id\":\"https:\\\/\\\/naturalpoland.com\\\/cs\\\/#organization\"},\"potentialAction\":[{\"@type\":\"SearchAction\",\"target\":{\"@type\":\"EntryPoint\",\"urlTemplate\":\"https:\\\/\\\/naturalpoland.com\\\/cs\\\/?s={search_term_string}\"},\"query-input\":{\"@type\":\"PropertyValueSpecification\",\"valueRequired\":true,\"valueName\":\"search_term_string\"}}],\"inLanguage\":\"cs\"},{\"@type\":\"Organization\",\"@id\":\"https:\\\/\\\/naturalpoland.com\\\/cs\\\/#organization\",\"name\":\"Natural Poland\",\"url\":\"https:\\\/\\\/naturalpoland.com\\\/cs\\\/\",\"logo\":{\"@type\":\"ImageObject\",\"inLanguage\":\"cs\",\"@id\":\"https:\\\/\\\/naturalpoland.com\\\/cs\\\/#\\\/schema\\\/logo\\\/image\\\/\",\"url\":\"https:\\\/\\\/naturalpoland.com\\\/wp-content\\\/uploads\\\/2021\\\/05\\\/natural-poland-icon.png\",\"contentUrl\":\"https:\\\/\\\/naturalpoland.com\\\/wp-content\\\/uploads\\\/2021\\\/05\\\/natural-poland-icon.png\",\"width\":512,\"height\":512,\"caption\":\"Natural Poland\"},\"image\":{\"@id\":\"https:\\\/\\\/naturalpoland.com\\\/cs\\\/#\\\/schema\\\/logo\\\/image\\\/\"},\"sameAs\":[\"https:\\\/\\\/www.facebook.com\\\/naturalpoland.b2b\",\"https:\\\/\\\/pl.linkedin.com\\\/company\\\/natural-poland\",\"https:\\\/\\\/www.youtube.com\\\/channel\\\/UCgeGGkvOMahZo-xu_MSEWxg\"]}]}<\/script>\n<!-- \/ Yoast SEO plugin. -->","yoast_head_json":{"title":"Sm\u011bsi pro hlodavce a b\u00fdlo\u017erav\u00e9 plazy - Velkoobchodn\u00ed distributor","description":"Na\u0161e sm\u011bsi pro hlodavce a b\u00fdlo\u017erav\u00e9 plazy byly pe\u010dliv\u011b sestaveny na z\u00e1klad\u011b vysoce kvalitn\u00edch slo\u017eek rostlinn\u00e9ho p\u016fvodu.","robots":{"index":"index","follow":"follow","max-snippet":"max-snippet:-1","max-image-preview":"max-image-preview:large","max-video-preview":"max-video-preview:-1"},"canonical":"https:\/\/naturalpoland.com\/cs\/produkty\/suroviny-pro-krmiva-pro-zvirata\/smesi-pro-hlodavce-a-jedovate-hlodavce\/","og_locale":"cs_CZ","og_type":"article","og_title":"Sm\u011bsi pro hlodavce a b\u00fdlo\u017erav\u00e9 plazy - Velkoobchodn\u00ed distributor","og_description":"Na\u0161e sm\u011bsi pro hlodavce a b\u00fdlo\u017erav\u00e9 plazy byly pe\u010dliv\u011b sestaveny na z\u00e1klad\u011b vysoce kvalitn\u00edch slo\u017eek rostlinn\u00e9ho p\u016fvodu.","og_url":"https:\/\/naturalpoland.com\/cs\/produkty\/suroviny-pro-krmiva-pro-zvirata\/smesi-pro-hlodavce-a-jedovate-hlodavce\/","og_site_name":"NATURAL POLAND - Velkoobchodn\u00ed distributor surovin","article_publisher":"https:\/\/www.facebook.com\/naturalpoland.b2b","og_image":[{"width":650,"height":650,"url":"https:\/\/naturalpoland.com\/wp-content\/uploads\/mieszanki-dla-gryzoni.jpg","type":"image\/jpeg"}],"schema":{"@context":"https:\/\/schema.org","@graph":[{"@type":"WebPage","@id":"https:\/\/naturalpoland.com\/cs\/produkty\/suroviny-pro-krmiva-pro-zvirata\/smesi-pro-hlodavce-a-jedovate-hlodavce\/","url":"https:\/\/naturalpoland.com\/cs\/produkty\/suroviny-pro-krmiva-pro-zvirata\/smesi-pro-hlodavce-a-jedovate-hlodavce\/","name":"Sm\u011bsi pro hlodavce a b\u00fdlo\u017erav\u00e9 plazy - Velkoobchodn\u00ed distributor","isPartOf":{"@id":"https:\/\/naturalpoland.com\/cs\/#website"},"primaryImageOfPage":{"@id":"https:\/\/naturalpoland.com\/cs\/produkty\/suroviny-pro-krmiva-pro-zvirata\/smesi-pro-hlodavce-a-jedovate-hlodavce\/#primaryimage"},"image":{"@id":"https:\/\/naturalpoland.com\/cs\/produkty\/suroviny-pro-krmiva-pro-zvirata\/smesi-pro-hlodavce-a-jedovate-hlodavce\/#primaryimage"},"thumbnailUrl":"https:\/\/naturalpoland.com\/wp-content\/uploads\/mieszanki-dla-gryzoni.jpg","datePublished":"2023-10-03T08:30:04+00:00","description":"Na\u0161e sm\u011bsi pro hlodavce a b\u00fdlo\u017erav\u00e9 plazy byly pe\u010dliv\u011b sestaveny na z\u00e1klad\u011b vysoce kvalitn\u00edch slo\u017eek rostlinn\u00e9ho p\u016fvodu.","breadcrumb":{"@id":"https:\/\/naturalpoland.com\/cs\/produkty\/suroviny-pro-krmiva-pro-zvirata\/smesi-pro-hlodavce-a-jedovate-hlodavce\/#breadcrumb"},"inLanguage":"cs","potentialAction":[{"@type":"ReadAction","target":["https:\/\/naturalpoland.com\/cs\/produkty\/suroviny-pro-krmiva-pro-zvirata\/smesi-pro-hlodavce-a-jedovate-hlodavce\/"]}]},{"@type":"ImageObject","inLanguage":"cs","@id":"https:\/\/naturalpoland.com\/cs\/produkty\/suroviny-pro-krmiva-pro-zvirata\/smesi-pro-hlodavce-a-jedovate-hlodavce\/#primaryimage","url":"https:\/\/naturalpoland.com\/wp-content\/uploads\/mieszanki-dla-gryzoni.jpg","contentUrl":"https:\/\/naturalpoland.com\/wp-content\/uploads\/mieszanki-dla-gryzoni.jpg","width":650,"height":650,"caption":"sm\u011bsi pro hlodavce"},{"@type":"BreadcrumbList","@id":"https:\/\/naturalpoland.com\/cs\/produkty\/suroviny-pro-krmiva-pro-zvirata\/smesi-pro-hlodavce-a-jedovate-hlodavce\/#breadcrumb","itemListElement":[{"@type":"ListItem","position":1,"name":"Dom\u016f","item":"https:\/\/naturalpoland.com\/cs\/"},{"@type":"ListItem","position":2,"name":"Produkty","item":"https:\/\/naturalpoland.com\/cs\/produkty\/"},{"@type":"ListItem","position":3,"name":"Sm\u011bsi pro hlodavce a b\u00fdlo\u017erav\u00e9 plazy"}]},{"@type":"WebSite","@id":"https:\/\/naturalpoland.com\/cs\/#website","url":"https:\/\/naturalpoland.com\/cs\/","name":"NATURAL POLAND - Velkoobchodn\u00ed distributor surovin","description":"Surowce dla przemys\u0142u spo\u017cywczego, kosmetycznego i farmaceutycznego","publisher":{"@id":"https:\/\/naturalpoland.com\/cs\/#organization"},"potentialAction":[{"@type":"SearchAction","target":{"@type":"EntryPoint","urlTemplate":"https:\/\/naturalpoland.com\/cs\/?s={search_term_string}"},"query-input":{"@type":"PropertyValueSpecification","valueRequired":true,"valueName":"search_term_string"}}],"inLanguage":"cs"},{"@type":"Organization","@id":"https:\/\/naturalpoland.com\/cs\/#organization","name":"Natural Poland","url":"https:\/\/naturalpoland.com\/cs\/","logo":{"@type":"ImageObject","inLanguage":"cs","@id":"https:\/\/naturalpoland.com\/cs\/#\/schema\/logo\/image\/","url":"https:\/\/naturalpoland.com\/wp-content\/uploads\/2021\/05\/natural-poland-icon.png","contentUrl":"https:\/\/naturalpoland.com\/wp-content\/uploads\/2021\/05\/natural-poland-icon.png","width":512,"height":512,"caption":"Natural Poland"},"image":{"@id":"https:\/\/naturalpoland.com\/cs\/#\/schema\/logo\/image\/"},"sameAs":["https:\/\/www.facebook.com\/naturalpoland.b2b","https:\/\/pl.linkedin.com\/company\/natural-poland","https:\/\/www.youtube.com\/channel\/UCgeGGkvOMahZo-xu_MSEWxg"]}]}},"_links":{"self":[{"href":"https:\/\/naturalpoland.com\/cs\/wp-json\/wp\/v2\/product\/26190","targetHints":{"allow":["GET"]}}],"collection":[{"href":"https:\/\/naturalpoland.com\/cs\/wp-json\/wp\/v2\/product"}],"about":[{"href":"https:\/\/naturalpoland.com\/cs\/wp-json\/wp\/v2\/types\/product"}],"wp:featuredmedia":[{"embeddable":true,"href":"https:\/\/naturalpoland.com\/cs\/wp-json\/wp\/v2\/media\/25519"}],"wp:attachment":[{"href":"https:\/\/naturalpoland.com\/cs\/wp-json\/wp\/v2\/media?parent=26190"}],"wp:term":[{"taxonomy":"product_brand","embeddable":true,"href":"https:\/\/naturalpoland.com\/cs\/wp-json\/wp\/v2\/product_brand?post=26190"},{"taxonomy":"product_cat","embeddable":true,"href":"https:\/\/naturalpoland.com\/cs\/wp-json\/wp\/v2\/product_cat?post=26190"},{"taxonomy":"product_tag","embeddable":true,"href":"https:\/\/naturalpoland.com\/cs\/wp-json\/wp\/v2\/product_tag?post=26190"}],"curies":[{"name":"wp","href":"https:\/\/api.w.org\/{rel}","templated":true}]}}