{"id":26196,"date":"2023-09-15T15:34:19","date_gmt":"2023-10-03T08:30:06","guid":{"rendered":"https:\/\/naturalpoland.com\/produkty\/nezarazene\/praskove-suroviny-pro-zvirata\/"},"modified":"2023-10-03T10:30:06","modified_gmt":"2023-10-03T08:30:06","slug":"prasek-prasek-pro-zvirata","status":"publish","type":"product","link":"https:\/\/naturalpoland.com\/cs\/produkty\/suroviny-pro-krmiva-pro-zvirata\/prasek-prasek-pro-zvirata\/","title":{"rendered":"Pr\u00e1\u0161kov\u00e9 suroviny pro zv\u00ed\u0159ata"},"content":{"rendered":"<ul>\n<li><strong>Pr\u00e1\u0161ek z vaje\u010dn\u00fdch sko\u0159\u00e1pek<\/strong>: P\u0159\u00edrodn\u00ed zdroj v\u00e1pn\u00edku a fosforu, kter\u00e9 jsou nezbytn\u00e9 pro zdrav\u00e9 kosti a zuby. Podporuje spr\u00e1vn\u00fd v\u00fdvoj kostern\u00edho syst\u00e9mu zv\u00ed\u0159ete.<\/li>\n<li><strong>Miner\u00e1ln\u00ed dopln\u011bk stravy pro psy<\/strong>: tento dopln\u011bk stravy obohacen\u00fd o z\u00e1kladn\u00ed miner\u00e1ly podporuje spr\u00e1vn\u00e9 fungov\u00e1n\u00ed organismu, zlep\u0161uje kondici va\u0161eho psa a pom\u00e1h\u00e1 zajistit plnohodnotnou v\u00fd\u017eivu.<\/li>\n<li><strong>Dopln\u011bk stravy pro psy s citliv\u00fdm<\/strong> za\u017e\u00edv\u00e1n\u00edm: vytvo\u0159en pro psy s citliv\u00fdm za\u017e\u00edv\u00e1n\u00edm. Podporuje tr\u00e1ven\u00ed, pom\u00e1h\u00e1 p\u0159edch\u00e1zet alergi\u00edm a podr\u00e1\u017ed\u011bn\u00ed.<\/li>\n<li><strong>Mou\u010dka z krilu<\/strong>: mou\u010dka z krilu je bohat\u00e1 na b\u00edlkoviny a omega-3 mastn\u00e9 kyseliny, je vynikaj\u00edc\u00edm zdrojem energie a podporuje zdrav\u00ed k\u016f\u017ee, srsti a kardiovaskul\u00e1rn\u00edho syst\u00e9mu.<\/li>\n<li><strong>Pokrm z<\/strong> chobotnic: D\u00edky vysok\u00e9mu obsahu b\u00edlkovin a aminokyselin je cennou slo\u017ekou pro r\u016fst a regeneraci svalov\u00e9 tk\u00e1n\u011b zv\u00ed\u0159at.<\/li>\n<li><strong>MSM v pr\u00e1\u0161ku<\/strong>: organick\u00e1 miner\u00e1ln\u00ed slou\u010denina s\u00edry zn\u00e1m\u00e1 pro sv\u00e9 vlastnosti, kter\u00e9 podporuj\u00ed zdrav\u00e9 klouby, kosti a lep\u0161\u00ed stav k\u016f\u017ee a srsti.<\/li>\n<\/ul>\n","protected":false},"excerpt":{"rendered":"<p>Pr\u00e1\u0161kov\u00e9 \u017eivo\u010di\u0161n\u00e9 suroviny jsou nejkvalitn\u011bj\u0161\u00edmi surovinami pro pou\u017eit\u00ed ve v\u00fd\u017eiv\u011b zv\u00ed\u0159at. Speci\u00e1ln\u00ed metody zpracov\u00e1n\u00ed zaji\u0161\u0165uj\u00ed zachov\u00e1n\u00ed v\u0161ech cenn\u00fdch nutri\u010dn\u00edch vlastnost\u00ed.<\/p>\n","protected":false},"featured_media":25506,"template":"","meta":{"_acf_changed":false},"product_brand":[],"product_cat":[2507],"product_tag":[],"class_list":{"0":"post-26196","1":"product","2":"type-product","3":"status-publish","4":"has-post-thumbnail","6":"product_cat-suroviny-pro-krmiva-pro-zvirata","8":"first","9":"instock","10":"shipping-taxable","11":"product-type-simple"},"acf":[],"yoast_head":"<!-- This site is optimized with the Yoast SEO plugin v27.4 - https:\/\/yoast.com\/product\/yoast-seo-wordpress\/ -->\n<title>Pr\u00e1\u0161kov\u00e9 suroviny pro zv\u00ed\u0159ata - Velkoobchodn\u00ed distributor<\/title>\n<meta name=\"description\" content=\"Pr\u00e1\u0161kov\u00e9 \u017eivo\u010di\u0161n\u00e9 suroviny jsou nejkvalitn\u011bj\u0161\u00edmi surovinami pro pou\u017eit\u00ed ve v\u00fd\u017eiv\u011b zv\u00ed\u0159at.\" \/>\n<meta name=\"robots\" content=\"index, follow, max-snippet:-1, max-image-preview:large, max-video-preview:-1\" \/>\n<link rel=\"canonical\" href=\"https:\/\/naturalpoland.com\/cs\/produkty\/suroviny-pro-krmiva-pro-zvirata\/prasek-prasek-pro-zvirata\/\" \/>\n<meta property=\"og:locale\" content=\"cs_CZ\" \/>\n<meta property=\"og:type\" content=\"article\" \/>\n<meta property=\"og:title\" content=\"Pr\u00e1\u0161kov\u00e9 suroviny pro zv\u00ed\u0159ata - Velkoobchodn\u00ed distributor\" \/>\n<meta property=\"og:description\" content=\"Pr\u00e1\u0161kov\u00e9 \u017eivo\u010di\u0161n\u00e9 suroviny jsou nejkvalitn\u011bj\u0161\u00edmi surovinami pro pou\u017eit\u00ed ve v\u00fd\u017eiv\u011b zv\u00ed\u0159at.\" \/>\n<meta property=\"og:url\" content=\"https:\/\/naturalpoland.com\/cs\/produkty\/suroviny-pro-krmiva-pro-zvirata\/prasek-prasek-pro-zvirata\/\" \/>\n<meta property=\"og:site_name\" content=\"NATURAL POLAND - Velkoobchodn\u00ed distributor surovin\" \/>\n<meta property=\"article:publisher\" content=\"https:\/\/www.facebook.com\/naturalpoland.b2b\" \/>\n<meta property=\"og:image\" content=\"https:\/\/naturalpoland.com\/wp-content\/uploads\/maczka-z-kryla.jpg\" \/>\n\t<meta property=\"og:image:width\" content=\"650\" \/>\n\t<meta property=\"og:image:height\" content=\"650\" \/>\n\t<meta property=\"og:image:type\" content=\"image\/jpeg\" \/>\n<script type=\"application\/ld+json\" class=\"yoast-schema-graph\">{\"@context\":\"https:\\\/\\\/schema.org\",\"@graph\":[{\"@type\":\"WebPage\",\"@id\":\"https:\\\/\\\/naturalpoland.com\\\/cs\\\/produkty\\\/suroviny-pro-krmiva-pro-zvirata\\\/prasek-prasek-pro-zvirata\\\/\",\"url\":\"https:\\\/\\\/naturalpoland.com\\\/cs\\\/produkty\\\/suroviny-pro-krmiva-pro-zvirata\\\/prasek-prasek-pro-zvirata\\\/\",\"name\":\"Pr\u00e1\u0161kov\u00e9 suroviny pro zv\u00ed\u0159ata - Velkoobchodn\u00ed distributor\",\"isPartOf\":{\"@id\":\"https:\\\/\\\/naturalpoland.com\\\/cs\\\/#website\"},\"primaryImageOfPage\":{\"@id\":\"https:\\\/\\\/naturalpoland.com\\\/cs\\\/produkty\\\/suroviny-pro-krmiva-pro-zvirata\\\/prasek-prasek-pro-zvirata\\\/#primaryimage\"},\"image\":{\"@id\":\"https:\\\/\\\/naturalpoland.com\\\/cs\\\/produkty\\\/suroviny-pro-krmiva-pro-zvirata\\\/prasek-prasek-pro-zvirata\\\/#primaryimage\"},\"thumbnailUrl\":\"https:\\\/\\\/naturalpoland.com\\\/wp-content\\\/uploads\\\/maczka-z-kryla.jpg\",\"datePublished\":\"2023-10-03T08:30:06+00:00\",\"description\":\"Pr\u00e1\u0161kov\u00e9 \u017eivo\u010di\u0161n\u00e9 suroviny jsou nejkvalitn\u011bj\u0161\u00edmi surovinami pro pou\u017eit\u00ed ve v\u00fd\u017eiv\u011b zv\u00ed\u0159at.\",\"breadcrumb\":{\"@id\":\"https:\\\/\\\/naturalpoland.com\\\/cs\\\/produkty\\\/suroviny-pro-krmiva-pro-zvirata\\\/prasek-prasek-pro-zvirata\\\/#breadcrumb\"},\"inLanguage\":\"cs\",\"potentialAction\":[{\"@type\":\"ReadAction\",\"target\":[\"https:\\\/\\\/naturalpoland.com\\\/cs\\\/produkty\\\/suroviny-pro-krmiva-pro-zvirata\\\/prasek-prasek-pro-zvirata\\\/\"]}]},{\"@type\":\"ImageObject\",\"inLanguage\":\"cs\",\"@id\":\"https:\\\/\\\/naturalpoland.com\\\/cs\\\/produkty\\\/suroviny-pro-krmiva-pro-zvirata\\\/prasek-prasek-pro-zvirata\\\/#primaryimage\",\"url\":\"https:\\\/\\\/naturalpoland.com\\\/wp-content\\\/uploads\\\/maczka-z-kryla.jpg\",\"contentUrl\":\"https:\\\/\\\/naturalpoland.com\\\/wp-content\\\/uploads\\\/maczka-z-kryla.jpg\",\"width\":650,\"height\":650,\"caption\":\"mou\u010dka z krilu\"},{\"@type\":\"BreadcrumbList\",\"@id\":\"https:\\\/\\\/naturalpoland.com\\\/cs\\\/produkty\\\/suroviny-pro-krmiva-pro-zvirata\\\/prasek-prasek-pro-zvirata\\\/#breadcrumb\",\"itemListElement\":[{\"@type\":\"ListItem\",\"position\":1,\"name\":\"Dom\u016f\",\"item\":\"https:\\\/\\\/naturalpoland.com\\\/cs\\\/\"},{\"@type\":\"ListItem\",\"position\":2,\"name\":\"Produkty\",\"item\":\"https:\\\/\\\/naturalpoland.com\\\/cs\\\/produkty\\\/\"},{\"@type\":\"ListItem\",\"position\":3,\"name\":\"Pr\u00e1\u0161kov\u00e9 suroviny pro zv\u00ed\u0159ata\"}]},{\"@type\":\"WebSite\",\"@id\":\"https:\\\/\\\/naturalpoland.com\\\/cs\\\/#website\",\"url\":\"https:\\\/\\\/naturalpoland.com\\\/cs\\\/\",\"name\":\"NATURAL POLAND - Velkoobchodn\u00ed distributor surovin\",\"description\":\"Surowce dla przemys\u0142u spo\u017cywczego, kosmetycznego i farmaceutycznego\",\"publisher\":{\"@id\":\"https:\\\/\\\/naturalpoland.com\\\/cs\\\/#organization\"},\"potentialAction\":[{\"@type\":\"SearchAction\",\"target\":{\"@type\":\"EntryPoint\",\"urlTemplate\":\"https:\\\/\\\/naturalpoland.com\\\/cs\\\/?s={search_term_string}\"},\"query-input\":{\"@type\":\"PropertyValueSpecification\",\"valueRequired\":true,\"valueName\":\"search_term_string\"}}],\"inLanguage\":\"cs\"},{\"@type\":\"Organization\",\"@id\":\"https:\\\/\\\/naturalpoland.com\\\/cs\\\/#organization\",\"name\":\"Natural Poland\",\"url\":\"https:\\\/\\\/naturalpoland.com\\\/cs\\\/\",\"logo\":{\"@type\":\"ImageObject\",\"inLanguage\":\"cs\",\"@id\":\"https:\\\/\\\/naturalpoland.com\\\/cs\\\/#\\\/schema\\\/logo\\\/image\\\/\",\"url\":\"https:\\\/\\\/naturalpoland.com\\\/wp-content\\\/uploads\\\/2021\\\/05\\\/natural-poland-icon.png\",\"contentUrl\":\"https:\\\/\\\/naturalpoland.com\\\/wp-content\\\/uploads\\\/2021\\\/05\\\/natural-poland-icon.png\",\"width\":512,\"height\":512,\"caption\":\"Natural Poland\"},\"image\":{\"@id\":\"https:\\\/\\\/naturalpoland.com\\\/cs\\\/#\\\/schema\\\/logo\\\/image\\\/\"},\"sameAs\":[\"https:\\\/\\\/www.facebook.com\\\/naturalpoland.b2b\",\"https:\\\/\\\/pl.linkedin.com\\\/company\\\/natural-poland\",\"https:\\\/\\\/www.youtube.com\\\/channel\\\/UCgeGGkvOMahZo-xu_MSEWxg\"]}]}<\/script>\n<!-- \/ Yoast SEO plugin. -->","yoast_head_json":{"title":"Pr\u00e1\u0161kov\u00e9 suroviny pro zv\u00ed\u0159ata - Velkoobchodn\u00ed distributor","description":"Pr\u00e1\u0161kov\u00e9 \u017eivo\u010di\u0161n\u00e9 suroviny jsou nejkvalitn\u011bj\u0161\u00edmi surovinami pro pou\u017eit\u00ed ve v\u00fd\u017eiv\u011b zv\u00ed\u0159at.","robots":{"index":"index","follow":"follow","max-snippet":"max-snippet:-1","max-image-preview":"max-image-preview:large","max-video-preview":"max-video-preview:-1"},"canonical":"https:\/\/naturalpoland.com\/cs\/produkty\/suroviny-pro-krmiva-pro-zvirata\/prasek-prasek-pro-zvirata\/","og_locale":"cs_CZ","og_type":"article","og_title":"Pr\u00e1\u0161kov\u00e9 suroviny pro zv\u00ed\u0159ata - Velkoobchodn\u00ed distributor","og_description":"Pr\u00e1\u0161kov\u00e9 \u017eivo\u010di\u0161n\u00e9 suroviny jsou nejkvalitn\u011bj\u0161\u00edmi surovinami pro pou\u017eit\u00ed ve v\u00fd\u017eiv\u011b zv\u00ed\u0159at.","og_url":"https:\/\/naturalpoland.com\/cs\/produkty\/suroviny-pro-krmiva-pro-zvirata\/prasek-prasek-pro-zvirata\/","og_site_name":"NATURAL POLAND - Velkoobchodn\u00ed distributor surovin","article_publisher":"https:\/\/www.facebook.com\/naturalpoland.b2b","og_image":[{"width":650,"height":650,"url":"https:\/\/naturalpoland.com\/wp-content\/uploads\/maczka-z-kryla.jpg","type":"image\/jpeg"}],"schema":{"@context":"https:\/\/schema.org","@graph":[{"@type":"WebPage","@id":"https:\/\/naturalpoland.com\/cs\/produkty\/suroviny-pro-krmiva-pro-zvirata\/prasek-prasek-pro-zvirata\/","url":"https:\/\/naturalpoland.com\/cs\/produkty\/suroviny-pro-krmiva-pro-zvirata\/prasek-prasek-pro-zvirata\/","name":"Pr\u00e1\u0161kov\u00e9 suroviny pro zv\u00ed\u0159ata - Velkoobchodn\u00ed distributor","isPartOf":{"@id":"https:\/\/naturalpoland.com\/cs\/#website"},"primaryImageOfPage":{"@id":"https:\/\/naturalpoland.com\/cs\/produkty\/suroviny-pro-krmiva-pro-zvirata\/prasek-prasek-pro-zvirata\/#primaryimage"},"image":{"@id":"https:\/\/naturalpoland.com\/cs\/produkty\/suroviny-pro-krmiva-pro-zvirata\/prasek-prasek-pro-zvirata\/#primaryimage"},"thumbnailUrl":"https:\/\/naturalpoland.com\/wp-content\/uploads\/maczka-z-kryla.jpg","datePublished":"2023-10-03T08:30:06+00:00","description":"Pr\u00e1\u0161kov\u00e9 \u017eivo\u010di\u0161n\u00e9 suroviny jsou nejkvalitn\u011bj\u0161\u00edmi surovinami pro pou\u017eit\u00ed ve v\u00fd\u017eiv\u011b zv\u00ed\u0159at.","breadcrumb":{"@id":"https:\/\/naturalpoland.com\/cs\/produkty\/suroviny-pro-krmiva-pro-zvirata\/prasek-prasek-pro-zvirata\/#breadcrumb"},"inLanguage":"cs","potentialAction":[{"@type":"ReadAction","target":["https:\/\/naturalpoland.com\/cs\/produkty\/suroviny-pro-krmiva-pro-zvirata\/prasek-prasek-pro-zvirata\/"]}]},{"@type":"ImageObject","inLanguage":"cs","@id":"https:\/\/naturalpoland.com\/cs\/produkty\/suroviny-pro-krmiva-pro-zvirata\/prasek-prasek-pro-zvirata\/#primaryimage","url":"https:\/\/naturalpoland.com\/wp-content\/uploads\/maczka-z-kryla.jpg","contentUrl":"https:\/\/naturalpoland.com\/wp-content\/uploads\/maczka-z-kryla.jpg","width":650,"height":650,"caption":"mou\u010dka z krilu"},{"@type":"BreadcrumbList","@id":"https:\/\/naturalpoland.com\/cs\/produkty\/suroviny-pro-krmiva-pro-zvirata\/prasek-prasek-pro-zvirata\/#breadcrumb","itemListElement":[{"@type":"ListItem","position":1,"name":"Dom\u016f","item":"https:\/\/naturalpoland.com\/cs\/"},{"@type":"ListItem","position":2,"name":"Produkty","item":"https:\/\/naturalpoland.com\/cs\/produkty\/"},{"@type":"ListItem","position":3,"name":"Pr\u00e1\u0161kov\u00e9 suroviny pro zv\u00ed\u0159ata"}]},{"@type":"WebSite","@id":"https:\/\/naturalpoland.com\/cs\/#website","url":"https:\/\/naturalpoland.com\/cs\/","name":"NATURAL POLAND - Velkoobchodn\u00ed distributor surovin","description":"Surowce dla przemys\u0142u spo\u017cywczego, kosmetycznego i farmaceutycznego","publisher":{"@id":"https:\/\/naturalpoland.com\/cs\/#organization"},"potentialAction":[{"@type":"SearchAction","target":{"@type":"EntryPoint","urlTemplate":"https:\/\/naturalpoland.com\/cs\/?s={search_term_string}"},"query-input":{"@type":"PropertyValueSpecification","valueRequired":true,"valueName":"search_term_string"}}],"inLanguage":"cs"},{"@type":"Organization","@id":"https:\/\/naturalpoland.com\/cs\/#organization","name":"Natural Poland","url":"https:\/\/naturalpoland.com\/cs\/","logo":{"@type":"ImageObject","inLanguage":"cs","@id":"https:\/\/naturalpoland.com\/cs\/#\/schema\/logo\/image\/","url":"https:\/\/naturalpoland.com\/wp-content\/uploads\/2021\/05\/natural-poland-icon.png","contentUrl":"https:\/\/naturalpoland.com\/wp-content\/uploads\/2021\/05\/natural-poland-icon.png","width":512,"height":512,"caption":"Natural Poland"},"image":{"@id":"https:\/\/naturalpoland.com\/cs\/#\/schema\/logo\/image\/"},"sameAs":["https:\/\/www.facebook.com\/naturalpoland.b2b","https:\/\/pl.linkedin.com\/company\/natural-poland","https:\/\/www.youtube.com\/channel\/UCgeGGkvOMahZo-xu_MSEWxg"]}]}},"_links":{"self":[{"href":"https:\/\/naturalpoland.com\/cs\/wp-json\/wp\/v2\/product\/26196","targetHints":{"allow":["GET"]}}],"collection":[{"href":"https:\/\/naturalpoland.com\/cs\/wp-json\/wp\/v2\/product"}],"about":[{"href":"https:\/\/naturalpoland.com\/cs\/wp-json\/wp\/v2\/types\/product"}],"wp:featuredmedia":[{"embeddable":true,"href":"https:\/\/naturalpoland.com\/cs\/wp-json\/wp\/v2\/media\/25506"}],"wp:attachment":[{"href":"https:\/\/naturalpoland.com\/cs\/wp-json\/wp\/v2\/media?parent=26196"}],"wp:term":[{"taxonomy":"product_brand","embeddable":true,"href":"https:\/\/naturalpoland.com\/cs\/wp-json\/wp\/v2\/product_brand?post=26196"},{"taxonomy":"product_cat","embeddable":true,"href":"https:\/\/naturalpoland.com\/cs\/wp-json\/wp\/v2\/product_cat?post=26196"},{"taxonomy":"product_tag","embeddable":true,"href":"https:\/\/naturalpoland.com\/cs\/wp-json\/wp\/v2\/product_tag?post=26196"}],"curies":[{"name":"wp","href":"https:\/\/api.w.org\/{rel}","templated":true}]}}