{"id":26223,"date":"2023-09-15T14:46:33","date_gmt":"2023-10-03T08:30:26","guid":{"rendered":"https:\/\/naturalpoland.com\/produkty\/nezarazene\/kvetiny-pro-zvirata\/"},"modified":"2024-06-13T12:05:32","modified_gmt":"2024-06-13T10:05:32","slug":"kvetiny-pro-zvirata","status":"publish","type":"product","link":"https:\/\/naturalpoland.com\/cs\/produkty\/suroviny-pro-krmiva-pro-zvirata\/kvetiny-pro-zvirata\/","title":{"rendered":"Kv\u011btiny pro zv\u00ed\u0159ata"},"content":{"rendered":"<ul>\n<li><strong>Kv\u011bty arniky<\/strong>: Jsou zn\u00e1m\u00e9 sv\u00fdmi protiz\u00e1n\u011btliv\u00fdmi \u00fa\u010dinky a podporuj\u00ed regeneraci poko\u017eky.<\/li>\n<li><strong>Kv\u011bty ibi\u0161ku<\/strong>: bohat\u00e9 na vitamin C, podporuj\u00ed imunitu.<\/li>\n<li><strong>Kv\u011bty \u010dern\u00e9ho bezu<\/strong>: maj\u00ed zah\u0159\u00edvac\u00ed \u00fa\u010dinky a podporuj\u00ed d\u00fdchac\u00ed syst\u00e9m.<\/li>\n<li><strong>Kv\u011bty he\u0159m\u00e1nku<\/strong>: Kv\u011bty he\u0159m\u00e1nku: uklid\u0148uj\u00ed a zklid\u0148uj\u00ed podr\u00e1\u017ed\u011bn\u00ed tr\u00e1vic\u00edho syst\u00e9mu.<\/li>\n<li><strong>Chrpov\u00e1 mod\u0159 t\u0159\u00eddy 1 a 2<\/strong>: cen\u011bn\u00e1 pro svou intenzivn\u00ed barvu a antioxida\u010dn\u00ed vlastnosti.<\/li>\n<li><strong>Chrpa \u010derven\u00e1 t\u0159\u00edda 1 a 2<\/strong>: Poskytuje zdroj flavonoid\u016f, kter\u00e9 podporuj\u00ed kardiovaskul\u00e1rn\u00ed syst\u00e9m.<\/li>\n<li><strong>Levandule<\/strong>: Uklid\u0148uje a uvol\u0148uje, m\u00e1 zklid\u0148uj\u00edc\u00ed \u00fa\u010dinek na nervov\u00fd syst\u00e9m.<\/li>\n<li><strong>Kv\u011bty sl\u00e9zu lesn\u00edho (Malva sylvestris<\/strong>): Podporuj\u00ed tr\u00e1vic\u00ed syst\u00e9m, p\u016fsob\u00ed protiz\u00e1n\u011btliv\u011b.<\/li>\n<li><strong>Kv\u011bty m\u011bs\u00ed\u010dku l\u00e9ka\u0159sk\u00e9ho<\/strong>: Zn\u00e1m\u00e9 pro sv\u00e9 antibakteri\u00e1ln\u00ed a protiz\u00e1n\u011btliv\u00e9 \u00fa\u010dinky.<\/li>\n<li><strong>Okv\u011btn\u00ed l\u00edstky m\u011bs\u00ed\u010dku l\u00e9ka\u0159sk\u00e9ho<\/strong>: intenzivn\u011b hydratuj\u00ed a zklid\u0148uj\u00ed podr\u00e1\u017ed\u011bn\u00ed.<\/li>\n<li><strong>Kv\u011bty r\u016f\u017ee<\/strong>: Bohat\u00e9 na vitam\u00edny, podporuj\u00edc\u00ed zdrav\u00ed k\u016f\u017ee a srsti.<\/li>\n<li><strong>Okv\u011btn\u00ed l\u00edstky r\u016f\u017e\u00ed<\/strong>: pokud se pou\u017e\u00edvaj\u00ed ve strav\u011b zv\u00ed\u0159at, mohou m\u00edt uklid\u0148uj\u00edc\u00ed \u00fa\u010dinek.<\/li>\n<li><strong>\u010cerven\u00e9 kv\u011bty jetele<\/strong>: jsou bohat\u00fdm zdrojem fytoestrogen\u016f.<\/li>\n<li><strong>Chmel<\/strong>: Zn\u00e1m\u00fd pro sv\u00e9 uklid\u0148uj\u00edc\u00ed a relaxa\u010dn\u00ed vlastnosti.<\/li>\n<li><strong>Slune\u010dnicov\u00e9 vlo\u010dky<\/strong>: Jsou bohat\u00e9 na vitamin E a podporuj\u00ed zdrav\u00ed poko\u017eky.<\/li>\n<\/ul>\n<p>Na\u0161e kv\u011btiny jsou pe\u010dliv\u011b vyb\u00edr\u00e1ny a spl\u0148uj\u00ed nejvy\u0161\u0161\u00ed standardy kvality. Jsou ide\u00e1ln\u00edm dopl\u0148kem ka\u017ed\u00e9 \u017eivo\u010di\u0161n\u00e9 stravy, proto\u017ee poskytuj\u00ed pestrost a v\u00fd\u017eivovou hodnotu.<\/p>\n","protected":false},"excerpt":{"rendered":"<p>N\u00e1\u0161 v\u00fdb\u011br kv\u011btin pro zv\u00ed\u0159ata kombinuje kr\u00e1su p\u0159\u00edrody s blahod\u00e1rn\u00fdmi \u00fa\u010dinky na zdrav\u00ed. Tyto aromatick\u00e9 a cenn\u00e9 slo\u017eky mohou b\u00fdt vynikaj\u00edc\u00edm dopl\u0148kem stravy va\u0161ich dom\u00e1c\u00edch mazl\u00ed\u010dk\u016f, podpo\u0159it jejich zdrav\u00ed a pozitivn\u011b ovlivnit jejich pohodu.<\/p>\n","protected":false},"featured_media":25454,"template":"","meta":{"_acf_changed":false},"product_brand":[],"product_cat":[2507],"product_tag":[],"class_list":{"0":"post-26223","1":"product","2":"type-product","3":"status-publish","4":"has-post-thumbnail","6":"product_cat-suroviny-pro-krmiva-pro-zvirata","8":"first","9":"instock","10":"shipping-taxable","11":"product-type-simple"},"acf":[],"yoast_head":"<!-- This site is optimized with the Yoast SEO plugin v27.4 - https:\/\/yoast.com\/product\/yoast-seo-wordpress\/ -->\n<title>Kv\u011btiny pro zv\u00ed\u0159ata - Velkoobchodn\u00ed distributor<\/title>\n<meta name=\"robots\" content=\"index, follow, max-snippet:-1, max-image-preview:large, max-video-preview:-1\" \/>\n<link rel=\"canonical\" href=\"https:\/\/naturalpoland.com\/cs\/produkty\/suroviny-pro-krmiva-pro-zvirata\/kvetiny-pro-zvirata\/\" \/>\n<meta property=\"og:locale\" content=\"cs_CZ\" \/>\n<meta property=\"og:type\" content=\"article\" \/>\n<meta property=\"og:title\" content=\"Kv\u011btiny pro zv\u00ed\u0159ata - Velkoobchodn\u00ed distributor\" \/>\n<meta property=\"og:description\" content=\"N\u00e1\u0161 v\u00fdb\u011br kv\u011btin pro zv\u00ed\u0159ata kombinuje kr\u00e1su p\u0159\u00edrody s blahod\u00e1rn\u00fdmi \u00fa\u010dinky na zdrav\u00ed. Tyto aromatick\u00e9 a cenn\u00e9 slo\u017eky mohou b\u00fdt vynikaj\u00edc\u00edm dopl\u0148kem stravy va\u0161ich dom\u00e1c\u00edch mazl\u00ed\u010dk\u016f, podpo\u0159it jejich zdrav\u00ed a pozitivn\u011b ovlivnit jejich pohodu.\" \/>\n<meta property=\"og:url\" content=\"https:\/\/naturalpoland.com\/cs\/produkty\/suroviny-pro-krmiva-pro-zvirata\/kvetiny-pro-zvirata\/\" \/>\n<meta property=\"og:site_name\" content=\"NATURAL POLAND - Velkoobchodn\u00ed distributor surovin\" \/>\n<meta property=\"article:publisher\" content=\"https:\/\/www.facebook.com\/naturalpoland.b2b\" \/>\n<meta property=\"article:modified_time\" content=\"2024-06-13T10:05:32+00:00\" \/>\n<meta property=\"og:image\" content=\"https:\/\/naturalpoland.com\/wp-content\/uploads\/kwiaty-dla-zwierzat.jpg\" \/>\n\t<meta property=\"og:image:width\" content=\"650\" \/>\n\t<meta property=\"og:image:height\" content=\"650\" \/>\n\t<meta property=\"og:image:type\" content=\"image\/jpeg\" \/>\n<script type=\"application\/ld+json\" class=\"yoast-schema-graph\">{\"@context\":\"https:\\\/\\\/schema.org\",\"@graph\":[{\"@type\":\"WebPage\",\"@id\":\"https:\\\/\\\/naturalpoland.com\\\/cs\\\/produkty\\\/suroviny-pro-krmiva-pro-zvirata\\\/kvetiny-pro-zvirata\\\/\",\"url\":\"https:\\\/\\\/naturalpoland.com\\\/cs\\\/produkty\\\/suroviny-pro-krmiva-pro-zvirata\\\/kvetiny-pro-zvirata\\\/\",\"name\":\"Kv\u011btiny pro zv\u00ed\u0159ata - Velkoobchodn\u00ed distributor\",\"isPartOf\":{\"@id\":\"https:\\\/\\\/naturalpoland.com\\\/cs\\\/#website\"},\"primaryImageOfPage\":{\"@id\":\"https:\\\/\\\/naturalpoland.com\\\/cs\\\/produkty\\\/suroviny-pro-krmiva-pro-zvirata\\\/kvetiny-pro-zvirata\\\/#primaryimage\"},\"image\":{\"@id\":\"https:\\\/\\\/naturalpoland.com\\\/cs\\\/produkty\\\/suroviny-pro-krmiva-pro-zvirata\\\/kvetiny-pro-zvirata\\\/#primaryimage\"},\"thumbnailUrl\":\"https:\\\/\\\/naturalpoland.com\\\/wp-content\\\/uploads\\\/kwiaty-dla-zwierzat.jpg\",\"datePublished\":\"2023-10-03T08:30:26+00:00\",\"dateModified\":\"2024-06-13T10:05:32+00:00\",\"breadcrumb\":{\"@id\":\"https:\\\/\\\/naturalpoland.com\\\/cs\\\/produkty\\\/suroviny-pro-krmiva-pro-zvirata\\\/kvetiny-pro-zvirata\\\/#breadcrumb\"},\"inLanguage\":\"cs\",\"potentialAction\":[{\"@type\":\"ReadAction\",\"target\":[\"https:\\\/\\\/naturalpoland.com\\\/cs\\\/produkty\\\/suroviny-pro-krmiva-pro-zvirata\\\/kvetiny-pro-zvirata\\\/\"]}]},{\"@type\":\"ImageObject\",\"inLanguage\":\"cs\",\"@id\":\"https:\\\/\\\/naturalpoland.com\\\/cs\\\/produkty\\\/suroviny-pro-krmiva-pro-zvirata\\\/kvetiny-pro-zvirata\\\/#primaryimage\",\"url\":\"https:\\\/\\\/naturalpoland.com\\\/wp-content\\\/uploads\\\/kwiaty-dla-zwierzat.jpg\",\"contentUrl\":\"https:\\\/\\\/naturalpoland.com\\\/wp-content\\\/uploads\\\/kwiaty-dla-zwierzat.jpg\",\"width\":650,\"height\":650,\"caption\":\"kv\u011btiny pro zv\u00ed\u0159ata\"},{\"@type\":\"BreadcrumbList\",\"@id\":\"https:\\\/\\\/naturalpoland.com\\\/cs\\\/produkty\\\/suroviny-pro-krmiva-pro-zvirata\\\/kvetiny-pro-zvirata\\\/#breadcrumb\",\"itemListElement\":[{\"@type\":\"ListItem\",\"position\":1,\"name\":\"Dom\u016f\",\"item\":\"https:\\\/\\\/naturalpoland.com\\\/cs\\\/\"},{\"@type\":\"ListItem\",\"position\":2,\"name\":\"Produkty\",\"item\":\"https:\\\/\\\/naturalpoland.com\\\/cs\\\/produkty\\\/\"},{\"@type\":\"ListItem\",\"position\":3,\"name\":\"Kv\u011btiny pro zv\u00ed\u0159ata\"}]},{\"@type\":\"WebSite\",\"@id\":\"https:\\\/\\\/naturalpoland.com\\\/cs\\\/#website\",\"url\":\"https:\\\/\\\/naturalpoland.com\\\/cs\\\/\",\"name\":\"NATURAL POLAND - Velkoobchodn\u00ed distributor surovin\",\"description\":\"Surowce dla przemys\u0142u spo\u017cywczego, kosmetycznego i farmaceutycznego\",\"publisher\":{\"@id\":\"https:\\\/\\\/naturalpoland.com\\\/cs\\\/#organization\"},\"potentialAction\":[{\"@type\":\"SearchAction\",\"target\":{\"@type\":\"EntryPoint\",\"urlTemplate\":\"https:\\\/\\\/naturalpoland.com\\\/cs\\\/?s={search_term_string}\"},\"query-input\":{\"@type\":\"PropertyValueSpecification\",\"valueRequired\":true,\"valueName\":\"search_term_string\"}}],\"inLanguage\":\"cs\"},{\"@type\":\"Organization\",\"@id\":\"https:\\\/\\\/naturalpoland.com\\\/cs\\\/#organization\",\"name\":\"Natural Poland\",\"url\":\"https:\\\/\\\/naturalpoland.com\\\/cs\\\/\",\"logo\":{\"@type\":\"ImageObject\",\"inLanguage\":\"cs\",\"@id\":\"https:\\\/\\\/naturalpoland.com\\\/cs\\\/#\\\/schema\\\/logo\\\/image\\\/\",\"url\":\"https:\\\/\\\/naturalpoland.com\\\/wp-content\\\/uploads\\\/2021\\\/05\\\/natural-poland-icon.png\",\"contentUrl\":\"https:\\\/\\\/naturalpoland.com\\\/wp-content\\\/uploads\\\/2021\\\/05\\\/natural-poland-icon.png\",\"width\":512,\"height\":512,\"caption\":\"Natural Poland\"},\"image\":{\"@id\":\"https:\\\/\\\/naturalpoland.com\\\/cs\\\/#\\\/schema\\\/logo\\\/image\\\/\"},\"sameAs\":[\"https:\\\/\\\/www.facebook.com\\\/naturalpoland.b2b\",\"https:\\\/\\\/pl.linkedin.com\\\/company\\\/natural-poland\",\"https:\\\/\\\/www.youtube.com\\\/channel\\\/UCgeGGkvOMahZo-xu_MSEWxg\"]}]}<\/script>\n<!-- \/ Yoast SEO plugin. -->","yoast_head_json":{"title":"Kv\u011btiny pro zv\u00ed\u0159ata - Velkoobchodn\u00ed distributor","robots":{"index":"index","follow":"follow","max-snippet":"max-snippet:-1","max-image-preview":"max-image-preview:large","max-video-preview":"max-video-preview:-1"},"canonical":"https:\/\/naturalpoland.com\/cs\/produkty\/suroviny-pro-krmiva-pro-zvirata\/kvetiny-pro-zvirata\/","og_locale":"cs_CZ","og_type":"article","og_title":"Kv\u011btiny pro zv\u00ed\u0159ata - Velkoobchodn\u00ed distributor","og_description":"N\u00e1\u0161 v\u00fdb\u011br kv\u011btin pro zv\u00ed\u0159ata kombinuje kr\u00e1su p\u0159\u00edrody s blahod\u00e1rn\u00fdmi \u00fa\u010dinky na zdrav\u00ed. Tyto aromatick\u00e9 a cenn\u00e9 slo\u017eky mohou b\u00fdt vynikaj\u00edc\u00edm dopl\u0148kem stravy va\u0161ich dom\u00e1c\u00edch mazl\u00ed\u010dk\u016f, podpo\u0159it jejich zdrav\u00ed a pozitivn\u011b ovlivnit jejich pohodu.","og_url":"https:\/\/naturalpoland.com\/cs\/produkty\/suroviny-pro-krmiva-pro-zvirata\/kvetiny-pro-zvirata\/","og_site_name":"NATURAL POLAND - Velkoobchodn\u00ed distributor surovin","article_publisher":"https:\/\/www.facebook.com\/naturalpoland.b2b","article_modified_time":"2024-06-13T10:05:32+00:00","og_image":[{"width":650,"height":650,"url":"https:\/\/naturalpoland.com\/wp-content\/uploads\/kwiaty-dla-zwierzat.jpg","type":"image\/jpeg"}],"schema":{"@context":"https:\/\/schema.org","@graph":[{"@type":"WebPage","@id":"https:\/\/naturalpoland.com\/cs\/produkty\/suroviny-pro-krmiva-pro-zvirata\/kvetiny-pro-zvirata\/","url":"https:\/\/naturalpoland.com\/cs\/produkty\/suroviny-pro-krmiva-pro-zvirata\/kvetiny-pro-zvirata\/","name":"Kv\u011btiny pro zv\u00ed\u0159ata - Velkoobchodn\u00ed distributor","isPartOf":{"@id":"https:\/\/naturalpoland.com\/cs\/#website"},"primaryImageOfPage":{"@id":"https:\/\/naturalpoland.com\/cs\/produkty\/suroviny-pro-krmiva-pro-zvirata\/kvetiny-pro-zvirata\/#primaryimage"},"image":{"@id":"https:\/\/naturalpoland.com\/cs\/produkty\/suroviny-pro-krmiva-pro-zvirata\/kvetiny-pro-zvirata\/#primaryimage"},"thumbnailUrl":"https:\/\/naturalpoland.com\/wp-content\/uploads\/kwiaty-dla-zwierzat.jpg","datePublished":"2023-10-03T08:30:26+00:00","dateModified":"2024-06-13T10:05:32+00:00","breadcrumb":{"@id":"https:\/\/naturalpoland.com\/cs\/produkty\/suroviny-pro-krmiva-pro-zvirata\/kvetiny-pro-zvirata\/#breadcrumb"},"inLanguage":"cs","potentialAction":[{"@type":"ReadAction","target":["https:\/\/naturalpoland.com\/cs\/produkty\/suroviny-pro-krmiva-pro-zvirata\/kvetiny-pro-zvirata\/"]}]},{"@type":"ImageObject","inLanguage":"cs","@id":"https:\/\/naturalpoland.com\/cs\/produkty\/suroviny-pro-krmiva-pro-zvirata\/kvetiny-pro-zvirata\/#primaryimage","url":"https:\/\/naturalpoland.com\/wp-content\/uploads\/kwiaty-dla-zwierzat.jpg","contentUrl":"https:\/\/naturalpoland.com\/wp-content\/uploads\/kwiaty-dla-zwierzat.jpg","width":650,"height":650,"caption":"kv\u011btiny pro zv\u00ed\u0159ata"},{"@type":"BreadcrumbList","@id":"https:\/\/naturalpoland.com\/cs\/produkty\/suroviny-pro-krmiva-pro-zvirata\/kvetiny-pro-zvirata\/#breadcrumb","itemListElement":[{"@type":"ListItem","position":1,"name":"Dom\u016f","item":"https:\/\/naturalpoland.com\/cs\/"},{"@type":"ListItem","position":2,"name":"Produkty","item":"https:\/\/naturalpoland.com\/cs\/produkty\/"},{"@type":"ListItem","position":3,"name":"Kv\u011btiny pro zv\u00ed\u0159ata"}]},{"@type":"WebSite","@id":"https:\/\/naturalpoland.com\/cs\/#website","url":"https:\/\/naturalpoland.com\/cs\/","name":"NATURAL POLAND - Velkoobchodn\u00ed distributor surovin","description":"Surowce dla przemys\u0142u spo\u017cywczego, kosmetycznego i farmaceutycznego","publisher":{"@id":"https:\/\/naturalpoland.com\/cs\/#organization"},"potentialAction":[{"@type":"SearchAction","target":{"@type":"EntryPoint","urlTemplate":"https:\/\/naturalpoland.com\/cs\/?s={search_term_string}"},"query-input":{"@type":"PropertyValueSpecification","valueRequired":true,"valueName":"search_term_string"}}],"inLanguage":"cs"},{"@type":"Organization","@id":"https:\/\/naturalpoland.com\/cs\/#organization","name":"Natural Poland","url":"https:\/\/naturalpoland.com\/cs\/","logo":{"@type":"ImageObject","inLanguage":"cs","@id":"https:\/\/naturalpoland.com\/cs\/#\/schema\/logo\/image\/","url":"https:\/\/naturalpoland.com\/wp-content\/uploads\/2021\/05\/natural-poland-icon.png","contentUrl":"https:\/\/naturalpoland.com\/wp-content\/uploads\/2021\/05\/natural-poland-icon.png","width":512,"height":512,"caption":"Natural Poland"},"image":{"@id":"https:\/\/naturalpoland.com\/cs\/#\/schema\/logo\/image\/"},"sameAs":["https:\/\/www.facebook.com\/naturalpoland.b2b","https:\/\/pl.linkedin.com\/company\/natural-poland","https:\/\/www.youtube.com\/channel\/UCgeGGkvOMahZo-xu_MSEWxg"]}]}},"_links":{"self":[{"href":"https:\/\/naturalpoland.com\/cs\/wp-json\/wp\/v2\/product\/26223","targetHints":{"allow":["GET"]}}],"collection":[{"href":"https:\/\/naturalpoland.com\/cs\/wp-json\/wp\/v2\/product"}],"about":[{"href":"https:\/\/naturalpoland.com\/cs\/wp-json\/wp\/v2\/types\/product"}],"wp:featuredmedia":[{"embeddable":true,"href":"https:\/\/naturalpoland.com\/cs\/wp-json\/wp\/v2\/media\/25454"}],"wp:attachment":[{"href":"https:\/\/naturalpoland.com\/cs\/wp-json\/wp\/v2\/media?parent=26223"}],"wp:term":[{"taxonomy":"product_brand","embeddable":true,"href":"https:\/\/naturalpoland.com\/cs\/wp-json\/wp\/v2\/product_brand?post=26223"},{"taxonomy":"product_cat","embeddable":true,"href":"https:\/\/naturalpoland.com\/cs\/wp-json\/wp\/v2\/product_cat?post=26223"},{"taxonomy":"product_tag","embeddable":true,"href":"https:\/\/naturalpoland.com\/cs\/wp-json\/wp\/v2\/product_tag?post=26223"}],"curies":[{"name":"wp","href":"https:\/\/api.w.org\/{rel}","templated":true}]}}