{"id":26239,"date":"2023-09-14T15:04:18","date_gmt":"2023-10-03T09:12:15","guid":{"rendered":"https:\/\/naturalpoland.com\/produkty\/nezarazene\/obiloviny-pro-zvirata\/"},"modified":"2023-10-03T11:12:15","modified_gmt":"2023-10-03T09:12:15","slug":"obiloviny","status":"publish","type":"product","link":"https:\/\/naturalpoland.com\/cs\/produkty\/suroviny-pro-krmiva-pro-zvirata\/obiloviny\/","title":{"rendered":"Obiloviny pro zv\u00ed\u0159ata"},"content":{"rendered":"<p><strong>Kuku\u0159i\u010dn\u00e9 vlo\u010dky<\/strong> &#8211; bohat\u00e9 na vl\u00e1kninu a sacharidy, vynikaj\u00edc\u00ed jako zdroj energie pro zv\u00ed\u0159ata, podporuj\u00ed tr\u00e1ven\u00ed a reguluj\u00ed tr\u00e1vic\u00ed syst\u00e9m.<\/p>\n<p><strong>R\u00fd\u017eov\u00e9 vlo\u010dky<\/strong> &#8211; lehce straviteln\u00e9, jsou vynikaj\u00edc\u00edm zdrojem energie a jsou vhodn\u00e9 zejm\u00e9na pro zv\u00ed\u0159ata s citliv\u00fdm tr\u00e1vic\u00edm syst\u00e9mem.<\/p>\n<p><strong>Ovesn\u00e9 vlo\u010dky<\/strong> &#8211; jsou zn\u00e1m\u00e9 vysok\u00fdm obsahem b\u00edlkovin a vl\u00e1kniny, podporuj\u00ed r\u016fst sval\u016f a zlep\u0161uj\u00ed stav k\u016f\u017ee a srsti.<\/p>\n<p><strong>\u0160paldov\u00e9 vlo\u010dky<\/strong> &#8211; jsou bohat\u00e9 na vitam\u00edny a miner\u00e1ly, pom\u00e1haj\u00ed posilovat imunitu a dod\u00e1vaj\u00ed d\u016fle\u017eit\u00e9 miner\u00e1ly.<\/p>\n<p><strong>Je\u010dn\u00e9 vlo\u010dky<\/strong> &#8211; zdroj d\u016fle\u017eit\u00fdch vitamin\u016f skupiny B, kter\u00e9 podporuj\u00ed funkci nervov\u00e9ho syst\u00e9mu a pom\u00e1haj\u00ed udr\u017eovat zdravou k\u016f\u017ei a srst.<\/p>\n<p><strong>P\u0161eni\u010dn\u00e9 vlo\u010dky<\/strong> &#8211; obsahuj\u00ed velk\u00e9 mno\u017estv\u00ed b\u00edlkovin, kter\u00e9 jsou nezbytn\u00e9 pro budov\u00e1n\u00ed sval\u016f zv\u00ed\u0159at.<\/p>\n<p><strong>Pufovan\u00e1 kuku\u0159ice<\/strong> &#8211; lehce straviteln\u00e1 a energeticky bohat\u00e1, ide\u00e1ln\u00ed pro zv\u00ed\u0159ata, kter\u00e1 pot\u0159ebuj\u00ed rychl\u00fd zdroj energie.<\/p>\n<p><strong>Pufovan\u00e1 r\u00fd\u017ee<\/strong> &#8211; je \u0161etrn\u00e1 k tr\u00e1vic\u00edmu syst\u00e9mu a poskytuje nezbytn\u00e9 sacharidy.<\/p>\n<p><strong>Pufovan\u00e1 \u0161palda<\/strong> &#8211; zdroj b\u00edlkovin a vl\u00e1kniny, podporuje tr\u00e1ven\u00ed a dod\u00e1v\u00e1 energii na del\u0161\u00ed dobu.<\/p>\n<p><strong>Pufovan\u00fd je\u010dmen<\/strong> &#8211; podporuje tr\u00e1ven\u00ed, poskytuje b\u00edlkoviny a d\u016fle\u017eit\u00e9 vitam\u00edny pro pos\u00edlen\u00ed kondice zv\u00ed\u0159at.<\/p>\n<p><strong>P\u0161enice pufovan\u00e1<\/strong> &#8211; bohat\u00e9 na b\u00edlkoviny a vl\u00e1kninu, podporuje rozvoj sval\u016f a zlep\u0161uje tr\u00e1ven\u00ed.<\/p>\n","protected":false},"excerpt":{"rendered":"<p>R\u00e1di bychom v\u00e1m p\u0159edstavili n\u00e1\u0161 vybran\u00fd sortiment obilovin pro zv\u00ed\u0159ata. Ka\u017ed\u00fd z nab\u00edzen\u00fdch produkt\u016f byl sestaven tak, aby vyhovoval pot\u0159eb\u00e1m r\u016fzn\u00fdch druh\u016f zv\u00ed\u0159at, a bohat\u00e9 \u017eiviny obsa\u017een\u00e9 v obilovin\u00e1ch zaji\u0161\u0165uj\u00ed zdrav\u00ed a energii na ka\u017ed\u00fd den.<\/p>\n","protected":false},"featured_media":25377,"template":"","meta":{"_acf_changed":false},"product_brand":[],"product_cat":[2507],"product_tag":[],"class_list":{"0":"post-26239","1":"product","2":"type-product","3":"status-publish","4":"has-post-thumbnail","6":"product_cat-suroviny-pro-krmiva-pro-zvirata","8":"first","9":"instock","10":"shipping-taxable","11":"product-type-simple"},"acf":[],"yoast_head":"<!-- This site is optimized with the Yoast SEO plugin v27.4 - https:\/\/yoast.com\/product\/yoast-seo-wordpress\/ -->\n<title>Obiloviny pro zv\u00ed\u0159ata - Velkoobchodn\u00ed distributor<\/title>\n<meta name=\"description\" content=\"Bohat\u00e9 \u017eiviny obsa\u017een\u00e9 v \u017eivo\u010di\u0161n\u00fdch obilovin\u00e1ch poskytuj\u00ed zdrav\u00ed a energii na ka\u017ed\u00fd den. T\u011b\u0161\u00edme se na spolupr\u00e1ci s v\u00e1mi.\" \/>\n<meta name=\"robots\" content=\"index, follow, max-snippet:-1, max-image-preview:large, max-video-preview:-1\" \/>\n<link rel=\"canonical\" href=\"https:\/\/naturalpoland.com\/cs\/produkty\/suroviny-pro-krmiva-pro-zvirata\/obiloviny\/\" \/>\n<meta property=\"og:locale\" content=\"cs_CZ\" \/>\n<meta property=\"og:type\" content=\"article\" \/>\n<meta property=\"og:title\" content=\"Obiloviny pro zv\u00ed\u0159ata - Velkoobchodn\u00ed distributor\" \/>\n<meta property=\"og:description\" content=\"Bohat\u00e9 \u017eiviny obsa\u017een\u00e9 v \u017eivo\u010di\u0161n\u00fdch obilovin\u00e1ch poskytuj\u00ed zdrav\u00ed a energii na ka\u017ed\u00fd den. T\u011b\u0161\u00edme se na spolupr\u00e1ci s v\u00e1mi.\" \/>\n<meta property=\"og:url\" content=\"https:\/\/naturalpoland.com\/cs\/produkty\/suroviny-pro-krmiva-pro-zvirata\/obiloviny\/\" \/>\n<meta property=\"og:site_name\" content=\"NATURAL POLAND - Velkoobchodn\u00ed distributor surovin\" \/>\n<meta property=\"article:publisher\" content=\"https:\/\/www.facebook.com\/naturalpoland.b2b\" \/>\n<meta property=\"og:image\" content=\"https:\/\/naturalpoland.com\/wp-content\/uploads\/zboza-dla-zwierzat.jpg\" \/>\n\t<meta property=\"og:image:width\" content=\"650\" \/>\n\t<meta property=\"og:image:height\" content=\"650\" \/>\n\t<meta property=\"og:image:type\" content=\"image\/jpeg\" \/>\n<script type=\"application\/ld+json\" class=\"yoast-schema-graph\">{\"@context\":\"https:\\\/\\\/schema.org\",\"@graph\":[{\"@type\":\"WebPage\",\"@id\":\"https:\\\/\\\/naturalpoland.com\\\/cs\\\/produkty\\\/suroviny-pro-krmiva-pro-zvirata\\\/obiloviny\\\/\",\"url\":\"https:\\\/\\\/naturalpoland.com\\\/cs\\\/produkty\\\/suroviny-pro-krmiva-pro-zvirata\\\/obiloviny\\\/\",\"name\":\"Obiloviny pro zv\u00ed\u0159ata - Velkoobchodn\u00ed distributor\",\"isPartOf\":{\"@id\":\"https:\\\/\\\/naturalpoland.com\\\/cs\\\/#website\"},\"primaryImageOfPage\":{\"@id\":\"https:\\\/\\\/naturalpoland.com\\\/cs\\\/produkty\\\/suroviny-pro-krmiva-pro-zvirata\\\/obiloviny\\\/#primaryimage\"},\"image\":{\"@id\":\"https:\\\/\\\/naturalpoland.com\\\/cs\\\/produkty\\\/suroviny-pro-krmiva-pro-zvirata\\\/obiloviny\\\/#primaryimage\"},\"thumbnailUrl\":\"https:\\\/\\\/naturalpoland.com\\\/wp-content\\\/uploads\\\/zboza-dla-zwierzat.jpg\",\"datePublished\":\"2023-10-03T09:12:15+00:00\",\"description\":\"Bohat\u00e9 \u017eiviny obsa\u017een\u00e9 v \u017eivo\u010di\u0161n\u00fdch obilovin\u00e1ch poskytuj\u00ed zdrav\u00ed a energii na ka\u017ed\u00fd den. T\u011b\u0161\u00edme se na spolupr\u00e1ci s v\u00e1mi.\",\"breadcrumb\":{\"@id\":\"https:\\\/\\\/naturalpoland.com\\\/cs\\\/produkty\\\/suroviny-pro-krmiva-pro-zvirata\\\/obiloviny\\\/#breadcrumb\"},\"inLanguage\":\"cs\",\"potentialAction\":[{\"@type\":\"ReadAction\",\"target\":[\"https:\\\/\\\/naturalpoland.com\\\/cs\\\/produkty\\\/suroviny-pro-krmiva-pro-zvirata\\\/obiloviny\\\/\"]}]},{\"@type\":\"ImageObject\",\"inLanguage\":\"cs\",\"@id\":\"https:\\\/\\\/naturalpoland.com\\\/cs\\\/produkty\\\/suroviny-pro-krmiva-pro-zvirata\\\/obiloviny\\\/#primaryimage\",\"url\":\"https:\\\/\\\/naturalpoland.com\\\/wp-content\\\/uploads\\\/zboza-dla-zwierzat.jpg\",\"contentUrl\":\"https:\\\/\\\/naturalpoland.com\\\/wp-content\\\/uploads\\\/zboza-dla-zwierzat.jpg\",\"width\":650,\"height\":650,\"caption\":\"obiloviny pro zv\u00ed\u0159ata\"},{\"@type\":\"BreadcrumbList\",\"@id\":\"https:\\\/\\\/naturalpoland.com\\\/cs\\\/produkty\\\/suroviny-pro-krmiva-pro-zvirata\\\/obiloviny\\\/#breadcrumb\",\"itemListElement\":[{\"@type\":\"ListItem\",\"position\":1,\"name\":\"Dom\u016f\",\"item\":\"https:\\\/\\\/naturalpoland.com\\\/cs\\\/\"},{\"@type\":\"ListItem\",\"position\":2,\"name\":\"Produkty\",\"item\":\"https:\\\/\\\/naturalpoland.com\\\/cs\\\/produkty\\\/\"},{\"@type\":\"ListItem\",\"position\":3,\"name\":\"Obiloviny pro zv\u00ed\u0159ata\"}]},{\"@type\":\"WebSite\",\"@id\":\"https:\\\/\\\/naturalpoland.com\\\/cs\\\/#website\",\"url\":\"https:\\\/\\\/naturalpoland.com\\\/cs\\\/\",\"name\":\"NATURAL POLAND - Velkoobchodn\u00ed distributor surovin\",\"description\":\"Surowce dla przemys\u0142u spo\u017cywczego, kosmetycznego i farmaceutycznego\",\"publisher\":{\"@id\":\"https:\\\/\\\/naturalpoland.com\\\/cs\\\/#organization\"},\"potentialAction\":[{\"@type\":\"SearchAction\",\"target\":{\"@type\":\"EntryPoint\",\"urlTemplate\":\"https:\\\/\\\/naturalpoland.com\\\/cs\\\/?s={search_term_string}\"},\"query-input\":{\"@type\":\"PropertyValueSpecification\",\"valueRequired\":true,\"valueName\":\"search_term_string\"}}],\"inLanguage\":\"cs\"},{\"@type\":\"Organization\",\"@id\":\"https:\\\/\\\/naturalpoland.com\\\/cs\\\/#organization\",\"name\":\"Natural Poland\",\"url\":\"https:\\\/\\\/naturalpoland.com\\\/cs\\\/\",\"logo\":{\"@type\":\"ImageObject\",\"inLanguage\":\"cs\",\"@id\":\"https:\\\/\\\/naturalpoland.com\\\/cs\\\/#\\\/schema\\\/logo\\\/image\\\/\",\"url\":\"https:\\\/\\\/naturalpoland.com\\\/wp-content\\\/uploads\\\/2021\\\/05\\\/natural-poland-icon.png\",\"contentUrl\":\"https:\\\/\\\/naturalpoland.com\\\/wp-content\\\/uploads\\\/2021\\\/05\\\/natural-poland-icon.png\",\"width\":512,\"height\":512,\"caption\":\"Natural Poland\"},\"image\":{\"@id\":\"https:\\\/\\\/naturalpoland.com\\\/cs\\\/#\\\/schema\\\/logo\\\/image\\\/\"},\"sameAs\":[\"https:\\\/\\\/www.facebook.com\\\/naturalpoland.b2b\",\"https:\\\/\\\/pl.linkedin.com\\\/company\\\/natural-poland\",\"https:\\\/\\\/www.youtube.com\\\/channel\\\/UCgeGGkvOMahZo-xu_MSEWxg\"]}]}<\/script>\n<!-- \/ Yoast SEO plugin. -->","yoast_head_json":{"title":"Obiloviny pro zv\u00ed\u0159ata - Velkoobchodn\u00ed distributor","description":"Bohat\u00e9 \u017eiviny obsa\u017een\u00e9 v \u017eivo\u010di\u0161n\u00fdch obilovin\u00e1ch poskytuj\u00ed zdrav\u00ed a energii na ka\u017ed\u00fd den. T\u011b\u0161\u00edme se na spolupr\u00e1ci s v\u00e1mi.","robots":{"index":"index","follow":"follow","max-snippet":"max-snippet:-1","max-image-preview":"max-image-preview:large","max-video-preview":"max-video-preview:-1"},"canonical":"https:\/\/naturalpoland.com\/cs\/produkty\/suroviny-pro-krmiva-pro-zvirata\/obiloviny\/","og_locale":"cs_CZ","og_type":"article","og_title":"Obiloviny pro zv\u00ed\u0159ata - Velkoobchodn\u00ed distributor","og_description":"Bohat\u00e9 \u017eiviny obsa\u017een\u00e9 v \u017eivo\u010di\u0161n\u00fdch obilovin\u00e1ch poskytuj\u00ed zdrav\u00ed a energii na ka\u017ed\u00fd den. T\u011b\u0161\u00edme se na spolupr\u00e1ci s v\u00e1mi.","og_url":"https:\/\/naturalpoland.com\/cs\/produkty\/suroviny-pro-krmiva-pro-zvirata\/obiloviny\/","og_site_name":"NATURAL POLAND - Velkoobchodn\u00ed distributor surovin","article_publisher":"https:\/\/www.facebook.com\/naturalpoland.b2b","og_image":[{"width":650,"height":650,"url":"https:\/\/naturalpoland.com\/wp-content\/uploads\/zboza-dla-zwierzat.jpg","type":"image\/jpeg"}],"schema":{"@context":"https:\/\/schema.org","@graph":[{"@type":"WebPage","@id":"https:\/\/naturalpoland.com\/cs\/produkty\/suroviny-pro-krmiva-pro-zvirata\/obiloviny\/","url":"https:\/\/naturalpoland.com\/cs\/produkty\/suroviny-pro-krmiva-pro-zvirata\/obiloviny\/","name":"Obiloviny pro zv\u00ed\u0159ata - Velkoobchodn\u00ed distributor","isPartOf":{"@id":"https:\/\/naturalpoland.com\/cs\/#website"},"primaryImageOfPage":{"@id":"https:\/\/naturalpoland.com\/cs\/produkty\/suroviny-pro-krmiva-pro-zvirata\/obiloviny\/#primaryimage"},"image":{"@id":"https:\/\/naturalpoland.com\/cs\/produkty\/suroviny-pro-krmiva-pro-zvirata\/obiloviny\/#primaryimage"},"thumbnailUrl":"https:\/\/naturalpoland.com\/wp-content\/uploads\/zboza-dla-zwierzat.jpg","datePublished":"2023-10-03T09:12:15+00:00","description":"Bohat\u00e9 \u017eiviny obsa\u017een\u00e9 v \u017eivo\u010di\u0161n\u00fdch obilovin\u00e1ch poskytuj\u00ed zdrav\u00ed a energii na ka\u017ed\u00fd den. T\u011b\u0161\u00edme se na spolupr\u00e1ci s v\u00e1mi.","breadcrumb":{"@id":"https:\/\/naturalpoland.com\/cs\/produkty\/suroviny-pro-krmiva-pro-zvirata\/obiloviny\/#breadcrumb"},"inLanguage":"cs","potentialAction":[{"@type":"ReadAction","target":["https:\/\/naturalpoland.com\/cs\/produkty\/suroviny-pro-krmiva-pro-zvirata\/obiloviny\/"]}]},{"@type":"ImageObject","inLanguage":"cs","@id":"https:\/\/naturalpoland.com\/cs\/produkty\/suroviny-pro-krmiva-pro-zvirata\/obiloviny\/#primaryimage","url":"https:\/\/naturalpoland.com\/wp-content\/uploads\/zboza-dla-zwierzat.jpg","contentUrl":"https:\/\/naturalpoland.com\/wp-content\/uploads\/zboza-dla-zwierzat.jpg","width":650,"height":650,"caption":"obiloviny pro zv\u00ed\u0159ata"},{"@type":"BreadcrumbList","@id":"https:\/\/naturalpoland.com\/cs\/produkty\/suroviny-pro-krmiva-pro-zvirata\/obiloviny\/#breadcrumb","itemListElement":[{"@type":"ListItem","position":1,"name":"Dom\u016f","item":"https:\/\/naturalpoland.com\/cs\/"},{"@type":"ListItem","position":2,"name":"Produkty","item":"https:\/\/naturalpoland.com\/cs\/produkty\/"},{"@type":"ListItem","position":3,"name":"Obiloviny pro zv\u00ed\u0159ata"}]},{"@type":"WebSite","@id":"https:\/\/naturalpoland.com\/cs\/#website","url":"https:\/\/naturalpoland.com\/cs\/","name":"NATURAL POLAND - Velkoobchodn\u00ed distributor surovin","description":"Surowce dla przemys\u0142u spo\u017cywczego, kosmetycznego i farmaceutycznego","publisher":{"@id":"https:\/\/naturalpoland.com\/cs\/#organization"},"potentialAction":[{"@type":"SearchAction","target":{"@type":"EntryPoint","urlTemplate":"https:\/\/naturalpoland.com\/cs\/?s={search_term_string}"},"query-input":{"@type":"PropertyValueSpecification","valueRequired":true,"valueName":"search_term_string"}}],"inLanguage":"cs"},{"@type":"Organization","@id":"https:\/\/naturalpoland.com\/cs\/#organization","name":"Natural Poland","url":"https:\/\/naturalpoland.com\/cs\/","logo":{"@type":"ImageObject","inLanguage":"cs","@id":"https:\/\/naturalpoland.com\/cs\/#\/schema\/logo\/image\/","url":"https:\/\/naturalpoland.com\/wp-content\/uploads\/2021\/05\/natural-poland-icon.png","contentUrl":"https:\/\/naturalpoland.com\/wp-content\/uploads\/2021\/05\/natural-poland-icon.png","width":512,"height":512,"caption":"Natural Poland"},"image":{"@id":"https:\/\/naturalpoland.com\/cs\/#\/schema\/logo\/image\/"},"sameAs":["https:\/\/www.facebook.com\/naturalpoland.b2b","https:\/\/pl.linkedin.com\/company\/natural-poland","https:\/\/www.youtube.com\/channel\/UCgeGGkvOMahZo-xu_MSEWxg"]}]}},"_links":{"self":[{"href":"https:\/\/naturalpoland.com\/cs\/wp-json\/wp\/v2\/product\/26239","targetHints":{"allow":["GET"]}}],"collection":[{"href":"https:\/\/naturalpoland.com\/cs\/wp-json\/wp\/v2\/product"}],"about":[{"href":"https:\/\/naturalpoland.com\/cs\/wp-json\/wp\/v2\/types\/product"}],"wp:featuredmedia":[{"embeddable":true,"href":"https:\/\/naturalpoland.com\/cs\/wp-json\/wp\/v2\/media\/25377"}],"wp:attachment":[{"href":"https:\/\/naturalpoland.com\/cs\/wp-json\/wp\/v2\/media?parent=26239"}],"wp:term":[{"taxonomy":"product_brand","embeddable":true,"href":"https:\/\/naturalpoland.com\/cs\/wp-json\/wp\/v2\/product_brand?post=26239"},{"taxonomy":"product_cat","embeddable":true,"href":"https:\/\/naturalpoland.com\/cs\/wp-json\/wp\/v2\/product_cat?post=26239"},{"taxonomy":"product_tag","embeddable":true,"href":"https:\/\/naturalpoland.com\/cs\/wp-json\/wp\/v2\/product_tag?post=26239"}],"curies":[{"name":"wp","href":"https:\/\/api.w.org\/{rel}","templated":true}]}}