{"id":26255,"date":"2023-09-15T14:37:21","date_gmt":"2023-10-03T09:12:23","guid":{"rendered":"https:\/\/naturalpoland.com\/produkty\/nezarazene\/koreny-kura-a-vetvicky-pro-zvirata\/"},"modified":"2023-10-03T11:12:23","modified_gmt":"2023-10-03T09:12:23","slug":"koreny-korenova-kura-halky","status":"publish","type":"product","link":"https:\/\/naturalpoland.com\/cs\/produkty\/suroviny-pro-krmiva-pro-zvirata\/koreny-korenova-kura-halky\/","title":{"rendered":"Ko\u0159eny, k\u016fra a v\u011btvi\u010dky pro zv\u00ed\u0159ata"},"content":{"rendered":"<ul>\n<li><strong>Jable\u010dn\u00e9 v\u011btvi\u010dky<\/strong>: Obsahuj\u00ed p\u0159\u00edrodn\u00ed antioxidanty a podporuj\u00ed tr\u00e1ven\u00ed.<\/li>\n<li><strong>\u0158ezan\u00e9 ko\u0159eny kozl\u00edku l\u00e9ka\u0159sk\u00e9ho<\/strong>: Zn\u00e1m\u00e9 pro sv\u00e9 uklid\u0148uj\u00edc\u00ed vlastnosti, ide\u00e1ln\u00ed pro zv\u00ed\u0159ata ve stresu.<\/li>\n<li><strong>V\u011btvi\u010dky hru\u0161ky 5-7 mm<\/strong>: Hru\u0161ky jsou bohat\u00e9 na vl\u00e1kninu, kter\u00e1 podporuje spr\u00e1vnou funkci tr\u00e1vic\u00edho syst\u00e9mu.<\/li>\n<li><strong>\u0158ezan\u00fd ko\u0159en legalisu<\/strong>: Pom\u00e1h\u00e1 zm\u00edrnit podr\u00e1\u017ed\u011bn\u00ed d\u00fdchac\u00edho a tr\u00e1vic\u00edho syst\u00e9mu.<\/li>\n<li><strong>Ko\u0159eny<\/strong> Calamus: Prosp\u011b\u0161n\u00e9 pro tr\u00e1vic\u00ed a d\u00fdchac\u00ed soustavu.<\/li>\n<li><strong>\u0158ez ko\u0159en\u016f lopuchu<\/strong>: Podporuje zdrav\u00ed k\u016f\u017ee a srsti.<\/li>\n<li><strong>Ko\u0159eny pampeli\u0161ky<\/strong>: Zn\u00e1m\u00e9 pro sv\u00e9 mo\u010dopudn\u00e9 \u00fa\u010dinky.<\/li>\n<li><strong>Pr\u00e1\u0161ek z ko\u0159ene l\u00e9ko\u0159ice<\/strong>: Pou\u017e\u00edv\u00e1 se jako p\u0159\u00edrodn\u00ed prost\u0159edek ke zklidn\u011bn\u00ed podr\u00e1\u017ed\u011bn\u00ed tr\u00e1vic\u00edho syst\u00e9mu.<\/li>\n<li><strong>Ko\u0159eny l\u00e9ko\u0159ice se roz\u0159\u00edznou<\/strong>: Pom\u00e1h\u00e1 chr\u00e1nit j\u00e1tra a podporuje tr\u00e1ven\u00ed.<\/li>\n<li><strong>\u0158ezan\u00fd \u010dern\u00fd dr\u00e1p<\/strong>: Zn\u00e1m\u00fd sv\u00fdmi protiz\u00e1n\u011btliv\u00fdmi \u00fa\u010dinky.<\/li>\n<li><strong>\u010cekanka \u0159ezan\u00e1<\/strong>: Podporuje \u010dinnost tr\u00e1vic\u00edho syst\u00e9mu a obsahuje prebiotika.<\/li>\n<li><strong>\u0158ezan\u00e1 vrbov\u00e1 k\u016fra<\/strong>: Zdroj p\u0159\u00edrodn\u00edch salicyl\u00e1t\u016f, kter\u00e9 maj\u00ed analgetick\u00e9 a protiz\u00e1n\u011btliv\u00e9 \u00fa\u010dinky.<\/li>\n<\/ul>\n","protected":false},"excerpt":{"rendered":"<p>Pou\u017e\u00edv\u00e1n\u00ed ko\u0159en\u016f, k\u016fry a v\u011btvi\u010dek v potrav\u011b zv\u00ed\u0159at umo\u017e\u0148uje uspokojit jejich instinkty a v\u00fd\u017eivov\u00e9 pot\u0159eby.<\/p>\n","protected":false},"featured_media":25441,"template":"","meta":{"_acf_changed":false},"product_brand":[],"product_cat":[2507],"product_tag":[],"class_list":{"0":"post-26255","1":"product","2":"type-product","3":"status-publish","4":"has-post-thumbnail","6":"product_cat-suroviny-pro-krmiva-pro-zvirata","8":"first","9":"instock","10":"shipping-taxable","11":"product-type-simple"},"acf":[],"yoast_head":"<!-- This site is optimized with the Yoast SEO plugin v27.4 - https:\/\/yoast.com\/product\/yoast-seo-wordpress\/ -->\n<title>Ko\u0159eny, k\u016fra a v\u011btvi\u010dky pro zv\u00ed\u0159ata - Velkoobchodn\u00ed distributor<\/title>\n<meta name=\"description\" content=\"Pou\u017e\u00edv\u00e1n\u00ed ko\u0159en\u016f, k\u016fry a v\u011btvi\u010dek v potrav\u011b zv\u00ed\u0159at umo\u017e\u0148uje uspokojit jejich instinkty a v\u00fd\u017eivov\u00e9 pot\u0159eby.\" \/>\n<meta name=\"robots\" content=\"index, follow, max-snippet:-1, max-image-preview:large, max-video-preview:-1\" \/>\n<link rel=\"canonical\" href=\"https:\/\/naturalpoland.com\/cs\/produkty\/suroviny-pro-krmiva-pro-zvirata\/koreny-korenova-kura-halky\/\" \/>\n<meta property=\"og:locale\" content=\"cs_CZ\" \/>\n<meta property=\"og:type\" content=\"article\" \/>\n<meta property=\"og:title\" content=\"Ko\u0159eny, k\u016fra a v\u011btvi\u010dky pro zv\u00ed\u0159ata - Velkoobchodn\u00ed distributor\" \/>\n<meta property=\"og:description\" content=\"Pou\u017e\u00edv\u00e1n\u00ed ko\u0159en\u016f, k\u016fry a v\u011btvi\u010dek v potrav\u011b zv\u00ed\u0159at umo\u017e\u0148uje uspokojit jejich instinkty a v\u00fd\u017eivov\u00e9 pot\u0159eby.\" \/>\n<meta property=\"og:url\" content=\"https:\/\/naturalpoland.com\/cs\/produkty\/suroviny-pro-krmiva-pro-zvirata\/koreny-korenova-kura-halky\/\" \/>\n<meta property=\"og:site_name\" content=\"NATURAL POLAND - Velkoobchodn\u00ed distributor surovin\" \/>\n<meta property=\"article:publisher\" content=\"https:\/\/www.facebook.com\/naturalpoland.b2b\" \/>\n<meta property=\"og:image\" content=\"https:\/\/naturalpoland.com\/wp-content\/uploads\/korzenie-galazki-dla-zwierzat.jpg\" \/>\n\t<meta property=\"og:image:width\" content=\"650\" \/>\n\t<meta property=\"og:image:height\" content=\"650\" \/>\n\t<meta property=\"og:image:type\" content=\"image\/jpeg\" \/>\n<script type=\"application\/ld+json\" class=\"yoast-schema-graph\">{\"@context\":\"https:\\\/\\\/schema.org\",\"@graph\":[{\"@type\":\"WebPage\",\"@id\":\"https:\\\/\\\/naturalpoland.com\\\/cs\\\/produkty\\\/suroviny-pro-krmiva-pro-zvirata\\\/koreny-korenova-kura-halky\\\/\",\"url\":\"https:\\\/\\\/naturalpoland.com\\\/cs\\\/produkty\\\/suroviny-pro-krmiva-pro-zvirata\\\/koreny-korenova-kura-halky\\\/\",\"name\":\"Ko\u0159eny, k\u016fra a v\u011btvi\u010dky pro zv\u00ed\u0159ata - Velkoobchodn\u00ed distributor\",\"isPartOf\":{\"@id\":\"https:\\\/\\\/naturalpoland.com\\\/cs\\\/#website\"},\"primaryImageOfPage\":{\"@id\":\"https:\\\/\\\/naturalpoland.com\\\/cs\\\/produkty\\\/suroviny-pro-krmiva-pro-zvirata\\\/koreny-korenova-kura-halky\\\/#primaryimage\"},\"image\":{\"@id\":\"https:\\\/\\\/naturalpoland.com\\\/cs\\\/produkty\\\/suroviny-pro-krmiva-pro-zvirata\\\/koreny-korenova-kura-halky\\\/#primaryimage\"},\"thumbnailUrl\":\"https:\\\/\\\/naturalpoland.com\\\/wp-content\\\/uploads\\\/korzenie-galazki-dla-zwierzat.jpg\",\"datePublished\":\"2023-10-03T09:12:23+00:00\",\"description\":\"Pou\u017e\u00edv\u00e1n\u00ed ko\u0159en\u016f, k\u016fry a v\u011btvi\u010dek v potrav\u011b zv\u00ed\u0159at umo\u017e\u0148uje uspokojit jejich instinkty a v\u00fd\u017eivov\u00e9 pot\u0159eby.\",\"breadcrumb\":{\"@id\":\"https:\\\/\\\/naturalpoland.com\\\/cs\\\/produkty\\\/suroviny-pro-krmiva-pro-zvirata\\\/koreny-korenova-kura-halky\\\/#breadcrumb\"},\"inLanguage\":\"cs\",\"potentialAction\":[{\"@type\":\"ReadAction\",\"target\":[\"https:\\\/\\\/naturalpoland.com\\\/cs\\\/produkty\\\/suroviny-pro-krmiva-pro-zvirata\\\/koreny-korenova-kura-halky\\\/\"]}]},{\"@type\":\"ImageObject\",\"inLanguage\":\"cs\",\"@id\":\"https:\\\/\\\/naturalpoland.com\\\/cs\\\/produkty\\\/suroviny-pro-krmiva-pro-zvirata\\\/koreny-korenova-kura-halky\\\/#primaryimage\",\"url\":\"https:\\\/\\\/naturalpoland.com\\\/wp-content\\\/uploads\\\/korzenie-galazki-dla-zwierzat.jpg\",\"contentUrl\":\"https:\\\/\\\/naturalpoland.com\\\/wp-content\\\/uploads\\\/korzenie-galazki-dla-zwierzat.jpg\",\"width\":650,\"height\":650,\"caption\":\"v\u011btvi\u010dky pro zv\u00ed\u0159ata\"},{\"@type\":\"BreadcrumbList\",\"@id\":\"https:\\\/\\\/naturalpoland.com\\\/cs\\\/produkty\\\/suroviny-pro-krmiva-pro-zvirata\\\/koreny-korenova-kura-halky\\\/#breadcrumb\",\"itemListElement\":[{\"@type\":\"ListItem\",\"position\":1,\"name\":\"Dom\u016f\",\"item\":\"https:\\\/\\\/naturalpoland.com\\\/cs\\\/\"},{\"@type\":\"ListItem\",\"position\":2,\"name\":\"Produkty\",\"item\":\"https:\\\/\\\/naturalpoland.com\\\/cs\\\/produkty\\\/\"},{\"@type\":\"ListItem\",\"position\":3,\"name\":\"Ko\u0159eny, k\u016fra a v\u011btvi\u010dky pro zv\u00ed\u0159ata\"}]},{\"@type\":\"WebSite\",\"@id\":\"https:\\\/\\\/naturalpoland.com\\\/cs\\\/#website\",\"url\":\"https:\\\/\\\/naturalpoland.com\\\/cs\\\/\",\"name\":\"NATURAL POLAND - Velkoobchodn\u00ed distributor surovin\",\"description\":\"Surowce dla przemys\u0142u spo\u017cywczego, kosmetycznego i farmaceutycznego\",\"publisher\":{\"@id\":\"https:\\\/\\\/naturalpoland.com\\\/cs\\\/#organization\"},\"potentialAction\":[{\"@type\":\"SearchAction\",\"target\":{\"@type\":\"EntryPoint\",\"urlTemplate\":\"https:\\\/\\\/naturalpoland.com\\\/cs\\\/?s={search_term_string}\"},\"query-input\":{\"@type\":\"PropertyValueSpecification\",\"valueRequired\":true,\"valueName\":\"search_term_string\"}}],\"inLanguage\":\"cs\"},{\"@type\":\"Organization\",\"@id\":\"https:\\\/\\\/naturalpoland.com\\\/cs\\\/#organization\",\"name\":\"Natural Poland\",\"url\":\"https:\\\/\\\/naturalpoland.com\\\/cs\\\/\",\"logo\":{\"@type\":\"ImageObject\",\"inLanguage\":\"cs\",\"@id\":\"https:\\\/\\\/naturalpoland.com\\\/cs\\\/#\\\/schema\\\/logo\\\/image\\\/\",\"url\":\"https:\\\/\\\/naturalpoland.com\\\/wp-content\\\/uploads\\\/2021\\\/05\\\/natural-poland-icon.png\",\"contentUrl\":\"https:\\\/\\\/naturalpoland.com\\\/wp-content\\\/uploads\\\/2021\\\/05\\\/natural-poland-icon.png\",\"width\":512,\"height\":512,\"caption\":\"Natural Poland\"},\"image\":{\"@id\":\"https:\\\/\\\/naturalpoland.com\\\/cs\\\/#\\\/schema\\\/logo\\\/image\\\/\"},\"sameAs\":[\"https:\\\/\\\/www.facebook.com\\\/naturalpoland.b2b\",\"https:\\\/\\\/pl.linkedin.com\\\/company\\\/natural-poland\",\"https:\\\/\\\/www.youtube.com\\\/channel\\\/UCgeGGkvOMahZo-xu_MSEWxg\"]}]}<\/script>\n<!-- \/ Yoast SEO plugin. -->","yoast_head_json":{"title":"Ko\u0159eny, k\u016fra a v\u011btvi\u010dky pro zv\u00ed\u0159ata - Velkoobchodn\u00ed distributor","description":"Pou\u017e\u00edv\u00e1n\u00ed ko\u0159en\u016f, k\u016fry a v\u011btvi\u010dek v potrav\u011b zv\u00ed\u0159at umo\u017e\u0148uje uspokojit jejich instinkty a v\u00fd\u017eivov\u00e9 pot\u0159eby.","robots":{"index":"index","follow":"follow","max-snippet":"max-snippet:-1","max-image-preview":"max-image-preview:large","max-video-preview":"max-video-preview:-1"},"canonical":"https:\/\/naturalpoland.com\/cs\/produkty\/suroviny-pro-krmiva-pro-zvirata\/koreny-korenova-kura-halky\/","og_locale":"cs_CZ","og_type":"article","og_title":"Ko\u0159eny, k\u016fra a v\u011btvi\u010dky pro zv\u00ed\u0159ata - Velkoobchodn\u00ed distributor","og_description":"Pou\u017e\u00edv\u00e1n\u00ed ko\u0159en\u016f, k\u016fry a v\u011btvi\u010dek v potrav\u011b zv\u00ed\u0159at umo\u017e\u0148uje uspokojit jejich instinkty a v\u00fd\u017eivov\u00e9 pot\u0159eby.","og_url":"https:\/\/naturalpoland.com\/cs\/produkty\/suroviny-pro-krmiva-pro-zvirata\/koreny-korenova-kura-halky\/","og_site_name":"NATURAL POLAND - Velkoobchodn\u00ed distributor surovin","article_publisher":"https:\/\/www.facebook.com\/naturalpoland.b2b","og_image":[{"width":650,"height":650,"url":"https:\/\/naturalpoland.com\/wp-content\/uploads\/korzenie-galazki-dla-zwierzat.jpg","type":"image\/jpeg"}],"schema":{"@context":"https:\/\/schema.org","@graph":[{"@type":"WebPage","@id":"https:\/\/naturalpoland.com\/cs\/produkty\/suroviny-pro-krmiva-pro-zvirata\/koreny-korenova-kura-halky\/","url":"https:\/\/naturalpoland.com\/cs\/produkty\/suroviny-pro-krmiva-pro-zvirata\/koreny-korenova-kura-halky\/","name":"Ko\u0159eny, k\u016fra a v\u011btvi\u010dky pro zv\u00ed\u0159ata - Velkoobchodn\u00ed distributor","isPartOf":{"@id":"https:\/\/naturalpoland.com\/cs\/#website"},"primaryImageOfPage":{"@id":"https:\/\/naturalpoland.com\/cs\/produkty\/suroviny-pro-krmiva-pro-zvirata\/koreny-korenova-kura-halky\/#primaryimage"},"image":{"@id":"https:\/\/naturalpoland.com\/cs\/produkty\/suroviny-pro-krmiva-pro-zvirata\/koreny-korenova-kura-halky\/#primaryimage"},"thumbnailUrl":"https:\/\/naturalpoland.com\/wp-content\/uploads\/korzenie-galazki-dla-zwierzat.jpg","datePublished":"2023-10-03T09:12:23+00:00","description":"Pou\u017e\u00edv\u00e1n\u00ed ko\u0159en\u016f, k\u016fry a v\u011btvi\u010dek v potrav\u011b zv\u00ed\u0159at umo\u017e\u0148uje uspokojit jejich instinkty a v\u00fd\u017eivov\u00e9 pot\u0159eby.","breadcrumb":{"@id":"https:\/\/naturalpoland.com\/cs\/produkty\/suroviny-pro-krmiva-pro-zvirata\/koreny-korenova-kura-halky\/#breadcrumb"},"inLanguage":"cs","potentialAction":[{"@type":"ReadAction","target":["https:\/\/naturalpoland.com\/cs\/produkty\/suroviny-pro-krmiva-pro-zvirata\/koreny-korenova-kura-halky\/"]}]},{"@type":"ImageObject","inLanguage":"cs","@id":"https:\/\/naturalpoland.com\/cs\/produkty\/suroviny-pro-krmiva-pro-zvirata\/koreny-korenova-kura-halky\/#primaryimage","url":"https:\/\/naturalpoland.com\/wp-content\/uploads\/korzenie-galazki-dla-zwierzat.jpg","contentUrl":"https:\/\/naturalpoland.com\/wp-content\/uploads\/korzenie-galazki-dla-zwierzat.jpg","width":650,"height":650,"caption":"v\u011btvi\u010dky pro zv\u00ed\u0159ata"},{"@type":"BreadcrumbList","@id":"https:\/\/naturalpoland.com\/cs\/produkty\/suroviny-pro-krmiva-pro-zvirata\/koreny-korenova-kura-halky\/#breadcrumb","itemListElement":[{"@type":"ListItem","position":1,"name":"Dom\u016f","item":"https:\/\/naturalpoland.com\/cs\/"},{"@type":"ListItem","position":2,"name":"Produkty","item":"https:\/\/naturalpoland.com\/cs\/produkty\/"},{"@type":"ListItem","position":3,"name":"Ko\u0159eny, k\u016fra a v\u011btvi\u010dky pro zv\u00ed\u0159ata"}]},{"@type":"WebSite","@id":"https:\/\/naturalpoland.com\/cs\/#website","url":"https:\/\/naturalpoland.com\/cs\/","name":"NATURAL POLAND - Velkoobchodn\u00ed distributor surovin","description":"Surowce dla przemys\u0142u spo\u017cywczego, kosmetycznego i farmaceutycznego","publisher":{"@id":"https:\/\/naturalpoland.com\/cs\/#organization"},"potentialAction":[{"@type":"SearchAction","target":{"@type":"EntryPoint","urlTemplate":"https:\/\/naturalpoland.com\/cs\/?s={search_term_string}"},"query-input":{"@type":"PropertyValueSpecification","valueRequired":true,"valueName":"search_term_string"}}],"inLanguage":"cs"},{"@type":"Organization","@id":"https:\/\/naturalpoland.com\/cs\/#organization","name":"Natural Poland","url":"https:\/\/naturalpoland.com\/cs\/","logo":{"@type":"ImageObject","inLanguage":"cs","@id":"https:\/\/naturalpoland.com\/cs\/#\/schema\/logo\/image\/","url":"https:\/\/naturalpoland.com\/wp-content\/uploads\/2021\/05\/natural-poland-icon.png","contentUrl":"https:\/\/naturalpoland.com\/wp-content\/uploads\/2021\/05\/natural-poland-icon.png","width":512,"height":512,"caption":"Natural Poland"},"image":{"@id":"https:\/\/naturalpoland.com\/cs\/#\/schema\/logo\/image\/"},"sameAs":["https:\/\/www.facebook.com\/naturalpoland.b2b","https:\/\/pl.linkedin.com\/company\/natural-poland","https:\/\/www.youtube.com\/channel\/UCgeGGkvOMahZo-xu_MSEWxg"]}]}},"_links":{"self":[{"href":"https:\/\/naturalpoland.com\/cs\/wp-json\/wp\/v2\/product\/26255","targetHints":{"allow":["GET"]}}],"collection":[{"href":"https:\/\/naturalpoland.com\/cs\/wp-json\/wp\/v2\/product"}],"about":[{"href":"https:\/\/naturalpoland.com\/cs\/wp-json\/wp\/v2\/types\/product"}],"wp:featuredmedia":[{"embeddable":true,"href":"https:\/\/naturalpoland.com\/cs\/wp-json\/wp\/v2\/media\/25441"}],"wp:attachment":[{"href":"https:\/\/naturalpoland.com\/cs\/wp-json\/wp\/v2\/media?parent=26255"}],"wp:term":[{"taxonomy":"product_brand","embeddable":true,"href":"https:\/\/naturalpoland.com\/cs\/wp-json\/wp\/v2\/product_brand?post=26255"},{"taxonomy":"product_cat","embeddable":true,"href":"https:\/\/naturalpoland.com\/cs\/wp-json\/wp\/v2\/product_cat?post=26255"},{"taxonomy":"product_tag","embeddable":true,"href":"https:\/\/naturalpoland.com\/cs\/wp-json\/wp\/v2\/product_tag?post=26255"}],"curies":[{"name":"wp","href":"https:\/\/api.w.org\/{rel}","templated":true}]}}