{"id":26267,"date":"2023-09-14T15:41:28","date_gmt":"2023-10-03T09:12:27","guid":{"rendered":"https:\/\/naturalpoland.com\/produkty\/nezarazene\/byliny-pro-zvirata\/"},"modified":"2023-10-03T11:12:27","modified_gmt":"2023-10-03T09:12:27","slug":"byliny","status":"publish","type":"product","link":"https:\/\/naturalpoland.com\/cs\/produkty\/suroviny-pro-krmiva-pro-zvirata\/byliny\/","title":{"rendered":"Byliny pro zv\u00ed\u0159ata"},"content":{"rendered":"<p><strong>Vojt\u011b\u0161ka<\/strong> &#8211; posiluje kondici zv\u00ed\u0159at, zdroj vitamin\u016f a b\u00edlkovin.<\/p>\n<p><strong>Jable\u010dn\u00e9, meru\u0148kov\u00e9, hru\u0161kov\u00e9, broskvov\u00e9 a \u0161vestkov\u00e9 listy<\/strong> &#8211; p\u0159\u00edrodn\u00ed antioxidanty, podporuj\u00ed tr\u00e1ven\u00ed a dod\u00e1vaj\u00ed vitam\u00edny.<\/p>\n<p><strong>Listy arty\u010doku<\/strong> &#8211; jsou zn\u00e1m\u00e9 sv\u00fdmi detoxika\u010dn\u00edmi a podp\u016frn\u00fdmi \u00fa\u010dinky na j\u00e1tra.<\/p>\n<p><strong>Listy b\u0159\u00edzy a eukalyptu<\/strong> &#8211; Maj\u00ed mo\u010dopudn\u00fd \u00fa\u010dinek a podporuj\u00ed mo\u010dov\u00fd syst\u00e9m zv\u00ed\u0159ete.<\/p>\n<p><strong>Plankton obecn\u00fd a plankton kopinat\u00fd<\/strong> &#8211; podporuj\u00ed tr\u00e1vic\u00ed syst\u00e9m a maj\u00ed protiz\u00e1n\u011btliv\u00e9 \u00fa\u010dinky.<\/p>\n<p><strong>Listy kop\u0159ivy a ostru\u017ein\u00edku<\/strong> &#8211; jsou bohat\u00e9 na \u017eelezo a vitam\u00edny a posiluj\u00ed kondici zv\u00ed\u0159ete.<\/p>\n<p>Zlatob\u00fdl <strong>a \u0159eb\u0159\u00ed\u010dek<\/strong> &#8211; podporuj\u00ed tr\u00e1vic\u00ed syst\u00e9m a p\u016fsob\u00ed protiz\u00e1n\u011btliv\u011b.<\/p>\n<p><strong>\u0160palda, oves a p\u0161eni\u010dn\u00e9 byliny<\/strong> &#8211; Vynikaj\u00edc\u00ed zdroj b\u00edlkovin, zlep\u0161uj\u00ed kondici zv\u00ed\u0159at.<\/p>\n<p><strong>L\u00edskov\u00e9 o\u0159echy a listy vla\u0161sk\u00fdch o\u0159ech\u016f<\/strong> &#8211; jsou bohat\u00e9 na rostlinn\u00e9 tuky a zlep\u0161uj\u00ed stav srsti.<\/p>\n<p><strong>Islandsk\u00fd mech<\/strong> &#8211; podporuje d\u00fdchac\u00ed syst\u00e9m, zdroj p\u0159\u00edrodn\u00edho slizu.<\/p>\n<p><strong>Listy \u010dern\u00e9ho ryb\u00edzu, malin a t\u0159e\u0161n\u00ed<\/strong> &#8211; zdroj vitam\u00edn\u016f a antioxidant\u016f, posiluj\u00ed imunitu.<\/p>\n<p><strong>Listy pampeli\u0161ky<\/strong> &#8211; Maj\u00ed mo\u010dopudn\u00fd \u00fa\u010dinek a podporuj\u00ed mo\u010dov\u00fd syst\u00e9m.<\/p>\n<p><strong>Ostropest\u0159ec<\/strong> &#8211; podporuje funkci jater, p\u016fsob\u00ed detoxika\u010dn\u011b.<\/p>\n<p><strong>Medu\u0148ka<\/strong> &#8211; m\u00e1 uklid\u0148uj\u00edc\u00ed \u00fa\u010dinky a podporuje nervov\u00fd syst\u00e9m zv\u00ed\u0159ete.<\/p>\n<p><strong>Listy \u0161alv\u011bje<\/strong> &#8211; podporuj\u00ed tr\u00e1ven\u00ed a maj\u00ed antibakteri\u00e1ln\u00ed \u00fa\u010dinky.<\/p>\n<p><strong>Tymi\u00e1n<\/strong> &#8211; zdroj p\u0159\u00edrodn\u00edch antibiotik, podporuje imunitn\u00ed syst\u00e9m.<\/p>\n<p><strong>\u0160pen\u00e1tov\u00e9 listy<\/strong> &#8211; jsou bohat\u00e9 na \u017eelezo, zlep\u0161uj\u00ed kondici a krevn\u00ed ob\u011bh.<\/p>\n<p><strong>Zelen\u00e1 m\u00e1ta a m\u00e1ta peprn\u00e1<\/strong> &#8211; maj\u00ed osv\u011b\u017euj\u00edc\u00ed \u00fa\u010dinek a podporuj\u00ed tr\u00e1ven\u00ed.<\/p>\n<p><strong>Echinacea a echinacea<\/strong> &#8211; posiluj\u00ed imunitn\u00ed syst\u00e9m, maj\u00ed protiz\u00e1n\u011btliv\u00e9 \u00fa\u010dinky.<\/p>\n<p><strong>P\u0159esli\u010dka roln\u00ed<\/strong> &#8211; bohat\u00fd obsah k\u0159em\u00edku, podporuje zdrav\u00ed kost\u00ed a kloub\u016f.<\/p>\n<p>Bylinky, kter\u00e9 nab\u00edz\u00edme, jsou pro zv\u00ed\u0159ata p\u0159irozen\u00fdm zdrojem \u017eivin. V\u011b\u0159\u00edme, \u017ee na\u0161e nab\u00eddka spln\u00ed o\u010dek\u00e1v\u00e1n\u00ed i t\u011bch nejn\u00e1ro\u010dn\u011bj\u0161\u00edch z\u00e1kazn\u00edk\u016f v oboru dom\u00e1c\u00edch zv\u00ed\u0159at. Zveme v\u00e1s, abyste n\u00e1s kontaktovali a spolupracovali s n\u00e1mi.<\/p>\n","protected":false},"excerpt":{"rendered":"<p>Bylinky p\u0159id\u00e1van\u00e9 do krmiva zaru\u010duj\u00ed zv\u00ed\u0159at\u016fm vynikaj\u00edc\u00ed v\u00fd\u017eivov\u00e9 a zdravotn\u00ed vlastnosti. Na\u0161e bylinky poch\u00e1zej\u00ed z kontrolovan\u00fdch p\u011bst\u00edren, co\u017e sv\u011bd\u010d\u00ed o jejich vynikaj\u00edc\u00ed kvalit\u011b.<\/p>\n","protected":false},"featured_media":25404,"template":"","meta":{"_acf_changed":false},"product_brand":[],"product_cat":[2507],"product_tag":[],"class_list":{"0":"post-26267","1":"product","2":"type-product","3":"status-publish","4":"has-post-thumbnail","6":"product_cat-suroviny-pro-krmiva-pro-zvirata","8":"first","9":"instock","10":"shipping-taxable","11":"product-type-simple"},"acf":[],"yoast_head":"<!-- This site is optimized with the Yoast SEO plugin v27.4 - https:\/\/yoast.com\/product\/yoast-seo-wordpress\/ -->\n<title>Byliny pro zv\u00ed\u0159ata - Velkoobchodn\u00ed distributor<\/title>\n<meta name=\"description\" content=\"Bylinky p\u0159id\u00e1van\u00e9 do krmiva zaru\u010duj\u00ed zv\u00ed\u0159at\u016fm vynikaj\u00edc\u00ed v\u00fd\u017eivov\u00e9 a zdravotn\u00ed vlastnosti. Na\u0161e bylinky poch\u00e1zej\u00ed z kontrolovan\u00e9ho p\u011bstov\u00e1n\u00ed.\" \/>\n<meta name=\"robots\" content=\"index, follow, max-snippet:-1, max-image-preview:large, max-video-preview:-1\" \/>\n<link rel=\"canonical\" href=\"https:\/\/naturalpoland.com\/cs\/produkty\/suroviny-pro-krmiva-pro-zvirata\/byliny\/\" \/>\n<meta property=\"og:locale\" content=\"cs_CZ\" \/>\n<meta property=\"og:type\" content=\"article\" \/>\n<meta property=\"og:title\" content=\"Byliny pro zv\u00ed\u0159ata - Velkoobchodn\u00ed distributor\" \/>\n<meta property=\"og:description\" content=\"Bylinky p\u0159id\u00e1van\u00e9 do krmiva zaru\u010duj\u00ed zv\u00ed\u0159at\u016fm vynikaj\u00edc\u00ed v\u00fd\u017eivov\u00e9 a zdravotn\u00ed vlastnosti. Na\u0161e bylinky poch\u00e1zej\u00ed z kontrolovan\u00e9ho p\u011bstov\u00e1n\u00ed.\" \/>\n<meta property=\"og:url\" content=\"https:\/\/naturalpoland.com\/cs\/produkty\/suroviny-pro-krmiva-pro-zvirata\/byliny\/\" \/>\n<meta property=\"og:site_name\" content=\"NATURAL POLAND - Velkoobchodn\u00ed distributor surovin\" \/>\n<meta property=\"article:publisher\" content=\"https:\/\/www.facebook.com\/naturalpoland.b2b\" \/>\n<meta property=\"og:image\" content=\"https:\/\/naturalpoland.com\/wp-content\/uploads\/ziola-liscie-dla-zwierzat.jpg\" \/>\n\t<meta property=\"og:image:width\" content=\"650\" \/>\n\t<meta property=\"og:image:height\" content=\"650\" \/>\n\t<meta property=\"og:image:type\" content=\"image\/jpeg\" \/>\n<script type=\"application\/ld+json\" class=\"yoast-schema-graph\">{\"@context\":\"https:\\\/\\\/schema.org\",\"@graph\":[{\"@type\":\"WebPage\",\"@id\":\"https:\\\/\\\/naturalpoland.com\\\/cs\\\/produkty\\\/suroviny-pro-krmiva-pro-zvirata\\\/byliny\\\/\",\"url\":\"https:\\\/\\\/naturalpoland.com\\\/cs\\\/produkty\\\/suroviny-pro-krmiva-pro-zvirata\\\/byliny\\\/\",\"name\":\"Byliny pro zv\u00ed\u0159ata - Velkoobchodn\u00ed distributor\",\"isPartOf\":{\"@id\":\"https:\\\/\\\/naturalpoland.com\\\/cs\\\/#website\"},\"primaryImageOfPage\":{\"@id\":\"https:\\\/\\\/naturalpoland.com\\\/cs\\\/produkty\\\/suroviny-pro-krmiva-pro-zvirata\\\/byliny\\\/#primaryimage\"},\"image\":{\"@id\":\"https:\\\/\\\/naturalpoland.com\\\/cs\\\/produkty\\\/suroviny-pro-krmiva-pro-zvirata\\\/byliny\\\/#primaryimage\"},\"thumbnailUrl\":\"https:\\\/\\\/naturalpoland.com\\\/wp-content\\\/uploads\\\/ziola-liscie-dla-zwierzat.jpg\",\"datePublished\":\"2023-10-03T09:12:27+00:00\",\"description\":\"Bylinky p\u0159id\u00e1van\u00e9 do krmiva zaru\u010duj\u00ed zv\u00ed\u0159at\u016fm vynikaj\u00edc\u00ed v\u00fd\u017eivov\u00e9 a zdravotn\u00ed vlastnosti. Na\u0161e bylinky poch\u00e1zej\u00ed z kontrolovan\u00e9ho p\u011bstov\u00e1n\u00ed.\",\"breadcrumb\":{\"@id\":\"https:\\\/\\\/naturalpoland.com\\\/cs\\\/produkty\\\/suroviny-pro-krmiva-pro-zvirata\\\/byliny\\\/#breadcrumb\"},\"inLanguage\":\"cs\",\"potentialAction\":[{\"@type\":\"ReadAction\",\"target\":[\"https:\\\/\\\/naturalpoland.com\\\/cs\\\/produkty\\\/suroviny-pro-krmiva-pro-zvirata\\\/byliny\\\/\"]}]},{\"@type\":\"ImageObject\",\"inLanguage\":\"cs\",\"@id\":\"https:\\\/\\\/naturalpoland.com\\\/cs\\\/produkty\\\/suroviny-pro-krmiva-pro-zvirata\\\/byliny\\\/#primaryimage\",\"url\":\"https:\\\/\\\/naturalpoland.com\\\/wp-content\\\/uploads\\\/ziola-liscie-dla-zwierzat.jpg\",\"contentUrl\":\"https:\\\/\\\/naturalpoland.com\\\/wp-content\\\/uploads\\\/ziola-liscie-dla-zwierzat.jpg\",\"width\":650,\"height\":650,\"caption\":\"byliny pro zv\u00ed\u0159ata\"},{\"@type\":\"BreadcrumbList\",\"@id\":\"https:\\\/\\\/naturalpoland.com\\\/cs\\\/produkty\\\/suroviny-pro-krmiva-pro-zvirata\\\/byliny\\\/#breadcrumb\",\"itemListElement\":[{\"@type\":\"ListItem\",\"position\":1,\"name\":\"Dom\u016f\",\"item\":\"https:\\\/\\\/naturalpoland.com\\\/cs\\\/\"},{\"@type\":\"ListItem\",\"position\":2,\"name\":\"Produkty\",\"item\":\"https:\\\/\\\/naturalpoland.com\\\/cs\\\/produkty\\\/\"},{\"@type\":\"ListItem\",\"position\":3,\"name\":\"Byliny pro zv\u00ed\u0159ata\"}]},{\"@type\":\"WebSite\",\"@id\":\"https:\\\/\\\/naturalpoland.com\\\/cs\\\/#website\",\"url\":\"https:\\\/\\\/naturalpoland.com\\\/cs\\\/\",\"name\":\"NATURAL POLAND - Velkoobchodn\u00ed distributor surovin\",\"description\":\"Surowce dla przemys\u0142u spo\u017cywczego, kosmetycznego i farmaceutycznego\",\"publisher\":{\"@id\":\"https:\\\/\\\/naturalpoland.com\\\/cs\\\/#organization\"},\"potentialAction\":[{\"@type\":\"SearchAction\",\"target\":{\"@type\":\"EntryPoint\",\"urlTemplate\":\"https:\\\/\\\/naturalpoland.com\\\/cs\\\/?s={search_term_string}\"},\"query-input\":{\"@type\":\"PropertyValueSpecification\",\"valueRequired\":true,\"valueName\":\"search_term_string\"}}],\"inLanguage\":\"cs\"},{\"@type\":\"Organization\",\"@id\":\"https:\\\/\\\/naturalpoland.com\\\/cs\\\/#organization\",\"name\":\"Natural Poland\",\"url\":\"https:\\\/\\\/naturalpoland.com\\\/cs\\\/\",\"logo\":{\"@type\":\"ImageObject\",\"inLanguage\":\"cs\",\"@id\":\"https:\\\/\\\/naturalpoland.com\\\/cs\\\/#\\\/schema\\\/logo\\\/image\\\/\",\"url\":\"https:\\\/\\\/naturalpoland.com\\\/wp-content\\\/uploads\\\/2021\\\/05\\\/natural-poland-icon.png\",\"contentUrl\":\"https:\\\/\\\/naturalpoland.com\\\/wp-content\\\/uploads\\\/2021\\\/05\\\/natural-poland-icon.png\",\"width\":512,\"height\":512,\"caption\":\"Natural Poland\"},\"image\":{\"@id\":\"https:\\\/\\\/naturalpoland.com\\\/cs\\\/#\\\/schema\\\/logo\\\/image\\\/\"},\"sameAs\":[\"https:\\\/\\\/www.facebook.com\\\/naturalpoland.b2b\",\"https:\\\/\\\/pl.linkedin.com\\\/company\\\/natural-poland\",\"https:\\\/\\\/www.youtube.com\\\/channel\\\/UCgeGGkvOMahZo-xu_MSEWxg\"]}]}<\/script>\n<!-- \/ Yoast SEO plugin. -->","yoast_head_json":{"title":"Byliny pro zv\u00ed\u0159ata - Velkoobchodn\u00ed distributor","description":"Bylinky p\u0159id\u00e1van\u00e9 do krmiva zaru\u010duj\u00ed zv\u00ed\u0159at\u016fm vynikaj\u00edc\u00ed v\u00fd\u017eivov\u00e9 a zdravotn\u00ed vlastnosti. Na\u0161e bylinky poch\u00e1zej\u00ed z kontrolovan\u00e9ho p\u011bstov\u00e1n\u00ed.","robots":{"index":"index","follow":"follow","max-snippet":"max-snippet:-1","max-image-preview":"max-image-preview:large","max-video-preview":"max-video-preview:-1"},"canonical":"https:\/\/naturalpoland.com\/cs\/produkty\/suroviny-pro-krmiva-pro-zvirata\/byliny\/","og_locale":"cs_CZ","og_type":"article","og_title":"Byliny pro zv\u00ed\u0159ata - Velkoobchodn\u00ed distributor","og_description":"Bylinky p\u0159id\u00e1van\u00e9 do krmiva zaru\u010duj\u00ed zv\u00ed\u0159at\u016fm vynikaj\u00edc\u00ed v\u00fd\u017eivov\u00e9 a zdravotn\u00ed vlastnosti. Na\u0161e bylinky poch\u00e1zej\u00ed z kontrolovan\u00e9ho p\u011bstov\u00e1n\u00ed.","og_url":"https:\/\/naturalpoland.com\/cs\/produkty\/suroviny-pro-krmiva-pro-zvirata\/byliny\/","og_site_name":"NATURAL POLAND - Velkoobchodn\u00ed distributor surovin","article_publisher":"https:\/\/www.facebook.com\/naturalpoland.b2b","og_image":[{"width":650,"height":650,"url":"https:\/\/naturalpoland.com\/wp-content\/uploads\/ziola-liscie-dla-zwierzat.jpg","type":"image\/jpeg"}],"schema":{"@context":"https:\/\/schema.org","@graph":[{"@type":"WebPage","@id":"https:\/\/naturalpoland.com\/cs\/produkty\/suroviny-pro-krmiva-pro-zvirata\/byliny\/","url":"https:\/\/naturalpoland.com\/cs\/produkty\/suroviny-pro-krmiva-pro-zvirata\/byliny\/","name":"Byliny pro zv\u00ed\u0159ata - Velkoobchodn\u00ed distributor","isPartOf":{"@id":"https:\/\/naturalpoland.com\/cs\/#website"},"primaryImageOfPage":{"@id":"https:\/\/naturalpoland.com\/cs\/produkty\/suroviny-pro-krmiva-pro-zvirata\/byliny\/#primaryimage"},"image":{"@id":"https:\/\/naturalpoland.com\/cs\/produkty\/suroviny-pro-krmiva-pro-zvirata\/byliny\/#primaryimage"},"thumbnailUrl":"https:\/\/naturalpoland.com\/wp-content\/uploads\/ziola-liscie-dla-zwierzat.jpg","datePublished":"2023-10-03T09:12:27+00:00","description":"Bylinky p\u0159id\u00e1van\u00e9 do krmiva zaru\u010duj\u00ed zv\u00ed\u0159at\u016fm vynikaj\u00edc\u00ed v\u00fd\u017eivov\u00e9 a zdravotn\u00ed vlastnosti. Na\u0161e bylinky poch\u00e1zej\u00ed z kontrolovan\u00e9ho p\u011bstov\u00e1n\u00ed.","breadcrumb":{"@id":"https:\/\/naturalpoland.com\/cs\/produkty\/suroviny-pro-krmiva-pro-zvirata\/byliny\/#breadcrumb"},"inLanguage":"cs","potentialAction":[{"@type":"ReadAction","target":["https:\/\/naturalpoland.com\/cs\/produkty\/suroviny-pro-krmiva-pro-zvirata\/byliny\/"]}]},{"@type":"ImageObject","inLanguage":"cs","@id":"https:\/\/naturalpoland.com\/cs\/produkty\/suroviny-pro-krmiva-pro-zvirata\/byliny\/#primaryimage","url":"https:\/\/naturalpoland.com\/wp-content\/uploads\/ziola-liscie-dla-zwierzat.jpg","contentUrl":"https:\/\/naturalpoland.com\/wp-content\/uploads\/ziola-liscie-dla-zwierzat.jpg","width":650,"height":650,"caption":"byliny pro zv\u00ed\u0159ata"},{"@type":"BreadcrumbList","@id":"https:\/\/naturalpoland.com\/cs\/produkty\/suroviny-pro-krmiva-pro-zvirata\/byliny\/#breadcrumb","itemListElement":[{"@type":"ListItem","position":1,"name":"Dom\u016f","item":"https:\/\/naturalpoland.com\/cs\/"},{"@type":"ListItem","position":2,"name":"Produkty","item":"https:\/\/naturalpoland.com\/cs\/produkty\/"},{"@type":"ListItem","position":3,"name":"Byliny pro zv\u00ed\u0159ata"}]},{"@type":"WebSite","@id":"https:\/\/naturalpoland.com\/cs\/#website","url":"https:\/\/naturalpoland.com\/cs\/","name":"NATURAL POLAND - Velkoobchodn\u00ed distributor surovin","description":"Surowce dla przemys\u0142u spo\u017cywczego, kosmetycznego i farmaceutycznego","publisher":{"@id":"https:\/\/naturalpoland.com\/cs\/#organization"},"potentialAction":[{"@type":"SearchAction","target":{"@type":"EntryPoint","urlTemplate":"https:\/\/naturalpoland.com\/cs\/?s={search_term_string}"},"query-input":{"@type":"PropertyValueSpecification","valueRequired":true,"valueName":"search_term_string"}}],"inLanguage":"cs"},{"@type":"Organization","@id":"https:\/\/naturalpoland.com\/cs\/#organization","name":"Natural Poland","url":"https:\/\/naturalpoland.com\/cs\/","logo":{"@type":"ImageObject","inLanguage":"cs","@id":"https:\/\/naturalpoland.com\/cs\/#\/schema\/logo\/image\/","url":"https:\/\/naturalpoland.com\/wp-content\/uploads\/2021\/05\/natural-poland-icon.png","contentUrl":"https:\/\/naturalpoland.com\/wp-content\/uploads\/2021\/05\/natural-poland-icon.png","width":512,"height":512,"caption":"Natural Poland"},"image":{"@id":"https:\/\/naturalpoland.com\/cs\/#\/schema\/logo\/image\/"},"sameAs":["https:\/\/www.facebook.com\/naturalpoland.b2b","https:\/\/pl.linkedin.com\/company\/natural-poland","https:\/\/www.youtube.com\/channel\/UCgeGGkvOMahZo-xu_MSEWxg"]}]}},"_links":{"self":[{"href":"https:\/\/naturalpoland.com\/cs\/wp-json\/wp\/v2\/product\/26267","targetHints":{"allow":["GET"]}}],"collection":[{"href":"https:\/\/naturalpoland.com\/cs\/wp-json\/wp\/v2\/product"}],"about":[{"href":"https:\/\/naturalpoland.com\/cs\/wp-json\/wp\/v2\/types\/product"}],"wp:featuredmedia":[{"embeddable":true,"href":"https:\/\/naturalpoland.com\/cs\/wp-json\/wp\/v2\/media\/25404"}],"wp:attachment":[{"href":"https:\/\/naturalpoland.com\/cs\/wp-json\/wp\/v2\/media?parent=26267"}],"wp:term":[{"taxonomy":"product_brand","embeddable":true,"href":"https:\/\/naturalpoland.com\/cs\/wp-json\/wp\/v2\/product_brand?post=26267"},{"taxonomy":"product_cat","embeddable":true,"href":"https:\/\/naturalpoland.com\/cs\/wp-json\/wp\/v2\/product_cat?post=26267"},{"taxonomy":"product_tag","embeddable":true,"href":"https:\/\/naturalpoland.com\/cs\/wp-json\/wp\/v2\/product_tag?post=26267"}],"curies":[{"name":"wp","href":"https:\/\/api.w.org\/{rel}","templated":true}]}}