{"id":26268,"date":"2023-09-14T15:27:34","date_gmt":"2023-10-03T09:12:27","guid":{"rendered":"https:\/\/naturalpoland.com\/produkty\/nezarazene\/semena-pro-zvirata\/"},"modified":"2023-10-03T11:12:27","modified_gmt":"2023-10-03T09:12:27","slug":"semena","status":"publish","type":"product","link":"https:\/\/naturalpoland.com\/cs\/produkty\/suroviny-pro-krmiva-pro-zvirata\/semena\/","title":{"rendered":"Semena pro zv\u00ed\u0159ata"},"content":{"rendered":"<p><strong>An\u00fdz<\/strong> &#8211; je zn\u00e1m\u00fd pro sv\u00e9 tr\u00e1vic\u00ed vlastnosti, povzbuzuje chu\u0165 k j\u00eddlu a napom\u00e1h\u00e1 tr\u00e1ven\u00ed zv\u00ed\u0159at.<\/p>\n<p><strong>Semena p\u00edskavice \u0159eck\u00e9 seno<\/strong> &#8211; stimuluje metabolismus a posiluje kondici zv\u00ed\u0159ete. K dispozici tak\u00e9 ve form\u011b pr\u00e1\u0161ku.<\/p>\n<p><strong>\u017dlut\u00e9 proso<\/strong> &#8211; bohat\u00e9 na b\u00edlkoviny a miner\u00e1ln\u00ed l\u00e1tky, ide\u00e1ln\u00ed pro pt\u00e1ky a hlodavce k udr\u017een\u00ed jejich zdrav\u00ed a energie.<\/p>\n<p><strong>Fenyklov\u00e1 sem\u00ednka<\/strong> &#8211; podporuj\u00ed tr\u00e1vic\u00ed syst\u00e9m a maj\u00ed antibakteri\u00e1ln\u00ed \u00fa\u010dinky.<\/p>\n<p><strong>Lupiny semen Psyllium<\/strong> &#8211; Zn\u00e1m\u00e9 pro sv\u00e9 st\u0159evn\u00ed regula\u010dn\u00ed vlastnosti, p\u0159id\u00e1vaj\u00ed se do potravin pro zlep\u0161en\u00ed tr\u00e1ven\u00ed.<\/p>\n<p><strong>\u010cerven\u00e9 proso<\/strong> &#8211; vynikaj\u00edc\u00ed zdroj b\u00edlkovin a \u017eeleza, ide\u00e1ln\u00ed pro pt\u00e1ky.<\/p>\n<p><strong>Km\u00edn<\/strong> &#8211; usnad\u0148uje tr\u00e1ven\u00ed, p\u016fsob\u00ed protiz\u00e1n\u011btliv\u011b a p\u0159\u00edzniv\u011b ovliv\u0148uje st\u0159evn\u00ed mikrofl\u00f3ru zv\u00ed\u0159at.<\/p>\n<p><strong>Ln\u011bn\u00e9 sem\u00ednko<\/strong> &#8211; bohat\u00e9 na omega-3 mastn\u00e9 kyseliny, kter\u00e9 podporuj\u00ed zdrav\u00ed k\u016f\u017ee a srsti a tr\u00e1vic\u00edho syst\u00e9mu.<\/p>\n<p><strong>Mlet\u00e1 semena ostropest\u0159ce mari\u00e1nsk\u00e9ho<\/strong> &#8211; jsou zn\u00e1m\u00e1 sv\u00fdmi vlastnostmi, kter\u00e9 podporuj\u00ed j\u00e1tra a zlep\u0161uj\u00ed celkovou kondici zv\u00ed\u0159at.<\/p>\n<p><strong>Immaculate<\/strong> &#8211; pou\u017e\u00edv\u00e1 se v krmivu pro pt\u00e1ky a podporuje jejich tr\u00e1vic\u00ed syst\u00e9m. K dispozici tak\u00e9 ve form\u011b pr\u00e1\u0161ku.<\/p>\n<p><strong>Nigella<\/strong> &#8211; zdroj polynenasycen\u00fdch mastn\u00fdch kyselin, posiluje imunitu a zlep\u0161uje stav k\u016f\u017ee a srsti zv\u00ed\u0159at.<\/p>\n<p>Nab\u00edz\u00edme osivo balen\u00e9 v pytl\u00edch nebo kartonech o hmotnosti od 10 do 26 kg, p\u0159izp\u016fsoben\u00e9 individu\u00e1ln\u00edm pot\u0159eb\u00e1m na\u0161ich z\u00e1kazn\u00edk\u016f. Jsme p\u0159esv\u011bd\u010deni, \u017ee na\u0161e nab\u00eddka spln\u00ed o\u010dek\u00e1v\u00e1n\u00ed i t\u011bch nejn\u00e1ro\u010dn\u011bj\u0161\u00edch obchodn\u00edch partner\u016f. Zveme v\u00e1s, abyste n\u00e1s kontaktovali a spolupracovali s n\u00e1mi.<\/p>\n","protected":false},"excerpt":{"rendered":"<p>P\u0159edstavujeme pe\u010dliv\u011b vybranou kolekci semen pro krmen\u00ed zv\u00ed\u0159at. Semena, kter\u00e1 nab\u00edz\u00edme, poch\u00e1zej\u00ed z kontrolovan\u00e9ho p\u011bstov\u00e1n\u00ed, co\u017e zaru\u010duje nejvy\u0161\u0161\u00ed kvalitu po\u017eadovanou profesion\u00e1ln\u00edmi v\u00fdrobci dom\u00e1c\u00edch zv\u00ed\u0159at.<\/p>\n","protected":false},"featured_media":25391,"template":"","meta":{"_acf_changed":false},"product_brand":[],"product_cat":[2507],"product_tag":[],"class_list":{"0":"post-26268","1":"product","2":"type-product","3":"status-publish","4":"has-post-thumbnail","6":"product_cat-suroviny-pro-krmiva-pro-zvirata","8":"first","9":"instock","10":"shipping-taxable","11":"product-type-simple"},"acf":[],"yoast_head":"<!-- This site is optimized with the Yoast SEO plugin v27.4 - https:\/\/yoast.com\/product\/yoast-seo-wordpress\/ -->\n<title>Semena pro zv\u00ed\u0159ata - Velkoobchodn\u00ed distributor<\/title>\n<meta name=\"robots\" content=\"index, follow, max-snippet:-1, max-image-preview:large, max-video-preview:-1\" \/>\n<link rel=\"canonical\" href=\"https:\/\/naturalpoland.com\/cs\/produkty\/suroviny-pro-krmiva-pro-zvirata\/semena\/\" \/>\n<meta property=\"og:locale\" content=\"cs_CZ\" \/>\n<meta property=\"og:type\" content=\"article\" \/>\n<meta property=\"og:title\" content=\"Semena pro zv\u00ed\u0159ata - Velkoobchodn\u00ed distributor\" \/>\n<meta property=\"og:description\" content=\"P\u0159edstavujeme pe\u010dliv\u011b vybranou kolekci semen pro krmen\u00ed zv\u00ed\u0159at. Semena, kter\u00e1 nab\u00edz\u00edme, poch\u00e1zej\u00ed z kontrolovan\u00e9ho p\u011bstov\u00e1n\u00ed, co\u017e zaru\u010duje nejvy\u0161\u0161\u00ed kvalitu po\u017eadovanou profesion\u00e1ln\u00edmi v\u00fdrobci dom\u00e1c\u00edch zv\u00ed\u0159at.\" \/>\n<meta property=\"og:url\" content=\"https:\/\/naturalpoland.com\/cs\/produkty\/suroviny-pro-krmiva-pro-zvirata\/semena\/\" \/>\n<meta property=\"og:site_name\" content=\"NATURAL POLAND - Velkoobchodn\u00ed distributor surovin\" \/>\n<meta property=\"article:publisher\" content=\"https:\/\/www.facebook.com\/naturalpoland.b2b\" \/>\n<meta property=\"og:image\" content=\"https:\/\/naturalpoland.com\/wp-content\/uploads\/nasiona-dla-zwierzat.jpg\" \/>\n\t<meta property=\"og:image:width\" content=\"650\" \/>\n\t<meta property=\"og:image:height\" content=\"650\" \/>\n\t<meta property=\"og:image:type\" content=\"image\/jpeg\" \/>\n<script type=\"application\/ld+json\" class=\"yoast-schema-graph\">{\"@context\":\"https:\\\/\\\/schema.org\",\"@graph\":[{\"@type\":\"WebPage\",\"@id\":\"https:\\\/\\\/naturalpoland.com\\\/cs\\\/produkty\\\/suroviny-pro-krmiva-pro-zvirata\\\/semena\\\/\",\"url\":\"https:\\\/\\\/naturalpoland.com\\\/cs\\\/produkty\\\/suroviny-pro-krmiva-pro-zvirata\\\/semena\\\/\",\"name\":\"Semena pro zv\u00ed\u0159ata - Velkoobchodn\u00ed distributor\",\"isPartOf\":{\"@id\":\"https:\\\/\\\/naturalpoland.com\\\/cs\\\/#website\"},\"primaryImageOfPage\":{\"@id\":\"https:\\\/\\\/naturalpoland.com\\\/cs\\\/produkty\\\/suroviny-pro-krmiva-pro-zvirata\\\/semena\\\/#primaryimage\"},\"image\":{\"@id\":\"https:\\\/\\\/naturalpoland.com\\\/cs\\\/produkty\\\/suroviny-pro-krmiva-pro-zvirata\\\/semena\\\/#primaryimage\"},\"thumbnailUrl\":\"https:\\\/\\\/naturalpoland.com\\\/wp-content\\\/uploads\\\/nasiona-dla-zwierzat.jpg\",\"datePublished\":\"2023-10-03T09:12:27+00:00\",\"breadcrumb\":{\"@id\":\"https:\\\/\\\/naturalpoland.com\\\/cs\\\/produkty\\\/suroviny-pro-krmiva-pro-zvirata\\\/semena\\\/#breadcrumb\"},\"inLanguage\":\"cs\",\"potentialAction\":[{\"@type\":\"ReadAction\",\"target\":[\"https:\\\/\\\/naturalpoland.com\\\/cs\\\/produkty\\\/suroviny-pro-krmiva-pro-zvirata\\\/semena\\\/\"]}]},{\"@type\":\"ImageObject\",\"inLanguage\":\"cs\",\"@id\":\"https:\\\/\\\/naturalpoland.com\\\/cs\\\/produkty\\\/suroviny-pro-krmiva-pro-zvirata\\\/semena\\\/#primaryimage\",\"url\":\"https:\\\/\\\/naturalpoland.com\\\/wp-content\\\/uploads\\\/nasiona-dla-zwierzat.jpg\",\"contentUrl\":\"https:\\\/\\\/naturalpoland.com\\\/wp-content\\\/uploads\\\/nasiona-dla-zwierzat.jpg\",\"width\":650,\"height\":650,\"caption\":\"semena pro zv\u00ed\u0159ata\"},{\"@type\":\"BreadcrumbList\",\"@id\":\"https:\\\/\\\/naturalpoland.com\\\/cs\\\/produkty\\\/suroviny-pro-krmiva-pro-zvirata\\\/semena\\\/#breadcrumb\",\"itemListElement\":[{\"@type\":\"ListItem\",\"position\":1,\"name\":\"Dom\u016f\",\"item\":\"https:\\\/\\\/naturalpoland.com\\\/cs\\\/\"},{\"@type\":\"ListItem\",\"position\":2,\"name\":\"Produkty\",\"item\":\"https:\\\/\\\/naturalpoland.com\\\/cs\\\/produkty\\\/\"},{\"@type\":\"ListItem\",\"position\":3,\"name\":\"Semena pro zv\u00ed\u0159ata\"}]},{\"@type\":\"WebSite\",\"@id\":\"https:\\\/\\\/naturalpoland.com\\\/cs\\\/#website\",\"url\":\"https:\\\/\\\/naturalpoland.com\\\/cs\\\/\",\"name\":\"NATURAL POLAND - Velkoobchodn\u00ed distributor surovin\",\"description\":\"Surowce dla przemys\u0142u spo\u017cywczego, kosmetycznego i farmaceutycznego\",\"publisher\":{\"@id\":\"https:\\\/\\\/naturalpoland.com\\\/cs\\\/#organization\"},\"potentialAction\":[{\"@type\":\"SearchAction\",\"target\":{\"@type\":\"EntryPoint\",\"urlTemplate\":\"https:\\\/\\\/naturalpoland.com\\\/cs\\\/?s={search_term_string}\"},\"query-input\":{\"@type\":\"PropertyValueSpecification\",\"valueRequired\":true,\"valueName\":\"search_term_string\"}}],\"inLanguage\":\"cs\"},{\"@type\":\"Organization\",\"@id\":\"https:\\\/\\\/naturalpoland.com\\\/cs\\\/#organization\",\"name\":\"Natural Poland\",\"url\":\"https:\\\/\\\/naturalpoland.com\\\/cs\\\/\",\"logo\":{\"@type\":\"ImageObject\",\"inLanguage\":\"cs\",\"@id\":\"https:\\\/\\\/naturalpoland.com\\\/cs\\\/#\\\/schema\\\/logo\\\/image\\\/\",\"url\":\"https:\\\/\\\/naturalpoland.com\\\/wp-content\\\/uploads\\\/2021\\\/05\\\/natural-poland-icon.png\",\"contentUrl\":\"https:\\\/\\\/naturalpoland.com\\\/wp-content\\\/uploads\\\/2021\\\/05\\\/natural-poland-icon.png\",\"width\":512,\"height\":512,\"caption\":\"Natural Poland\"},\"image\":{\"@id\":\"https:\\\/\\\/naturalpoland.com\\\/cs\\\/#\\\/schema\\\/logo\\\/image\\\/\"},\"sameAs\":[\"https:\\\/\\\/www.facebook.com\\\/naturalpoland.b2b\",\"https:\\\/\\\/pl.linkedin.com\\\/company\\\/natural-poland\",\"https:\\\/\\\/www.youtube.com\\\/channel\\\/UCgeGGkvOMahZo-xu_MSEWxg\"]}]}<\/script>\n<!-- \/ Yoast SEO plugin. -->","yoast_head_json":{"title":"Semena pro zv\u00ed\u0159ata - Velkoobchodn\u00ed distributor","robots":{"index":"index","follow":"follow","max-snippet":"max-snippet:-1","max-image-preview":"max-image-preview:large","max-video-preview":"max-video-preview:-1"},"canonical":"https:\/\/naturalpoland.com\/cs\/produkty\/suroviny-pro-krmiva-pro-zvirata\/semena\/","og_locale":"cs_CZ","og_type":"article","og_title":"Semena pro zv\u00ed\u0159ata - Velkoobchodn\u00ed distributor","og_description":"P\u0159edstavujeme pe\u010dliv\u011b vybranou kolekci semen pro krmen\u00ed zv\u00ed\u0159at. Semena, kter\u00e1 nab\u00edz\u00edme, poch\u00e1zej\u00ed z kontrolovan\u00e9ho p\u011bstov\u00e1n\u00ed, co\u017e zaru\u010duje nejvy\u0161\u0161\u00ed kvalitu po\u017eadovanou profesion\u00e1ln\u00edmi v\u00fdrobci dom\u00e1c\u00edch zv\u00ed\u0159at.","og_url":"https:\/\/naturalpoland.com\/cs\/produkty\/suroviny-pro-krmiva-pro-zvirata\/semena\/","og_site_name":"NATURAL POLAND - Velkoobchodn\u00ed distributor surovin","article_publisher":"https:\/\/www.facebook.com\/naturalpoland.b2b","og_image":[{"width":650,"height":650,"url":"https:\/\/naturalpoland.com\/wp-content\/uploads\/nasiona-dla-zwierzat.jpg","type":"image\/jpeg"}],"schema":{"@context":"https:\/\/schema.org","@graph":[{"@type":"WebPage","@id":"https:\/\/naturalpoland.com\/cs\/produkty\/suroviny-pro-krmiva-pro-zvirata\/semena\/","url":"https:\/\/naturalpoland.com\/cs\/produkty\/suroviny-pro-krmiva-pro-zvirata\/semena\/","name":"Semena pro zv\u00ed\u0159ata - Velkoobchodn\u00ed distributor","isPartOf":{"@id":"https:\/\/naturalpoland.com\/cs\/#website"},"primaryImageOfPage":{"@id":"https:\/\/naturalpoland.com\/cs\/produkty\/suroviny-pro-krmiva-pro-zvirata\/semena\/#primaryimage"},"image":{"@id":"https:\/\/naturalpoland.com\/cs\/produkty\/suroviny-pro-krmiva-pro-zvirata\/semena\/#primaryimage"},"thumbnailUrl":"https:\/\/naturalpoland.com\/wp-content\/uploads\/nasiona-dla-zwierzat.jpg","datePublished":"2023-10-03T09:12:27+00:00","breadcrumb":{"@id":"https:\/\/naturalpoland.com\/cs\/produkty\/suroviny-pro-krmiva-pro-zvirata\/semena\/#breadcrumb"},"inLanguage":"cs","potentialAction":[{"@type":"ReadAction","target":["https:\/\/naturalpoland.com\/cs\/produkty\/suroviny-pro-krmiva-pro-zvirata\/semena\/"]}]},{"@type":"ImageObject","inLanguage":"cs","@id":"https:\/\/naturalpoland.com\/cs\/produkty\/suroviny-pro-krmiva-pro-zvirata\/semena\/#primaryimage","url":"https:\/\/naturalpoland.com\/wp-content\/uploads\/nasiona-dla-zwierzat.jpg","contentUrl":"https:\/\/naturalpoland.com\/wp-content\/uploads\/nasiona-dla-zwierzat.jpg","width":650,"height":650,"caption":"semena pro zv\u00ed\u0159ata"},{"@type":"BreadcrumbList","@id":"https:\/\/naturalpoland.com\/cs\/produkty\/suroviny-pro-krmiva-pro-zvirata\/semena\/#breadcrumb","itemListElement":[{"@type":"ListItem","position":1,"name":"Dom\u016f","item":"https:\/\/naturalpoland.com\/cs\/"},{"@type":"ListItem","position":2,"name":"Produkty","item":"https:\/\/naturalpoland.com\/cs\/produkty\/"},{"@type":"ListItem","position":3,"name":"Semena pro zv\u00ed\u0159ata"}]},{"@type":"WebSite","@id":"https:\/\/naturalpoland.com\/cs\/#website","url":"https:\/\/naturalpoland.com\/cs\/","name":"NATURAL POLAND - Velkoobchodn\u00ed distributor surovin","description":"Surowce dla przemys\u0142u spo\u017cywczego, kosmetycznego i farmaceutycznego","publisher":{"@id":"https:\/\/naturalpoland.com\/cs\/#organization"},"potentialAction":[{"@type":"SearchAction","target":{"@type":"EntryPoint","urlTemplate":"https:\/\/naturalpoland.com\/cs\/?s={search_term_string}"},"query-input":{"@type":"PropertyValueSpecification","valueRequired":true,"valueName":"search_term_string"}}],"inLanguage":"cs"},{"@type":"Organization","@id":"https:\/\/naturalpoland.com\/cs\/#organization","name":"Natural Poland","url":"https:\/\/naturalpoland.com\/cs\/","logo":{"@type":"ImageObject","inLanguage":"cs","@id":"https:\/\/naturalpoland.com\/cs\/#\/schema\/logo\/image\/","url":"https:\/\/naturalpoland.com\/wp-content\/uploads\/2021\/05\/natural-poland-icon.png","contentUrl":"https:\/\/naturalpoland.com\/wp-content\/uploads\/2021\/05\/natural-poland-icon.png","width":512,"height":512,"caption":"Natural Poland"},"image":{"@id":"https:\/\/naturalpoland.com\/cs\/#\/schema\/logo\/image\/"},"sameAs":["https:\/\/www.facebook.com\/naturalpoland.b2b","https:\/\/pl.linkedin.com\/company\/natural-poland","https:\/\/www.youtube.com\/channel\/UCgeGGkvOMahZo-xu_MSEWxg"]}]}},"_links":{"self":[{"href":"https:\/\/naturalpoland.com\/cs\/wp-json\/wp\/v2\/product\/26268","targetHints":{"allow":["GET"]}}],"collection":[{"href":"https:\/\/naturalpoland.com\/cs\/wp-json\/wp\/v2\/product"}],"about":[{"href":"https:\/\/naturalpoland.com\/cs\/wp-json\/wp\/v2\/types\/product"}],"wp:featuredmedia":[{"embeddable":true,"href":"https:\/\/naturalpoland.com\/cs\/wp-json\/wp\/v2\/media\/25391"}],"wp:attachment":[{"href":"https:\/\/naturalpoland.com\/cs\/wp-json\/wp\/v2\/media?parent=26268"}],"wp:term":[{"taxonomy":"product_brand","embeddable":true,"href":"https:\/\/naturalpoland.com\/cs\/wp-json\/wp\/v2\/product_brand?post=26268"},{"taxonomy":"product_cat","embeddable":true,"href":"https:\/\/naturalpoland.com\/cs\/wp-json\/wp\/v2\/product_cat?post=26268"},{"taxonomy":"product_tag","embeddable":true,"href":"https:\/\/naturalpoland.com\/cs\/wp-json\/wp\/v2\/product_tag?post=26268"}],"curies":[{"name":"wp","href":"https:\/\/api.w.org\/{rel}","templated":true}]}}