{"id":26493,"date":"2023-10-06T10:52:50","date_gmt":"2023-10-06T08:52:50","guid":{"rendered":"https:\/\/naturalpoland.com\/produkty\/nezarazene\/fermentovany-ryzovy-extrakt\/"},"modified":"2023-10-06T11:28:28","modified_gmt":"2023-10-06T09:28:28","slug":"vytazek-z-fermentovane-ryze","status":"publish","type":"product","link":"https:\/\/naturalpoland.com\/cs\/produkty\/produkty-pro-kosmeticky-prumysl\/fermentovane-extrakty\/vytazek-z-fermentovane-ryze\/","title":{"rendered":"Fermentovan\u00fd r\u00fd\u017eov\u00fd extrakt"},"content":{"rendered":"<p>D\u00edky mno\u017estv\u00ed z\u00e1kladn\u00edch \u017eivin, jako jsou peptidy, aminokyseliny, vitam\u00edny a miner\u00e1ly, m\u00e1 r\u00fd\u017eov\u00fd extrakt intenzivn\u00ed hydrata\u010dn\u00ed a vy\u017eivuj\u00edc\u00ed \u00fa\u010dinky. Pom\u00e1h\u00e1 udr\u017eovat ple\u0165 jemnou, pru\u017enou a hloubkov\u011b hydratovanou, \u010d\u00edm\u017e sni\u017euje v\u00fdskyt jemn\u00fdch linek a vr\u00e1sek.<\/p>\n<p>Jednou z kl\u00ed\u010dov\u00fdch slo\u017eek extraktu je <strong>kyselina ferulov\u00e1<\/strong>, zn\u00e1m\u00e1 pro sv\u00e9 siln\u00e9 antioxida\u010dn\u00ed \u00fa\u010dinky. Pom\u00e1h\u00e1 neutralizovat \u0161kodliv\u00e9 voln\u00e9 radik\u00e1ly, chr\u00e1n\u00ed ple\u0165 p\u0159ed oxida\u010dn\u00edm stresem a vlivy prost\u0159ed\u00ed, jako je zne\u010di\u0161t\u011bn\u00ed a UV z\u00e1\u0159en\u00ed, kter\u00e9 urychluj\u00ed st\u00e1rnut\u00ed.<\/p>\n<p>V\u00fdta\u017eek z fermentovan\u00e9 r\u00fd\u017ee je tak\u00e9 bohat\u00fd na rozjas\u0148uj\u00edc\u00ed slo\u017eky, kter\u00e9 pom\u00e1haj\u00ed vyrovn\u00e1vat t\u00f3n pleti, redukuj\u00ed pigmentov\u00e9 skvrny a nerovnosti. D\u00edky sv\u00fdm jemn\u00fdm rozjas\u0148uj\u00edc\u00edm vlastnostem je ide\u00e1ln\u00ed pro produkty ur\u010den\u00e9 pro ple\u0165 s c\u00e9vami, se zm\u011bn\u011bn\u00fdm zabarven\u00edm nebo nerovnom\u011brn\u00fdm t\u00f3nem pleti.<\/p>\n<p>D\u00edky sv\u00fdm jedine\u010dn\u00fdm zklid\u0148uj\u00edc\u00edm vlastnostem je v\u00fdta\u017eek vynikaj\u00edc\u00ed slo\u017ekou produkt\u016f ur\u010den\u00fdch pro citlivou a podr\u00e1\u017ed\u011bnou poko\u017eku. Zklid\u0148uje, zjem\u0148uje a redukuje zarudnut\u00ed, \u010d\u00edm\u017e p\u0159in\u00e1\u0161\u00ed \u00falevu a pohodl\u00ed i velmi n\u00e1ro\u010dn\u00e9 pleti.<\/p>\n<p>Pou\u017eit\u00ed extraktu z fermentovan\u00e9 r\u00fd\u017ee v kosmetice je z\u00e1rukou luxusn\u00ed p\u00e9\u010de, hloubkov\u00e9 hydratace a regenerace pleti. Je nepostradateln\u00fd v kr\u00e9mech, s\u00e9rech, mask\u00e1ch a dal\u0161\u00edch p\u0159\u00edpravc\u00edch p\u00e9\u010de o ple\u0165 pro ka\u017edodenn\u00ed p\u00e9\u010di o mladou a zdravou ple\u0165.<\/p>\n","protected":false},"excerpt":{"rendered":"<p>Extrakt z fermentovan\u00e9 r\u00fd\u017ee (INCI: <em>Rice Ferment Extract<\/em>) je luxusn\u00ed kosmetick\u00e1 slo\u017eka, kter\u00e1 je cen\u011bna pro sv\u00e9 mnohostrann\u00e9 pe\u010duj\u00edc\u00ed a regenera\u010dn\u00ed \u00fa\u010dinky. Tento exkluzivn\u00ed v\u00fdta\u017eek, z\u00edskan\u00fd p\u0159esn\u011b kontrolovan\u00fdm procesem fermentace r\u00fd\u017eov\u00fdch zrn, je obzvl\u00e1\u0161t\u011b \u017e\u00e1dan\u00fd ve \u0161pi\u010dkov\u00fdch kosmetick\u00fdch p\u0159\u00edpravc\u00edch.<\/p>\n","protected":false},"featured_media":26441,"template":"","meta":{"_acf_changed":false},"product_brand":[],"product_cat":[2689],"product_tag":[],"class_list":{"0":"post-26493","1":"product","2":"type-product","3":"status-publish","4":"has-post-thumbnail","6":"product_cat-fermentovane-extrakty","8":"first","9":"instock","10":"shipping-taxable","11":"product-type-simple"},"acf":[],"yoast_head":"<!-- This site is optimized with the Yoast SEO plugin v27.4 - https:\/\/yoast.com\/product\/yoast-seo-wordpress\/ -->\n<title>Fermentovan\u00fd r\u00fd\u017eov\u00fd extrakt - Velkoobchodn\u00ed distributor<\/title>\n<meta name=\"description\" content=\"V\u00fdta\u017eek z fermentovan\u00e9 r\u00fd\u017ee je luxusn\u00ed kosmetickou ingredienc\u00ed, kter\u00e1 je cen\u011bna pro sv\u00e9 v\u0161estrann\u00e9 pe\u010duj\u00edc\u00ed a regenera\u010dn\u00ed \u00fa\u010dinky.\" \/>\n<meta name=\"robots\" content=\"index, follow, max-snippet:-1, max-image-preview:large, max-video-preview:-1\" \/>\n<link rel=\"canonical\" href=\"https:\/\/naturalpoland.com\/cs\/produkty\/produkty-pro-kosmeticky-prumysl\/fermentovane-extrakty\/vytazek-z-fermentovane-ryze\/\" \/>\n<meta property=\"og:locale\" content=\"cs_CZ\" \/>\n<meta property=\"og:type\" content=\"article\" \/>\n<meta property=\"og:title\" content=\"Fermentovan\u00fd r\u00fd\u017eov\u00fd extrakt - Velkoobchodn\u00ed distributor\" \/>\n<meta property=\"og:description\" content=\"V\u00fdta\u017eek z fermentovan\u00e9 r\u00fd\u017ee je luxusn\u00ed kosmetickou ingredienc\u00ed, kter\u00e1 je cen\u011bna pro sv\u00e9 v\u0161estrann\u00e9 pe\u010duj\u00edc\u00ed a regenera\u010dn\u00ed \u00fa\u010dinky.\" \/>\n<meta property=\"og:url\" content=\"https:\/\/naturalpoland.com\/cs\/produkty\/produkty-pro-kosmeticky-prumysl\/fermentovane-extrakty\/vytazek-z-fermentovane-ryze\/\" \/>\n<meta property=\"og:site_name\" content=\"NATURAL POLAND - Velkoobchodn\u00ed distributor surovin\" \/>\n<meta property=\"article:publisher\" content=\"https:\/\/www.facebook.com\/naturalpoland.b2b\" \/>\n<meta property=\"article:modified_time\" content=\"2023-10-06T09:28:28+00:00\" \/>\n<meta property=\"og:image\" content=\"https:\/\/naturalpoland.com\/wp-content\/uploads\/fermentowany-ekstrakt-z-ryzu.png\" \/>\n\t<meta property=\"og:image:width\" content=\"590\" \/>\n\t<meta property=\"og:image:height\" content=\"590\" \/>\n\t<meta property=\"og:image:type\" content=\"image\/png\" \/>\n<script type=\"application\/ld+json\" class=\"yoast-schema-graph\">{\"@context\":\"https:\\\/\\\/schema.org\",\"@graph\":[{\"@type\":\"WebPage\",\"@id\":\"https:\\\/\\\/naturalpoland.com\\\/cs\\\/produkty\\\/produkty-pro-kosmeticky-prumysl\\\/fermentovane-extrakty\\\/vytazek-z-fermentovane-ryze\\\/\",\"url\":\"https:\\\/\\\/naturalpoland.com\\\/cs\\\/produkty\\\/produkty-pro-kosmeticky-prumysl\\\/fermentovane-extrakty\\\/vytazek-z-fermentovane-ryze\\\/\",\"name\":\"Fermentovan\u00fd r\u00fd\u017eov\u00fd extrakt - Velkoobchodn\u00ed distributor\",\"isPartOf\":{\"@id\":\"https:\\\/\\\/naturalpoland.com\\\/cs\\\/#website\"},\"primaryImageOfPage\":{\"@id\":\"https:\\\/\\\/naturalpoland.com\\\/cs\\\/produkty\\\/produkty-pro-kosmeticky-prumysl\\\/fermentovane-extrakty\\\/vytazek-z-fermentovane-ryze\\\/#primaryimage\"},\"image\":{\"@id\":\"https:\\\/\\\/naturalpoland.com\\\/cs\\\/produkty\\\/produkty-pro-kosmeticky-prumysl\\\/fermentovane-extrakty\\\/vytazek-z-fermentovane-ryze\\\/#primaryimage\"},\"thumbnailUrl\":\"https:\\\/\\\/naturalpoland.com\\\/wp-content\\\/uploads\\\/fermentowany-ekstrakt-z-ryzu.png\",\"datePublished\":\"2023-10-06T08:52:50+00:00\",\"dateModified\":\"2023-10-06T09:28:28+00:00\",\"description\":\"V\u00fdta\u017eek z fermentovan\u00e9 r\u00fd\u017ee je luxusn\u00ed kosmetickou ingredienc\u00ed, kter\u00e1 je cen\u011bna pro sv\u00e9 v\u0161estrann\u00e9 pe\u010duj\u00edc\u00ed a regenera\u010dn\u00ed \u00fa\u010dinky.\",\"breadcrumb\":{\"@id\":\"https:\\\/\\\/naturalpoland.com\\\/cs\\\/produkty\\\/produkty-pro-kosmeticky-prumysl\\\/fermentovane-extrakty\\\/vytazek-z-fermentovane-ryze\\\/#breadcrumb\"},\"inLanguage\":\"cs\",\"potentialAction\":[{\"@type\":\"ReadAction\",\"target\":[\"https:\\\/\\\/naturalpoland.com\\\/cs\\\/produkty\\\/produkty-pro-kosmeticky-prumysl\\\/fermentovane-extrakty\\\/vytazek-z-fermentovane-ryze\\\/\"]}]},{\"@type\":\"ImageObject\",\"inLanguage\":\"cs\",\"@id\":\"https:\\\/\\\/naturalpoland.com\\\/cs\\\/produkty\\\/produkty-pro-kosmeticky-prumysl\\\/fermentovane-extrakty\\\/vytazek-z-fermentovane-ryze\\\/#primaryimage\",\"url\":\"https:\\\/\\\/naturalpoland.com\\\/wp-content\\\/uploads\\\/fermentowany-ekstrakt-z-ryzu.png\",\"contentUrl\":\"https:\\\/\\\/naturalpoland.com\\\/wp-content\\\/uploads\\\/fermentowany-ekstrakt-z-ryzu.png\",\"width\":590,\"height\":590,\"caption\":\"extrakt z fermentovan\u00e9 r\u00fd\u017ee\"},{\"@type\":\"BreadcrumbList\",\"@id\":\"https:\\\/\\\/naturalpoland.com\\\/cs\\\/produkty\\\/produkty-pro-kosmeticky-prumysl\\\/fermentovane-extrakty\\\/vytazek-z-fermentovane-ryze\\\/#breadcrumb\",\"itemListElement\":[{\"@type\":\"ListItem\",\"position\":1,\"name\":\"Dom\u016f\",\"item\":\"https:\\\/\\\/naturalpoland.com\\\/cs\\\/\"},{\"@type\":\"ListItem\",\"position\":2,\"name\":\"Produkty\",\"item\":\"https:\\\/\\\/naturalpoland.com\\\/cs\\\/produkty\\\/\"},{\"@type\":\"ListItem\",\"position\":3,\"name\":\"Fermentovan\u00fd r\u00fd\u017eov\u00fd extrakt\"}]},{\"@type\":\"WebSite\",\"@id\":\"https:\\\/\\\/naturalpoland.com\\\/cs\\\/#website\",\"url\":\"https:\\\/\\\/naturalpoland.com\\\/cs\\\/\",\"name\":\"NATURAL POLAND - Velkoobchodn\u00ed distributor surovin\",\"description\":\"Surowce dla przemys\u0142u spo\u017cywczego, kosmetycznego i farmaceutycznego\",\"publisher\":{\"@id\":\"https:\\\/\\\/naturalpoland.com\\\/cs\\\/#organization\"},\"potentialAction\":[{\"@type\":\"SearchAction\",\"target\":{\"@type\":\"EntryPoint\",\"urlTemplate\":\"https:\\\/\\\/naturalpoland.com\\\/cs\\\/?s={search_term_string}\"},\"query-input\":{\"@type\":\"PropertyValueSpecification\",\"valueRequired\":true,\"valueName\":\"search_term_string\"}}],\"inLanguage\":\"cs\"},{\"@type\":\"Organization\",\"@id\":\"https:\\\/\\\/naturalpoland.com\\\/cs\\\/#organization\",\"name\":\"Natural Poland\",\"url\":\"https:\\\/\\\/naturalpoland.com\\\/cs\\\/\",\"logo\":{\"@type\":\"ImageObject\",\"inLanguage\":\"cs\",\"@id\":\"https:\\\/\\\/naturalpoland.com\\\/cs\\\/#\\\/schema\\\/logo\\\/image\\\/\",\"url\":\"https:\\\/\\\/naturalpoland.com\\\/wp-content\\\/uploads\\\/2021\\\/05\\\/natural-poland-icon.png\",\"contentUrl\":\"https:\\\/\\\/naturalpoland.com\\\/wp-content\\\/uploads\\\/2021\\\/05\\\/natural-poland-icon.png\",\"width\":512,\"height\":512,\"caption\":\"Natural Poland\"},\"image\":{\"@id\":\"https:\\\/\\\/naturalpoland.com\\\/cs\\\/#\\\/schema\\\/logo\\\/image\\\/\"},\"sameAs\":[\"https:\\\/\\\/www.facebook.com\\\/naturalpoland.b2b\",\"https:\\\/\\\/pl.linkedin.com\\\/company\\\/natural-poland\",\"https:\\\/\\\/www.youtube.com\\\/channel\\\/UCgeGGkvOMahZo-xu_MSEWxg\"]}]}<\/script>\n<!-- \/ Yoast SEO plugin. -->","yoast_head_json":{"title":"Fermentovan\u00fd r\u00fd\u017eov\u00fd extrakt - Velkoobchodn\u00ed distributor","description":"V\u00fdta\u017eek z fermentovan\u00e9 r\u00fd\u017ee je luxusn\u00ed kosmetickou ingredienc\u00ed, kter\u00e1 je cen\u011bna pro sv\u00e9 v\u0161estrann\u00e9 pe\u010duj\u00edc\u00ed a regenera\u010dn\u00ed \u00fa\u010dinky.","robots":{"index":"index","follow":"follow","max-snippet":"max-snippet:-1","max-image-preview":"max-image-preview:large","max-video-preview":"max-video-preview:-1"},"canonical":"https:\/\/naturalpoland.com\/cs\/produkty\/produkty-pro-kosmeticky-prumysl\/fermentovane-extrakty\/vytazek-z-fermentovane-ryze\/","og_locale":"cs_CZ","og_type":"article","og_title":"Fermentovan\u00fd r\u00fd\u017eov\u00fd extrakt - Velkoobchodn\u00ed distributor","og_description":"V\u00fdta\u017eek z fermentovan\u00e9 r\u00fd\u017ee je luxusn\u00ed kosmetickou ingredienc\u00ed, kter\u00e1 je cen\u011bna pro sv\u00e9 v\u0161estrann\u00e9 pe\u010duj\u00edc\u00ed a regenera\u010dn\u00ed \u00fa\u010dinky.","og_url":"https:\/\/naturalpoland.com\/cs\/produkty\/produkty-pro-kosmeticky-prumysl\/fermentovane-extrakty\/vytazek-z-fermentovane-ryze\/","og_site_name":"NATURAL POLAND - Velkoobchodn\u00ed distributor surovin","article_publisher":"https:\/\/www.facebook.com\/naturalpoland.b2b","article_modified_time":"2023-10-06T09:28:28+00:00","og_image":[{"width":590,"height":590,"url":"https:\/\/naturalpoland.com\/wp-content\/uploads\/fermentowany-ekstrakt-z-ryzu.png","type":"image\/png"}],"schema":{"@context":"https:\/\/schema.org","@graph":[{"@type":"WebPage","@id":"https:\/\/naturalpoland.com\/cs\/produkty\/produkty-pro-kosmeticky-prumysl\/fermentovane-extrakty\/vytazek-z-fermentovane-ryze\/","url":"https:\/\/naturalpoland.com\/cs\/produkty\/produkty-pro-kosmeticky-prumysl\/fermentovane-extrakty\/vytazek-z-fermentovane-ryze\/","name":"Fermentovan\u00fd r\u00fd\u017eov\u00fd extrakt - Velkoobchodn\u00ed distributor","isPartOf":{"@id":"https:\/\/naturalpoland.com\/cs\/#website"},"primaryImageOfPage":{"@id":"https:\/\/naturalpoland.com\/cs\/produkty\/produkty-pro-kosmeticky-prumysl\/fermentovane-extrakty\/vytazek-z-fermentovane-ryze\/#primaryimage"},"image":{"@id":"https:\/\/naturalpoland.com\/cs\/produkty\/produkty-pro-kosmeticky-prumysl\/fermentovane-extrakty\/vytazek-z-fermentovane-ryze\/#primaryimage"},"thumbnailUrl":"https:\/\/naturalpoland.com\/wp-content\/uploads\/fermentowany-ekstrakt-z-ryzu.png","datePublished":"2023-10-06T08:52:50+00:00","dateModified":"2023-10-06T09:28:28+00:00","description":"V\u00fdta\u017eek z fermentovan\u00e9 r\u00fd\u017ee je luxusn\u00ed kosmetickou ingredienc\u00ed, kter\u00e1 je cen\u011bna pro sv\u00e9 v\u0161estrann\u00e9 pe\u010duj\u00edc\u00ed a regenera\u010dn\u00ed \u00fa\u010dinky.","breadcrumb":{"@id":"https:\/\/naturalpoland.com\/cs\/produkty\/produkty-pro-kosmeticky-prumysl\/fermentovane-extrakty\/vytazek-z-fermentovane-ryze\/#breadcrumb"},"inLanguage":"cs","potentialAction":[{"@type":"ReadAction","target":["https:\/\/naturalpoland.com\/cs\/produkty\/produkty-pro-kosmeticky-prumysl\/fermentovane-extrakty\/vytazek-z-fermentovane-ryze\/"]}]},{"@type":"ImageObject","inLanguage":"cs","@id":"https:\/\/naturalpoland.com\/cs\/produkty\/produkty-pro-kosmeticky-prumysl\/fermentovane-extrakty\/vytazek-z-fermentovane-ryze\/#primaryimage","url":"https:\/\/naturalpoland.com\/wp-content\/uploads\/fermentowany-ekstrakt-z-ryzu.png","contentUrl":"https:\/\/naturalpoland.com\/wp-content\/uploads\/fermentowany-ekstrakt-z-ryzu.png","width":590,"height":590,"caption":"extrakt z fermentovan\u00e9 r\u00fd\u017ee"},{"@type":"BreadcrumbList","@id":"https:\/\/naturalpoland.com\/cs\/produkty\/produkty-pro-kosmeticky-prumysl\/fermentovane-extrakty\/vytazek-z-fermentovane-ryze\/#breadcrumb","itemListElement":[{"@type":"ListItem","position":1,"name":"Dom\u016f","item":"https:\/\/naturalpoland.com\/cs\/"},{"@type":"ListItem","position":2,"name":"Produkty","item":"https:\/\/naturalpoland.com\/cs\/produkty\/"},{"@type":"ListItem","position":3,"name":"Fermentovan\u00fd r\u00fd\u017eov\u00fd extrakt"}]},{"@type":"WebSite","@id":"https:\/\/naturalpoland.com\/cs\/#website","url":"https:\/\/naturalpoland.com\/cs\/","name":"NATURAL POLAND - Velkoobchodn\u00ed distributor surovin","description":"Surowce dla przemys\u0142u spo\u017cywczego, kosmetycznego i farmaceutycznego","publisher":{"@id":"https:\/\/naturalpoland.com\/cs\/#organization"},"potentialAction":[{"@type":"SearchAction","target":{"@type":"EntryPoint","urlTemplate":"https:\/\/naturalpoland.com\/cs\/?s={search_term_string}"},"query-input":{"@type":"PropertyValueSpecification","valueRequired":true,"valueName":"search_term_string"}}],"inLanguage":"cs"},{"@type":"Organization","@id":"https:\/\/naturalpoland.com\/cs\/#organization","name":"Natural Poland","url":"https:\/\/naturalpoland.com\/cs\/","logo":{"@type":"ImageObject","inLanguage":"cs","@id":"https:\/\/naturalpoland.com\/cs\/#\/schema\/logo\/image\/","url":"https:\/\/naturalpoland.com\/wp-content\/uploads\/2021\/05\/natural-poland-icon.png","contentUrl":"https:\/\/naturalpoland.com\/wp-content\/uploads\/2021\/05\/natural-poland-icon.png","width":512,"height":512,"caption":"Natural Poland"},"image":{"@id":"https:\/\/naturalpoland.com\/cs\/#\/schema\/logo\/image\/"},"sameAs":["https:\/\/www.facebook.com\/naturalpoland.b2b","https:\/\/pl.linkedin.com\/company\/natural-poland","https:\/\/www.youtube.com\/channel\/UCgeGGkvOMahZo-xu_MSEWxg"]}]}},"_links":{"self":[{"href":"https:\/\/naturalpoland.com\/cs\/wp-json\/wp\/v2\/product\/26493","targetHints":{"allow":["GET"]}}],"collection":[{"href":"https:\/\/naturalpoland.com\/cs\/wp-json\/wp\/v2\/product"}],"about":[{"href":"https:\/\/naturalpoland.com\/cs\/wp-json\/wp\/v2\/types\/product"}],"wp:featuredmedia":[{"embeddable":true,"href":"https:\/\/naturalpoland.com\/cs\/wp-json\/wp\/v2\/media\/26441"}],"wp:attachment":[{"href":"https:\/\/naturalpoland.com\/cs\/wp-json\/wp\/v2\/media?parent=26493"}],"wp:term":[{"taxonomy":"product_brand","embeddable":true,"href":"https:\/\/naturalpoland.com\/cs\/wp-json\/wp\/v2\/product_brand?post=26493"},{"taxonomy":"product_cat","embeddable":true,"href":"https:\/\/naturalpoland.com\/cs\/wp-json\/wp\/v2\/product_cat?post=26493"},{"taxonomy":"product_tag","embeddable":true,"href":"https:\/\/naturalpoland.com\/cs\/wp-json\/wp\/v2\/product_tag?post=26493"}],"curies":[{"name":"wp","href":"https:\/\/api.w.org\/{rel}","templated":true}]}}