{"id":26512,"date":"2023-10-06T11:10:38","date_gmt":"2023-10-06T09:28:34","guid":{"rendered":"https:\/\/naturalpoland.com\/produkty\/nezarazene\/fermentovany-extrakt-yerba-santa\/"},"modified":"2023-10-06T11:28:34","modified_gmt":"2023-10-06T09:28:34","slug":"fermentovany-vytazek-z-yerby-santa","status":"publish","type":"product","link":"https:\/\/naturalpoland.com\/cs\/produkty\/produkty-pro-kosmeticky-prumysl\/fermentovane-extrakty\/fermentovany-vytazek-z-yerby-santa\/","title":{"rendered":"Fermentovan\u00fd extrakt Yerba Santa"},"content":{"rendered":"<p>Tato pozoruhodn\u00e1 slo\u017eka je cen\u011bna pro sv\u00e9 intenzivn\u00ed hydrata\u010dn\u00ed \u00fa\u010dinky. Fermentovan\u00fd extrakt z Yerba Santa pom\u00e1h\u00e1 udr\u017eovat optim\u00e1ln\u00ed hladinu vlhkosti v poko\u017ece, zabra\u0148uje ztr\u00e1t\u011b vody a intenzivn\u011b ji hydratuje. To je kl\u00ed\u010dem k udr\u017een\u00ed zdrav\u00e9, z\u00e1\u0159iv\u00e9 a mladistv\u011b vypadaj\u00edc\u00ed pleti.<\/p>\n<p>Krom\u011b toho m\u00e1 extrakt z Yerba Santa protiz\u00e1n\u011btliv\u00e9 a uklid\u0148uj\u00edc\u00ed \u00fa\u010dinky. M\u00e1 zklid\u0148uj\u00edc\u00ed \u00fa\u010dinek na podr\u00e1\u017ed\u011bn\u00ed, sni\u017euje zarudnut\u00ed a podporuje regenera\u010dn\u00ed procesy poko\u017eky. D\u00edky sv\u00fdm jedine\u010dn\u00fdm vlastnostem je ide\u00e1ln\u00ed slo\u017ekou pro kosmetiku ur\u010denou pro citlivou, c\u00e9vn\u00ed nebo podr\u00e1\u017ed\u011bnou ple\u0165.<\/p>\n<p>D\u00edky procesu fermentace jsou bioaktivn\u00ed l\u00e1tky obsa\u017een\u00e9 v Yerba Santa je\u0161t\u011b koncentrovan\u011bj\u0161\u00ed a pro poko\u017eku biologicky dostupn\u011bj\u0161\u00ed, co\u017e zvy\u0161uje jejich \u00fa\u010dinnost. Fermentovan\u00fd extrakt z Yerba Santa tak nejen intenzivn\u011b hydratuje, ale tak\u00e9 podporuje p\u0159irozen\u00e9 obrann\u00e9 mechanismy poko\u017eky.<\/p>\n<p>Pou\u017eit\u00ed tohoto extraktu v kosmetick\u00fdch p\u0159\u00edpravc\u00edch slibuje hloubkovou p\u00e9\u010di a v\u00fd\u017eivu poko\u017eky bez zat\u00ed\u017een\u00ed textury. Je vynikaj\u00edc\u00ed slo\u017ekou pro p\u0159\u00edpravu kr\u00e9m\u016f, s\u00e9r, masek a dal\u0161\u00edch produkt\u016f p\u00e9\u010de o ple\u0165 pro r\u016fzn\u00e9 typy pleti, zejm\u00e9na pro ty, kter\u00e9 pot\u0159ebuj\u00ed regeneraci a zklidn\u011bn\u00ed.<\/p>\n<p>Jeho mnohostrann\u00e9 p\u016fsoben\u00ed p\u0159in\u00e1\u0161\u00ed poko\u017ece \u00falevu, zanech\u00e1v\u00e1 ji hladkou, jemnou a pln\u011b regenerovanou. Fermentovan\u00fd extrakt Yerba Santa je kvintesenc\u00ed luxusu a \u00fa\u010dinnosti v p\u00e9\u010di o ple\u0165. Jeho zaveden\u00ed do kosmetick\u00fdch receptur jist\u011b obohat\u00ed va\u0161i nab\u00eddku a uspokoj\u00ed i ty nejn\u00e1ro\u010dn\u011bj\u0161\u00ed z\u00e1kazn\u00edky.<\/p>\n","protected":false},"excerpt":{"rendered":"<p>Fermentovan\u00fd extrakt z Yerba Santa (INCI: <em>Yerba Santa Extract<\/em>) je inovativn\u00ed kosmetick\u00e1 slo\u017eka, kter\u00e1 vynik\u00e1 sv\u00fdmi v\u00fdjime\u010dn\u00fdmi vlastnostmi v p\u00e9\u010di o ple\u0165. Tento exkluzivn\u00ed extrakt z\u00edskan\u00fd z rostliny Yerba Santa, zn\u00e1m\u00e9 tak\u00e9 jako &#8222;posv\u00e1tn\u00e1 tr\u00e1va&#8220;, je bohat\u00fd na jedine\u010dn\u00e9 \u00fa\u010dinn\u00e9 l\u00e1tky s prok\u00e1zan\u00fdmi l\u00e9\u010div\u00fdmi \u00fa\u010dinky na poko\u017eku.<\/p>\n","protected":false},"featured_media":26480,"template":"","meta":{"_acf_changed":false},"product_brand":[],"product_cat":[2689],"product_tag":[],"class_list":{"0":"post-26512","1":"product","2":"type-product","3":"status-publish","4":"has-post-thumbnail","6":"product_cat-fermentovane-extrakty","8":"first","9":"instock","10":"shipping-taxable","11":"product-type-simple"},"acf":[],"yoast_head":"<!-- This site is optimized with the Yoast SEO plugin v27.4 - https:\/\/yoast.com\/product\/yoast-seo-wordpress\/ -->\n<title>Fermentovan\u00fd extrakt Yerba Santa - Velkoobchodn\u00ed distributor<\/title>\n<meta name=\"description\" content=\"Fermentovan\u00fd extrakt z Yerba Santa je inovativn\u00ed kosmetick\u00e1 slo\u017eka, kter\u00e1 vynik\u00e1 sv\u00fdmi v\u00fdjime\u010dn\u00fdmi vlastnostmi v p\u00e9\u010di o ple\u0165.\" \/>\n<meta name=\"robots\" content=\"index, follow, max-snippet:-1, max-image-preview:large, max-video-preview:-1\" \/>\n<link rel=\"canonical\" href=\"https:\/\/naturalpoland.com\/cs\/produkty\/produkty-pro-kosmeticky-prumysl\/fermentovane-extrakty\/fermentovany-vytazek-z-yerby-santa\/\" \/>\n<meta property=\"og:locale\" content=\"cs_CZ\" \/>\n<meta property=\"og:type\" content=\"article\" \/>\n<meta property=\"og:title\" content=\"Fermentovan\u00fd extrakt Yerba Santa - Velkoobchodn\u00ed distributor\" \/>\n<meta property=\"og:description\" content=\"Fermentovan\u00fd extrakt z Yerba Santa je inovativn\u00ed kosmetick\u00e1 slo\u017eka, kter\u00e1 vynik\u00e1 sv\u00fdmi v\u00fdjime\u010dn\u00fdmi vlastnostmi v p\u00e9\u010di o ple\u0165.\" \/>\n<meta property=\"og:url\" content=\"https:\/\/naturalpoland.com\/cs\/produkty\/produkty-pro-kosmeticky-prumysl\/fermentovane-extrakty\/fermentovany-vytazek-z-yerby-santa\/\" \/>\n<meta property=\"og:site_name\" content=\"NATURAL POLAND - Velkoobchodn\u00ed distributor surovin\" \/>\n<meta property=\"article:publisher\" content=\"https:\/\/www.facebook.com\/naturalpoland.b2b\" \/>\n<meta property=\"og:image\" content=\"https:\/\/naturalpoland.com\/wp-content\/uploads\/fermentowany-ekstrakt-z-yerba-santa.png\" \/>\n\t<meta property=\"og:image:width\" content=\"590\" \/>\n\t<meta property=\"og:image:height\" content=\"590\" \/>\n\t<meta property=\"og:image:type\" content=\"image\/png\" \/>\n<script type=\"application\/ld+json\" class=\"yoast-schema-graph\">{\"@context\":\"https:\\\/\\\/schema.org\",\"@graph\":[{\"@type\":\"WebPage\",\"@id\":\"https:\\\/\\\/naturalpoland.com\\\/cs\\\/produkty\\\/produkty-pro-kosmeticky-prumysl\\\/fermentovane-extrakty\\\/fermentovany-vytazek-z-yerby-santa\\\/\",\"url\":\"https:\\\/\\\/naturalpoland.com\\\/cs\\\/produkty\\\/produkty-pro-kosmeticky-prumysl\\\/fermentovane-extrakty\\\/fermentovany-vytazek-z-yerby-santa\\\/\",\"name\":\"Fermentovan\u00fd extrakt Yerba Santa - Velkoobchodn\u00ed distributor\",\"isPartOf\":{\"@id\":\"https:\\\/\\\/naturalpoland.com\\\/cs\\\/#website\"},\"primaryImageOfPage\":{\"@id\":\"https:\\\/\\\/naturalpoland.com\\\/cs\\\/produkty\\\/produkty-pro-kosmeticky-prumysl\\\/fermentovane-extrakty\\\/fermentovany-vytazek-z-yerby-santa\\\/#primaryimage\"},\"image\":{\"@id\":\"https:\\\/\\\/naturalpoland.com\\\/cs\\\/produkty\\\/produkty-pro-kosmeticky-prumysl\\\/fermentovane-extrakty\\\/fermentovany-vytazek-z-yerby-santa\\\/#primaryimage\"},\"thumbnailUrl\":\"https:\\\/\\\/naturalpoland.com\\\/wp-content\\\/uploads\\\/fermentowany-ekstrakt-z-yerba-santa.png\",\"datePublished\":\"2023-10-06T09:28:34+00:00\",\"description\":\"Fermentovan\u00fd extrakt z Yerba Santa je inovativn\u00ed kosmetick\u00e1 slo\u017eka, kter\u00e1 vynik\u00e1 sv\u00fdmi v\u00fdjime\u010dn\u00fdmi vlastnostmi v p\u00e9\u010di o ple\u0165.\",\"breadcrumb\":{\"@id\":\"https:\\\/\\\/naturalpoland.com\\\/cs\\\/produkty\\\/produkty-pro-kosmeticky-prumysl\\\/fermentovane-extrakty\\\/fermentovany-vytazek-z-yerby-santa\\\/#breadcrumb\"},\"inLanguage\":\"cs\",\"potentialAction\":[{\"@type\":\"ReadAction\",\"target\":[\"https:\\\/\\\/naturalpoland.com\\\/cs\\\/produkty\\\/produkty-pro-kosmeticky-prumysl\\\/fermentovane-extrakty\\\/fermentovany-vytazek-z-yerby-santa\\\/\"]}]},{\"@type\":\"ImageObject\",\"inLanguage\":\"cs\",\"@id\":\"https:\\\/\\\/naturalpoland.com\\\/cs\\\/produkty\\\/produkty-pro-kosmeticky-prumysl\\\/fermentovane-extrakty\\\/fermentovany-vytazek-z-yerby-santa\\\/#primaryimage\",\"url\":\"https:\\\/\\\/naturalpoland.com\\\/wp-content\\\/uploads\\\/fermentowany-ekstrakt-z-yerba-santa.png\",\"contentUrl\":\"https:\\\/\\\/naturalpoland.com\\\/wp-content\\\/uploads\\\/fermentowany-ekstrakt-z-yerba-santa.png\",\"width\":590,\"height\":590,\"caption\":\"Fermentovan\u00fd extrakt Yerba Santa\"},{\"@type\":\"BreadcrumbList\",\"@id\":\"https:\\\/\\\/naturalpoland.com\\\/cs\\\/produkty\\\/produkty-pro-kosmeticky-prumysl\\\/fermentovane-extrakty\\\/fermentovany-vytazek-z-yerby-santa\\\/#breadcrumb\",\"itemListElement\":[{\"@type\":\"ListItem\",\"position\":1,\"name\":\"Dom\u016f\",\"item\":\"https:\\\/\\\/naturalpoland.com\\\/cs\\\/\"},{\"@type\":\"ListItem\",\"position\":2,\"name\":\"Produkty\",\"item\":\"https:\\\/\\\/naturalpoland.com\\\/cs\\\/produkty\\\/\"},{\"@type\":\"ListItem\",\"position\":3,\"name\":\"Fermentovan\u00fd extrakt Yerba Santa\"}]},{\"@type\":\"WebSite\",\"@id\":\"https:\\\/\\\/naturalpoland.com\\\/cs\\\/#website\",\"url\":\"https:\\\/\\\/naturalpoland.com\\\/cs\\\/\",\"name\":\"NATURAL POLAND - Velkoobchodn\u00ed distributor surovin\",\"description\":\"Surowce dla przemys\u0142u spo\u017cywczego, kosmetycznego i farmaceutycznego\",\"publisher\":{\"@id\":\"https:\\\/\\\/naturalpoland.com\\\/cs\\\/#organization\"},\"potentialAction\":[{\"@type\":\"SearchAction\",\"target\":{\"@type\":\"EntryPoint\",\"urlTemplate\":\"https:\\\/\\\/naturalpoland.com\\\/cs\\\/?s={search_term_string}\"},\"query-input\":{\"@type\":\"PropertyValueSpecification\",\"valueRequired\":true,\"valueName\":\"search_term_string\"}}],\"inLanguage\":\"cs\"},{\"@type\":\"Organization\",\"@id\":\"https:\\\/\\\/naturalpoland.com\\\/cs\\\/#organization\",\"name\":\"Natural Poland\",\"url\":\"https:\\\/\\\/naturalpoland.com\\\/cs\\\/\",\"logo\":{\"@type\":\"ImageObject\",\"inLanguage\":\"cs\",\"@id\":\"https:\\\/\\\/naturalpoland.com\\\/cs\\\/#\\\/schema\\\/logo\\\/image\\\/\",\"url\":\"https:\\\/\\\/naturalpoland.com\\\/wp-content\\\/uploads\\\/2021\\\/05\\\/natural-poland-icon.png\",\"contentUrl\":\"https:\\\/\\\/naturalpoland.com\\\/wp-content\\\/uploads\\\/2021\\\/05\\\/natural-poland-icon.png\",\"width\":512,\"height\":512,\"caption\":\"Natural Poland\"},\"image\":{\"@id\":\"https:\\\/\\\/naturalpoland.com\\\/cs\\\/#\\\/schema\\\/logo\\\/image\\\/\"},\"sameAs\":[\"https:\\\/\\\/www.facebook.com\\\/naturalpoland.b2b\",\"https:\\\/\\\/pl.linkedin.com\\\/company\\\/natural-poland\",\"https:\\\/\\\/www.youtube.com\\\/channel\\\/UCgeGGkvOMahZo-xu_MSEWxg\"]}]}<\/script>\n<!-- \/ Yoast SEO plugin. -->","yoast_head_json":{"title":"Fermentovan\u00fd extrakt Yerba Santa - Velkoobchodn\u00ed distributor","description":"Fermentovan\u00fd extrakt z Yerba Santa je inovativn\u00ed kosmetick\u00e1 slo\u017eka, kter\u00e1 vynik\u00e1 sv\u00fdmi v\u00fdjime\u010dn\u00fdmi vlastnostmi v p\u00e9\u010di o ple\u0165.","robots":{"index":"index","follow":"follow","max-snippet":"max-snippet:-1","max-image-preview":"max-image-preview:large","max-video-preview":"max-video-preview:-1"},"canonical":"https:\/\/naturalpoland.com\/cs\/produkty\/produkty-pro-kosmeticky-prumysl\/fermentovane-extrakty\/fermentovany-vytazek-z-yerby-santa\/","og_locale":"cs_CZ","og_type":"article","og_title":"Fermentovan\u00fd extrakt Yerba Santa - Velkoobchodn\u00ed distributor","og_description":"Fermentovan\u00fd extrakt z Yerba Santa je inovativn\u00ed kosmetick\u00e1 slo\u017eka, kter\u00e1 vynik\u00e1 sv\u00fdmi v\u00fdjime\u010dn\u00fdmi vlastnostmi v p\u00e9\u010di o ple\u0165.","og_url":"https:\/\/naturalpoland.com\/cs\/produkty\/produkty-pro-kosmeticky-prumysl\/fermentovane-extrakty\/fermentovany-vytazek-z-yerby-santa\/","og_site_name":"NATURAL POLAND - Velkoobchodn\u00ed distributor surovin","article_publisher":"https:\/\/www.facebook.com\/naturalpoland.b2b","og_image":[{"width":590,"height":590,"url":"https:\/\/naturalpoland.com\/wp-content\/uploads\/fermentowany-ekstrakt-z-yerba-santa.png","type":"image\/png"}],"schema":{"@context":"https:\/\/schema.org","@graph":[{"@type":"WebPage","@id":"https:\/\/naturalpoland.com\/cs\/produkty\/produkty-pro-kosmeticky-prumysl\/fermentovane-extrakty\/fermentovany-vytazek-z-yerby-santa\/","url":"https:\/\/naturalpoland.com\/cs\/produkty\/produkty-pro-kosmeticky-prumysl\/fermentovane-extrakty\/fermentovany-vytazek-z-yerby-santa\/","name":"Fermentovan\u00fd extrakt Yerba Santa - Velkoobchodn\u00ed distributor","isPartOf":{"@id":"https:\/\/naturalpoland.com\/cs\/#website"},"primaryImageOfPage":{"@id":"https:\/\/naturalpoland.com\/cs\/produkty\/produkty-pro-kosmeticky-prumysl\/fermentovane-extrakty\/fermentovany-vytazek-z-yerby-santa\/#primaryimage"},"image":{"@id":"https:\/\/naturalpoland.com\/cs\/produkty\/produkty-pro-kosmeticky-prumysl\/fermentovane-extrakty\/fermentovany-vytazek-z-yerby-santa\/#primaryimage"},"thumbnailUrl":"https:\/\/naturalpoland.com\/wp-content\/uploads\/fermentowany-ekstrakt-z-yerba-santa.png","datePublished":"2023-10-06T09:28:34+00:00","description":"Fermentovan\u00fd extrakt z Yerba Santa je inovativn\u00ed kosmetick\u00e1 slo\u017eka, kter\u00e1 vynik\u00e1 sv\u00fdmi v\u00fdjime\u010dn\u00fdmi vlastnostmi v p\u00e9\u010di o ple\u0165.","breadcrumb":{"@id":"https:\/\/naturalpoland.com\/cs\/produkty\/produkty-pro-kosmeticky-prumysl\/fermentovane-extrakty\/fermentovany-vytazek-z-yerby-santa\/#breadcrumb"},"inLanguage":"cs","potentialAction":[{"@type":"ReadAction","target":["https:\/\/naturalpoland.com\/cs\/produkty\/produkty-pro-kosmeticky-prumysl\/fermentovane-extrakty\/fermentovany-vytazek-z-yerby-santa\/"]}]},{"@type":"ImageObject","inLanguage":"cs","@id":"https:\/\/naturalpoland.com\/cs\/produkty\/produkty-pro-kosmeticky-prumysl\/fermentovane-extrakty\/fermentovany-vytazek-z-yerby-santa\/#primaryimage","url":"https:\/\/naturalpoland.com\/wp-content\/uploads\/fermentowany-ekstrakt-z-yerba-santa.png","contentUrl":"https:\/\/naturalpoland.com\/wp-content\/uploads\/fermentowany-ekstrakt-z-yerba-santa.png","width":590,"height":590,"caption":"Fermentovan\u00fd extrakt Yerba Santa"},{"@type":"BreadcrumbList","@id":"https:\/\/naturalpoland.com\/cs\/produkty\/produkty-pro-kosmeticky-prumysl\/fermentovane-extrakty\/fermentovany-vytazek-z-yerby-santa\/#breadcrumb","itemListElement":[{"@type":"ListItem","position":1,"name":"Dom\u016f","item":"https:\/\/naturalpoland.com\/cs\/"},{"@type":"ListItem","position":2,"name":"Produkty","item":"https:\/\/naturalpoland.com\/cs\/produkty\/"},{"@type":"ListItem","position":3,"name":"Fermentovan\u00fd extrakt Yerba Santa"}]},{"@type":"WebSite","@id":"https:\/\/naturalpoland.com\/cs\/#website","url":"https:\/\/naturalpoland.com\/cs\/","name":"NATURAL POLAND - Velkoobchodn\u00ed distributor surovin","description":"Surowce dla przemys\u0142u spo\u017cywczego, kosmetycznego i farmaceutycznego","publisher":{"@id":"https:\/\/naturalpoland.com\/cs\/#organization"},"potentialAction":[{"@type":"SearchAction","target":{"@type":"EntryPoint","urlTemplate":"https:\/\/naturalpoland.com\/cs\/?s={search_term_string}"},"query-input":{"@type":"PropertyValueSpecification","valueRequired":true,"valueName":"search_term_string"}}],"inLanguage":"cs"},{"@type":"Organization","@id":"https:\/\/naturalpoland.com\/cs\/#organization","name":"Natural Poland","url":"https:\/\/naturalpoland.com\/cs\/","logo":{"@type":"ImageObject","inLanguage":"cs","@id":"https:\/\/naturalpoland.com\/cs\/#\/schema\/logo\/image\/","url":"https:\/\/naturalpoland.com\/wp-content\/uploads\/2021\/05\/natural-poland-icon.png","contentUrl":"https:\/\/naturalpoland.com\/wp-content\/uploads\/2021\/05\/natural-poland-icon.png","width":512,"height":512,"caption":"Natural Poland"},"image":{"@id":"https:\/\/naturalpoland.com\/cs\/#\/schema\/logo\/image\/"},"sameAs":["https:\/\/www.facebook.com\/naturalpoland.b2b","https:\/\/pl.linkedin.com\/company\/natural-poland","https:\/\/www.youtube.com\/channel\/UCgeGGkvOMahZo-xu_MSEWxg"]}]}},"_links":{"self":[{"href":"https:\/\/naturalpoland.com\/cs\/wp-json\/wp\/v2\/product\/26512","targetHints":{"allow":["GET"]}}],"collection":[{"href":"https:\/\/naturalpoland.com\/cs\/wp-json\/wp\/v2\/product"}],"about":[{"href":"https:\/\/naturalpoland.com\/cs\/wp-json\/wp\/v2\/types\/product"}],"wp:featuredmedia":[{"embeddable":true,"href":"https:\/\/naturalpoland.com\/cs\/wp-json\/wp\/v2\/media\/26480"}],"wp:attachment":[{"href":"https:\/\/naturalpoland.com\/cs\/wp-json\/wp\/v2\/media?parent=26512"}],"wp:term":[{"taxonomy":"product_brand","embeddable":true,"href":"https:\/\/naturalpoland.com\/cs\/wp-json\/wp\/v2\/product_brand?post=26512"},{"taxonomy":"product_cat","embeddable":true,"href":"https:\/\/naturalpoland.com\/cs\/wp-json\/wp\/v2\/product_cat?post=26512"},{"taxonomy":"product_tag","embeddable":true,"href":"https:\/\/naturalpoland.com\/cs\/wp-json\/wp\/v2\/product_tag?post=26512"}],"curies":[{"name":"wp","href":"https:\/\/api.w.org\/{rel}","templated":true}]}}