{"id":26514,"date":"2023-10-06T11:07:05","date_gmt":"2023-10-06T09:28:34","guid":{"rendered":"https:\/\/naturalpoland.com\/produkty\/nezarazene\/fermentovany-tymianovy-extrakt\/"},"modified":"2023-10-06T11:28:34","modified_gmt":"2023-10-06T09:28:34","slug":"fermentovany-vytazek-z-javoru","status":"publish","type":"product","link":"https:\/\/naturalpoland.com\/cs\/produkty\/produkty-pro-kosmeticky-prumysl\/fermentovane-extrakty\/fermentovany-vytazek-z-javoru\/","title":{"rendered":"Fermentovan\u00fd tymi\u00e1nov\u00fd extrakt"},"content":{"rendered":"<p>Mate\u0159\u00eddou\u0161ka, zn\u00e1m\u00e1 a cen\u011bn\u00e1 v <strong><br \/>\n  <a href=\"https:\/\/naturalpoland.com\/artykuly\/produkty-naturalne\/ziololecznictwo-a-fitoterapia-czym-sie-roznia\/\">bylinn\u00e9 medic\u00edn\u011b<\/a><br \/>\n<\/strong>, p\u0159in\u00e1\u0161\u00ed tomuto extraktu siln\u00e9 antibakteri\u00e1ln\u00ed, protiz\u00e1n\u011btliv\u00e9 a antioxida\u010dn\u00ed vlastnosti. To pom\u00e1h\u00e1 chr\u00e1nit poko\u017eku p\u0159ed negativn\u00edmi vlivy prost\u0159ed\u00ed, jako je zne\u010di\u0161t\u011bn\u00ed a UV z\u00e1\u0159en\u00ed. V\u00fdta\u017eek z tymi\u00e1nu podporuje p\u0159irozenou ochrannou bari\u00e9ru poko\u017eky a p\u0159isp\u00edv\u00e1 k jej\u00edmu zdrav\u00e9mu a regenerovan\u00e9mu vzhledu.<\/p>\n<p>Fermentovan\u00fd extrakt z mate\u0159\u00eddou\u0161ky je nav\u00edc ide\u00e1ln\u00ed pro mastnou a sm\u00ed\u0161enou ple\u0165. P\u0159\u00edrodn\u00ed aktivn\u00ed slo\u017eky, kter\u00e9 obsahuje, reguluj\u00ed tvorbu ko\u017en\u00edho mazu, zabra\u0148uj\u00ed vzniku nedokonalost\u00ed a poskytuj\u00ed matuj\u00edc\u00ed \u00fa\u010dinek. Extrakt nav\u00edc podporuje regeneraci ko\u017en\u00edch bun\u011bk, tak\u017ee je vhodn\u00fd pro pou\u017eit\u00ed v p\u0159\u00edpravc\u00edch ur\u010den\u00fdch pro zralou ple\u0165.<\/p>\n<p>D\u00edky tonizuj\u00edc\u00edmu a zpev\u0148uj\u00edc\u00edmu \u00fa\u010dinku tohoto v\u00fdta\u017eku je ple\u0165 pru\u017en\u011bj\u0161\u00ed a pevn\u011bj\u0161\u00ed, s rovnom\u011brn\u00fdm a z\u00e1\u0159iv\u00fdm t\u00f3nem. Je proto vynikaj\u00edc\u00ed slo\u017ekou pro p\u0159\u00edpravu kosmetiky pro v\u0161echny typy pleti.<\/p>\n<p>Fermentovan\u00fd extrakt z matricaria lze \u00fa\u010dinn\u011b pou\u017e\u00edt v \u0161irok\u00e9 \u0161k\u00e1le kosmetick\u00fdch p\u0159\u00edpravk\u016f: kr\u00e9my, s\u00e9ra, tonika, masky a p\u0159\u00edpravky pro p\u00e9\u010di o t\u011blo. D\u00edky sv\u00e9 v\u0161estrannosti a \u0161irok\u00e9mu spektru p\u016fsoben\u00ed je v kosmetick\u00e9m odv\u011btv\u00ed neoceniteln\u00fd. Zaveden\u00edm t\u00e9to slo\u017eky do sv\u00e9ho sortimentu v\u00fdrobk\u016f zajist\u00edte sv\u00fdm z\u00e1kazn\u00edk\u016fm vysoce kvalitn\u00ed a \u00fa\u010dinnou kosmetiku.<\/p>\n","protected":false},"excerpt":{"rendered":"<p>Fermentovan\u00fd <em>tymi\u00e1nov\u00fd<\/em> extrakt (INCI: <em>Wild Thyme Ferment Extract<\/em>) je jedine\u010dnou slo\u017ekou, kter\u00e1 je neoceniteln\u00e1 v pokro\u010dil\u00e9 p\u00e9\u010di o ple\u0165. Z\u00edsk\u00e1v\u00e1 se z tymi\u00e1nu fermenta\u010dn\u00edm procesem, nab\u00edz\u00ed zv\u00fd\u0161enou biologickou dostupnost \u00fa\u010dinn\u00fdch l\u00e1tek a inovativn\u00ed p\u0159\u00edstup ke ka\u017edodenn\u00ed p\u00e9\u010di o ple\u0165.<\/p>\n","protected":false},"featured_media":26467,"template":"","meta":{"_acf_changed":false},"product_brand":[],"product_cat":[2689],"product_tag":[],"class_list":{"0":"post-26514","1":"product","2":"type-product","3":"status-publish","4":"has-post-thumbnail","6":"product_cat-fermentovane-extrakty","8":"first","9":"instock","10":"shipping-taxable","11":"product-type-simple"},"acf":[],"yoast_head":"<!-- This site is optimized with the Yoast SEO plugin v27.4 - https:\/\/yoast.com\/product\/yoast-seo-wordpress\/ -->\n<title>Fermentovan\u00fd tymi\u00e1nov\u00fd extrakt - Velkoobchodn\u00ed distributor<\/title>\n<meta name=\"description\" content=\"Fermentovan\u00fd tymi\u00e1nov\u00fd extrakt (INCI: Wild Thyme Ferment Extract) je jedine\u010dnou slo\u017ekou, kter\u00e1 je neoceniteln\u00e1 v pokro\u010dil\u00e9 p\u00e9\u010di o ple\u0165.\" \/>\n<meta name=\"robots\" content=\"index, follow, max-snippet:-1, max-image-preview:large, max-video-preview:-1\" \/>\n<link rel=\"canonical\" href=\"https:\/\/naturalpoland.com\/cs\/produkty\/produkty-pro-kosmeticky-prumysl\/fermentovane-extrakty\/fermentovany-vytazek-z-javoru\/\" \/>\n<meta property=\"og:locale\" content=\"cs_CZ\" \/>\n<meta property=\"og:type\" content=\"article\" \/>\n<meta property=\"og:title\" content=\"Fermentovan\u00fd tymi\u00e1nov\u00fd extrakt - Velkoobchodn\u00ed distributor\" \/>\n<meta property=\"og:description\" content=\"Fermentovan\u00fd tymi\u00e1nov\u00fd extrakt (INCI: Wild Thyme Ferment Extract) je jedine\u010dnou slo\u017ekou, kter\u00e1 je neoceniteln\u00e1 v pokro\u010dil\u00e9 p\u00e9\u010di o ple\u0165.\" \/>\n<meta property=\"og:url\" content=\"https:\/\/naturalpoland.com\/cs\/produkty\/produkty-pro-kosmeticky-prumysl\/fermentovane-extrakty\/fermentovany-vytazek-z-javoru\/\" \/>\n<meta property=\"og:site_name\" content=\"NATURAL POLAND - Velkoobchodn\u00ed distributor surovin\" \/>\n<meta property=\"article:publisher\" content=\"https:\/\/www.facebook.com\/naturalpoland.b2b\" \/>\n<meta property=\"og:image\" content=\"https:\/\/naturalpoland.com\/wp-content\/uploads\/fermentowany-ekstrakt-z-macierzanki.png\" \/>\n\t<meta property=\"og:image:width\" content=\"590\" \/>\n\t<meta property=\"og:image:height\" content=\"590\" \/>\n\t<meta property=\"og:image:type\" content=\"image\/png\" \/>\n<script type=\"application\/ld+json\" class=\"yoast-schema-graph\">{\"@context\":\"https:\\\/\\\/schema.org\",\"@graph\":[{\"@type\":\"WebPage\",\"@id\":\"https:\\\/\\\/naturalpoland.com\\\/cs\\\/produkty\\\/produkty-pro-kosmeticky-prumysl\\\/fermentovane-extrakty\\\/fermentovany-vytazek-z-javoru\\\/\",\"url\":\"https:\\\/\\\/naturalpoland.com\\\/cs\\\/produkty\\\/produkty-pro-kosmeticky-prumysl\\\/fermentovane-extrakty\\\/fermentovany-vytazek-z-javoru\\\/\",\"name\":\"Fermentovan\u00fd tymi\u00e1nov\u00fd extrakt - Velkoobchodn\u00ed distributor\",\"isPartOf\":{\"@id\":\"https:\\\/\\\/naturalpoland.com\\\/cs\\\/#website\"},\"primaryImageOfPage\":{\"@id\":\"https:\\\/\\\/naturalpoland.com\\\/cs\\\/produkty\\\/produkty-pro-kosmeticky-prumysl\\\/fermentovane-extrakty\\\/fermentovany-vytazek-z-javoru\\\/#primaryimage\"},\"image\":{\"@id\":\"https:\\\/\\\/naturalpoland.com\\\/cs\\\/produkty\\\/produkty-pro-kosmeticky-prumysl\\\/fermentovane-extrakty\\\/fermentovany-vytazek-z-javoru\\\/#primaryimage\"},\"thumbnailUrl\":\"https:\\\/\\\/naturalpoland.com\\\/wp-content\\\/uploads\\\/fermentowany-ekstrakt-z-macierzanki.png\",\"datePublished\":\"2023-10-06T09:28:34+00:00\",\"description\":\"Fermentovan\u00fd tymi\u00e1nov\u00fd extrakt (INCI: Wild Thyme Ferment Extract) je jedine\u010dnou slo\u017ekou, kter\u00e1 je neoceniteln\u00e1 v pokro\u010dil\u00e9 p\u00e9\u010di o ple\u0165.\",\"breadcrumb\":{\"@id\":\"https:\\\/\\\/naturalpoland.com\\\/cs\\\/produkty\\\/produkty-pro-kosmeticky-prumysl\\\/fermentovane-extrakty\\\/fermentovany-vytazek-z-javoru\\\/#breadcrumb\"},\"inLanguage\":\"cs\",\"potentialAction\":[{\"@type\":\"ReadAction\",\"target\":[\"https:\\\/\\\/naturalpoland.com\\\/cs\\\/produkty\\\/produkty-pro-kosmeticky-prumysl\\\/fermentovane-extrakty\\\/fermentovany-vytazek-z-javoru\\\/\"]}]},{\"@type\":\"ImageObject\",\"inLanguage\":\"cs\",\"@id\":\"https:\\\/\\\/naturalpoland.com\\\/cs\\\/produkty\\\/produkty-pro-kosmeticky-prumysl\\\/fermentovane-extrakty\\\/fermentovany-vytazek-z-javoru\\\/#primaryimage\",\"url\":\"https:\\\/\\\/naturalpoland.com\\\/wp-content\\\/uploads\\\/fermentowany-ekstrakt-z-macierzanki.png\",\"contentUrl\":\"https:\\\/\\\/naturalpoland.com\\\/wp-content\\\/uploads\\\/fermentowany-ekstrakt-z-macierzanki.png\",\"width\":590,\"height\":590,\"caption\":\"fermentovan\u00fd tymi\u00e1nov\u00fd extrakt\"},{\"@type\":\"BreadcrumbList\",\"@id\":\"https:\\\/\\\/naturalpoland.com\\\/cs\\\/produkty\\\/produkty-pro-kosmeticky-prumysl\\\/fermentovane-extrakty\\\/fermentovany-vytazek-z-javoru\\\/#breadcrumb\",\"itemListElement\":[{\"@type\":\"ListItem\",\"position\":1,\"name\":\"Dom\u016f\",\"item\":\"https:\\\/\\\/naturalpoland.com\\\/cs\\\/\"},{\"@type\":\"ListItem\",\"position\":2,\"name\":\"Produkty\",\"item\":\"https:\\\/\\\/naturalpoland.com\\\/cs\\\/produkty\\\/\"},{\"@type\":\"ListItem\",\"position\":3,\"name\":\"Fermentovan\u00fd tymi\u00e1nov\u00fd extrakt\"}]},{\"@type\":\"WebSite\",\"@id\":\"https:\\\/\\\/naturalpoland.com\\\/cs\\\/#website\",\"url\":\"https:\\\/\\\/naturalpoland.com\\\/cs\\\/\",\"name\":\"NATURAL POLAND - Velkoobchodn\u00ed distributor surovin\",\"description\":\"Surowce dla przemys\u0142u spo\u017cywczego, kosmetycznego i farmaceutycznego\",\"publisher\":{\"@id\":\"https:\\\/\\\/naturalpoland.com\\\/cs\\\/#organization\"},\"potentialAction\":[{\"@type\":\"SearchAction\",\"target\":{\"@type\":\"EntryPoint\",\"urlTemplate\":\"https:\\\/\\\/naturalpoland.com\\\/cs\\\/?s={search_term_string}\"},\"query-input\":{\"@type\":\"PropertyValueSpecification\",\"valueRequired\":true,\"valueName\":\"search_term_string\"}}],\"inLanguage\":\"cs\"},{\"@type\":\"Organization\",\"@id\":\"https:\\\/\\\/naturalpoland.com\\\/cs\\\/#organization\",\"name\":\"Natural Poland\",\"url\":\"https:\\\/\\\/naturalpoland.com\\\/cs\\\/\",\"logo\":{\"@type\":\"ImageObject\",\"inLanguage\":\"cs\",\"@id\":\"https:\\\/\\\/naturalpoland.com\\\/cs\\\/#\\\/schema\\\/logo\\\/image\\\/\",\"url\":\"https:\\\/\\\/naturalpoland.com\\\/wp-content\\\/uploads\\\/2021\\\/05\\\/natural-poland-icon.png\",\"contentUrl\":\"https:\\\/\\\/naturalpoland.com\\\/wp-content\\\/uploads\\\/2021\\\/05\\\/natural-poland-icon.png\",\"width\":512,\"height\":512,\"caption\":\"Natural Poland\"},\"image\":{\"@id\":\"https:\\\/\\\/naturalpoland.com\\\/cs\\\/#\\\/schema\\\/logo\\\/image\\\/\"},\"sameAs\":[\"https:\\\/\\\/www.facebook.com\\\/naturalpoland.b2b\",\"https:\\\/\\\/pl.linkedin.com\\\/company\\\/natural-poland\",\"https:\\\/\\\/www.youtube.com\\\/channel\\\/UCgeGGkvOMahZo-xu_MSEWxg\"]}]}<\/script>\n<!-- \/ Yoast SEO plugin. -->","yoast_head_json":{"title":"Fermentovan\u00fd tymi\u00e1nov\u00fd extrakt - Velkoobchodn\u00ed distributor","description":"Fermentovan\u00fd tymi\u00e1nov\u00fd extrakt (INCI: Wild Thyme Ferment Extract) je jedine\u010dnou slo\u017ekou, kter\u00e1 je neoceniteln\u00e1 v pokro\u010dil\u00e9 p\u00e9\u010di o ple\u0165.","robots":{"index":"index","follow":"follow","max-snippet":"max-snippet:-1","max-image-preview":"max-image-preview:large","max-video-preview":"max-video-preview:-1"},"canonical":"https:\/\/naturalpoland.com\/cs\/produkty\/produkty-pro-kosmeticky-prumysl\/fermentovane-extrakty\/fermentovany-vytazek-z-javoru\/","og_locale":"cs_CZ","og_type":"article","og_title":"Fermentovan\u00fd tymi\u00e1nov\u00fd extrakt - Velkoobchodn\u00ed distributor","og_description":"Fermentovan\u00fd tymi\u00e1nov\u00fd extrakt (INCI: Wild Thyme Ferment Extract) je jedine\u010dnou slo\u017ekou, kter\u00e1 je neoceniteln\u00e1 v pokro\u010dil\u00e9 p\u00e9\u010di o ple\u0165.","og_url":"https:\/\/naturalpoland.com\/cs\/produkty\/produkty-pro-kosmeticky-prumysl\/fermentovane-extrakty\/fermentovany-vytazek-z-javoru\/","og_site_name":"NATURAL POLAND - Velkoobchodn\u00ed distributor surovin","article_publisher":"https:\/\/www.facebook.com\/naturalpoland.b2b","og_image":[{"width":590,"height":590,"url":"https:\/\/naturalpoland.com\/wp-content\/uploads\/fermentowany-ekstrakt-z-macierzanki.png","type":"image\/png"}],"schema":{"@context":"https:\/\/schema.org","@graph":[{"@type":"WebPage","@id":"https:\/\/naturalpoland.com\/cs\/produkty\/produkty-pro-kosmeticky-prumysl\/fermentovane-extrakty\/fermentovany-vytazek-z-javoru\/","url":"https:\/\/naturalpoland.com\/cs\/produkty\/produkty-pro-kosmeticky-prumysl\/fermentovane-extrakty\/fermentovany-vytazek-z-javoru\/","name":"Fermentovan\u00fd tymi\u00e1nov\u00fd extrakt - Velkoobchodn\u00ed distributor","isPartOf":{"@id":"https:\/\/naturalpoland.com\/cs\/#website"},"primaryImageOfPage":{"@id":"https:\/\/naturalpoland.com\/cs\/produkty\/produkty-pro-kosmeticky-prumysl\/fermentovane-extrakty\/fermentovany-vytazek-z-javoru\/#primaryimage"},"image":{"@id":"https:\/\/naturalpoland.com\/cs\/produkty\/produkty-pro-kosmeticky-prumysl\/fermentovane-extrakty\/fermentovany-vytazek-z-javoru\/#primaryimage"},"thumbnailUrl":"https:\/\/naturalpoland.com\/wp-content\/uploads\/fermentowany-ekstrakt-z-macierzanki.png","datePublished":"2023-10-06T09:28:34+00:00","description":"Fermentovan\u00fd tymi\u00e1nov\u00fd extrakt (INCI: Wild Thyme Ferment Extract) je jedine\u010dnou slo\u017ekou, kter\u00e1 je neoceniteln\u00e1 v pokro\u010dil\u00e9 p\u00e9\u010di o ple\u0165.","breadcrumb":{"@id":"https:\/\/naturalpoland.com\/cs\/produkty\/produkty-pro-kosmeticky-prumysl\/fermentovane-extrakty\/fermentovany-vytazek-z-javoru\/#breadcrumb"},"inLanguage":"cs","potentialAction":[{"@type":"ReadAction","target":["https:\/\/naturalpoland.com\/cs\/produkty\/produkty-pro-kosmeticky-prumysl\/fermentovane-extrakty\/fermentovany-vytazek-z-javoru\/"]}]},{"@type":"ImageObject","inLanguage":"cs","@id":"https:\/\/naturalpoland.com\/cs\/produkty\/produkty-pro-kosmeticky-prumysl\/fermentovane-extrakty\/fermentovany-vytazek-z-javoru\/#primaryimage","url":"https:\/\/naturalpoland.com\/wp-content\/uploads\/fermentowany-ekstrakt-z-macierzanki.png","contentUrl":"https:\/\/naturalpoland.com\/wp-content\/uploads\/fermentowany-ekstrakt-z-macierzanki.png","width":590,"height":590,"caption":"fermentovan\u00fd tymi\u00e1nov\u00fd extrakt"},{"@type":"BreadcrumbList","@id":"https:\/\/naturalpoland.com\/cs\/produkty\/produkty-pro-kosmeticky-prumysl\/fermentovane-extrakty\/fermentovany-vytazek-z-javoru\/#breadcrumb","itemListElement":[{"@type":"ListItem","position":1,"name":"Dom\u016f","item":"https:\/\/naturalpoland.com\/cs\/"},{"@type":"ListItem","position":2,"name":"Produkty","item":"https:\/\/naturalpoland.com\/cs\/produkty\/"},{"@type":"ListItem","position":3,"name":"Fermentovan\u00fd tymi\u00e1nov\u00fd extrakt"}]},{"@type":"WebSite","@id":"https:\/\/naturalpoland.com\/cs\/#website","url":"https:\/\/naturalpoland.com\/cs\/","name":"NATURAL POLAND - Velkoobchodn\u00ed distributor surovin","description":"Surowce dla przemys\u0142u spo\u017cywczego, kosmetycznego i farmaceutycznego","publisher":{"@id":"https:\/\/naturalpoland.com\/cs\/#organization"},"potentialAction":[{"@type":"SearchAction","target":{"@type":"EntryPoint","urlTemplate":"https:\/\/naturalpoland.com\/cs\/?s={search_term_string}"},"query-input":{"@type":"PropertyValueSpecification","valueRequired":true,"valueName":"search_term_string"}}],"inLanguage":"cs"},{"@type":"Organization","@id":"https:\/\/naturalpoland.com\/cs\/#organization","name":"Natural Poland","url":"https:\/\/naturalpoland.com\/cs\/","logo":{"@type":"ImageObject","inLanguage":"cs","@id":"https:\/\/naturalpoland.com\/cs\/#\/schema\/logo\/image\/","url":"https:\/\/naturalpoland.com\/wp-content\/uploads\/2021\/05\/natural-poland-icon.png","contentUrl":"https:\/\/naturalpoland.com\/wp-content\/uploads\/2021\/05\/natural-poland-icon.png","width":512,"height":512,"caption":"Natural Poland"},"image":{"@id":"https:\/\/naturalpoland.com\/cs\/#\/schema\/logo\/image\/"},"sameAs":["https:\/\/www.facebook.com\/naturalpoland.b2b","https:\/\/pl.linkedin.com\/company\/natural-poland","https:\/\/www.youtube.com\/channel\/UCgeGGkvOMahZo-xu_MSEWxg"]}]}},"_links":{"self":[{"href":"https:\/\/naturalpoland.com\/cs\/wp-json\/wp\/v2\/product\/26514","targetHints":{"allow":["GET"]}}],"collection":[{"href":"https:\/\/naturalpoland.com\/cs\/wp-json\/wp\/v2\/product"}],"about":[{"href":"https:\/\/naturalpoland.com\/cs\/wp-json\/wp\/v2\/types\/product"}],"wp:featuredmedia":[{"embeddable":true,"href":"https:\/\/naturalpoland.com\/cs\/wp-json\/wp\/v2\/media\/26467"}],"wp:attachment":[{"href":"https:\/\/naturalpoland.com\/cs\/wp-json\/wp\/v2\/media?parent=26514"}],"wp:term":[{"taxonomy":"product_brand","embeddable":true,"href":"https:\/\/naturalpoland.com\/cs\/wp-json\/wp\/v2\/product_brand?post=26514"},{"taxonomy":"product_cat","embeddable":true,"href":"https:\/\/naturalpoland.com\/cs\/wp-json\/wp\/v2\/product_cat?post=26514"},{"taxonomy":"product_tag","embeddable":true,"href":"https:\/\/naturalpoland.com\/cs\/wp-json\/wp\/v2\/product_tag?post=26514"}],"curies":[{"name":"wp","href":"https:\/\/api.w.org\/{rel}","templated":true}]}}