{"id":26530,"date":"2023-10-06T11:02:17","date_gmt":"2023-10-06T09:02:17","guid":{"rendered":"https:\/\/naturalpoland.com\/produkty\/nezarazene\/fermentovany-sipkovy-extrakt\/"},"modified":"2023-10-06T11:28:41","modified_gmt":"2023-10-06T09:28:41","slug":"fermentovany-ovocny-vytazek-z-divoke-ruze","status":"publish","type":"product","link":"https:\/\/naturalpoland.com\/cs\/produkty\/produkty-pro-kosmeticky-prumysl\/fermentovane-extrakty\/fermentovany-ovocny-vytazek-z-divoke-ruze\/","title":{"rendered":"Fermentovan\u00fd \u0161\u00edpkov\u00fd extrakt"},"content":{"rendered":"<p>Extrakt ze \u0161\u00edpk\u016f je zn\u00e1m\u00fd vysok\u00fdm obsahem vitaminu C, siln\u00e9ho antioxidantu, kter\u00fd chr\u00e1n\u00ed ple\u0165 p\u0159ed po\u0161kozen\u00edm voln\u00fdmi radik\u00e1ly a dod\u00e1v\u00e1 j\u00ed mladistv\u00fd a z\u00e1\u0159iv\u00fd vzhled. Vitamin C tak\u00e9 podporuje tvorbu kolagenu, \u010d\u00edm\u017e pom\u00e1h\u00e1 udr\u017eovat pru\u017enost a pevnost poko\u017eky.<\/p>\n<p>Fermentovan\u00fd extrakt z plod\u016f divok\u00e9 r\u016f\u017ee tak\u00e9 poskytuje d\u016fle\u017eit\u00e9 mastn\u00e9 kyseliny, kter\u00e9 intenzivn\u011b hydratuj\u00ed a regeneruj\u00ed poko\u017eku a pom\u00e1haj\u00ed zabra\u0148ovat ztr\u00e1t\u011b vody z poko\u017eky. V\u00fdsledkem je hladk\u00e1, jemn\u00e1 a dob\u0159e hydratovan\u00e1 ple\u0165, redukovan\u00e9 linky a vr\u00e1sky a celkov\u011b lep\u0161\u00ed textura a t\u00f3n pleti.<\/p>\n<p>D\u00edky sv\u00fdm rozjas\u0148uj\u00edc\u00edm a vyhlazuj\u00edc\u00edm vlastnostem je ide\u00e1ln\u00ed pro pou\u017eit\u00ed v produktech ur\u010den\u00fdch pro ple\u0165 s probl\u00e9my s pigmentac\u00ed, jizvami po akn\u00e9 nebo jin\u00fdmi nedokonalostmi. Extrakt pom\u00e1h\u00e1 vyrovn\u00e1vat t\u00f3n pleti, zlep\u0161uje jej\u00ed jas a vitalitu.<\/p>\n<p>Extrakt se doporu\u010duje do \u0161irok\u00e9 \u0161k\u00e1ly produkt\u016f p\u00e9\u010de o ple\u0165, jako jsou kr\u00e9my, s\u00e9ra, masky, tonika a t\u011blov\u00e1 ml\u00e9ka. D\u00edky sv\u00fdm v\u0161estrann\u00fdm vlastnostem je vynikaj\u00edc\u00edm dopl\u0148kem kosmetick\u00fdch p\u0159\u00edpravk\u016f ur\u010den\u00fdch pro r\u016fzn\u00e9 typy pleti, v\u010detn\u011b citliv\u00e9, zral\u00e9 nebo problematick\u00e9.<\/p>\n<p>Fermentovan\u00fd extrakt z plod\u016f divok\u00e9 r\u016f\u017ee je tajemstv\u00edm luxusn\u00ed p\u0159\u00edrodn\u00ed p\u00e9\u010de o ple\u0165, kterou ocen\u00ed va\u0161i z\u00e1kazn\u00edci hledaj\u00edc\u00ed \u00fa\u010dinn\u00e1, ale bezpe\u010dn\u00e1 a p\u0159\u00edrodn\u00ed kosmetick\u00e1 \u0159e\u0161en\u00ed.<\/p>\n","protected":false},"excerpt":{"rendered":"<p>Fermentovan\u00fd extrakt z plod\u016f divok\u00e9 <em>r\u016f\u017ee<\/em>(INCI: <em>Rose Hips Ferment Extract<\/em>) je d\u00edky sv\u00fdm jedine\u010dn\u00fdm a \u00fa\u010dinn\u00fdm vlastnostem v p\u00e9\u010di o ple\u0165 vysoce cen\u011bnou slo\u017ekou v kosmetick\u00e9m pr\u016fmyslu. Tento extrakt, kter\u00fd se vyr\u00e1b\u00ed pokro\u010dil\u00fdm procesem fermentace \u0161\u00edpk\u016f, poskytuje pleti synergii bohat\u00fdch \u017eivin, vitam\u00edn\u016f a antioxidant\u016f.<\/p>\n","protected":false},"featured_media":26454,"template":"","meta":{"_acf_changed":false},"product_brand":[],"product_cat":[2689],"product_tag":[],"class_list":{"0":"post-26530","1":"product","2":"type-product","3":"status-publish","4":"has-post-thumbnail","6":"product_cat-fermentovane-extrakty","8":"first","9":"instock","10":"shipping-taxable","11":"product-type-simple"},"acf":[],"yoast_head":"<!-- This site is optimized with the Yoast SEO plugin v27.4 - https:\/\/yoast.com\/product\/yoast-seo-wordpress\/ -->\n<title>Fermentovan\u00fd \u0161\u00edpkov\u00fd extrakt - Velkoobchodn\u00ed distributor<\/title>\n<meta name=\"robots\" content=\"index, follow, max-snippet:-1, max-image-preview:large, max-video-preview:-1\" \/>\n<link rel=\"canonical\" href=\"https:\/\/naturalpoland.com\/cs\/produkty\/produkty-pro-kosmeticky-prumysl\/fermentovane-extrakty\/fermentovany-ovocny-vytazek-z-divoke-ruze\/\" \/>\n<meta property=\"og:locale\" content=\"cs_CZ\" \/>\n<meta property=\"og:type\" content=\"article\" \/>\n<meta property=\"og:title\" content=\"Fermentovan\u00fd \u0161\u00edpkov\u00fd extrakt - Velkoobchodn\u00ed distributor\" \/>\n<meta property=\"og:description\" content=\"Fermentovan\u00fd extrakt z plod\u016f divok\u00e9 r\u016f\u017ee(INCI: Rose Hips Ferment Extract) je d\u00edky sv\u00fdm jedine\u010dn\u00fdm a \u00fa\u010dinn\u00fdm vlastnostem v p\u00e9\u010di o ple\u0165 vysoce cen\u011bnou slo\u017ekou v kosmetick\u00e9m pr\u016fmyslu. Tento extrakt, kter\u00fd se vyr\u00e1b\u00ed pokro\u010dil\u00fdm procesem fermentace \u0161\u00edpk\u016f, poskytuje pleti synergii bohat\u00fdch \u017eivin, vitam\u00edn\u016f a antioxidant\u016f.\" \/>\n<meta property=\"og:url\" content=\"https:\/\/naturalpoland.com\/cs\/produkty\/produkty-pro-kosmeticky-prumysl\/fermentovane-extrakty\/fermentovany-ovocny-vytazek-z-divoke-ruze\/\" \/>\n<meta property=\"og:site_name\" content=\"NATURAL POLAND - Velkoobchodn\u00ed distributor surovin\" \/>\n<meta property=\"article:publisher\" content=\"https:\/\/www.facebook.com\/naturalpoland.b2b\" \/>\n<meta property=\"article:modified_time\" content=\"2023-10-06T09:28:41+00:00\" \/>\n<meta property=\"og:image\" content=\"https:\/\/naturalpoland.com\/wp-content\/uploads\/fermentowany-ekstrakt-z-owocow-dzikiej-rozy.png\" \/>\n\t<meta property=\"og:image:width\" content=\"590\" \/>\n\t<meta property=\"og:image:height\" content=\"590\" \/>\n\t<meta property=\"og:image:type\" content=\"image\/png\" \/>\n<script type=\"application\/ld+json\" class=\"yoast-schema-graph\">{\"@context\":\"https:\\\/\\\/schema.org\",\"@graph\":[{\"@type\":\"WebPage\",\"@id\":\"https:\\\/\\\/naturalpoland.com\\\/cs\\\/produkty\\\/produkty-pro-kosmeticky-prumysl\\\/fermentovane-extrakty\\\/fermentovany-ovocny-vytazek-z-divoke-ruze\\\/\",\"url\":\"https:\\\/\\\/naturalpoland.com\\\/cs\\\/produkty\\\/produkty-pro-kosmeticky-prumysl\\\/fermentovane-extrakty\\\/fermentovany-ovocny-vytazek-z-divoke-ruze\\\/\",\"name\":\"Fermentovan\u00fd \u0161\u00edpkov\u00fd extrakt - Velkoobchodn\u00ed distributor\",\"isPartOf\":{\"@id\":\"https:\\\/\\\/naturalpoland.com\\\/cs\\\/#website\"},\"primaryImageOfPage\":{\"@id\":\"https:\\\/\\\/naturalpoland.com\\\/cs\\\/produkty\\\/produkty-pro-kosmeticky-prumysl\\\/fermentovane-extrakty\\\/fermentovany-ovocny-vytazek-z-divoke-ruze\\\/#primaryimage\"},\"image\":{\"@id\":\"https:\\\/\\\/naturalpoland.com\\\/cs\\\/produkty\\\/produkty-pro-kosmeticky-prumysl\\\/fermentovane-extrakty\\\/fermentovany-ovocny-vytazek-z-divoke-ruze\\\/#primaryimage\"},\"thumbnailUrl\":\"https:\\\/\\\/naturalpoland.com\\\/wp-content\\\/uploads\\\/fermentowany-ekstrakt-z-owocow-dzikiej-rozy.png\",\"datePublished\":\"2023-10-06T09:02:17+00:00\",\"dateModified\":\"2023-10-06T09:28:41+00:00\",\"breadcrumb\":{\"@id\":\"https:\\\/\\\/naturalpoland.com\\\/cs\\\/produkty\\\/produkty-pro-kosmeticky-prumysl\\\/fermentovane-extrakty\\\/fermentovany-ovocny-vytazek-z-divoke-ruze\\\/#breadcrumb\"},\"inLanguage\":\"cs\",\"potentialAction\":[{\"@type\":\"ReadAction\",\"target\":[\"https:\\\/\\\/naturalpoland.com\\\/cs\\\/produkty\\\/produkty-pro-kosmeticky-prumysl\\\/fermentovane-extrakty\\\/fermentovany-ovocny-vytazek-z-divoke-ruze\\\/\"]}]},{\"@type\":\"ImageObject\",\"inLanguage\":\"cs\",\"@id\":\"https:\\\/\\\/naturalpoland.com\\\/cs\\\/produkty\\\/produkty-pro-kosmeticky-prumysl\\\/fermentovane-extrakty\\\/fermentovany-ovocny-vytazek-z-divoke-ruze\\\/#primaryimage\",\"url\":\"https:\\\/\\\/naturalpoland.com\\\/wp-content\\\/uploads\\\/fermentowany-ekstrakt-z-owocow-dzikiej-rozy.png\",\"contentUrl\":\"https:\\\/\\\/naturalpoland.com\\\/wp-content\\\/uploads\\\/fermentowany-ekstrakt-z-owocow-dzikiej-rozy.png\",\"width\":590,\"height\":590,\"caption\":\"fermentovan\u00fd \u0161\u00edpkov\u00fd extrakt\"},{\"@type\":\"BreadcrumbList\",\"@id\":\"https:\\\/\\\/naturalpoland.com\\\/cs\\\/produkty\\\/produkty-pro-kosmeticky-prumysl\\\/fermentovane-extrakty\\\/fermentovany-ovocny-vytazek-z-divoke-ruze\\\/#breadcrumb\",\"itemListElement\":[{\"@type\":\"ListItem\",\"position\":1,\"name\":\"Dom\u016f\",\"item\":\"https:\\\/\\\/naturalpoland.com\\\/cs\\\/\"},{\"@type\":\"ListItem\",\"position\":2,\"name\":\"Produkty\",\"item\":\"https:\\\/\\\/naturalpoland.com\\\/cs\\\/produkty\\\/\"},{\"@type\":\"ListItem\",\"position\":3,\"name\":\"Fermentovan\u00fd \u0161\u00edpkov\u00fd extrakt\"}]},{\"@type\":\"WebSite\",\"@id\":\"https:\\\/\\\/naturalpoland.com\\\/cs\\\/#website\",\"url\":\"https:\\\/\\\/naturalpoland.com\\\/cs\\\/\",\"name\":\"NATURAL POLAND - Velkoobchodn\u00ed distributor surovin\",\"description\":\"Surowce dla przemys\u0142u spo\u017cywczego, kosmetycznego i farmaceutycznego\",\"publisher\":{\"@id\":\"https:\\\/\\\/naturalpoland.com\\\/cs\\\/#organization\"},\"potentialAction\":[{\"@type\":\"SearchAction\",\"target\":{\"@type\":\"EntryPoint\",\"urlTemplate\":\"https:\\\/\\\/naturalpoland.com\\\/cs\\\/?s={search_term_string}\"},\"query-input\":{\"@type\":\"PropertyValueSpecification\",\"valueRequired\":true,\"valueName\":\"search_term_string\"}}],\"inLanguage\":\"cs\"},{\"@type\":\"Organization\",\"@id\":\"https:\\\/\\\/naturalpoland.com\\\/cs\\\/#organization\",\"name\":\"Natural Poland\",\"url\":\"https:\\\/\\\/naturalpoland.com\\\/cs\\\/\",\"logo\":{\"@type\":\"ImageObject\",\"inLanguage\":\"cs\",\"@id\":\"https:\\\/\\\/naturalpoland.com\\\/cs\\\/#\\\/schema\\\/logo\\\/image\\\/\",\"url\":\"https:\\\/\\\/naturalpoland.com\\\/wp-content\\\/uploads\\\/2021\\\/05\\\/natural-poland-icon.png\",\"contentUrl\":\"https:\\\/\\\/naturalpoland.com\\\/wp-content\\\/uploads\\\/2021\\\/05\\\/natural-poland-icon.png\",\"width\":512,\"height\":512,\"caption\":\"Natural Poland\"},\"image\":{\"@id\":\"https:\\\/\\\/naturalpoland.com\\\/cs\\\/#\\\/schema\\\/logo\\\/image\\\/\"},\"sameAs\":[\"https:\\\/\\\/www.facebook.com\\\/naturalpoland.b2b\",\"https:\\\/\\\/pl.linkedin.com\\\/company\\\/natural-poland\",\"https:\\\/\\\/www.youtube.com\\\/channel\\\/UCgeGGkvOMahZo-xu_MSEWxg\"]}]}<\/script>\n<!-- \/ Yoast SEO plugin. -->","yoast_head_json":{"title":"Fermentovan\u00fd \u0161\u00edpkov\u00fd extrakt - Velkoobchodn\u00ed distributor","robots":{"index":"index","follow":"follow","max-snippet":"max-snippet:-1","max-image-preview":"max-image-preview:large","max-video-preview":"max-video-preview:-1"},"canonical":"https:\/\/naturalpoland.com\/cs\/produkty\/produkty-pro-kosmeticky-prumysl\/fermentovane-extrakty\/fermentovany-ovocny-vytazek-z-divoke-ruze\/","og_locale":"cs_CZ","og_type":"article","og_title":"Fermentovan\u00fd \u0161\u00edpkov\u00fd extrakt - Velkoobchodn\u00ed distributor","og_description":"Fermentovan\u00fd extrakt z plod\u016f divok\u00e9 r\u016f\u017ee(INCI: Rose Hips Ferment Extract) je d\u00edky sv\u00fdm jedine\u010dn\u00fdm a \u00fa\u010dinn\u00fdm vlastnostem v p\u00e9\u010di o ple\u0165 vysoce cen\u011bnou slo\u017ekou v kosmetick\u00e9m pr\u016fmyslu. Tento extrakt, kter\u00fd se vyr\u00e1b\u00ed pokro\u010dil\u00fdm procesem fermentace \u0161\u00edpk\u016f, poskytuje pleti synergii bohat\u00fdch \u017eivin, vitam\u00edn\u016f a antioxidant\u016f.","og_url":"https:\/\/naturalpoland.com\/cs\/produkty\/produkty-pro-kosmeticky-prumysl\/fermentovane-extrakty\/fermentovany-ovocny-vytazek-z-divoke-ruze\/","og_site_name":"NATURAL POLAND - Velkoobchodn\u00ed distributor surovin","article_publisher":"https:\/\/www.facebook.com\/naturalpoland.b2b","article_modified_time":"2023-10-06T09:28:41+00:00","og_image":[{"width":590,"height":590,"url":"https:\/\/naturalpoland.com\/wp-content\/uploads\/fermentowany-ekstrakt-z-owocow-dzikiej-rozy.png","type":"image\/png"}],"schema":{"@context":"https:\/\/schema.org","@graph":[{"@type":"WebPage","@id":"https:\/\/naturalpoland.com\/cs\/produkty\/produkty-pro-kosmeticky-prumysl\/fermentovane-extrakty\/fermentovany-ovocny-vytazek-z-divoke-ruze\/","url":"https:\/\/naturalpoland.com\/cs\/produkty\/produkty-pro-kosmeticky-prumysl\/fermentovane-extrakty\/fermentovany-ovocny-vytazek-z-divoke-ruze\/","name":"Fermentovan\u00fd \u0161\u00edpkov\u00fd extrakt - Velkoobchodn\u00ed distributor","isPartOf":{"@id":"https:\/\/naturalpoland.com\/cs\/#website"},"primaryImageOfPage":{"@id":"https:\/\/naturalpoland.com\/cs\/produkty\/produkty-pro-kosmeticky-prumysl\/fermentovane-extrakty\/fermentovany-ovocny-vytazek-z-divoke-ruze\/#primaryimage"},"image":{"@id":"https:\/\/naturalpoland.com\/cs\/produkty\/produkty-pro-kosmeticky-prumysl\/fermentovane-extrakty\/fermentovany-ovocny-vytazek-z-divoke-ruze\/#primaryimage"},"thumbnailUrl":"https:\/\/naturalpoland.com\/wp-content\/uploads\/fermentowany-ekstrakt-z-owocow-dzikiej-rozy.png","datePublished":"2023-10-06T09:02:17+00:00","dateModified":"2023-10-06T09:28:41+00:00","breadcrumb":{"@id":"https:\/\/naturalpoland.com\/cs\/produkty\/produkty-pro-kosmeticky-prumysl\/fermentovane-extrakty\/fermentovany-ovocny-vytazek-z-divoke-ruze\/#breadcrumb"},"inLanguage":"cs","potentialAction":[{"@type":"ReadAction","target":["https:\/\/naturalpoland.com\/cs\/produkty\/produkty-pro-kosmeticky-prumysl\/fermentovane-extrakty\/fermentovany-ovocny-vytazek-z-divoke-ruze\/"]}]},{"@type":"ImageObject","inLanguage":"cs","@id":"https:\/\/naturalpoland.com\/cs\/produkty\/produkty-pro-kosmeticky-prumysl\/fermentovane-extrakty\/fermentovany-ovocny-vytazek-z-divoke-ruze\/#primaryimage","url":"https:\/\/naturalpoland.com\/wp-content\/uploads\/fermentowany-ekstrakt-z-owocow-dzikiej-rozy.png","contentUrl":"https:\/\/naturalpoland.com\/wp-content\/uploads\/fermentowany-ekstrakt-z-owocow-dzikiej-rozy.png","width":590,"height":590,"caption":"fermentovan\u00fd \u0161\u00edpkov\u00fd extrakt"},{"@type":"BreadcrumbList","@id":"https:\/\/naturalpoland.com\/cs\/produkty\/produkty-pro-kosmeticky-prumysl\/fermentovane-extrakty\/fermentovany-ovocny-vytazek-z-divoke-ruze\/#breadcrumb","itemListElement":[{"@type":"ListItem","position":1,"name":"Dom\u016f","item":"https:\/\/naturalpoland.com\/cs\/"},{"@type":"ListItem","position":2,"name":"Produkty","item":"https:\/\/naturalpoland.com\/cs\/produkty\/"},{"@type":"ListItem","position":3,"name":"Fermentovan\u00fd \u0161\u00edpkov\u00fd extrakt"}]},{"@type":"WebSite","@id":"https:\/\/naturalpoland.com\/cs\/#website","url":"https:\/\/naturalpoland.com\/cs\/","name":"NATURAL POLAND - Velkoobchodn\u00ed distributor surovin","description":"Surowce dla przemys\u0142u spo\u017cywczego, kosmetycznego i farmaceutycznego","publisher":{"@id":"https:\/\/naturalpoland.com\/cs\/#organization"},"potentialAction":[{"@type":"SearchAction","target":{"@type":"EntryPoint","urlTemplate":"https:\/\/naturalpoland.com\/cs\/?s={search_term_string}"},"query-input":{"@type":"PropertyValueSpecification","valueRequired":true,"valueName":"search_term_string"}}],"inLanguage":"cs"},{"@type":"Organization","@id":"https:\/\/naturalpoland.com\/cs\/#organization","name":"Natural Poland","url":"https:\/\/naturalpoland.com\/cs\/","logo":{"@type":"ImageObject","inLanguage":"cs","@id":"https:\/\/naturalpoland.com\/cs\/#\/schema\/logo\/image\/","url":"https:\/\/naturalpoland.com\/wp-content\/uploads\/2021\/05\/natural-poland-icon.png","contentUrl":"https:\/\/naturalpoland.com\/wp-content\/uploads\/2021\/05\/natural-poland-icon.png","width":512,"height":512,"caption":"Natural Poland"},"image":{"@id":"https:\/\/naturalpoland.com\/cs\/#\/schema\/logo\/image\/"},"sameAs":["https:\/\/www.facebook.com\/naturalpoland.b2b","https:\/\/pl.linkedin.com\/company\/natural-poland","https:\/\/www.youtube.com\/channel\/UCgeGGkvOMahZo-xu_MSEWxg"]}]}},"_links":{"self":[{"href":"https:\/\/naturalpoland.com\/cs\/wp-json\/wp\/v2\/product\/26530","targetHints":{"allow":["GET"]}}],"collection":[{"href":"https:\/\/naturalpoland.com\/cs\/wp-json\/wp\/v2\/product"}],"about":[{"href":"https:\/\/naturalpoland.com\/cs\/wp-json\/wp\/v2\/types\/product"}],"wp:featuredmedia":[{"embeddable":true,"href":"https:\/\/naturalpoland.com\/cs\/wp-json\/wp\/v2\/media\/26454"}],"wp:attachment":[{"href":"https:\/\/naturalpoland.com\/cs\/wp-json\/wp\/v2\/media?parent=26530"}],"wp:term":[{"taxonomy":"product_brand","embeddable":true,"href":"https:\/\/naturalpoland.com\/cs\/wp-json\/wp\/v2\/product_brand?post=26530"},{"taxonomy":"product_cat","embeddable":true,"href":"https:\/\/naturalpoland.com\/cs\/wp-json\/wp\/v2\/product_cat?post=26530"},{"taxonomy":"product_tag","embeddable":true,"href":"https:\/\/naturalpoland.com\/cs\/wp-json\/wp\/v2\/product_tag?post=26530"}],"curies":[{"name":"wp","href":"https:\/\/api.w.org\/{rel}","templated":true}]}}