{"id":26552,"date":"2023-10-06T10:48:41","date_gmt":"2023-10-06T09:39:05","guid":{"rendered":"https:\/\/naturalpoland.com\/produkty\/nezarazene\/fermentovany-malinovy-extrakt\/"},"modified":"2023-10-06T11:39:05","modified_gmt":"2023-10-06T09:39:05","slug":"fermentovany-malinovy-extrakt","status":"publish","type":"product","link":"https:\/\/naturalpoland.com\/cs\/produkty\/produkty-pro-kosmeticky-prumysl\/fermentovane-extrakty\/fermentovany-malinovy-extrakt\/","title":{"rendered":"Fermentovan\u00fd malinov\u00fd extrakt"},"content":{"rendered":"<p>Tento extrakt z\u00edskan\u00fd z malin pokro\u010dil\u00fdm fermenta\u010dn\u00edm procesem obsahuje velk\u00e9 mno\u017estv\u00ed antioxidant\u016f v\u010detn\u011b vitaminu C a fenolov\u00fdch kyselin. Tyto siln\u00e9 antioxidanty pom\u00e1haj\u00ed \u00fa\u010dinn\u011b bojovat proti voln\u00fdm radik\u00e1l\u016fm, kter\u00e9 jsou hlavn\u00edm faktorem urychluj\u00edc\u00edm st\u00e1rnut\u00ed pleti. D\u00edky tomu tento produkt p\u016fsob\u00ed jako vynikaj\u00edc\u00ed ochrann\u00e1 bari\u00e9ra a podporuje zdrav\u00fd a mladistv\u00fd vzhled pleti.<\/p>\n<p>D\u00edky obsahu <strong>kyseliny ellagov\u00e9<\/strong> vykazuje extrakt z fermentovan\u00fdch malin tak\u00e9 siln\u00e9 protiz\u00e1n\u011btliv\u00e9 a antibakteri\u00e1ln\u00ed \u00fa\u010dinky. Pom\u00e1h\u00e1 sni\u017eovat z\u00e1n\u011bty na pleti, minimalizovat zarudnut\u00ed a vyrovn\u00e1vat t\u00f3n pleti, tak\u017ee je ide\u00e1ln\u00ed slo\u017ekou pro osoby s citlivou, podr\u00e1\u017ed\u011bnou nebo akn\u00f3zn\u00ed plet\u00ed.<\/p>\n<p>Krom\u011b toho je extrakt bohat\u00fd na p\u0159\u00edrodn\u00ed cukry a aminokyseliny, kter\u00e9 maj\u00ed hydrata\u010dn\u00ed \u00fa\u010dinek na poko\u017eku a pom\u00e1haj\u00ed udr\u017eovat jej\u00ed hydrataci. Hydratovan\u00e1 a dob\u0159e vy\u017eiven\u00e1 ple\u0165 je pru\u017en\u011bj\u0161\u00ed, hlad\u0161\u00ed a z\u00e1\u0159iv\u011bj\u0161\u00ed a m\u00e9n\u011b n\u00e1chyln\u00e1 k tvorb\u011b vr\u00e1sek a jemn\u00fdch linek.<\/p>\n<p>Fermentovan\u00fd extrakt z malin je tak\u00e9 slo\u017ekou, kter\u00e1 dod\u00e1v\u00e1 kosmetick\u00fdm p\u0159\u00edpravk\u016fm p\u0159\u00edjemnou, jemnou v\u016fni a umoc\u0148uje tak z\u00e1\u017eitek z jejich pou\u017e\u00edv\u00e1n\u00ed. Je ide\u00e1ln\u00ed pro ka\u017edodenn\u00ed kosmetiku na obli\u010dej, t\u011blo a vlasy, jako jsou kr\u00e9my, ple\u0165ov\u00e9 vody, masky, \u0161ampony a kondicion\u00e9ry.<\/p>\n<p>D\u00edky sv\u00e9 multifunk\u010dnosti, ochrann\u00fdm a regenera\u010dn\u00edm vlastnostem a p\u0159\u00edrodn\u00ed ovocn\u00e9 v\u016fni je extrakt z fermentovan\u00fdch malin obl\u00edbenou slo\u017ekou v\u00fdrobc\u016f p\u0159\u00edrodn\u00ed a organick\u00e9 kosmetiky zam\u011b\u0159en\u00e9 na nejn\u00e1ro\u010dn\u011bj\u0161\u00ed spot\u0159ebitele.<\/p>\n","protected":false},"excerpt":{"rendered":"<p>Fermentovan\u00fd extrakt z <em>malin<\/em>(INCI: <em>Raspberry Ferment Extract<\/em>) je \u0161pi\u010dkov\u00e1 kosmetick\u00e1 slo\u017eka, kter\u00e1 si z\u00edsk\u00e1v\u00e1 oblibu v odv\u011btv\u00ed pr\u00e9miov\u00e9 kosmetiky pro sv\u00e9 \u010detn\u00e9 zdrav\u00ed prosp\u011b\u0161n\u00e9 vlastnosti.<\/p>\n","protected":false},"featured_media":26428,"template":"","meta":{"_acf_changed":false},"product_brand":[],"product_cat":[2689],"product_tag":[],"class_list":{"0":"post-26552","1":"product","2":"type-product","3":"status-publish","4":"has-post-thumbnail","6":"product_cat-fermentovane-extrakty","8":"first","9":"instock","10":"shipping-taxable","11":"product-type-simple"},"acf":[],"yoast_head":"<!-- This site is optimized with the Yoast SEO plugin v27.4 - https:\/\/yoast.com\/product\/yoast-seo-wordpress\/ -->\n<title>Fermentovan\u00fd malinov\u00fd extrakt - Velkoobchodn\u00ed distributor<\/title>\n<meta name=\"description\" content=\"Fermentovan\u00fd extrakt z malin je \u0161pi\u010dkov\u00e1 kosmetick\u00e1 p\u0159\u00edsada, kter\u00e1 si z\u00edsk\u00e1v\u00e1 oblibu v odv\u011btv\u00ed pr\u00e9miov\u00e9 kosmetiky.\" \/>\n<meta name=\"robots\" content=\"index, follow, max-snippet:-1, max-image-preview:large, max-video-preview:-1\" \/>\n<link rel=\"canonical\" href=\"https:\/\/naturalpoland.com\/cs\/produkty\/produkty-pro-kosmeticky-prumysl\/fermentovane-extrakty\/fermentovany-malinovy-extrakt\/\" \/>\n<meta property=\"og:locale\" content=\"cs_CZ\" \/>\n<meta property=\"og:type\" content=\"article\" \/>\n<meta property=\"og:title\" content=\"Fermentovan\u00fd malinov\u00fd extrakt - Velkoobchodn\u00ed distributor\" \/>\n<meta property=\"og:description\" content=\"Fermentovan\u00fd extrakt z malin je \u0161pi\u010dkov\u00e1 kosmetick\u00e1 p\u0159\u00edsada, kter\u00e1 si z\u00edsk\u00e1v\u00e1 oblibu v odv\u011btv\u00ed pr\u00e9miov\u00e9 kosmetiky.\" \/>\n<meta property=\"og:url\" content=\"https:\/\/naturalpoland.com\/cs\/produkty\/produkty-pro-kosmeticky-prumysl\/fermentovane-extrakty\/fermentovany-malinovy-extrakt\/\" \/>\n<meta property=\"og:site_name\" content=\"NATURAL POLAND - Velkoobchodn\u00ed distributor surovin\" \/>\n<meta property=\"article:publisher\" content=\"https:\/\/www.facebook.com\/naturalpoland.b2b\" \/>\n<meta property=\"og:image\" content=\"https:\/\/naturalpoland.com\/wp-content\/uploads\/fermentowany-ekstrakt-z-maliny.png\" \/>\n\t<meta property=\"og:image:width\" content=\"590\" \/>\n\t<meta property=\"og:image:height\" content=\"590\" \/>\n\t<meta property=\"og:image:type\" content=\"image\/png\" \/>\n<script type=\"application\/ld+json\" class=\"yoast-schema-graph\">{\"@context\":\"https:\\\/\\\/schema.org\",\"@graph\":[{\"@type\":\"WebPage\",\"@id\":\"https:\\\/\\\/naturalpoland.com\\\/cs\\\/produkty\\\/produkty-pro-kosmeticky-prumysl\\\/fermentovane-extrakty\\\/fermentovany-malinovy-extrakt\\\/\",\"url\":\"https:\\\/\\\/naturalpoland.com\\\/cs\\\/produkty\\\/produkty-pro-kosmeticky-prumysl\\\/fermentovane-extrakty\\\/fermentovany-malinovy-extrakt\\\/\",\"name\":\"Fermentovan\u00fd malinov\u00fd extrakt - Velkoobchodn\u00ed distributor\",\"isPartOf\":{\"@id\":\"https:\\\/\\\/naturalpoland.com\\\/cs\\\/#website\"},\"primaryImageOfPage\":{\"@id\":\"https:\\\/\\\/naturalpoland.com\\\/cs\\\/produkty\\\/produkty-pro-kosmeticky-prumysl\\\/fermentovane-extrakty\\\/fermentovany-malinovy-extrakt\\\/#primaryimage\"},\"image\":{\"@id\":\"https:\\\/\\\/naturalpoland.com\\\/cs\\\/produkty\\\/produkty-pro-kosmeticky-prumysl\\\/fermentovane-extrakty\\\/fermentovany-malinovy-extrakt\\\/#primaryimage\"},\"thumbnailUrl\":\"https:\\\/\\\/naturalpoland.com\\\/wp-content\\\/uploads\\\/fermentowany-ekstrakt-z-maliny.png\",\"datePublished\":\"2023-10-06T09:39:05+00:00\",\"description\":\"Fermentovan\u00fd extrakt z malin je \u0161pi\u010dkov\u00e1 kosmetick\u00e1 p\u0159\u00edsada, kter\u00e1 si z\u00edsk\u00e1v\u00e1 oblibu v odv\u011btv\u00ed pr\u00e9miov\u00e9 kosmetiky.\",\"breadcrumb\":{\"@id\":\"https:\\\/\\\/naturalpoland.com\\\/cs\\\/produkty\\\/produkty-pro-kosmeticky-prumysl\\\/fermentovane-extrakty\\\/fermentovany-malinovy-extrakt\\\/#breadcrumb\"},\"inLanguage\":\"cs\",\"potentialAction\":[{\"@type\":\"ReadAction\",\"target\":[\"https:\\\/\\\/naturalpoland.com\\\/cs\\\/produkty\\\/produkty-pro-kosmeticky-prumysl\\\/fermentovane-extrakty\\\/fermentovany-malinovy-extrakt\\\/\"]}]},{\"@type\":\"ImageObject\",\"inLanguage\":\"cs\",\"@id\":\"https:\\\/\\\/naturalpoland.com\\\/cs\\\/produkty\\\/produkty-pro-kosmeticky-prumysl\\\/fermentovane-extrakty\\\/fermentovany-malinovy-extrakt\\\/#primaryimage\",\"url\":\"https:\\\/\\\/naturalpoland.com\\\/wp-content\\\/uploads\\\/fermentowany-ekstrakt-z-maliny.png\",\"contentUrl\":\"https:\\\/\\\/naturalpoland.com\\\/wp-content\\\/uploads\\\/fermentowany-ekstrakt-z-maliny.png\",\"width\":590,\"height\":590,\"caption\":\"fermentovan\u00fd malinov\u00fd extrakt\"},{\"@type\":\"BreadcrumbList\",\"@id\":\"https:\\\/\\\/naturalpoland.com\\\/cs\\\/produkty\\\/produkty-pro-kosmeticky-prumysl\\\/fermentovane-extrakty\\\/fermentovany-malinovy-extrakt\\\/#breadcrumb\",\"itemListElement\":[{\"@type\":\"ListItem\",\"position\":1,\"name\":\"Dom\u016f\",\"item\":\"https:\\\/\\\/naturalpoland.com\\\/cs\\\/\"},{\"@type\":\"ListItem\",\"position\":2,\"name\":\"Produkty\",\"item\":\"https:\\\/\\\/naturalpoland.com\\\/cs\\\/produkty\\\/\"},{\"@type\":\"ListItem\",\"position\":3,\"name\":\"Fermentovan\u00fd malinov\u00fd extrakt\"}]},{\"@type\":\"WebSite\",\"@id\":\"https:\\\/\\\/naturalpoland.com\\\/cs\\\/#website\",\"url\":\"https:\\\/\\\/naturalpoland.com\\\/cs\\\/\",\"name\":\"NATURAL POLAND - Velkoobchodn\u00ed distributor surovin\",\"description\":\"Surowce dla przemys\u0142u spo\u017cywczego, kosmetycznego i farmaceutycznego\",\"publisher\":{\"@id\":\"https:\\\/\\\/naturalpoland.com\\\/cs\\\/#organization\"},\"potentialAction\":[{\"@type\":\"SearchAction\",\"target\":{\"@type\":\"EntryPoint\",\"urlTemplate\":\"https:\\\/\\\/naturalpoland.com\\\/cs\\\/?s={search_term_string}\"},\"query-input\":{\"@type\":\"PropertyValueSpecification\",\"valueRequired\":true,\"valueName\":\"search_term_string\"}}],\"inLanguage\":\"cs\"},{\"@type\":\"Organization\",\"@id\":\"https:\\\/\\\/naturalpoland.com\\\/cs\\\/#organization\",\"name\":\"Natural Poland\",\"url\":\"https:\\\/\\\/naturalpoland.com\\\/cs\\\/\",\"logo\":{\"@type\":\"ImageObject\",\"inLanguage\":\"cs\",\"@id\":\"https:\\\/\\\/naturalpoland.com\\\/cs\\\/#\\\/schema\\\/logo\\\/image\\\/\",\"url\":\"https:\\\/\\\/naturalpoland.com\\\/wp-content\\\/uploads\\\/2021\\\/05\\\/natural-poland-icon.png\",\"contentUrl\":\"https:\\\/\\\/naturalpoland.com\\\/wp-content\\\/uploads\\\/2021\\\/05\\\/natural-poland-icon.png\",\"width\":512,\"height\":512,\"caption\":\"Natural Poland\"},\"image\":{\"@id\":\"https:\\\/\\\/naturalpoland.com\\\/cs\\\/#\\\/schema\\\/logo\\\/image\\\/\"},\"sameAs\":[\"https:\\\/\\\/www.facebook.com\\\/naturalpoland.b2b\",\"https:\\\/\\\/pl.linkedin.com\\\/company\\\/natural-poland\",\"https:\\\/\\\/www.youtube.com\\\/channel\\\/UCgeGGkvOMahZo-xu_MSEWxg\"]}]}<\/script>\n<!-- \/ Yoast SEO plugin. -->","yoast_head_json":{"title":"Fermentovan\u00fd malinov\u00fd extrakt - Velkoobchodn\u00ed distributor","description":"Fermentovan\u00fd extrakt z malin je \u0161pi\u010dkov\u00e1 kosmetick\u00e1 p\u0159\u00edsada, kter\u00e1 si z\u00edsk\u00e1v\u00e1 oblibu v odv\u011btv\u00ed pr\u00e9miov\u00e9 kosmetiky.","robots":{"index":"index","follow":"follow","max-snippet":"max-snippet:-1","max-image-preview":"max-image-preview:large","max-video-preview":"max-video-preview:-1"},"canonical":"https:\/\/naturalpoland.com\/cs\/produkty\/produkty-pro-kosmeticky-prumysl\/fermentovane-extrakty\/fermentovany-malinovy-extrakt\/","og_locale":"cs_CZ","og_type":"article","og_title":"Fermentovan\u00fd malinov\u00fd extrakt - Velkoobchodn\u00ed distributor","og_description":"Fermentovan\u00fd extrakt z malin je \u0161pi\u010dkov\u00e1 kosmetick\u00e1 p\u0159\u00edsada, kter\u00e1 si z\u00edsk\u00e1v\u00e1 oblibu v odv\u011btv\u00ed pr\u00e9miov\u00e9 kosmetiky.","og_url":"https:\/\/naturalpoland.com\/cs\/produkty\/produkty-pro-kosmeticky-prumysl\/fermentovane-extrakty\/fermentovany-malinovy-extrakt\/","og_site_name":"NATURAL POLAND - Velkoobchodn\u00ed distributor surovin","article_publisher":"https:\/\/www.facebook.com\/naturalpoland.b2b","og_image":[{"width":590,"height":590,"url":"https:\/\/naturalpoland.com\/wp-content\/uploads\/fermentowany-ekstrakt-z-maliny.png","type":"image\/png"}],"schema":{"@context":"https:\/\/schema.org","@graph":[{"@type":"WebPage","@id":"https:\/\/naturalpoland.com\/cs\/produkty\/produkty-pro-kosmeticky-prumysl\/fermentovane-extrakty\/fermentovany-malinovy-extrakt\/","url":"https:\/\/naturalpoland.com\/cs\/produkty\/produkty-pro-kosmeticky-prumysl\/fermentovane-extrakty\/fermentovany-malinovy-extrakt\/","name":"Fermentovan\u00fd malinov\u00fd extrakt - Velkoobchodn\u00ed distributor","isPartOf":{"@id":"https:\/\/naturalpoland.com\/cs\/#website"},"primaryImageOfPage":{"@id":"https:\/\/naturalpoland.com\/cs\/produkty\/produkty-pro-kosmeticky-prumysl\/fermentovane-extrakty\/fermentovany-malinovy-extrakt\/#primaryimage"},"image":{"@id":"https:\/\/naturalpoland.com\/cs\/produkty\/produkty-pro-kosmeticky-prumysl\/fermentovane-extrakty\/fermentovany-malinovy-extrakt\/#primaryimage"},"thumbnailUrl":"https:\/\/naturalpoland.com\/wp-content\/uploads\/fermentowany-ekstrakt-z-maliny.png","datePublished":"2023-10-06T09:39:05+00:00","description":"Fermentovan\u00fd extrakt z malin je \u0161pi\u010dkov\u00e1 kosmetick\u00e1 p\u0159\u00edsada, kter\u00e1 si z\u00edsk\u00e1v\u00e1 oblibu v odv\u011btv\u00ed pr\u00e9miov\u00e9 kosmetiky.","breadcrumb":{"@id":"https:\/\/naturalpoland.com\/cs\/produkty\/produkty-pro-kosmeticky-prumysl\/fermentovane-extrakty\/fermentovany-malinovy-extrakt\/#breadcrumb"},"inLanguage":"cs","potentialAction":[{"@type":"ReadAction","target":["https:\/\/naturalpoland.com\/cs\/produkty\/produkty-pro-kosmeticky-prumysl\/fermentovane-extrakty\/fermentovany-malinovy-extrakt\/"]}]},{"@type":"ImageObject","inLanguage":"cs","@id":"https:\/\/naturalpoland.com\/cs\/produkty\/produkty-pro-kosmeticky-prumysl\/fermentovane-extrakty\/fermentovany-malinovy-extrakt\/#primaryimage","url":"https:\/\/naturalpoland.com\/wp-content\/uploads\/fermentowany-ekstrakt-z-maliny.png","contentUrl":"https:\/\/naturalpoland.com\/wp-content\/uploads\/fermentowany-ekstrakt-z-maliny.png","width":590,"height":590,"caption":"fermentovan\u00fd malinov\u00fd extrakt"},{"@type":"BreadcrumbList","@id":"https:\/\/naturalpoland.com\/cs\/produkty\/produkty-pro-kosmeticky-prumysl\/fermentovane-extrakty\/fermentovany-malinovy-extrakt\/#breadcrumb","itemListElement":[{"@type":"ListItem","position":1,"name":"Dom\u016f","item":"https:\/\/naturalpoland.com\/cs\/"},{"@type":"ListItem","position":2,"name":"Produkty","item":"https:\/\/naturalpoland.com\/cs\/produkty\/"},{"@type":"ListItem","position":3,"name":"Fermentovan\u00fd malinov\u00fd extrakt"}]},{"@type":"WebSite","@id":"https:\/\/naturalpoland.com\/cs\/#website","url":"https:\/\/naturalpoland.com\/cs\/","name":"NATURAL POLAND - Velkoobchodn\u00ed distributor surovin","description":"Surowce dla przemys\u0142u spo\u017cywczego, kosmetycznego i farmaceutycznego","publisher":{"@id":"https:\/\/naturalpoland.com\/cs\/#organization"},"potentialAction":[{"@type":"SearchAction","target":{"@type":"EntryPoint","urlTemplate":"https:\/\/naturalpoland.com\/cs\/?s={search_term_string}"},"query-input":{"@type":"PropertyValueSpecification","valueRequired":true,"valueName":"search_term_string"}}],"inLanguage":"cs"},{"@type":"Organization","@id":"https:\/\/naturalpoland.com\/cs\/#organization","name":"Natural Poland","url":"https:\/\/naturalpoland.com\/cs\/","logo":{"@type":"ImageObject","inLanguage":"cs","@id":"https:\/\/naturalpoland.com\/cs\/#\/schema\/logo\/image\/","url":"https:\/\/naturalpoland.com\/wp-content\/uploads\/2021\/05\/natural-poland-icon.png","contentUrl":"https:\/\/naturalpoland.com\/wp-content\/uploads\/2021\/05\/natural-poland-icon.png","width":512,"height":512,"caption":"Natural Poland"},"image":{"@id":"https:\/\/naturalpoland.com\/cs\/#\/schema\/logo\/image\/"},"sameAs":["https:\/\/www.facebook.com\/naturalpoland.b2b","https:\/\/pl.linkedin.com\/company\/natural-poland","https:\/\/www.youtube.com\/channel\/UCgeGGkvOMahZo-xu_MSEWxg"]}]}},"_links":{"self":[{"href":"https:\/\/naturalpoland.com\/cs\/wp-json\/wp\/v2\/product\/26552","targetHints":{"allow":["GET"]}}],"collection":[{"href":"https:\/\/naturalpoland.com\/cs\/wp-json\/wp\/v2\/product"}],"about":[{"href":"https:\/\/naturalpoland.com\/cs\/wp-json\/wp\/v2\/types\/product"}],"wp:featuredmedia":[{"embeddable":true,"href":"https:\/\/naturalpoland.com\/cs\/wp-json\/wp\/v2\/media\/26428"}],"wp:attachment":[{"href":"https:\/\/naturalpoland.com\/cs\/wp-json\/wp\/v2\/media?parent=26552"}],"wp:term":[{"taxonomy":"product_brand","embeddable":true,"href":"https:\/\/naturalpoland.com\/cs\/wp-json\/wp\/v2\/product_brand?post=26552"},{"taxonomy":"product_cat","embeddable":true,"href":"https:\/\/naturalpoland.com\/cs\/wp-json\/wp\/v2\/product_cat?post=26552"},{"taxonomy":"product_tag","embeddable":true,"href":"https:\/\/naturalpoland.com\/cs\/wp-json\/wp\/v2\/product_tag?post=26552"}],"curies":[{"name":"wp","href":"https:\/\/api.w.org\/{rel}","templated":true}]}}