{"id":26565,"date":"2023-10-06T10:37:56","date_gmt":"2023-10-06T09:39:08","guid":{"rendered":"https:\/\/naturalpoland.com\/produkty\/nezarazene\/fermentovany-levandulovy-extrakt\/"},"modified":"2023-10-06T11:39:08","modified_gmt":"2023-10-06T09:39:08","slug":"fermentovany-vytazek-z-levandule","status":"publish","type":"product","link":"https:\/\/naturalpoland.com\/cs\/produkty\/produkty-pro-kosmeticky-prumysl\/fermentovane-extrakty\/fermentovany-vytazek-z-levandule\/","title":{"rendered":"Fermentovan\u00fd levandulov\u00fd extrakt"},"content":{"rendered":"<p>Levandule je zn\u00e1m\u00e1 a hojn\u011b pou\u017e\u00edvan\u00e1 slo\u017eka v kosmetice, p\u0159edev\u0161\u00edm pro sv\u00e9 zklid\u0148uj\u00edc\u00ed a regenera\u010dn\u00ed vlastnosti. V\u00fdta\u017eek z fermentovan\u00e9 levandule m\u00e1 siln\u00fd hydrata\u010dn\u00ed \u00fa\u010dinek a pom\u00e1h\u00e1 udr\u017eovat hydrataci poko\u017eky. M\u00e1 zklid\u0148uj\u00edc\u00ed \u00fa\u010dinek na podr\u00e1\u017ed\u011bn\u00ed a zarudnut\u00ed a p\u0159in\u00e1\u0161\u00ed \u00falevu a pohodl\u00ed citliv\u00e9 a reaktivn\u00ed poko\u017ece.<\/p>\n<p>Krom\u011b toho je tato slo\u017eka zn\u00e1m\u00e1 sv\u00fdmi siln\u00fdmi antioxida\u010dn\u00edmi vlastnostmi. Neutralizuje p\u016fsoben\u00ed voln\u00fdch radik\u00e1l\u016f a pom\u00e1h\u00e1 chr\u00e1nit poko\u017eku p\u0159ed \u0161kodliv\u00fdmi vn\u011bj\u0161\u00edmi vlivy, jako je UV z\u00e1\u0159en\u00ed a zne\u010di\u0161t\u011bn\u00ed. Podporuje tak\u00e9 regeneraci a obnovu bun\u011bk, tak\u017ee ple\u0165 je hlad\u0161\u00ed, pevn\u011bj\u0161\u00ed a z\u00e1\u0159iv\u011bj\u0161\u00ed.<\/p>\n<p>Je tak\u00e9 slo\u017ekou se zklid\u0148uj\u00edc\u00edmi a antiseptick\u00fdmi vlastnostmi. To pom\u00e1h\u00e1 udr\u017eovat spr\u00e1vnou rovnov\u00e1hu ko\u017en\u00ed mikrofl\u00f3ry a zabra\u0148uje vzniku ne\u017e\u00e1douc\u00edch mikroorganism\u016f na poko\u017ece. M\u00e1 zklid\u0148uj\u00edc\u00ed \u00fa\u010dinek na drobn\u00e9 z\u00e1n\u011bty a urychluje hojen\u00ed drobn\u00fdch ran a podr\u00e1\u017ed\u011bn\u00ed.<\/p>\n<p>Fermentovan\u00fd extrakt z levandule je vynikaj\u00edc\u00ed slo\u017ekou mnoha kosmetick\u00fdch p\u0159\u00edpravk\u016f, zejm\u00e9na t\u011bch na citlivou, suchou a podr\u00e1\u017ed\u011bnou poko\u017eku. Skv\u011ble se hod\u00ed do kr\u00e9m\u016f, emulz\u00ed, masek a p\u0159\u00edpravk\u016f pro p\u00e9\u010di o poko\u017eku hlavy a vlasy. D\u00edky sv\u00e9 v\u0161estrannosti a \u0161irok\u00e9mu spektru \u00fa\u010dinku je cenn\u00fdm dopl\u0148kem r\u016fzn\u00fdch kosmetick\u00fdch p\u0159\u00edpravk\u016f.<\/p>\n","protected":false},"excerpt":{"rendered":"<p>Fermentovan\u00fd extrakt z <em>levandule<\/em>(INCI: <em>Lavender Ferment Extract<\/em>) je sofistikovan\u00e1 a pokro\u010dil\u00e1 kosmetick\u00e1 slo\u017eka s mnohostrann\u00fdmi \u00fa\u010dinky v p\u00e9\u010di o ple\u0165. P\u0159i jeho v\u00fdrob\u011b se vyu\u017e\u00edvaj\u00ed cenn\u00e9 vlastnosti levandule, kter\u00e9 se po fermentaci v\u00fdrazn\u011b zv\u00fdrazn\u00ed a stanou se pro poko\u017eku p\u0159\u00edstupn\u011bj\u0161\u00edmi.<\/p>\n","protected":false},"featured_media":26402,"template":"","meta":{"_acf_changed":false},"product_brand":[],"product_cat":[2689],"product_tag":[],"class_list":{"0":"post-26565","1":"product","2":"type-product","3":"status-publish","4":"has-post-thumbnail","6":"product_cat-fermentovane-extrakty","8":"first","9":"instock","10":"shipping-taxable","11":"product-type-simple"},"acf":[],"yoast_head":"<!-- This site is optimized with the Yoast SEO plugin v27.4 - https:\/\/yoast.com\/product\/yoast-seo-wordpress\/ -->\n<title>Fermentovan\u00fd levandulov\u00fd extrakt - Velkoobchodn\u00ed distributor<\/title>\n<meta name=\"description\" content=\"Fermentovan\u00fd extrakt z levandule (INCI: Lavender Ferment Extract) je sofistikovan\u00e1 a pokro\u010dil\u00e1 kosmetick\u00e1 slo\u017eka s mnohostrann\u00fdmi \u00fa\u010dinky v p\u00e9\u010di o ple\u0165.\" \/>\n<meta name=\"robots\" content=\"index, follow, max-snippet:-1, max-image-preview:large, max-video-preview:-1\" \/>\n<link rel=\"canonical\" href=\"https:\/\/naturalpoland.com\/cs\/produkty\/produkty-pro-kosmeticky-prumysl\/fermentovane-extrakty\/fermentovany-vytazek-z-levandule\/\" \/>\n<meta property=\"og:locale\" content=\"cs_CZ\" \/>\n<meta property=\"og:type\" content=\"article\" \/>\n<meta property=\"og:title\" content=\"Fermentovan\u00fd levandulov\u00fd extrakt - Velkoobchodn\u00ed distributor\" \/>\n<meta property=\"og:description\" content=\"Fermentovan\u00fd extrakt z levandule (INCI: Lavender Ferment Extract) je sofistikovan\u00e1 a pokro\u010dil\u00e1 kosmetick\u00e1 slo\u017eka s mnohostrann\u00fdmi \u00fa\u010dinky v p\u00e9\u010di o ple\u0165.\" \/>\n<meta property=\"og:url\" content=\"https:\/\/naturalpoland.com\/cs\/produkty\/produkty-pro-kosmeticky-prumysl\/fermentovane-extrakty\/fermentovany-vytazek-z-levandule\/\" \/>\n<meta property=\"og:site_name\" content=\"NATURAL POLAND - Velkoobchodn\u00ed distributor surovin\" \/>\n<meta property=\"article:publisher\" content=\"https:\/\/www.facebook.com\/naturalpoland.b2b\" \/>\n<meta property=\"og:image\" content=\"https:\/\/naturalpoland.com\/wp-content\/uploads\/fermentowany-ekstrakt-z-lawendy.png\" \/>\n\t<meta property=\"og:image:width\" content=\"590\" \/>\n\t<meta property=\"og:image:height\" content=\"590\" \/>\n\t<meta property=\"og:image:type\" content=\"image\/png\" \/>\n<script type=\"application\/ld+json\" class=\"yoast-schema-graph\">{\"@context\":\"https:\\\/\\\/schema.org\",\"@graph\":[{\"@type\":\"WebPage\",\"@id\":\"https:\\\/\\\/naturalpoland.com\\\/cs\\\/produkty\\\/produkty-pro-kosmeticky-prumysl\\\/fermentovane-extrakty\\\/fermentovany-vytazek-z-levandule\\\/\",\"url\":\"https:\\\/\\\/naturalpoland.com\\\/cs\\\/produkty\\\/produkty-pro-kosmeticky-prumysl\\\/fermentovane-extrakty\\\/fermentovany-vytazek-z-levandule\\\/\",\"name\":\"Fermentovan\u00fd levandulov\u00fd extrakt - Velkoobchodn\u00ed distributor\",\"isPartOf\":{\"@id\":\"https:\\\/\\\/naturalpoland.com\\\/cs\\\/#website\"},\"primaryImageOfPage\":{\"@id\":\"https:\\\/\\\/naturalpoland.com\\\/cs\\\/produkty\\\/produkty-pro-kosmeticky-prumysl\\\/fermentovane-extrakty\\\/fermentovany-vytazek-z-levandule\\\/#primaryimage\"},\"image\":{\"@id\":\"https:\\\/\\\/naturalpoland.com\\\/cs\\\/produkty\\\/produkty-pro-kosmeticky-prumysl\\\/fermentovane-extrakty\\\/fermentovany-vytazek-z-levandule\\\/#primaryimage\"},\"thumbnailUrl\":\"https:\\\/\\\/naturalpoland.com\\\/wp-content\\\/uploads\\\/fermentowany-ekstrakt-z-lawendy.png\",\"datePublished\":\"2023-10-06T09:39:08+00:00\",\"description\":\"Fermentovan\u00fd extrakt z levandule (INCI: Lavender Ferment Extract) je sofistikovan\u00e1 a pokro\u010dil\u00e1 kosmetick\u00e1 slo\u017eka s mnohostrann\u00fdmi \u00fa\u010dinky v p\u00e9\u010di o ple\u0165.\",\"breadcrumb\":{\"@id\":\"https:\\\/\\\/naturalpoland.com\\\/cs\\\/produkty\\\/produkty-pro-kosmeticky-prumysl\\\/fermentovane-extrakty\\\/fermentovany-vytazek-z-levandule\\\/#breadcrumb\"},\"inLanguage\":\"cs\",\"potentialAction\":[{\"@type\":\"ReadAction\",\"target\":[\"https:\\\/\\\/naturalpoland.com\\\/cs\\\/produkty\\\/produkty-pro-kosmeticky-prumysl\\\/fermentovane-extrakty\\\/fermentovany-vytazek-z-levandule\\\/\"]}]},{\"@type\":\"ImageObject\",\"inLanguage\":\"cs\",\"@id\":\"https:\\\/\\\/naturalpoland.com\\\/cs\\\/produkty\\\/produkty-pro-kosmeticky-prumysl\\\/fermentovane-extrakty\\\/fermentovany-vytazek-z-levandule\\\/#primaryimage\",\"url\":\"https:\\\/\\\/naturalpoland.com\\\/wp-content\\\/uploads\\\/fermentowany-ekstrakt-z-lawendy.png\",\"contentUrl\":\"https:\\\/\\\/naturalpoland.com\\\/wp-content\\\/uploads\\\/fermentowany-ekstrakt-z-lawendy.png\",\"width\":590,\"height\":590,\"caption\":\"Fermentovan\u00fd extrakt z levandule\"},{\"@type\":\"BreadcrumbList\",\"@id\":\"https:\\\/\\\/naturalpoland.com\\\/cs\\\/produkty\\\/produkty-pro-kosmeticky-prumysl\\\/fermentovane-extrakty\\\/fermentovany-vytazek-z-levandule\\\/#breadcrumb\",\"itemListElement\":[{\"@type\":\"ListItem\",\"position\":1,\"name\":\"Dom\u016f\",\"item\":\"https:\\\/\\\/naturalpoland.com\\\/cs\\\/\"},{\"@type\":\"ListItem\",\"position\":2,\"name\":\"Produkty\",\"item\":\"https:\\\/\\\/naturalpoland.com\\\/cs\\\/produkty\\\/\"},{\"@type\":\"ListItem\",\"position\":3,\"name\":\"Fermentovan\u00fd levandulov\u00fd extrakt\"}]},{\"@type\":\"WebSite\",\"@id\":\"https:\\\/\\\/naturalpoland.com\\\/cs\\\/#website\",\"url\":\"https:\\\/\\\/naturalpoland.com\\\/cs\\\/\",\"name\":\"NATURAL POLAND - Velkoobchodn\u00ed distributor surovin\",\"description\":\"Surowce dla przemys\u0142u spo\u017cywczego, kosmetycznego i farmaceutycznego\",\"publisher\":{\"@id\":\"https:\\\/\\\/naturalpoland.com\\\/cs\\\/#organization\"},\"potentialAction\":[{\"@type\":\"SearchAction\",\"target\":{\"@type\":\"EntryPoint\",\"urlTemplate\":\"https:\\\/\\\/naturalpoland.com\\\/cs\\\/?s={search_term_string}\"},\"query-input\":{\"@type\":\"PropertyValueSpecification\",\"valueRequired\":true,\"valueName\":\"search_term_string\"}}],\"inLanguage\":\"cs\"},{\"@type\":\"Organization\",\"@id\":\"https:\\\/\\\/naturalpoland.com\\\/cs\\\/#organization\",\"name\":\"Natural Poland\",\"url\":\"https:\\\/\\\/naturalpoland.com\\\/cs\\\/\",\"logo\":{\"@type\":\"ImageObject\",\"inLanguage\":\"cs\",\"@id\":\"https:\\\/\\\/naturalpoland.com\\\/cs\\\/#\\\/schema\\\/logo\\\/image\\\/\",\"url\":\"https:\\\/\\\/naturalpoland.com\\\/wp-content\\\/uploads\\\/2021\\\/05\\\/natural-poland-icon.png\",\"contentUrl\":\"https:\\\/\\\/naturalpoland.com\\\/wp-content\\\/uploads\\\/2021\\\/05\\\/natural-poland-icon.png\",\"width\":512,\"height\":512,\"caption\":\"Natural Poland\"},\"image\":{\"@id\":\"https:\\\/\\\/naturalpoland.com\\\/cs\\\/#\\\/schema\\\/logo\\\/image\\\/\"},\"sameAs\":[\"https:\\\/\\\/www.facebook.com\\\/naturalpoland.b2b\",\"https:\\\/\\\/pl.linkedin.com\\\/company\\\/natural-poland\",\"https:\\\/\\\/www.youtube.com\\\/channel\\\/UCgeGGkvOMahZo-xu_MSEWxg\"]}]}<\/script>\n<!-- \/ Yoast SEO plugin. -->","yoast_head_json":{"title":"Fermentovan\u00fd levandulov\u00fd extrakt - Velkoobchodn\u00ed distributor","description":"Fermentovan\u00fd extrakt z levandule (INCI: Lavender Ferment Extract) je sofistikovan\u00e1 a pokro\u010dil\u00e1 kosmetick\u00e1 slo\u017eka s mnohostrann\u00fdmi \u00fa\u010dinky v p\u00e9\u010di o ple\u0165.","robots":{"index":"index","follow":"follow","max-snippet":"max-snippet:-1","max-image-preview":"max-image-preview:large","max-video-preview":"max-video-preview:-1"},"canonical":"https:\/\/naturalpoland.com\/cs\/produkty\/produkty-pro-kosmeticky-prumysl\/fermentovane-extrakty\/fermentovany-vytazek-z-levandule\/","og_locale":"cs_CZ","og_type":"article","og_title":"Fermentovan\u00fd levandulov\u00fd extrakt - Velkoobchodn\u00ed distributor","og_description":"Fermentovan\u00fd extrakt z levandule (INCI: Lavender Ferment Extract) je sofistikovan\u00e1 a pokro\u010dil\u00e1 kosmetick\u00e1 slo\u017eka s mnohostrann\u00fdmi \u00fa\u010dinky v p\u00e9\u010di o ple\u0165.","og_url":"https:\/\/naturalpoland.com\/cs\/produkty\/produkty-pro-kosmeticky-prumysl\/fermentovane-extrakty\/fermentovany-vytazek-z-levandule\/","og_site_name":"NATURAL POLAND - Velkoobchodn\u00ed distributor surovin","article_publisher":"https:\/\/www.facebook.com\/naturalpoland.b2b","og_image":[{"width":590,"height":590,"url":"https:\/\/naturalpoland.com\/wp-content\/uploads\/fermentowany-ekstrakt-z-lawendy.png","type":"image\/png"}],"schema":{"@context":"https:\/\/schema.org","@graph":[{"@type":"WebPage","@id":"https:\/\/naturalpoland.com\/cs\/produkty\/produkty-pro-kosmeticky-prumysl\/fermentovane-extrakty\/fermentovany-vytazek-z-levandule\/","url":"https:\/\/naturalpoland.com\/cs\/produkty\/produkty-pro-kosmeticky-prumysl\/fermentovane-extrakty\/fermentovany-vytazek-z-levandule\/","name":"Fermentovan\u00fd levandulov\u00fd extrakt - Velkoobchodn\u00ed distributor","isPartOf":{"@id":"https:\/\/naturalpoland.com\/cs\/#website"},"primaryImageOfPage":{"@id":"https:\/\/naturalpoland.com\/cs\/produkty\/produkty-pro-kosmeticky-prumysl\/fermentovane-extrakty\/fermentovany-vytazek-z-levandule\/#primaryimage"},"image":{"@id":"https:\/\/naturalpoland.com\/cs\/produkty\/produkty-pro-kosmeticky-prumysl\/fermentovane-extrakty\/fermentovany-vytazek-z-levandule\/#primaryimage"},"thumbnailUrl":"https:\/\/naturalpoland.com\/wp-content\/uploads\/fermentowany-ekstrakt-z-lawendy.png","datePublished":"2023-10-06T09:39:08+00:00","description":"Fermentovan\u00fd extrakt z levandule (INCI: Lavender Ferment Extract) je sofistikovan\u00e1 a pokro\u010dil\u00e1 kosmetick\u00e1 slo\u017eka s mnohostrann\u00fdmi \u00fa\u010dinky v p\u00e9\u010di o ple\u0165.","breadcrumb":{"@id":"https:\/\/naturalpoland.com\/cs\/produkty\/produkty-pro-kosmeticky-prumysl\/fermentovane-extrakty\/fermentovany-vytazek-z-levandule\/#breadcrumb"},"inLanguage":"cs","potentialAction":[{"@type":"ReadAction","target":["https:\/\/naturalpoland.com\/cs\/produkty\/produkty-pro-kosmeticky-prumysl\/fermentovane-extrakty\/fermentovany-vytazek-z-levandule\/"]}]},{"@type":"ImageObject","inLanguage":"cs","@id":"https:\/\/naturalpoland.com\/cs\/produkty\/produkty-pro-kosmeticky-prumysl\/fermentovane-extrakty\/fermentovany-vytazek-z-levandule\/#primaryimage","url":"https:\/\/naturalpoland.com\/wp-content\/uploads\/fermentowany-ekstrakt-z-lawendy.png","contentUrl":"https:\/\/naturalpoland.com\/wp-content\/uploads\/fermentowany-ekstrakt-z-lawendy.png","width":590,"height":590,"caption":"Fermentovan\u00fd extrakt z levandule"},{"@type":"BreadcrumbList","@id":"https:\/\/naturalpoland.com\/cs\/produkty\/produkty-pro-kosmeticky-prumysl\/fermentovane-extrakty\/fermentovany-vytazek-z-levandule\/#breadcrumb","itemListElement":[{"@type":"ListItem","position":1,"name":"Dom\u016f","item":"https:\/\/naturalpoland.com\/cs\/"},{"@type":"ListItem","position":2,"name":"Produkty","item":"https:\/\/naturalpoland.com\/cs\/produkty\/"},{"@type":"ListItem","position":3,"name":"Fermentovan\u00fd levandulov\u00fd extrakt"}]},{"@type":"WebSite","@id":"https:\/\/naturalpoland.com\/cs\/#website","url":"https:\/\/naturalpoland.com\/cs\/","name":"NATURAL POLAND - Velkoobchodn\u00ed distributor surovin","description":"Surowce dla przemys\u0142u spo\u017cywczego, kosmetycznego i farmaceutycznego","publisher":{"@id":"https:\/\/naturalpoland.com\/cs\/#organization"},"potentialAction":[{"@type":"SearchAction","target":{"@type":"EntryPoint","urlTemplate":"https:\/\/naturalpoland.com\/cs\/?s={search_term_string}"},"query-input":{"@type":"PropertyValueSpecification","valueRequired":true,"valueName":"search_term_string"}}],"inLanguage":"cs"},{"@type":"Organization","@id":"https:\/\/naturalpoland.com\/cs\/#organization","name":"Natural Poland","url":"https:\/\/naturalpoland.com\/cs\/","logo":{"@type":"ImageObject","inLanguage":"cs","@id":"https:\/\/naturalpoland.com\/cs\/#\/schema\/logo\/image\/","url":"https:\/\/naturalpoland.com\/wp-content\/uploads\/2021\/05\/natural-poland-icon.png","contentUrl":"https:\/\/naturalpoland.com\/wp-content\/uploads\/2021\/05\/natural-poland-icon.png","width":512,"height":512,"caption":"Natural Poland"},"image":{"@id":"https:\/\/naturalpoland.com\/cs\/#\/schema\/logo\/image\/"},"sameAs":["https:\/\/www.facebook.com\/naturalpoland.b2b","https:\/\/pl.linkedin.com\/company\/natural-poland","https:\/\/www.youtube.com\/channel\/UCgeGGkvOMahZo-xu_MSEWxg"]}]}},"_links":{"self":[{"href":"https:\/\/naturalpoland.com\/cs\/wp-json\/wp\/v2\/product\/26565","targetHints":{"allow":["GET"]}}],"collection":[{"href":"https:\/\/naturalpoland.com\/cs\/wp-json\/wp\/v2\/product"}],"about":[{"href":"https:\/\/naturalpoland.com\/cs\/wp-json\/wp\/v2\/types\/product"}],"wp:featuredmedia":[{"embeddable":true,"href":"https:\/\/naturalpoland.com\/cs\/wp-json\/wp\/v2\/media\/26402"}],"wp:attachment":[{"href":"https:\/\/naturalpoland.com\/cs\/wp-json\/wp\/v2\/media?parent=26565"}],"wp:term":[{"taxonomy":"product_brand","embeddable":true,"href":"https:\/\/naturalpoland.com\/cs\/wp-json\/wp\/v2\/product_brand?post=26565"},{"taxonomy":"product_cat","embeddable":true,"href":"https:\/\/naturalpoland.com\/cs\/wp-json\/wp\/v2\/product_cat?post=26565"},{"taxonomy":"product_tag","embeddable":true,"href":"https:\/\/naturalpoland.com\/cs\/wp-json\/wp\/v2\/product_tag?post=26565"}],"curies":[{"name":"wp","href":"https:\/\/api.w.org\/{rel}","templated":true}]}}