{"id":26567,"date":"2023-10-06T10:43:14","date_gmt":"2023-10-06T09:39:08","guid":{"rendered":"https:\/\/naturalpoland.com\/produkty\/nezarazene\/fermentovany-extrakt-z-maty-peprne\/"},"modified":"2023-10-06T11:39:08","modified_gmt":"2023-10-06T09:39:08","slug":"vytazek-z-fermentovaneho-pepre","status":"publish","type":"product","link":"https:\/\/naturalpoland.com\/cs\/produkty\/produkty-pro-kosmeticky-prumysl\/fermentovane-extrakty\/vytazek-z-fermentovaneho-pepre\/","title":{"rendered":"Fermentovan\u00fd extrakt z m\u00e1ty peprn\u00e9"},"content":{"rendered":"<p>Tento extrakt vznik\u00e1 fermenta\u010dn\u00edm procesem, kter\u00fd zvy\u0161uje a zv\u00fdraz\u0148uje p\u0159irozen\u00e9 vlastnosti m\u00e1ty peprn\u00e9. Fermentovan\u00fd extrakt m\u00e1 intenzivn\u00ed chladiv\u00fd a stimula\u010dn\u00ed \u00fa\u010dinek, kter\u00fd \u00fa\u010dinn\u011b zlep\u0161uje mikrocirkulaci v poko\u017ece a p\u0159in\u00e1\u0161\u00ed pocit sv\u011b\u017eesti a \u00falevy.<\/p>\n<p>Krom\u011b chladiv\u00e9ho \u00fa\u010dinku m\u00e1 produkt siln\u00e9 antibakteri\u00e1ln\u00ed a antiseptick\u00e9 vlastnosti, tak\u017ee je ide\u00e1ln\u00ed pro p\u00e9\u010di o akn\u00e9 a problematickou ple\u0165. Pom\u00e1h\u00e1 kontrolovat nadm\u011brnou sekreci ko\u017en\u00edho mazu, sni\u017euje zarudnut\u00ed a pom\u00e1h\u00e1 bojovat proti nedokonalostem.<\/p>\n<p>Antioxida\u010dn\u00ed vlastnosti fermentovan\u00e9ho extraktu m\u00e1ty peprn\u00e9 pom\u00e1haj\u00ed chr\u00e1nit poko\u017eku p\u0159ed po\u0161kozen\u00edm voln\u00fdmi radik\u00e1ly a poskytuj\u00ed \u00fa\u010dinnou ochranu p\u0159ed p\u0159ed\u010dasn\u00fdm st\u00e1rnut\u00edm. Krom\u011b toho m\u00e1 extrakt zklid\u0148uj\u00edc\u00ed a zklid\u0148uj\u00edc\u00ed \u00fa\u010dinky, kter\u00e9 p\u0159in\u00e1\u0161ej\u00ed \u00falevu citliv\u00e9 a podr\u00e1\u017ed\u011bn\u00e9 poko\u017ece.<\/p>\n<p>Jeho osv\u011b\u017euj\u00edc\u00ed vlastnosti jsou neoceniteln\u00e9 tak\u00e9 v produktech p\u00e9\u010de o t\u011blo a vlasy. Pou\u017e\u00edv\u00e1 se v \u0161amponech a kondicion\u00e9rech, stimuluje poko\u017eku hlavy, pozitivn\u011b ovliv\u0148uje stav vlas\u016f a dod\u00e1v\u00e1 jim vitalitu a sv\u011b\u017eest.<\/p>\n<p>Fermentovan\u00fd extrakt z m\u00e1ty peprn\u00e9 je vynikaj\u00edc\u00edm dopl\u0148kem r\u016fzn\u00fdch kosmetick\u00fdch p\u0159\u00edpravk\u016f, od t\u011blov\u00fdch myc\u00edch p\u0159\u00edpravk\u016f a\u017e po kr\u00e9my, ple\u0165ov\u00e9 vody, masky a p\u0159\u00edpravky pro p\u00e9\u010di o vlasy. D\u00edky sv\u00e9mu v\u0161estrann\u00e9mu a univerz\u00e1ln\u00edmu p\u016fsoben\u00ed je obl\u00edbenou volbou v\u00fdrobc\u016f p\u0159\u00edrodn\u00ed a organick\u00e9 kosmetiky.<\/p>\n","protected":false},"excerpt":{"rendered":"<p>Fermentovan\u00fd extrakt z<em> m\u00e1ty peprn\u00e9<\/em>(INCI:<em> Peppermint Ferment Extract<\/em>) je jedine\u010dn\u00e1 a inovativn\u00ed kosmetick\u00e1 slo\u017eka s v\u00fdrazn\u00fdmi osv\u011b\u017euj\u00edc\u00edmi a tonizuj\u00edc\u00edmi vlastnostmi, ur\u010den\u00e1 k vytv\u00e1\u0159en\u00ed kosmetick\u00fdch produkt\u016f nejvy\u0161\u0161\u00ed kvality.<\/p>\n","protected":false},"featured_media":26415,"template":"","meta":{"_acf_changed":false},"product_brand":[],"product_cat":[2689],"product_tag":[],"class_list":{"0":"post-26567","1":"product","2":"type-product","3":"status-publish","4":"has-post-thumbnail","6":"product_cat-fermentovane-extrakty","8":"first","9":"instock","10":"shipping-taxable","11":"product-type-simple"},"acf":[],"yoast_head":"<!-- This site is optimized with the Yoast SEO plugin v27.4 - https:\/\/yoast.com\/product\/yoast-seo-wordpress\/ -->\n<title>Fermentovan\u00fd extrakt z m\u00e1ty peprn\u00e9 - Velkoobchodn\u00ed distributor<\/title>\n<meta name=\"description\" content=\"Fermentovan\u00fd extrakt z m\u00e1ty peprn\u00e9 je inovativn\u00ed kosmetick\u00e1 p\u0159\u00edsada pro tvorbu prvot\u0159\u00eddn\u00edch kosmetick\u00fdch produkt\u016f.\" \/>\n<meta name=\"robots\" content=\"index, follow, max-snippet:-1, max-image-preview:large, max-video-preview:-1\" \/>\n<link rel=\"canonical\" href=\"https:\/\/naturalpoland.com\/cs\/produkty\/produkty-pro-kosmeticky-prumysl\/fermentovane-extrakty\/vytazek-z-fermentovaneho-pepre\/\" \/>\n<meta property=\"og:locale\" content=\"cs_CZ\" \/>\n<meta property=\"og:type\" content=\"article\" \/>\n<meta property=\"og:title\" content=\"Fermentovan\u00fd extrakt z m\u00e1ty peprn\u00e9 - Velkoobchodn\u00ed distributor\" \/>\n<meta property=\"og:description\" content=\"Fermentovan\u00fd extrakt z m\u00e1ty peprn\u00e9 je inovativn\u00ed kosmetick\u00e1 p\u0159\u00edsada pro tvorbu prvot\u0159\u00eddn\u00edch kosmetick\u00fdch produkt\u016f.\" \/>\n<meta property=\"og:url\" content=\"https:\/\/naturalpoland.com\/cs\/produkty\/produkty-pro-kosmeticky-prumysl\/fermentovane-extrakty\/vytazek-z-fermentovaneho-pepre\/\" \/>\n<meta property=\"og:site_name\" content=\"NATURAL POLAND - Velkoobchodn\u00ed distributor surovin\" \/>\n<meta property=\"article:publisher\" content=\"https:\/\/www.facebook.com\/naturalpoland.b2b\" \/>\n<meta property=\"og:image\" content=\"https:\/\/naturalpoland.com\/wp-content\/uploads\/fermentowany-ekstrakt-z-miety-pieprzowej.png\" \/>\n\t<meta property=\"og:image:width\" content=\"590\" \/>\n\t<meta property=\"og:image:height\" content=\"590\" \/>\n\t<meta property=\"og:image:type\" content=\"image\/png\" \/>\n<script type=\"application\/ld+json\" class=\"yoast-schema-graph\">{\"@context\":\"https:\\\/\\\/schema.org\",\"@graph\":[{\"@type\":\"WebPage\",\"@id\":\"https:\\\/\\\/naturalpoland.com\\\/cs\\\/produkty\\\/produkty-pro-kosmeticky-prumysl\\\/fermentovane-extrakty\\\/vytazek-z-fermentovaneho-pepre\\\/\",\"url\":\"https:\\\/\\\/naturalpoland.com\\\/cs\\\/produkty\\\/produkty-pro-kosmeticky-prumysl\\\/fermentovane-extrakty\\\/vytazek-z-fermentovaneho-pepre\\\/\",\"name\":\"Fermentovan\u00fd extrakt z m\u00e1ty peprn\u00e9 - Velkoobchodn\u00ed distributor\",\"isPartOf\":{\"@id\":\"https:\\\/\\\/naturalpoland.com\\\/cs\\\/#website\"},\"primaryImageOfPage\":{\"@id\":\"https:\\\/\\\/naturalpoland.com\\\/cs\\\/produkty\\\/produkty-pro-kosmeticky-prumysl\\\/fermentovane-extrakty\\\/vytazek-z-fermentovaneho-pepre\\\/#primaryimage\"},\"image\":{\"@id\":\"https:\\\/\\\/naturalpoland.com\\\/cs\\\/produkty\\\/produkty-pro-kosmeticky-prumysl\\\/fermentovane-extrakty\\\/vytazek-z-fermentovaneho-pepre\\\/#primaryimage\"},\"thumbnailUrl\":\"https:\\\/\\\/naturalpoland.com\\\/wp-content\\\/uploads\\\/fermentowany-ekstrakt-z-miety-pieprzowej.png\",\"datePublished\":\"2023-10-06T09:39:08+00:00\",\"description\":\"Fermentovan\u00fd extrakt z m\u00e1ty peprn\u00e9 je inovativn\u00ed kosmetick\u00e1 p\u0159\u00edsada pro tvorbu prvot\u0159\u00eddn\u00edch kosmetick\u00fdch produkt\u016f.\",\"breadcrumb\":{\"@id\":\"https:\\\/\\\/naturalpoland.com\\\/cs\\\/produkty\\\/produkty-pro-kosmeticky-prumysl\\\/fermentovane-extrakty\\\/vytazek-z-fermentovaneho-pepre\\\/#breadcrumb\"},\"inLanguage\":\"cs\",\"potentialAction\":[{\"@type\":\"ReadAction\",\"target\":[\"https:\\\/\\\/naturalpoland.com\\\/cs\\\/produkty\\\/produkty-pro-kosmeticky-prumysl\\\/fermentovane-extrakty\\\/vytazek-z-fermentovaneho-pepre\\\/\"]}]},{\"@type\":\"ImageObject\",\"inLanguage\":\"cs\",\"@id\":\"https:\\\/\\\/naturalpoland.com\\\/cs\\\/produkty\\\/produkty-pro-kosmeticky-prumysl\\\/fermentovane-extrakty\\\/vytazek-z-fermentovaneho-pepre\\\/#primaryimage\",\"url\":\"https:\\\/\\\/naturalpoland.com\\\/wp-content\\\/uploads\\\/fermentowany-ekstrakt-z-miety-pieprzowej.png\",\"contentUrl\":\"https:\\\/\\\/naturalpoland.com\\\/wp-content\\\/uploads\\\/fermentowany-ekstrakt-z-miety-pieprzowej.png\",\"width\":590,\"height\":590,\"caption\":\"fermentovan\u00fd extrakt z m\u00e1ty peprn\u00e9\"},{\"@type\":\"BreadcrumbList\",\"@id\":\"https:\\\/\\\/naturalpoland.com\\\/cs\\\/produkty\\\/produkty-pro-kosmeticky-prumysl\\\/fermentovane-extrakty\\\/vytazek-z-fermentovaneho-pepre\\\/#breadcrumb\",\"itemListElement\":[{\"@type\":\"ListItem\",\"position\":1,\"name\":\"Dom\u016f\",\"item\":\"https:\\\/\\\/naturalpoland.com\\\/cs\\\/\"},{\"@type\":\"ListItem\",\"position\":2,\"name\":\"Produkty\",\"item\":\"https:\\\/\\\/naturalpoland.com\\\/cs\\\/produkty\\\/\"},{\"@type\":\"ListItem\",\"position\":3,\"name\":\"Fermentovan\u00fd extrakt z m\u00e1ty peprn\u00e9\"}]},{\"@type\":\"WebSite\",\"@id\":\"https:\\\/\\\/naturalpoland.com\\\/cs\\\/#website\",\"url\":\"https:\\\/\\\/naturalpoland.com\\\/cs\\\/\",\"name\":\"NATURAL POLAND - Velkoobchodn\u00ed distributor surovin\",\"description\":\"Surowce dla przemys\u0142u spo\u017cywczego, kosmetycznego i farmaceutycznego\",\"publisher\":{\"@id\":\"https:\\\/\\\/naturalpoland.com\\\/cs\\\/#organization\"},\"potentialAction\":[{\"@type\":\"SearchAction\",\"target\":{\"@type\":\"EntryPoint\",\"urlTemplate\":\"https:\\\/\\\/naturalpoland.com\\\/cs\\\/?s={search_term_string}\"},\"query-input\":{\"@type\":\"PropertyValueSpecification\",\"valueRequired\":true,\"valueName\":\"search_term_string\"}}],\"inLanguage\":\"cs\"},{\"@type\":\"Organization\",\"@id\":\"https:\\\/\\\/naturalpoland.com\\\/cs\\\/#organization\",\"name\":\"Natural Poland\",\"url\":\"https:\\\/\\\/naturalpoland.com\\\/cs\\\/\",\"logo\":{\"@type\":\"ImageObject\",\"inLanguage\":\"cs\",\"@id\":\"https:\\\/\\\/naturalpoland.com\\\/cs\\\/#\\\/schema\\\/logo\\\/image\\\/\",\"url\":\"https:\\\/\\\/naturalpoland.com\\\/wp-content\\\/uploads\\\/2021\\\/05\\\/natural-poland-icon.png\",\"contentUrl\":\"https:\\\/\\\/naturalpoland.com\\\/wp-content\\\/uploads\\\/2021\\\/05\\\/natural-poland-icon.png\",\"width\":512,\"height\":512,\"caption\":\"Natural Poland\"},\"image\":{\"@id\":\"https:\\\/\\\/naturalpoland.com\\\/cs\\\/#\\\/schema\\\/logo\\\/image\\\/\"},\"sameAs\":[\"https:\\\/\\\/www.facebook.com\\\/naturalpoland.b2b\",\"https:\\\/\\\/pl.linkedin.com\\\/company\\\/natural-poland\",\"https:\\\/\\\/www.youtube.com\\\/channel\\\/UCgeGGkvOMahZo-xu_MSEWxg\"]}]}<\/script>\n<!-- \/ Yoast SEO plugin. -->","yoast_head_json":{"title":"Fermentovan\u00fd extrakt z m\u00e1ty peprn\u00e9 - Velkoobchodn\u00ed distributor","description":"Fermentovan\u00fd extrakt z m\u00e1ty peprn\u00e9 je inovativn\u00ed kosmetick\u00e1 p\u0159\u00edsada pro tvorbu prvot\u0159\u00eddn\u00edch kosmetick\u00fdch produkt\u016f.","robots":{"index":"index","follow":"follow","max-snippet":"max-snippet:-1","max-image-preview":"max-image-preview:large","max-video-preview":"max-video-preview:-1"},"canonical":"https:\/\/naturalpoland.com\/cs\/produkty\/produkty-pro-kosmeticky-prumysl\/fermentovane-extrakty\/vytazek-z-fermentovaneho-pepre\/","og_locale":"cs_CZ","og_type":"article","og_title":"Fermentovan\u00fd extrakt z m\u00e1ty peprn\u00e9 - Velkoobchodn\u00ed distributor","og_description":"Fermentovan\u00fd extrakt z m\u00e1ty peprn\u00e9 je inovativn\u00ed kosmetick\u00e1 p\u0159\u00edsada pro tvorbu prvot\u0159\u00eddn\u00edch kosmetick\u00fdch produkt\u016f.","og_url":"https:\/\/naturalpoland.com\/cs\/produkty\/produkty-pro-kosmeticky-prumysl\/fermentovane-extrakty\/vytazek-z-fermentovaneho-pepre\/","og_site_name":"NATURAL POLAND - Velkoobchodn\u00ed distributor surovin","article_publisher":"https:\/\/www.facebook.com\/naturalpoland.b2b","og_image":[{"width":590,"height":590,"url":"https:\/\/naturalpoland.com\/wp-content\/uploads\/fermentowany-ekstrakt-z-miety-pieprzowej.png","type":"image\/png"}],"schema":{"@context":"https:\/\/schema.org","@graph":[{"@type":"WebPage","@id":"https:\/\/naturalpoland.com\/cs\/produkty\/produkty-pro-kosmeticky-prumysl\/fermentovane-extrakty\/vytazek-z-fermentovaneho-pepre\/","url":"https:\/\/naturalpoland.com\/cs\/produkty\/produkty-pro-kosmeticky-prumysl\/fermentovane-extrakty\/vytazek-z-fermentovaneho-pepre\/","name":"Fermentovan\u00fd extrakt z m\u00e1ty peprn\u00e9 - Velkoobchodn\u00ed distributor","isPartOf":{"@id":"https:\/\/naturalpoland.com\/cs\/#website"},"primaryImageOfPage":{"@id":"https:\/\/naturalpoland.com\/cs\/produkty\/produkty-pro-kosmeticky-prumysl\/fermentovane-extrakty\/vytazek-z-fermentovaneho-pepre\/#primaryimage"},"image":{"@id":"https:\/\/naturalpoland.com\/cs\/produkty\/produkty-pro-kosmeticky-prumysl\/fermentovane-extrakty\/vytazek-z-fermentovaneho-pepre\/#primaryimage"},"thumbnailUrl":"https:\/\/naturalpoland.com\/wp-content\/uploads\/fermentowany-ekstrakt-z-miety-pieprzowej.png","datePublished":"2023-10-06T09:39:08+00:00","description":"Fermentovan\u00fd extrakt z m\u00e1ty peprn\u00e9 je inovativn\u00ed kosmetick\u00e1 p\u0159\u00edsada pro tvorbu prvot\u0159\u00eddn\u00edch kosmetick\u00fdch produkt\u016f.","breadcrumb":{"@id":"https:\/\/naturalpoland.com\/cs\/produkty\/produkty-pro-kosmeticky-prumysl\/fermentovane-extrakty\/vytazek-z-fermentovaneho-pepre\/#breadcrumb"},"inLanguage":"cs","potentialAction":[{"@type":"ReadAction","target":["https:\/\/naturalpoland.com\/cs\/produkty\/produkty-pro-kosmeticky-prumysl\/fermentovane-extrakty\/vytazek-z-fermentovaneho-pepre\/"]}]},{"@type":"ImageObject","inLanguage":"cs","@id":"https:\/\/naturalpoland.com\/cs\/produkty\/produkty-pro-kosmeticky-prumysl\/fermentovane-extrakty\/vytazek-z-fermentovaneho-pepre\/#primaryimage","url":"https:\/\/naturalpoland.com\/wp-content\/uploads\/fermentowany-ekstrakt-z-miety-pieprzowej.png","contentUrl":"https:\/\/naturalpoland.com\/wp-content\/uploads\/fermentowany-ekstrakt-z-miety-pieprzowej.png","width":590,"height":590,"caption":"fermentovan\u00fd extrakt z m\u00e1ty peprn\u00e9"},{"@type":"BreadcrumbList","@id":"https:\/\/naturalpoland.com\/cs\/produkty\/produkty-pro-kosmeticky-prumysl\/fermentovane-extrakty\/vytazek-z-fermentovaneho-pepre\/#breadcrumb","itemListElement":[{"@type":"ListItem","position":1,"name":"Dom\u016f","item":"https:\/\/naturalpoland.com\/cs\/"},{"@type":"ListItem","position":2,"name":"Produkty","item":"https:\/\/naturalpoland.com\/cs\/produkty\/"},{"@type":"ListItem","position":3,"name":"Fermentovan\u00fd extrakt z m\u00e1ty peprn\u00e9"}]},{"@type":"WebSite","@id":"https:\/\/naturalpoland.com\/cs\/#website","url":"https:\/\/naturalpoland.com\/cs\/","name":"NATURAL POLAND - Velkoobchodn\u00ed distributor surovin","description":"Surowce dla przemys\u0142u spo\u017cywczego, kosmetycznego i farmaceutycznego","publisher":{"@id":"https:\/\/naturalpoland.com\/cs\/#organization"},"potentialAction":[{"@type":"SearchAction","target":{"@type":"EntryPoint","urlTemplate":"https:\/\/naturalpoland.com\/cs\/?s={search_term_string}"},"query-input":{"@type":"PropertyValueSpecification","valueRequired":true,"valueName":"search_term_string"}}],"inLanguage":"cs"},{"@type":"Organization","@id":"https:\/\/naturalpoland.com\/cs\/#organization","name":"Natural Poland","url":"https:\/\/naturalpoland.com\/cs\/","logo":{"@type":"ImageObject","inLanguage":"cs","@id":"https:\/\/naturalpoland.com\/cs\/#\/schema\/logo\/image\/","url":"https:\/\/naturalpoland.com\/wp-content\/uploads\/2021\/05\/natural-poland-icon.png","contentUrl":"https:\/\/naturalpoland.com\/wp-content\/uploads\/2021\/05\/natural-poland-icon.png","width":512,"height":512,"caption":"Natural Poland"},"image":{"@id":"https:\/\/naturalpoland.com\/cs\/#\/schema\/logo\/image\/"},"sameAs":["https:\/\/www.facebook.com\/naturalpoland.b2b","https:\/\/pl.linkedin.com\/company\/natural-poland","https:\/\/www.youtube.com\/channel\/UCgeGGkvOMahZo-xu_MSEWxg"]}]}},"_links":{"self":[{"href":"https:\/\/naturalpoland.com\/cs\/wp-json\/wp\/v2\/product\/26567","targetHints":{"allow":["GET"]}}],"collection":[{"href":"https:\/\/naturalpoland.com\/cs\/wp-json\/wp\/v2\/product"}],"about":[{"href":"https:\/\/naturalpoland.com\/cs\/wp-json\/wp\/v2\/types\/product"}],"wp:featuredmedia":[{"embeddable":true,"href":"https:\/\/naturalpoland.com\/cs\/wp-json\/wp\/v2\/media\/26415"}],"wp:attachment":[{"href":"https:\/\/naturalpoland.com\/cs\/wp-json\/wp\/v2\/media?parent=26567"}],"wp:term":[{"taxonomy":"product_brand","embeddable":true,"href":"https:\/\/naturalpoland.com\/cs\/wp-json\/wp\/v2\/product_brand?post=26567"},{"taxonomy":"product_cat","embeddable":true,"href":"https:\/\/naturalpoland.com\/cs\/wp-json\/wp\/v2\/product_cat?post=26567"},{"taxonomy":"product_tag","embeddable":true,"href":"https:\/\/naturalpoland.com\/cs\/wp-json\/wp\/v2\/product_tag?post=26567"}],"curies":[{"name":"wp","href":"https:\/\/api.w.org\/{rel}","templated":true}]}}