{"id":26577,"date":"2023-10-06T09:39:24","date_gmt":"2023-10-06T09:39:57","guid":{"rendered":"https:\/\/naturalpoland.com\/produkty\/nezarazene\/fermentovany-extrakt-z-aloe-vera\/"},"modified":"2023-10-06T11:39:57","modified_gmt":"2023-10-06T09:39:57","slug":"extrakt-z-fermentovaneho-aloe","status":"publish","type":"product","link":"https:\/\/naturalpoland.com\/cs\/produkty\/produkty-pro-kosmeticky-prumysl\/fermentovane-extrakty\/extrakt-z-fermentovaneho-aloe\/","title":{"rendered":"Fermentovan\u00fd extrakt z aloe vera"},"content":{"rendered":"<p>Aloe vera je ji\u017e dlouho cen\u011bna v kosmetice pro sv\u00e9 vynikaj\u00edc\u00ed hydrata\u010dn\u00ed a zklid\u0148uj\u00edc\u00ed vlastnosti. V\u00fdta\u017eek z fermentovan\u00e9 aloe intenzivn\u011b hydratuje poko\u017eku, pom\u00e1h\u00e1 udr\u017eovat vodn\u00ed rovnov\u00e1hu bun\u011bk a vytv\u00e1\u0159\u00ed ochrann\u00fd film na povrchu poko\u017eky. M\u00e1 zklid\u0148uj\u00edc\u00ed \u00fa\u010dinek na podr\u00e1\u017ed\u011bn\u00ed a zarudnut\u00ed a p\u0159in\u00e1\u0161\u00ed \u00falevu citliv\u00e9 a reaktivn\u00ed pleti.<\/p>\n<p>Aktivn\u00ed slo\u017eky obsa\u017een\u00e9 v extraktu nav\u00edc stimuluj\u00ed regenera\u010dn\u00ed procesy poko\u017eky a podporuj\u00ed jej\u00ed p\u0159irozen\u00e9 obrann\u00e9 a regenera\u010dn\u00ed mechanismy. Antioxida\u010dn\u00ed \u00fa\u010dinky extraktu chr\u00e1n\u00ed poko\u017eku p\u0159ed negativn\u00edmi \u00fa\u010dinky vn\u011bj\u0161\u00edch faktor\u016f, jako je zne\u010di\u0161t\u011bn\u00ed a UV z\u00e1\u0159en\u00ed, a zabra\u0148uj\u00ed tak p\u0159ed\u010dasn\u00e9mu st\u00e1rnut\u00ed poko\u017eky.<\/p>\n<p>Fermentovan\u00fd extrakt z aloe je vynikaj\u00edc\u00edm dopl\u0148kem mnoha kosmetick\u00fdch p\u0159\u00edpravk\u016f, jako jsou kr\u00e9my, s\u00e9ra, emulze, gely nebo masky. Lze jej \u00fasp\u011b\u0161n\u011b pou\u017e\u00edt v p\u0159\u00edpravc\u00edch pro v\u0161echny typy pleti, zejm\u00e9na pro citlivou, suchou, zralou nebo n\u00e1chylnou k podr\u00e1\u017ed\u011bn\u00ed.<\/p>\n<p>V\u00fdrobek je zcela p\u0159\u00edrodn\u00ed, vegansk\u00fd a neobsahuje \u017e\u00e1dn\u00e9 syntetick\u00e9 p\u0159\u00edsady, tak\u017ee je bezpe\u010dn\u00fd a \u0161etrn\u00fd pro v\u0161echny typy pleti. Fermentovan\u00fd extrakt z aloe je ide\u00e1ln\u00ed volbou pro kosmetick\u00e9 zna\u010dky, kter\u00e9 cht\u011bj\u00ed m\u00edt ve sv\u00e9m sortimentu produkty s ov\u011b\u0159en\u00fdmi, v\u00edcesm\u011brn\u00fdmi \u00fa\u010dinky, a to p\u0159i zachov\u00e1n\u00ed nejvy\u0161\u0161\u00edch standard\u016f kvality a etiky.<\/p>\n","protected":false},"excerpt":{"rendered":"<p>Fermentovan\u00fd extrakt z <em>aloe<\/em>(INCI: <em>Aloe Ferment Extract<\/em>) je inovativn\u00ed slo\u017eka p\u00e9\u010de o ple\u0165 se v\u0161emi prosp\u011b\u0161n\u00fdmi vlastnostmi aloe vera v je\u0161t\u011b koncentrovan\u011bj\u0161\u00ed a aktivn\u011bj\u0161\u00ed form\u011b. Proces fermentace nejen zvy\u0161uje p\u0159irozen\u00e9 \u00fa\u010dinky aloe vera, ale tak\u00e9 zaji\u0161\u0165uje snadn\u011bj\u0161\u00ed vst\u0159eb\u00e1v\u00e1n\u00ed poko\u017ekou, co\u017e vede k intenzivn\u011bj\u0161\u00edmu \u00fa\u010dinku.<\/p>\n","protected":false},"featured_media":26337,"template":"","meta":{"_acf_changed":false},"product_brand":[],"product_cat":[2689],"product_tag":[],"class_list":{"0":"post-26577","1":"product","2":"type-product","3":"status-publish","4":"has-post-thumbnail","6":"product_cat-fermentovane-extrakty","8":"first","9":"instock","10":"shipping-taxable","11":"product-type-simple"},"acf":[],"yoast_head":"<!-- This site is optimized with the Yoast SEO plugin v27.4 - https:\/\/yoast.com\/product\/yoast-seo-wordpress\/ -->\n<title>Fermentovan\u00fd extrakt z aloe vera - Velkoobchodn\u00ed distributor<\/title>\n<meta name=\"description\" content=\"Fermentovan\u00fd extrakt z aloe je novou slo\u017ekou pro p\u00e9\u010di o ple\u0165, kter\u00e1 m\u00e1 v\u0161echny prosp\u011b\u0161n\u00e9 vlastnosti aloe vera v koncentrovan\u011bj\u0161\u00ed form\u011b.\" \/>\n<meta name=\"robots\" content=\"index, follow, max-snippet:-1, max-image-preview:large, max-video-preview:-1\" \/>\n<link rel=\"canonical\" href=\"https:\/\/naturalpoland.com\/cs\/produkty\/produkty-pro-kosmeticky-prumysl\/fermentovane-extrakty\/extrakt-z-fermentovaneho-aloe\/\" \/>\n<meta property=\"og:locale\" content=\"cs_CZ\" \/>\n<meta property=\"og:type\" content=\"article\" \/>\n<meta property=\"og:title\" content=\"Fermentovan\u00fd extrakt z aloe vera - Velkoobchodn\u00ed distributor\" \/>\n<meta property=\"og:description\" content=\"Fermentovan\u00fd extrakt z aloe je novou slo\u017ekou pro p\u00e9\u010di o ple\u0165, kter\u00e1 m\u00e1 v\u0161echny prosp\u011b\u0161n\u00e9 vlastnosti aloe vera v koncentrovan\u011bj\u0161\u00ed form\u011b.\" \/>\n<meta property=\"og:url\" content=\"https:\/\/naturalpoland.com\/cs\/produkty\/produkty-pro-kosmeticky-prumysl\/fermentovane-extrakty\/extrakt-z-fermentovaneho-aloe\/\" \/>\n<meta property=\"og:site_name\" content=\"NATURAL POLAND - Velkoobchodn\u00ed distributor surovin\" \/>\n<meta property=\"article:publisher\" content=\"https:\/\/www.facebook.com\/naturalpoland.b2b\" \/>\n<meta property=\"og:image\" content=\"https:\/\/naturalpoland.com\/wp-content\/uploads\/fermentowany-ekstrakt-z-aloesu.png\" \/>\n\t<meta property=\"og:image:width\" content=\"590\" \/>\n\t<meta property=\"og:image:height\" content=\"590\" \/>\n\t<meta property=\"og:image:type\" content=\"image\/png\" \/>\n<script type=\"application\/ld+json\" class=\"yoast-schema-graph\">{\"@context\":\"https:\\\/\\\/schema.org\",\"@graph\":[{\"@type\":\"WebPage\",\"@id\":\"https:\\\/\\\/naturalpoland.com\\\/cs\\\/produkty\\\/produkty-pro-kosmeticky-prumysl\\\/fermentovane-extrakty\\\/extrakt-z-fermentovaneho-aloe\\\/\",\"url\":\"https:\\\/\\\/naturalpoland.com\\\/cs\\\/produkty\\\/produkty-pro-kosmeticky-prumysl\\\/fermentovane-extrakty\\\/extrakt-z-fermentovaneho-aloe\\\/\",\"name\":\"Fermentovan\u00fd extrakt z aloe vera - Velkoobchodn\u00ed distributor\",\"isPartOf\":{\"@id\":\"https:\\\/\\\/naturalpoland.com\\\/cs\\\/#website\"},\"primaryImageOfPage\":{\"@id\":\"https:\\\/\\\/naturalpoland.com\\\/cs\\\/produkty\\\/produkty-pro-kosmeticky-prumysl\\\/fermentovane-extrakty\\\/extrakt-z-fermentovaneho-aloe\\\/#primaryimage\"},\"image\":{\"@id\":\"https:\\\/\\\/naturalpoland.com\\\/cs\\\/produkty\\\/produkty-pro-kosmeticky-prumysl\\\/fermentovane-extrakty\\\/extrakt-z-fermentovaneho-aloe\\\/#primaryimage\"},\"thumbnailUrl\":\"https:\\\/\\\/naturalpoland.com\\\/wp-content\\\/uploads\\\/fermentowany-ekstrakt-z-aloesu.png\",\"datePublished\":\"2023-10-06T09:39:57+00:00\",\"description\":\"Fermentovan\u00fd extrakt z aloe je novou slo\u017ekou pro p\u00e9\u010di o ple\u0165, kter\u00e1 m\u00e1 v\u0161echny prosp\u011b\u0161n\u00e9 vlastnosti aloe vera v koncentrovan\u011bj\u0161\u00ed form\u011b.\",\"breadcrumb\":{\"@id\":\"https:\\\/\\\/naturalpoland.com\\\/cs\\\/produkty\\\/produkty-pro-kosmeticky-prumysl\\\/fermentovane-extrakty\\\/extrakt-z-fermentovaneho-aloe\\\/#breadcrumb\"},\"inLanguage\":\"cs\",\"potentialAction\":[{\"@type\":\"ReadAction\",\"target\":[\"https:\\\/\\\/naturalpoland.com\\\/cs\\\/produkty\\\/produkty-pro-kosmeticky-prumysl\\\/fermentovane-extrakty\\\/extrakt-z-fermentovaneho-aloe\\\/\"]}]},{\"@type\":\"ImageObject\",\"inLanguage\":\"cs\",\"@id\":\"https:\\\/\\\/naturalpoland.com\\\/cs\\\/produkty\\\/produkty-pro-kosmeticky-prumysl\\\/fermentovane-extrakty\\\/extrakt-z-fermentovaneho-aloe\\\/#primaryimage\",\"url\":\"https:\\\/\\\/naturalpoland.com\\\/wp-content\\\/uploads\\\/fermentowany-ekstrakt-z-aloesu.png\",\"contentUrl\":\"https:\\\/\\\/naturalpoland.com\\\/wp-content\\\/uploads\\\/fermentowany-ekstrakt-z-aloesu.png\",\"width\":590,\"height\":590,\"caption\":\"Fermentovan\u00fd extrakt z aloe vera\"},{\"@type\":\"BreadcrumbList\",\"@id\":\"https:\\\/\\\/naturalpoland.com\\\/cs\\\/produkty\\\/produkty-pro-kosmeticky-prumysl\\\/fermentovane-extrakty\\\/extrakt-z-fermentovaneho-aloe\\\/#breadcrumb\",\"itemListElement\":[{\"@type\":\"ListItem\",\"position\":1,\"name\":\"Dom\u016f\",\"item\":\"https:\\\/\\\/naturalpoland.com\\\/cs\\\/\"},{\"@type\":\"ListItem\",\"position\":2,\"name\":\"Produkty\",\"item\":\"https:\\\/\\\/naturalpoland.com\\\/cs\\\/produkty\\\/\"},{\"@type\":\"ListItem\",\"position\":3,\"name\":\"Fermentovan\u00fd extrakt z aloe vera\"}]},{\"@type\":\"WebSite\",\"@id\":\"https:\\\/\\\/naturalpoland.com\\\/cs\\\/#website\",\"url\":\"https:\\\/\\\/naturalpoland.com\\\/cs\\\/\",\"name\":\"NATURAL POLAND - Velkoobchodn\u00ed distributor surovin\",\"description\":\"Surowce dla przemys\u0142u spo\u017cywczego, kosmetycznego i farmaceutycznego\",\"publisher\":{\"@id\":\"https:\\\/\\\/naturalpoland.com\\\/cs\\\/#organization\"},\"potentialAction\":[{\"@type\":\"SearchAction\",\"target\":{\"@type\":\"EntryPoint\",\"urlTemplate\":\"https:\\\/\\\/naturalpoland.com\\\/cs\\\/?s={search_term_string}\"},\"query-input\":{\"@type\":\"PropertyValueSpecification\",\"valueRequired\":true,\"valueName\":\"search_term_string\"}}],\"inLanguage\":\"cs\"},{\"@type\":\"Organization\",\"@id\":\"https:\\\/\\\/naturalpoland.com\\\/cs\\\/#organization\",\"name\":\"Natural Poland\",\"url\":\"https:\\\/\\\/naturalpoland.com\\\/cs\\\/\",\"logo\":{\"@type\":\"ImageObject\",\"inLanguage\":\"cs\",\"@id\":\"https:\\\/\\\/naturalpoland.com\\\/cs\\\/#\\\/schema\\\/logo\\\/image\\\/\",\"url\":\"https:\\\/\\\/naturalpoland.com\\\/wp-content\\\/uploads\\\/2021\\\/05\\\/natural-poland-icon.png\",\"contentUrl\":\"https:\\\/\\\/naturalpoland.com\\\/wp-content\\\/uploads\\\/2021\\\/05\\\/natural-poland-icon.png\",\"width\":512,\"height\":512,\"caption\":\"Natural Poland\"},\"image\":{\"@id\":\"https:\\\/\\\/naturalpoland.com\\\/cs\\\/#\\\/schema\\\/logo\\\/image\\\/\"},\"sameAs\":[\"https:\\\/\\\/www.facebook.com\\\/naturalpoland.b2b\",\"https:\\\/\\\/pl.linkedin.com\\\/company\\\/natural-poland\",\"https:\\\/\\\/www.youtube.com\\\/channel\\\/UCgeGGkvOMahZo-xu_MSEWxg\"]}]}<\/script>\n<!-- \/ Yoast SEO plugin. -->","yoast_head_json":{"title":"Fermentovan\u00fd extrakt z aloe vera - Velkoobchodn\u00ed distributor","description":"Fermentovan\u00fd extrakt z aloe je novou slo\u017ekou pro p\u00e9\u010di o ple\u0165, kter\u00e1 m\u00e1 v\u0161echny prosp\u011b\u0161n\u00e9 vlastnosti aloe vera v koncentrovan\u011bj\u0161\u00ed form\u011b.","robots":{"index":"index","follow":"follow","max-snippet":"max-snippet:-1","max-image-preview":"max-image-preview:large","max-video-preview":"max-video-preview:-1"},"canonical":"https:\/\/naturalpoland.com\/cs\/produkty\/produkty-pro-kosmeticky-prumysl\/fermentovane-extrakty\/extrakt-z-fermentovaneho-aloe\/","og_locale":"cs_CZ","og_type":"article","og_title":"Fermentovan\u00fd extrakt z aloe vera - Velkoobchodn\u00ed distributor","og_description":"Fermentovan\u00fd extrakt z aloe je novou slo\u017ekou pro p\u00e9\u010di o ple\u0165, kter\u00e1 m\u00e1 v\u0161echny prosp\u011b\u0161n\u00e9 vlastnosti aloe vera v koncentrovan\u011bj\u0161\u00ed form\u011b.","og_url":"https:\/\/naturalpoland.com\/cs\/produkty\/produkty-pro-kosmeticky-prumysl\/fermentovane-extrakty\/extrakt-z-fermentovaneho-aloe\/","og_site_name":"NATURAL POLAND - Velkoobchodn\u00ed distributor surovin","article_publisher":"https:\/\/www.facebook.com\/naturalpoland.b2b","og_image":[{"width":590,"height":590,"url":"https:\/\/naturalpoland.com\/wp-content\/uploads\/fermentowany-ekstrakt-z-aloesu.png","type":"image\/png"}],"schema":{"@context":"https:\/\/schema.org","@graph":[{"@type":"WebPage","@id":"https:\/\/naturalpoland.com\/cs\/produkty\/produkty-pro-kosmeticky-prumysl\/fermentovane-extrakty\/extrakt-z-fermentovaneho-aloe\/","url":"https:\/\/naturalpoland.com\/cs\/produkty\/produkty-pro-kosmeticky-prumysl\/fermentovane-extrakty\/extrakt-z-fermentovaneho-aloe\/","name":"Fermentovan\u00fd extrakt z aloe vera - Velkoobchodn\u00ed distributor","isPartOf":{"@id":"https:\/\/naturalpoland.com\/cs\/#website"},"primaryImageOfPage":{"@id":"https:\/\/naturalpoland.com\/cs\/produkty\/produkty-pro-kosmeticky-prumysl\/fermentovane-extrakty\/extrakt-z-fermentovaneho-aloe\/#primaryimage"},"image":{"@id":"https:\/\/naturalpoland.com\/cs\/produkty\/produkty-pro-kosmeticky-prumysl\/fermentovane-extrakty\/extrakt-z-fermentovaneho-aloe\/#primaryimage"},"thumbnailUrl":"https:\/\/naturalpoland.com\/wp-content\/uploads\/fermentowany-ekstrakt-z-aloesu.png","datePublished":"2023-10-06T09:39:57+00:00","description":"Fermentovan\u00fd extrakt z aloe je novou slo\u017ekou pro p\u00e9\u010di o ple\u0165, kter\u00e1 m\u00e1 v\u0161echny prosp\u011b\u0161n\u00e9 vlastnosti aloe vera v koncentrovan\u011bj\u0161\u00ed form\u011b.","breadcrumb":{"@id":"https:\/\/naturalpoland.com\/cs\/produkty\/produkty-pro-kosmeticky-prumysl\/fermentovane-extrakty\/extrakt-z-fermentovaneho-aloe\/#breadcrumb"},"inLanguage":"cs","potentialAction":[{"@type":"ReadAction","target":["https:\/\/naturalpoland.com\/cs\/produkty\/produkty-pro-kosmeticky-prumysl\/fermentovane-extrakty\/extrakt-z-fermentovaneho-aloe\/"]}]},{"@type":"ImageObject","inLanguage":"cs","@id":"https:\/\/naturalpoland.com\/cs\/produkty\/produkty-pro-kosmeticky-prumysl\/fermentovane-extrakty\/extrakt-z-fermentovaneho-aloe\/#primaryimage","url":"https:\/\/naturalpoland.com\/wp-content\/uploads\/fermentowany-ekstrakt-z-aloesu.png","contentUrl":"https:\/\/naturalpoland.com\/wp-content\/uploads\/fermentowany-ekstrakt-z-aloesu.png","width":590,"height":590,"caption":"Fermentovan\u00fd extrakt z aloe vera"},{"@type":"BreadcrumbList","@id":"https:\/\/naturalpoland.com\/cs\/produkty\/produkty-pro-kosmeticky-prumysl\/fermentovane-extrakty\/extrakt-z-fermentovaneho-aloe\/#breadcrumb","itemListElement":[{"@type":"ListItem","position":1,"name":"Dom\u016f","item":"https:\/\/naturalpoland.com\/cs\/"},{"@type":"ListItem","position":2,"name":"Produkty","item":"https:\/\/naturalpoland.com\/cs\/produkty\/"},{"@type":"ListItem","position":3,"name":"Fermentovan\u00fd extrakt z aloe vera"}]},{"@type":"WebSite","@id":"https:\/\/naturalpoland.com\/cs\/#website","url":"https:\/\/naturalpoland.com\/cs\/","name":"NATURAL POLAND - Velkoobchodn\u00ed distributor surovin","description":"Surowce dla przemys\u0142u spo\u017cywczego, kosmetycznego i farmaceutycznego","publisher":{"@id":"https:\/\/naturalpoland.com\/cs\/#organization"},"potentialAction":[{"@type":"SearchAction","target":{"@type":"EntryPoint","urlTemplate":"https:\/\/naturalpoland.com\/cs\/?s={search_term_string}"},"query-input":{"@type":"PropertyValueSpecification","valueRequired":true,"valueName":"search_term_string"}}],"inLanguage":"cs"},{"@type":"Organization","@id":"https:\/\/naturalpoland.com\/cs\/#organization","name":"Natural Poland","url":"https:\/\/naturalpoland.com\/cs\/","logo":{"@type":"ImageObject","inLanguage":"cs","@id":"https:\/\/naturalpoland.com\/cs\/#\/schema\/logo\/image\/","url":"https:\/\/naturalpoland.com\/wp-content\/uploads\/2021\/05\/natural-poland-icon.png","contentUrl":"https:\/\/naturalpoland.com\/wp-content\/uploads\/2021\/05\/natural-poland-icon.png","width":512,"height":512,"caption":"Natural Poland"},"image":{"@id":"https:\/\/naturalpoland.com\/cs\/#\/schema\/logo\/image\/"},"sameAs":["https:\/\/www.facebook.com\/naturalpoland.b2b","https:\/\/pl.linkedin.com\/company\/natural-poland","https:\/\/www.youtube.com\/channel\/UCgeGGkvOMahZo-xu_MSEWxg"]}]}},"_links":{"self":[{"href":"https:\/\/naturalpoland.com\/cs\/wp-json\/wp\/v2\/product\/26577","targetHints":{"allow":["GET"]}}],"collection":[{"href":"https:\/\/naturalpoland.com\/cs\/wp-json\/wp\/v2\/product"}],"about":[{"href":"https:\/\/naturalpoland.com\/cs\/wp-json\/wp\/v2\/types\/product"}],"wp:featuredmedia":[{"embeddable":true,"href":"https:\/\/naturalpoland.com\/cs\/wp-json\/wp\/v2\/media\/26337"}],"wp:attachment":[{"href":"https:\/\/naturalpoland.com\/cs\/wp-json\/wp\/v2\/media?parent=26577"}],"wp:term":[{"taxonomy":"product_brand","embeddable":true,"href":"https:\/\/naturalpoland.com\/cs\/wp-json\/wp\/v2\/product_brand?post=26577"},{"taxonomy":"product_cat","embeddable":true,"href":"https:\/\/naturalpoland.com\/cs\/wp-json\/wp\/v2\/product_cat?post=26577"},{"taxonomy":"product_tag","embeddable":true,"href":"https:\/\/naturalpoland.com\/cs\/wp-json\/wp\/v2\/product_tag?post=26577"}],"curies":[{"name":"wp","href":"https:\/\/api.w.org\/{rel}","templated":true}]}}