{"id":26593,"date":"2023-10-06T09:34:58","date_gmt":"2023-10-06T09:40:01","guid":{"rendered":"https:\/\/naturalpoland.com\/produkty\/nezarazene\/fermentovany-extrakt-z-aceroly\/"},"modified":"2023-10-06T11:40:01","modified_gmt":"2023-10-06T09:40:01","slug":"fermentovany-vytazek-z-aceroly","status":"publish","type":"product","link":"https:\/\/naturalpoland.com\/cs\/produkty\/produkty-pro-kosmeticky-prumysl\/fermentovane-extrakty\/fermentovany-vytazek-z-aceroly\/","title":{"rendered":"Fermentovan\u00fd extrakt z aceroly"},"content":{"rendered":"<p>Proces fermentace tyto p\u0159\u00edzniv\u00e9 \u00fa\u010dinky zesiluje a zvy\u0161uje biologickou dostupnost a \u00fa\u010dinnost extraktu. To usnad\u0148uje pronik\u00e1n\u00ed \u017eivin do poko\u017eky, kter\u00e9 maj\u00ed hydrata\u010dn\u00ed, regenera\u010dn\u00ed a revitaliza\u010dn\u00ed \u00fa\u010dinky. Extrakt z aceroly pom\u00e1h\u00e1 chr\u00e1nit poko\u017eku p\u0159ed oxida\u010dn\u00edm po\u0161kozen\u00edm, kter\u00e9 je hlavn\u00ed p\u0159\u00ed\u010dinou p\u0159ed\u010dasn\u00e9ho st\u00e1rnut\u00ed.<\/p>\n<p>Fermentovan\u00fd extrakt z aceroly nav\u00edc podporuje tvorbu kolagenu, kl\u00ed\u010dov\u00e9ho proteinu zodpov\u011bdn\u00e9ho za pru\u017enost a pevnost poko\u017eky. V\u00fdsledkem je pru\u017en\u011bj\u0161\u00ed, hlad\u0161\u00ed a obnoven\u00e1 poko\u017eka, kter\u00e1 se v\u00fdrazn\u011b zkracuje a redukuje vr\u00e1sky. M\u00e1 tak\u00e9 rozjas\u0148uj\u00edc\u00ed \u00fa\u010dinek, redukuje pigmentov\u00e9 skvrny a nepravidelnosti, co\u017e vede k vyv\u00e1\u017een\u011bj\u0161\u00edmu a jednotn\u011bj\u0161\u00edmu t\u00f3nu pleti.<\/p>\n<p>Extrakt je ide\u00e1ln\u00ed pro r\u016fzn\u00e9 kosmetick\u00e9 p\u0159\u00edpravky, v\u010detn\u011b kr\u00e9m\u016f, s\u00e9r, masek a dal\u0161\u00edch produkt\u016f p\u00e9\u010de o ple\u0165. D\u00edky sv\u00e9 lehk\u00e9 a tekut\u00e9 struktu\u0159e se snadno integruje s ostatn\u00edmi slo\u017ekami, ani\u017e by naru\u0161il kone\u010dnou strukturu v\u00fdrobku.<\/p>\n<p>Fermentovan\u00fd extrakt z aceroly je vynikaj\u00edc\u00ed volbou pro kosmetick\u00e9 zna\u010dky, kter\u00e9 cht\u011bj\u00ed nab\u00edzet produkty nejvy\u0161\u0161\u00ed kvality zalo\u017een\u00e9 na p\u0159\u00edrodn\u00edch a v\u011bdecky ov\u011b\u0159en\u00fdch slo\u017ek\u00e1ch. Je vegansk\u00fd a nen\u00ed testov\u00e1n na zv\u00ed\u0159atech, tak\u017ee je vhodn\u00fd i pro spot\u0159ebitele, kte\u0159\u00ed hledaj\u00ed etickou a udr\u017eitelnou p\u00e9\u010di o ple\u0165.<\/p>\n","protected":false},"excerpt":{"rendered":"<p>Fermentovan\u00fd extrakt z aceroly (INCI: <em>Acerola Ferment Extract<\/em>) je d\u00edky sv\u00fdm jedine\u010dn\u00fdm v\u00fd\u017eivov\u00fdm a antioxida\u010dn\u00edm vlastnostem cennou slo\u017ekou v kosmetice. Acerola, zn\u00e1m\u00e1 tak\u00e9 jako barbadosk\u00e1 t\u0159e\u0161e\u0148, je v\u00fdjime\u010dn\u00fdm zdrojem vitaminu C a dal\u0161\u00edch kl\u00ed\u010dov\u00fdch antioxidant\u016f, kter\u00e9 podporuj\u00ed zdravou a z\u00e1\u0159ivou ple\u0165.<\/p>\n","protected":false},"featured_media":26323,"template":"","meta":{"_acf_changed":false},"product_brand":[],"product_cat":[2689],"product_tag":[],"class_list":{"0":"post-26593","1":"product","2":"type-product","3":"status-publish","4":"has-post-thumbnail","6":"product_cat-fermentovane-extrakty","8":"first","9":"instock","10":"shipping-taxable","11":"product-type-simple"},"acf":[],"yoast_head":"<!-- This site is optimized with the Yoast SEO plugin v27.4 - https:\/\/yoast.com\/product\/yoast-seo-wordpress\/ -->\n<title>Fermentovan\u00fd extrakt z aceroly - Velkoobchodn\u00ed distributor<\/title>\n<meta name=\"description\" content=\"Fermentovan\u00fd extrakt z aceroly je d\u00edky sv\u00fdm jedine\u010dn\u00fdm v\u00fd\u017eivov\u00fdm a antioxida\u010dn\u00edm vlastnostem cennou slo\u017ekou v kosmetice.\" \/>\n<meta name=\"robots\" content=\"index, follow, max-snippet:-1, max-image-preview:large, max-video-preview:-1\" \/>\n<link rel=\"canonical\" href=\"https:\/\/naturalpoland.com\/cs\/produkty\/produkty-pro-kosmeticky-prumysl\/fermentovane-extrakty\/fermentovany-vytazek-z-aceroly\/\" \/>\n<meta property=\"og:locale\" content=\"cs_CZ\" \/>\n<meta property=\"og:type\" content=\"article\" \/>\n<meta property=\"og:title\" content=\"Fermentovan\u00fd extrakt z aceroly - Velkoobchodn\u00ed distributor\" \/>\n<meta property=\"og:description\" content=\"Fermentovan\u00fd extrakt z aceroly je d\u00edky sv\u00fdm jedine\u010dn\u00fdm v\u00fd\u017eivov\u00fdm a antioxida\u010dn\u00edm vlastnostem cennou slo\u017ekou v kosmetice.\" \/>\n<meta property=\"og:url\" content=\"https:\/\/naturalpoland.com\/cs\/produkty\/produkty-pro-kosmeticky-prumysl\/fermentovane-extrakty\/fermentovany-vytazek-z-aceroly\/\" \/>\n<meta property=\"og:site_name\" content=\"NATURAL POLAND - Velkoobchodn\u00ed distributor surovin\" \/>\n<meta property=\"article:publisher\" content=\"https:\/\/www.facebook.com\/naturalpoland.b2b\" \/>\n<meta property=\"og:image\" content=\"https:\/\/naturalpoland.com\/wp-content\/uploads\/fermentowany-ekstrakt-z-aceroli.png\" \/>\n\t<meta property=\"og:image:width\" content=\"590\" \/>\n\t<meta property=\"og:image:height\" content=\"590\" \/>\n\t<meta property=\"og:image:type\" content=\"image\/png\" \/>\n<script type=\"application\/ld+json\" class=\"yoast-schema-graph\">{\"@context\":\"https:\\\/\\\/schema.org\",\"@graph\":[{\"@type\":\"WebPage\",\"@id\":\"https:\\\/\\\/naturalpoland.com\\\/cs\\\/produkty\\\/produkty-pro-kosmeticky-prumysl\\\/fermentovane-extrakty\\\/fermentovany-vytazek-z-aceroly\\\/\",\"url\":\"https:\\\/\\\/naturalpoland.com\\\/cs\\\/produkty\\\/produkty-pro-kosmeticky-prumysl\\\/fermentovane-extrakty\\\/fermentovany-vytazek-z-aceroly\\\/\",\"name\":\"Fermentovan\u00fd extrakt z aceroly - Velkoobchodn\u00ed distributor\",\"isPartOf\":{\"@id\":\"https:\\\/\\\/naturalpoland.com\\\/cs\\\/#website\"},\"primaryImageOfPage\":{\"@id\":\"https:\\\/\\\/naturalpoland.com\\\/cs\\\/produkty\\\/produkty-pro-kosmeticky-prumysl\\\/fermentovane-extrakty\\\/fermentovany-vytazek-z-aceroly\\\/#primaryimage\"},\"image\":{\"@id\":\"https:\\\/\\\/naturalpoland.com\\\/cs\\\/produkty\\\/produkty-pro-kosmeticky-prumysl\\\/fermentovane-extrakty\\\/fermentovany-vytazek-z-aceroly\\\/#primaryimage\"},\"thumbnailUrl\":\"https:\\\/\\\/naturalpoland.com\\\/wp-content\\\/uploads\\\/fermentowany-ekstrakt-z-aceroli.png\",\"datePublished\":\"2023-10-06T09:40:01+00:00\",\"description\":\"Fermentovan\u00fd extrakt z aceroly je d\u00edky sv\u00fdm jedine\u010dn\u00fdm v\u00fd\u017eivov\u00fdm a antioxida\u010dn\u00edm vlastnostem cennou slo\u017ekou v kosmetice.\",\"breadcrumb\":{\"@id\":\"https:\\\/\\\/naturalpoland.com\\\/cs\\\/produkty\\\/produkty-pro-kosmeticky-prumysl\\\/fermentovane-extrakty\\\/fermentovany-vytazek-z-aceroly\\\/#breadcrumb\"},\"inLanguage\":\"cs\",\"potentialAction\":[{\"@type\":\"ReadAction\",\"target\":[\"https:\\\/\\\/naturalpoland.com\\\/cs\\\/produkty\\\/produkty-pro-kosmeticky-prumysl\\\/fermentovane-extrakty\\\/fermentovany-vytazek-z-aceroly\\\/\"]}]},{\"@type\":\"ImageObject\",\"inLanguage\":\"cs\",\"@id\":\"https:\\\/\\\/naturalpoland.com\\\/cs\\\/produkty\\\/produkty-pro-kosmeticky-prumysl\\\/fermentovane-extrakty\\\/fermentovany-vytazek-z-aceroly\\\/#primaryimage\",\"url\":\"https:\\\/\\\/naturalpoland.com\\\/wp-content\\\/uploads\\\/fermentowany-ekstrakt-z-aceroli.png\",\"contentUrl\":\"https:\\\/\\\/naturalpoland.com\\\/wp-content\\\/uploads\\\/fermentowany-ekstrakt-z-aceroli.png\",\"width\":590,\"height\":590,\"caption\":\"Fermentovan\u00fd extrakt z aceroly\"},{\"@type\":\"BreadcrumbList\",\"@id\":\"https:\\\/\\\/naturalpoland.com\\\/cs\\\/produkty\\\/produkty-pro-kosmeticky-prumysl\\\/fermentovane-extrakty\\\/fermentovany-vytazek-z-aceroly\\\/#breadcrumb\",\"itemListElement\":[{\"@type\":\"ListItem\",\"position\":1,\"name\":\"Dom\u016f\",\"item\":\"https:\\\/\\\/naturalpoland.com\\\/cs\\\/\"},{\"@type\":\"ListItem\",\"position\":2,\"name\":\"Produkty\",\"item\":\"https:\\\/\\\/naturalpoland.com\\\/cs\\\/produkty\\\/\"},{\"@type\":\"ListItem\",\"position\":3,\"name\":\"Fermentovan\u00fd extrakt z aceroly\"}]},{\"@type\":\"WebSite\",\"@id\":\"https:\\\/\\\/naturalpoland.com\\\/cs\\\/#website\",\"url\":\"https:\\\/\\\/naturalpoland.com\\\/cs\\\/\",\"name\":\"NATURAL POLAND - Velkoobchodn\u00ed distributor surovin\",\"description\":\"Surowce dla przemys\u0142u spo\u017cywczego, kosmetycznego i farmaceutycznego\",\"publisher\":{\"@id\":\"https:\\\/\\\/naturalpoland.com\\\/cs\\\/#organization\"},\"potentialAction\":[{\"@type\":\"SearchAction\",\"target\":{\"@type\":\"EntryPoint\",\"urlTemplate\":\"https:\\\/\\\/naturalpoland.com\\\/cs\\\/?s={search_term_string}\"},\"query-input\":{\"@type\":\"PropertyValueSpecification\",\"valueRequired\":true,\"valueName\":\"search_term_string\"}}],\"inLanguage\":\"cs\"},{\"@type\":\"Organization\",\"@id\":\"https:\\\/\\\/naturalpoland.com\\\/cs\\\/#organization\",\"name\":\"Natural Poland\",\"url\":\"https:\\\/\\\/naturalpoland.com\\\/cs\\\/\",\"logo\":{\"@type\":\"ImageObject\",\"inLanguage\":\"cs\",\"@id\":\"https:\\\/\\\/naturalpoland.com\\\/cs\\\/#\\\/schema\\\/logo\\\/image\\\/\",\"url\":\"https:\\\/\\\/naturalpoland.com\\\/wp-content\\\/uploads\\\/2021\\\/05\\\/natural-poland-icon.png\",\"contentUrl\":\"https:\\\/\\\/naturalpoland.com\\\/wp-content\\\/uploads\\\/2021\\\/05\\\/natural-poland-icon.png\",\"width\":512,\"height\":512,\"caption\":\"Natural Poland\"},\"image\":{\"@id\":\"https:\\\/\\\/naturalpoland.com\\\/cs\\\/#\\\/schema\\\/logo\\\/image\\\/\"},\"sameAs\":[\"https:\\\/\\\/www.facebook.com\\\/naturalpoland.b2b\",\"https:\\\/\\\/pl.linkedin.com\\\/company\\\/natural-poland\",\"https:\\\/\\\/www.youtube.com\\\/channel\\\/UCgeGGkvOMahZo-xu_MSEWxg\"]}]}<\/script>\n<!-- \/ Yoast SEO plugin. -->","yoast_head_json":{"title":"Fermentovan\u00fd extrakt z aceroly - Velkoobchodn\u00ed distributor","description":"Fermentovan\u00fd extrakt z aceroly je d\u00edky sv\u00fdm jedine\u010dn\u00fdm v\u00fd\u017eivov\u00fdm a antioxida\u010dn\u00edm vlastnostem cennou slo\u017ekou v kosmetice.","robots":{"index":"index","follow":"follow","max-snippet":"max-snippet:-1","max-image-preview":"max-image-preview:large","max-video-preview":"max-video-preview:-1"},"canonical":"https:\/\/naturalpoland.com\/cs\/produkty\/produkty-pro-kosmeticky-prumysl\/fermentovane-extrakty\/fermentovany-vytazek-z-aceroly\/","og_locale":"cs_CZ","og_type":"article","og_title":"Fermentovan\u00fd extrakt z aceroly - Velkoobchodn\u00ed distributor","og_description":"Fermentovan\u00fd extrakt z aceroly je d\u00edky sv\u00fdm jedine\u010dn\u00fdm v\u00fd\u017eivov\u00fdm a antioxida\u010dn\u00edm vlastnostem cennou slo\u017ekou v kosmetice.","og_url":"https:\/\/naturalpoland.com\/cs\/produkty\/produkty-pro-kosmeticky-prumysl\/fermentovane-extrakty\/fermentovany-vytazek-z-aceroly\/","og_site_name":"NATURAL POLAND - Velkoobchodn\u00ed distributor surovin","article_publisher":"https:\/\/www.facebook.com\/naturalpoland.b2b","og_image":[{"width":590,"height":590,"url":"https:\/\/naturalpoland.com\/wp-content\/uploads\/fermentowany-ekstrakt-z-aceroli.png","type":"image\/png"}],"schema":{"@context":"https:\/\/schema.org","@graph":[{"@type":"WebPage","@id":"https:\/\/naturalpoland.com\/cs\/produkty\/produkty-pro-kosmeticky-prumysl\/fermentovane-extrakty\/fermentovany-vytazek-z-aceroly\/","url":"https:\/\/naturalpoland.com\/cs\/produkty\/produkty-pro-kosmeticky-prumysl\/fermentovane-extrakty\/fermentovany-vytazek-z-aceroly\/","name":"Fermentovan\u00fd extrakt z aceroly - Velkoobchodn\u00ed distributor","isPartOf":{"@id":"https:\/\/naturalpoland.com\/cs\/#website"},"primaryImageOfPage":{"@id":"https:\/\/naturalpoland.com\/cs\/produkty\/produkty-pro-kosmeticky-prumysl\/fermentovane-extrakty\/fermentovany-vytazek-z-aceroly\/#primaryimage"},"image":{"@id":"https:\/\/naturalpoland.com\/cs\/produkty\/produkty-pro-kosmeticky-prumysl\/fermentovane-extrakty\/fermentovany-vytazek-z-aceroly\/#primaryimage"},"thumbnailUrl":"https:\/\/naturalpoland.com\/wp-content\/uploads\/fermentowany-ekstrakt-z-aceroli.png","datePublished":"2023-10-06T09:40:01+00:00","description":"Fermentovan\u00fd extrakt z aceroly je d\u00edky sv\u00fdm jedine\u010dn\u00fdm v\u00fd\u017eivov\u00fdm a antioxida\u010dn\u00edm vlastnostem cennou slo\u017ekou v kosmetice.","breadcrumb":{"@id":"https:\/\/naturalpoland.com\/cs\/produkty\/produkty-pro-kosmeticky-prumysl\/fermentovane-extrakty\/fermentovany-vytazek-z-aceroly\/#breadcrumb"},"inLanguage":"cs","potentialAction":[{"@type":"ReadAction","target":["https:\/\/naturalpoland.com\/cs\/produkty\/produkty-pro-kosmeticky-prumysl\/fermentovane-extrakty\/fermentovany-vytazek-z-aceroly\/"]}]},{"@type":"ImageObject","inLanguage":"cs","@id":"https:\/\/naturalpoland.com\/cs\/produkty\/produkty-pro-kosmeticky-prumysl\/fermentovane-extrakty\/fermentovany-vytazek-z-aceroly\/#primaryimage","url":"https:\/\/naturalpoland.com\/wp-content\/uploads\/fermentowany-ekstrakt-z-aceroli.png","contentUrl":"https:\/\/naturalpoland.com\/wp-content\/uploads\/fermentowany-ekstrakt-z-aceroli.png","width":590,"height":590,"caption":"Fermentovan\u00fd extrakt z aceroly"},{"@type":"BreadcrumbList","@id":"https:\/\/naturalpoland.com\/cs\/produkty\/produkty-pro-kosmeticky-prumysl\/fermentovane-extrakty\/fermentovany-vytazek-z-aceroly\/#breadcrumb","itemListElement":[{"@type":"ListItem","position":1,"name":"Dom\u016f","item":"https:\/\/naturalpoland.com\/cs\/"},{"@type":"ListItem","position":2,"name":"Produkty","item":"https:\/\/naturalpoland.com\/cs\/produkty\/"},{"@type":"ListItem","position":3,"name":"Fermentovan\u00fd extrakt z aceroly"}]},{"@type":"WebSite","@id":"https:\/\/naturalpoland.com\/cs\/#website","url":"https:\/\/naturalpoland.com\/cs\/","name":"NATURAL POLAND - Velkoobchodn\u00ed distributor surovin","description":"Surowce dla przemys\u0142u spo\u017cywczego, kosmetycznego i farmaceutycznego","publisher":{"@id":"https:\/\/naturalpoland.com\/cs\/#organization"},"potentialAction":[{"@type":"SearchAction","target":{"@type":"EntryPoint","urlTemplate":"https:\/\/naturalpoland.com\/cs\/?s={search_term_string}"},"query-input":{"@type":"PropertyValueSpecification","valueRequired":true,"valueName":"search_term_string"}}],"inLanguage":"cs"},{"@type":"Organization","@id":"https:\/\/naturalpoland.com\/cs\/#organization","name":"Natural Poland","url":"https:\/\/naturalpoland.com\/cs\/","logo":{"@type":"ImageObject","inLanguage":"cs","@id":"https:\/\/naturalpoland.com\/cs\/#\/schema\/logo\/image\/","url":"https:\/\/naturalpoland.com\/wp-content\/uploads\/2021\/05\/natural-poland-icon.png","contentUrl":"https:\/\/naturalpoland.com\/wp-content\/uploads\/2021\/05\/natural-poland-icon.png","width":512,"height":512,"caption":"Natural Poland"},"image":{"@id":"https:\/\/naturalpoland.com\/cs\/#\/schema\/logo\/image\/"},"sameAs":["https:\/\/www.facebook.com\/naturalpoland.b2b","https:\/\/pl.linkedin.com\/company\/natural-poland","https:\/\/www.youtube.com\/channel\/UCgeGGkvOMahZo-xu_MSEWxg"]}]}},"_links":{"self":[{"href":"https:\/\/naturalpoland.com\/cs\/wp-json\/wp\/v2\/product\/26593","targetHints":{"allow":["GET"]}}],"collection":[{"href":"https:\/\/naturalpoland.com\/cs\/wp-json\/wp\/v2\/product"}],"about":[{"href":"https:\/\/naturalpoland.com\/cs\/wp-json\/wp\/v2\/types\/product"}],"wp:featuredmedia":[{"embeddable":true,"href":"https:\/\/naturalpoland.com\/cs\/wp-json\/wp\/v2\/media\/26323"}],"wp:attachment":[{"href":"https:\/\/naturalpoland.com\/cs\/wp-json\/wp\/v2\/media?parent=26593"}],"wp:term":[{"taxonomy":"product_brand","embeddable":true,"href":"https:\/\/naturalpoland.com\/cs\/wp-json\/wp\/v2\/product_brand?post=26593"},{"taxonomy":"product_cat","embeddable":true,"href":"https:\/\/naturalpoland.com\/cs\/wp-json\/wp\/v2\/product_cat?post=26593"},{"taxonomy":"product_tag","embeddable":true,"href":"https:\/\/naturalpoland.com\/cs\/wp-json\/wp\/v2\/product_tag?post=26593"}],"curies":[{"name":"wp","href":"https:\/\/api.w.org\/{rel}","templated":true}]}}