{"id":26620,"date":"2023-10-06T09:52:28","date_gmt":"2023-10-06T09:40:09","guid":{"rendered":"https:\/\/naturalpoland.com\/produkty\/nezarazene\/fermentovany-jablecny-extrakt\/"},"modified":"2023-10-06T11:40:09","modified_gmt":"2023-10-06T09:40:09","slug":"fermentovany-jablecny-extrakt","status":"publish","type":"product","link":"https:\/\/naturalpoland.com\/cs\/produkty\/produkty-pro-kosmeticky-prumysl\/fermentovane-extrakty\/fermentovany-jablecny-extrakt\/","title":{"rendered":"Fermentovan\u00fd jable\u010dn\u00fd extrakt"},"content":{"rendered":"<p>Jablka jsou bohat\u00fdm zdrojem vitamin\u016f, v\u010detn\u011b vitaminu C, a antioxidant\u016f, kter\u00e9 chr\u00e1n\u00ed poko\u017eku p\u0159ed po\u0161kozen\u00edm voln\u00fdmi radik\u00e1ly. P\u016fsob\u00ed preventivn\u011b proti p\u0159ed\u010dasn\u00e9mu st\u00e1rnut\u00ed pleti a zanech\u00e1v\u00e1 ji z\u00e1\u0159ivou a plnou energie. Extrakt z jablek je tak\u00e9 zn\u00e1m\u00fd sv\u00fdmi hydrata\u010dn\u00edmi vlastnostmi, kter\u00e9 pom\u00e1haj\u00ed udr\u017eovat ple\u0165 pru\u017enou a jemnou, \u010d\u00edm\u017e sni\u017euj\u00ed v\u00fdskyt jemn\u00fdch linek a vr\u00e1sek.<\/p>\n<p>Jeho jemn\u00fd exfolia\u010dn\u00ed \u00fa\u010dinek urychluje obnovu bun\u011bk pleti, pom\u00e1h\u00e1 minimalizovat nedokonalosti a zlep\u0161uje celkov\u00fd t\u00f3n pleti. Fermentovan\u00fd jable\u010dn\u00fd extrakt tak\u00e9 podporuje rovnov\u00e1hu ko\u017en\u00ed mikrofl\u00f3ry d\u00edky sv\u00fdm probiotick\u00fdm vlastnostem, vytv\u00e1\u0159\u00ed zdrav\u00e9 prost\u0159ed\u00ed pro poko\u017eku a posiluje jej\u00ed p\u0159irozen\u00e9 ochrann\u00e9 bari\u00e9ry.<\/p>\n<p>Tato multifunk\u010dn\u00ed \u00fa\u010dinn\u00e1 l\u00e1tka je vynikaj\u00edc\u00ed volbou pro obohacen\u00ed r\u016fzn\u00fdch kosmetick\u00fdch p\u0159\u00edpravk\u016f, jako jsou kr\u00e9my, ple\u0165ov\u00e9 vody, s\u00e9ra, masky nebo tonika. Je ide\u00e1ln\u00ed pro produkty ur\u010den\u00e9 pro zralou, suchou, citlivou nebo problematickou ple\u0165, kter\u00e9 komplexn\u011b p\u016fsob\u00ed na zlep\u0161en\u00ed vzhledu a stavu pleti.<\/p>\n<p>V\u00fdta\u017eek z fermentovan\u00fdch jablek je neoceniteln\u00fdm dopl\u0148kem p\u0159\u00edrodn\u00ed a organick\u00e9 kosmetiky, proto\u017ee je nejen \u00fa\u010dinn\u00fd, ale tak\u00e9 bezpe\u010dn\u00fd pro poko\u017eku. Je vegansk\u00fd a nebyl testov\u00e1n na zv\u00ed\u0159atech, co\u017e zd\u016fraz\u0148uje jeho etick\u00fd a udr\u017eiteln\u00fd charakter.<\/p>\n","protected":false},"excerpt":{"rendered":"<p>Fermentovan\u00fd jable\u010dn\u00fd extrakt (INCI:<em> Apple Ferment Extract<\/em>) je vysoce kvalitn\u00ed \u00fa\u010dinn\u00e1 l\u00e1tka pro v\u0161echny typy pleti. Tento jedine\u010dn\u00fd extrakt je v\u00fdsledkem fermenta\u010dn\u00edho procesu, d\u00edky n\u011bmu\u017e jsou \u017eiviny v jablk\u00e1ch l\u00e9pe vst\u0159ebateln\u00e9 a aktivn\u00ed na bun\u011b\u010dn\u00e9 \u00farovni.<\/p>\n","protected":false},"featured_media":26350,"template":"","meta":[],"product_brand":[],"product_cat":[2689],"product_tag":[],"class_list":{"0":"post-26620","1":"product","2":"type-product","3":"status-publish","4":"has-post-thumbnail","6":"product_cat-fermentovane-extrakty","8":"first","9":"instock","10":"shipping-taxable","11":"product-type-simple"},"yoast_head":"<!-- This site is optimized with the Yoast SEO plugin v27.3 - https:\/\/yoast.com\/product\/yoast-seo-wordpress\/ -->\n<title>Fermentovan\u00fd jable\u010dn\u00fd extrakt - Velkoobchodn\u00ed distributor<\/title>\n<meta name=\"description\" content=\"Fermentovan\u00fd jable\u010dn\u00fd extrakt (INCI: Apple Ferment Extract) je vysoce kvalitn\u00ed \u00fa\u010dinn\u00e1 l\u00e1tka pro v\u0161echny typy pleti.\" \/>\n<meta name=\"robots\" content=\"index, follow, max-snippet:-1, max-image-preview:large, max-video-preview:-1\" \/>\n<link rel=\"canonical\" href=\"https:\/\/naturalpoland.com\/cs\/produkty\/produkty-pro-kosmeticky-prumysl\/fermentovane-extrakty\/fermentovany-jablecny-extrakt\/\" \/>\n<meta property=\"og:locale\" content=\"cs_CZ\" \/>\n<meta property=\"og:type\" content=\"article\" \/>\n<meta property=\"og:title\" content=\"Fermentovan\u00fd jable\u010dn\u00fd extrakt - Velkoobchodn\u00ed distributor\" \/>\n<meta property=\"og:description\" content=\"Fermentovan\u00fd jable\u010dn\u00fd extrakt (INCI: Apple Ferment Extract) je vysoce kvalitn\u00ed \u00fa\u010dinn\u00e1 l\u00e1tka pro v\u0161echny typy pleti.\" \/>\n<meta property=\"og:url\" content=\"https:\/\/naturalpoland.com\/cs\/produkty\/produkty-pro-kosmeticky-prumysl\/fermentovane-extrakty\/fermentovany-jablecny-extrakt\/\" \/>\n<meta property=\"og:site_name\" content=\"NATURAL POLAND - Velkoobchodn\u00ed distributor surovin\" \/>\n<meta property=\"article:publisher\" content=\"https:\/\/www.facebook.com\/naturalpoland.b2b\" \/>\n<meta property=\"og:image\" content=\"https:\/\/naturalpoland.com\/wp-content\/uploads\/fermentowany-ekstrakt-z-jablka.jpg\" \/>\n\t<meta property=\"og:image:width\" content=\"590\" \/>\n\t<meta property=\"og:image:height\" content=\"590\" \/>\n\t<meta property=\"og:image:type\" content=\"image\/jpeg\" \/>\n<script type=\"application\/ld+json\" class=\"yoast-schema-graph\">{\"@context\":\"https:\\\/\\\/schema.org\",\"@graph\":[{\"@type\":\"WebPage\",\"@id\":\"https:\\\/\\\/naturalpoland.com\\\/cs\\\/produkty\\\/produkty-pro-kosmeticky-prumysl\\\/fermentovane-extrakty\\\/fermentovany-jablecny-extrakt\\\/\",\"url\":\"https:\\\/\\\/naturalpoland.com\\\/cs\\\/produkty\\\/produkty-pro-kosmeticky-prumysl\\\/fermentovane-extrakty\\\/fermentovany-jablecny-extrakt\\\/\",\"name\":\"Fermentovan\u00fd jable\u010dn\u00fd extrakt - Velkoobchodn\u00ed distributor\",\"isPartOf\":{\"@id\":\"https:\\\/\\\/naturalpoland.com\\\/cs\\\/#website\"},\"primaryImageOfPage\":{\"@id\":\"https:\\\/\\\/naturalpoland.com\\\/cs\\\/produkty\\\/produkty-pro-kosmeticky-prumysl\\\/fermentovane-extrakty\\\/fermentovany-jablecny-extrakt\\\/#primaryimage\"},\"image\":{\"@id\":\"https:\\\/\\\/naturalpoland.com\\\/cs\\\/produkty\\\/produkty-pro-kosmeticky-prumysl\\\/fermentovane-extrakty\\\/fermentovany-jablecny-extrakt\\\/#primaryimage\"},\"thumbnailUrl\":\"https:\\\/\\\/naturalpoland.com\\\/wp-content\\\/uploads\\\/fermentowany-ekstrakt-z-jablka.jpg\",\"datePublished\":\"2023-10-06T09:40:09+00:00\",\"description\":\"Fermentovan\u00fd jable\u010dn\u00fd extrakt (INCI: Apple Ferment Extract) je vysoce kvalitn\u00ed \u00fa\u010dinn\u00e1 l\u00e1tka pro v\u0161echny typy pleti.\",\"breadcrumb\":{\"@id\":\"https:\\\/\\\/naturalpoland.com\\\/cs\\\/produkty\\\/produkty-pro-kosmeticky-prumysl\\\/fermentovane-extrakty\\\/fermentovany-jablecny-extrakt\\\/#breadcrumb\"},\"inLanguage\":\"cs\",\"potentialAction\":[{\"@type\":\"ReadAction\",\"target\":[\"https:\\\/\\\/naturalpoland.com\\\/cs\\\/produkty\\\/produkty-pro-kosmeticky-prumysl\\\/fermentovane-extrakty\\\/fermentovany-jablecny-extrakt\\\/\"]}]},{\"@type\":\"ImageObject\",\"inLanguage\":\"cs\",\"@id\":\"https:\\\/\\\/naturalpoland.com\\\/cs\\\/produkty\\\/produkty-pro-kosmeticky-prumysl\\\/fermentovane-extrakty\\\/fermentovany-jablecny-extrakt\\\/#primaryimage\",\"url\":\"https:\\\/\\\/naturalpoland.com\\\/wp-content\\\/uploads\\\/fermentowany-ekstrakt-z-jablka.jpg\",\"contentUrl\":\"https:\\\/\\\/naturalpoland.com\\\/wp-content\\\/uploads\\\/fermentowany-ekstrakt-z-jablka.jpg\",\"width\":590,\"height\":590,\"caption\":\"fermentovan\u00fd jable\u010dn\u00fd extrakt\"},{\"@type\":\"BreadcrumbList\",\"@id\":\"https:\\\/\\\/naturalpoland.com\\\/cs\\\/produkty\\\/produkty-pro-kosmeticky-prumysl\\\/fermentovane-extrakty\\\/fermentovany-jablecny-extrakt\\\/#breadcrumb\",\"itemListElement\":[{\"@type\":\"ListItem\",\"position\":1,\"name\":\"Dom\u016f\",\"item\":\"https:\\\/\\\/naturalpoland.com\\\/cs\\\/\"},{\"@type\":\"ListItem\",\"position\":2,\"name\":\"Produkty\",\"item\":\"https:\\\/\\\/naturalpoland.com\\\/cs\\\/produkty\\\/\"},{\"@type\":\"ListItem\",\"position\":3,\"name\":\"Fermentovan\u00fd jable\u010dn\u00fd extrakt\"}]},{\"@type\":\"WebSite\",\"@id\":\"https:\\\/\\\/naturalpoland.com\\\/cs\\\/#website\",\"url\":\"https:\\\/\\\/naturalpoland.com\\\/cs\\\/\",\"name\":\"NATURAL POLAND - Velkoobchodn\u00ed distributor surovin\",\"description\":\"Surowce dla przemys\u0142u spo\u017cywczego, kosmetycznego i farmaceutycznego\",\"publisher\":{\"@id\":\"https:\\\/\\\/naturalpoland.com\\\/cs\\\/#organization\"},\"potentialAction\":[{\"@type\":\"SearchAction\",\"target\":{\"@type\":\"EntryPoint\",\"urlTemplate\":\"https:\\\/\\\/naturalpoland.com\\\/cs\\\/?s={search_term_string}\"},\"query-input\":{\"@type\":\"PropertyValueSpecification\",\"valueRequired\":true,\"valueName\":\"search_term_string\"}}],\"inLanguage\":\"cs\"},{\"@type\":\"Organization\",\"@id\":\"https:\\\/\\\/naturalpoland.com\\\/cs\\\/#organization\",\"name\":\"Natural Poland\",\"url\":\"https:\\\/\\\/naturalpoland.com\\\/cs\\\/\",\"logo\":{\"@type\":\"ImageObject\",\"inLanguage\":\"cs\",\"@id\":\"https:\\\/\\\/naturalpoland.com\\\/cs\\\/#\\\/schema\\\/logo\\\/image\\\/\",\"url\":\"https:\\\/\\\/naturalpoland.com\\\/wp-content\\\/uploads\\\/2021\\\/05\\\/natural-poland-icon.png\",\"contentUrl\":\"https:\\\/\\\/naturalpoland.com\\\/wp-content\\\/uploads\\\/2021\\\/05\\\/natural-poland-icon.png\",\"width\":512,\"height\":512,\"caption\":\"Natural Poland\"},\"image\":{\"@id\":\"https:\\\/\\\/naturalpoland.com\\\/cs\\\/#\\\/schema\\\/logo\\\/image\\\/\"},\"sameAs\":[\"https:\\\/\\\/www.facebook.com\\\/naturalpoland.b2b\",\"https:\\\/\\\/pl.linkedin.com\\\/company\\\/natural-poland\",\"https:\\\/\\\/www.youtube.com\\\/channel\\\/UCgeGGkvOMahZo-xu_MSEWxg\"]}]}<\/script>\n<!-- \/ Yoast SEO plugin. -->","yoast_head_json":{"title":"Fermentovan\u00fd jable\u010dn\u00fd extrakt - Velkoobchodn\u00ed distributor","description":"Fermentovan\u00fd jable\u010dn\u00fd extrakt (INCI: Apple Ferment Extract) je vysoce kvalitn\u00ed \u00fa\u010dinn\u00e1 l\u00e1tka pro v\u0161echny typy pleti.","robots":{"index":"index","follow":"follow","max-snippet":"max-snippet:-1","max-image-preview":"max-image-preview:large","max-video-preview":"max-video-preview:-1"},"canonical":"https:\/\/naturalpoland.com\/cs\/produkty\/produkty-pro-kosmeticky-prumysl\/fermentovane-extrakty\/fermentovany-jablecny-extrakt\/","og_locale":"cs_CZ","og_type":"article","og_title":"Fermentovan\u00fd jable\u010dn\u00fd extrakt - Velkoobchodn\u00ed distributor","og_description":"Fermentovan\u00fd jable\u010dn\u00fd extrakt (INCI: Apple Ferment Extract) je vysoce kvalitn\u00ed \u00fa\u010dinn\u00e1 l\u00e1tka pro v\u0161echny typy pleti.","og_url":"https:\/\/naturalpoland.com\/cs\/produkty\/produkty-pro-kosmeticky-prumysl\/fermentovane-extrakty\/fermentovany-jablecny-extrakt\/","og_site_name":"NATURAL POLAND - Velkoobchodn\u00ed distributor surovin","article_publisher":"https:\/\/www.facebook.com\/naturalpoland.b2b","og_image":[{"width":590,"height":590,"url":"https:\/\/naturalpoland.com\/wp-content\/uploads\/fermentowany-ekstrakt-z-jablka.jpg","type":"image\/jpeg"}],"schema":{"@context":"https:\/\/schema.org","@graph":[{"@type":"WebPage","@id":"https:\/\/naturalpoland.com\/cs\/produkty\/produkty-pro-kosmeticky-prumysl\/fermentovane-extrakty\/fermentovany-jablecny-extrakt\/","url":"https:\/\/naturalpoland.com\/cs\/produkty\/produkty-pro-kosmeticky-prumysl\/fermentovane-extrakty\/fermentovany-jablecny-extrakt\/","name":"Fermentovan\u00fd jable\u010dn\u00fd extrakt - Velkoobchodn\u00ed distributor","isPartOf":{"@id":"https:\/\/naturalpoland.com\/cs\/#website"},"primaryImageOfPage":{"@id":"https:\/\/naturalpoland.com\/cs\/produkty\/produkty-pro-kosmeticky-prumysl\/fermentovane-extrakty\/fermentovany-jablecny-extrakt\/#primaryimage"},"image":{"@id":"https:\/\/naturalpoland.com\/cs\/produkty\/produkty-pro-kosmeticky-prumysl\/fermentovane-extrakty\/fermentovany-jablecny-extrakt\/#primaryimage"},"thumbnailUrl":"https:\/\/naturalpoland.com\/wp-content\/uploads\/fermentowany-ekstrakt-z-jablka.jpg","datePublished":"2023-10-06T09:40:09+00:00","description":"Fermentovan\u00fd jable\u010dn\u00fd extrakt (INCI: Apple Ferment Extract) je vysoce kvalitn\u00ed \u00fa\u010dinn\u00e1 l\u00e1tka pro v\u0161echny typy pleti.","breadcrumb":{"@id":"https:\/\/naturalpoland.com\/cs\/produkty\/produkty-pro-kosmeticky-prumysl\/fermentovane-extrakty\/fermentovany-jablecny-extrakt\/#breadcrumb"},"inLanguage":"cs","potentialAction":[{"@type":"ReadAction","target":["https:\/\/naturalpoland.com\/cs\/produkty\/produkty-pro-kosmeticky-prumysl\/fermentovane-extrakty\/fermentovany-jablecny-extrakt\/"]}]},{"@type":"ImageObject","inLanguage":"cs","@id":"https:\/\/naturalpoland.com\/cs\/produkty\/produkty-pro-kosmeticky-prumysl\/fermentovane-extrakty\/fermentovany-jablecny-extrakt\/#primaryimage","url":"https:\/\/naturalpoland.com\/wp-content\/uploads\/fermentowany-ekstrakt-z-jablka.jpg","contentUrl":"https:\/\/naturalpoland.com\/wp-content\/uploads\/fermentowany-ekstrakt-z-jablka.jpg","width":590,"height":590,"caption":"fermentovan\u00fd jable\u010dn\u00fd extrakt"},{"@type":"BreadcrumbList","@id":"https:\/\/naturalpoland.com\/cs\/produkty\/produkty-pro-kosmeticky-prumysl\/fermentovane-extrakty\/fermentovany-jablecny-extrakt\/#breadcrumb","itemListElement":[{"@type":"ListItem","position":1,"name":"Dom\u016f","item":"https:\/\/naturalpoland.com\/cs\/"},{"@type":"ListItem","position":2,"name":"Produkty","item":"https:\/\/naturalpoland.com\/cs\/produkty\/"},{"@type":"ListItem","position":3,"name":"Fermentovan\u00fd jable\u010dn\u00fd extrakt"}]},{"@type":"WebSite","@id":"https:\/\/naturalpoland.com\/cs\/#website","url":"https:\/\/naturalpoland.com\/cs\/","name":"NATURAL POLAND - Velkoobchodn\u00ed distributor surovin","description":"Surowce dla przemys\u0142u spo\u017cywczego, kosmetycznego i farmaceutycznego","publisher":{"@id":"https:\/\/naturalpoland.com\/cs\/#organization"},"potentialAction":[{"@type":"SearchAction","target":{"@type":"EntryPoint","urlTemplate":"https:\/\/naturalpoland.com\/cs\/?s={search_term_string}"},"query-input":{"@type":"PropertyValueSpecification","valueRequired":true,"valueName":"search_term_string"}}],"inLanguage":"cs"},{"@type":"Organization","@id":"https:\/\/naturalpoland.com\/cs\/#organization","name":"Natural Poland","url":"https:\/\/naturalpoland.com\/cs\/","logo":{"@type":"ImageObject","inLanguage":"cs","@id":"https:\/\/naturalpoland.com\/cs\/#\/schema\/logo\/image\/","url":"https:\/\/naturalpoland.com\/wp-content\/uploads\/2021\/05\/natural-poland-icon.png","contentUrl":"https:\/\/naturalpoland.com\/wp-content\/uploads\/2021\/05\/natural-poland-icon.png","width":512,"height":512,"caption":"Natural Poland"},"image":{"@id":"https:\/\/naturalpoland.com\/cs\/#\/schema\/logo\/image\/"},"sameAs":["https:\/\/www.facebook.com\/naturalpoland.b2b","https:\/\/pl.linkedin.com\/company\/natural-poland","https:\/\/www.youtube.com\/channel\/UCgeGGkvOMahZo-xu_MSEWxg"]}]}},"_links":{"self":[{"href":"https:\/\/naturalpoland.com\/cs\/wp-json\/wp\/v2\/product\/26620","targetHints":{"allow":["GET"]}}],"collection":[{"href":"https:\/\/naturalpoland.com\/cs\/wp-json\/wp\/v2\/product"}],"about":[{"href":"https:\/\/naturalpoland.com\/cs\/wp-json\/wp\/v2\/types\/product"}],"wp:featuredmedia":[{"embeddable":true,"href":"https:\/\/naturalpoland.com\/cs\/wp-json\/wp\/v2\/media\/26350"}],"wp:attachment":[{"href":"https:\/\/naturalpoland.com\/cs\/wp-json\/wp\/v2\/media?parent=26620"}],"wp:term":[{"taxonomy":"product_brand","embeddable":true,"href":"https:\/\/naturalpoland.com\/cs\/wp-json\/wp\/v2\/product_brand?post=26620"},{"taxonomy":"product_cat","embeddable":true,"href":"https:\/\/naturalpoland.com\/cs\/wp-json\/wp\/v2\/product_cat?post=26620"},{"taxonomy":"product_tag","embeddable":true,"href":"https:\/\/naturalpoland.com\/cs\/wp-json\/wp\/v2\/product_tag?post=26620"}],"curies":[{"name":"wp","href":"https:\/\/api.w.org\/{rel}","templated":true}]}}