{"id":26663,"date":"2023-10-06T13:42:11","date_gmt":"2023-10-06T11:49:01","guid":{"rendered":"https:\/\/naturalpoland.com\/produkty\/nezarazene\/fermentovany-extrakt-ze-zeleneho-caje\/"},"modified":"2023-10-06T13:49:01","modified_gmt":"2023-10-06T11:49:01","slug":"vytazek-z-fermentovaneho-zeleneho-caje","status":"publish","type":"product","link":"https:\/\/naturalpoland.com\/cs\/produkty\/produkty-pro-kosmeticky-prumysl\/fermentovane-extrakty\/vytazek-z-fermentovaneho-zeleneho-caje\/","title":{"rendered":"Fermentovan\u00fd extrakt ze zelen\u00e9ho \u010daje"},"content":{"rendered":"<p>V kosmetice se extrakt pou\u017e\u00edv\u00e1 p\u0159edev\u0161\u00edm jako \u00fa\u010dinn\u00fd antioxidant, kter\u00fd chr\u00e1n\u00ed poko\u017eku p\u0159ed \u0161kodliv\u00fdmi \u00fa\u010dinky voln\u00fdch radik\u00e1l\u016f a zne\u010di\u0161\u0165uj\u00edc\u00edch l\u00e1tek. D\u00edky obsahu katechin\u016f a polyfenol\u016f p\u016fsob\u00ed extrakt ze zelen\u00e9ho \u010daje proti st\u00e1rnut\u00ed a pom\u00e1h\u00e1 udr\u017eovat poko\u017eku ve v\u00fdborn\u00e9 kondici, podporuje jej\u00ed pru\u017enost a pevnost.<\/p>\n<p>Extrakt z fermentovan\u00e9ho zelen\u00e9ho \u010daje m\u00e1 nav\u00edc protiz\u00e1n\u011btliv\u00e9 a zklid\u0148uj\u00edc\u00ed \u00fa\u010dinky, tak\u017ee je ide\u00e1ln\u00ed slo\u017ekou produkt\u016f pro citlivou a podr\u00e1\u017ed\u011bnou ple\u0165. M\u00e1 tak\u00e9 zmat\u0148uj\u00edc\u00ed \u00fa\u010dinek a redukuje p\u0159ebyte\u010dn\u00fd ko\u017en\u00ed maz, tak\u017ee je obl\u00edbenou volbou v produktech pro sm\u00ed\u0161enou a mastnou ple\u0165.<\/p>\n<p>D\u00edky sv\u00e9 univerz\u00e1lnosti se extrakt pou\u017e\u00edv\u00e1 v \u0161irok\u00e9 \u0161k\u00e1le kosmetick\u00fdch produkt\u016f &#8211; od kr\u00e9m\u016f p\u0159es s\u00e9ra a\u017e po masky a tonika. V\u00fdrobek je v souladu s trendy p\u0159\u00edrodn\u00ed a organick\u00e9 kosmetiky, a proto je ide\u00e1ln\u00ed volbou pro zna\u010dky, jejich\u017e filozofi\u00ed je zam\u011b\u0159it se na ekologick\u00e1 a bezpe\u010dn\u00e1 \u0159e\u0161en\u00ed pro ple\u0165.<\/p>\n","protected":false},"excerpt":{"rendered":"<p>Fermentovan\u00fd extrakt ze zelen\u00e9ho \u010daje (INCI: <em>Green Tea Ferment Extract<\/em>) je jedine\u010dn\u00e1 kosmetick\u00e1 slo\u017eka, kter\u00e1 je v kosmetick\u00e9m pr\u016fmyslu uzn\u00e1van\u00e1 pro sv\u00e9 v\u00fdjime\u010dn\u00e9 pe\u010duj\u00edc\u00ed a vy\u017eivuj\u00edc\u00ed vlastnosti. Tento produkt se z\u00edsk\u00e1v\u00e1 \u0159\u00edzenou fermentac\u00ed list\u016f zelen\u00e9ho \u010daje, kter\u00e1 v\u00fdrazn\u011b zvy\u0161uje jeho antioxida\u010dn\u00ed a regenera\u010dn\u00ed \u00fa\u010dinky.<\/p>\n","protected":false},"featured_media":26648,"template":"","meta":{"_acf_changed":false},"product_brand":[],"product_cat":[2689],"product_tag":[],"class_list":{"0":"post-26663","1":"product","2":"type-product","3":"status-publish","4":"has-post-thumbnail","6":"product_cat-fermentovane-extrakty","8":"first","9":"instock","10":"shipping-taxable","11":"product-type-simple"},"acf":[],"yoast_head":"<!-- This site is optimized with the Yoast SEO plugin v27.4 - https:\/\/yoast.com\/product\/yoast-seo-wordpress\/ -->\n<title>Fermentovan\u00fd extrakt ze zelen\u00e9ho \u010daje - Velkoobchodn\u00ed distributor<\/title>\n<meta name=\"description\" content=\"V\u00fdta\u017eek z fermentovan\u00e9ho zelen\u00e9ho \u010daje je v oboru uzn\u00e1v\u00e1n pro sv\u00e9 v\u00fdjime\u010dn\u00e9 pe\u010duj\u00edc\u00ed a vy\u017eivuj\u00edc\u00ed vlastnosti.\" \/>\n<meta name=\"robots\" content=\"index, follow, max-snippet:-1, max-image-preview:large, max-video-preview:-1\" \/>\n<link rel=\"canonical\" href=\"https:\/\/naturalpoland.com\/cs\/produkty\/produkty-pro-kosmeticky-prumysl\/fermentovane-extrakty\/vytazek-z-fermentovaneho-zeleneho-caje\/\" \/>\n<meta property=\"og:locale\" content=\"cs_CZ\" \/>\n<meta property=\"og:type\" content=\"article\" \/>\n<meta property=\"og:title\" content=\"Fermentovan\u00fd extrakt ze zelen\u00e9ho \u010daje - Velkoobchodn\u00ed distributor\" \/>\n<meta property=\"og:description\" content=\"V\u00fdta\u017eek z fermentovan\u00e9ho zelen\u00e9ho \u010daje je v oboru uzn\u00e1v\u00e1n pro sv\u00e9 v\u00fdjime\u010dn\u00e9 pe\u010duj\u00edc\u00ed a vy\u017eivuj\u00edc\u00ed vlastnosti.\" \/>\n<meta property=\"og:url\" content=\"https:\/\/naturalpoland.com\/cs\/produkty\/produkty-pro-kosmeticky-prumysl\/fermentovane-extrakty\/vytazek-z-fermentovaneho-zeleneho-caje\/\" \/>\n<meta property=\"og:site_name\" content=\"NATURAL POLAND - Velkoobchodn\u00ed distributor surovin\" \/>\n<meta property=\"article:publisher\" content=\"https:\/\/www.facebook.com\/naturalpoland.b2b\" \/>\n<meta property=\"og:image\" content=\"https:\/\/naturalpoland.com\/wp-content\/uploads\/fermentowany-ekstrakt-z-zielonej-herbaty.png\" \/>\n\t<meta property=\"og:image:width\" content=\"590\" \/>\n\t<meta property=\"og:image:height\" content=\"590\" \/>\n\t<meta property=\"og:image:type\" content=\"image\/png\" \/>\n<script type=\"application\/ld+json\" class=\"yoast-schema-graph\">{\"@context\":\"https:\\\/\\\/schema.org\",\"@graph\":[{\"@type\":\"WebPage\",\"@id\":\"https:\\\/\\\/naturalpoland.com\\\/cs\\\/produkty\\\/produkty-pro-kosmeticky-prumysl\\\/fermentovane-extrakty\\\/vytazek-z-fermentovaneho-zeleneho-caje\\\/\",\"url\":\"https:\\\/\\\/naturalpoland.com\\\/cs\\\/produkty\\\/produkty-pro-kosmeticky-prumysl\\\/fermentovane-extrakty\\\/vytazek-z-fermentovaneho-zeleneho-caje\\\/\",\"name\":\"Fermentovan\u00fd extrakt ze zelen\u00e9ho \u010daje - Velkoobchodn\u00ed distributor\",\"isPartOf\":{\"@id\":\"https:\\\/\\\/naturalpoland.com\\\/cs\\\/#website\"},\"primaryImageOfPage\":{\"@id\":\"https:\\\/\\\/naturalpoland.com\\\/cs\\\/produkty\\\/produkty-pro-kosmeticky-prumysl\\\/fermentovane-extrakty\\\/vytazek-z-fermentovaneho-zeleneho-caje\\\/#primaryimage\"},\"image\":{\"@id\":\"https:\\\/\\\/naturalpoland.com\\\/cs\\\/produkty\\\/produkty-pro-kosmeticky-prumysl\\\/fermentovane-extrakty\\\/vytazek-z-fermentovaneho-zeleneho-caje\\\/#primaryimage\"},\"thumbnailUrl\":\"https:\\\/\\\/naturalpoland.com\\\/wp-content\\\/uploads\\\/fermentowany-ekstrakt-z-zielonej-herbaty.png\",\"datePublished\":\"2023-10-06T11:49:01+00:00\",\"description\":\"V\u00fdta\u017eek z fermentovan\u00e9ho zelen\u00e9ho \u010daje je v oboru uzn\u00e1v\u00e1n pro sv\u00e9 v\u00fdjime\u010dn\u00e9 pe\u010duj\u00edc\u00ed a vy\u017eivuj\u00edc\u00ed vlastnosti.\",\"breadcrumb\":{\"@id\":\"https:\\\/\\\/naturalpoland.com\\\/cs\\\/produkty\\\/produkty-pro-kosmeticky-prumysl\\\/fermentovane-extrakty\\\/vytazek-z-fermentovaneho-zeleneho-caje\\\/#breadcrumb\"},\"inLanguage\":\"cs\",\"potentialAction\":[{\"@type\":\"ReadAction\",\"target\":[\"https:\\\/\\\/naturalpoland.com\\\/cs\\\/produkty\\\/produkty-pro-kosmeticky-prumysl\\\/fermentovane-extrakty\\\/vytazek-z-fermentovaneho-zeleneho-caje\\\/\"]}]},{\"@type\":\"ImageObject\",\"inLanguage\":\"cs\",\"@id\":\"https:\\\/\\\/naturalpoland.com\\\/cs\\\/produkty\\\/produkty-pro-kosmeticky-prumysl\\\/fermentovane-extrakty\\\/vytazek-z-fermentovaneho-zeleneho-caje\\\/#primaryimage\",\"url\":\"https:\\\/\\\/naturalpoland.com\\\/wp-content\\\/uploads\\\/fermentowany-ekstrakt-z-zielonej-herbaty.png\",\"contentUrl\":\"https:\\\/\\\/naturalpoland.com\\\/wp-content\\\/uploads\\\/fermentowany-ekstrakt-z-zielonej-herbaty.png\",\"width\":590,\"height\":590,\"caption\":\"fermentovan\u00fd extrakt ze zelen\u00e9ho \u010daje\"},{\"@type\":\"BreadcrumbList\",\"@id\":\"https:\\\/\\\/naturalpoland.com\\\/cs\\\/produkty\\\/produkty-pro-kosmeticky-prumysl\\\/fermentovane-extrakty\\\/vytazek-z-fermentovaneho-zeleneho-caje\\\/#breadcrumb\",\"itemListElement\":[{\"@type\":\"ListItem\",\"position\":1,\"name\":\"Dom\u016f\",\"item\":\"https:\\\/\\\/naturalpoland.com\\\/cs\\\/\"},{\"@type\":\"ListItem\",\"position\":2,\"name\":\"Produkty\",\"item\":\"https:\\\/\\\/naturalpoland.com\\\/cs\\\/produkty\\\/\"},{\"@type\":\"ListItem\",\"position\":3,\"name\":\"Fermentovan\u00fd extrakt ze zelen\u00e9ho \u010daje\"}]},{\"@type\":\"WebSite\",\"@id\":\"https:\\\/\\\/naturalpoland.com\\\/cs\\\/#website\",\"url\":\"https:\\\/\\\/naturalpoland.com\\\/cs\\\/\",\"name\":\"NATURAL POLAND - Velkoobchodn\u00ed distributor surovin\",\"description\":\"Surowce dla przemys\u0142u spo\u017cywczego, kosmetycznego i farmaceutycznego\",\"publisher\":{\"@id\":\"https:\\\/\\\/naturalpoland.com\\\/cs\\\/#organization\"},\"potentialAction\":[{\"@type\":\"SearchAction\",\"target\":{\"@type\":\"EntryPoint\",\"urlTemplate\":\"https:\\\/\\\/naturalpoland.com\\\/cs\\\/?s={search_term_string}\"},\"query-input\":{\"@type\":\"PropertyValueSpecification\",\"valueRequired\":true,\"valueName\":\"search_term_string\"}}],\"inLanguage\":\"cs\"},{\"@type\":\"Organization\",\"@id\":\"https:\\\/\\\/naturalpoland.com\\\/cs\\\/#organization\",\"name\":\"Natural Poland\",\"url\":\"https:\\\/\\\/naturalpoland.com\\\/cs\\\/\",\"logo\":{\"@type\":\"ImageObject\",\"inLanguage\":\"cs\",\"@id\":\"https:\\\/\\\/naturalpoland.com\\\/cs\\\/#\\\/schema\\\/logo\\\/image\\\/\",\"url\":\"https:\\\/\\\/naturalpoland.com\\\/wp-content\\\/uploads\\\/2021\\\/05\\\/natural-poland-icon.png\",\"contentUrl\":\"https:\\\/\\\/naturalpoland.com\\\/wp-content\\\/uploads\\\/2021\\\/05\\\/natural-poland-icon.png\",\"width\":512,\"height\":512,\"caption\":\"Natural Poland\"},\"image\":{\"@id\":\"https:\\\/\\\/naturalpoland.com\\\/cs\\\/#\\\/schema\\\/logo\\\/image\\\/\"},\"sameAs\":[\"https:\\\/\\\/www.facebook.com\\\/naturalpoland.b2b\",\"https:\\\/\\\/pl.linkedin.com\\\/company\\\/natural-poland\",\"https:\\\/\\\/www.youtube.com\\\/channel\\\/UCgeGGkvOMahZo-xu_MSEWxg\"]}]}<\/script>\n<!-- \/ Yoast SEO plugin. -->","yoast_head_json":{"title":"Fermentovan\u00fd extrakt ze zelen\u00e9ho \u010daje - Velkoobchodn\u00ed distributor","description":"V\u00fdta\u017eek z fermentovan\u00e9ho zelen\u00e9ho \u010daje je v oboru uzn\u00e1v\u00e1n pro sv\u00e9 v\u00fdjime\u010dn\u00e9 pe\u010duj\u00edc\u00ed a vy\u017eivuj\u00edc\u00ed vlastnosti.","robots":{"index":"index","follow":"follow","max-snippet":"max-snippet:-1","max-image-preview":"max-image-preview:large","max-video-preview":"max-video-preview:-1"},"canonical":"https:\/\/naturalpoland.com\/cs\/produkty\/produkty-pro-kosmeticky-prumysl\/fermentovane-extrakty\/vytazek-z-fermentovaneho-zeleneho-caje\/","og_locale":"cs_CZ","og_type":"article","og_title":"Fermentovan\u00fd extrakt ze zelen\u00e9ho \u010daje - Velkoobchodn\u00ed distributor","og_description":"V\u00fdta\u017eek z fermentovan\u00e9ho zelen\u00e9ho \u010daje je v oboru uzn\u00e1v\u00e1n pro sv\u00e9 v\u00fdjime\u010dn\u00e9 pe\u010duj\u00edc\u00ed a vy\u017eivuj\u00edc\u00ed vlastnosti.","og_url":"https:\/\/naturalpoland.com\/cs\/produkty\/produkty-pro-kosmeticky-prumysl\/fermentovane-extrakty\/vytazek-z-fermentovaneho-zeleneho-caje\/","og_site_name":"NATURAL POLAND - Velkoobchodn\u00ed distributor surovin","article_publisher":"https:\/\/www.facebook.com\/naturalpoland.b2b","og_image":[{"width":590,"height":590,"url":"https:\/\/naturalpoland.com\/wp-content\/uploads\/fermentowany-ekstrakt-z-zielonej-herbaty.png","type":"image\/png"}],"schema":{"@context":"https:\/\/schema.org","@graph":[{"@type":"WebPage","@id":"https:\/\/naturalpoland.com\/cs\/produkty\/produkty-pro-kosmeticky-prumysl\/fermentovane-extrakty\/vytazek-z-fermentovaneho-zeleneho-caje\/","url":"https:\/\/naturalpoland.com\/cs\/produkty\/produkty-pro-kosmeticky-prumysl\/fermentovane-extrakty\/vytazek-z-fermentovaneho-zeleneho-caje\/","name":"Fermentovan\u00fd extrakt ze zelen\u00e9ho \u010daje - Velkoobchodn\u00ed distributor","isPartOf":{"@id":"https:\/\/naturalpoland.com\/cs\/#website"},"primaryImageOfPage":{"@id":"https:\/\/naturalpoland.com\/cs\/produkty\/produkty-pro-kosmeticky-prumysl\/fermentovane-extrakty\/vytazek-z-fermentovaneho-zeleneho-caje\/#primaryimage"},"image":{"@id":"https:\/\/naturalpoland.com\/cs\/produkty\/produkty-pro-kosmeticky-prumysl\/fermentovane-extrakty\/vytazek-z-fermentovaneho-zeleneho-caje\/#primaryimage"},"thumbnailUrl":"https:\/\/naturalpoland.com\/wp-content\/uploads\/fermentowany-ekstrakt-z-zielonej-herbaty.png","datePublished":"2023-10-06T11:49:01+00:00","description":"V\u00fdta\u017eek z fermentovan\u00e9ho zelen\u00e9ho \u010daje je v oboru uzn\u00e1v\u00e1n pro sv\u00e9 v\u00fdjime\u010dn\u00e9 pe\u010duj\u00edc\u00ed a vy\u017eivuj\u00edc\u00ed vlastnosti.","breadcrumb":{"@id":"https:\/\/naturalpoland.com\/cs\/produkty\/produkty-pro-kosmeticky-prumysl\/fermentovane-extrakty\/vytazek-z-fermentovaneho-zeleneho-caje\/#breadcrumb"},"inLanguage":"cs","potentialAction":[{"@type":"ReadAction","target":["https:\/\/naturalpoland.com\/cs\/produkty\/produkty-pro-kosmeticky-prumysl\/fermentovane-extrakty\/vytazek-z-fermentovaneho-zeleneho-caje\/"]}]},{"@type":"ImageObject","inLanguage":"cs","@id":"https:\/\/naturalpoland.com\/cs\/produkty\/produkty-pro-kosmeticky-prumysl\/fermentovane-extrakty\/vytazek-z-fermentovaneho-zeleneho-caje\/#primaryimage","url":"https:\/\/naturalpoland.com\/wp-content\/uploads\/fermentowany-ekstrakt-z-zielonej-herbaty.png","contentUrl":"https:\/\/naturalpoland.com\/wp-content\/uploads\/fermentowany-ekstrakt-z-zielonej-herbaty.png","width":590,"height":590,"caption":"fermentovan\u00fd extrakt ze zelen\u00e9ho \u010daje"},{"@type":"BreadcrumbList","@id":"https:\/\/naturalpoland.com\/cs\/produkty\/produkty-pro-kosmeticky-prumysl\/fermentovane-extrakty\/vytazek-z-fermentovaneho-zeleneho-caje\/#breadcrumb","itemListElement":[{"@type":"ListItem","position":1,"name":"Dom\u016f","item":"https:\/\/naturalpoland.com\/cs\/"},{"@type":"ListItem","position":2,"name":"Produkty","item":"https:\/\/naturalpoland.com\/cs\/produkty\/"},{"@type":"ListItem","position":3,"name":"Fermentovan\u00fd extrakt ze zelen\u00e9ho \u010daje"}]},{"@type":"WebSite","@id":"https:\/\/naturalpoland.com\/cs\/#website","url":"https:\/\/naturalpoland.com\/cs\/","name":"NATURAL POLAND - Velkoobchodn\u00ed distributor surovin","description":"Surowce dla przemys\u0142u spo\u017cywczego, kosmetycznego i farmaceutycznego","publisher":{"@id":"https:\/\/naturalpoland.com\/cs\/#organization"},"potentialAction":[{"@type":"SearchAction","target":{"@type":"EntryPoint","urlTemplate":"https:\/\/naturalpoland.com\/cs\/?s={search_term_string}"},"query-input":{"@type":"PropertyValueSpecification","valueRequired":true,"valueName":"search_term_string"}}],"inLanguage":"cs"},{"@type":"Organization","@id":"https:\/\/naturalpoland.com\/cs\/#organization","name":"Natural Poland","url":"https:\/\/naturalpoland.com\/cs\/","logo":{"@type":"ImageObject","inLanguage":"cs","@id":"https:\/\/naturalpoland.com\/cs\/#\/schema\/logo\/image\/","url":"https:\/\/naturalpoland.com\/wp-content\/uploads\/2021\/05\/natural-poland-icon.png","contentUrl":"https:\/\/naturalpoland.com\/wp-content\/uploads\/2021\/05\/natural-poland-icon.png","width":512,"height":512,"caption":"Natural Poland"},"image":{"@id":"https:\/\/naturalpoland.com\/cs\/#\/schema\/logo\/image\/"},"sameAs":["https:\/\/www.facebook.com\/naturalpoland.b2b","https:\/\/pl.linkedin.com\/company\/natural-poland","https:\/\/www.youtube.com\/channel\/UCgeGGkvOMahZo-xu_MSEWxg"]}]}},"_links":{"self":[{"href":"https:\/\/naturalpoland.com\/cs\/wp-json\/wp\/v2\/product\/26663","targetHints":{"allow":["GET"]}}],"collection":[{"href":"https:\/\/naturalpoland.com\/cs\/wp-json\/wp\/v2\/product"}],"about":[{"href":"https:\/\/naturalpoland.com\/cs\/wp-json\/wp\/v2\/types\/product"}],"wp:featuredmedia":[{"embeddable":true,"href":"https:\/\/naturalpoland.com\/cs\/wp-json\/wp\/v2\/media\/26648"}],"wp:attachment":[{"href":"https:\/\/naturalpoland.com\/cs\/wp-json\/wp\/v2\/media?parent=26663"}],"wp:term":[{"taxonomy":"product_brand","embeddable":true,"href":"https:\/\/naturalpoland.com\/cs\/wp-json\/wp\/v2\/product_brand?post=26663"},{"taxonomy":"product_cat","embeddable":true,"href":"https:\/\/naturalpoland.com\/cs\/wp-json\/wp\/v2\/product_cat?post=26663"},{"taxonomy":"product_tag","embeddable":true,"href":"https:\/\/naturalpoland.com\/cs\/wp-json\/wp\/v2\/product_tag?post=26663"}],"curies":[{"name":"wp","href":"https:\/\/api.w.org\/{rel}","templated":true}]}}