{"id":26885,"date":"2023-10-17T13:28:14","date_gmt":"2023-10-17T11:28:14","guid":{"rendered":"https:\/\/naturalpoland.com\/produkty\/nezarazene\/nmn-nikotinamidovy-mononukleotid\/"},"modified":"2026-02-09T12:48:27","modified_gmt":"2026-02-09T11:48:27","slug":"nmn-nikotinamid-mononukleotid","status":"publish","type":"product","link":"https:\/\/naturalpoland.com\/cs\/produkty\/produkty-pro-farmaceuticky-a-zdravotnicky-prumysl\/pridavky-k-doplnkum-stravy\/nmn-nikotinamid-mononukleotid\/","title":{"rendered":"NMN (nikotinamidov\u00fd mononukleotid)"},"content":{"rendered":"<h2>Pou\u017eit\u00ed:<\/h2>\n<p>Produkt nach\u00e1z\u00ed uplatn\u011bn\u00ed v modern\u00edch dopl\u0148c\u00edch stravy zam\u011b\u0159en\u00fdch na: zlep\u0161en\u00ed metabolismu, zv\u00fd\u0161en\u00ed \u00farovn\u011b energie, podporu imunity, prevenci st\u00e1rnut\u00ed, neuroprotekci a ochranu bun\u011bk p\u0159ed oxidativn\u00edm stresem. M\u016f\u017ee b\u00fdt tak\u00e9 vyu\u017e\u00edv\u00e1n v p\u0159\u00edpravc\u00edch zam\u011b\u0159en\u00fdch na regeneraci organismu po fyzick\u00e9 n\u00e1maze, z\u00e1kroc\u00edch estetick\u00e9 medic\u00edny nebo rekonvalescenci. <\/p>\n<h2>Hlavn\u00ed v\u00fdhody suplementace NMN:<\/h2>\n<ol>\n<li><strong>Podpora metabolismu<\/strong>: NAD+ je nezbytn\u00fd pro mnoho metabolick\u00fdch proces\u016f, v\u010detn\u011b energetick\u00e9ho metabolismu v mitochondri\u00edch.<\/li>\n<li><strong>D\u00e9lka \u017eivota<\/strong>: studie na zv\u00ed\u0159atech nazna\u010duj\u00ed, \u017ee NMN m\u016f\u017ee podporovat d\u00e9lku \u017eivota prost\u0159ednictv\u00edm aktivace ur\u010dit\u00fdch metabolick\u00fdch drah.<\/li>\n<li><strong>Ochrana DNA<\/strong>: Dopln\u011bk NMN m\u016f\u017ee podpo\u0159it schopnost bun\u011bk opravovat po\u0161kozenou DNA.<\/li>\n<li><strong>Podpora nervov\u00e9ho syst\u00e9mu<\/strong>: p\u0159edb\u011b\u017en\u00e9 studie nazna\u010duj\u00ed, \u017ee NMN m\u016f\u017ee podporovat neurologick\u00e9 funkce a pom\u00e1hat v ochran\u011b p\u0159ed degenerac\u00ed nervov\u00fdch bun\u011bk.<\/li>\n<li><strong>Zv\u00fd\u0161en\u00ed energie<\/strong>: prost\u0159ednictv\u00edm podpory mitochondri\u00e1ln\u00edch funkc\u00ed m\u016f\u017ee NMN p\u0159isp\u00edvat ke zv\u00fd\u0161en\u00ed celkov\u00e9 energie v organismu.<\/li>\n<\/ol>\n<p>&nbsp;<\/p>\n<p>NMN je inovativn\u00ed dopln\u011bk stravy, kter\u00fd se zam\u011b\u0159uje na podporu zdrav\u00e9ho st\u00e1rnut\u00ed a bun\u011b\u010dn\u00e9 energetiky prost\u0159ednictv\u00edm podpory hladiny NAD+ v t\u011ble. Ide\u00e1ln\u00ed pro ty, kte\u0159\u00ed cht\u011bj\u00ed zlep\u0161it celkovou vitalitu, a pro ty, kte\u0159\u00ed cht\u011bj\u00ed porozum\u011bt nejnov\u011bj\u0161\u00edm poznatk\u016fm ve v\u00fdzkumu st\u00e1rnut\u00ed. <\/p>\n","protected":false},"excerpt":{"rendered":"<p><strong>NMN<\/strong> je zkratka pro <strong>nikotinamid mononukleotid<\/strong>, kl\u00ed\u010dovou molekulu, kter\u00e1 se p\u0159irozen\u011b vyskytuje v na\u0161em t\u011ble a hraje z\u00e1sadn\u00ed roli p\u0159i produkci NAD+ &#8211; d\u016fle\u017eit\u00e9ho koenzymu v ka\u017ed\u00e9 bu\u0148ce lidsk\u00e9ho t\u011bla. Hladina NAD+ se s v\u011bkem p\u0159irozen\u011b sni\u017euje, co\u017e ovliv\u0148uje r\u016fzn\u00e9 biochemick\u00e9 procesy v t\u011ble. <\/p>\n","protected":false},"featured_media":41393,"template":"","meta":{"_acf_changed":false},"product_brand":[],"product_cat":[629],"product_tag":[],"class_list":{"0":"post-26885","1":"product","2":"type-product","3":"status-publish","4":"has-post-thumbnail","6":"product_cat-pridavky-k-doplnkum-stravy","8":"first","9":"instock","10":"shipping-taxable","11":"product-type-simple"},"acf":[],"yoast_head":"<!-- This site is optimized with the Yoast SEO plugin v27.4 - https:\/\/yoast.com\/product\/yoast-seo-wordpress\/ -->\n<title>NMN (nikotinamidov\u00fd mononukleotid) - Velkoobchodn\u00ed distributor<\/title>\n<meta name=\"description\" content=\"NMN se zam\u011b\u0159uje na podporu zdrav\u00e9ho st\u00e1rnut\u00ed a bun\u011b\u010dn\u00e9 energetiky prost\u0159ednictv\u00edm podpory hladiny NAD+ v t\u011ble.\" \/>\n<meta name=\"robots\" content=\"index, follow, max-snippet:-1, max-image-preview:large, max-video-preview:-1\" \/>\n<link rel=\"canonical\" href=\"https:\/\/naturalpoland.com\/cs\/produkty\/produkty-pro-farmaceuticky-a-zdravotnicky-prumysl\/pridavky-k-doplnkum-stravy\/nmn-nikotinamid-mononukleotid\/\" \/>\n<meta property=\"og:locale\" content=\"cs_CZ\" \/>\n<meta property=\"og:type\" content=\"article\" \/>\n<meta property=\"og:title\" content=\"NMN (nikotinamidov\u00fd mononukleotid) - Velkoobchodn\u00ed distributor\" \/>\n<meta property=\"og:description\" content=\"NMN se zam\u011b\u0159uje na podporu zdrav\u00e9ho st\u00e1rnut\u00ed a bun\u011b\u010dn\u00e9 energetiky prost\u0159ednictv\u00edm podpory hladiny NAD+ v t\u011ble.\" \/>\n<meta property=\"og:url\" content=\"https:\/\/naturalpoland.com\/cs\/produkty\/produkty-pro-farmaceuticky-a-zdravotnicky-prumysl\/pridavky-k-doplnkum-stravy\/nmn-nikotinamid-mononukleotid\/\" \/>\n<meta property=\"og:site_name\" content=\"NATURAL POLAND - Velkoobchodn\u00ed distributor surovin\" \/>\n<meta property=\"article:publisher\" content=\"https:\/\/www.facebook.com\/naturalpoland.b2b\" \/>\n<meta property=\"article:modified_time\" content=\"2026-02-09T11:48:27+00:00\" \/>\n<meta property=\"og:image\" content=\"https:\/\/naturalpoland.com\/wp-content\/uploads\/nmn.webp\" \/>\n\t<meta property=\"og:image:width\" content=\"1024\" \/>\n\t<meta property=\"og:image:height\" content=\"1024\" \/>\n\t<meta property=\"og:image:type\" content=\"image\/webp\" \/>\n<script type=\"application\/ld+json\" class=\"yoast-schema-graph\">{\"@context\":\"https:\\\/\\\/schema.org\",\"@graph\":[{\"@type\":\"WebPage\",\"@id\":\"https:\\\/\\\/naturalpoland.com\\\/cs\\\/produkty\\\/produkty-pro-farmaceuticky-a-zdravotnicky-prumysl\\\/pridavky-k-doplnkum-stravy\\\/nmn-nikotinamid-mononukleotid\\\/\",\"url\":\"https:\\\/\\\/naturalpoland.com\\\/cs\\\/produkty\\\/produkty-pro-farmaceuticky-a-zdravotnicky-prumysl\\\/pridavky-k-doplnkum-stravy\\\/nmn-nikotinamid-mononukleotid\\\/\",\"name\":\"NMN (nikotinamidov\u00fd mononukleotid) - Velkoobchodn\u00ed distributor\",\"isPartOf\":{\"@id\":\"https:\\\/\\\/naturalpoland.com\\\/cs\\\/#website\"},\"primaryImageOfPage\":{\"@id\":\"https:\\\/\\\/naturalpoland.com\\\/cs\\\/produkty\\\/produkty-pro-farmaceuticky-a-zdravotnicky-prumysl\\\/pridavky-k-doplnkum-stravy\\\/nmn-nikotinamid-mononukleotid\\\/#primaryimage\"},\"image\":{\"@id\":\"https:\\\/\\\/naturalpoland.com\\\/cs\\\/produkty\\\/produkty-pro-farmaceuticky-a-zdravotnicky-prumysl\\\/pridavky-k-doplnkum-stravy\\\/nmn-nikotinamid-mononukleotid\\\/#primaryimage\"},\"thumbnailUrl\":\"https:\\\/\\\/naturalpoland.com\\\/wp-content\\\/uploads\\\/nmn.webp\",\"datePublished\":\"2023-10-17T11:28:14+00:00\",\"dateModified\":\"2026-02-09T11:48:27+00:00\",\"description\":\"NMN se zam\u011b\u0159uje na podporu zdrav\u00e9ho st\u00e1rnut\u00ed a bun\u011b\u010dn\u00e9 energetiky prost\u0159ednictv\u00edm podpory hladiny NAD+ v t\u011ble.\",\"breadcrumb\":{\"@id\":\"https:\\\/\\\/naturalpoland.com\\\/cs\\\/produkty\\\/produkty-pro-farmaceuticky-a-zdravotnicky-prumysl\\\/pridavky-k-doplnkum-stravy\\\/nmn-nikotinamid-mononukleotid\\\/#breadcrumb\"},\"inLanguage\":\"cs\",\"potentialAction\":[{\"@type\":\"ReadAction\",\"target\":[\"https:\\\/\\\/naturalpoland.com\\\/cs\\\/produkty\\\/produkty-pro-farmaceuticky-a-zdravotnicky-prumysl\\\/pridavky-k-doplnkum-stravy\\\/nmn-nikotinamid-mononukleotid\\\/\"]}]},{\"@type\":\"ImageObject\",\"inLanguage\":\"cs\",\"@id\":\"https:\\\/\\\/naturalpoland.com\\\/cs\\\/produkty\\\/produkty-pro-farmaceuticky-a-zdravotnicky-prumysl\\\/pridavky-k-doplnkum-stravy\\\/nmn-nikotinamid-mononukleotid\\\/#primaryimage\",\"url\":\"https:\\\/\\\/naturalpoland.com\\\/wp-content\\\/uploads\\\/nmn.webp\",\"contentUrl\":\"https:\\\/\\\/naturalpoland.com\\\/wp-content\\\/uploads\\\/nmn.webp\",\"width\":1024,\"height\":1024,\"caption\":\"Nikotinamid Mononukleotid v pr\u00e1\u0161ku\"},{\"@type\":\"BreadcrumbList\",\"@id\":\"https:\\\/\\\/naturalpoland.com\\\/cs\\\/produkty\\\/produkty-pro-farmaceuticky-a-zdravotnicky-prumysl\\\/pridavky-k-doplnkum-stravy\\\/nmn-nikotinamid-mononukleotid\\\/#breadcrumb\",\"itemListElement\":[{\"@type\":\"ListItem\",\"position\":1,\"name\":\"Dom\u016f\",\"item\":\"https:\\\/\\\/naturalpoland.com\\\/cs\\\/\"},{\"@type\":\"ListItem\",\"position\":2,\"name\":\"Produkty\",\"item\":\"https:\\\/\\\/naturalpoland.com\\\/cs\\\/produkty\\\/\"},{\"@type\":\"ListItem\",\"position\":3,\"name\":\"NMN (nikotinamidov\u00fd mononukleotid)\"}]},{\"@type\":\"WebSite\",\"@id\":\"https:\\\/\\\/naturalpoland.com\\\/cs\\\/#website\",\"url\":\"https:\\\/\\\/naturalpoland.com\\\/cs\\\/\",\"name\":\"NATURAL POLAND - Velkoobchodn\u00ed distributor surovin\",\"description\":\"Surowce dla przemys\u0142u spo\u017cywczego, kosmetycznego i farmaceutycznego\",\"publisher\":{\"@id\":\"https:\\\/\\\/naturalpoland.com\\\/cs\\\/#organization\"},\"potentialAction\":[{\"@type\":\"SearchAction\",\"target\":{\"@type\":\"EntryPoint\",\"urlTemplate\":\"https:\\\/\\\/naturalpoland.com\\\/cs\\\/?s={search_term_string}\"},\"query-input\":{\"@type\":\"PropertyValueSpecification\",\"valueRequired\":true,\"valueName\":\"search_term_string\"}}],\"inLanguage\":\"cs\"},{\"@type\":\"Organization\",\"@id\":\"https:\\\/\\\/naturalpoland.com\\\/cs\\\/#organization\",\"name\":\"Natural Poland\",\"url\":\"https:\\\/\\\/naturalpoland.com\\\/cs\\\/\",\"logo\":{\"@type\":\"ImageObject\",\"inLanguage\":\"cs\",\"@id\":\"https:\\\/\\\/naturalpoland.com\\\/cs\\\/#\\\/schema\\\/logo\\\/image\\\/\",\"url\":\"https:\\\/\\\/naturalpoland.com\\\/wp-content\\\/uploads\\\/2021\\\/05\\\/natural-poland-icon.png\",\"contentUrl\":\"https:\\\/\\\/naturalpoland.com\\\/wp-content\\\/uploads\\\/2021\\\/05\\\/natural-poland-icon.png\",\"width\":512,\"height\":512,\"caption\":\"Natural Poland\"},\"image\":{\"@id\":\"https:\\\/\\\/naturalpoland.com\\\/cs\\\/#\\\/schema\\\/logo\\\/image\\\/\"},\"sameAs\":[\"https:\\\/\\\/www.facebook.com\\\/naturalpoland.b2b\",\"https:\\\/\\\/pl.linkedin.com\\\/company\\\/natural-poland\",\"https:\\\/\\\/www.youtube.com\\\/channel\\\/UCgeGGkvOMahZo-xu_MSEWxg\"]}]}<\/script>\n<!-- \/ Yoast SEO plugin. -->","yoast_head_json":{"title":"NMN (nikotinamidov\u00fd mononukleotid) - Velkoobchodn\u00ed distributor","description":"NMN se zam\u011b\u0159uje na podporu zdrav\u00e9ho st\u00e1rnut\u00ed a bun\u011b\u010dn\u00e9 energetiky prost\u0159ednictv\u00edm podpory hladiny NAD+ v t\u011ble.","robots":{"index":"index","follow":"follow","max-snippet":"max-snippet:-1","max-image-preview":"max-image-preview:large","max-video-preview":"max-video-preview:-1"},"canonical":"https:\/\/naturalpoland.com\/cs\/produkty\/produkty-pro-farmaceuticky-a-zdravotnicky-prumysl\/pridavky-k-doplnkum-stravy\/nmn-nikotinamid-mononukleotid\/","og_locale":"cs_CZ","og_type":"article","og_title":"NMN (nikotinamidov\u00fd mononukleotid) - Velkoobchodn\u00ed distributor","og_description":"NMN se zam\u011b\u0159uje na podporu zdrav\u00e9ho st\u00e1rnut\u00ed a bun\u011b\u010dn\u00e9 energetiky prost\u0159ednictv\u00edm podpory hladiny NAD+ v t\u011ble.","og_url":"https:\/\/naturalpoland.com\/cs\/produkty\/produkty-pro-farmaceuticky-a-zdravotnicky-prumysl\/pridavky-k-doplnkum-stravy\/nmn-nikotinamid-mononukleotid\/","og_site_name":"NATURAL POLAND - Velkoobchodn\u00ed distributor surovin","article_publisher":"https:\/\/www.facebook.com\/naturalpoland.b2b","article_modified_time":"2026-02-09T11:48:27+00:00","og_image":[{"width":1024,"height":1024,"url":"https:\/\/naturalpoland.com\/wp-content\/uploads\/nmn.webp","type":"image\/webp"}],"schema":{"@context":"https:\/\/schema.org","@graph":[{"@type":"WebPage","@id":"https:\/\/naturalpoland.com\/cs\/produkty\/produkty-pro-farmaceuticky-a-zdravotnicky-prumysl\/pridavky-k-doplnkum-stravy\/nmn-nikotinamid-mononukleotid\/","url":"https:\/\/naturalpoland.com\/cs\/produkty\/produkty-pro-farmaceuticky-a-zdravotnicky-prumysl\/pridavky-k-doplnkum-stravy\/nmn-nikotinamid-mononukleotid\/","name":"NMN (nikotinamidov\u00fd mononukleotid) - Velkoobchodn\u00ed distributor","isPartOf":{"@id":"https:\/\/naturalpoland.com\/cs\/#website"},"primaryImageOfPage":{"@id":"https:\/\/naturalpoland.com\/cs\/produkty\/produkty-pro-farmaceuticky-a-zdravotnicky-prumysl\/pridavky-k-doplnkum-stravy\/nmn-nikotinamid-mononukleotid\/#primaryimage"},"image":{"@id":"https:\/\/naturalpoland.com\/cs\/produkty\/produkty-pro-farmaceuticky-a-zdravotnicky-prumysl\/pridavky-k-doplnkum-stravy\/nmn-nikotinamid-mononukleotid\/#primaryimage"},"thumbnailUrl":"https:\/\/naturalpoland.com\/wp-content\/uploads\/nmn.webp","datePublished":"2023-10-17T11:28:14+00:00","dateModified":"2026-02-09T11:48:27+00:00","description":"NMN se zam\u011b\u0159uje na podporu zdrav\u00e9ho st\u00e1rnut\u00ed a bun\u011b\u010dn\u00e9 energetiky prost\u0159ednictv\u00edm podpory hladiny NAD+ v t\u011ble.","breadcrumb":{"@id":"https:\/\/naturalpoland.com\/cs\/produkty\/produkty-pro-farmaceuticky-a-zdravotnicky-prumysl\/pridavky-k-doplnkum-stravy\/nmn-nikotinamid-mononukleotid\/#breadcrumb"},"inLanguage":"cs","potentialAction":[{"@type":"ReadAction","target":["https:\/\/naturalpoland.com\/cs\/produkty\/produkty-pro-farmaceuticky-a-zdravotnicky-prumysl\/pridavky-k-doplnkum-stravy\/nmn-nikotinamid-mononukleotid\/"]}]},{"@type":"ImageObject","inLanguage":"cs","@id":"https:\/\/naturalpoland.com\/cs\/produkty\/produkty-pro-farmaceuticky-a-zdravotnicky-prumysl\/pridavky-k-doplnkum-stravy\/nmn-nikotinamid-mononukleotid\/#primaryimage","url":"https:\/\/naturalpoland.com\/wp-content\/uploads\/nmn.webp","contentUrl":"https:\/\/naturalpoland.com\/wp-content\/uploads\/nmn.webp","width":1024,"height":1024,"caption":"Nikotinamid Mononukleotid v pr\u00e1\u0161ku"},{"@type":"BreadcrumbList","@id":"https:\/\/naturalpoland.com\/cs\/produkty\/produkty-pro-farmaceuticky-a-zdravotnicky-prumysl\/pridavky-k-doplnkum-stravy\/nmn-nikotinamid-mononukleotid\/#breadcrumb","itemListElement":[{"@type":"ListItem","position":1,"name":"Dom\u016f","item":"https:\/\/naturalpoland.com\/cs\/"},{"@type":"ListItem","position":2,"name":"Produkty","item":"https:\/\/naturalpoland.com\/cs\/produkty\/"},{"@type":"ListItem","position":3,"name":"NMN (nikotinamidov\u00fd mononukleotid)"}]},{"@type":"WebSite","@id":"https:\/\/naturalpoland.com\/cs\/#website","url":"https:\/\/naturalpoland.com\/cs\/","name":"NATURAL POLAND - Velkoobchodn\u00ed distributor surovin","description":"Surowce dla przemys\u0142u spo\u017cywczego, kosmetycznego i farmaceutycznego","publisher":{"@id":"https:\/\/naturalpoland.com\/cs\/#organization"},"potentialAction":[{"@type":"SearchAction","target":{"@type":"EntryPoint","urlTemplate":"https:\/\/naturalpoland.com\/cs\/?s={search_term_string}"},"query-input":{"@type":"PropertyValueSpecification","valueRequired":true,"valueName":"search_term_string"}}],"inLanguage":"cs"},{"@type":"Organization","@id":"https:\/\/naturalpoland.com\/cs\/#organization","name":"Natural Poland","url":"https:\/\/naturalpoland.com\/cs\/","logo":{"@type":"ImageObject","inLanguage":"cs","@id":"https:\/\/naturalpoland.com\/cs\/#\/schema\/logo\/image\/","url":"https:\/\/naturalpoland.com\/wp-content\/uploads\/2021\/05\/natural-poland-icon.png","contentUrl":"https:\/\/naturalpoland.com\/wp-content\/uploads\/2021\/05\/natural-poland-icon.png","width":512,"height":512,"caption":"Natural Poland"},"image":{"@id":"https:\/\/naturalpoland.com\/cs\/#\/schema\/logo\/image\/"},"sameAs":["https:\/\/www.facebook.com\/naturalpoland.b2b","https:\/\/pl.linkedin.com\/company\/natural-poland","https:\/\/www.youtube.com\/channel\/UCgeGGkvOMahZo-xu_MSEWxg"]}]}},"_links":{"self":[{"href":"https:\/\/naturalpoland.com\/cs\/wp-json\/wp\/v2\/product\/26885","targetHints":{"allow":["GET"]}}],"collection":[{"href":"https:\/\/naturalpoland.com\/cs\/wp-json\/wp\/v2\/product"}],"about":[{"href":"https:\/\/naturalpoland.com\/cs\/wp-json\/wp\/v2\/types\/product"}],"wp:featuredmedia":[{"embeddable":true,"href":"https:\/\/naturalpoland.com\/cs\/wp-json\/wp\/v2\/media\/41393"}],"wp:attachment":[{"href":"https:\/\/naturalpoland.com\/cs\/wp-json\/wp\/v2\/media?parent=26885"}],"wp:term":[{"taxonomy":"product_brand","embeddable":true,"href":"https:\/\/naturalpoland.com\/cs\/wp-json\/wp\/v2\/product_brand?post=26885"},{"taxonomy":"product_cat","embeddable":true,"href":"https:\/\/naturalpoland.com\/cs\/wp-json\/wp\/v2\/product_cat?post=26885"},{"taxonomy":"product_tag","embeddable":true,"href":"https:\/\/naturalpoland.com\/cs\/wp-json\/wp\/v2\/product_tag?post=26885"}],"curies":[{"name":"wp","href":"https:\/\/api.w.org\/{rel}","templated":true}]}}