{"id":27170,"date":"2023-10-18T16:10:21","date_gmt":"2023-10-26T13:01:52","guid":{"rendered":"https:\/\/naturalpoland.com\/produkty\/nezarazene\/lipazy-ec-3-1-1-3\/"},"modified":"2023-10-26T15:01:52","modified_gmt":"2023-10-26T13:01:52","slug":"lipazy","status":"publish","type":"product","link":"https:\/\/naturalpoland.com\/cs\/produkty\/produkty-pro-potravinarsky-prumysl\/enzymy-cs\/pekarske\/lipazy\/","title":{"rendered":"Lip\u00e1zy EC 3.1.1.3"},"content":{"rendered":"<h3>P\u016fvod:<\/h3>\n<p><strong>Bakteri\u00e1ln\u00ed spory:<\/strong> <em>Bacillus spp., Achromobacter spp., Alcaligenes spp., Arthrobacter spp., Pseudomonos spp., Penicillium spp., Fusarium spp., Aspergillus<\/em> spp.<\/p>\n<h3>Akce:<\/h3>\n<p>Hydrol\u00fdza triacylglycerol\u016f (TAG) za vzniku: monoacylglycerol\u016f (MAG), diacylglycerol\u016f (DAG), glycerolu a voln\u00fdch mastn\u00fdch kyselin.<\/p>\n<h3>Dal\u0161\u00ed pou\u017eit\u00ed:<\/h3>\n<ul>\n<li>Zlep\u0161en\u00ed reologie t\u011bsta.<\/li>\n<li>Zv\u00fd\u0161en\u00ed odolnosti t\u011bsta v\u016f\u010di mechanick\u00e9mu nam\u00e1h\u00e1n\u00ed p\u0159i peka\u0159sk\u00e9m zpracov\u00e1n\u00ed.<\/li>\n<li>Sni\u017euje lepivost t\u011bsta a zlep\u0161uje m\u011bkkost drobenky b\u00edl\u00e9ho chleba s vysok\u00fdm obsahem vl\u00e1kniny.<\/li>\n<\/ul>\n","protected":false},"excerpt":{"rendered":"<p>Lip\u00e1zy jsou peka\u0159sk\u00e9 enzymy, kter\u00e9 se pou\u017e\u00edvaj\u00ed k dod\u00e1n\u00ed ur\u010dit\u00e9 chuti peka\u0159sk\u00fdm v\u00fdrobk\u016fm. Pou\u017eit\u00ed t\u011bchto enzym\u016f sni\u017euje riziko nep\u0159\u00edjemn\u00e9 pachuti z dlouhodob\u00e9ho skladov\u00e1n\u00ed pe\u010diva.<\/p>\n","protected":false},"featured_media":26934,"template":"","meta":{"_acf_changed":false},"product_brand":[],"product_cat":[2712],"product_tag":[],"class_list":{"0":"post-27170","1":"product","2":"type-product","3":"status-publish","4":"has-post-thumbnail","6":"product_cat-pekarske","8":"first","9":"instock","10":"shipping-taxable","11":"product-type-simple"},"acf":[],"yoast_head":"<!-- This site is optimized with the Yoast SEO plugin v27.4 - https:\/\/yoast.com\/product\/yoast-seo-wordpress\/ -->\n<title>Lip\u00e1zy EC 3.1.1.3 - Velkoobchodn\u00ed distributor<\/title>\n<meta name=\"description\" content=\"Lip\u00e1zy jsou peka\u0159sk\u00e9 enzymy, kter\u00e9 se pou\u017e\u00edvaj\u00ed k dod\u00e1n\u00ed ur\u010dit\u00e9 chuti peka\u0159sk\u00fdm v\u00fdrobk\u016fm. Sni\u017euj\u00ed riziko nep\u0159\u00edjemn\u00e9 pachuti v pe\u010divu.\" \/>\n<meta name=\"robots\" content=\"index, follow, max-snippet:-1, max-image-preview:large, max-video-preview:-1\" \/>\n<link rel=\"canonical\" href=\"https:\/\/naturalpoland.com\/cs\/produkty\/produkty-pro-potravinarsky-prumysl\/enzymy-cs\/pekarske\/lipazy\/\" \/>\n<meta property=\"og:locale\" content=\"cs_CZ\" \/>\n<meta property=\"og:type\" content=\"article\" \/>\n<meta property=\"og:title\" content=\"Lip\u00e1zy EC 3.1.1.3 - Velkoobchodn\u00ed distributor\" \/>\n<meta property=\"og:description\" content=\"Lip\u00e1zy jsou peka\u0159sk\u00e9 enzymy, kter\u00e9 se pou\u017e\u00edvaj\u00ed k dod\u00e1n\u00ed ur\u010dit\u00e9 chuti peka\u0159sk\u00fdm v\u00fdrobk\u016fm. Sni\u017euj\u00ed riziko nep\u0159\u00edjemn\u00e9 pachuti v pe\u010divu.\" \/>\n<meta property=\"og:url\" content=\"https:\/\/naturalpoland.com\/cs\/produkty\/produkty-pro-potravinarsky-prumysl\/enzymy-cs\/pekarske\/lipazy\/\" \/>\n<meta property=\"og:site_name\" content=\"NATURAL POLAND - Velkoobchodn\u00ed distributor surovin\" \/>\n<meta property=\"article:publisher\" content=\"https:\/\/www.facebook.com\/naturalpoland.b2b\" \/>\n<meta property=\"og:image\" content=\"https:\/\/naturalpoland.com\/wp-content\/uploads\/lipazy.jpg\" \/>\n\t<meta property=\"og:image:width\" content=\"650\" \/>\n\t<meta property=\"og:image:height\" content=\"650\" \/>\n\t<meta property=\"og:image:type\" content=\"image\/jpeg\" \/>\n<script type=\"application\/ld+json\" class=\"yoast-schema-graph\">{\"@context\":\"https:\\\/\\\/schema.org\",\"@graph\":[{\"@type\":\"WebPage\",\"@id\":\"https:\\\/\\\/naturalpoland.com\\\/cs\\\/produkty\\\/produkty-pro-potravinarsky-prumysl\\\/enzymy-cs\\\/pekarske\\\/lipazy\\\/\",\"url\":\"https:\\\/\\\/naturalpoland.com\\\/cs\\\/produkty\\\/produkty-pro-potravinarsky-prumysl\\\/enzymy-cs\\\/pekarske\\\/lipazy\\\/\",\"name\":\"Lip\u00e1zy EC 3.1.1.3 - Velkoobchodn\u00ed distributor\",\"isPartOf\":{\"@id\":\"https:\\\/\\\/naturalpoland.com\\\/cs\\\/#website\"},\"primaryImageOfPage\":{\"@id\":\"https:\\\/\\\/naturalpoland.com\\\/cs\\\/produkty\\\/produkty-pro-potravinarsky-prumysl\\\/enzymy-cs\\\/pekarske\\\/lipazy\\\/#primaryimage\"},\"image\":{\"@id\":\"https:\\\/\\\/naturalpoland.com\\\/cs\\\/produkty\\\/produkty-pro-potravinarsky-prumysl\\\/enzymy-cs\\\/pekarske\\\/lipazy\\\/#primaryimage\"},\"thumbnailUrl\":\"https:\\\/\\\/naturalpoland.com\\\/wp-content\\\/uploads\\\/lipazy.jpg\",\"datePublished\":\"2023-10-26T13:01:52+00:00\",\"description\":\"Lip\u00e1zy jsou peka\u0159sk\u00e9 enzymy, kter\u00e9 se pou\u017e\u00edvaj\u00ed k dod\u00e1n\u00ed ur\u010dit\u00e9 chuti peka\u0159sk\u00fdm v\u00fdrobk\u016fm. Sni\u017euj\u00ed riziko nep\u0159\u00edjemn\u00e9 pachuti v pe\u010divu.\",\"breadcrumb\":{\"@id\":\"https:\\\/\\\/naturalpoland.com\\\/cs\\\/produkty\\\/produkty-pro-potravinarsky-prumysl\\\/enzymy-cs\\\/pekarske\\\/lipazy\\\/#breadcrumb\"},\"inLanguage\":\"cs\",\"potentialAction\":[{\"@type\":\"ReadAction\",\"target\":[\"https:\\\/\\\/naturalpoland.com\\\/cs\\\/produkty\\\/produkty-pro-potravinarsky-prumysl\\\/enzymy-cs\\\/pekarske\\\/lipazy\\\/\"]}]},{\"@type\":\"ImageObject\",\"inLanguage\":\"cs\",\"@id\":\"https:\\\/\\\/naturalpoland.com\\\/cs\\\/produkty\\\/produkty-pro-potravinarsky-prumysl\\\/enzymy-cs\\\/pekarske\\\/lipazy\\\/#primaryimage\",\"url\":\"https:\\\/\\\/naturalpoland.com\\\/wp-content\\\/uploads\\\/lipazy.jpg\",\"contentUrl\":\"https:\\\/\\\/naturalpoland.com\\\/wp-content\\\/uploads\\\/lipazy.jpg\",\"width\":650,\"height\":650,\"caption\":\"lip\u00e1zy\"},{\"@type\":\"BreadcrumbList\",\"@id\":\"https:\\\/\\\/naturalpoland.com\\\/cs\\\/produkty\\\/produkty-pro-potravinarsky-prumysl\\\/enzymy-cs\\\/pekarske\\\/lipazy\\\/#breadcrumb\",\"itemListElement\":[{\"@type\":\"ListItem\",\"position\":1,\"name\":\"Dom\u016f\",\"item\":\"https:\\\/\\\/naturalpoland.com\\\/cs\\\/\"},{\"@type\":\"ListItem\",\"position\":2,\"name\":\"Produkty\",\"item\":\"https:\\\/\\\/naturalpoland.com\\\/cs\\\/produkty\\\/\"},{\"@type\":\"ListItem\",\"position\":3,\"name\":\"Lip\u00e1zy EC 3.1.1.3\"}]},{\"@type\":\"WebSite\",\"@id\":\"https:\\\/\\\/naturalpoland.com\\\/cs\\\/#website\",\"url\":\"https:\\\/\\\/naturalpoland.com\\\/cs\\\/\",\"name\":\"NATURAL POLAND - Velkoobchodn\u00ed distributor surovin\",\"description\":\"Surowce dla przemys\u0142u spo\u017cywczego, kosmetycznego i farmaceutycznego\",\"publisher\":{\"@id\":\"https:\\\/\\\/naturalpoland.com\\\/cs\\\/#organization\"},\"potentialAction\":[{\"@type\":\"SearchAction\",\"target\":{\"@type\":\"EntryPoint\",\"urlTemplate\":\"https:\\\/\\\/naturalpoland.com\\\/cs\\\/?s={search_term_string}\"},\"query-input\":{\"@type\":\"PropertyValueSpecification\",\"valueRequired\":true,\"valueName\":\"search_term_string\"}}],\"inLanguage\":\"cs\"},{\"@type\":\"Organization\",\"@id\":\"https:\\\/\\\/naturalpoland.com\\\/cs\\\/#organization\",\"name\":\"Natural Poland\",\"url\":\"https:\\\/\\\/naturalpoland.com\\\/cs\\\/\",\"logo\":{\"@type\":\"ImageObject\",\"inLanguage\":\"cs\",\"@id\":\"https:\\\/\\\/naturalpoland.com\\\/cs\\\/#\\\/schema\\\/logo\\\/image\\\/\",\"url\":\"https:\\\/\\\/naturalpoland.com\\\/wp-content\\\/uploads\\\/2021\\\/05\\\/natural-poland-icon.png\",\"contentUrl\":\"https:\\\/\\\/naturalpoland.com\\\/wp-content\\\/uploads\\\/2021\\\/05\\\/natural-poland-icon.png\",\"width\":512,\"height\":512,\"caption\":\"Natural Poland\"},\"image\":{\"@id\":\"https:\\\/\\\/naturalpoland.com\\\/cs\\\/#\\\/schema\\\/logo\\\/image\\\/\"},\"sameAs\":[\"https:\\\/\\\/www.facebook.com\\\/naturalpoland.b2b\",\"https:\\\/\\\/pl.linkedin.com\\\/company\\\/natural-poland\",\"https:\\\/\\\/www.youtube.com\\\/channel\\\/UCgeGGkvOMahZo-xu_MSEWxg\"]}]}<\/script>\n<!-- \/ Yoast SEO plugin. -->","yoast_head_json":{"title":"Lip\u00e1zy EC 3.1.1.3 - Velkoobchodn\u00ed distributor","description":"Lip\u00e1zy jsou peka\u0159sk\u00e9 enzymy, kter\u00e9 se pou\u017e\u00edvaj\u00ed k dod\u00e1n\u00ed ur\u010dit\u00e9 chuti peka\u0159sk\u00fdm v\u00fdrobk\u016fm. Sni\u017euj\u00ed riziko nep\u0159\u00edjemn\u00e9 pachuti v pe\u010divu.","robots":{"index":"index","follow":"follow","max-snippet":"max-snippet:-1","max-image-preview":"max-image-preview:large","max-video-preview":"max-video-preview:-1"},"canonical":"https:\/\/naturalpoland.com\/cs\/produkty\/produkty-pro-potravinarsky-prumysl\/enzymy-cs\/pekarske\/lipazy\/","og_locale":"cs_CZ","og_type":"article","og_title":"Lip\u00e1zy EC 3.1.1.3 - Velkoobchodn\u00ed distributor","og_description":"Lip\u00e1zy jsou peka\u0159sk\u00e9 enzymy, kter\u00e9 se pou\u017e\u00edvaj\u00ed k dod\u00e1n\u00ed ur\u010dit\u00e9 chuti peka\u0159sk\u00fdm v\u00fdrobk\u016fm. Sni\u017euj\u00ed riziko nep\u0159\u00edjemn\u00e9 pachuti v pe\u010divu.","og_url":"https:\/\/naturalpoland.com\/cs\/produkty\/produkty-pro-potravinarsky-prumysl\/enzymy-cs\/pekarske\/lipazy\/","og_site_name":"NATURAL POLAND - Velkoobchodn\u00ed distributor surovin","article_publisher":"https:\/\/www.facebook.com\/naturalpoland.b2b","og_image":[{"width":650,"height":650,"url":"https:\/\/naturalpoland.com\/wp-content\/uploads\/lipazy.jpg","type":"image\/jpeg"}],"schema":{"@context":"https:\/\/schema.org","@graph":[{"@type":"WebPage","@id":"https:\/\/naturalpoland.com\/cs\/produkty\/produkty-pro-potravinarsky-prumysl\/enzymy-cs\/pekarske\/lipazy\/","url":"https:\/\/naturalpoland.com\/cs\/produkty\/produkty-pro-potravinarsky-prumysl\/enzymy-cs\/pekarske\/lipazy\/","name":"Lip\u00e1zy EC 3.1.1.3 - Velkoobchodn\u00ed distributor","isPartOf":{"@id":"https:\/\/naturalpoland.com\/cs\/#website"},"primaryImageOfPage":{"@id":"https:\/\/naturalpoland.com\/cs\/produkty\/produkty-pro-potravinarsky-prumysl\/enzymy-cs\/pekarske\/lipazy\/#primaryimage"},"image":{"@id":"https:\/\/naturalpoland.com\/cs\/produkty\/produkty-pro-potravinarsky-prumysl\/enzymy-cs\/pekarske\/lipazy\/#primaryimage"},"thumbnailUrl":"https:\/\/naturalpoland.com\/wp-content\/uploads\/lipazy.jpg","datePublished":"2023-10-26T13:01:52+00:00","description":"Lip\u00e1zy jsou peka\u0159sk\u00e9 enzymy, kter\u00e9 se pou\u017e\u00edvaj\u00ed k dod\u00e1n\u00ed ur\u010dit\u00e9 chuti peka\u0159sk\u00fdm v\u00fdrobk\u016fm. Sni\u017euj\u00ed riziko nep\u0159\u00edjemn\u00e9 pachuti v pe\u010divu.","breadcrumb":{"@id":"https:\/\/naturalpoland.com\/cs\/produkty\/produkty-pro-potravinarsky-prumysl\/enzymy-cs\/pekarske\/lipazy\/#breadcrumb"},"inLanguage":"cs","potentialAction":[{"@type":"ReadAction","target":["https:\/\/naturalpoland.com\/cs\/produkty\/produkty-pro-potravinarsky-prumysl\/enzymy-cs\/pekarske\/lipazy\/"]}]},{"@type":"ImageObject","inLanguage":"cs","@id":"https:\/\/naturalpoland.com\/cs\/produkty\/produkty-pro-potravinarsky-prumysl\/enzymy-cs\/pekarske\/lipazy\/#primaryimage","url":"https:\/\/naturalpoland.com\/wp-content\/uploads\/lipazy.jpg","contentUrl":"https:\/\/naturalpoland.com\/wp-content\/uploads\/lipazy.jpg","width":650,"height":650,"caption":"lip\u00e1zy"},{"@type":"BreadcrumbList","@id":"https:\/\/naturalpoland.com\/cs\/produkty\/produkty-pro-potravinarsky-prumysl\/enzymy-cs\/pekarske\/lipazy\/#breadcrumb","itemListElement":[{"@type":"ListItem","position":1,"name":"Dom\u016f","item":"https:\/\/naturalpoland.com\/cs\/"},{"@type":"ListItem","position":2,"name":"Produkty","item":"https:\/\/naturalpoland.com\/cs\/produkty\/"},{"@type":"ListItem","position":3,"name":"Lip\u00e1zy EC 3.1.1.3"}]},{"@type":"WebSite","@id":"https:\/\/naturalpoland.com\/cs\/#website","url":"https:\/\/naturalpoland.com\/cs\/","name":"NATURAL POLAND - Velkoobchodn\u00ed distributor surovin","description":"Surowce dla przemys\u0142u spo\u017cywczego, kosmetycznego i farmaceutycznego","publisher":{"@id":"https:\/\/naturalpoland.com\/cs\/#organization"},"potentialAction":[{"@type":"SearchAction","target":{"@type":"EntryPoint","urlTemplate":"https:\/\/naturalpoland.com\/cs\/?s={search_term_string}"},"query-input":{"@type":"PropertyValueSpecification","valueRequired":true,"valueName":"search_term_string"}}],"inLanguage":"cs"},{"@type":"Organization","@id":"https:\/\/naturalpoland.com\/cs\/#organization","name":"Natural Poland","url":"https:\/\/naturalpoland.com\/cs\/","logo":{"@type":"ImageObject","inLanguage":"cs","@id":"https:\/\/naturalpoland.com\/cs\/#\/schema\/logo\/image\/","url":"https:\/\/naturalpoland.com\/wp-content\/uploads\/2021\/05\/natural-poland-icon.png","contentUrl":"https:\/\/naturalpoland.com\/wp-content\/uploads\/2021\/05\/natural-poland-icon.png","width":512,"height":512,"caption":"Natural Poland"},"image":{"@id":"https:\/\/naturalpoland.com\/cs\/#\/schema\/logo\/image\/"},"sameAs":["https:\/\/www.facebook.com\/naturalpoland.b2b","https:\/\/pl.linkedin.com\/company\/natural-poland","https:\/\/www.youtube.com\/channel\/UCgeGGkvOMahZo-xu_MSEWxg"]}]}},"_links":{"self":[{"href":"https:\/\/naturalpoland.com\/cs\/wp-json\/wp\/v2\/product\/27170","targetHints":{"allow":["GET"]}}],"collection":[{"href":"https:\/\/naturalpoland.com\/cs\/wp-json\/wp\/v2\/product"}],"about":[{"href":"https:\/\/naturalpoland.com\/cs\/wp-json\/wp\/v2\/types\/product"}],"wp:featuredmedia":[{"embeddable":true,"href":"https:\/\/naturalpoland.com\/cs\/wp-json\/wp\/v2\/media\/26934"}],"wp:attachment":[{"href":"https:\/\/naturalpoland.com\/cs\/wp-json\/wp\/v2\/media?parent=27170"}],"wp:term":[{"taxonomy":"product_brand","embeddable":true,"href":"https:\/\/naturalpoland.com\/cs\/wp-json\/wp\/v2\/product_brand?post=27170"},{"taxonomy":"product_cat","embeddable":true,"href":"https:\/\/naturalpoland.com\/cs\/wp-json\/wp\/v2\/product_cat?post=27170"},{"taxonomy":"product_tag","embeddable":true,"href":"https:\/\/naturalpoland.com\/cs\/wp-json\/wp\/v2\/product_tag?post=27170"}],"curies":[{"name":"wp","href":"https:\/\/api.w.org\/{rel}","templated":true}]}}