{"id":27190,"date":"2023-10-19T10:47:57","date_gmt":"2023-10-26T13:02:01","guid":{"rendered":"https:\/\/naturalpoland.com\/produkty\/nezarazene\/glukoza-oxidaza\/"},"modified":"2023-10-26T15:02:01","modified_gmt":"2023-10-26T13:02:01","slug":"glukozooxidaza","status":"publish","type":"product","link":"https:\/\/naturalpoland.com\/cs\/produkty\/produkty-pro-potravinarsky-prumysl\/enzymy-cs\/pekarske\/glukozooxidaza\/","title":{"rendered":"Gluk\u00f3za oxid\u00e1za"},"content":{"rendered":"<p><strong>Gluk\u00f3zooxid\u00e1za:<\/strong><\/p>\n<ul>\n<li>Oxiduje \u03b2-D-glukopyran\u00f3zu na kyselinu glukonovou a peroxid vod\u00edku,<\/li>\n<li>Agreguje b\u00edlkoviny tvo\u0159\u00edc\u00ed lepek oxidac\u00ed sulfhydrylov\u00fdch (-SH) skupin na disulfidickou vazbu (S-S),<\/li>\n<li>Zvy\u0161uje schopnost t\u011bsta zadr\u017eovat plyn.<\/li>\n<\/ul>\n","protected":false},"excerpt":{"rendered":"<p>Gluk\u00f3za oxid\u00e1za je enzym p\u0159\u00edrodn\u00edho p\u016fvodu, kter\u00fd katalyzuje oxidaci gluk\u00f3zy na kyselinu glukonovou a peroxovod\u00edk. D\u00edky sv\u00e9 jedine\u010dn\u00e9 schopnosti p\u0159em\u011b\u0148ovat gluk\u00f3zu na\u0161la gluk\u00f3zooxid\u00e1za \u0161irok\u00e9 uplatn\u011bn\u00ed v mnoha pr\u016fmyslov\u00fdch odv\u011btv\u00edch, v\u010detn\u011b peka\u0159sk\u00e9ho pr\u016fmyslu.<\/p>\n","protected":false},"featured_media":27512,"template":"","meta":{"_acf_changed":false},"product_brand":[],"product_cat":[2712],"product_tag":[],"class_list":{"0":"post-27190","1":"product","2":"type-product","3":"status-publish","4":"has-post-thumbnail","6":"product_cat-pekarske","8":"first","9":"instock","10":"shipping-taxable","11":"product-type-simple"},"acf":[],"yoast_head":"<!-- This site is optimized with the Yoast SEO plugin v27.5 - https:\/\/yoast.com\/product\/yoast-seo-wordpress\/ -->\n<title>Gluk\u00f3za oxid\u00e1za - Velkoobchodn\u00ed distributor<\/title>\n<meta name=\"description\" content=\"Gluk\u00f3za oxid\u00e1za je enzym p\u0159\u00edrodn\u00edho p\u016fvodu, kter\u00fd katalyzuje oxidaci gluk\u00f3zy na kyselinu glukonovou a peroxovod\u00edk.\" \/>\n<meta name=\"robots\" content=\"index, follow, max-snippet:-1, max-image-preview:large, max-video-preview:-1\" \/>\n<link rel=\"canonical\" href=\"https:\/\/naturalpoland.com\/cs\/produkty\/produkty-pro-potravinarsky-prumysl\/enzymy-cs\/pekarske\/glukozooxidaza\/\" \/>\n<meta property=\"og:locale\" content=\"cs_CZ\" \/>\n<meta property=\"og:type\" content=\"article\" \/>\n<meta property=\"og:title\" content=\"Gluk\u00f3za oxid\u00e1za - Velkoobchodn\u00ed distributor\" \/>\n<meta property=\"og:description\" content=\"Gluk\u00f3za oxid\u00e1za je enzym p\u0159\u00edrodn\u00edho p\u016fvodu, kter\u00fd katalyzuje oxidaci gluk\u00f3zy na kyselinu glukonovou a peroxovod\u00edk.\" \/>\n<meta property=\"og:url\" content=\"https:\/\/naturalpoland.com\/cs\/produkty\/produkty-pro-potravinarsky-prumysl\/enzymy-cs\/pekarske\/glukozooxidaza\/\" \/>\n<meta property=\"og:site_name\" content=\"NATURAL POLAND - Velkoobchodn\u00ed distributor surovin\" \/>\n<meta property=\"article:publisher\" content=\"https:\/\/www.facebook.com\/naturalpoland.b2b\" \/>\n<meta property=\"og:image\" content=\"https:\/\/naturalpoland.com\/wp-content\/uploads\/oksydaza-glukozowa.jpg\" \/>\n\t<meta property=\"og:image:width\" content=\"650\" \/>\n\t<meta property=\"og:image:height\" content=\"650\" \/>\n\t<meta property=\"og:image:type\" content=\"image\/jpeg\" \/>\n<script type=\"application\/ld+json\" class=\"yoast-schema-graph\">{\"@context\":\"https:\\\/\\\/schema.org\",\"@graph\":[{\"@type\":\"WebPage\",\"@id\":\"https:\\\/\\\/naturalpoland.com\\\/cs\\\/produkty\\\/produkty-pro-potravinarsky-prumysl\\\/enzymy-cs\\\/pekarske\\\/glukozooxidaza\\\/\",\"url\":\"https:\\\/\\\/naturalpoland.com\\\/cs\\\/produkty\\\/produkty-pro-potravinarsky-prumysl\\\/enzymy-cs\\\/pekarske\\\/glukozooxidaza\\\/\",\"name\":\"Gluk\u00f3za oxid\u00e1za - Velkoobchodn\u00ed distributor\",\"isPartOf\":{\"@id\":\"https:\\\/\\\/naturalpoland.com\\\/cs\\\/#website\"},\"primaryImageOfPage\":{\"@id\":\"https:\\\/\\\/naturalpoland.com\\\/cs\\\/produkty\\\/produkty-pro-potravinarsky-prumysl\\\/enzymy-cs\\\/pekarske\\\/glukozooxidaza\\\/#primaryimage\"},\"image\":{\"@id\":\"https:\\\/\\\/naturalpoland.com\\\/cs\\\/produkty\\\/produkty-pro-potravinarsky-prumysl\\\/enzymy-cs\\\/pekarske\\\/glukozooxidaza\\\/#primaryimage\"},\"thumbnailUrl\":\"https:\\\/\\\/naturalpoland.com\\\/wp-content\\\/uploads\\\/oksydaza-glukozowa.jpg\",\"datePublished\":\"2023-10-26T13:02:01+00:00\",\"description\":\"Gluk\u00f3za oxid\u00e1za je enzym p\u0159\u00edrodn\u00edho p\u016fvodu, kter\u00fd katalyzuje oxidaci gluk\u00f3zy na kyselinu glukonovou a peroxovod\u00edk.\",\"breadcrumb\":{\"@id\":\"https:\\\/\\\/naturalpoland.com\\\/cs\\\/produkty\\\/produkty-pro-potravinarsky-prumysl\\\/enzymy-cs\\\/pekarske\\\/glukozooxidaza\\\/#breadcrumb\"},\"inLanguage\":\"cs\",\"potentialAction\":[{\"@type\":\"ReadAction\",\"target\":[\"https:\\\/\\\/naturalpoland.com\\\/cs\\\/produkty\\\/produkty-pro-potravinarsky-prumysl\\\/enzymy-cs\\\/pekarske\\\/glukozooxidaza\\\/\"]}]},{\"@type\":\"ImageObject\",\"inLanguage\":\"cs\",\"@id\":\"https:\\\/\\\/naturalpoland.com\\\/cs\\\/produkty\\\/produkty-pro-potravinarsky-prumysl\\\/enzymy-cs\\\/pekarske\\\/glukozooxidaza\\\/#primaryimage\",\"url\":\"https:\\\/\\\/naturalpoland.com\\\/wp-content\\\/uploads\\\/oksydaza-glukozowa.jpg\",\"contentUrl\":\"https:\\\/\\\/naturalpoland.com\\\/wp-content\\\/uploads\\\/oksydaza-glukozowa.jpg\",\"width\":650,\"height\":650,\"caption\":\"oksydaza glukozowa\"},{\"@type\":\"BreadcrumbList\",\"@id\":\"https:\\\/\\\/naturalpoland.com\\\/cs\\\/produkty\\\/produkty-pro-potravinarsky-prumysl\\\/enzymy-cs\\\/pekarske\\\/glukozooxidaza\\\/#breadcrumb\",\"itemListElement\":[{\"@type\":\"ListItem\",\"position\":1,\"name\":\"Dom\u016f\",\"item\":\"https:\\\/\\\/naturalpoland.com\\\/cs\\\/\"},{\"@type\":\"ListItem\",\"position\":2,\"name\":\"Produkty\",\"item\":\"https:\\\/\\\/naturalpoland.com\\\/cs\\\/produkty\\\/\"},{\"@type\":\"ListItem\",\"position\":3,\"name\":\"Gluk\u00f3za oxid\u00e1za\"}]},{\"@type\":\"WebSite\",\"@id\":\"https:\\\/\\\/naturalpoland.com\\\/cs\\\/#website\",\"url\":\"https:\\\/\\\/naturalpoland.com\\\/cs\\\/\",\"name\":\"NATURAL POLAND - Velkoobchodn\u00ed distributor surovin\",\"description\":\"Surowce dla przemys\u0142u spo\u017cywczego, kosmetycznego i farmaceutycznego\",\"publisher\":{\"@id\":\"https:\\\/\\\/naturalpoland.com\\\/cs\\\/#organization\"},\"potentialAction\":[{\"@type\":\"SearchAction\",\"target\":{\"@type\":\"EntryPoint\",\"urlTemplate\":\"https:\\\/\\\/naturalpoland.com\\\/cs\\\/?s={search_term_string}\"},\"query-input\":{\"@type\":\"PropertyValueSpecification\",\"valueRequired\":true,\"valueName\":\"search_term_string\"}}],\"inLanguage\":\"cs\"},{\"@type\":\"Organization\",\"@id\":\"https:\\\/\\\/naturalpoland.com\\\/cs\\\/#organization\",\"name\":\"Natural Poland\",\"url\":\"https:\\\/\\\/naturalpoland.com\\\/cs\\\/\",\"logo\":{\"@type\":\"ImageObject\",\"inLanguage\":\"cs\",\"@id\":\"https:\\\/\\\/naturalpoland.com\\\/cs\\\/#\\\/schema\\\/logo\\\/image\\\/\",\"url\":\"https:\\\/\\\/naturalpoland.com\\\/wp-content\\\/uploads\\\/2021\\\/05\\\/natural-poland-icon.png\",\"contentUrl\":\"https:\\\/\\\/naturalpoland.com\\\/wp-content\\\/uploads\\\/2021\\\/05\\\/natural-poland-icon.png\",\"width\":512,\"height\":512,\"caption\":\"Natural Poland\"},\"image\":{\"@id\":\"https:\\\/\\\/naturalpoland.com\\\/cs\\\/#\\\/schema\\\/logo\\\/image\\\/\"},\"sameAs\":[\"https:\\\/\\\/www.facebook.com\\\/naturalpoland.b2b\",\"https:\\\/\\\/pl.linkedin.com\\\/company\\\/natural-poland\",\"https:\\\/\\\/www.youtube.com\\\/channel\\\/UCgeGGkvOMahZo-xu_MSEWxg\"]}]}<\/script>\n<!-- \/ Yoast SEO plugin. -->","yoast_head_json":{"title":"Gluk\u00f3za oxid\u00e1za - Velkoobchodn\u00ed distributor","description":"Gluk\u00f3za oxid\u00e1za je enzym p\u0159\u00edrodn\u00edho p\u016fvodu, kter\u00fd katalyzuje oxidaci gluk\u00f3zy na kyselinu glukonovou a peroxovod\u00edk.","robots":{"index":"index","follow":"follow","max-snippet":"max-snippet:-1","max-image-preview":"max-image-preview:large","max-video-preview":"max-video-preview:-1"},"canonical":"https:\/\/naturalpoland.com\/cs\/produkty\/produkty-pro-potravinarsky-prumysl\/enzymy-cs\/pekarske\/glukozooxidaza\/","og_locale":"cs_CZ","og_type":"article","og_title":"Gluk\u00f3za oxid\u00e1za - Velkoobchodn\u00ed distributor","og_description":"Gluk\u00f3za oxid\u00e1za je enzym p\u0159\u00edrodn\u00edho p\u016fvodu, kter\u00fd katalyzuje oxidaci gluk\u00f3zy na kyselinu glukonovou a peroxovod\u00edk.","og_url":"https:\/\/naturalpoland.com\/cs\/produkty\/produkty-pro-potravinarsky-prumysl\/enzymy-cs\/pekarske\/glukozooxidaza\/","og_site_name":"NATURAL POLAND - Velkoobchodn\u00ed distributor surovin","article_publisher":"https:\/\/www.facebook.com\/naturalpoland.b2b","og_image":[{"width":650,"height":650,"url":"https:\/\/naturalpoland.com\/wp-content\/uploads\/oksydaza-glukozowa.jpg","type":"image\/jpeg"}],"schema":{"@context":"https:\/\/schema.org","@graph":[{"@type":"WebPage","@id":"https:\/\/naturalpoland.com\/cs\/produkty\/produkty-pro-potravinarsky-prumysl\/enzymy-cs\/pekarske\/glukozooxidaza\/","url":"https:\/\/naturalpoland.com\/cs\/produkty\/produkty-pro-potravinarsky-prumysl\/enzymy-cs\/pekarske\/glukozooxidaza\/","name":"Gluk\u00f3za oxid\u00e1za - Velkoobchodn\u00ed distributor","isPartOf":{"@id":"https:\/\/naturalpoland.com\/cs\/#website"},"primaryImageOfPage":{"@id":"https:\/\/naturalpoland.com\/cs\/produkty\/produkty-pro-potravinarsky-prumysl\/enzymy-cs\/pekarske\/glukozooxidaza\/#primaryimage"},"image":{"@id":"https:\/\/naturalpoland.com\/cs\/produkty\/produkty-pro-potravinarsky-prumysl\/enzymy-cs\/pekarske\/glukozooxidaza\/#primaryimage"},"thumbnailUrl":"https:\/\/naturalpoland.com\/wp-content\/uploads\/oksydaza-glukozowa.jpg","datePublished":"2023-10-26T13:02:01+00:00","description":"Gluk\u00f3za oxid\u00e1za je enzym p\u0159\u00edrodn\u00edho p\u016fvodu, kter\u00fd katalyzuje oxidaci gluk\u00f3zy na kyselinu glukonovou a peroxovod\u00edk.","breadcrumb":{"@id":"https:\/\/naturalpoland.com\/cs\/produkty\/produkty-pro-potravinarsky-prumysl\/enzymy-cs\/pekarske\/glukozooxidaza\/#breadcrumb"},"inLanguage":"cs","potentialAction":[{"@type":"ReadAction","target":["https:\/\/naturalpoland.com\/cs\/produkty\/produkty-pro-potravinarsky-prumysl\/enzymy-cs\/pekarske\/glukozooxidaza\/"]}]},{"@type":"ImageObject","inLanguage":"cs","@id":"https:\/\/naturalpoland.com\/cs\/produkty\/produkty-pro-potravinarsky-prumysl\/enzymy-cs\/pekarske\/glukozooxidaza\/#primaryimage","url":"https:\/\/naturalpoland.com\/wp-content\/uploads\/oksydaza-glukozowa.jpg","contentUrl":"https:\/\/naturalpoland.com\/wp-content\/uploads\/oksydaza-glukozowa.jpg","width":650,"height":650,"caption":"oksydaza glukozowa"},{"@type":"BreadcrumbList","@id":"https:\/\/naturalpoland.com\/cs\/produkty\/produkty-pro-potravinarsky-prumysl\/enzymy-cs\/pekarske\/glukozooxidaza\/#breadcrumb","itemListElement":[{"@type":"ListItem","position":1,"name":"Dom\u016f","item":"https:\/\/naturalpoland.com\/cs\/"},{"@type":"ListItem","position":2,"name":"Produkty","item":"https:\/\/naturalpoland.com\/cs\/produkty\/"},{"@type":"ListItem","position":3,"name":"Gluk\u00f3za oxid\u00e1za"}]},{"@type":"WebSite","@id":"https:\/\/naturalpoland.com\/cs\/#website","url":"https:\/\/naturalpoland.com\/cs\/","name":"NATURAL POLAND - Velkoobchodn\u00ed distributor surovin","description":"Surowce dla przemys\u0142u spo\u017cywczego, kosmetycznego i farmaceutycznego","publisher":{"@id":"https:\/\/naturalpoland.com\/cs\/#organization"},"potentialAction":[{"@type":"SearchAction","target":{"@type":"EntryPoint","urlTemplate":"https:\/\/naturalpoland.com\/cs\/?s={search_term_string}"},"query-input":{"@type":"PropertyValueSpecification","valueRequired":true,"valueName":"search_term_string"}}],"inLanguage":"cs"},{"@type":"Organization","@id":"https:\/\/naturalpoland.com\/cs\/#organization","name":"Natural Poland","url":"https:\/\/naturalpoland.com\/cs\/","logo":{"@type":"ImageObject","inLanguage":"cs","@id":"https:\/\/naturalpoland.com\/cs\/#\/schema\/logo\/image\/","url":"https:\/\/naturalpoland.com\/wp-content\/uploads\/2021\/05\/natural-poland-icon.png","contentUrl":"https:\/\/naturalpoland.com\/wp-content\/uploads\/2021\/05\/natural-poland-icon.png","width":512,"height":512,"caption":"Natural Poland"},"image":{"@id":"https:\/\/naturalpoland.com\/cs\/#\/schema\/logo\/image\/"},"sameAs":["https:\/\/www.facebook.com\/naturalpoland.b2b","https:\/\/pl.linkedin.com\/company\/natural-poland","https:\/\/www.youtube.com\/channel\/UCgeGGkvOMahZo-xu_MSEWxg"]}]}},"_links":{"self":[{"href":"https:\/\/naturalpoland.com\/cs\/wp-json\/wp\/v2\/product\/27190","targetHints":{"allow":["GET"]}}],"collection":[{"href":"https:\/\/naturalpoland.com\/cs\/wp-json\/wp\/v2\/product"}],"about":[{"href":"https:\/\/naturalpoland.com\/cs\/wp-json\/wp\/v2\/types\/product"}],"wp:featuredmedia":[{"embeddable":true,"href":"https:\/\/naturalpoland.com\/cs\/wp-json\/wp\/v2\/media\/27512"}],"wp:attachment":[{"href":"https:\/\/naturalpoland.com\/cs\/wp-json\/wp\/v2\/media?parent=27190"}],"wp:term":[{"taxonomy":"product_brand","embeddable":true,"href":"https:\/\/naturalpoland.com\/cs\/wp-json\/wp\/v2\/product_brand?post=27190"},{"taxonomy":"product_cat","embeddable":true,"href":"https:\/\/naturalpoland.com\/cs\/wp-json\/wp\/v2\/product_cat?post=27190"},{"taxonomy":"product_tag","embeddable":true,"href":"https:\/\/naturalpoland.com\/cs\/wp-json\/wp\/v2\/product_tag?post=27190"}],"curies":[{"name":"wp","href":"https:\/\/api.w.org\/{rel}","templated":true}]}}