{"id":27240,"date":"2023-10-26T13:45:41","date_gmt":"2023-10-26T13:33:24","guid":{"rendered":"https:\/\/naturalpoland.com\/produkty\/nezarazene\/lipazy-ec-3-1-1-3\/"},"modified":"2024-07-24T10:53:26","modified_gmt":"2024-07-24T08:53:26","slug":"lipaza-2","status":"publish","type":"product","link":"https:\/\/naturalpoland.com\/cs\/produkty\/produkty-pro-potravinarsky-prumysl\/enzymy-cs\/mlecne\/lipaza-2\/","title":{"rendered":"Lip\u00e1za EC 3.1.1.3"},"content":{"rendered":"<h4>P\u016fvod:<\/h4>\n<ul>\n<li><strong>Houby:<\/strong> <em>Mucor meihei, Candida rugosa<\/em><\/li>\n<li><strong>Bakterie:<\/strong> <em>Bakterie: Achromobacter, Alcaligenes, Arthrobacter, Pseudomonas, Staphylococcus, Chromobacterium<\/em><\/li>\n<\/ul>\n<h4>Akce:<\/h4>\n<ul>\n<li><strong>Hydrol\u00fdza triglycerid\u016f:<\/strong> lip\u00e1zy p\u0159em\u011b\u0148uj\u00ed triglyceridy na voln\u00e9 mastn\u00e9 kyseliny a alkoholy.<\/li>\n<li><strong>Zapojen\u00ed do metabolismu:<\/strong> Enzymov\u00e1 aktivita zahrnuje lipol\u00fdzu, proteol\u00fdzu a metabolismus zbytkov\u00e9 lakt\u00f3zy a lakt\u00e1tu. Krom\u011b toho maj\u00ed lip\u00e1zy jedine\u010dnou schopnost katalyzovat reakce na mezif\u00e1zov\u00e9m rozhran\u00ed mezi vodou a lipidy.<\/li>\n<\/ul>\n<h4>Aplikace:<\/h4>\n<ul>\n<li><strong>Aroma s\u00fdr\u016f<\/strong>: Lip\u00e1zy jsou zodpov\u011bdn\u00e9 za vytv\u00e1\u0159en\u00ed charakteristick\u00e9 chuti s\u00fdr\u016f, kter\u00e1 vznik\u00e1 hydrol\u00fdzou ml\u00e9\u010dn\u00fdch tuk\u016f.<\/li>\n<li><strong>\u00daprava tuk\u016f:<\/strong> Pou\u017e\u00edvaj\u00ed se p\u0159i esterifikaci tukov\u00fdch frakc\u00ed.<\/li>\n<li><strong>V\u00fdroba aroma:<\/strong> Pod\u00edlej\u00ed se na v\u00fdrob\u011b specifick\u00fdch aromat pou\u017e\u00edvan\u00fdch v analogick\u00fdch s\u00fdrech.<\/li>\n<li><strong>Urychlen\u00ed zr\u00e1n\u00ed s\u00fdr\u016f<\/strong>: Lip\u00e1zy se pou\u017e\u00edvaj\u00ed p\u0159i v\u00fdrob\u011b st\u0159edn\u011b a dlouho zraj\u00edc\u00edch s\u00fdr\u016f a urychluj\u00ed jejich zr\u00e1n\u00ed.<\/li>\n<\/ul>\n<p> Lip\u00e1zy EC 3.1.1.3 jsou nepostradatelnou slo\u017ekou p\u0159i v\u00fdrob\u011b mnoha potravin\u00e1\u0159sk\u00fdch v\u00fdrobk\u016f, zaru\u010duj\u00ed jejich jedine\u010dnou chu\u0165 a vynikaj\u00edc\u00ed texturu.<\/p>\n","protected":false},"excerpt":{"rendered":"<p>Lip\u00e1zy jsou enzymy specializovan\u00e9 na modifikaci tuk\u016f, kter\u00e9 hraj\u00ed kl\u00ed\u010dovou roli v potravin\u00e1\u0159sk\u00e9m pr\u016fmyslu, zejm\u00e9na p\u0159i v\u00fdrob\u011b s\u00fdr\u016f. Maj\u00ed schopnost katalyzovat specifick\u00e9 reakce na mezif\u00e1zov\u00e9m rozhran\u00ed voda-lipid, co\u017e se projevuje v jedine\u010dn\u00fdch aplikac\u00edch v r\u016fzn\u00fdch v\u00fdrobn\u00edch procesech.<\/p>\n","protected":false},"featured_media":27452,"template":"","meta":{"_acf_changed":false},"product_brand":[],"product_cat":[2724],"product_tag":[],"class_list":{"0":"post-27240","1":"product","2":"type-product","3":"status-publish","4":"has-post-thumbnail","6":"product_cat-mlecne","8":"first","9":"instock","10":"shipping-taxable","11":"product-type-simple"},"acf":[],"yoast_head":"<!-- This site is optimized with the Yoast SEO plugin v27.5 - https:\/\/yoast.com\/product\/yoast-seo-wordpress\/ -->\n<title>Lip\u00e1za EC 3.1.1.3 - Velkoobchodn\u00ed distributor<\/title>\n<meta name=\"description\" content=\"Lip\u00e1zy jsou enzymy specializovan\u00e9 na modifikaci tuk\u016f, kter\u00e9 hraj\u00ed kl\u00ed\u010dovou roli v potravin\u00e1\u0159sk\u00e9m pr\u016fmyslu, zejm\u00e9na p\u0159i v\u00fdrob\u011b s\u00fdr\u016f.\" \/>\n<meta name=\"robots\" content=\"index, follow, max-snippet:-1, max-image-preview:large, max-video-preview:-1\" \/>\n<link rel=\"canonical\" href=\"https:\/\/naturalpoland.com\/cs\/produkty\/produkty-pro-potravinarsky-prumysl\/enzymy-cs\/mlecne\/lipaza-2\/\" \/>\n<meta property=\"og:locale\" content=\"cs_CZ\" \/>\n<meta property=\"og:type\" content=\"article\" \/>\n<meta property=\"og:title\" content=\"Lip\u00e1za EC 3.1.1.3 - Velkoobchodn\u00ed distributor\" \/>\n<meta property=\"og:description\" content=\"Lip\u00e1zy jsou enzymy specializovan\u00e9 na modifikaci tuk\u016f, kter\u00e9 hraj\u00ed kl\u00ed\u010dovou roli v potravin\u00e1\u0159sk\u00e9m pr\u016fmyslu, zejm\u00e9na p\u0159i v\u00fdrob\u011b s\u00fdr\u016f.\" \/>\n<meta property=\"og:url\" content=\"https:\/\/naturalpoland.com\/cs\/produkty\/produkty-pro-potravinarsky-prumysl\/enzymy-cs\/mlecne\/lipaza-2\/\" \/>\n<meta property=\"og:site_name\" content=\"NATURAL POLAND - Velkoobchodn\u00ed distributor surovin\" \/>\n<meta property=\"article:publisher\" content=\"https:\/\/www.facebook.com\/naturalpoland.b2b\" \/>\n<meta property=\"article:modified_time\" content=\"2024-07-24T08:53:26+00:00\" \/>\n<meta property=\"og:image\" content=\"https:\/\/naturalpoland.com\/wp-content\/uploads\/lipaza.jpg\" \/>\n\t<meta property=\"og:image:width\" content=\"650\" \/>\n\t<meta property=\"og:image:height\" content=\"650\" \/>\n\t<meta property=\"og:image:type\" content=\"image\/jpeg\" \/>\n<script type=\"application\/ld+json\" class=\"yoast-schema-graph\">{\"@context\":\"https:\\\/\\\/schema.org\",\"@graph\":[{\"@type\":\"WebPage\",\"@id\":\"https:\\\/\\\/naturalpoland.com\\\/cs\\\/produkty\\\/produkty-pro-potravinarsky-prumysl\\\/enzymy-cs\\\/mlecne\\\/lipaza-2\\\/\",\"url\":\"https:\\\/\\\/naturalpoland.com\\\/cs\\\/produkty\\\/produkty-pro-potravinarsky-prumysl\\\/enzymy-cs\\\/mlecne\\\/lipaza-2\\\/\",\"name\":\"Lip\u00e1za EC 3.1.1.3 - Velkoobchodn\u00ed distributor\",\"isPartOf\":{\"@id\":\"https:\\\/\\\/naturalpoland.com\\\/cs\\\/#website\"},\"primaryImageOfPage\":{\"@id\":\"https:\\\/\\\/naturalpoland.com\\\/cs\\\/produkty\\\/produkty-pro-potravinarsky-prumysl\\\/enzymy-cs\\\/mlecne\\\/lipaza-2\\\/#primaryimage\"},\"image\":{\"@id\":\"https:\\\/\\\/naturalpoland.com\\\/cs\\\/produkty\\\/produkty-pro-potravinarsky-prumysl\\\/enzymy-cs\\\/mlecne\\\/lipaza-2\\\/#primaryimage\"},\"thumbnailUrl\":\"https:\\\/\\\/naturalpoland.com\\\/wp-content\\\/uploads\\\/lipaza.jpg\",\"datePublished\":\"2023-10-26T13:33:24+00:00\",\"dateModified\":\"2024-07-24T08:53:26+00:00\",\"description\":\"Lip\u00e1zy jsou enzymy specializovan\u00e9 na modifikaci tuk\u016f, kter\u00e9 hraj\u00ed kl\u00ed\u010dovou roli v potravin\u00e1\u0159sk\u00e9m pr\u016fmyslu, zejm\u00e9na p\u0159i v\u00fdrob\u011b s\u00fdr\u016f.\",\"breadcrumb\":{\"@id\":\"https:\\\/\\\/naturalpoland.com\\\/cs\\\/produkty\\\/produkty-pro-potravinarsky-prumysl\\\/enzymy-cs\\\/mlecne\\\/lipaza-2\\\/#breadcrumb\"},\"inLanguage\":\"cs\",\"potentialAction\":[{\"@type\":\"ReadAction\",\"target\":[\"https:\\\/\\\/naturalpoland.com\\\/cs\\\/produkty\\\/produkty-pro-potravinarsky-prumysl\\\/enzymy-cs\\\/mlecne\\\/lipaza-2\\\/\"]}]},{\"@type\":\"ImageObject\",\"inLanguage\":\"cs\",\"@id\":\"https:\\\/\\\/naturalpoland.com\\\/cs\\\/produkty\\\/produkty-pro-potravinarsky-prumysl\\\/enzymy-cs\\\/mlecne\\\/lipaza-2\\\/#primaryimage\",\"url\":\"https:\\\/\\\/naturalpoland.com\\\/wp-content\\\/uploads\\\/lipaza.jpg\",\"contentUrl\":\"https:\\\/\\\/naturalpoland.com\\\/wp-content\\\/uploads\\\/lipaza.jpg\",\"width\":650,\"height\":650,\"caption\":\"lipaza\"},{\"@type\":\"BreadcrumbList\",\"@id\":\"https:\\\/\\\/naturalpoland.com\\\/cs\\\/produkty\\\/produkty-pro-potravinarsky-prumysl\\\/enzymy-cs\\\/mlecne\\\/lipaza-2\\\/#breadcrumb\",\"itemListElement\":[{\"@type\":\"ListItem\",\"position\":1,\"name\":\"Dom\u016f\",\"item\":\"https:\\\/\\\/naturalpoland.com\\\/cs\\\/\"},{\"@type\":\"ListItem\",\"position\":2,\"name\":\"Produkty\",\"item\":\"https:\\\/\\\/naturalpoland.com\\\/cs\\\/produkty\\\/\"},{\"@type\":\"ListItem\",\"position\":3,\"name\":\"Lip\u00e1za EC 3.1.1.3\"}]},{\"@type\":\"WebSite\",\"@id\":\"https:\\\/\\\/naturalpoland.com\\\/cs\\\/#website\",\"url\":\"https:\\\/\\\/naturalpoland.com\\\/cs\\\/\",\"name\":\"NATURAL POLAND - Velkoobchodn\u00ed distributor surovin\",\"description\":\"Surowce dla przemys\u0142u spo\u017cywczego, kosmetycznego i farmaceutycznego\",\"publisher\":{\"@id\":\"https:\\\/\\\/naturalpoland.com\\\/cs\\\/#organization\"},\"potentialAction\":[{\"@type\":\"SearchAction\",\"target\":{\"@type\":\"EntryPoint\",\"urlTemplate\":\"https:\\\/\\\/naturalpoland.com\\\/cs\\\/?s={search_term_string}\"},\"query-input\":{\"@type\":\"PropertyValueSpecification\",\"valueRequired\":true,\"valueName\":\"search_term_string\"}}],\"inLanguage\":\"cs\"},{\"@type\":\"Organization\",\"@id\":\"https:\\\/\\\/naturalpoland.com\\\/cs\\\/#organization\",\"name\":\"Natural Poland\",\"url\":\"https:\\\/\\\/naturalpoland.com\\\/cs\\\/\",\"logo\":{\"@type\":\"ImageObject\",\"inLanguage\":\"cs\",\"@id\":\"https:\\\/\\\/naturalpoland.com\\\/cs\\\/#\\\/schema\\\/logo\\\/image\\\/\",\"url\":\"https:\\\/\\\/naturalpoland.com\\\/wp-content\\\/uploads\\\/2021\\\/05\\\/natural-poland-icon.png\",\"contentUrl\":\"https:\\\/\\\/naturalpoland.com\\\/wp-content\\\/uploads\\\/2021\\\/05\\\/natural-poland-icon.png\",\"width\":512,\"height\":512,\"caption\":\"Natural Poland\"},\"image\":{\"@id\":\"https:\\\/\\\/naturalpoland.com\\\/cs\\\/#\\\/schema\\\/logo\\\/image\\\/\"},\"sameAs\":[\"https:\\\/\\\/www.facebook.com\\\/naturalpoland.b2b\",\"https:\\\/\\\/pl.linkedin.com\\\/company\\\/natural-poland\",\"https:\\\/\\\/www.youtube.com\\\/channel\\\/UCgeGGkvOMahZo-xu_MSEWxg\"]}]}<\/script>\n<!-- \/ Yoast SEO plugin. -->","yoast_head_json":{"title":"Lip\u00e1za EC 3.1.1.3 - Velkoobchodn\u00ed distributor","description":"Lip\u00e1zy jsou enzymy specializovan\u00e9 na modifikaci tuk\u016f, kter\u00e9 hraj\u00ed kl\u00ed\u010dovou roli v potravin\u00e1\u0159sk\u00e9m pr\u016fmyslu, zejm\u00e9na p\u0159i v\u00fdrob\u011b s\u00fdr\u016f.","robots":{"index":"index","follow":"follow","max-snippet":"max-snippet:-1","max-image-preview":"max-image-preview:large","max-video-preview":"max-video-preview:-1"},"canonical":"https:\/\/naturalpoland.com\/cs\/produkty\/produkty-pro-potravinarsky-prumysl\/enzymy-cs\/mlecne\/lipaza-2\/","og_locale":"cs_CZ","og_type":"article","og_title":"Lip\u00e1za EC 3.1.1.3 - Velkoobchodn\u00ed distributor","og_description":"Lip\u00e1zy jsou enzymy specializovan\u00e9 na modifikaci tuk\u016f, kter\u00e9 hraj\u00ed kl\u00ed\u010dovou roli v potravin\u00e1\u0159sk\u00e9m pr\u016fmyslu, zejm\u00e9na p\u0159i v\u00fdrob\u011b s\u00fdr\u016f.","og_url":"https:\/\/naturalpoland.com\/cs\/produkty\/produkty-pro-potravinarsky-prumysl\/enzymy-cs\/mlecne\/lipaza-2\/","og_site_name":"NATURAL POLAND - Velkoobchodn\u00ed distributor surovin","article_publisher":"https:\/\/www.facebook.com\/naturalpoland.b2b","article_modified_time":"2024-07-24T08:53:26+00:00","og_image":[{"width":650,"height":650,"url":"https:\/\/naturalpoland.com\/wp-content\/uploads\/lipaza.jpg","type":"image\/jpeg"}],"schema":{"@context":"https:\/\/schema.org","@graph":[{"@type":"WebPage","@id":"https:\/\/naturalpoland.com\/cs\/produkty\/produkty-pro-potravinarsky-prumysl\/enzymy-cs\/mlecne\/lipaza-2\/","url":"https:\/\/naturalpoland.com\/cs\/produkty\/produkty-pro-potravinarsky-prumysl\/enzymy-cs\/mlecne\/lipaza-2\/","name":"Lip\u00e1za EC 3.1.1.3 - Velkoobchodn\u00ed distributor","isPartOf":{"@id":"https:\/\/naturalpoland.com\/cs\/#website"},"primaryImageOfPage":{"@id":"https:\/\/naturalpoland.com\/cs\/produkty\/produkty-pro-potravinarsky-prumysl\/enzymy-cs\/mlecne\/lipaza-2\/#primaryimage"},"image":{"@id":"https:\/\/naturalpoland.com\/cs\/produkty\/produkty-pro-potravinarsky-prumysl\/enzymy-cs\/mlecne\/lipaza-2\/#primaryimage"},"thumbnailUrl":"https:\/\/naturalpoland.com\/wp-content\/uploads\/lipaza.jpg","datePublished":"2023-10-26T13:33:24+00:00","dateModified":"2024-07-24T08:53:26+00:00","description":"Lip\u00e1zy jsou enzymy specializovan\u00e9 na modifikaci tuk\u016f, kter\u00e9 hraj\u00ed kl\u00ed\u010dovou roli v potravin\u00e1\u0159sk\u00e9m pr\u016fmyslu, zejm\u00e9na p\u0159i v\u00fdrob\u011b s\u00fdr\u016f.","breadcrumb":{"@id":"https:\/\/naturalpoland.com\/cs\/produkty\/produkty-pro-potravinarsky-prumysl\/enzymy-cs\/mlecne\/lipaza-2\/#breadcrumb"},"inLanguage":"cs","potentialAction":[{"@type":"ReadAction","target":["https:\/\/naturalpoland.com\/cs\/produkty\/produkty-pro-potravinarsky-prumysl\/enzymy-cs\/mlecne\/lipaza-2\/"]}]},{"@type":"ImageObject","inLanguage":"cs","@id":"https:\/\/naturalpoland.com\/cs\/produkty\/produkty-pro-potravinarsky-prumysl\/enzymy-cs\/mlecne\/lipaza-2\/#primaryimage","url":"https:\/\/naturalpoland.com\/wp-content\/uploads\/lipaza.jpg","contentUrl":"https:\/\/naturalpoland.com\/wp-content\/uploads\/lipaza.jpg","width":650,"height":650,"caption":"lipaza"},{"@type":"BreadcrumbList","@id":"https:\/\/naturalpoland.com\/cs\/produkty\/produkty-pro-potravinarsky-prumysl\/enzymy-cs\/mlecne\/lipaza-2\/#breadcrumb","itemListElement":[{"@type":"ListItem","position":1,"name":"Dom\u016f","item":"https:\/\/naturalpoland.com\/cs\/"},{"@type":"ListItem","position":2,"name":"Produkty","item":"https:\/\/naturalpoland.com\/cs\/produkty\/"},{"@type":"ListItem","position":3,"name":"Lip\u00e1za EC 3.1.1.3"}]},{"@type":"WebSite","@id":"https:\/\/naturalpoland.com\/cs\/#website","url":"https:\/\/naturalpoland.com\/cs\/","name":"NATURAL POLAND - Velkoobchodn\u00ed distributor surovin","description":"Surowce dla przemys\u0142u spo\u017cywczego, kosmetycznego i farmaceutycznego","publisher":{"@id":"https:\/\/naturalpoland.com\/cs\/#organization"},"potentialAction":[{"@type":"SearchAction","target":{"@type":"EntryPoint","urlTemplate":"https:\/\/naturalpoland.com\/cs\/?s={search_term_string}"},"query-input":{"@type":"PropertyValueSpecification","valueRequired":true,"valueName":"search_term_string"}}],"inLanguage":"cs"},{"@type":"Organization","@id":"https:\/\/naturalpoland.com\/cs\/#organization","name":"Natural Poland","url":"https:\/\/naturalpoland.com\/cs\/","logo":{"@type":"ImageObject","inLanguage":"cs","@id":"https:\/\/naturalpoland.com\/cs\/#\/schema\/logo\/image\/","url":"https:\/\/naturalpoland.com\/wp-content\/uploads\/2021\/05\/natural-poland-icon.png","contentUrl":"https:\/\/naturalpoland.com\/wp-content\/uploads\/2021\/05\/natural-poland-icon.png","width":512,"height":512,"caption":"Natural Poland"},"image":{"@id":"https:\/\/naturalpoland.com\/cs\/#\/schema\/logo\/image\/"},"sameAs":["https:\/\/www.facebook.com\/naturalpoland.b2b","https:\/\/pl.linkedin.com\/company\/natural-poland","https:\/\/www.youtube.com\/channel\/UCgeGGkvOMahZo-xu_MSEWxg"]}]}},"_links":{"self":[{"href":"https:\/\/naturalpoland.com\/cs\/wp-json\/wp\/v2\/product\/27240","targetHints":{"allow":["GET"]}}],"collection":[{"href":"https:\/\/naturalpoland.com\/cs\/wp-json\/wp\/v2\/product"}],"about":[{"href":"https:\/\/naturalpoland.com\/cs\/wp-json\/wp\/v2\/types\/product"}],"wp:featuredmedia":[{"embeddable":true,"href":"https:\/\/naturalpoland.com\/cs\/wp-json\/wp\/v2\/media\/27452"}],"wp:attachment":[{"href":"https:\/\/naturalpoland.com\/cs\/wp-json\/wp\/v2\/media?parent=27240"}],"wp:term":[{"taxonomy":"product_brand","embeddable":true,"href":"https:\/\/naturalpoland.com\/cs\/wp-json\/wp\/v2\/product_brand?post=27240"},{"taxonomy":"product_cat","embeddable":true,"href":"https:\/\/naturalpoland.com\/cs\/wp-json\/wp\/v2\/product_cat?post=27240"},{"taxonomy":"product_tag","embeddable":true,"href":"https:\/\/naturalpoland.com\/cs\/wp-json\/wp\/v2\/product_tag?post=27240"}],"curies":[{"name":"wp","href":"https:\/\/api.w.org\/{rel}","templated":true}]}}