{"id":27280,"date":"2023-10-24T13:08:48","date_gmt":"2023-10-27T08:46:48","guid":{"rendered":"https:\/\/naturalpoland.com\/produkty\/nezarazene\/l-threonat-horecnaty\/"},"modified":"2024-08-23T15:06:40","modified_gmt":"2024-08-23T13:06:40","slug":"l-threonat-horecnaty","status":"publish","type":"product","link":"https:\/\/naturalpoland.com\/cs\/produkty\/produkty-pro-farmaceuticky-a-zdravotnicky-prumysl\/pridavky-k-doplnkum-stravy\/l-threonat-horecnaty\/","title":{"rendered":"L-threon\u00e1t ho\u0159e\u010dnat\u00fd"},"content":{"rendered":"<p>L-Threon\u00e1t ho\u0159e\u010dnat\u00fd je unik\u00e1tn\u00ed kombinac\u00ed l-threoninu s ho\u0159\u010d\u00edkem. Vytv\u00e1\u0159\u00ed formuli s mimo\u0159\u00e1dn\u011b vysokou biologickou dostupnost\u00ed, kter\u00e1 se dost\u00e1v\u00e1 do kl\u00ed\u010dov\u00fdch oblast\u00ed mozku a podporuje jejich optim\u00e1ln\u00ed fungov\u00e1n\u00ed.  <\/p>\n<h2>Vlastnosti:<\/h2>\n<p>  L-Threon\u00e1t ho\u0159\u010d\u00edku je obzvl\u00e1\u0161t\u011b \u00fa\u010dinn\u00e1 forma ho\u0159\u010d\u00edku, kter\u00e1 podporuje kognitivn\u00ed funkce.<br \/>\nStudie ukazuj\u00ed, \u017ee m\u016f\u017ee zlep\u0161it pam\u011b\u0165, koncentraci a schopnost u\u010den\u00ed.<br \/>\nD\u00edky sv\u00e9 schopnosti pronikat hematoencefalickou bari\u00e9rou p\u016fsob\u00ed L-Threon\u00e1t ho\u0159e\u010dnat\u00fd p\u0159\u00edmo na nervov\u00fd syst\u00e9m a podporuje tak neuroplasticitu.<br \/>\nKrom\u011b toho hraje ho\u0159\u010d\u00edk <strong>d\u016fle\u017eitou roli v mnoha biochemick\u00fdch procesech,<\/strong> jako je synt\u00e9za b\u00edlkovin, funkce sval\u016f, regulace krevn\u00edho tlaku a kontrola hladiny gluk\u00f3zy v krvi.<br \/>\nL-Threon\u00e1tov\u00e1 forma ho\u0159\u010d\u00edku je tak\u00e9 <strong>t\u011blem dob\u0159e sn\u00e1\u0161ena,<\/strong> co\u017e minimalizuje riziko gastrointestin\u00e1ln\u00edch pot\u00ed\u017e\u00ed, kter\u00e9 se mohou vyskytnout u jin\u00fdch forem ho\u0159\u010d\u00edku.      <\/p>\n<h2>Pou\u017eit\u00ed:<\/h2>\n<p>  L-treon\u00e1t ho\u0159e\u010dnat\u00fd se pou\u017e\u00edv\u00e1 v dopl\u0148c\u00edch stravy pro star\u0161\u00ed osoby a osoby, kter\u00e9 pot\u0159ebuj\u00ed podpo\u0159it pam\u011b\u0165 a koncentraci.<br \/>\nSurovinu lze pou\u017e\u00edt tak\u00e9 v p\u0159\u00edpravc\u00edch ur\u010den\u00fdch k podpo\u0159e nervov\u00e9ho syst\u00e9mu, sn\u00ed\u017een\u00ed stresu, zlep\u0161en\u00ed sp\u00e1nku a celkov\u00e9mu zlep\u0161en\u00ed funkce mozku.   <\/p>\n<h2>V\u00fdhody pou\u017e\u00edv\u00e1n\u00ed L-Threon\u00e1tu ho\u0159e\u010dnat\u00e9ho:<\/h2>\n<ul>\n<li><strong>Vysok\u00e1 biologick\u00e1 dostupnost:<\/strong> d\u00edky sv\u00e9mu jedine\u010dn\u00e9mu slo\u017een\u00ed je L-Threon\u00e1t ho\u0159e\u010dnat\u00fd dokonale vst\u0159eb\u00e1v\u00e1n organismem, co\u017e zaji\u0161\u0165uje \u00fa\u010dinn\u011bj\u0161\u00ed dod\u00e1vku ho\u0159\u010d\u00edku do bun\u011bk.<\/li>\n<li><strong>Podpora kognitivn\u00edch funkc\u00ed:<\/strong> Ho\u0159\u010d\u00edk je nezbytn\u00fd pro spr\u00e1vnou funkci nervov\u00fdch bun\u011bk a synaps\u00ed. Jeho dostate\u010dn\u00e1 koncentrace p\u0159isp\u00edv\u00e1 ke zlep\u0161en\u00ed koncentrace, pam\u011bti a schopnosti u\u010den\u00ed.<\/li>\n<li><strong>Ochrana nervov\u00e9ho syst\u00e9mu:<\/strong> L-treon\u00e1t ho\u0159e\u010dnat\u00fd p\u0159isp\u00edv\u00e1 ke stabilizaci membr\u00e1n neuron\u00e1ln\u00edch bun\u011bk, zaji\u0161\u0165uje jejich ochranu a spr\u00e1vnou mezibun\u011b\u010dnou komunikaci.<\/li>\n<li><strong>Podpora svalov\u00e9 funkce:<\/strong> Ho\u0159\u010d\u00edk je kl\u00ed\u010dov\u00fd pro spr\u00e1vnou funkci sval\u016f, podporuje jejich kontrakci a relaxaci.<\/li>\n<\/ul>\n","protected":false},"excerpt":{"rendered":"<p>Magnesium L-Threonate je inovativn\u00ed forma ho\u0159\u010d\u00edku ur\u010den\u00e1 pro ty, kte\u0159\u00ed hledaj\u00ed nejen podporu svalov\u00e9 funkce, ale tak\u00e9 kognitivn\u00edch funkc\u00ed a nervov\u00e9ho syst\u00e9mu.<\/p>\n","protected":false},"featured_media":27068,"template":"","meta":{"_acf_changed":false},"product_brand":[],"product_cat":[629],"product_tag":[],"class_list":{"0":"post-27280","1":"product","2":"type-product","3":"status-publish","4":"has-post-thumbnail","6":"product_cat-pridavky-k-doplnkum-stravy","8":"first","9":"instock","10":"shipping-taxable","11":"product-type-simple"},"acf":[],"yoast_head":"<!-- This site is optimized with the Yoast SEO plugin v27.4 - https:\/\/yoast.com\/product\/yoast-seo-wordpress\/ -->\n<title>L-threon\u00e1t ho\u0159e\u010dnat\u00fd - NATURAL POLAND - Velkoobchodn\u00ed distributor surovin<\/title>\n<meta name=\"description\" content=\"V\u00fdb\u011brem L-Threon\u00e1tu ho\u0159e\u010dnat\u00e9ho se rozhodnete pro pokro\u010dilou podporu mozku a cel\u00e9ho nervov\u00e9ho syst\u00e9mu. Vsa\u010fte na kvalitu a inovace.\" \/>\n<meta name=\"robots\" content=\"index, follow, max-snippet:-1, max-image-preview:large, max-video-preview:-1\" \/>\n<link rel=\"canonical\" href=\"https:\/\/naturalpoland.com\/cs\/produkty\/produkty-pro-farmaceuticky-a-zdravotnicky-prumysl\/pridavky-k-doplnkum-stravy\/l-threonat-horecnaty\/\" \/>\n<meta property=\"og:locale\" content=\"cs_CZ\" \/>\n<meta property=\"og:type\" content=\"article\" \/>\n<meta property=\"og:title\" content=\"L-threon\u00e1t ho\u0159e\u010dnat\u00fd - NATURAL POLAND - Velkoobchodn\u00ed distributor surovin\" \/>\n<meta property=\"og:description\" content=\"V\u00fdb\u011brem L-Threon\u00e1tu ho\u0159e\u010dnat\u00e9ho se rozhodnete pro pokro\u010dilou podporu mozku a cel\u00e9ho nervov\u00e9ho syst\u00e9mu. Vsa\u010fte na kvalitu a inovace.\" \/>\n<meta property=\"og:url\" content=\"https:\/\/naturalpoland.com\/cs\/produkty\/produkty-pro-farmaceuticky-a-zdravotnicky-prumysl\/pridavky-k-doplnkum-stravy\/l-threonat-horecnaty\/\" \/>\n<meta property=\"og:site_name\" content=\"NATURAL POLAND - Velkoobchodn\u00ed distributor surovin\" \/>\n<meta property=\"article:publisher\" content=\"https:\/\/www.facebook.com\/naturalpoland.b2b\" \/>\n<meta property=\"article:modified_time\" content=\"2024-08-23T13:06:40+00:00\" \/>\n<meta property=\"og:image\" content=\"https:\/\/naturalpoland.com\/wp-content\/uploads\/magnesium-l-threonate.png\" \/>\n\t<meta property=\"og:image:width\" content=\"618\" \/>\n\t<meta property=\"og:image:height\" content=\"618\" \/>\n\t<meta property=\"og:image:type\" content=\"image\/png\" \/>\n<script type=\"application\/ld+json\" class=\"yoast-schema-graph\">{\"@context\":\"https:\\\/\\\/schema.org\",\"@graph\":[{\"@type\":\"WebPage\",\"@id\":\"https:\\\/\\\/naturalpoland.com\\\/cs\\\/produkty\\\/produkty-pro-farmaceuticky-a-zdravotnicky-prumysl\\\/pridavky-k-doplnkum-stravy\\\/l-threonat-horecnaty\\\/\",\"url\":\"https:\\\/\\\/naturalpoland.com\\\/cs\\\/produkty\\\/produkty-pro-farmaceuticky-a-zdravotnicky-prumysl\\\/pridavky-k-doplnkum-stravy\\\/l-threonat-horecnaty\\\/\",\"name\":\"L-threon\u00e1t ho\u0159e\u010dnat\u00fd - NATURAL POLAND - Velkoobchodn\u00ed distributor surovin\",\"isPartOf\":{\"@id\":\"https:\\\/\\\/naturalpoland.com\\\/cs\\\/#website\"},\"primaryImageOfPage\":{\"@id\":\"https:\\\/\\\/naturalpoland.com\\\/cs\\\/produkty\\\/produkty-pro-farmaceuticky-a-zdravotnicky-prumysl\\\/pridavky-k-doplnkum-stravy\\\/l-threonat-horecnaty\\\/#primaryimage\"},\"image\":{\"@id\":\"https:\\\/\\\/naturalpoland.com\\\/cs\\\/produkty\\\/produkty-pro-farmaceuticky-a-zdravotnicky-prumysl\\\/pridavky-k-doplnkum-stravy\\\/l-threonat-horecnaty\\\/#primaryimage\"},\"thumbnailUrl\":\"https:\\\/\\\/naturalpoland.com\\\/wp-content\\\/uploads\\\/magnesium-l-threonate.png\",\"datePublished\":\"2023-10-27T08:46:48+00:00\",\"dateModified\":\"2024-08-23T13:06:40+00:00\",\"description\":\"V\u00fdb\u011brem L-Threon\u00e1tu ho\u0159e\u010dnat\u00e9ho se rozhodnete pro pokro\u010dilou podporu mozku a cel\u00e9ho nervov\u00e9ho syst\u00e9mu. Vsa\u010fte na kvalitu a inovace.\",\"breadcrumb\":{\"@id\":\"https:\\\/\\\/naturalpoland.com\\\/cs\\\/produkty\\\/produkty-pro-farmaceuticky-a-zdravotnicky-prumysl\\\/pridavky-k-doplnkum-stravy\\\/l-threonat-horecnaty\\\/#breadcrumb\"},\"inLanguage\":\"cs\",\"potentialAction\":[{\"@type\":\"ReadAction\",\"target\":[\"https:\\\/\\\/naturalpoland.com\\\/cs\\\/produkty\\\/produkty-pro-farmaceuticky-a-zdravotnicky-prumysl\\\/pridavky-k-doplnkum-stravy\\\/l-threonat-horecnaty\\\/\"]}]},{\"@type\":\"ImageObject\",\"inLanguage\":\"cs\",\"@id\":\"https:\\\/\\\/naturalpoland.com\\\/cs\\\/produkty\\\/produkty-pro-farmaceuticky-a-zdravotnicky-prumysl\\\/pridavky-k-doplnkum-stravy\\\/l-threonat-horecnaty\\\/#primaryimage\",\"url\":\"https:\\\/\\\/naturalpoland.com\\\/wp-content\\\/uploads\\\/magnesium-l-threonate.png\",\"contentUrl\":\"https:\\\/\\\/naturalpoland.com\\\/wp-content\\\/uploads\\\/magnesium-l-threonate.png\",\"width\":618,\"height\":618,\"caption\":\"L-threon\u00e1t ho\u0159e\u010dnat\u00fd\"},{\"@type\":\"BreadcrumbList\",\"@id\":\"https:\\\/\\\/naturalpoland.com\\\/cs\\\/produkty\\\/produkty-pro-farmaceuticky-a-zdravotnicky-prumysl\\\/pridavky-k-doplnkum-stravy\\\/l-threonat-horecnaty\\\/#breadcrumb\",\"itemListElement\":[{\"@type\":\"ListItem\",\"position\":1,\"name\":\"Dom\u016f\",\"item\":\"https:\\\/\\\/naturalpoland.com\\\/cs\\\/\"},{\"@type\":\"ListItem\",\"position\":2,\"name\":\"Produkty\",\"item\":\"https:\\\/\\\/naturalpoland.com\\\/cs\\\/produkty\\\/\"},{\"@type\":\"ListItem\",\"position\":3,\"name\":\"L-threon\u00e1t ho\u0159e\u010dnat\u00fd\"}]},{\"@type\":\"WebSite\",\"@id\":\"https:\\\/\\\/naturalpoland.com\\\/cs\\\/#website\",\"url\":\"https:\\\/\\\/naturalpoland.com\\\/cs\\\/\",\"name\":\"NATURAL POLAND - Velkoobchodn\u00ed distributor surovin\",\"description\":\"Surowce dla przemys\u0142u spo\u017cywczego, kosmetycznego i farmaceutycznego\",\"publisher\":{\"@id\":\"https:\\\/\\\/naturalpoland.com\\\/cs\\\/#organization\"},\"potentialAction\":[{\"@type\":\"SearchAction\",\"target\":{\"@type\":\"EntryPoint\",\"urlTemplate\":\"https:\\\/\\\/naturalpoland.com\\\/cs\\\/?s={search_term_string}\"},\"query-input\":{\"@type\":\"PropertyValueSpecification\",\"valueRequired\":true,\"valueName\":\"search_term_string\"}}],\"inLanguage\":\"cs\"},{\"@type\":\"Organization\",\"@id\":\"https:\\\/\\\/naturalpoland.com\\\/cs\\\/#organization\",\"name\":\"Natural Poland\",\"url\":\"https:\\\/\\\/naturalpoland.com\\\/cs\\\/\",\"logo\":{\"@type\":\"ImageObject\",\"inLanguage\":\"cs\",\"@id\":\"https:\\\/\\\/naturalpoland.com\\\/cs\\\/#\\\/schema\\\/logo\\\/image\\\/\",\"url\":\"https:\\\/\\\/naturalpoland.com\\\/wp-content\\\/uploads\\\/2021\\\/05\\\/natural-poland-icon.png\",\"contentUrl\":\"https:\\\/\\\/naturalpoland.com\\\/wp-content\\\/uploads\\\/2021\\\/05\\\/natural-poland-icon.png\",\"width\":512,\"height\":512,\"caption\":\"Natural Poland\"},\"image\":{\"@id\":\"https:\\\/\\\/naturalpoland.com\\\/cs\\\/#\\\/schema\\\/logo\\\/image\\\/\"},\"sameAs\":[\"https:\\\/\\\/www.facebook.com\\\/naturalpoland.b2b\",\"https:\\\/\\\/pl.linkedin.com\\\/company\\\/natural-poland\",\"https:\\\/\\\/www.youtube.com\\\/channel\\\/UCgeGGkvOMahZo-xu_MSEWxg\"]}]}<\/script>\n<!-- \/ Yoast SEO plugin. -->","yoast_head_json":{"title":"L-threon\u00e1t ho\u0159e\u010dnat\u00fd - NATURAL POLAND - Velkoobchodn\u00ed distributor surovin","description":"V\u00fdb\u011brem L-Threon\u00e1tu ho\u0159e\u010dnat\u00e9ho se rozhodnete pro pokro\u010dilou podporu mozku a cel\u00e9ho nervov\u00e9ho syst\u00e9mu. Vsa\u010fte na kvalitu a inovace.","robots":{"index":"index","follow":"follow","max-snippet":"max-snippet:-1","max-image-preview":"max-image-preview:large","max-video-preview":"max-video-preview:-1"},"canonical":"https:\/\/naturalpoland.com\/cs\/produkty\/produkty-pro-farmaceuticky-a-zdravotnicky-prumysl\/pridavky-k-doplnkum-stravy\/l-threonat-horecnaty\/","og_locale":"cs_CZ","og_type":"article","og_title":"L-threon\u00e1t ho\u0159e\u010dnat\u00fd - NATURAL POLAND - Velkoobchodn\u00ed distributor surovin","og_description":"V\u00fdb\u011brem L-Threon\u00e1tu ho\u0159e\u010dnat\u00e9ho se rozhodnete pro pokro\u010dilou podporu mozku a cel\u00e9ho nervov\u00e9ho syst\u00e9mu. Vsa\u010fte na kvalitu a inovace.","og_url":"https:\/\/naturalpoland.com\/cs\/produkty\/produkty-pro-farmaceuticky-a-zdravotnicky-prumysl\/pridavky-k-doplnkum-stravy\/l-threonat-horecnaty\/","og_site_name":"NATURAL POLAND - Velkoobchodn\u00ed distributor surovin","article_publisher":"https:\/\/www.facebook.com\/naturalpoland.b2b","article_modified_time":"2024-08-23T13:06:40+00:00","og_image":[{"width":618,"height":618,"url":"https:\/\/naturalpoland.com\/wp-content\/uploads\/magnesium-l-threonate.png","type":"image\/png"}],"schema":{"@context":"https:\/\/schema.org","@graph":[{"@type":"WebPage","@id":"https:\/\/naturalpoland.com\/cs\/produkty\/produkty-pro-farmaceuticky-a-zdravotnicky-prumysl\/pridavky-k-doplnkum-stravy\/l-threonat-horecnaty\/","url":"https:\/\/naturalpoland.com\/cs\/produkty\/produkty-pro-farmaceuticky-a-zdravotnicky-prumysl\/pridavky-k-doplnkum-stravy\/l-threonat-horecnaty\/","name":"L-threon\u00e1t ho\u0159e\u010dnat\u00fd - NATURAL POLAND - Velkoobchodn\u00ed distributor surovin","isPartOf":{"@id":"https:\/\/naturalpoland.com\/cs\/#website"},"primaryImageOfPage":{"@id":"https:\/\/naturalpoland.com\/cs\/produkty\/produkty-pro-farmaceuticky-a-zdravotnicky-prumysl\/pridavky-k-doplnkum-stravy\/l-threonat-horecnaty\/#primaryimage"},"image":{"@id":"https:\/\/naturalpoland.com\/cs\/produkty\/produkty-pro-farmaceuticky-a-zdravotnicky-prumysl\/pridavky-k-doplnkum-stravy\/l-threonat-horecnaty\/#primaryimage"},"thumbnailUrl":"https:\/\/naturalpoland.com\/wp-content\/uploads\/magnesium-l-threonate.png","datePublished":"2023-10-27T08:46:48+00:00","dateModified":"2024-08-23T13:06:40+00:00","description":"V\u00fdb\u011brem L-Threon\u00e1tu ho\u0159e\u010dnat\u00e9ho se rozhodnete pro pokro\u010dilou podporu mozku a cel\u00e9ho nervov\u00e9ho syst\u00e9mu. Vsa\u010fte na kvalitu a inovace.","breadcrumb":{"@id":"https:\/\/naturalpoland.com\/cs\/produkty\/produkty-pro-farmaceuticky-a-zdravotnicky-prumysl\/pridavky-k-doplnkum-stravy\/l-threonat-horecnaty\/#breadcrumb"},"inLanguage":"cs","potentialAction":[{"@type":"ReadAction","target":["https:\/\/naturalpoland.com\/cs\/produkty\/produkty-pro-farmaceuticky-a-zdravotnicky-prumysl\/pridavky-k-doplnkum-stravy\/l-threonat-horecnaty\/"]}]},{"@type":"ImageObject","inLanguage":"cs","@id":"https:\/\/naturalpoland.com\/cs\/produkty\/produkty-pro-farmaceuticky-a-zdravotnicky-prumysl\/pridavky-k-doplnkum-stravy\/l-threonat-horecnaty\/#primaryimage","url":"https:\/\/naturalpoland.com\/wp-content\/uploads\/magnesium-l-threonate.png","contentUrl":"https:\/\/naturalpoland.com\/wp-content\/uploads\/magnesium-l-threonate.png","width":618,"height":618,"caption":"L-threon\u00e1t ho\u0159e\u010dnat\u00fd"},{"@type":"BreadcrumbList","@id":"https:\/\/naturalpoland.com\/cs\/produkty\/produkty-pro-farmaceuticky-a-zdravotnicky-prumysl\/pridavky-k-doplnkum-stravy\/l-threonat-horecnaty\/#breadcrumb","itemListElement":[{"@type":"ListItem","position":1,"name":"Dom\u016f","item":"https:\/\/naturalpoland.com\/cs\/"},{"@type":"ListItem","position":2,"name":"Produkty","item":"https:\/\/naturalpoland.com\/cs\/produkty\/"},{"@type":"ListItem","position":3,"name":"L-threon\u00e1t ho\u0159e\u010dnat\u00fd"}]},{"@type":"WebSite","@id":"https:\/\/naturalpoland.com\/cs\/#website","url":"https:\/\/naturalpoland.com\/cs\/","name":"NATURAL POLAND - Velkoobchodn\u00ed distributor surovin","description":"Surowce dla przemys\u0142u spo\u017cywczego, kosmetycznego i farmaceutycznego","publisher":{"@id":"https:\/\/naturalpoland.com\/cs\/#organization"},"potentialAction":[{"@type":"SearchAction","target":{"@type":"EntryPoint","urlTemplate":"https:\/\/naturalpoland.com\/cs\/?s={search_term_string}"},"query-input":{"@type":"PropertyValueSpecification","valueRequired":true,"valueName":"search_term_string"}}],"inLanguage":"cs"},{"@type":"Organization","@id":"https:\/\/naturalpoland.com\/cs\/#organization","name":"Natural Poland","url":"https:\/\/naturalpoland.com\/cs\/","logo":{"@type":"ImageObject","inLanguage":"cs","@id":"https:\/\/naturalpoland.com\/cs\/#\/schema\/logo\/image\/","url":"https:\/\/naturalpoland.com\/wp-content\/uploads\/2021\/05\/natural-poland-icon.png","contentUrl":"https:\/\/naturalpoland.com\/wp-content\/uploads\/2021\/05\/natural-poland-icon.png","width":512,"height":512,"caption":"Natural Poland"},"image":{"@id":"https:\/\/naturalpoland.com\/cs\/#\/schema\/logo\/image\/"},"sameAs":["https:\/\/www.facebook.com\/naturalpoland.b2b","https:\/\/pl.linkedin.com\/company\/natural-poland","https:\/\/www.youtube.com\/channel\/UCgeGGkvOMahZo-xu_MSEWxg"]}]}},"_links":{"self":[{"href":"https:\/\/naturalpoland.com\/cs\/wp-json\/wp\/v2\/product\/27280","targetHints":{"allow":["GET"]}}],"collection":[{"href":"https:\/\/naturalpoland.com\/cs\/wp-json\/wp\/v2\/product"}],"about":[{"href":"https:\/\/naturalpoland.com\/cs\/wp-json\/wp\/v2\/types\/product"}],"wp:featuredmedia":[{"embeddable":true,"href":"https:\/\/naturalpoland.com\/cs\/wp-json\/wp\/v2\/media\/27068"}],"wp:attachment":[{"href":"https:\/\/naturalpoland.com\/cs\/wp-json\/wp\/v2\/media?parent=27280"}],"wp:term":[{"taxonomy":"product_brand","embeddable":true,"href":"https:\/\/naturalpoland.com\/cs\/wp-json\/wp\/v2\/product_brand?post=27280"},{"taxonomy":"product_cat","embeddable":true,"href":"https:\/\/naturalpoland.com\/cs\/wp-json\/wp\/v2\/product_cat?post=27280"},{"taxonomy":"product_tag","embeddable":true,"href":"https:\/\/naturalpoland.com\/cs\/wp-json\/wp\/v2\/product_tag?post=27280"}],"curies":[{"name":"wp","href":"https:\/\/api.w.org\/{rel}","templated":true}]}}