{"id":27284,"date":"2023-10-24T12:58:24","date_gmt":"2023-10-27T08:46:50","guid":{"rendered":"https:\/\/naturalpoland.com\/produkty\/nezarazene\/laktoferrin\/"},"modified":"2024-07-24T10:53:11","modified_gmt":"2024-07-24T08:53:11","slug":"laktoferin","status":"publish","type":"product","link":"https:\/\/naturalpoland.com\/cs\/produkty\/produkty-pro-farmaceuticky-a-zdravotnicky-prumysl\/pridavky-k-doplnkum-stravy\/laktoferin\/","title":{"rendered":"Laktoferrin"},"content":{"rendered":"<h2>Vlastnosti laktoferinu<\/h2>\n<p> N\u00e1\u0161 laktoferin poch\u00e1z\u00ed z p\u0159\u00edrodn\u00edho ml\u00e9ka, co\u017e zaru\u010duje jeho nejvy\u0161\u0161\u00ed biologickou aktivitu. Je nepostradatelnou sou\u010d\u00e1st\u00ed stravy, kter\u00e1 podporuje p\u0159irozenou imunitu a optim\u00e1ln\u00ed vst\u0159eb\u00e1v\u00e1n\u00ed \u017eeleza.<br \/>\nN\u00e1\u0161 laktoferin se vyzna\u010duje v\u00fdjime\u010dnou<strong> \u010distotou v\u00edce ne\u017e 95 %<\/strong> laktoferinu v b\u00edlkovin\u00e1ch a celkov\u00fdm obsahem b\u00edlkovin v\u00edce ne\u017e 93 %.<br \/>\nV\u00fdrobn\u00ed proces zaji\u0161\u0165uje zachov\u00e1n\u00ed nejvy\u0161\u0161\u00ed biologick\u00e9 aktivity laktoferinu, co\u017e se prom\u00edt\u00e1 do jeho \u00fa\u010dinnosti p\u0159i posilov\u00e1n\u00ed ochrann\u00fdch bari\u00e9r organismu a podpo\u0159e imunitn\u00edho syst\u00e9mu.<br \/>\nLaktoferrin obsa\u017een\u00fd v na\u0161em v\u00fdrobku se prezentuje jako sypk\u00fd pr\u00e1\u0161ek, jeho\u017e barva se pohybuje od r\u016f\u017eov\u00e9 po \u010dervenohn\u011bdou.<br \/>\nSnadno se rozpou\u0161t\u00ed ve vod\u011b za vzniku \u010dir\u00e9ho, pr\u016fhledn\u00e9ho roztoku, co\u017e umo\u017e\u0148uje jeho \u0161irok\u00e9 vyu\u017eit\u00ed v dopl\u0148c\u00edch stravy, funk\u010dn\u00edch produktech a dal\u0161\u00edch potravin\u00e1\u0159sk\u00fdch a farmaceutick\u00fdch v\u00fdrobc\u00edch.      <\/p>\n<h2>Pou\u017eit\u00ed:<\/h2>\n<p><strong>Potravin\u00e1\u0159sk\u00fd pr\u016fmysl:<\/strong> Laktoferin se p\u0159id\u00e1v\u00e1 do potravin\u00e1\u0159sk\u00fdch v\u00fdrobk\u016f jako slo\u017eka posiluj\u00edc\u00ed imunitu a jako p\u0159\u00edrodn\u00ed konzerva\u010dn\u00ed l\u00e1tka d\u00edky sv\u00fdm antibakteri\u00e1ln\u00edm vlastnostem.<br \/>\n<strong>Farmaceutick\u00fd pr\u016fmysl:<\/strong> Laktoferrin se pou\u017e\u00edv\u00e1 v dopl\u0148c\u00edch stravy a farmaceutick\u00fdch p\u0159\u00edpravc\u00edch na podporu imunitn\u00edho syst\u00e9mu a zlep\u0161en\u00ed st\u0159evn\u00edho zdrav\u00ed.<br \/>\nPou\u017e\u00edv\u00e1 se tak\u00e9 k l\u00e9\u010db\u011b z\u00e1n\u011bt\u016f a infekc\u00ed. <strong>Kosmetick\u00fd pr\u016fmysl:<\/strong> D\u00edky sv\u00fdm antioxida\u010dn\u00edm a regenera\u010dn\u00edm vlastnostem se laktoferin pou\u017e\u00edv\u00e1 v kr\u00e9mech, s\u00e9rech a dal\u0161\u00edch p\u0159\u00edpravc\u00edch p\u00e9\u010de o ple\u0165, kter\u00e9 pom\u00e1haj\u00ed bojovat proti zn\u00e1mk\u00e1m st\u00e1rnut\u00ed a podporuj\u00ed zdrav\u00ed pleti.    &nbsp;<\/p>\n","protected":false},"excerpt":{"rendered":"<p>Laktoferin, vyroben\u00fd z \u010derstv\u00e9ho kravsk\u00e9ho ml\u00e9ka, je modern\u00ed biologicky aktivn\u00ed slo\u017eka, kter\u00e1 hraje kl\u00ed\u010dovou roli v podpo\u0159e zdrav\u00ed a spr\u00e1vn\u00e9ho fungov\u00e1n\u00ed organismu.<\/p>\n","protected":false},"featured_media":27080,"template":"","meta":{"_acf_changed":false},"product_brand":[],"product_cat":[629],"product_tag":[],"class_list":{"0":"post-27284","1":"product","2":"type-product","3":"status-publish","4":"has-post-thumbnail","6":"product_cat-pridavky-k-doplnkum-stravy","8":"first","9":"instock","10":"shipping-taxable","11":"product-type-simple"},"acf":[],"yoast_head":"<!-- This site is optimized with the Yoast SEO plugin v27.4 - https:\/\/yoast.com\/product\/yoast-seo-wordpress\/ -->\n<title>Laktoferrin - NATURAL POLAND - Velkoobchodn\u00ed distributor surovin<\/title>\n<meta name=\"description\" content=\"Laktoferin je b\u00edlkovina izolovan\u00e1 p\u0159\u00edmo z ml\u00e9ka. Je jednou z nejd\u016fle\u017eit\u011bj\u0161\u00edch slo\u017eek pro podporu spr\u00e1vn\u00e9ho fungov\u00e1n\u00ed organismu.\" \/>\n<meta name=\"robots\" content=\"index, follow, max-snippet:-1, max-image-preview:large, max-video-preview:-1\" \/>\n<link rel=\"canonical\" href=\"https:\/\/naturalpoland.com\/cs\/produkty\/produkty-pro-farmaceuticky-a-zdravotnicky-prumysl\/pridavky-k-doplnkum-stravy\/laktoferin\/\" \/>\n<meta property=\"og:locale\" content=\"cs_CZ\" \/>\n<meta property=\"og:type\" content=\"article\" \/>\n<meta property=\"og:title\" content=\"Laktoferrin - NATURAL POLAND - Velkoobchodn\u00ed distributor surovin\" \/>\n<meta property=\"og:description\" content=\"Laktoferin je b\u00edlkovina izolovan\u00e1 p\u0159\u00edmo z ml\u00e9ka. Je jednou z nejd\u016fle\u017eit\u011bj\u0161\u00edch slo\u017eek pro podporu spr\u00e1vn\u00e9ho fungov\u00e1n\u00ed organismu.\" \/>\n<meta property=\"og:url\" content=\"https:\/\/naturalpoland.com\/cs\/produkty\/produkty-pro-farmaceuticky-a-zdravotnicky-prumysl\/pridavky-k-doplnkum-stravy\/laktoferin\/\" \/>\n<meta property=\"og:site_name\" content=\"NATURAL POLAND - Velkoobchodn\u00ed distributor surovin\" \/>\n<meta property=\"article:publisher\" content=\"https:\/\/www.facebook.com\/naturalpoland.b2b\" \/>\n<meta property=\"article:modified_time\" content=\"2024-07-24T08:53:11+00:00\" \/>\n<meta property=\"og:image\" content=\"https:\/\/naturalpoland.com\/wp-content\/uploads\/laktoferyna-1.png\" \/>\n\t<meta property=\"og:image:width\" content=\"618\" \/>\n\t<meta property=\"og:image:height\" content=\"618\" \/>\n\t<meta property=\"og:image:type\" content=\"image\/png\" \/>\n<script type=\"application\/ld+json\" class=\"yoast-schema-graph\">{\"@context\":\"https:\\\/\\\/schema.org\",\"@graph\":[{\"@type\":\"WebPage\",\"@id\":\"https:\\\/\\\/naturalpoland.com\\\/cs\\\/produkty\\\/produkty-pro-farmaceuticky-a-zdravotnicky-prumysl\\\/pridavky-k-doplnkum-stravy\\\/laktoferin\\\/\",\"url\":\"https:\\\/\\\/naturalpoland.com\\\/cs\\\/produkty\\\/produkty-pro-farmaceuticky-a-zdravotnicky-prumysl\\\/pridavky-k-doplnkum-stravy\\\/laktoferin\\\/\",\"name\":\"Laktoferrin - NATURAL POLAND - Velkoobchodn\u00ed distributor surovin\",\"isPartOf\":{\"@id\":\"https:\\\/\\\/naturalpoland.com\\\/cs\\\/#website\"},\"primaryImageOfPage\":{\"@id\":\"https:\\\/\\\/naturalpoland.com\\\/cs\\\/produkty\\\/produkty-pro-farmaceuticky-a-zdravotnicky-prumysl\\\/pridavky-k-doplnkum-stravy\\\/laktoferin\\\/#primaryimage\"},\"image\":{\"@id\":\"https:\\\/\\\/naturalpoland.com\\\/cs\\\/produkty\\\/produkty-pro-farmaceuticky-a-zdravotnicky-prumysl\\\/pridavky-k-doplnkum-stravy\\\/laktoferin\\\/#primaryimage\"},\"thumbnailUrl\":\"https:\\\/\\\/naturalpoland.com\\\/wp-content\\\/uploads\\\/laktoferyna-1.png\",\"datePublished\":\"2023-10-27T08:46:50+00:00\",\"dateModified\":\"2024-07-24T08:53:11+00:00\",\"description\":\"Laktoferin je b\u00edlkovina izolovan\u00e1 p\u0159\u00edmo z ml\u00e9ka. Je jednou z nejd\u016fle\u017eit\u011bj\u0161\u00edch slo\u017eek pro podporu spr\u00e1vn\u00e9ho fungov\u00e1n\u00ed organismu.\",\"breadcrumb\":{\"@id\":\"https:\\\/\\\/naturalpoland.com\\\/cs\\\/produkty\\\/produkty-pro-farmaceuticky-a-zdravotnicky-prumysl\\\/pridavky-k-doplnkum-stravy\\\/laktoferin\\\/#breadcrumb\"},\"inLanguage\":\"cs\",\"potentialAction\":[{\"@type\":\"ReadAction\",\"target\":[\"https:\\\/\\\/naturalpoland.com\\\/cs\\\/produkty\\\/produkty-pro-farmaceuticky-a-zdravotnicky-prumysl\\\/pridavky-k-doplnkum-stravy\\\/laktoferin\\\/\"]}]},{\"@type\":\"ImageObject\",\"inLanguage\":\"cs\",\"@id\":\"https:\\\/\\\/naturalpoland.com\\\/cs\\\/produkty\\\/produkty-pro-farmaceuticky-a-zdravotnicky-prumysl\\\/pridavky-k-doplnkum-stravy\\\/laktoferin\\\/#primaryimage\",\"url\":\"https:\\\/\\\/naturalpoland.com\\\/wp-content\\\/uploads\\\/laktoferyna-1.png\",\"contentUrl\":\"https:\\\/\\\/naturalpoland.com\\\/wp-content\\\/uploads\\\/laktoferyna-1.png\",\"width\":618,\"height\":618,\"caption\":\"laktoferin\"},{\"@type\":\"BreadcrumbList\",\"@id\":\"https:\\\/\\\/naturalpoland.com\\\/cs\\\/produkty\\\/produkty-pro-farmaceuticky-a-zdravotnicky-prumysl\\\/pridavky-k-doplnkum-stravy\\\/laktoferin\\\/#breadcrumb\",\"itemListElement\":[{\"@type\":\"ListItem\",\"position\":1,\"name\":\"Dom\u016f\",\"item\":\"https:\\\/\\\/naturalpoland.com\\\/cs\\\/\"},{\"@type\":\"ListItem\",\"position\":2,\"name\":\"Produkty\",\"item\":\"https:\\\/\\\/naturalpoland.com\\\/cs\\\/produkty\\\/\"},{\"@type\":\"ListItem\",\"position\":3,\"name\":\"Laktoferrin\"}]},{\"@type\":\"WebSite\",\"@id\":\"https:\\\/\\\/naturalpoland.com\\\/cs\\\/#website\",\"url\":\"https:\\\/\\\/naturalpoland.com\\\/cs\\\/\",\"name\":\"NATURAL POLAND - Velkoobchodn\u00ed distributor surovin\",\"description\":\"Surowce dla przemys\u0142u spo\u017cywczego, kosmetycznego i farmaceutycznego\",\"publisher\":{\"@id\":\"https:\\\/\\\/naturalpoland.com\\\/cs\\\/#organization\"},\"potentialAction\":[{\"@type\":\"SearchAction\",\"target\":{\"@type\":\"EntryPoint\",\"urlTemplate\":\"https:\\\/\\\/naturalpoland.com\\\/cs\\\/?s={search_term_string}\"},\"query-input\":{\"@type\":\"PropertyValueSpecification\",\"valueRequired\":true,\"valueName\":\"search_term_string\"}}],\"inLanguage\":\"cs\"},{\"@type\":\"Organization\",\"@id\":\"https:\\\/\\\/naturalpoland.com\\\/cs\\\/#organization\",\"name\":\"Natural Poland\",\"url\":\"https:\\\/\\\/naturalpoland.com\\\/cs\\\/\",\"logo\":{\"@type\":\"ImageObject\",\"inLanguage\":\"cs\",\"@id\":\"https:\\\/\\\/naturalpoland.com\\\/cs\\\/#\\\/schema\\\/logo\\\/image\\\/\",\"url\":\"https:\\\/\\\/naturalpoland.com\\\/wp-content\\\/uploads\\\/2021\\\/05\\\/natural-poland-icon.png\",\"contentUrl\":\"https:\\\/\\\/naturalpoland.com\\\/wp-content\\\/uploads\\\/2021\\\/05\\\/natural-poland-icon.png\",\"width\":512,\"height\":512,\"caption\":\"Natural Poland\"},\"image\":{\"@id\":\"https:\\\/\\\/naturalpoland.com\\\/cs\\\/#\\\/schema\\\/logo\\\/image\\\/\"},\"sameAs\":[\"https:\\\/\\\/www.facebook.com\\\/naturalpoland.b2b\",\"https:\\\/\\\/pl.linkedin.com\\\/company\\\/natural-poland\",\"https:\\\/\\\/www.youtube.com\\\/channel\\\/UCgeGGkvOMahZo-xu_MSEWxg\"]}]}<\/script>\n<!-- \/ Yoast SEO plugin. -->","yoast_head_json":{"title":"Laktoferrin - NATURAL POLAND - Velkoobchodn\u00ed distributor surovin","description":"Laktoferin je b\u00edlkovina izolovan\u00e1 p\u0159\u00edmo z ml\u00e9ka. Je jednou z nejd\u016fle\u017eit\u011bj\u0161\u00edch slo\u017eek pro podporu spr\u00e1vn\u00e9ho fungov\u00e1n\u00ed organismu.","robots":{"index":"index","follow":"follow","max-snippet":"max-snippet:-1","max-image-preview":"max-image-preview:large","max-video-preview":"max-video-preview:-1"},"canonical":"https:\/\/naturalpoland.com\/cs\/produkty\/produkty-pro-farmaceuticky-a-zdravotnicky-prumysl\/pridavky-k-doplnkum-stravy\/laktoferin\/","og_locale":"cs_CZ","og_type":"article","og_title":"Laktoferrin - NATURAL POLAND - Velkoobchodn\u00ed distributor surovin","og_description":"Laktoferin je b\u00edlkovina izolovan\u00e1 p\u0159\u00edmo z ml\u00e9ka. Je jednou z nejd\u016fle\u017eit\u011bj\u0161\u00edch slo\u017eek pro podporu spr\u00e1vn\u00e9ho fungov\u00e1n\u00ed organismu.","og_url":"https:\/\/naturalpoland.com\/cs\/produkty\/produkty-pro-farmaceuticky-a-zdravotnicky-prumysl\/pridavky-k-doplnkum-stravy\/laktoferin\/","og_site_name":"NATURAL POLAND - Velkoobchodn\u00ed distributor surovin","article_publisher":"https:\/\/www.facebook.com\/naturalpoland.b2b","article_modified_time":"2024-07-24T08:53:11+00:00","og_image":[{"width":618,"height":618,"url":"https:\/\/naturalpoland.com\/wp-content\/uploads\/laktoferyna-1.png","type":"image\/png"}],"schema":{"@context":"https:\/\/schema.org","@graph":[{"@type":"WebPage","@id":"https:\/\/naturalpoland.com\/cs\/produkty\/produkty-pro-farmaceuticky-a-zdravotnicky-prumysl\/pridavky-k-doplnkum-stravy\/laktoferin\/","url":"https:\/\/naturalpoland.com\/cs\/produkty\/produkty-pro-farmaceuticky-a-zdravotnicky-prumysl\/pridavky-k-doplnkum-stravy\/laktoferin\/","name":"Laktoferrin - NATURAL POLAND - Velkoobchodn\u00ed distributor surovin","isPartOf":{"@id":"https:\/\/naturalpoland.com\/cs\/#website"},"primaryImageOfPage":{"@id":"https:\/\/naturalpoland.com\/cs\/produkty\/produkty-pro-farmaceuticky-a-zdravotnicky-prumysl\/pridavky-k-doplnkum-stravy\/laktoferin\/#primaryimage"},"image":{"@id":"https:\/\/naturalpoland.com\/cs\/produkty\/produkty-pro-farmaceuticky-a-zdravotnicky-prumysl\/pridavky-k-doplnkum-stravy\/laktoferin\/#primaryimage"},"thumbnailUrl":"https:\/\/naturalpoland.com\/wp-content\/uploads\/laktoferyna-1.png","datePublished":"2023-10-27T08:46:50+00:00","dateModified":"2024-07-24T08:53:11+00:00","description":"Laktoferin je b\u00edlkovina izolovan\u00e1 p\u0159\u00edmo z ml\u00e9ka. Je jednou z nejd\u016fle\u017eit\u011bj\u0161\u00edch slo\u017eek pro podporu spr\u00e1vn\u00e9ho fungov\u00e1n\u00ed organismu.","breadcrumb":{"@id":"https:\/\/naturalpoland.com\/cs\/produkty\/produkty-pro-farmaceuticky-a-zdravotnicky-prumysl\/pridavky-k-doplnkum-stravy\/laktoferin\/#breadcrumb"},"inLanguage":"cs","potentialAction":[{"@type":"ReadAction","target":["https:\/\/naturalpoland.com\/cs\/produkty\/produkty-pro-farmaceuticky-a-zdravotnicky-prumysl\/pridavky-k-doplnkum-stravy\/laktoferin\/"]}]},{"@type":"ImageObject","inLanguage":"cs","@id":"https:\/\/naturalpoland.com\/cs\/produkty\/produkty-pro-farmaceuticky-a-zdravotnicky-prumysl\/pridavky-k-doplnkum-stravy\/laktoferin\/#primaryimage","url":"https:\/\/naturalpoland.com\/wp-content\/uploads\/laktoferyna-1.png","contentUrl":"https:\/\/naturalpoland.com\/wp-content\/uploads\/laktoferyna-1.png","width":618,"height":618,"caption":"laktoferin"},{"@type":"BreadcrumbList","@id":"https:\/\/naturalpoland.com\/cs\/produkty\/produkty-pro-farmaceuticky-a-zdravotnicky-prumysl\/pridavky-k-doplnkum-stravy\/laktoferin\/#breadcrumb","itemListElement":[{"@type":"ListItem","position":1,"name":"Dom\u016f","item":"https:\/\/naturalpoland.com\/cs\/"},{"@type":"ListItem","position":2,"name":"Produkty","item":"https:\/\/naturalpoland.com\/cs\/produkty\/"},{"@type":"ListItem","position":3,"name":"Laktoferrin"}]},{"@type":"WebSite","@id":"https:\/\/naturalpoland.com\/cs\/#website","url":"https:\/\/naturalpoland.com\/cs\/","name":"NATURAL POLAND - Velkoobchodn\u00ed distributor surovin","description":"Surowce dla przemys\u0142u spo\u017cywczego, kosmetycznego i farmaceutycznego","publisher":{"@id":"https:\/\/naturalpoland.com\/cs\/#organization"},"potentialAction":[{"@type":"SearchAction","target":{"@type":"EntryPoint","urlTemplate":"https:\/\/naturalpoland.com\/cs\/?s={search_term_string}"},"query-input":{"@type":"PropertyValueSpecification","valueRequired":true,"valueName":"search_term_string"}}],"inLanguage":"cs"},{"@type":"Organization","@id":"https:\/\/naturalpoland.com\/cs\/#organization","name":"Natural Poland","url":"https:\/\/naturalpoland.com\/cs\/","logo":{"@type":"ImageObject","inLanguage":"cs","@id":"https:\/\/naturalpoland.com\/cs\/#\/schema\/logo\/image\/","url":"https:\/\/naturalpoland.com\/wp-content\/uploads\/2021\/05\/natural-poland-icon.png","contentUrl":"https:\/\/naturalpoland.com\/wp-content\/uploads\/2021\/05\/natural-poland-icon.png","width":512,"height":512,"caption":"Natural Poland"},"image":{"@id":"https:\/\/naturalpoland.com\/cs\/#\/schema\/logo\/image\/"},"sameAs":["https:\/\/www.facebook.com\/naturalpoland.b2b","https:\/\/pl.linkedin.com\/company\/natural-poland","https:\/\/www.youtube.com\/channel\/UCgeGGkvOMahZo-xu_MSEWxg"]}]}},"_links":{"self":[{"href":"https:\/\/naturalpoland.com\/cs\/wp-json\/wp\/v2\/product\/27284","targetHints":{"allow":["GET"]}}],"collection":[{"href":"https:\/\/naturalpoland.com\/cs\/wp-json\/wp\/v2\/product"}],"about":[{"href":"https:\/\/naturalpoland.com\/cs\/wp-json\/wp\/v2\/types\/product"}],"wp:featuredmedia":[{"embeddable":true,"href":"https:\/\/naturalpoland.com\/cs\/wp-json\/wp\/v2\/media\/27080"}],"wp:attachment":[{"href":"https:\/\/naturalpoland.com\/cs\/wp-json\/wp\/v2\/media?parent=27284"}],"wp:term":[{"taxonomy":"product_brand","embeddable":true,"href":"https:\/\/naturalpoland.com\/cs\/wp-json\/wp\/v2\/product_brand?post=27284"},{"taxonomy":"product_cat","embeddable":true,"href":"https:\/\/naturalpoland.com\/cs\/wp-json\/wp\/v2\/product_cat?post=27284"},{"taxonomy":"product_tag","embeddable":true,"href":"https:\/\/naturalpoland.com\/cs\/wp-json\/wp\/v2\/product_tag?post=27284"}],"curies":[{"name":"wp","href":"https:\/\/api.w.org\/{rel}","templated":true}]}}