{"id":27312,"date":"2023-10-19T11:07:09","date_gmt":"2023-10-27T08:55:44","guid":{"rendered":"https:\/\/naturalpoland.com\/produkty\/nezarazene\/transglutaminaza\/"},"modified":"2023-10-27T10:55:44","modified_gmt":"2023-10-27T08:55:44","slug":"transglutaminaza","status":"publish","type":"product","link":"https:\/\/naturalpoland.com\/cs\/produkty\/produkty-pro-potravinarsky-prumysl\/enzymy-cs\/pekarske\/transglutaminaza\/","title":{"rendered":"Transglutamin\u00e1za"},"content":{"rendered":"<p>Transglutamin\u00e1za je enzym, kter\u00fd <strong>katalyzuje tvorbu p\u0159\u00ed\u010dn\u00fdch vazeb mezi proteiny<\/strong>, co\u017e vede k tvorb\u011b stabiln\u00edch proteinov\u00fdch s\u00edt\u00ed. Je to l\u00e1tka p\u0159irozen\u011b se vyskytuj\u00edc\u00ed v mnoha organismech, v\u010detn\u011b lidsk\u00e9ho t\u011bla, kde se pod\u00edl\u00ed na procesech souvisej\u00edc\u00edch se sr\u00e1\u017een\u00edm krve. M\u00e1 <strong>schopnost zes\u00ed\u0165ovat vazby lysinu a glutaminu<\/strong> (vytv\u00e1\u0159\u00ed kovalentn\u00ed p\u0159\u00ed\u010dn\u00e9 vazby mezi glutaminem a lysinem).<\/p>\n<h3><strong>Transglutamin\u00e1za p\u0159i pe\u010den\u00ed:<\/strong><\/h3>\n<p>Transglutamin\u00e1za na\u0161la \u0161irok\u00e9 uplatn\u011bn\u00ed v peka\u0159sk\u00e9m pr\u016fmyslu d\u00edky sv\u00e9 schopnosti zlep\u0161ovat texturu a kvalitu peka\u0159sk\u00fdch v\u00fdrobk\u016f.<\/p>\n<ol>\n<li><strong>Lep\u0161\u00ed struktura chleba:<\/strong> Transglutamin\u00e1za umo\u017e\u0148uje tvorbu pevn\u011bj\u0161\u00edch b\u00edlkovinn\u00fdch s\u00edt\u00ed v t\u011bst\u011b, co\u017e vede k lep\u0161\u00ed struktu\u0159e a v\u011bt\u0161\u00edmu objemu chleba.<\/li>\n<li><strong>Zv\u00fd\u0161en\u00ed pru\u017enosti t\u011bsta:<\/strong> tento enzym m\u016f\u017ee t\u011bsto u\u010dinit pru\u017en\u011bj\u0161\u00edm, co\u017e usnad\u0148uje jeho zpracov\u00e1n\u00ed a modelov\u00e1n\u00ed.<\/li>\n<li><strong>Optimalizace slo\u017eek:<\/strong> Umo\u017e\u0148uje pou\u017eit\u00ed v\u011bt\u0161\u00edho mno\u017estv\u00ed vody ve formulac\u00edch, co\u017e m\u016f\u017ee v\u00e9st ke sn\u00ed\u017een\u00ed v\u00fdrobn\u00edch n\u00e1klad\u016f.<\/li>\n<li><strong>Prodlou\u017een\u00ed trvanlivosti pe\u010diva:<\/strong> D\u00edky siln\u011bj\u0161\u00edm b\u00edlkovinn\u00fdm vazb\u00e1m z\u016fst\u00e1v\u00e1 pe\u010divo d\u00e9le \u010derstv\u00e9 a je odoln\u011bj\u0161\u00ed proti vysych\u00e1n\u00ed.<\/li>\n<li><strong>Vylep\u0161en\u00e1 chu\u0165:<\/strong> Zlep\u0161en\u00e1 struktura chleba m\u016f\u017ee ovlivnit jeho chu\u0165 a v\u016fni, \u010d\u00edm\u017e se v\u00fdrobek stane pro spot\u0159ebitele atraktivn\u011bj\u0161\u00edm.<\/li>\n<\/ol>\n","protected":false},"excerpt":{"rendered":"<p>Transglutamin\u00e1za je cenn\u00fd peka\u0159sk\u00fd enzym, kter\u00fd vytv\u00e1\u0159en\u00edm stabiln\u00edch b\u00edlkovinn\u00fdch s\u00edt\u00ed v\u00fdrazn\u011b zlep\u0161uje kvalitu pe\u010diva, jeho texturu a trvanlivost. Jeho spr\u00e1vn\u00e9 pou\u017eit\u00ed m\u016f\u017ee p\u0159isp\u011bt k v\u00fdrob\u011b chleba s vynikaj\u00edc\u00ed strukturou, chut\u00ed a del\u0161\u00ed \u010derstvost\u00ed.<\/p>\n","protected":false},"featured_media":27488,"template":"","meta":{"_acf_changed":false},"product_brand":[],"product_cat":[2712],"product_tag":[],"class_list":{"0":"post-27312","1":"product","2":"type-product","3":"status-publish","4":"has-post-thumbnail","6":"product_cat-pekarske","8":"first","9":"instock","10":"shipping-taxable","11":"product-type-simple"},"acf":[],"yoast_head":"<!-- This site is optimized with the Yoast SEO plugin v27.4 - https:\/\/yoast.com\/product\/yoast-seo-wordpress\/ -->\n<title>Transglutamin\u00e1za - Velkoobchodn\u00ed distributor<\/title>\n<meta name=\"description\" content=\"Transglutamin\u00e1za je peka\u0159sk\u00fd enzym, kter\u00fd vytv\u00e1\u0159en\u00edm stabiln\u00edch b\u00edlkovinn\u00fdch s\u00edt\u00ed v\u00fdrazn\u011b zlep\u0161uje kvalitu pe\u010diva, jeho texturu a trvanlivost.\" \/>\n<meta name=\"robots\" content=\"index, follow, max-snippet:-1, max-image-preview:large, max-video-preview:-1\" \/>\n<link rel=\"canonical\" href=\"https:\/\/naturalpoland.com\/cs\/produkty\/produkty-pro-potravinarsky-prumysl\/enzymy-cs\/pekarske\/transglutaminaza\/\" \/>\n<meta property=\"og:locale\" content=\"cs_CZ\" \/>\n<meta property=\"og:type\" content=\"article\" \/>\n<meta property=\"og:title\" content=\"Transglutamin\u00e1za - Velkoobchodn\u00ed distributor\" \/>\n<meta property=\"og:description\" content=\"Transglutamin\u00e1za je peka\u0159sk\u00fd enzym, kter\u00fd vytv\u00e1\u0159en\u00edm stabiln\u00edch b\u00edlkovinn\u00fdch s\u00edt\u00ed v\u00fdrazn\u011b zlep\u0161uje kvalitu pe\u010diva, jeho texturu a trvanlivost.\" \/>\n<meta property=\"og:url\" content=\"https:\/\/naturalpoland.com\/cs\/produkty\/produkty-pro-potravinarsky-prumysl\/enzymy-cs\/pekarske\/transglutaminaza\/\" \/>\n<meta property=\"og:site_name\" content=\"NATURAL POLAND - Velkoobchodn\u00ed distributor surovin\" \/>\n<meta property=\"article:publisher\" content=\"https:\/\/www.facebook.com\/naturalpoland.b2b\" \/>\n<meta property=\"og:image\" content=\"https:\/\/naturalpoland.com\/wp-content\/uploads\/transglutaminaza.jpg\" \/>\n\t<meta property=\"og:image:width\" content=\"650\" \/>\n\t<meta property=\"og:image:height\" content=\"650\" \/>\n\t<meta property=\"og:image:type\" content=\"image\/jpeg\" \/>\n<script type=\"application\/ld+json\" class=\"yoast-schema-graph\">{\"@context\":\"https:\\\/\\\/schema.org\",\"@graph\":[{\"@type\":\"WebPage\",\"@id\":\"https:\\\/\\\/naturalpoland.com\\\/cs\\\/produkty\\\/produkty-pro-potravinarsky-prumysl\\\/enzymy-cs\\\/pekarske\\\/transglutaminaza\\\/\",\"url\":\"https:\\\/\\\/naturalpoland.com\\\/cs\\\/produkty\\\/produkty-pro-potravinarsky-prumysl\\\/enzymy-cs\\\/pekarske\\\/transglutaminaza\\\/\",\"name\":\"Transglutamin\u00e1za - Velkoobchodn\u00ed distributor\",\"isPartOf\":{\"@id\":\"https:\\\/\\\/naturalpoland.com\\\/cs\\\/#website\"},\"primaryImageOfPage\":{\"@id\":\"https:\\\/\\\/naturalpoland.com\\\/cs\\\/produkty\\\/produkty-pro-potravinarsky-prumysl\\\/enzymy-cs\\\/pekarske\\\/transglutaminaza\\\/#primaryimage\"},\"image\":{\"@id\":\"https:\\\/\\\/naturalpoland.com\\\/cs\\\/produkty\\\/produkty-pro-potravinarsky-prumysl\\\/enzymy-cs\\\/pekarske\\\/transglutaminaza\\\/#primaryimage\"},\"thumbnailUrl\":\"https:\\\/\\\/naturalpoland.com\\\/wp-content\\\/uploads\\\/transglutaminaza.jpg\",\"datePublished\":\"2023-10-27T08:55:44+00:00\",\"description\":\"Transglutamin\u00e1za je peka\u0159sk\u00fd enzym, kter\u00fd vytv\u00e1\u0159en\u00edm stabiln\u00edch b\u00edlkovinn\u00fdch s\u00edt\u00ed v\u00fdrazn\u011b zlep\u0161uje kvalitu pe\u010diva, jeho texturu a trvanlivost.\",\"breadcrumb\":{\"@id\":\"https:\\\/\\\/naturalpoland.com\\\/cs\\\/produkty\\\/produkty-pro-potravinarsky-prumysl\\\/enzymy-cs\\\/pekarske\\\/transglutaminaza\\\/#breadcrumb\"},\"inLanguage\":\"cs\",\"potentialAction\":[{\"@type\":\"ReadAction\",\"target\":[\"https:\\\/\\\/naturalpoland.com\\\/cs\\\/produkty\\\/produkty-pro-potravinarsky-prumysl\\\/enzymy-cs\\\/pekarske\\\/transglutaminaza\\\/\"]}]},{\"@type\":\"ImageObject\",\"inLanguage\":\"cs\",\"@id\":\"https:\\\/\\\/naturalpoland.com\\\/cs\\\/produkty\\\/produkty-pro-potravinarsky-prumysl\\\/enzymy-cs\\\/pekarske\\\/transglutaminaza\\\/#primaryimage\",\"url\":\"https:\\\/\\\/naturalpoland.com\\\/wp-content\\\/uploads\\\/transglutaminaza.jpg\",\"contentUrl\":\"https:\\\/\\\/naturalpoland.com\\\/wp-content\\\/uploads\\\/transglutaminaza.jpg\",\"width\":650,\"height\":650,\"caption\":\"transglutaminaza\"},{\"@type\":\"BreadcrumbList\",\"@id\":\"https:\\\/\\\/naturalpoland.com\\\/cs\\\/produkty\\\/produkty-pro-potravinarsky-prumysl\\\/enzymy-cs\\\/pekarske\\\/transglutaminaza\\\/#breadcrumb\",\"itemListElement\":[{\"@type\":\"ListItem\",\"position\":1,\"name\":\"Dom\u016f\",\"item\":\"https:\\\/\\\/naturalpoland.com\\\/cs\\\/\"},{\"@type\":\"ListItem\",\"position\":2,\"name\":\"Produkty\",\"item\":\"https:\\\/\\\/naturalpoland.com\\\/cs\\\/produkty\\\/\"},{\"@type\":\"ListItem\",\"position\":3,\"name\":\"Transglutamin\u00e1za\"}]},{\"@type\":\"WebSite\",\"@id\":\"https:\\\/\\\/naturalpoland.com\\\/cs\\\/#website\",\"url\":\"https:\\\/\\\/naturalpoland.com\\\/cs\\\/\",\"name\":\"NATURAL POLAND - Velkoobchodn\u00ed distributor surovin\",\"description\":\"Surowce dla przemys\u0142u spo\u017cywczego, kosmetycznego i farmaceutycznego\",\"publisher\":{\"@id\":\"https:\\\/\\\/naturalpoland.com\\\/cs\\\/#organization\"},\"potentialAction\":[{\"@type\":\"SearchAction\",\"target\":{\"@type\":\"EntryPoint\",\"urlTemplate\":\"https:\\\/\\\/naturalpoland.com\\\/cs\\\/?s={search_term_string}\"},\"query-input\":{\"@type\":\"PropertyValueSpecification\",\"valueRequired\":true,\"valueName\":\"search_term_string\"}}],\"inLanguage\":\"cs\"},{\"@type\":\"Organization\",\"@id\":\"https:\\\/\\\/naturalpoland.com\\\/cs\\\/#organization\",\"name\":\"Natural Poland\",\"url\":\"https:\\\/\\\/naturalpoland.com\\\/cs\\\/\",\"logo\":{\"@type\":\"ImageObject\",\"inLanguage\":\"cs\",\"@id\":\"https:\\\/\\\/naturalpoland.com\\\/cs\\\/#\\\/schema\\\/logo\\\/image\\\/\",\"url\":\"https:\\\/\\\/naturalpoland.com\\\/wp-content\\\/uploads\\\/2021\\\/05\\\/natural-poland-icon.png\",\"contentUrl\":\"https:\\\/\\\/naturalpoland.com\\\/wp-content\\\/uploads\\\/2021\\\/05\\\/natural-poland-icon.png\",\"width\":512,\"height\":512,\"caption\":\"Natural Poland\"},\"image\":{\"@id\":\"https:\\\/\\\/naturalpoland.com\\\/cs\\\/#\\\/schema\\\/logo\\\/image\\\/\"},\"sameAs\":[\"https:\\\/\\\/www.facebook.com\\\/naturalpoland.b2b\",\"https:\\\/\\\/pl.linkedin.com\\\/company\\\/natural-poland\",\"https:\\\/\\\/www.youtube.com\\\/channel\\\/UCgeGGkvOMahZo-xu_MSEWxg\"]}]}<\/script>\n<!-- \/ Yoast SEO plugin. -->","yoast_head_json":{"title":"Transglutamin\u00e1za - Velkoobchodn\u00ed distributor","description":"Transglutamin\u00e1za je peka\u0159sk\u00fd enzym, kter\u00fd vytv\u00e1\u0159en\u00edm stabiln\u00edch b\u00edlkovinn\u00fdch s\u00edt\u00ed v\u00fdrazn\u011b zlep\u0161uje kvalitu pe\u010diva, jeho texturu a trvanlivost.","robots":{"index":"index","follow":"follow","max-snippet":"max-snippet:-1","max-image-preview":"max-image-preview:large","max-video-preview":"max-video-preview:-1"},"canonical":"https:\/\/naturalpoland.com\/cs\/produkty\/produkty-pro-potravinarsky-prumysl\/enzymy-cs\/pekarske\/transglutaminaza\/","og_locale":"cs_CZ","og_type":"article","og_title":"Transglutamin\u00e1za - Velkoobchodn\u00ed distributor","og_description":"Transglutamin\u00e1za je peka\u0159sk\u00fd enzym, kter\u00fd vytv\u00e1\u0159en\u00edm stabiln\u00edch b\u00edlkovinn\u00fdch s\u00edt\u00ed v\u00fdrazn\u011b zlep\u0161uje kvalitu pe\u010diva, jeho texturu a trvanlivost.","og_url":"https:\/\/naturalpoland.com\/cs\/produkty\/produkty-pro-potravinarsky-prumysl\/enzymy-cs\/pekarske\/transglutaminaza\/","og_site_name":"NATURAL POLAND - Velkoobchodn\u00ed distributor surovin","article_publisher":"https:\/\/www.facebook.com\/naturalpoland.b2b","og_image":[{"width":650,"height":650,"url":"https:\/\/naturalpoland.com\/wp-content\/uploads\/transglutaminaza.jpg","type":"image\/jpeg"}],"schema":{"@context":"https:\/\/schema.org","@graph":[{"@type":"WebPage","@id":"https:\/\/naturalpoland.com\/cs\/produkty\/produkty-pro-potravinarsky-prumysl\/enzymy-cs\/pekarske\/transglutaminaza\/","url":"https:\/\/naturalpoland.com\/cs\/produkty\/produkty-pro-potravinarsky-prumysl\/enzymy-cs\/pekarske\/transglutaminaza\/","name":"Transglutamin\u00e1za - Velkoobchodn\u00ed distributor","isPartOf":{"@id":"https:\/\/naturalpoland.com\/cs\/#website"},"primaryImageOfPage":{"@id":"https:\/\/naturalpoland.com\/cs\/produkty\/produkty-pro-potravinarsky-prumysl\/enzymy-cs\/pekarske\/transglutaminaza\/#primaryimage"},"image":{"@id":"https:\/\/naturalpoland.com\/cs\/produkty\/produkty-pro-potravinarsky-prumysl\/enzymy-cs\/pekarske\/transglutaminaza\/#primaryimage"},"thumbnailUrl":"https:\/\/naturalpoland.com\/wp-content\/uploads\/transglutaminaza.jpg","datePublished":"2023-10-27T08:55:44+00:00","description":"Transglutamin\u00e1za je peka\u0159sk\u00fd enzym, kter\u00fd vytv\u00e1\u0159en\u00edm stabiln\u00edch b\u00edlkovinn\u00fdch s\u00edt\u00ed v\u00fdrazn\u011b zlep\u0161uje kvalitu pe\u010diva, jeho texturu a trvanlivost.","breadcrumb":{"@id":"https:\/\/naturalpoland.com\/cs\/produkty\/produkty-pro-potravinarsky-prumysl\/enzymy-cs\/pekarske\/transglutaminaza\/#breadcrumb"},"inLanguage":"cs","potentialAction":[{"@type":"ReadAction","target":["https:\/\/naturalpoland.com\/cs\/produkty\/produkty-pro-potravinarsky-prumysl\/enzymy-cs\/pekarske\/transglutaminaza\/"]}]},{"@type":"ImageObject","inLanguage":"cs","@id":"https:\/\/naturalpoland.com\/cs\/produkty\/produkty-pro-potravinarsky-prumysl\/enzymy-cs\/pekarske\/transglutaminaza\/#primaryimage","url":"https:\/\/naturalpoland.com\/wp-content\/uploads\/transglutaminaza.jpg","contentUrl":"https:\/\/naturalpoland.com\/wp-content\/uploads\/transglutaminaza.jpg","width":650,"height":650,"caption":"transglutaminaza"},{"@type":"BreadcrumbList","@id":"https:\/\/naturalpoland.com\/cs\/produkty\/produkty-pro-potravinarsky-prumysl\/enzymy-cs\/pekarske\/transglutaminaza\/#breadcrumb","itemListElement":[{"@type":"ListItem","position":1,"name":"Dom\u016f","item":"https:\/\/naturalpoland.com\/cs\/"},{"@type":"ListItem","position":2,"name":"Produkty","item":"https:\/\/naturalpoland.com\/cs\/produkty\/"},{"@type":"ListItem","position":3,"name":"Transglutamin\u00e1za"}]},{"@type":"WebSite","@id":"https:\/\/naturalpoland.com\/cs\/#website","url":"https:\/\/naturalpoland.com\/cs\/","name":"NATURAL POLAND - Velkoobchodn\u00ed distributor surovin","description":"Surowce dla przemys\u0142u spo\u017cywczego, kosmetycznego i farmaceutycznego","publisher":{"@id":"https:\/\/naturalpoland.com\/cs\/#organization"},"potentialAction":[{"@type":"SearchAction","target":{"@type":"EntryPoint","urlTemplate":"https:\/\/naturalpoland.com\/cs\/?s={search_term_string}"},"query-input":{"@type":"PropertyValueSpecification","valueRequired":true,"valueName":"search_term_string"}}],"inLanguage":"cs"},{"@type":"Organization","@id":"https:\/\/naturalpoland.com\/cs\/#organization","name":"Natural Poland","url":"https:\/\/naturalpoland.com\/cs\/","logo":{"@type":"ImageObject","inLanguage":"cs","@id":"https:\/\/naturalpoland.com\/cs\/#\/schema\/logo\/image\/","url":"https:\/\/naturalpoland.com\/wp-content\/uploads\/2021\/05\/natural-poland-icon.png","contentUrl":"https:\/\/naturalpoland.com\/wp-content\/uploads\/2021\/05\/natural-poland-icon.png","width":512,"height":512,"caption":"Natural Poland"},"image":{"@id":"https:\/\/naturalpoland.com\/cs\/#\/schema\/logo\/image\/"},"sameAs":["https:\/\/www.facebook.com\/naturalpoland.b2b","https:\/\/pl.linkedin.com\/company\/natural-poland","https:\/\/www.youtube.com\/channel\/UCgeGGkvOMahZo-xu_MSEWxg"]}]}},"_links":{"self":[{"href":"https:\/\/naturalpoland.com\/cs\/wp-json\/wp\/v2\/product\/27312","targetHints":{"allow":["GET"]}}],"collection":[{"href":"https:\/\/naturalpoland.com\/cs\/wp-json\/wp\/v2\/product"}],"about":[{"href":"https:\/\/naturalpoland.com\/cs\/wp-json\/wp\/v2\/types\/product"}],"wp:featuredmedia":[{"embeddable":true,"href":"https:\/\/naturalpoland.com\/cs\/wp-json\/wp\/v2\/media\/27488"}],"wp:attachment":[{"href":"https:\/\/naturalpoland.com\/cs\/wp-json\/wp\/v2\/media?parent=27312"}],"wp:term":[{"taxonomy":"product_brand","embeddable":true,"href":"https:\/\/naturalpoland.com\/cs\/wp-json\/wp\/v2\/product_brand?post=27312"},{"taxonomy":"product_cat","embeddable":true,"href":"https:\/\/naturalpoland.com\/cs\/wp-json\/wp\/v2\/product_cat?post=27312"},{"taxonomy":"product_tag","embeddable":true,"href":"https:\/\/naturalpoland.com\/cs\/wp-json\/wp\/v2\/product_tag?post=27312"}],"curies":[{"name":"wp","href":"https:\/\/api.w.org\/{rel}","templated":true}]}}