{"id":27586,"date":"2023-11-13T11:23:04","date_gmt":"2023-11-13T10:26:03","guid":{"rendered":"https:\/\/naturalpoland.com\/produkty\/nezarazene\/l-arginin-alfa-ketoglutarat\/"},"modified":"2023-11-13T11:26:03","modified_gmt":"2023-11-13T10:26:03","slug":"alfa-ketoglutarat-l-arginin","status":"publish","type":"product","link":"https:\/\/naturalpoland.com\/cs\/produkty\/produkty-pro-farmaceuticky-a-zdravotnicky-prumysl\/pridavky-k-doplnkum-stravy\/alfa-ketoglutarat-l-arginin\/","title":{"rendered":"L-arginin alfa-ketoglutar\u00e1t"},"content":{"rendered":"<p>L-arginin alfa-ketoglutar\u00e1t se doporu\u010duje zejm\u00e9na sportovc\u016fm, lidem, kte\u0159\u00ed aktivn\u011b tr\u00e9nuj\u00ed, a t\u011bm, kte\u0159\u00ed cht\u011bj\u00ed podpo\u0159it sv\u00e9 t\u011blo v udr\u017eov\u00e1n\u00ed dobr\u00e9 fyzick\u00e9 kondice. Tento produkt je ide\u00e1ln\u00ed pro ty, kte\u0159\u00ed hledaj\u00ed komplexn\u00ed podporu energie a zv\u00fd\u0161en\u00ed v\u00fdkonu.<\/p>\n<h3>V\u00fdhody L-arginin-alfa-ketoglutar\u00e1tu<\/h3>\n<ol>\n<li><strong>Podpora produkce oxidu dusnat\u00e9ho:<\/strong> L-arginin je prekurzorem oxidu dusnat\u00e9ho, kter\u00fd hraje d\u016fle\u017eitou roli v regulaci pr\u016ftoku krve, p\u0159enosu kysl\u00edku a funkci sval\u016f. Suplementace L-arginin-alfa-ketoglutar\u00e1tem tento proces podporuje, co\u017e m\u016f\u017ee v\u00e9st ke zlep\u0161en\u00ed v\u00fdkonnosti a kondice.<\/li>\n<li><strong>Energetick\u00e1 \u00fa\u010dinnost<\/strong>: Alfa-ketoglutar\u00e1t jako sou\u010d\u00e1st Krebsova cyklu p\u0159isp\u00edv\u00e1 k optimalizaci energetick\u00fdch proces\u016f v t\u011ble, co\u017e je d\u016fle\u017eit\u00e9 zejm\u00e9na p\u0159i intenzivn\u00edm cvi\u010den\u00ed.<\/li>\n<li><strong>Zlep\u0161en\u00ed regenerace a v\u00fdkonnosti sval\u016f:<\/strong> D\u00edky sv\u00fdm vlastnostem m\u016f\u017ee L-arginin-alfa-ketoglutar\u00e1t p\u0159isp\u011bt k rychlej\u0161\u00ed regeneraci sval\u016f a lep\u0161\u00ed svalov\u00e9 v\u00fd\u017eiv\u011b, co\u017e je pro sportovce a fyzicky aktivn\u00ed lidi z\u00e1sadn\u00ed.<\/li>\n<\/ol>\n<p>L-arginin-alfa-ketoglutar\u00e1t je vysoce modern\u00ed dopln\u011bk stravy, kter\u00fd kombinuje kl\u00ed\u010dov\u00e9 slo\u017eky pro optimalizaci t\u011blesn\u00fdch funkc\u00ed. Je ide\u00e1ln\u00ed volbou pro ty, kte\u0159\u00ed cht\u011bj\u00ed p\u0159irozen\u011b podpo\u0159it sv\u00e9 tr\u00e9ninkov\u00e9 a regenera\u010dn\u00ed schopnosti.<\/p>\n","protected":false},"excerpt":{"rendered":"<p>L-arginin-alfa-ketoglutar\u00e1t je modern\u00ed dopln\u011bk stravy, kter\u00fd kombinuje dv\u011b kl\u00ed\u010dov\u00e9 l\u00e1tky: L-arginin, aminokyselinu d\u016fle\u017eitou pro mnoho proces\u016f v t\u011ble, a alfa-ketoglutar\u00e1t, metabolit zapojen\u00fd do Krebsova cyklu, kter\u00fd je kl\u00ed\u010dov\u00fdm prvkem p\u0159i v\u00fdrob\u011b energie na bun\u011b\u010dn\u00e9 \u00farovni.<\/p>\n","protected":false},"featured_media":27571,"template":"","meta":{"_acf_changed":false},"product_brand":[],"product_cat":[629],"product_tag":[],"class_list":{"0":"post-27586","1":"product","2":"type-product","3":"status-publish","4":"has-post-thumbnail","6":"product_cat-pridavky-k-doplnkum-stravy","8":"first","9":"instock","10":"shipping-taxable","11":"product-type-simple"},"acf":[],"yoast_head":"<!-- This site is optimized with the Yoast SEO plugin v27.4 - https:\/\/yoast.com\/product\/yoast-seo-wordpress\/ -->\n<title>L-arginin alfa-ketoglutar\u00e1t - Velkoobchodn\u00ed distributor<\/title>\n<meta name=\"description\" content=\"L-arginin-alfa-ketoglutar\u00e1t se doporu\u010duje zejm\u00e9na sportovc\u016fm, lidem, kte\u0159\u00ed aktivn\u011b tr\u00e9nuj\u00ed, a t\u011bm, kte\u0159\u00ed se zab\u00fdvaj\u00ed fyzickou kondic\u00ed.\" \/>\n<meta name=\"robots\" content=\"index, follow, max-snippet:-1, max-image-preview:large, max-video-preview:-1\" \/>\n<link rel=\"canonical\" href=\"https:\/\/naturalpoland.com\/cs\/produkty\/produkty-pro-farmaceuticky-a-zdravotnicky-prumysl\/pridavky-k-doplnkum-stravy\/alfa-ketoglutarat-l-arginin\/\" \/>\n<meta property=\"og:locale\" content=\"cs_CZ\" \/>\n<meta property=\"og:type\" content=\"article\" \/>\n<meta property=\"og:title\" content=\"L-arginin alfa-ketoglutar\u00e1t - Velkoobchodn\u00ed distributor\" \/>\n<meta property=\"og:description\" content=\"L-arginin-alfa-ketoglutar\u00e1t se doporu\u010duje zejm\u00e9na sportovc\u016fm, lidem, kte\u0159\u00ed aktivn\u011b tr\u00e9nuj\u00ed, a t\u011bm, kte\u0159\u00ed se zab\u00fdvaj\u00ed fyzickou kondic\u00ed.\" \/>\n<meta property=\"og:url\" content=\"https:\/\/naturalpoland.com\/cs\/produkty\/produkty-pro-farmaceuticky-a-zdravotnicky-prumysl\/pridavky-k-doplnkum-stravy\/alfa-ketoglutarat-l-arginin\/\" \/>\n<meta property=\"og:site_name\" content=\"NATURAL POLAND - Velkoobchodn\u00ed distributor surovin\" \/>\n<meta property=\"article:publisher\" content=\"https:\/\/www.facebook.com\/naturalpoland.b2b\" \/>\n<meta property=\"og:image\" content=\"https:\/\/naturalpoland.com\/wp-content\/uploads\/alfa-ketoglutaran-l-argininy.png\" \/>\n\t<meta property=\"og:image:width\" content=\"618\" \/>\n\t<meta property=\"og:image:height\" content=\"618\" \/>\n\t<meta property=\"og:image:type\" content=\"image\/png\" \/>\n<script type=\"application\/ld+json\" class=\"yoast-schema-graph\">{\"@context\":\"https:\\\/\\\/schema.org\",\"@graph\":[{\"@type\":\"WebPage\",\"@id\":\"https:\\\/\\\/naturalpoland.com\\\/cs\\\/produkty\\\/produkty-pro-farmaceuticky-a-zdravotnicky-prumysl\\\/pridavky-k-doplnkum-stravy\\\/alfa-ketoglutarat-l-arginin\\\/\",\"url\":\"https:\\\/\\\/naturalpoland.com\\\/cs\\\/produkty\\\/produkty-pro-farmaceuticky-a-zdravotnicky-prumysl\\\/pridavky-k-doplnkum-stravy\\\/alfa-ketoglutarat-l-arginin\\\/\",\"name\":\"L-arginin alfa-ketoglutar\u00e1t - Velkoobchodn\u00ed distributor\",\"isPartOf\":{\"@id\":\"https:\\\/\\\/naturalpoland.com\\\/cs\\\/#website\"},\"primaryImageOfPage\":{\"@id\":\"https:\\\/\\\/naturalpoland.com\\\/cs\\\/produkty\\\/produkty-pro-farmaceuticky-a-zdravotnicky-prumysl\\\/pridavky-k-doplnkum-stravy\\\/alfa-ketoglutarat-l-arginin\\\/#primaryimage\"},\"image\":{\"@id\":\"https:\\\/\\\/naturalpoland.com\\\/cs\\\/produkty\\\/produkty-pro-farmaceuticky-a-zdravotnicky-prumysl\\\/pridavky-k-doplnkum-stravy\\\/alfa-ketoglutarat-l-arginin\\\/#primaryimage\"},\"thumbnailUrl\":\"https:\\\/\\\/naturalpoland.com\\\/wp-content\\\/uploads\\\/alfa-ketoglutaran-l-argininy.png\",\"datePublished\":\"2023-11-13T10:26:03+00:00\",\"description\":\"L-arginin-alfa-ketoglutar\u00e1t se doporu\u010duje zejm\u00e9na sportovc\u016fm, lidem, kte\u0159\u00ed aktivn\u011b tr\u00e9nuj\u00ed, a t\u011bm, kte\u0159\u00ed se zab\u00fdvaj\u00ed fyzickou kondic\u00ed.\",\"breadcrumb\":{\"@id\":\"https:\\\/\\\/naturalpoland.com\\\/cs\\\/produkty\\\/produkty-pro-farmaceuticky-a-zdravotnicky-prumysl\\\/pridavky-k-doplnkum-stravy\\\/alfa-ketoglutarat-l-arginin\\\/#breadcrumb\"},\"inLanguage\":\"cs\",\"potentialAction\":[{\"@type\":\"ReadAction\",\"target\":[\"https:\\\/\\\/naturalpoland.com\\\/cs\\\/produkty\\\/produkty-pro-farmaceuticky-a-zdravotnicky-prumysl\\\/pridavky-k-doplnkum-stravy\\\/alfa-ketoglutarat-l-arginin\\\/\"]}]},{\"@type\":\"ImageObject\",\"inLanguage\":\"cs\",\"@id\":\"https:\\\/\\\/naturalpoland.com\\\/cs\\\/produkty\\\/produkty-pro-farmaceuticky-a-zdravotnicky-prumysl\\\/pridavky-k-doplnkum-stravy\\\/alfa-ketoglutarat-l-arginin\\\/#primaryimage\",\"url\":\"https:\\\/\\\/naturalpoland.com\\\/wp-content\\\/uploads\\\/alfa-ketoglutaran-l-argininy.png\",\"contentUrl\":\"https:\\\/\\\/naturalpoland.com\\\/wp-content\\\/uploads\\\/alfa-ketoglutaran-l-argininy.png\",\"width\":618,\"height\":618,\"caption\":\"L-arginin alfa-ketoglutar\u00e1t\"},{\"@type\":\"BreadcrumbList\",\"@id\":\"https:\\\/\\\/naturalpoland.com\\\/cs\\\/produkty\\\/produkty-pro-farmaceuticky-a-zdravotnicky-prumysl\\\/pridavky-k-doplnkum-stravy\\\/alfa-ketoglutarat-l-arginin\\\/#breadcrumb\",\"itemListElement\":[{\"@type\":\"ListItem\",\"position\":1,\"name\":\"Dom\u016f\",\"item\":\"https:\\\/\\\/naturalpoland.com\\\/cs\\\/\"},{\"@type\":\"ListItem\",\"position\":2,\"name\":\"Produkty\",\"item\":\"https:\\\/\\\/naturalpoland.com\\\/cs\\\/produkty\\\/\"},{\"@type\":\"ListItem\",\"position\":3,\"name\":\"L-arginin alfa-ketoglutar\u00e1t\"}]},{\"@type\":\"WebSite\",\"@id\":\"https:\\\/\\\/naturalpoland.com\\\/cs\\\/#website\",\"url\":\"https:\\\/\\\/naturalpoland.com\\\/cs\\\/\",\"name\":\"NATURAL POLAND - Velkoobchodn\u00ed distributor surovin\",\"description\":\"Surowce dla przemys\u0142u spo\u017cywczego, kosmetycznego i farmaceutycznego\",\"publisher\":{\"@id\":\"https:\\\/\\\/naturalpoland.com\\\/cs\\\/#organization\"},\"potentialAction\":[{\"@type\":\"SearchAction\",\"target\":{\"@type\":\"EntryPoint\",\"urlTemplate\":\"https:\\\/\\\/naturalpoland.com\\\/cs\\\/?s={search_term_string}\"},\"query-input\":{\"@type\":\"PropertyValueSpecification\",\"valueRequired\":true,\"valueName\":\"search_term_string\"}}],\"inLanguage\":\"cs\"},{\"@type\":\"Organization\",\"@id\":\"https:\\\/\\\/naturalpoland.com\\\/cs\\\/#organization\",\"name\":\"Natural Poland\",\"url\":\"https:\\\/\\\/naturalpoland.com\\\/cs\\\/\",\"logo\":{\"@type\":\"ImageObject\",\"inLanguage\":\"cs\",\"@id\":\"https:\\\/\\\/naturalpoland.com\\\/cs\\\/#\\\/schema\\\/logo\\\/image\\\/\",\"url\":\"https:\\\/\\\/naturalpoland.com\\\/wp-content\\\/uploads\\\/2021\\\/05\\\/natural-poland-icon.png\",\"contentUrl\":\"https:\\\/\\\/naturalpoland.com\\\/wp-content\\\/uploads\\\/2021\\\/05\\\/natural-poland-icon.png\",\"width\":512,\"height\":512,\"caption\":\"Natural Poland\"},\"image\":{\"@id\":\"https:\\\/\\\/naturalpoland.com\\\/cs\\\/#\\\/schema\\\/logo\\\/image\\\/\"},\"sameAs\":[\"https:\\\/\\\/www.facebook.com\\\/naturalpoland.b2b\",\"https:\\\/\\\/pl.linkedin.com\\\/company\\\/natural-poland\",\"https:\\\/\\\/www.youtube.com\\\/channel\\\/UCgeGGkvOMahZo-xu_MSEWxg\"]}]}<\/script>\n<!-- \/ Yoast SEO plugin. -->","yoast_head_json":{"title":"L-arginin alfa-ketoglutar\u00e1t - Velkoobchodn\u00ed distributor","description":"L-arginin-alfa-ketoglutar\u00e1t se doporu\u010duje zejm\u00e9na sportovc\u016fm, lidem, kte\u0159\u00ed aktivn\u011b tr\u00e9nuj\u00ed, a t\u011bm, kte\u0159\u00ed se zab\u00fdvaj\u00ed fyzickou kondic\u00ed.","robots":{"index":"index","follow":"follow","max-snippet":"max-snippet:-1","max-image-preview":"max-image-preview:large","max-video-preview":"max-video-preview:-1"},"canonical":"https:\/\/naturalpoland.com\/cs\/produkty\/produkty-pro-farmaceuticky-a-zdravotnicky-prumysl\/pridavky-k-doplnkum-stravy\/alfa-ketoglutarat-l-arginin\/","og_locale":"cs_CZ","og_type":"article","og_title":"L-arginin alfa-ketoglutar\u00e1t - Velkoobchodn\u00ed distributor","og_description":"L-arginin-alfa-ketoglutar\u00e1t se doporu\u010duje zejm\u00e9na sportovc\u016fm, lidem, kte\u0159\u00ed aktivn\u011b tr\u00e9nuj\u00ed, a t\u011bm, kte\u0159\u00ed se zab\u00fdvaj\u00ed fyzickou kondic\u00ed.","og_url":"https:\/\/naturalpoland.com\/cs\/produkty\/produkty-pro-farmaceuticky-a-zdravotnicky-prumysl\/pridavky-k-doplnkum-stravy\/alfa-ketoglutarat-l-arginin\/","og_site_name":"NATURAL POLAND - Velkoobchodn\u00ed distributor surovin","article_publisher":"https:\/\/www.facebook.com\/naturalpoland.b2b","og_image":[{"width":618,"height":618,"url":"https:\/\/naturalpoland.com\/wp-content\/uploads\/alfa-ketoglutaran-l-argininy.png","type":"image\/png"}],"schema":{"@context":"https:\/\/schema.org","@graph":[{"@type":"WebPage","@id":"https:\/\/naturalpoland.com\/cs\/produkty\/produkty-pro-farmaceuticky-a-zdravotnicky-prumysl\/pridavky-k-doplnkum-stravy\/alfa-ketoglutarat-l-arginin\/","url":"https:\/\/naturalpoland.com\/cs\/produkty\/produkty-pro-farmaceuticky-a-zdravotnicky-prumysl\/pridavky-k-doplnkum-stravy\/alfa-ketoglutarat-l-arginin\/","name":"L-arginin alfa-ketoglutar\u00e1t - Velkoobchodn\u00ed distributor","isPartOf":{"@id":"https:\/\/naturalpoland.com\/cs\/#website"},"primaryImageOfPage":{"@id":"https:\/\/naturalpoland.com\/cs\/produkty\/produkty-pro-farmaceuticky-a-zdravotnicky-prumysl\/pridavky-k-doplnkum-stravy\/alfa-ketoglutarat-l-arginin\/#primaryimage"},"image":{"@id":"https:\/\/naturalpoland.com\/cs\/produkty\/produkty-pro-farmaceuticky-a-zdravotnicky-prumysl\/pridavky-k-doplnkum-stravy\/alfa-ketoglutarat-l-arginin\/#primaryimage"},"thumbnailUrl":"https:\/\/naturalpoland.com\/wp-content\/uploads\/alfa-ketoglutaran-l-argininy.png","datePublished":"2023-11-13T10:26:03+00:00","description":"L-arginin-alfa-ketoglutar\u00e1t se doporu\u010duje zejm\u00e9na sportovc\u016fm, lidem, kte\u0159\u00ed aktivn\u011b tr\u00e9nuj\u00ed, a t\u011bm, kte\u0159\u00ed se zab\u00fdvaj\u00ed fyzickou kondic\u00ed.","breadcrumb":{"@id":"https:\/\/naturalpoland.com\/cs\/produkty\/produkty-pro-farmaceuticky-a-zdravotnicky-prumysl\/pridavky-k-doplnkum-stravy\/alfa-ketoglutarat-l-arginin\/#breadcrumb"},"inLanguage":"cs","potentialAction":[{"@type":"ReadAction","target":["https:\/\/naturalpoland.com\/cs\/produkty\/produkty-pro-farmaceuticky-a-zdravotnicky-prumysl\/pridavky-k-doplnkum-stravy\/alfa-ketoglutarat-l-arginin\/"]}]},{"@type":"ImageObject","inLanguage":"cs","@id":"https:\/\/naturalpoland.com\/cs\/produkty\/produkty-pro-farmaceuticky-a-zdravotnicky-prumysl\/pridavky-k-doplnkum-stravy\/alfa-ketoglutarat-l-arginin\/#primaryimage","url":"https:\/\/naturalpoland.com\/wp-content\/uploads\/alfa-ketoglutaran-l-argininy.png","contentUrl":"https:\/\/naturalpoland.com\/wp-content\/uploads\/alfa-ketoglutaran-l-argininy.png","width":618,"height":618,"caption":"L-arginin alfa-ketoglutar\u00e1t"},{"@type":"BreadcrumbList","@id":"https:\/\/naturalpoland.com\/cs\/produkty\/produkty-pro-farmaceuticky-a-zdravotnicky-prumysl\/pridavky-k-doplnkum-stravy\/alfa-ketoglutarat-l-arginin\/#breadcrumb","itemListElement":[{"@type":"ListItem","position":1,"name":"Dom\u016f","item":"https:\/\/naturalpoland.com\/cs\/"},{"@type":"ListItem","position":2,"name":"Produkty","item":"https:\/\/naturalpoland.com\/cs\/produkty\/"},{"@type":"ListItem","position":3,"name":"L-arginin alfa-ketoglutar\u00e1t"}]},{"@type":"WebSite","@id":"https:\/\/naturalpoland.com\/cs\/#website","url":"https:\/\/naturalpoland.com\/cs\/","name":"NATURAL POLAND - Velkoobchodn\u00ed distributor surovin","description":"Surowce dla przemys\u0142u spo\u017cywczego, kosmetycznego i farmaceutycznego","publisher":{"@id":"https:\/\/naturalpoland.com\/cs\/#organization"},"potentialAction":[{"@type":"SearchAction","target":{"@type":"EntryPoint","urlTemplate":"https:\/\/naturalpoland.com\/cs\/?s={search_term_string}"},"query-input":{"@type":"PropertyValueSpecification","valueRequired":true,"valueName":"search_term_string"}}],"inLanguage":"cs"},{"@type":"Organization","@id":"https:\/\/naturalpoland.com\/cs\/#organization","name":"Natural Poland","url":"https:\/\/naturalpoland.com\/cs\/","logo":{"@type":"ImageObject","inLanguage":"cs","@id":"https:\/\/naturalpoland.com\/cs\/#\/schema\/logo\/image\/","url":"https:\/\/naturalpoland.com\/wp-content\/uploads\/2021\/05\/natural-poland-icon.png","contentUrl":"https:\/\/naturalpoland.com\/wp-content\/uploads\/2021\/05\/natural-poland-icon.png","width":512,"height":512,"caption":"Natural Poland"},"image":{"@id":"https:\/\/naturalpoland.com\/cs\/#\/schema\/logo\/image\/"},"sameAs":["https:\/\/www.facebook.com\/naturalpoland.b2b","https:\/\/pl.linkedin.com\/company\/natural-poland","https:\/\/www.youtube.com\/channel\/UCgeGGkvOMahZo-xu_MSEWxg"]}]}},"_links":{"self":[{"href":"https:\/\/naturalpoland.com\/cs\/wp-json\/wp\/v2\/product\/27586","targetHints":{"allow":["GET"]}}],"collection":[{"href":"https:\/\/naturalpoland.com\/cs\/wp-json\/wp\/v2\/product"}],"about":[{"href":"https:\/\/naturalpoland.com\/cs\/wp-json\/wp\/v2\/types\/product"}],"wp:featuredmedia":[{"embeddable":true,"href":"https:\/\/naturalpoland.com\/cs\/wp-json\/wp\/v2\/media\/27571"}],"wp:attachment":[{"href":"https:\/\/naturalpoland.com\/cs\/wp-json\/wp\/v2\/media?parent=27586"}],"wp:term":[{"taxonomy":"product_brand","embeddable":true,"href":"https:\/\/naturalpoland.com\/cs\/wp-json\/wp\/v2\/product_brand?post=27586"},{"taxonomy":"product_cat","embeddable":true,"href":"https:\/\/naturalpoland.com\/cs\/wp-json\/wp\/v2\/product_cat?post=27586"},{"taxonomy":"product_tag","embeddable":true,"href":"https:\/\/naturalpoland.com\/cs\/wp-json\/wp\/v2\/product_tag?post=27586"}],"curies":[{"name":"wp","href":"https:\/\/api.w.org\/{rel}","templated":true}]}}