{"id":29207,"date":"2023-12-29T15:38:27","date_gmt":"2024-01-05T09:27:45","guid":{"rendered":"https:\/\/naturalpoland.com\/produkty\/nezarazene\/extrakt-z-korene-colchicum\/"},"modified":"2025-06-30T13:58:31","modified_gmt":"2025-06-30T11:58:31","slug":"extrakt-z-korene-colchicum","status":"publish","type":"product","link":"https:\/\/naturalpoland.com\/cs\/produkty\/rostlinne-vytazky\/extrakt-z-korene-colchicum\/","title":{"rendered":"Extrakt z ko\u0159ene smldince (Smilax)"},"content":{"rendered":"<p>Extrakt z ko\u0159ene smldince (Smilax) je cen\u011bn pro sv\u00e9 l\u00e9\u010div\u00e9 a v\u00fd\u017eivov\u00e9 vlastnosti. M\u00e1 sv\u011btle hn\u011bdo\u017elutou barvu a charakteristickou chu\u0165 a v\u016fni. V\u00fdrobek spl\u0148uje vysok\u00e9 standardy kvality, co\u017e potvrzuje jeho organoleptick\u00e9 vlastnosti.<\/p>\n<p>Extrakt neobsahuje GMO ani kontaminuj\u00edc\u00ed l\u00e1tky, jako jsou t\u011b\u017ek\u00e9 kovy nebo pesticidy, co\u017e bylo potvrzeno chromatografick\u00fdmi testy. Neobsahuje tak\u00e9 \u0161kodliv\u00e9 pyrrolizidinov\u00e9 alkaloidy. Je mikrobiologicky bezpe\u010dn\u00fd, bez p\u0159\u00edtomnosti bakteri\u00ed.<\/p>\n<p>Extrakt ze smilaxu l\u00e9ka\u0159sk\u00e9ho, kter\u00fd se pou\u017e\u00edv\u00e1 v dopl\u0148c\u00edch stravy i v kosmetice, m\u00e1 \u0159adu v\u00fdhod. Je bohat\u00fd na bioaktivn\u00ed l\u00e1tky, kter\u00e9 pom\u00e1haj\u00ed v boji proti ko\u017en\u00edm probl\u00e9m\u016fm, jako je akn\u00e9 a ekz\u00e9my. M\u00e1 protiz\u00e1n\u011btliv\u00e9 a antioxida\u010dn\u00ed \u00fa\u010dinky, kter\u00e9 se projevuj\u00ed v celkov\u00e9m zlep\u0161en\u00ed stavu poko\u017eky. Kolchicin v dopl\u0148c\u00edch stravy podporuje imunitn\u00ed funkce organismu a m\u016f\u017ee tak\u00e9 p\u0159isp\u00edvat ke zlep\u0161en\u00ed pru\u017enosti kloub\u016f. D\u00edky sv\u00fdm detoxika\u010dn\u00edm a \u010distic\u00edm vlastnostem je velmi cen\u011bn\u00e1 v produktech na podporu o\u010disty organismu.<\/p>\n","protected":false},"excerpt":{"rendered":"<p>Extrakt z ko\u0159ene smldince (Smilax), zn\u00e1m\u00fd tak\u00e9 jako extrakt ze Smilax officinalis, je p\u0159\u00edrodn\u00ed slo\u017eka pou\u017e\u00edvan\u00e1 v r\u016fzn\u00fdch odv\u011btv\u00edch zdravotnictv\u00ed a kosmetiky.<\/p>\n","protected":false},"featured_media":29036,"template":"","meta":[],"product_brand":[],"product_cat":[622],"product_tag":[],"class_list":{"0":"post-29207","1":"product","2":"type-product","3":"status-publish","4":"has-post-thumbnail","6":"product_cat-rostlinne-vytazky","7":"pa_certyfikaty-koser-certifikace","8":"pa_certyfikaty-halal-cs","9":"pa_czesc-rosliny-root","11":"first","12":"instock","13":"shipping-taxable","14":"product-type-simple"},"yoast_head":"<!-- This site is optimized with the Yoast SEO plugin v27.4 - https:\/\/yoast.com\/product\/yoast-seo-wordpress\/ -->\n<title>Extrakt z ko\u0159ene smldince (Smilax) - Velkoobchodn\u00ed distributor<\/title>\n<meta name=\"description\" content=\"V\u00fdta\u017eek z ko\u0159ene kolchicum (Smilax officinalis) je p\u0159\u00edrodn\u00ed slo\u017eka pou\u017e\u00edvan\u00e1 v r\u016fzn\u00fdch odv\u011btv\u00edch zdravotnictv\u00ed a kosmetiky.\" \/>\n<meta name=\"robots\" content=\"index, follow, max-snippet:-1, max-image-preview:large, max-video-preview:-1\" \/>\n<link rel=\"canonical\" href=\"https:\/\/naturalpoland.com\/cs\/produkty\/rostlinne-vytazky\/extrakt-z-korene-colchicum\/\" \/>\n<meta property=\"og:locale\" content=\"cs_CZ\" \/>\n<meta property=\"og:type\" content=\"article\" \/>\n<meta property=\"og:title\" content=\"Extrakt z ko\u0159ene smldince (Smilax) - Velkoobchodn\u00ed distributor\" \/>\n<meta property=\"og:description\" content=\"V\u00fdta\u017eek z ko\u0159ene kolchicum (Smilax officinalis) je p\u0159\u00edrodn\u00ed slo\u017eka pou\u017e\u00edvan\u00e1 v r\u016fzn\u00fdch odv\u011btv\u00edch zdravotnictv\u00ed a kosmetiky.\" \/>\n<meta property=\"og:url\" content=\"https:\/\/naturalpoland.com\/cs\/produkty\/rostlinne-vytazky\/extrakt-z-korene-colchicum\/\" \/>\n<meta property=\"og:site_name\" content=\"NATURAL POLAND - Velkoobchodn\u00ed distributor surovin\" \/>\n<meta property=\"article:publisher\" content=\"https:\/\/www.facebook.com\/naturalpoland.b2b\" \/>\n<meta property=\"article:modified_time\" content=\"2025-06-30T11:58:31+00:00\" \/>\n<meta property=\"og:image\" content=\"https:\/\/naturalpoland.com\/wp-content\/uploads\/smilax_officinalis_extract.webp\" \/>\n\t<meta property=\"og:image:width\" content=\"618\" \/>\n\t<meta property=\"og:image:height\" content=\"618\" \/>\n\t<meta property=\"og:image:type\" content=\"image\/webp\" \/>\n<script type=\"application\/ld+json\" class=\"yoast-schema-graph\">{\"@context\":\"https:\\\/\\\/schema.org\",\"@graph\":[{\"@type\":\"WebPage\",\"@id\":\"https:\\\/\\\/naturalpoland.com\\\/cs\\\/produkty\\\/rostlinne-vytazky\\\/extrakt-z-korene-colchicum\\\/\",\"url\":\"https:\\\/\\\/naturalpoland.com\\\/cs\\\/produkty\\\/rostlinne-vytazky\\\/extrakt-z-korene-colchicum\\\/\",\"name\":\"Extrakt z ko\u0159ene smldince (Smilax) - Velkoobchodn\u00ed distributor\",\"isPartOf\":{\"@id\":\"https:\\\/\\\/naturalpoland.com\\\/cs\\\/#website\"},\"primaryImageOfPage\":{\"@id\":\"https:\\\/\\\/naturalpoland.com\\\/cs\\\/produkty\\\/rostlinne-vytazky\\\/extrakt-z-korene-colchicum\\\/#primaryimage\"},\"image\":{\"@id\":\"https:\\\/\\\/naturalpoland.com\\\/cs\\\/produkty\\\/rostlinne-vytazky\\\/extrakt-z-korene-colchicum\\\/#primaryimage\"},\"thumbnailUrl\":\"https:\\\/\\\/naturalpoland.com\\\/wp-content\\\/uploads\\\/smilax_officinalis_extract.webp\",\"datePublished\":\"2024-01-05T09:27:45+00:00\",\"dateModified\":\"2025-06-30T11:58:31+00:00\",\"description\":\"V\u00fdta\u017eek z ko\u0159ene kolchicum (Smilax officinalis) je p\u0159\u00edrodn\u00ed slo\u017eka pou\u017e\u00edvan\u00e1 v r\u016fzn\u00fdch odv\u011btv\u00edch zdravotnictv\u00ed a kosmetiky.\",\"breadcrumb\":{\"@id\":\"https:\\\/\\\/naturalpoland.com\\\/cs\\\/produkty\\\/rostlinne-vytazky\\\/extrakt-z-korene-colchicum\\\/#breadcrumb\"},\"inLanguage\":\"cs\",\"potentialAction\":[{\"@type\":\"ReadAction\",\"target\":[\"https:\\\/\\\/naturalpoland.com\\\/cs\\\/produkty\\\/rostlinne-vytazky\\\/extrakt-z-korene-colchicum\\\/\"]}]},{\"@type\":\"ImageObject\",\"inLanguage\":\"cs\",\"@id\":\"https:\\\/\\\/naturalpoland.com\\\/cs\\\/produkty\\\/rostlinne-vytazky\\\/extrakt-z-korene-colchicum\\\/#primaryimage\",\"url\":\"https:\\\/\\\/naturalpoland.com\\\/wp-content\\\/uploads\\\/smilax_officinalis_extract.webp\",\"contentUrl\":\"https:\\\/\\\/naturalpoland.com\\\/wp-content\\\/uploads\\\/smilax_officinalis_extract.webp\",\"width\":618,\"height\":618,\"caption\":\"Extrakt z ko\u0159ene Colchicum\"},{\"@type\":\"BreadcrumbList\",\"@id\":\"https:\\\/\\\/naturalpoland.com\\\/cs\\\/produkty\\\/rostlinne-vytazky\\\/extrakt-z-korene-colchicum\\\/#breadcrumb\",\"itemListElement\":[{\"@type\":\"ListItem\",\"position\":1,\"name\":\"Dom\u016f\",\"item\":\"https:\\\/\\\/naturalpoland.com\\\/cs\\\/\"},{\"@type\":\"ListItem\",\"position\":2,\"name\":\"Produkty\",\"item\":\"https:\\\/\\\/naturalpoland.com\\\/cs\\\/produkty\\\/\"},{\"@type\":\"ListItem\",\"position\":3,\"name\":\"Extrakt z ko\u0159ene smldince (Smilax)\"}]},{\"@type\":\"WebSite\",\"@id\":\"https:\\\/\\\/naturalpoland.com\\\/cs\\\/#website\",\"url\":\"https:\\\/\\\/naturalpoland.com\\\/cs\\\/\",\"name\":\"NATURAL POLAND - Velkoobchodn\u00ed distributor surovin\",\"description\":\"Surowce dla przemys\u0142u spo\u017cywczego, kosmetycznego i farmaceutycznego\",\"publisher\":{\"@id\":\"https:\\\/\\\/naturalpoland.com\\\/cs\\\/#organization\"},\"potentialAction\":[{\"@type\":\"SearchAction\",\"target\":{\"@type\":\"EntryPoint\",\"urlTemplate\":\"https:\\\/\\\/naturalpoland.com\\\/cs\\\/?s={search_term_string}\"},\"query-input\":{\"@type\":\"PropertyValueSpecification\",\"valueRequired\":true,\"valueName\":\"search_term_string\"}}],\"inLanguage\":\"cs\"},{\"@type\":\"Organization\",\"@id\":\"https:\\\/\\\/naturalpoland.com\\\/cs\\\/#organization\",\"name\":\"Natural Poland\",\"url\":\"https:\\\/\\\/naturalpoland.com\\\/cs\\\/\",\"logo\":{\"@type\":\"ImageObject\",\"inLanguage\":\"cs\",\"@id\":\"https:\\\/\\\/naturalpoland.com\\\/cs\\\/#\\\/schema\\\/logo\\\/image\\\/\",\"url\":\"https:\\\/\\\/naturalpoland.com\\\/wp-content\\\/uploads\\\/2021\\\/05\\\/natural-poland-icon.png\",\"contentUrl\":\"https:\\\/\\\/naturalpoland.com\\\/wp-content\\\/uploads\\\/2021\\\/05\\\/natural-poland-icon.png\",\"width\":512,\"height\":512,\"caption\":\"Natural Poland\"},\"image\":{\"@id\":\"https:\\\/\\\/naturalpoland.com\\\/cs\\\/#\\\/schema\\\/logo\\\/image\\\/\"},\"sameAs\":[\"https:\\\/\\\/www.facebook.com\\\/naturalpoland.b2b\",\"https:\\\/\\\/pl.linkedin.com\\\/company\\\/natural-poland\",\"https:\\\/\\\/www.youtube.com\\\/channel\\\/UCgeGGkvOMahZo-xu_MSEWxg\"]}]}<\/script>\n<!-- \/ Yoast SEO plugin. -->","yoast_head_json":{"title":"Extrakt z ko\u0159ene smldince (Smilax) - Velkoobchodn\u00ed distributor","description":"V\u00fdta\u017eek z ko\u0159ene kolchicum (Smilax officinalis) je p\u0159\u00edrodn\u00ed slo\u017eka pou\u017e\u00edvan\u00e1 v r\u016fzn\u00fdch odv\u011btv\u00edch zdravotnictv\u00ed a kosmetiky.","robots":{"index":"index","follow":"follow","max-snippet":"max-snippet:-1","max-image-preview":"max-image-preview:large","max-video-preview":"max-video-preview:-1"},"canonical":"https:\/\/naturalpoland.com\/cs\/produkty\/rostlinne-vytazky\/extrakt-z-korene-colchicum\/","og_locale":"cs_CZ","og_type":"article","og_title":"Extrakt z ko\u0159ene smldince (Smilax) - Velkoobchodn\u00ed distributor","og_description":"V\u00fdta\u017eek z ko\u0159ene kolchicum (Smilax officinalis) je p\u0159\u00edrodn\u00ed slo\u017eka pou\u017e\u00edvan\u00e1 v r\u016fzn\u00fdch odv\u011btv\u00edch zdravotnictv\u00ed a kosmetiky.","og_url":"https:\/\/naturalpoland.com\/cs\/produkty\/rostlinne-vytazky\/extrakt-z-korene-colchicum\/","og_site_name":"NATURAL POLAND - Velkoobchodn\u00ed distributor surovin","article_publisher":"https:\/\/www.facebook.com\/naturalpoland.b2b","article_modified_time":"2025-06-30T11:58:31+00:00","og_image":[{"width":618,"height":618,"url":"https:\/\/naturalpoland.com\/wp-content\/uploads\/smilax_officinalis_extract.webp","type":"image\/webp"}],"schema":{"@context":"https:\/\/schema.org","@graph":[{"@type":"WebPage","@id":"https:\/\/naturalpoland.com\/cs\/produkty\/rostlinne-vytazky\/extrakt-z-korene-colchicum\/","url":"https:\/\/naturalpoland.com\/cs\/produkty\/rostlinne-vytazky\/extrakt-z-korene-colchicum\/","name":"Extrakt z ko\u0159ene smldince (Smilax) - Velkoobchodn\u00ed distributor","isPartOf":{"@id":"https:\/\/naturalpoland.com\/cs\/#website"},"primaryImageOfPage":{"@id":"https:\/\/naturalpoland.com\/cs\/produkty\/rostlinne-vytazky\/extrakt-z-korene-colchicum\/#primaryimage"},"image":{"@id":"https:\/\/naturalpoland.com\/cs\/produkty\/rostlinne-vytazky\/extrakt-z-korene-colchicum\/#primaryimage"},"thumbnailUrl":"https:\/\/naturalpoland.com\/wp-content\/uploads\/smilax_officinalis_extract.webp","datePublished":"2024-01-05T09:27:45+00:00","dateModified":"2025-06-30T11:58:31+00:00","description":"V\u00fdta\u017eek z ko\u0159ene kolchicum (Smilax officinalis) je p\u0159\u00edrodn\u00ed slo\u017eka pou\u017e\u00edvan\u00e1 v r\u016fzn\u00fdch odv\u011btv\u00edch zdravotnictv\u00ed a kosmetiky.","breadcrumb":{"@id":"https:\/\/naturalpoland.com\/cs\/produkty\/rostlinne-vytazky\/extrakt-z-korene-colchicum\/#breadcrumb"},"inLanguage":"cs","potentialAction":[{"@type":"ReadAction","target":["https:\/\/naturalpoland.com\/cs\/produkty\/rostlinne-vytazky\/extrakt-z-korene-colchicum\/"]}]},{"@type":"ImageObject","inLanguage":"cs","@id":"https:\/\/naturalpoland.com\/cs\/produkty\/rostlinne-vytazky\/extrakt-z-korene-colchicum\/#primaryimage","url":"https:\/\/naturalpoland.com\/wp-content\/uploads\/smilax_officinalis_extract.webp","contentUrl":"https:\/\/naturalpoland.com\/wp-content\/uploads\/smilax_officinalis_extract.webp","width":618,"height":618,"caption":"Extrakt z ko\u0159ene Colchicum"},{"@type":"BreadcrumbList","@id":"https:\/\/naturalpoland.com\/cs\/produkty\/rostlinne-vytazky\/extrakt-z-korene-colchicum\/#breadcrumb","itemListElement":[{"@type":"ListItem","position":1,"name":"Dom\u016f","item":"https:\/\/naturalpoland.com\/cs\/"},{"@type":"ListItem","position":2,"name":"Produkty","item":"https:\/\/naturalpoland.com\/cs\/produkty\/"},{"@type":"ListItem","position":3,"name":"Extrakt z ko\u0159ene smldince (Smilax)"}]},{"@type":"WebSite","@id":"https:\/\/naturalpoland.com\/cs\/#website","url":"https:\/\/naturalpoland.com\/cs\/","name":"NATURAL POLAND - Velkoobchodn\u00ed distributor surovin","description":"Surowce dla przemys\u0142u spo\u017cywczego, kosmetycznego i farmaceutycznego","publisher":{"@id":"https:\/\/naturalpoland.com\/cs\/#organization"},"potentialAction":[{"@type":"SearchAction","target":{"@type":"EntryPoint","urlTemplate":"https:\/\/naturalpoland.com\/cs\/?s={search_term_string}"},"query-input":{"@type":"PropertyValueSpecification","valueRequired":true,"valueName":"search_term_string"}}],"inLanguage":"cs"},{"@type":"Organization","@id":"https:\/\/naturalpoland.com\/cs\/#organization","name":"Natural Poland","url":"https:\/\/naturalpoland.com\/cs\/","logo":{"@type":"ImageObject","inLanguage":"cs","@id":"https:\/\/naturalpoland.com\/cs\/#\/schema\/logo\/image\/","url":"https:\/\/naturalpoland.com\/wp-content\/uploads\/2021\/05\/natural-poland-icon.png","contentUrl":"https:\/\/naturalpoland.com\/wp-content\/uploads\/2021\/05\/natural-poland-icon.png","width":512,"height":512,"caption":"Natural Poland"},"image":{"@id":"https:\/\/naturalpoland.com\/cs\/#\/schema\/logo\/image\/"},"sameAs":["https:\/\/www.facebook.com\/naturalpoland.b2b","https:\/\/pl.linkedin.com\/company\/natural-poland","https:\/\/www.youtube.com\/channel\/UCgeGGkvOMahZo-xu_MSEWxg"]}]}},"_links":{"self":[{"href":"https:\/\/naturalpoland.com\/cs\/wp-json\/wp\/v2\/product\/29207","targetHints":{"allow":["GET"]}}],"collection":[{"href":"https:\/\/naturalpoland.com\/cs\/wp-json\/wp\/v2\/product"}],"about":[{"href":"https:\/\/naturalpoland.com\/cs\/wp-json\/wp\/v2\/types\/product"}],"wp:featuredmedia":[{"embeddable":true,"href":"https:\/\/naturalpoland.com\/cs\/wp-json\/wp\/v2\/media\/29036"}],"wp:attachment":[{"href":"https:\/\/naturalpoland.com\/cs\/wp-json\/wp\/v2\/media?parent=29207"}],"wp:term":[{"taxonomy":"product_brand","embeddable":true,"href":"https:\/\/naturalpoland.com\/cs\/wp-json\/wp\/v2\/product_brand?post=29207"},{"taxonomy":"product_cat","embeddable":true,"href":"https:\/\/naturalpoland.com\/cs\/wp-json\/wp\/v2\/product_cat?post=29207"},{"taxonomy":"product_tag","embeddable":true,"href":"https:\/\/naturalpoland.com\/cs\/wp-json\/wp\/v2\/product_tag?post=29207"}],"curies":[{"name":"wp","href":"https:\/\/api.w.org\/{rel}","templated":true}]}}