{"id":29216,"date":"2023-12-29T15:07:49","date_gmt":"2024-01-05T09:27:51","guid":{"rendered":"https:\/\/naturalpoland.com\/produkty\/nezarazene\/bambusovy-extrakt\/"},"modified":"2024-01-05T10:27:51","modified_gmt":"2024-01-05T09:27:51","slug":"bambusovy-extrakt","status":"publish","type":"product","link":"https:\/\/naturalpoland.com\/cs\/produkty\/rostlinne-vytazky\/bambusovy-extrakt\/","title":{"rendered":"Bambusov\u00fd extrakt"},"content":{"rendered":"<p>Bambusov\u00fd extrakt m\u00e1 v\u00fdjime\u010dn\u011b vysok\u00fd obsah oxidu k\u0159emi\u010dit\u00e9ho a\u017e 71,8 %, co\u017e podtrhuje jeho kvalitu a \u00fa\u010dinnost. Jedn\u00e1 se o jemn\u011b mlet\u00fd pr\u00e1\u0161ek k\u0159i\u0161\u0165\u00e1lov\u011b b\u00edl\u00e9 barvy, kter\u00fd se vyzna\u010duje specifick\u00fdm z\u00e1pachem. P\u0159i v\u00fdrob\u011b extraktu se jako rozpou\u0161t\u011bdla pou\u017e\u00edvaj\u00ed etanol a voda a jeho \u010distota je potvrzena testy podle USP.<\/p>\n<p>Bambusov\u00fd extrakt je cen\u011bn zejm\u00e9na pro sv\u00e9 <strong>zdrav\u00ed prosp\u011b\u0161n\u00e9 vlastnosti pro poko\u017eku, vlasy a nehty<\/strong>, a to d\u00edky vysok\u00e9mu obsahu oxidu k\u0159emi\u010dit\u00e9ho, kter\u00fd je zn\u00e1m\u00fd sv\u00fdmi blahod\u00e1rn\u00fdmi \u00fa\u010dinky na tyto oblasti. Je ide\u00e1ln\u00ed pro pou\u017eit\u00ed v kosmetick\u00fdch p\u0159\u00edpravc\u00edch, jako jsou kr\u00e9my, ple\u0165ov\u00e9 vody a dopl\u0148ky stravy, kter\u00e9 zlep\u0161uj\u00ed stav a vzhled poko\u017eky, vlas\u016f a neht\u016f.<\/p>\n<p>V\u00fdrobek neobsahuje GMO a spl\u0148uje p\u0159\u00edsn\u00e9 normy na rezidua pesticid\u016f a t\u011b\u017ek\u00fdch kov\u016f, co\u017e zaru\u010duje jeho bezpe\u010dnost a vysokou kvalitu. Skladuje se ve vzduchot\u011bsn\u00e9 n\u00e1dob\u011b, mimo dosah vlhkosti a p\u0159\u00edm\u00e9ho slune\u010dn\u00edho z\u00e1\u0159en\u00ed, a zachov\u00e1v\u00e1 si tak sv\u00e9 vlastnosti po dobu 2 let, co\u017e z n\u011bj \u010din\u00ed stabiln\u00ed a spolehlivou ingredienci.<\/p>\n","protected":false},"excerpt":{"rendered":"<p>Extrakt z bambusu<em>(Bambusa Vulgaris<\/em>) vyr\u00e1b\u011bn\u00fd v \u010c\u00edn\u011b je cenn\u00fdm dopl\u0148kem v\u00fdrobk\u016f pro zdrav\u00ed a kr\u00e1su.<\/p>\n","protected":false},"featured_media":29022,"template":"","meta":{"_acf_changed":false},"product_brand":[],"product_cat":[622],"product_tag":[],"class_list":{"0":"post-29216","1":"product","2":"type-product","3":"status-publish","4":"has-post-thumbnail","6":"product_cat-rostlinne-vytazky","7":"pa_czesc-rosliny-stonek-a-list","9":"first","10":"instock","11":"shipping-taxable","12":"product-type-simple"},"acf":[],"yoast_head":"<!-- This site is optimized with the Yoast SEO plugin v27.6 - https:\/\/yoast.com\/product\/yoast-seo-wordpress\/ -->\n<title>Bambusov\u00fd extrakt - Velkoobchodn\u00ed distributor<\/title>\n<meta name=\"description\" content=\"Extrakt z bambusu (Bambusa Vulgaris) vyr\u00e1b\u011bn\u00fd v \u010c\u00edn\u011b je cenn\u00fdm dopl\u0148kem v\u00fdrobk\u016f pro zdrav\u00ed a kr\u00e1su.\" \/>\n<meta name=\"robots\" content=\"index, follow, max-snippet:-1, max-image-preview:large, max-video-preview:-1\" \/>\n<link rel=\"canonical\" href=\"https:\/\/naturalpoland.com\/cs\/produkty\/rostlinne-vytazky\/bambusovy-extrakt\/\" \/>\n<meta property=\"og:locale\" content=\"cs_CZ\" \/>\n<meta property=\"og:type\" content=\"article\" \/>\n<meta property=\"og:title\" content=\"Bambusov\u00fd extrakt - Velkoobchodn\u00ed distributor\" \/>\n<meta property=\"og:description\" content=\"Extrakt z bambusu (Bambusa Vulgaris) vyr\u00e1b\u011bn\u00fd v \u010c\u00edn\u011b je cenn\u00fdm dopl\u0148kem v\u00fdrobk\u016f pro zdrav\u00ed a kr\u00e1su.\" \/>\n<meta property=\"og:url\" content=\"https:\/\/naturalpoland.com\/cs\/produkty\/rostlinne-vytazky\/bambusovy-extrakt\/\" \/>\n<meta property=\"og:site_name\" content=\"NATURAL POLAND - Velkoobchodn\u00ed distributor surovin\" \/>\n<meta property=\"article:publisher\" content=\"https:\/\/www.facebook.com\/naturalpoland.b2b\" \/>\n<meta property=\"og:image\" content=\"https:\/\/naturalpoland.com\/wp-content\/uploads\/bamboo_extract.webp\" \/>\n\t<meta property=\"og:image:width\" content=\"603\" \/>\n\t<meta property=\"og:image:height\" content=\"603\" \/>\n\t<meta property=\"og:image:type\" content=\"image\/webp\" \/>\n<script type=\"application\/ld+json\" class=\"yoast-schema-graph\">{\"@context\":\"https:\\\/\\\/schema.org\",\"@graph\":[{\"@type\":\"WebPage\",\"@id\":\"https:\\\/\\\/naturalpoland.com\\\/cs\\\/produkty\\\/rostlinne-vytazky\\\/bambusovy-extrakt\\\/\",\"url\":\"https:\\\/\\\/naturalpoland.com\\\/cs\\\/produkty\\\/rostlinne-vytazky\\\/bambusovy-extrakt\\\/\",\"name\":\"Bambusov\u00fd extrakt - Velkoobchodn\u00ed distributor\",\"isPartOf\":{\"@id\":\"https:\\\/\\\/naturalpoland.com\\\/cs\\\/#website\"},\"primaryImageOfPage\":{\"@id\":\"https:\\\/\\\/naturalpoland.com\\\/cs\\\/produkty\\\/rostlinne-vytazky\\\/bambusovy-extrakt\\\/#primaryimage\"},\"image\":{\"@id\":\"https:\\\/\\\/naturalpoland.com\\\/cs\\\/produkty\\\/rostlinne-vytazky\\\/bambusovy-extrakt\\\/#primaryimage\"},\"thumbnailUrl\":\"https:\\\/\\\/naturalpoland.com\\\/wp-content\\\/uploads\\\/bamboo_extract.webp\",\"datePublished\":\"2024-01-05T09:27:51+00:00\",\"description\":\"Extrakt z bambusu (Bambusa Vulgaris) vyr\u00e1b\u011bn\u00fd v \u010c\u00edn\u011b je cenn\u00fdm dopl\u0148kem v\u00fdrobk\u016f pro zdrav\u00ed a kr\u00e1su.\",\"breadcrumb\":{\"@id\":\"https:\\\/\\\/naturalpoland.com\\\/cs\\\/produkty\\\/rostlinne-vytazky\\\/bambusovy-extrakt\\\/#breadcrumb\"},\"inLanguage\":\"cs\",\"potentialAction\":[{\"@type\":\"ReadAction\",\"target\":[\"https:\\\/\\\/naturalpoland.com\\\/cs\\\/produkty\\\/rostlinne-vytazky\\\/bambusovy-extrakt\\\/\"]}]},{\"@type\":\"ImageObject\",\"inLanguage\":\"cs\",\"@id\":\"https:\\\/\\\/naturalpoland.com\\\/cs\\\/produkty\\\/rostlinne-vytazky\\\/bambusovy-extrakt\\\/#primaryimage\",\"url\":\"https:\\\/\\\/naturalpoland.com\\\/wp-content\\\/uploads\\\/bamboo_extract.webp\",\"contentUrl\":\"https:\\\/\\\/naturalpoland.com\\\/wp-content\\\/uploads\\\/bamboo_extract.webp\",\"width\":603,\"height\":603,\"caption\":\"bambusov\u00fd extrakt\"},{\"@type\":\"BreadcrumbList\",\"@id\":\"https:\\\/\\\/naturalpoland.com\\\/cs\\\/produkty\\\/rostlinne-vytazky\\\/bambusovy-extrakt\\\/#breadcrumb\",\"itemListElement\":[{\"@type\":\"ListItem\",\"position\":1,\"name\":\"Dom\u016f\",\"item\":\"https:\\\/\\\/naturalpoland.com\\\/cs\\\/\"},{\"@type\":\"ListItem\",\"position\":2,\"name\":\"Produkty\",\"item\":\"https:\\\/\\\/naturalpoland.com\\\/cs\\\/produkty\\\/\"},{\"@type\":\"ListItem\",\"position\":3,\"name\":\"Bambusov\u00fd extrakt\"}]},{\"@type\":\"WebSite\",\"@id\":\"https:\\\/\\\/naturalpoland.com\\\/cs\\\/#website\",\"url\":\"https:\\\/\\\/naturalpoland.com\\\/cs\\\/\",\"name\":\"NATURAL POLAND - Velkoobchodn\u00ed distributor surovin\",\"description\":\"Surowce dla przemys\u0142u spo\u017cywczego, kosmetycznego i farmaceutycznego\",\"publisher\":{\"@id\":\"https:\\\/\\\/naturalpoland.com\\\/cs\\\/#organization\"},\"potentialAction\":[{\"@type\":\"SearchAction\",\"target\":{\"@type\":\"EntryPoint\",\"urlTemplate\":\"https:\\\/\\\/naturalpoland.com\\\/cs\\\/?s={search_term_string}\"},\"query-input\":{\"@type\":\"PropertyValueSpecification\",\"valueRequired\":true,\"valueName\":\"search_term_string\"}}],\"inLanguage\":\"cs\"},{\"@type\":\"Organization\",\"@id\":\"https:\\\/\\\/naturalpoland.com\\\/cs\\\/#organization\",\"name\":\"Natural Poland\",\"url\":\"https:\\\/\\\/naturalpoland.com\\\/cs\\\/\",\"logo\":{\"@type\":\"ImageObject\",\"inLanguage\":\"cs\",\"@id\":\"https:\\\/\\\/naturalpoland.com\\\/cs\\\/#\\\/schema\\\/logo\\\/image\\\/\",\"url\":\"https:\\\/\\\/naturalpoland.com\\\/wp-content\\\/uploads\\\/2021\\\/05\\\/natural-poland-icon.png\",\"contentUrl\":\"https:\\\/\\\/naturalpoland.com\\\/wp-content\\\/uploads\\\/2021\\\/05\\\/natural-poland-icon.png\",\"width\":512,\"height\":512,\"caption\":\"Natural Poland\"},\"image\":{\"@id\":\"https:\\\/\\\/naturalpoland.com\\\/cs\\\/#\\\/schema\\\/logo\\\/image\\\/\"},\"sameAs\":[\"https:\\\/\\\/www.facebook.com\\\/naturalpoland.b2b\",\"https:\\\/\\\/pl.linkedin.com\\\/company\\\/natural-poland\",\"https:\\\/\\\/www.youtube.com\\\/channel\\\/UCgeGGkvOMahZo-xu_MSEWxg\"]}]}<\/script>\n<!-- \/ Yoast SEO plugin. -->","yoast_head_json":{"title":"Bambusov\u00fd extrakt - Velkoobchodn\u00ed distributor","description":"Extrakt z bambusu (Bambusa Vulgaris) vyr\u00e1b\u011bn\u00fd v \u010c\u00edn\u011b je cenn\u00fdm dopl\u0148kem v\u00fdrobk\u016f pro zdrav\u00ed a kr\u00e1su.","robots":{"index":"index","follow":"follow","max-snippet":"max-snippet:-1","max-image-preview":"max-image-preview:large","max-video-preview":"max-video-preview:-1"},"canonical":"https:\/\/naturalpoland.com\/cs\/produkty\/rostlinne-vytazky\/bambusovy-extrakt\/","og_locale":"cs_CZ","og_type":"article","og_title":"Bambusov\u00fd extrakt - Velkoobchodn\u00ed distributor","og_description":"Extrakt z bambusu (Bambusa Vulgaris) vyr\u00e1b\u011bn\u00fd v \u010c\u00edn\u011b je cenn\u00fdm dopl\u0148kem v\u00fdrobk\u016f pro zdrav\u00ed a kr\u00e1su.","og_url":"https:\/\/naturalpoland.com\/cs\/produkty\/rostlinne-vytazky\/bambusovy-extrakt\/","og_site_name":"NATURAL POLAND - Velkoobchodn\u00ed distributor surovin","article_publisher":"https:\/\/www.facebook.com\/naturalpoland.b2b","og_image":[{"width":603,"height":603,"url":"https:\/\/naturalpoland.com\/wp-content\/uploads\/bamboo_extract.webp","type":"image\/webp"}],"schema":{"@context":"https:\/\/schema.org","@graph":[{"@type":"WebPage","@id":"https:\/\/naturalpoland.com\/cs\/produkty\/rostlinne-vytazky\/bambusovy-extrakt\/","url":"https:\/\/naturalpoland.com\/cs\/produkty\/rostlinne-vytazky\/bambusovy-extrakt\/","name":"Bambusov\u00fd extrakt - Velkoobchodn\u00ed distributor","isPartOf":{"@id":"https:\/\/naturalpoland.com\/cs\/#website"},"primaryImageOfPage":{"@id":"https:\/\/naturalpoland.com\/cs\/produkty\/rostlinne-vytazky\/bambusovy-extrakt\/#primaryimage"},"image":{"@id":"https:\/\/naturalpoland.com\/cs\/produkty\/rostlinne-vytazky\/bambusovy-extrakt\/#primaryimage"},"thumbnailUrl":"https:\/\/naturalpoland.com\/wp-content\/uploads\/bamboo_extract.webp","datePublished":"2024-01-05T09:27:51+00:00","description":"Extrakt z bambusu (Bambusa Vulgaris) vyr\u00e1b\u011bn\u00fd v \u010c\u00edn\u011b je cenn\u00fdm dopl\u0148kem v\u00fdrobk\u016f pro zdrav\u00ed a kr\u00e1su.","breadcrumb":{"@id":"https:\/\/naturalpoland.com\/cs\/produkty\/rostlinne-vytazky\/bambusovy-extrakt\/#breadcrumb"},"inLanguage":"cs","potentialAction":[{"@type":"ReadAction","target":["https:\/\/naturalpoland.com\/cs\/produkty\/rostlinne-vytazky\/bambusovy-extrakt\/"]}]},{"@type":"ImageObject","inLanguage":"cs","@id":"https:\/\/naturalpoland.com\/cs\/produkty\/rostlinne-vytazky\/bambusovy-extrakt\/#primaryimage","url":"https:\/\/naturalpoland.com\/wp-content\/uploads\/bamboo_extract.webp","contentUrl":"https:\/\/naturalpoland.com\/wp-content\/uploads\/bamboo_extract.webp","width":603,"height":603,"caption":"bambusov\u00fd extrakt"},{"@type":"BreadcrumbList","@id":"https:\/\/naturalpoland.com\/cs\/produkty\/rostlinne-vytazky\/bambusovy-extrakt\/#breadcrumb","itemListElement":[{"@type":"ListItem","position":1,"name":"Dom\u016f","item":"https:\/\/naturalpoland.com\/cs\/"},{"@type":"ListItem","position":2,"name":"Produkty","item":"https:\/\/naturalpoland.com\/cs\/produkty\/"},{"@type":"ListItem","position":3,"name":"Bambusov\u00fd extrakt"}]},{"@type":"WebSite","@id":"https:\/\/naturalpoland.com\/cs\/#website","url":"https:\/\/naturalpoland.com\/cs\/","name":"NATURAL POLAND - Velkoobchodn\u00ed distributor surovin","description":"Surowce dla przemys\u0142u spo\u017cywczego, kosmetycznego i farmaceutycznego","publisher":{"@id":"https:\/\/naturalpoland.com\/cs\/#organization"},"potentialAction":[{"@type":"SearchAction","target":{"@type":"EntryPoint","urlTemplate":"https:\/\/naturalpoland.com\/cs\/?s={search_term_string}"},"query-input":{"@type":"PropertyValueSpecification","valueRequired":true,"valueName":"search_term_string"}}],"inLanguage":"cs"},{"@type":"Organization","@id":"https:\/\/naturalpoland.com\/cs\/#organization","name":"Natural Poland","url":"https:\/\/naturalpoland.com\/cs\/","logo":{"@type":"ImageObject","inLanguage":"cs","@id":"https:\/\/naturalpoland.com\/cs\/#\/schema\/logo\/image\/","url":"https:\/\/naturalpoland.com\/wp-content\/uploads\/2021\/05\/natural-poland-icon.png","contentUrl":"https:\/\/naturalpoland.com\/wp-content\/uploads\/2021\/05\/natural-poland-icon.png","width":512,"height":512,"caption":"Natural Poland"},"image":{"@id":"https:\/\/naturalpoland.com\/cs\/#\/schema\/logo\/image\/"},"sameAs":["https:\/\/www.facebook.com\/naturalpoland.b2b","https:\/\/pl.linkedin.com\/company\/natural-poland","https:\/\/www.youtube.com\/channel\/UCgeGGkvOMahZo-xu_MSEWxg"]}]}},"_links":{"self":[{"href":"https:\/\/naturalpoland.com\/cs\/wp-json\/wp\/v2\/product\/29216","targetHints":{"allow":["GET"]}}],"collection":[{"href":"https:\/\/naturalpoland.com\/cs\/wp-json\/wp\/v2\/product"}],"about":[{"href":"https:\/\/naturalpoland.com\/cs\/wp-json\/wp\/v2\/types\/product"}],"wp:featuredmedia":[{"embeddable":true,"href":"https:\/\/naturalpoland.com\/cs\/wp-json\/wp\/v2\/media\/29022"}],"wp:attachment":[{"href":"https:\/\/naturalpoland.com\/cs\/wp-json\/wp\/v2\/media?parent=29216"}],"wp:term":[{"taxonomy":"product_brand","embeddable":true,"href":"https:\/\/naturalpoland.com\/cs\/wp-json\/wp\/v2\/product_brand?post=29216"},{"taxonomy":"product_cat","embeddable":true,"href":"https:\/\/naturalpoland.com\/cs\/wp-json\/wp\/v2\/product_cat?post=29216"},{"taxonomy":"product_tag","embeddable":true,"href":"https:\/\/naturalpoland.com\/cs\/wp-json\/wp\/v2\/product_tag?post=29216"}],"curies":[{"name":"wp","href":"https:\/\/api.w.org\/{rel}","templated":true}]}}