{"id":29259,"date":"2023-12-29T12:44:56","date_gmt":"2024-01-05T09:35:05","guid":{"rendered":"https:\/\/naturalpoland.com\/produkty\/nezarazene\/vytazek-z-maty-peprne\/"},"modified":"2024-01-05T10:35:05","modified_gmt":"2024-01-05T09:35:05","slug":"vytazek-z-maty-peprne","status":"publish","type":"product","link":"https:\/\/naturalpoland.com\/cs\/produkty\/rostlinne-vytazky\/vytazek-z-maty-peprne\/","title":{"rendered":"V\u00fdta\u017eek z m\u00e1ty peprn\u00e9"},"content":{"rendered":"<p>V\u00fdta\u017eek z m\u00e1ty peprn\u00e9 je jemn\u011b mlet\u00fd pr\u00e1\u0161ek, kter\u00fd se vyzna\u010duje hn\u011bdou barvou a typickou chut\u00ed a v\u016fn\u00ed m\u00e1ty. Extrakt spl\u0148uje normy USP a neobsahuje GMO, t\u011b\u017ek\u00e9 kovy ani pesticidy, co\u017e zaru\u010duje jeho bezpe\u010dn\u00e9 pou\u017eit\u00ed.<\/p>\n<p>Jako slo\u017eka dopl\u0148k\u016f stravy se extrakt z m\u00e1ty peprn\u00e9 pou\u017e\u00edv\u00e1 pro sv\u00e9 vlastnosti uklid\u0148ovat tr\u00e1vic\u00ed syst\u00e9m, napom\u00e1hat relaxaci a zm\u00edr\u0148ovat p\u0159\u00edznaky stresu. V kosmetice se extrakt d\u00edky sv\u00fdm antioxida\u010dn\u00edm a osv\u011b\u017euj\u00edc\u00edm vlastnostem pou\u017e\u00edv\u00e1 v produktech p\u00e9\u010de o ple\u0165, v\u010detn\u011b kr\u00e9m\u016f, tonik a ple\u0165ov\u00fdch vod. Krom\u011b toho je m\u00e1ta peprn\u00e1 cen\u011bna pro sv\u00e9 osv\u011b\u017euj\u00edc\u00ed a tonizuj\u00edc\u00ed \u00fa\u010dinky.<\/p>\n","protected":false},"excerpt":{"rendered":"<p>Extrakt z m\u00e1ty peprn\u00e9 (<em>Mentha Piperita)<\/em> poch\u00e1zej\u00edc\u00ed z \u010c\u00edny je vysoce cen\u011bn\u00fd v dopl\u0148c\u00edch stravy a kosmetick\u00e9 v\u00fdrob\u011b.<\/p>\n","protected":false},"featured_media":28994,"template":"","meta":[],"product_brand":[],"product_cat":[622],"product_tag":[],"class_list":{"0":"post-29259","1":"product","2":"type-product","3":"status-publish","4":"has-post-thumbnail","6":"product_cat-rostlinne-vytazky","7":"pa_certyfikaty-koser-certifikace","8":"pa_certyfikaty-halal-cs","9":"pa_czesc-rosliny-listy","11":"first","12":"instock","13":"shipping-taxable","14":"product-type-variable"},"yoast_head":"<!-- This site is optimized with the Yoast SEO plugin v27.4 - https:\/\/yoast.com\/product\/yoast-seo-wordpress\/ -->\n<title>V\u00fdta\u017eek z m\u00e1ty peprn\u00e9 - Velkoobchodn\u00ed distributor<\/title>\n<meta name=\"description\" content=\"Extrakt z m\u00e1ty peprn\u00e9 (Mentha Piperita) poch\u00e1zej\u00edc\u00ed z \u010c\u00edny je vysoce cen\u011bn\u00fd v dopl\u0148c\u00edch stravy a kosmetick\u00e9 v\u00fdrob\u011b.\" \/>\n<meta name=\"robots\" content=\"index, follow, max-snippet:-1, max-image-preview:large, max-video-preview:-1\" \/>\n<link rel=\"canonical\" href=\"https:\/\/naturalpoland.com\/cs\/produkty\/rostlinne-vytazky\/vytazek-z-maty-peprne\/\" \/>\n<meta property=\"og:locale\" content=\"cs_CZ\" \/>\n<meta property=\"og:type\" content=\"article\" \/>\n<meta property=\"og:title\" content=\"V\u00fdta\u017eek z m\u00e1ty peprn\u00e9 - Velkoobchodn\u00ed distributor\" \/>\n<meta property=\"og:description\" content=\"Extrakt z m\u00e1ty peprn\u00e9 (Mentha Piperita) poch\u00e1zej\u00edc\u00ed z \u010c\u00edny je vysoce cen\u011bn\u00fd v dopl\u0148c\u00edch stravy a kosmetick\u00e9 v\u00fdrob\u011b.\" \/>\n<meta property=\"og:url\" content=\"https:\/\/naturalpoland.com\/cs\/produkty\/rostlinne-vytazky\/vytazek-z-maty-peprne\/\" \/>\n<meta property=\"og:site_name\" content=\"NATURAL POLAND - Velkoobchodn\u00ed distributor surovin\" \/>\n<meta property=\"article:publisher\" content=\"https:\/\/www.facebook.com\/naturalpoland.b2b\" \/>\n<meta property=\"og:image\" content=\"https:\/\/naturalpoland.com\/wp-content\/uploads\/mentha_piperita_extract.webp\" \/>\n\t<meta property=\"og:image:width\" content=\"612\" \/>\n\t<meta property=\"og:image:height\" content=\"612\" \/>\n\t<meta property=\"og:image:type\" content=\"image\/webp\" \/>\n<script type=\"application\/ld+json\" class=\"yoast-schema-graph\">{\"@context\":\"https:\\\/\\\/schema.org\",\"@graph\":[{\"@type\":\"WebPage\",\"@id\":\"https:\\\/\\\/naturalpoland.com\\\/cs\\\/produkty\\\/rostlinne-vytazky\\\/vytazek-z-maty-peprne\\\/\",\"url\":\"https:\\\/\\\/naturalpoland.com\\\/cs\\\/produkty\\\/rostlinne-vytazky\\\/vytazek-z-maty-peprne\\\/\",\"name\":\"V\u00fdta\u017eek z m\u00e1ty peprn\u00e9 - Velkoobchodn\u00ed distributor\",\"isPartOf\":{\"@id\":\"https:\\\/\\\/naturalpoland.com\\\/cs\\\/#website\"},\"primaryImageOfPage\":{\"@id\":\"https:\\\/\\\/naturalpoland.com\\\/cs\\\/produkty\\\/rostlinne-vytazky\\\/vytazek-z-maty-peprne\\\/#primaryimage\"},\"image\":{\"@id\":\"https:\\\/\\\/naturalpoland.com\\\/cs\\\/produkty\\\/rostlinne-vytazky\\\/vytazek-z-maty-peprne\\\/#primaryimage\"},\"thumbnailUrl\":\"https:\\\/\\\/naturalpoland.com\\\/wp-content\\\/uploads\\\/mentha_piperita_extract.webp\",\"datePublished\":\"2024-01-05T09:35:05+00:00\",\"description\":\"Extrakt z m\u00e1ty peprn\u00e9 (Mentha Piperita) poch\u00e1zej\u00edc\u00ed z \u010c\u00edny je vysoce cen\u011bn\u00fd v dopl\u0148c\u00edch stravy a kosmetick\u00e9 v\u00fdrob\u011b.\",\"breadcrumb\":{\"@id\":\"https:\\\/\\\/naturalpoland.com\\\/cs\\\/produkty\\\/rostlinne-vytazky\\\/vytazek-z-maty-peprne\\\/#breadcrumb\"},\"inLanguage\":\"cs\",\"potentialAction\":[{\"@type\":\"ReadAction\",\"target\":[\"https:\\\/\\\/naturalpoland.com\\\/cs\\\/produkty\\\/rostlinne-vytazky\\\/vytazek-z-maty-peprne\\\/\"]}]},{\"@type\":\"ImageObject\",\"inLanguage\":\"cs\",\"@id\":\"https:\\\/\\\/naturalpoland.com\\\/cs\\\/produkty\\\/rostlinne-vytazky\\\/vytazek-z-maty-peprne\\\/#primaryimage\",\"url\":\"https:\\\/\\\/naturalpoland.com\\\/wp-content\\\/uploads\\\/mentha_piperita_extract.webp\",\"contentUrl\":\"https:\\\/\\\/naturalpoland.com\\\/wp-content\\\/uploads\\\/mentha_piperita_extract.webp\",\"width\":612,\"height\":612,\"caption\":\"V\u00fdta\u017eek z m\u00e1ty peprn\u00e9\"},{\"@type\":\"BreadcrumbList\",\"@id\":\"https:\\\/\\\/naturalpoland.com\\\/cs\\\/produkty\\\/rostlinne-vytazky\\\/vytazek-z-maty-peprne\\\/#breadcrumb\",\"itemListElement\":[{\"@type\":\"ListItem\",\"position\":1,\"name\":\"Dom\u016f\",\"item\":\"https:\\\/\\\/naturalpoland.com\\\/cs\\\/\"},{\"@type\":\"ListItem\",\"position\":2,\"name\":\"Produkty\",\"item\":\"https:\\\/\\\/naturalpoland.com\\\/cs\\\/produkty\\\/\"},{\"@type\":\"ListItem\",\"position\":3,\"name\":\"V\u00fdta\u017eek z m\u00e1ty peprn\u00e9\"}]},{\"@type\":\"WebSite\",\"@id\":\"https:\\\/\\\/naturalpoland.com\\\/cs\\\/#website\",\"url\":\"https:\\\/\\\/naturalpoland.com\\\/cs\\\/\",\"name\":\"NATURAL POLAND - Velkoobchodn\u00ed distributor surovin\",\"description\":\"Surowce dla przemys\u0142u spo\u017cywczego, kosmetycznego i farmaceutycznego\",\"publisher\":{\"@id\":\"https:\\\/\\\/naturalpoland.com\\\/cs\\\/#organization\"},\"potentialAction\":[{\"@type\":\"SearchAction\",\"target\":{\"@type\":\"EntryPoint\",\"urlTemplate\":\"https:\\\/\\\/naturalpoland.com\\\/cs\\\/?s={search_term_string}\"},\"query-input\":{\"@type\":\"PropertyValueSpecification\",\"valueRequired\":true,\"valueName\":\"search_term_string\"}}],\"inLanguage\":\"cs\"},{\"@type\":\"Organization\",\"@id\":\"https:\\\/\\\/naturalpoland.com\\\/cs\\\/#organization\",\"name\":\"Natural Poland\",\"url\":\"https:\\\/\\\/naturalpoland.com\\\/cs\\\/\",\"logo\":{\"@type\":\"ImageObject\",\"inLanguage\":\"cs\",\"@id\":\"https:\\\/\\\/naturalpoland.com\\\/cs\\\/#\\\/schema\\\/logo\\\/image\\\/\",\"url\":\"https:\\\/\\\/naturalpoland.com\\\/wp-content\\\/uploads\\\/2021\\\/05\\\/natural-poland-icon.png\",\"contentUrl\":\"https:\\\/\\\/naturalpoland.com\\\/wp-content\\\/uploads\\\/2021\\\/05\\\/natural-poland-icon.png\",\"width\":512,\"height\":512,\"caption\":\"Natural Poland\"},\"image\":{\"@id\":\"https:\\\/\\\/naturalpoland.com\\\/cs\\\/#\\\/schema\\\/logo\\\/image\\\/\"},\"sameAs\":[\"https:\\\/\\\/www.facebook.com\\\/naturalpoland.b2b\",\"https:\\\/\\\/pl.linkedin.com\\\/company\\\/natural-poland\",\"https:\\\/\\\/www.youtube.com\\\/channel\\\/UCgeGGkvOMahZo-xu_MSEWxg\"]}]}<\/script>\n<!-- \/ Yoast SEO plugin. -->","yoast_head_json":{"title":"V\u00fdta\u017eek z m\u00e1ty peprn\u00e9 - Velkoobchodn\u00ed distributor","description":"Extrakt z m\u00e1ty peprn\u00e9 (Mentha Piperita) poch\u00e1zej\u00edc\u00ed z \u010c\u00edny je vysoce cen\u011bn\u00fd v dopl\u0148c\u00edch stravy a kosmetick\u00e9 v\u00fdrob\u011b.","robots":{"index":"index","follow":"follow","max-snippet":"max-snippet:-1","max-image-preview":"max-image-preview:large","max-video-preview":"max-video-preview:-1"},"canonical":"https:\/\/naturalpoland.com\/cs\/produkty\/rostlinne-vytazky\/vytazek-z-maty-peprne\/","og_locale":"cs_CZ","og_type":"article","og_title":"V\u00fdta\u017eek z m\u00e1ty peprn\u00e9 - Velkoobchodn\u00ed distributor","og_description":"Extrakt z m\u00e1ty peprn\u00e9 (Mentha Piperita) poch\u00e1zej\u00edc\u00ed z \u010c\u00edny je vysoce cen\u011bn\u00fd v dopl\u0148c\u00edch stravy a kosmetick\u00e9 v\u00fdrob\u011b.","og_url":"https:\/\/naturalpoland.com\/cs\/produkty\/rostlinne-vytazky\/vytazek-z-maty-peprne\/","og_site_name":"NATURAL POLAND - Velkoobchodn\u00ed distributor surovin","article_publisher":"https:\/\/www.facebook.com\/naturalpoland.b2b","og_image":[{"width":612,"height":612,"url":"https:\/\/naturalpoland.com\/wp-content\/uploads\/mentha_piperita_extract.webp","type":"image\/webp"}],"schema":{"@context":"https:\/\/schema.org","@graph":[{"@type":"WebPage","@id":"https:\/\/naturalpoland.com\/cs\/produkty\/rostlinne-vytazky\/vytazek-z-maty-peprne\/","url":"https:\/\/naturalpoland.com\/cs\/produkty\/rostlinne-vytazky\/vytazek-z-maty-peprne\/","name":"V\u00fdta\u017eek z m\u00e1ty peprn\u00e9 - Velkoobchodn\u00ed distributor","isPartOf":{"@id":"https:\/\/naturalpoland.com\/cs\/#website"},"primaryImageOfPage":{"@id":"https:\/\/naturalpoland.com\/cs\/produkty\/rostlinne-vytazky\/vytazek-z-maty-peprne\/#primaryimage"},"image":{"@id":"https:\/\/naturalpoland.com\/cs\/produkty\/rostlinne-vytazky\/vytazek-z-maty-peprne\/#primaryimage"},"thumbnailUrl":"https:\/\/naturalpoland.com\/wp-content\/uploads\/mentha_piperita_extract.webp","datePublished":"2024-01-05T09:35:05+00:00","description":"Extrakt z m\u00e1ty peprn\u00e9 (Mentha Piperita) poch\u00e1zej\u00edc\u00ed z \u010c\u00edny je vysoce cen\u011bn\u00fd v dopl\u0148c\u00edch stravy a kosmetick\u00e9 v\u00fdrob\u011b.","breadcrumb":{"@id":"https:\/\/naturalpoland.com\/cs\/produkty\/rostlinne-vytazky\/vytazek-z-maty-peprne\/#breadcrumb"},"inLanguage":"cs","potentialAction":[{"@type":"ReadAction","target":["https:\/\/naturalpoland.com\/cs\/produkty\/rostlinne-vytazky\/vytazek-z-maty-peprne\/"]}]},{"@type":"ImageObject","inLanguage":"cs","@id":"https:\/\/naturalpoland.com\/cs\/produkty\/rostlinne-vytazky\/vytazek-z-maty-peprne\/#primaryimage","url":"https:\/\/naturalpoland.com\/wp-content\/uploads\/mentha_piperita_extract.webp","contentUrl":"https:\/\/naturalpoland.com\/wp-content\/uploads\/mentha_piperita_extract.webp","width":612,"height":612,"caption":"V\u00fdta\u017eek z m\u00e1ty peprn\u00e9"},{"@type":"BreadcrumbList","@id":"https:\/\/naturalpoland.com\/cs\/produkty\/rostlinne-vytazky\/vytazek-z-maty-peprne\/#breadcrumb","itemListElement":[{"@type":"ListItem","position":1,"name":"Dom\u016f","item":"https:\/\/naturalpoland.com\/cs\/"},{"@type":"ListItem","position":2,"name":"Produkty","item":"https:\/\/naturalpoland.com\/cs\/produkty\/"},{"@type":"ListItem","position":3,"name":"V\u00fdta\u017eek z m\u00e1ty peprn\u00e9"}]},{"@type":"WebSite","@id":"https:\/\/naturalpoland.com\/cs\/#website","url":"https:\/\/naturalpoland.com\/cs\/","name":"NATURAL POLAND - Velkoobchodn\u00ed distributor surovin","description":"Surowce dla przemys\u0142u spo\u017cywczego, kosmetycznego i farmaceutycznego","publisher":{"@id":"https:\/\/naturalpoland.com\/cs\/#organization"},"potentialAction":[{"@type":"SearchAction","target":{"@type":"EntryPoint","urlTemplate":"https:\/\/naturalpoland.com\/cs\/?s={search_term_string}"},"query-input":{"@type":"PropertyValueSpecification","valueRequired":true,"valueName":"search_term_string"}}],"inLanguage":"cs"},{"@type":"Organization","@id":"https:\/\/naturalpoland.com\/cs\/#organization","name":"Natural Poland","url":"https:\/\/naturalpoland.com\/cs\/","logo":{"@type":"ImageObject","inLanguage":"cs","@id":"https:\/\/naturalpoland.com\/cs\/#\/schema\/logo\/image\/","url":"https:\/\/naturalpoland.com\/wp-content\/uploads\/2021\/05\/natural-poland-icon.png","contentUrl":"https:\/\/naturalpoland.com\/wp-content\/uploads\/2021\/05\/natural-poland-icon.png","width":512,"height":512,"caption":"Natural Poland"},"image":{"@id":"https:\/\/naturalpoland.com\/cs\/#\/schema\/logo\/image\/"},"sameAs":["https:\/\/www.facebook.com\/naturalpoland.b2b","https:\/\/pl.linkedin.com\/company\/natural-poland","https:\/\/www.youtube.com\/channel\/UCgeGGkvOMahZo-xu_MSEWxg"]}]}},"_links":{"self":[{"href":"https:\/\/naturalpoland.com\/cs\/wp-json\/wp\/v2\/product\/29259","targetHints":{"allow":["GET"]}}],"collection":[{"href":"https:\/\/naturalpoland.com\/cs\/wp-json\/wp\/v2\/product"}],"about":[{"href":"https:\/\/naturalpoland.com\/cs\/wp-json\/wp\/v2\/types\/product"}],"wp:featuredmedia":[{"embeddable":true,"href":"https:\/\/naturalpoland.com\/cs\/wp-json\/wp\/v2\/media\/28994"}],"wp:attachment":[{"href":"https:\/\/naturalpoland.com\/cs\/wp-json\/wp\/v2\/media?parent=29259"}],"wp:term":[{"taxonomy":"product_brand","embeddable":true,"href":"https:\/\/naturalpoland.com\/cs\/wp-json\/wp\/v2\/product_brand?post=29259"},{"taxonomy":"product_cat","embeddable":true,"href":"https:\/\/naturalpoland.com\/cs\/wp-json\/wp\/v2\/product_cat?post=29259"},{"taxonomy":"product_tag","embeddable":true,"href":"https:\/\/naturalpoland.com\/cs\/wp-json\/wp\/v2\/product_tag?post=29259"}],"curies":[{"name":"wp","href":"https:\/\/api.w.org\/{rel}","templated":true}]}}