{"id":29327,"date":"2024-01-04T15:47:07","date_gmt":"2024-01-10T11:33:46","guid":{"rendered":"https:\/\/naturalpoland.com\/produkty\/nezarazene\/acetyltetrapeptid-11\/"},"modified":"2024-01-10T12:33:46","modified_gmt":"2024-01-10T11:33:46","slug":"acetyltetrapeptid-11","status":"publish","type":"product","link":"https:\/\/naturalpoland.com\/cs\/produkty\/produkty-pro-kosmeticky-prumysl\/peptidy\/acetyltetrapeptid-11\/","title":{"rendered":"Acetyltetrapeptid-11"},"content":{"rendered":"<p>Syndekan-1 je kl\u00ed\u010dov\u00fdm prvkem p\u0159i udr\u017eov\u00e1n\u00ed spr\u00e1vn\u00e9 p\u0159ilnavosti a struktury epidermis, co\u017e m\u00e1 p\u0159\u00edm\u00fd vliv na jej\u00ed zdrav\u00fd vzhled a pru\u017enost. D\u00edky sv\u00fdm vlastnostem se tetrapeptid-11 aktivn\u011b pou\u017e\u00edv\u00e1 v p\u0159\u00edpravc\u00edch proti st\u00e1rnut\u00ed a vr\u00e1sk\u00e1m, jako jsou ple\u0165ov\u00e9 vody, denn\u00ed a no\u010dn\u00ed kr\u00e9my a o\u010dn\u00ed s\u00e9ra.<\/p>\n<p>Jeho \u00fa\u010dinek spo\u010d\u00edv\u00e1 ve stimulaci produkce Syndekanu-1, co\u017e vede k pos\u00edlen\u00ed vazeb mezi epiderm\u00e1ln\u00edmi bu\u0148kami, co\u017e m\u016f\u017ee v\u00e9st ke zlep\u0161en\u00ed pevnosti a pru\u017enosti poko\u017eky. D\u00edky tomu je poko\u017eka odoln\u011bj\u0161\u00ed v\u016f\u010di vn\u011bj\u0161\u00edm faktor\u016fm a m\u00e9n\u011b n\u00e1chyln\u00e1 k procesu st\u00e1rnut\u00ed. Pravideln\u00e9 pou\u017e\u00edv\u00e1n\u00ed p\u0159\u00edpravk\u016f s tetrapeptidem-11 m\u016f\u017ee pomoci vyhladit vr\u00e1sky, zlep\u0161it strukturu pleti a zv\u00fd\u0161it jej\u00ed hydrataci.<\/p>\n<p>Tento p\u0159\u00edpravek se doporu\u010duje pou\u017e\u00edvat v n\u00edzk\u00fdch koncentrac\u00edch (0,000105-0,0165 %) a jeho \u00fa\u010dinnost byla potvrzena v laboratorn\u00edch studi\u00edch. Acetyltetrapeptid-11 je bezpe\u010dn\u00fd a poko\u017eka jej dob\u0159e sn\u00e1\u0161\u00ed, tak\u017ee je ide\u00e1ln\u00ed slo\u017ekou pro ty, kte\u0159\u00ed hledaj\u00ed \u00fa\u010dinn\u00e1, ale \u0161etrn\u00e1 kosmetick\u00e1 \u0159e\u0161en\u00ed proti st\u00e1rnut\u00ed.<\/p>\n","protected":false},"excerpt":{"rendered":"<p>Acetyltetrapeptid-11, zn\u00e1m\u00fd tak\u00e9 jako tetrapeptid-11, je modern\u00ed kosmetick\u00e1 slo\u017eka, jej\u00ed\u017e hlavn\u00ed funkc\u00ed je podpora synt\u00e9zy syndekanu-1.<\/p>\n","protected":false},"featured_media":29169,"template":"","meta":[],"product_brand":[],"product_cat":[2488],"product_tag":[],"class_list":{"0":"post-29327","1":"product","2":"type-product","3":"status-publish","4":"has-post-thumbnail","6":"product_cat-peptidy","7":"pa_metoda-pozyskiwania-biologicka-fermentace","9":"first","10":"instock","11":"shipping-taxable","12":"product-type-simple"},"yoast_head":"<!-- This site is optimized with the Yoast SEO plugin v27.4 - https:\/\/yoast.com\/product\/yoast-seo-wordpress\/ -->\n<title>Acetyltetrapeptid-11 - Velkoobchodn\u00ed distributor<\/title>\n<meta name=\"description\" content=\"Acetyltetrapeptid-11 je modern\u00ed kosmetick\u00e1 slo\u017eka, jej\u00ed\u017e hlavn\u00ed funkc\u00ed je podpora synt\u00e9zy syndekanu-1.\" \/>\n<meta name=\"robots\" content=\"index, follow, max-snippet:-1, max-image-preview:large, max-video-preview:-1\" \/>\n<link rel=\"canonical\" href=\"https:\/\/naturalpoland.com\/cs\/produkty\/produkty-pro-kosmeticky-prumysl\/peptidy\/acetyltetrapeptid-11\/\" \/>\n<meta property=\"og:locale\" content=\"cs_CZ\" \/>\n<meta property=\"og:type\" content=\"article\" \/>\n<meta property=\"og:title\" content=\"Acetyltetrapeptid-11 - Velkoobchodn\u00ed distributor\" \/>\n<meta property=\"og:description\" content=\"Acetyltetrapeptid-11 je modern\u00ed kosmetick\u00e1 slo\u017eka, jej\u00ed\u017e hlavn\u00ed funkc\u00ed je podpora synt\u00e9zy syndekanu-1.\" \/>\n<meta property=\"og:url\" content=\"https:\/\/naturalpoland.com\/cs\/produkty\/produkty-pro-kosmeticky-prumysl\/peptidy\/acetyltetrapeptid-11\/\" \/>\n<meta property=\"og:site_name\" content=\"NATURAL POLAND - Velkoobchodn\u00ed distributor surovin\" \/>\n<meta property=\"article:publisher\" content=\"https:\/\/www.facebook.com\/naturalpoland.b2b\" \/>\n<meta property=\"og:image\" content=\"https:\/\/naturalpoland.com\/wp-content\/uploads\/acetyl_tetrapeptide-11.webp\" \/>\n\t<meta property=\"og:image:width\" content=\"612\" \/>\n\t<meta property=\"og:image:height\" content=\"612\" \/>\n\t<meta property=\"og:image:type\" content=\"image\/webp\" \/>\n<script type=\"application\/ld+json\" class=\"yoast-schema-graph\">{\"@context\":\"https:\\\/\\\/schema.org\",\"@graph\":[{\"@type\":\"WebPage\",\"@id\":\"https:\\\/\\\/naturalpoland.com\\\/cs\\\/produkty\\\/produkty-pro-kosmeticky-prumysl\\\/peptidy\\\/acetyltetrapeptid-11\\\/\",\"url\":\"https:\\\/\\\/naturalpoland.com\\\/cs\\\/produkty\\\/produkty-pro-kosmeticky-prumysl\\\/peptidy\\\/acetyltetrapeptid-11\\\/\",\"name\":\"Acetyltetrapeptid-11 - Velkoobchodn\u00ed distributor\",\"isPartOf\":{\"@id\":\"https:\\\/\\\/naturalpoland.com\\\/cs\\\/#website\"},\"primaryImageOfPage\":{\"@id\":\"https:\\\/\\\/naturalpoland.com\\\/cs\\\/produkty\\\/produkty-pro-kosmeticky-prumysl\\\/peptidy\\\/acetyltetrapeptid-11\\\/#primaryimage\"},\"image\":{\"@id\":\"https:\\\/\\\/naturalpoland.com\\\/cs\\\/produkty\\\/produkty-pro-kosmeticky-prumysl\\\/peptidy\\\/acetyltetrapeptid-11\\\/#primaryimage\"},\"thumbnailUrl\":\"https:\\\/\\\/naturalpoland.com\\\/wp-content\\\/uploads\\\/acetyl_tetrapeptide-11.webp\",\"datePublished\":\"2024-01-10T11:33:46+00:00\",\"description\":\"Acetyltetrapeptid-11 je modern\u00ed kosmetick\u00e1 slo\u017eka, jej\u00ed\u017e hlavn\u00ed funkc\u00ed je podpora synt\u00e9zy syndekanu-1.\",\"breadcrumb\":{\"@id\":\"https:\\\/\\\/naturalpoland.com\\\/cs\\\/produkty\\\/produkty-pro-kosmeticky-prumysl\\\/peptidy\\\/acetyltetrapeptid-11\\\/#breadcrumb\"},\"inLanguage\":\"cs\",\"potentialAction\":[{\"@type\":\"ReadAction\",\"target\":[\"https:\\\/\\\/naturalpoland.com\\\/cs\\\/produkty\\\/produkty-pro-kosmeticky-prumysl\\\/peptidy\\\/acetyltetrapeptid-11\\\/\"]}]},{\"@type\":\"ImageObject\",\"inLanguage\":\"cs\",\"@id\":\"https:\\\/\\\/naturalpoland.com\\\/cs\\\/produkty\\\/produkty-pro-kosmeticky-prumysl\\\/peptidy\\\/acetyltetrapeptid-11\\\/#primaryimage\",\"url\":\"https:\\\/\\\/naturalpoland.com\\\/wp-content\\\/uploads\\\/acetyl_tetrapeptide-11.webp\",\"contentUrl\":\"https:\\\/\\\/naturalpoland.com\\\/wp-content\\\/uploads\\\/acetyl_tetrapeptide-11.webp\",\"width\":612,\"height\":612,\"caption\":\"Acetyltetrapeptid-11\"},{\"@type\":\"BreadcrumbList\",\"@id\":\"https:\\\/\\\/naturalpoland.com\\\/cs\\\/produkty\\\/produkty-pro-kosmeticky-prumysl\\\/peptidy\\\/acetyltetrapeptid-11\\\/#breadcrumb\",\"itemListElement\":[{\"@type\":\"ListItem\",\"position\":1,\"name\":\"Dom\u016f\",\"item\":\"https:\\\/\\\/naturalpoland.com\\\/cs\\\/\"},{\"@type\":\"ListItem\",\"position\":2,\"name\":\"Produkty\",\"item\":\"https:\\\/\\\/naturalpoland.com\\\/cs\\\/produkty\\\/\"},{\"@type\":\"ListItem\",\"position\":3,\"name\":\"Acetyltetrapeptid-11\"}]},{\"@type\":\"WebSite\",\"@id\":\"https:\\\/\\\/naturalpoland.com\\\/cs\\\/#website\",\"url\":\"https:\\\/\\\/naturalpoland.com\\\/cs\\\/\",\"name\":\"NATURAL POLAND - Velkoobchodn\u00ed distributor surovin\",\"description\":\"Surowce dla przemys\u0142u spo\u017cywczego, kosmetycznego i farmaceutycznego\",\"publisher\":{\"@id\":\"https:\\\/\\\/naturalpoland.com\\\/cs\\\/#organization\"},\"potentialAction\":[{\"@type\":\"SearchAction\",\"target\":{\"@type\":\"EntryPoint\",\"urlTemplate\":\"https:\\\/\\\/naturalpoland.com\\\/cs\\\/?s={search_term_string}\"},\"query-input\":{\"@type\":\"PropertyValueSpecification\",\"valueRequired\":true,\"valueName\":\"search_term_string\"}}],\"inLanguage\":\"cs\"},{\"@type\":\"Organization\",\"@id\":\"https:\\\/\\\/naturalpoland.com\\\/cs\\\/#organization\",\"name\":\"Natural Poland\",\"url\":\"https:\\\/\\\/naturalpoland.com\\\/cs\\\/\",\"logo\":{\"@type\":\"ImageObject\",\"inLanguage\":\"cs\",\"@id\":\"https:\\\/\\\/naturalpoland.com\\\/cs\\\/#\\\/schema\\\/logo\\\/image\\\/\",\"url\":\"https:\\\/\\\/naturalpoland.com\\\/wp-content\\\/uploads\\\/2021\\\/05\\\/natural-poland-icon.png\",\"contentUrl\":\"https:\\\/\\\/naturalpoland.com\\\/wp-content\\\/uploads\\\/2021\\\/05\\\/natural-poland-icon.png\",\"width\":512,\"height\":512,\"caption\":\"Natural Poland\"},\"image\":{\"@id\":\"https:\\\/\\\/naturalpoland.com\\\/cs\\\/#\\\/schema\\\/logo\\\/image\\\/\"},\"sameAs\":[\"https:\\\/\\\/www.facebook.com\\\/naturalpoland.b2b\",\"https:\\\/\\\/pl.linkedin.com\\\/company\\\/natural-poland\",\"https:\\\/\\\/www.youtube.com\\\/channel\\\/UCgeGGkvOMahZo-xu_MSEWxg\"]}]}<\/script>\n<!-- \/ Yoast SEO plugin. -->","yoast_head_json":{"title":"Acetyltetrapeptid-11 - Velkoobchodn\u00ed distributor","description":"Acetyltetrapeptid-11 je modern\u00ed kosmetick\u00e1 slo\u017eka, jej\u00ed\u017e hlavn\u00ed funkc\u00ed je podpora synt\u00e9zy syndekanu-1.","robots":{"index":"index","follow":"follow","max-snippet":"max-snippet:-1","max-image-preview":"max-image-preview:large","max-video-preview":"max-video-preview:-1"},"canonical":"https:\/\/naturalpoland.com\/cs\/produkty\/produkty-pro-kosmeticky-prumysl\/peptidy\/acetyltetrapeptid-11\/","og_locale":"cs_CZ","og_type":"article","og_title":"Acetyltetrapeptid-11 - Velkoobchodn\u00ed distributor","og_description":"Acetyltetrapeptid-11 je modern\u00ed kosmetick\u00e1 slo\u017eka, jej\u00ed\u017e hlavn\u00ed funkc\u00ed je podpora synt\u00e9zy syndekanu-1.","og_url":"https:\/\/naturalpoland.com\/cs\/produkty\/produkty-pro-kosmeticky-prumysl\/peptidy\/acetyltetrapeptid-11\/","og_site_name":"NATURAL POLAND - Velkoobchodn\u00ed distributor surovin","article_publisher":"https:\/\/www.facebook.com\/naturalpoland.b2b","og_image":[{"width":612,"height":612,"url":"https:\/\/naturalpoland.com\/wp-content\/uploads\/acetyl_tetrapeptide-11.webp","type":"image\/webp"}],"schema":{"@context":"https:\/\/schema.org","@graph":[{"@type":"WebPage","@id":"https:\/\/naturalpoland.com\/cs\/produkty\/produkty-pro-kosmeticky-prumysl\/peptidy\/acetyltetrapeptid-11\/","url":"https:\/\/naturalpoland.com\/cs\/produkty\/produkty-pro-kosmeticky-prumysl\/peptidy\/acetyltetrapeptid-11\/","name":"Acetyltetrapeptid-11 - Velkoobchodn\u00ed distributor","isPartOf":{"@id":"https:\/\/naturalpoland.com\/cs\/#website"},"primaryImageOfPage":{"@id":"https:\/\/naturalpoland.com\/cs\/produkty\/produkty-pro-kosmeticky-prumysl\/peptidy\/acetyltetrapeptid-11\/#primaryimage"},"image":{"@id":"https:\/\/naturalpoland.com\/cs\/produkty\/produkty-pro-kosmeticky-prumysl\/peptidy\/acetyltetrapeptid-11\/#primaryimage"},"thumbnailUrl":"https:\/\/naturalpoland.com\/wp-content\/uploads\/acetyl_tetrapeptide-11.webp","datePublished":"2024-01-10T11:33:46+00:00","description":"Acetyltetrapeptid-11 je modern\u00ed kosmetick\u00e1 slo\u017eka, jej\u00ed\u017e hlavn\u00ed funkc\u00ed je podpora synt\u00e9zy syndekanu-1.","breadcrumb":{"@id":"https:\/\/naturalpoland.com\/cs\/produkty\/produkty-pro-kosmeticky-prumysl\/peptidy\/acetyltetrapeptid-11\/#breadcrumb"},"inLanguage":"cs","potentialAction":[{"@type":"ReadAction","target":["https:\/\/naturalpoland.com\/cs\/produkty\/produkty-pro-kosmeticky-prumysl\/peptidy\/acetyltetrapeptid-11\/"]}]},{"@type":"ImageObject","inLanguage":"cs","@id":"https:\/\/naturalpoland.com\/cs\/produkty\/produkty-pro-kosmeticky-prumysl\/peptidy\/acetyltetrapeptid-11\/#primaryimage","url":"https:\/\/naturalpoland.com\/wp-content\/uploads\/acetyl_tetrapeptide-11.webp","contentUrl":"https:\/\/naturalpoland.com\/wp-content\/uploads\/acetyl_tetrapeptide-11.webp","width":612,"height":612,"caption":"Acetyltetrapeptid-11"},{"@type":"BreadcrumbList","@id":"https:\/\/naturalpoland.com\/cs\/produkty\/produkty-pro-kosmeticky-prumysl\/peptidy\/acetyltetrapeptid-11\/#breadcrumb","itemListElement":[{"@type":"ListItem","position":1,"name":"Dom\u016f","item":"https:\/\/naturalpoland.com\/cs\/"},{"@type":"ListItem","position":2,"name":"Produkty","item":"https:\/\/naturalpoland.com\/cs\/produkty\/"},{"@type":"ListItem","position":3,"name":"Acetyltetrapeptid-11"}]},{"@type":"WebSite","@id":"https:\/\/naturalpoland.com\/cs\/#website","url":"https:\/\/naturalpoland.com\/cs\/","name":"NATURAL POLAND - Velkoobchodn\u00ed distributor surovin","description":"Surowce dla przemys\u0142u spo\u017cywczego, kosmetycznego i farmaceutycznego","publisher":{"@id":"https:\/\/naturalpoland.com\/cs\/#organization"},"potentialAction":[{"@type":"SearchAction","target":{"@type":"EntryPoint","urlTemplate":"https:\/\/naturalpoland.com\/cs\/?s={search_term_string}"},"query-input":{"@type":"PropertyValueSpecification","valueRequired":true,"valueName":"search_term_string"}}],"inLanguage":"cs"},{"@type":"Organization","@id":"https:\/\/naturalpoland.com\/cs\/#organization","name":"Natural Poland","url":"https:\/\/naturalpoland.com\/cs\/","logo":{"@type":"ImageObject","inLanguage":"cs","@id":"https:\/\/naturalpoland.com\/cs\/#\/schema\/logo\/image\/","url":"https:\/\/naturalpoland.com\/wp-content\/uploads\/2021\/05\/natural-poland-icon.png","contentUrl":"https:\/\/naturalpoland.com\/wp-content\/uploads\/2021\/05\/natural-poland-icon.png","width":512,"height":512,"caption":"Natural Poland"},"image":{"@id":"https:\/\/naturalpoland.com\/cs\/#\/schema\/logo\/image\/"},"sameAs":["https:\/\/www.facebook.com\/naturalpoland.b2b","https:\/\/pl.linkedin.com\/company\/natural-poland","https:\/\/www.youtube.com\/channel\/UCgeGGkvOMahZo-xu_MSEWxg"]}]}},"_links":{"self":[{"href":"https:\/\/naturalpoland.com\/cs\/wp-json\/wp\/v2\/product\/29327","targetHints":{"allow":["GET"]}}],"collection":[{"href":"https:\/\/naturalpoland.com\/cs\/wp-json\/wp\/v2\/product"}],"about":[{"href":"https:\/\/naturalpoland.com\/cs\/wp-json\/wp\/v2\/types\/product"}],"wp:featuredmedia":[{"embeddable":true,"href":"https:\/\/naturalpoland.com\/cs\/wp-json\/wp\/v2\/media\/29169"}],"wp:attachment":[{"href":"https:\/\/naturalpoland.com\/cs\/wp-json\/wp\/v2\/media?parent=29327"}],"wp:term":[{"taxonomy":"product_brand","embeddable":true,"href":"https:\/\/naturalpoland.com\/cs\/wp-json\/wp\/v2\/product_brand?post=29327"},{"taxonomy":"product_cat","embeddable":true,"href":"https:\/\/naturalpoland.com\/cs\/wp-json\/wp\/v2\/product_cat?post=29327"},{"taxonomy":"product_tag","embeddable":true,"href":"https:\/\/naturalpoland.com\/cs\/wp-json\/wp\/v2\/product_tag?post=29327"}],"curies":[{"name":"wp","href":"https:\/\/api.w.org\/{rel}","templated":true}]}}