{"id":29344,"date":"2024-01-08T12:08:55","date_gmt":"2024-01-10T11:34:02","guid":{"rendered":"https:\/\/naturalpoland.com\/produkty\/nezarazene\/ectoin\/"},"modified":"2024-01-10T12:34:02","modified_gmt":"2024-01-10T11:34:02","slug":"ectoin","status":"publish","type":"product","link":"https:\/\/naturalpoland.com\/cs\/produkty\/produkty-pro-kosmeticky-prumysl\/peptidy\/ectoin\/","title":{"rendered":"Ectoin"},"content":{"rendered":"<h3><strong>Funkce a mechanismus \u00fa\u010dinku:<\/strong><\/h3>\n<p>Ektoin p\u016fsob\u00ed na molekul\u00e1rn\u00ed \u00farovni t\u00edm, \u017ee zvy\u0161uje schopnost molekul vody vytv\u00e1\u0159et vod\u00edkov\u00e9 vazby. T\u00edm se kolem protein\u016f vytvo\u0159\u00ed hydrata\u010dn\u00ed vrstva, kter\u00e1 chr\u00e1n\u00ed poko\u017eku p\u0159ed ztr\u00e1tou vlhkosti, posiluje a obnovuje bun\u011b\u010dn\u00e9 funkce a stabilizuje ko\u017en\u00ed bari\u00e9ru. D\u00edky tomuto \u00fa\u010dinku je Ectoin mimo\u0159\u00e1dn\u011b \u00fa\u010dinn\u00fd p\u0159i ochran\u011b a regeneraci poko\u017eky a z\u00e1rove\u0148 minimalizuje riziko podr\u00e1\u017ed\u011bn\u00ed.<\/p>\n<h3><strong>Experiment in vitro<\/strong><\/h3>\n<p>Podle zpr\u00e1vy o testech spole\u010dnosti Hunter Biotech bylo zji\u0161t\u011bno, \u017ee plocha ocasn\u00ed ploutve ryb v testovac\u00ed skupin\u011b, kter\u00e9 byl aplikov\u00e1n p\u0159\u00edpravek Ectoin, se ve srovn\u00e1n\u00ed s kontroln\u00ed skupinou v\u00fdrazn\u011b zv\u011bt\u0161ila. Tento v\u00fdsledek sv\u011bd\u010d\u00ed o \u00fa\u010dinnosti p\u0159\u00edpravku Ectoin v procesu opravy a regenerace.<\/p>\n<h3><strong>Aplikace:<\/strong><\/h3>\n<p><strong>Ektoin se pou\u017e\u00edv\u00e1 v \u0161irok\u00e9 \u0161k\u00e1le kosmetick\u00fdch v\u00fdrobk\u016f, kde poskytuje ochranu, regeneraci, protiz\u00e1n\u011btliv\u00e9 \u00fa\u010dinky, zm\u00edr\u0148uje alergie, p\u016fsob\u00ed proti st\u00e1rnut\u00ed a hydratuje.<\/strong>  Je kl\u00ed\u010dovou slo\u017ekou produkt\u016f, jako jsou denn\u00ed a no\u010dn\u00ed kr\u00e9my, esence, o\u010dn\u00ed kr\u00e9my a ple\u0165ov\u00e9 masky. D\u00edky sv\u00fdm vlastnostem je Ectoin ide\u00e1ln\u00ed volbou pro ty, kte\u0159\u00ed hledaj\u00ed \u0161irokospektr\u00e1ln\u00ed \u00fa\u010dinn\u00e9 l\u00e1tky, kter\u00e9 \u00fa\u010dinn\u011b pe\u010duj\u00ed o poko\u017eku a chr\u00e1n\u00ed ji.<\/p>\n","protected":false},"excerpt":{"rendered":"<p>Ektoin je vysoce \u00fa\u010dinn\u00e1 \u00fa\u010dinn\u00e1 l\u00e1tka pou\u017e\u00edvan\u00e1 v kosmetick\u00fdch p\u0159\u00edpravc\u00edch. Doporu\u010den\u00e1 koncentrace p\u0159\u00edpravku Ectoin v kosmetick\u00fdch p\u0159\u00edpravc\u00edch je 0,5 a\u017e 3 %.<\/p>\n","protected":false},"featured_media":29308,"template":"","meta":{"_acf_changed":false},"product_brand":[],"product_cat":[2488],"product_tag":[],"class_list":{"0":"post-29344","1":"product","2":"type-product","3":"status-publish","4":"has-post-thumbnail","6":"product_cat-peptidy","7":"pa_metoda-pozyskiwania-biologicka-fermentace","9":"first","10":"instock","11":"shipping-taxable","12":"product-type-simple"},"acf":[],"yoast_head":"<!-- This site is optimized with the Yoast SEO plugin v27.4 - https:\/\/yoast.com\/product\/yoast-seo-wordpress\/ -->\n<title>Ectoin - Velkoobchodn\u00ed distributor<\/title>\n<meta name=\"description\" content=\"Ektoin je vysoce \u00fa\u010dinn\u00e1 \u00fa\u010dinn\u00e1 l\u00e1tka pou\u017e\u00edvan\u00e1 v kosmetick\u00fdch p\u0159\u00edpravc\u00edch. Jeho doporu\u010den\u00e1 koncentrace je 0,5 a\u017e 3 %.\" \/>\n<meta name=\"robots\" content=\"index, follow, max-snippet:-1, max-image-preview:large, max-video-preview:-1\" \/>\n<link rel=\"canonical\" href=\"https:\/\/naturalpoland.com\/cs\/produkty\/produkty-pro-kosmeticky-prumysl\/peptidy\/ectoin\/\" \/>\n<meta property=\"og:locale\" content=\"cs_CZ\" \/>\n<meta property=\"og:type\" content=\"article\" \/>\n<meta property=\"og:title\" content=\"Ectoin - Velkoobchodn\u00ed distributor\" \/>\n<meta property=\"og:description\" content=\"Ektoin je vysoce \u00fa\u010dinn\u00e1 \u00fa\u010dinn\u00e1 l\u00e1tka pou\u017e\u00edvan\u00e1 v kosmetick\u00fdch p\u0159\u00edpravc\u00edch. Jeho doporu\u010den\u00e1 koncentrace je 0,5 a\u017e 3 %.\" \/>\n<meta property=\"og:url\" content=\"https:\/\/naturalpoland.com\/cs\/produkty\/produkty-pro-kosmeticky-prumysl\/peptidy\/ectoin\/\" \/>\n<meta property=\"og:site_name\" content=\"NATURAL POLAND - Velkoobchodn\u00ed distributor surovin\" \/>\n<meta property=\"article:publisher\" content=\"https:\/\/www.facebook.com\/naturalpoland.b2b\" \/>\n<meta property=\"og:image\" content=\"https:\/\/naturalpoland.com\/wp-content\/uploads\/ectoin.webp\" \/>\n\t<meta property=\"og:image:width\" content=\"618\" \/>\n\t<meta property=\"og:image:height\" content=\"618\" \/>\n\t<meta property=\"og:image:type\" content=\"image\/webp\" \/>\n<script type=\"application\/ld+json\" class=\"yoast-schema-graph\">{\"@context\":\"https:\\\/\\\/schema.org\",\"@graph\":[{\"@type\":\"WebPage\",\"@id\":\"https:\\\/\\\/naturalpoland.com\\\/cs\\\/produkty\\\/produkty-pro-kosmeticky-prumysl\\\/peptidy\\\/ectoin\\\/\",\"url\":\"https:\\\/\\\/naturalpoland.com\\\/cs\\\/produkty\\\/produkty-pro-kosmeticky-prumysl\\\/peptidy\\\/ectoin\\\/\",\"name\":\"Ectoin - Velkoobchodn\u00ed distributor\",\"isPartOf\":{\"@id\":\"https:\\\/\\\/naturalpoland.com\\\/cs\\\/#website\"},\"primaryImageOfPage\":{\"@id\":\"https:\\\/\\\/naturalpoland.com\\\/cs\\\/produkty\\\/produkty-pro-kosmeticky-prumysl\\\/peptidy\\\/ectoin\\\/#primaryimage\"},\"image\":{\"@id\":\"https:\\\/\\\/naturalpoland.com\\\/cs\\\/produkty\\\/produkty-pro-kosmeticky-prumysl\\\/peptidy\\\/ectoin\\\/#primaryimage\"},\"thumbnailUrl\":\"https:\\\/\\\/naturalpoland.com\\\/wp-content\\\/uploads\\\/ectoin.webp\",\"datePublished\":\"2024-01-10T11:34:02+00:00\",\"description\":\"Ektoin je vysoce \u00fa\u010dinn\u00e1 \u00fa\u010dinn\u00e1 l\u00e1tka pou\u017e\u00edvan\u00e1 v kosmetick\u00fdch p\u0159\u00edpravc\u00edch. Jeho doporu\u010den\u00e1 koncentrace je 0,5 a\u017e 3 %.\",\"breadcrumb\":{\"@id\":\"https:\\\/\\\/naturalpoland.com\\\/cs\\\/produkty\\\/produkty-pro-kosmeticky-prumysl\\\/peptidy\\\/ectoin\\\/#breadcrumb\"},\"inLanguage\":\"cs\",\"potentialAction\":[{\"@type\":\"ReadAction\",\"target\":[\"https:\\\/\\\/naturalpoland.com\\\/cs\\\/produkty\\\/produkty-pro-kosmeticky-prumysl\\\/peptidy\\\/ectoin\\\/\"]}]},{\"@type\":\"ImageObject\",\"inLanguage\":\"cs\",\"@id\":\"https:\\\/\\\/naturalpoland.com\\\/cs\\\/produkty\\\/produkty-pro-kosmeticky-prumysl\\\/peptidy\\\/ectoin\\\/#primaryimage\",\"url\":\"https:\\\/\\\/naturalpoland.com\\\/wp-content\\\/uploads\\\/ectoin.webp\",\"contentUrl\":\"https:\\\/\\\/naturalpoland.com\\\/wp-content\\\/uploads\\\/ectoin.webp\",\"width\":618,\"height\":618,\"caption\":\"Ectoin\"},{\"@type\":\"BreadcrumbList\",\"@id\":\"https:\\\/\\\/naturalpoland.com\\\/cs\\\/produkty\\\/produkty-pro-kosmeticky-prumysl\\\/peptidy\\\/ectoin\\\/#breadcrumb\",\"itemListElement\":[{\"@type\":\"ListItem\",\"position\":1,\"name\":\"Dom\u016f\",\"item\":\"https:\\\/\\\/naturalpoland.com\\\/cs\\\/\"},{\"@type\":\"ListItem\",\"position\":2,\"name\":\"Produkty\",\"item\":\"https:\\\/\\\/naturalpoland.com\\\/cs\\\/produkty\\\/\"},{\"@type\":\"ListItem\",\"position\":3,\"name\":\"Ectoin\"}]},{\"@type\":\"WebSite\",\"@id\":\"https:\\\/\\\/naturalpoland.com\\\/cs\\\/#website\",\"url\":\"https:\\\/\\\/naturalpoland.com\\\/cs\\\/\",\"name\":\"NATURAL POLAND - Velkoobchodn\u00ed distributor surovin\",\"description\":\"Surowce dla przemys\u0142u spo\u017cywczego, kosmetycznego i farmaceutycznego\",\"publisher\":{\"@id\":\"https:\\\/\\\/naturalpoland.com\\\/cs\\\/#organization\"},\"potentialAction\":[{\"@type\":\"SearchAction\",\"target\":{\"@type\":\"EntryPoint\",\"urlTemplate\":\"https:\\\/\\\/naturalpoland.com\\\/cs\\\/?s={search_term_string}\"},\"query-input\":{\"@type\":\"PropertyValueSpecification\",\"valueRequired\":true,\"valueName\":\"search_term_string\"}}],\"inLanguage\":\"cs\"},{\"@type\":\"Organization\",\"@id\":\"https:\\\/\\\/naturalpoland.com\\\/cs\\\/#organization\",\"name\":\"Natural Poland\",\"url\":\"https:\\\/\\\/naturalpoland.com\\\/cs\\\/\",\"logo\":{\"@type\":\"ImageObject\",\"inLanguage\":\"cs\",\"@id\":\"https:\\\/\\\/naturalpoland.com\\\/cs\\\/#\\\/schema\\\/logo\\\/image\\\/\",\"url\":\"https:\\\/\\\/naturalpoland.com\\\/wp-content\\\/uploads\\\/2021\\\/05\\\/natural-poland-icon.png\",\"contentUrl\":\"https:\\\/\\\/naturalpoland.com\\\/wp-content\\\/uploads\\\/2021\\\/05\\\/natural-poland-icon.png\",\"width\":512,\"height\":512,\"caption\":\"Natural Poland\"},\"image\":{\"@id\":\"https:\\\/\\\/naturalpoland.com\\\/cs\\\/#\\\/schema\\\/logo\\\/image\\\/\"},\"sameAs\":[\"https:\\\/\\\/www.facebook.com\\\/naturalpoland.b2b\",\"https:\\\/\\\/pl.linkedin.com\\\/company\\\/natural-poland\",\"https:\\\/\\\/www.youtube.com\\\/channel\\\/UCgeGGkvOMahZo-xu_MSEWxg\"]}]}<\/script>\n<!-- \/ Yoast SEO plugin. -->","yoast_head_json":{"title":"Ectoin - Velkoobchodn\u00ed distributor","description":"Ektoin je vysoce \u00fa\u010dinn\u00e1 \u00fa\u010dinn\u00e1 l\u00e1tka pou\u017e\u00edvan\u00e1 v kosmetick\u00fdch p\u0159\u00edpravc\u00edch. Jeho doporu\u010den\u00e1 koncentrace je 0,5 a\u017e 3 %.","robots":{"index":"index","follow":"follow","max-snippet":"max-snippet:-1","max-image-preview":"max-image-preview:large","max-video-preview":"max-video-preview:-1"},"canonical":"https:\/\/naturalpoland.com\/cs\/produkty\/produkty-pro-kosmeticky-prumysl\/peptidy\/ectoin\/","og_locale":"cs_CZ","og_type":"article","og_title":"Ectoin - Velkoobchodn\u00ed distributor","og_description":"Ektoin je vysoce \u00fa\u010dinn\u00e1 \u00fa\u010dinn\u00e1 l\u00e1tka pou\u017e\u00edvan\u00e1 v kosmetick\u00fdch p\u0159\u00edpravc\u00edch. Jeho doporu\u010den\u00e1 koncentrace je 0,5 a\u017e 3 %.","og_url":"https:\/\/naturalpoland.com\/cs\/produkty\/produkty-pro-kosmeticky-prumysl\/peptidy\/ectoin\/","og_site_name":"NATURAL POLAND - Velkoobchodn\u00ed distributor surovin","article_publisher":"https:\/\/www.facebook.com\/naturalpoland.b2b","og_image":[{"width":618,"height":618,"url":"https:\/\/naturalpoland.com\/wp-content\/uploads\/ectoin.webp","type":"image\/webp"}],"schema":{"@context":"https:\/\/schema.org","@graph":[{"@type":"WebPage","@id":"https:\/\/naturalpoland.com\/cs\/produkty\/produkty-pro-kosmeticky-prumysl\/peptidy\/ectoin\/","url":"https:\/\/naturalpoland.com\/cs\/produkty\/produkty-pro-kosmeticky-prumysl\/peptidy\/ectoin\/","name":"Ectoin - Velkoobchodn\u00ed distributor","isPartOf":{"@id":"https:\/\/naturalpoland.com\/cs\/#website"},"primaryImageOfPage":{"@id":"https:\/\/naturalpoland.com\/cs\/produkty\/produkty-pro-kosmeticky-prumysl\/peptidy\/ectoin\/#primaryimage"},"image":{"@id":"https:\/\/naturalpoland.com\/cs\/produkty\/produkty-pro-kosmeticky-prumysl\/peptidy\/ectoin\/#primaryimage"},"thumbnailUrl":"https:\/\/naturalpoland.com\/wp-content\/uploads\/ectoin.webp","datePublished":"2024-01-10T11:34:02+00:00","description":"Ektoin je vysoce \u00fa\u010dinn\u00e1 \u00fa\u010dinn\u00e1 l\u00e1tka pou\u017e\u00edvan\u00e1 v kosmetick\u00fdch p\u0159\u00edpravc\u00edch. Jeho doporu\u010den\u00e1 koncentrace je 0,5 a\u017e 3 %.","breadcrumb":{"@id":"https:\/\/naturalpoland.com\/cs\/produkty\/produkty-pro-kosmeticky-prumysl\/peptidy\/ectoin\/#breadcrumb"},"inLanguage":"cs","potentialAction":[{"@type":"ReadAction","target":["https:\/\/naturalpoland.com\/cs\/produkty\/produkty-pro-kosmeticky-prumysl\/peptidy\/ectoin\/"]}]},{"@type":"ImageObject","inLanguage":"cs","@id":"https:\/\/naturalpoland.com\/cs\/produkty\/produkty-pro-kosmeticky-prumysl\/peptidy\/ectoin\/#primaryimage","url":"https:\/\/naturalpoland.com\/wp-content\/uploads\/ectoin.webp","contentUrl":"https:\/\/naturalpoland.com\/wp-content\/uploads\/ectoin.webp","width":618,"height":618,"caption":"Ectoin"},{"@type":"BreadcrumbList","@id":"https:\/\/naturalpoland.com\/cs\/produkty\/produkty-pro-kosmeticky-prumysl\/peptidy\/ectoin\/#breadcrumb","itemListElement":[{"@type":"ListItem","position":1,"name":"Dom\u016f","item":"https:\/\/naturalpoland.com\/cs\/"},{"@type":"ListItem","position":2,"name":"Produkty","item":"https:\/\/naturalpoland.com\/cs\/produkty\/"},{"@type":"ListItem","position":3,"name":"Ectoin"}]},{"@type":"WebSite","@id":"https:\/\/naturalpoland.com\/cs\/#website","url":"https:\/\/naturalpoland.com\/cs\/","name":"NATURAL POLAND - Velkoobchodn\u00ed distributor surovin","description":"Surowce dla przemys\u0142u spo\u017cywczego, kosmetycznego i farmaceutycznego","publisher":{"@id":"https:\/\/naturalpoland.com\/cs\/#organization"},"potentialAction":[{"@type":"SearchAction","target":{"@type":"EntryPoint","urlTemplate":"https:\/\/naturalpoland.com\/cs\/?s={search_term_string}"},"query-input":{"@type":"PropertyValueSpecification","valueRequired":true,"valueName":"search_term_string"}}],"inLanguage":"cs"},{"@type":"Organization","@id":"https:\/\/naturalpoland.com\/cs\/#organization","name":"Natural Poland","url":"https:\/\/naturalpoland.com\/cs\/","logo":{"@type":"ImageObject","inLanguage":"cs","@id":"https:\/\/naturalpoland.com\/cs\/#\/schema\/logo\/image\/","url":"https:\/\/naturalpoland.com\/wp-content\/uploads\/2021\/05\/natural-poland-icon.png","contentUrl":"https:\/\/naturalpoland.com\/wp-content\/uploads\/2021\/05\/natural-poland-icon.png","width":512,"height":512,"caption":"Natural Poland"},"image":{"@id":"https:\/\/naturalpoland.com\/cs\/#\/schema\/logo\/image\/"},"sameAs":["https:\/\/www.facebook.com\/naturalpoland.b2b","https:\/\/pl.linkedin.com\/company\/natural-poland","https:\/\/www.youtube.com\/channel\/UCgeGGkvOMahZo-xu_MSEWxg"]}]}},"_links":{"self":[{"href":"https:\/\/naturalpoland.com\/cs\/wp-json\/wp\/v2\/product\/29344","targetHints":{"allow":["GET"]}}],"collection":[{"href":"https:\/\/naturalpoland.com\/cs\/wp-json\/wp\/v2\/product"}],"about":[{"href":"https:\/\/naturalpoland.com\/cs\/wp-json\/wp\/v2\/types\/product"}],"wp:featuredmedia":[{"embeddable":true,"href":"https:\/\/naturalpoland.com\/cs\/wp-json\/wp\/v2\/media\/29308"}],"wp:attachment":[{"href":"https:\/\/naturalpoland.com\/cs\/wp-json\/wp\/v2\/media?parent=29344"}],"wp:term":[{"taxonomy":"product_brand","embeddable":true,"href":"https:\/\/naturalpoland.com\/cs\/wp-json\/wp\/v2\/product_brand?post=29344"},{"taxonomy":"product_cat","embeddable":true,"href":"https:\/\/naturalpoland.com\/cs\/wp-json\/wp\/v2\/product_cat?post=29344"},{"taxonomy":"product_tag","embeddable":true,"href":"https:\/\/naturalpoland.com\/cs\/wp-json\/wp\/v2\/product_tag?post=29344"}],"curies":[{"name":"wp","href":"https:\/\/api.w.org\/{rel}","templated":true}]}}