{"id":29382,"date":"2024-01-04T14:20:37","date_gmt":"2024-01-10T11:46:26","guid":{"rendered":"https:\/\/naturalpoland.com\/produkty\/nezarazene\/oligopeptid-1\/"},"modified":"2024-01-10T12:46:26","modified_gmt":"2024-01-10T11:46:26","slug":"oligopeptid-1","status":"publish","type":"product","link":"https:\/\/naturalpoland.com\/cs\/produkty\/produkty-pro-kosmeticky-prumysl\/peptidy\/oligopeptid-1\/","title":{"rendered":"Oligopeptid-1"},"content":{"rendered":"<p>Jeho mechanismus \u00fa\u010dinku spo\u010d\u00edv\u00e1 ve stimulaci tvorby kolagenu, elastinu a kyseliny hyaluronov\u00e9, co\u017e pom\u00e1h\u00e1 regenerovat poko\u017eku a zlep\u0161ovat jej\u00ed pru\u017enost. Studie prok\u00e1zaly, \u017ee oligopeptid-1 v\u00fdznamn\u011b zvy\u0161uje obsah prekurzor\u016f elastinu a kolagenu typu I v poko\u017ece, co\u017e vede k viditeln\u00e9mu sn\u00ed\u017een\u00ed vr\u00e1sek. Pou\u017e\u00edv\u00e1 se v r\u016fzn\u00fdch kosmetick\u00fdch p\u0159\u00edpravc\u00edch, nap\u0159\u00edklad v ple\u0165ov\u00fdch a o\u010dn\u00edch kr\u00e9mech a ple\u0165ov\u00fdch vod\u00e1ch.<\/p>\n<p>Vyr\u00e1b\u00ed se biologickou fermentac\u00ed, m\u00e1 vysokou \u010distotu (\u2265 98,0 %) a doporu\u010denou koncentraci 0,01 % a\u017e 0,5 %.<\/p>\n","protected":false},"excerpt":{"rendered":"<p>Oligopeptid-1, zn\u00e1m\u00fd tak\u00e9 jako tripeptid-1, je inovativn\u00ed slo\u017ekou v oblasti kosmetologie, kter\u00e1 se pou\u017e\u00edv\u00e1 pro sv\u00e9 \u00fa\u010dinky proti st\u00e1rnut\u00ed a vr\u00e1sk\u00e1m.<\/p>\n","protected":false},"featured_media":29104,"template":"","meta":[],"product_brand":[],"product_cat":[2488],"product_tag":[],"class_list":{"0":"post-29382","1":"product","2":"type-product","3":"status-publish","4":"has-post-thumbnail","6":"product_cat-peptidy","7":"pa_metoda-pozyskiwania-biologicka-fermentace","9":"first","10":"instock","11":"shipping-taxable","12":"product-type-simple"},"yoast_head":"<!-- This site is optimized with the Yoast SEO plugin v27.4 - https:\/\/yoast.com\/product\/yoast-seo-wordpress\/ -->\n<title>Oligopeptid-1 - Velkoobchodn\u00ed distributor<\/title>\n<meta name=\"description\" content=\"Oligopeptid-1 je inovativn\u00ed slo\u017eka v oblasti kosmetologie, kter\u00e1 se pou\u017e\u00edv\u00e1 pro sv\u00e9 \u00fa\u010dinky proti st\u00e1rnut\u00ed a vr\u00e1sk\u00e1m.\" \/>\n<meta name=\"robots\" content=\"index, follow, max-snippet:-1, max-image-preview:large, max-video-preview:-1\" \/>\n<link rel=\"canonical\" href=\"https:\/\/naturalpoland.com\/cs\/produkty\/produkty-pro-kosmeticky-prumysl\/peptidy\/oligopeptid-1\/\" \/>\n<meta property=\"og:locale\" content=\"cs_CZ\" \/>\n<meta property=\"og:type\" content=\"article\" \/>\n<meta property=\"og:title\" content=\"Oligopeptid-1 - Velkoobchodn\u00ed distributor\" \/>\n<meta property=\"og:description\" content=\"Oligopeptid-1 je inovativn\u00ed slo\u017eka v oblasti kosmetologie, kter\u00e1 se pou\u017e\u00edv\u00e1 pro sv\u00e9 \u00fa\u010dinky proti st\u00e1rnut\u00ed a vr\u00e1sk\u00e1m.\" \/>\n<meta property=\"og:url\" content=\"https:\/\/naturalpoland.com\/cs\/produkty\/produkty-pro-kosmeticky-prumysl\/peptidy\/oligopeptid-1\/\" \/>\n<meta property=\"og:site_name\" content=\"NATURAL POLAND - Velkoobchodn\u00ed distributor surovin\" \/>\n<meta property=\"article:publisher\" content=\"https:\/\/www.facebook.com\/naturalpoland.b2b\" \/>\n<meta property=\"og:image\" content=\"https:\/\/naturalpoland.com\/wp-content\/uploads\/oligopeptide-1.webp\" \/>\n\t<meta property=\"og:image:width\" content=\"612\" \/>\n\t<meta property=\"og:image:height\" content=\"612\" \/>\n\t<meta property=\"og:image:type\" content=\"image\/webp\" \/>\n<script type=\"application\/ld+json\" class=\"yoast-schema-graph\">{\"@context\":\"https:\\\/\\\/schema.org\",\"@graph\":[{\"@type\":\"WebPage\",\"@id\":\"https:\\\/\\\/naturalpoland.com\\\/cs\\\/produkty\\\/produkty-pro-kosmeticky-prumysl\\\/peptidy\\\/oligopeptid-1\\\/\",\"url\":\"https:\\\/\\\/naturalpoland.com\\\/cs\\\/produkty\\\/produkty-pro-kosmeticky-prumysl\\\/peptidy\\\/oligopeptid-1\\\/\",\"name\":\"Oligopeptid-1 - Velkoobchodn\u00ed distributor\",\"isPartOf\":{\"@id\":\"https:\\\/\\\/naturalpoland.com\\\/cs\\\/#website\"},\"primaryImageOfPage\":{\"@id\":\"https:\\\/\\\/naturalpoland.com\\\/cs\\\/produkty\\\/produkty-pro-kosmeticky-prumysl\\\/peptidy\\\/oligopeptid-1\\\/#primaryimage\"},\"image\":{\"@id\":\"https:\\\/\\\/naturalpoland.com\\\/cs\\\/produkty\\\/produkty-pro-kosmeticky-prumysl\\\/peptidy\\\/oligopeptid-1\\\/#primaryimage\"},\"thumbnailUrl\":\"https:\\\/\\\/naturalpoland.com\\\/wp-content\\\/uploads\\\/oligopeptide-1.webp\",\"datePublished\":\"2024-01-10T11:46:26+00:00\",\"description\":\"Oligopeptid-1 je inovativn\u00ed slo\u017eka v oblasti kosmetologie, kter\u00e1 se pou\u017e\u00edv\u00e1 pro sv\u00e9 \u00fa\u010dinky proti st\u00e1rnut\u00ed a vr\u00e1sk\u00e1m.\",\"breadcrumb\":{\"@id\":\"https:\\\/\\\/naturalpoland.com\\\/cs\\\/produkty\\\/produkty-pro-kosmeticky-prumysl\\\/peptidy\\\/oligopeptid-1\\\/#breadcrumb\"},\"inLanguage\":\"cs\",\"potentialAction\":[{\"@type\":\"ReadAction\",\"target\":[\"https:\\\/\\\/naturalpoland.com\\\/cs\\\/produkty\\\/produkty-pro-kosmeticky-prumysl\\\/peptidy\\\/oligopeptid-1\\\/\"]}]},{\"@type\":\"ImageObject\",\"inLanguage\":\"cs\",\"@id\":\"https:\\\/\\\/naturalpoland.com\\\/cs\\\/produkty\\\/produkty-pro-kosmeticky-prumysl\\\/peptidy\\\/oligopeptid-1\\\/#primaryimage\",\"url\":\"https:\\\/\\\/naturalpoland.com\\\/wp-content\\\/uploads\\\/oligopeptide-1.webp\",\"contentUrl\":\"https:\\\/\\\/naturalpoland.com\\\/wp-content\\\/uploads\\\/oligopeptide-1.webp\",\"width\":612,\"height\":612,\"caption\":\"OLIGOPEPTIDE-1\"},{\"@type\":\"BreadcrumbList\",\"@id\":\"https:\\\/\\\/naturalpoland.com\\\/cs\\\/produkty\\\/produkty-pro-kosmeticky-prumysl\\\/peptidy\\\/oligopeptid-1\\\/#breadcrumb\",\"itemListElement\":[{\"@type\":\"ListItem\",\"position\":1,\"name\":\"Dom\u016f\",\"item\":\"https:\\\/\\\/naturalpoland.com\\\/cs\\\/\"},{\"@type\":\"ListItem\",\"position\":2,\"name\":\"Produkty\",\"item\":\"https:\\\/\\\/naturalpoland.com\\\/cs\\\/produkty\\\/\"},{\"@type\":\"ListItem\",\"position\":3,\"name\":\"Oligopeptid-1\"}]},{\"@type\":\"WebSite\",\"@id\":\"https:\\\/\\\/naturalpoland.com\\\/cs\\\/#website\",\"url\":\"https:\\\/\\\/naturalpoland.com\\\/cs\\\/\",\"name\":\"NATURAL POLAND - Velkoobchodn\u00ed distributor surovin\",\"description\":\"Surowce dla przemys\u0142u spo\u017cywczego, kosmetycznego i farmaceutycznego\",\"publisher\":{\"@id\":\"https:\\\/\\\/naturalpoland.com\\\/cs\\\/#organization\"},\"potentialAction\":[{\"@type\":\"SearchAction\",\"target\":{\"@type\":\"EntryPoint\",\"urlTemplate\":\"https:\\\/\\\/naturalpoland.com\\\/cs\\\/?s={search_term_string}\"},\"query-input\":{\"@type\":\"PropertyValueSpecification\",\"valueRequired\":true,\"valueName\":\"search_term_string\"}}],\"inLanguage\":\"cs\"},{\"@type\":\"Organization\",\"@id\":\"https:\\\/\\\/naturalpoland.com\\\/cs\\\/#organization\",\"name\":\"Natural Poland\",\"url\":\"https:\\\/\\\/naturalpoland.com\\\/cs\\\/\",\"logo\":{\"@type\":\"ImageObject\",\"inLanguage\":\"cs\",\"@id\":\"https:\\\/\\\/naturalpoland.com\\\/cs\\\/#\\\/schema\\\/logo\\\/image\\\/\",\"url\":\"https:\\\/\\\/naturalpoland.com\\\/wp-content\\\/uploads\\\/2021\\\/05\\\/natural-poland-icon.png\",\"contentUrl\":\"https:\\\/\\\/naturalpoland.com\\\/wp-content\\\/uploads\\\/2021\\\/05\\\/natural-poland-icon.png\",\"width\":512,\"height\":512,\"caption\":\"Natural Poland\"},\"image\":{\"@id\":\"https:\\\/\\\/naturalpoland.com\\\/cs\\\/#\\\/schema\\\/logo\\\/image\\\/\"},\"sameAs\":[\"https:\\\/\\\/www.facebook.com\\\/naturalpoland.b2b\",\"https:\\\/\\\/pl.linkedin.com\\\/company\\\/natural-poland\",\"https:\\\/\\\/www.youtube.com\\\/channel\\\/UCgeGGkvOMahZo-xu_MSEWxg\"]}]}<\/script>\n<!-- \/ Yoast SEO plugin. -->","yoast_head_json":{"title":"Oligopeptid-1 - Velkoobchodn\u00ed distributor","description":"Oligopeptid-1 je inovativn\u00ed slo\u017eka v oblasti kosmetologie, kter\u00e1 se pou\u017e\u00edv\u00e1 pro sv\u00e9 \u00fa\u010dinky proti st\u00e1rnut\u00ed a vr\u00e1sk\u00e1m.","robots":{"index":"index","follow":"follow","max-snippet":"max-snippet:-1","max-image-preview":"max-image-preview:large","max-video-preview":"max-video-preview:-1"},"canonical":"https:\/\/naturalpoland.com\/cs\/produkty\/produkty-pro-kosmeticky-prumysl\/peptidy\/oligopeptid-1\/","og_locale":"cs_CZ","og_type":"article","og_title":"Oligopeptid-1 - Velkoobchodn\u00ed distributor","og_description":"Oligopeptid-1 je inovativn\u00ed slo\u017eka v oblasti kosmetologie, kter\u00e1 se pou\u017e\u00edv\u00e1 pro sv\u00e9 \u00fa\u010dinky proti st\u00e1rnut\u00ed a vr\u00e1sk\u00e1m.","og_url":"https:\/\/naturalpoland.com\/cs\/produkty\/produkty-pro-kosmeticky-prumysl\/peptidy\/oligopeptid-1\/","og_site_name":"NATURAL POLAND - Velkoobchodn\u00ed distributor surovin","article_publisher":"https:\/\/www.facebook.com\/naturalpoland.b2b","og_image":[{"width":612,"height":612,"url":"https:\/\/naturalpoland.com\/wp-content\/uploads\/oligopeptide-1.webp","type":"image\/webp"}],"schema":{"@context":"https:\/\/schema.org","@graph":[{"@type":"WebPage","@id":"https:\/\/naturalpoland.com\/cs\/produkty\/produkty-pro-kosmeticky-prumysl\/peptidy\/oligopeptid-1\/","url":"https:\/\/naturalpoland.com\/cs\/produkty\/produkty-pro-kosmeticky-prumysl\/peptidy\/oligopeptid-1\/","name":"Oligopeptid-1 - Velkoobchodn\u00ed distributor","isPartOf":{"@id":"https:\/\/naturalpoland.com\/cs\/#website"},"primaryImageOfPage":{"@id":"https:\/\/naturalpoland.com\/cs\/produkty\/produkty-pro-kosmeticky-prumysl\/peptidy\/oligopeptid-1\/#primaryimage"},"image":{"@id":"https:\/\/naturalpoland.com\/cs\/produkty\/produkty-pro-kosmeticky-prumysl\/peptidy\/oligopeptid-1\/#primaryimage"},"thumbnailUrl":"https:\/\/naturalpoland.com\/wp-content\/uploads\/oligopeptide-1.webp","datePublished":"2024-01-10T11:46:26+00:00","description":"Oligopeptid-1 je inovativn\u00ed slo\u017eka v oblasti kosmetologie, kter\u00e1 se pou\u017e\u00edv\u00e1 pro sv\u00e9 \u00fa\u010dinky proti st\u00e1rnut\u00ed a vr\u00e1sk\u00e1m.","breadcrumb":{"@id":"https:\/\/naturalpoland.com\/cs\/produkty\/produkty-pro-kosmeticky-prumysl\/peptidy\/oligopeptid-1\/#breadcrumb"},"inLanguage":"cs","potentialAction":[{"@type":"ReadAction","target":["https:\/\/naturalpoland.com\/cs\/produkty\/produkty-pro-kosmeticky-prumysl\/peptidy\/oligopeptid-1\/"]}]},{"@type":"ImageObject","inLanguage":"cs","@id":"https:\/\/naturalpoland.com\/cs\/produkty\/produkty-pro-kosmeticky-prumysl\/peptidy\/oligopeptid-1\/#primaryimage","url":"https:\/\/naturalpoland.com\/wp-content\/uploads\/oligopeptide-1.webp","contentUrl":"https:\/\/naturalpoland.com\/wp-content\/uploads\/oligopeptide-1.webp","width":612,"height":612,"caption":"OLIGOPEPTIDE-1"},{"@type":"BreadcrumbList","@id":"https:\/\/naturalpoland.com\/cs\/produkty\/produkty-pro-kosmeticky-prumysl\/peptidy\/oligopeptid-1\/#breadcrumb","itemListElement":[{"@type":"ListItem","position":1,"name":"Dom\u016f","item":"https:\/\/naturalpoland.com\/cs\/"},{"@type":"ListItem","position":2,"name":"Produkty","item":"https:\/\/naturalpoland.com\/cs\/produkty\/"},{"@type":"ListItem","position":3,"name":"Oligopeptid-1"}]},{"@type":"WebSite","@id":"https:\/\/naturalpoland.com\/cs\/#website","url":"https:\/\/naturalpoland.com\/cs\/","name":"NATURAL POLAND - Velkoobchodn\u00ed distributor surovin","description":"Surowce dla przemys\u0142u spo\u017cywczego, kosmetycznego i farmaceutycznego","publisher":{"@id":"https:\/\/naturalpoland.com\/cs\/#organization"},"potentialAction":[{"@type":"SearchAction","target":{"@type":"EntryPoint","urlTemplate":"https:\/\/naturalpoland.com\/cs\/?s={search_term_string}"},"query-input":{"@type":"PropertyValueSpecification","valueRequired":true,"valueName":"search_term_string"}}],"inLanguage":"cs"},{"@type":"Organization","@id":"https:\/\/naturalpoland.com\/cs\/#organization","name":"Natural Poland","url":"https:\/\/naturalpoland.com\/cs\/","logo":{"@type":"ImageObject","inLanguage":"cs","@id":"https:\/\/naturalpoland.com\/cs\/#\/schema\/logo\/image\/","url":"https:\/\/naturalpoland.com\/wp-content\/uploads\/2021\/05\/natural-poland-icon.png","contentUrl":"https:\/\/naturalpoland.com\/wp-content\/uploads\/2021\/05\/natural-poland-icon.png","width":512,"height":512,"caption":"Natural Poland"},"image":{"@id":"https:\/\/naturalpoland.com\/cs\/#\/schema\/logo\/image\/"},"sameAs":["https:\/\/www.facebook.com\/naturalpoland.b2b","https:\/\/pl.linkedin.com\/company\/natural-poland","https:\/\/www.youtube.com\/channel\/UCgeGGkvOMahZo-xu_MSEWxg"]}]}},"_links":{"self":[{"href":"https:\/\/naturalpoland.com\/cs\/wp-json\/wp\/v2\/product\/29382","targetHints":{"allow":["GET"]}}],"collection":[{"href":"https:\/\/naturalpoland.com\/cs\/wp-json\/wp\/v2\/product"}],"about":[{"href":"https:\/\/naturalpoland.com\/cs\/wp-json\/wp\/v2\/types\/product"}],"wp:featuredmedia":[{"embeddable":true,"href":"https:\/\/naturalpoland.com\/cs\/wp-json\/wp\/v2\/media\/29104"}],"wp:attachment":[{"href":"https:\/\/naturalpoland.com\/cs\/wp-json\/wp\/v2\/media?parent=29382"}],"wp:term":[{"taxonomy":"product_brand","embeddable":true,"href":"https:\/\/naturalpoland.com\/cs\/wp-json\/wp\/v2\/product_brand?post=29382"},{"taxonomy":"product_cat","embeddable":true,"href":"https:\/\/naturalpoland.com\/cs\/wp-json\/wp\/v2\/product_cat?post=29382"},{"taxonomy":"product_tag","embeddable":true,"href":"https:\/\/naturalpoland.com\/cs\/wp-json\/wp\/v2\/product_tag?post=29382"}],"curies":[{"name":"wp","href":"https:\/\/api.w.org\/{rel}","templated":true}]}}