{"id":29471,"date":"2023-12-20T15:26:26","date_gmt":"2024-01-10T11:55:08","guid":{"rendered":"https:\/\/naturalpoland.com\/produkty\/nezarazene\/arginin-lysin-polypeptid\/"},"modified":"2024-01-10T12:55:08","modified_gmt":"2024-01-10T11:55:08","slug":"arginin-lysin-polypeptid","status":"publish","type":"product","link":"https:\/\/naturalpoland.com\/cs\/produkty\/produkty-pro-kosmeticky-prumysl\/peptidy\/arginin-lysin-polypeptid\/","title":{"rendered":"Arginin\/Lysin polypeptid"},"content":{"rendered":"<p><strong>\u00da\u010dinnost:<\/strong><\/p>\n<p>P\u0159i aplikaci 30 ppm argininu na poko\u017eku kolem o\u010d\u00ed testovan\u00fdch osob se ji\u017e po 15 minut\u00e1ch v\u00fdrazn\u011b sn\u00ed\u017eila drsnost poko\u017eky a hloubka vr\u00e1sek. Pr\u016fm\u011brn\u00e1 redukce vr\u00e1sek byla 30,67 % a pr\u016fm\u011brn\u00e9 sk\u00f3re vr\u00e1sek kleslo z 9,39 na 4,49. Krom\u011b toho se po pou\u017eit\u00ed roztok\u016f o koncentraci 5 ppm a 20 ppm sn\u00ed\u017eila tvorba vr\u00e1sek o 23,30 %, resp. 23,97 %.<\/p>\n<p><strong>Mechanismus \u00fa\u010dinku:<\/strong><\/p>\n<p>Syntetizovan\u00fd polypeptid arginin\/lysin m\u00e1 siln\u00fd relaxa\u010dn\u00ed \u00fa\u010dinek na obli\u010dejov\u00e9 svaly, co\u017e vede k okam\u017eit\u00e9mu vyhlazen\u00ed vr\u00e1sek. P\u016fsob\u00ed tak, \u017ee blokuje dr\u00e1hu NaV1.4, kter\u00e1 je zodpov\u011bdn\u00e1 za p\u0159\u00edtok Na+ iont\u016f do svalov\u00fdch vl\u00e1ken, \u010d\u00edm\u017e inhibuje tvorbu desti\u010dkov\u00e9ho termin\u00e1ln\u00edho potenci\u00e1lu a \u0159\u00edd\u00ed svalov\u00fd pohyb. Tento \u00fa\u010dinek vede k uvoln\u011bn\u00ed obli\u010dejov\u00fdch sval\u016f a vyhlazen\u00ed vr\u00e1sek.<\/p>\n<p><strong>Pou\u017eit\u00ed:<\/strong><\/p>\n<p>Polypeptid arginin\/lysin se hojn\u011b pou\u017e\u00edv\u00e1 v kosmetick\u00fdch p\u0159\u00edpravc\u00edch a v p\u00e9\u010di o ple\u0165, kde p\u016fsob\u00ed proti vr\u00e1sk\u00e1m. Lze jej pou\u017e\u00edt v produktech, jako jsou balz\u00e1my na rty, ple\u0165ov\u00e9 vody, denn\u00ed a no\u010dn\u00ed kr\u00e9my, o\u010dn\u00ed s\u00e9ra, gely a dal\u0161\u00ed.<\/p>\n","protected":false},"excerpt":{"rendered":"<p>Polypeptid argininu\/lysinu je inovativn\u00ed \u00fa\u010dinn\u00e1 l\u00e1tka, kter\u00e1 vyu\u017e\u00edv\u00e1 pokro\u010dil\u00e9 biotechnologie. Z\u00edsk\u00e1v\u00e1 se metodou biologick\u00e9 fermentace a vyzna\u010duje se vysokou \u010distotou a \u00fa\u010dinnost\u00ed proti vr\u00e1sk\u00e1m.<\/p>\n","protected":false},"featured_media":28797,"template":"","meta":[],"product_brand":[],"product_cat":[2488],"product_tag":[],"class_list":{"0":"post-29471","1":"product","2":"type-product","3":"status-publish","4":"has-post-thumbnail","6":"product_cat-peptidy","7":"pa_metoda-pozyskiwania-biologicka-fermentace","9":"first","10":"instock","11":"shipping-taxable","12":"product-type-simple"},"yoast_head":"<!-- This site is optimized with the Yoast SEO plugin v27.4 - https:\/\/yoast.com\/product\/yoast-seo-wordpress\/ -->\n<title>Arginin\/Lysin polypeptid - Velkoobchodn\u00ed distributor<\/title>\n<meta name=\"description\" content=\"Polypeptid arginin\/lysin kombinuje biotechnologick\u00e9 inovace s kosmetickou \u00fa\u010dinnost\u00ed a nab\u00edz\u00ed rychl\u00e9 a viditeln\u00e9 v\u00fdsledky p\u0159i redukci vr\u00e1sek.\" \/>\n<meta name=\"robots\" content=\"index, follow, max-snippet:-1, max-image-preview:large, max-video-preview:-1\" \/>\n<link rel=\"canonical\" href=\"https:\/\/naturalpoland.com\/cs\/produkty\/produkty-pro-kosmeticky-prumysl\/peptidy\/arginin-lysin-polypeptid\/\" \/>\n<meta property=\"og:locale\" content=\"cs_CZ\" \/>\n<meta property=\"og:type\" content=\"article\" \/>\n<meta property=\"og:title\" content=\"Arginin\/Lysin polypeptid - Velkoobchodn\u00ed distributor\" \/>\n<meta property=\"og:description\" content=\"Polypeptid arginin\/lysin kombinuje biotechnologick\u00e9 inovace s kosmetickou \u00fa\u010dinnost\u00ed a nab\u00edz\u00ed rychl\u00e9 a viditeln\u00e9 v\u00fdsledky p\u0159i redukci vr\u00e1sek.\" \/>\n<meta property=\"og:url\" content=\"https:\/\/naturalpoland.com\/cs\/produkty\/produkty-pro-kosmeticky-prumysl\/peptidy\/arginin-lysin-polypeptid\/\" \/>\n<meta property=\"og:site_name\" content=\"NATURAL POLAND - Velkoobchodn\u00ed distributor surovin\" \/>\n<meta property=\"article:publisher\" content=\"https:\/\/www.facebook.com\/naturalpoland.b2b\" \/>\n<meta property=\"og:image\" content=\"https:\/\/naturalpoland.com\/wp-content\/uploads\/arginine-lysine_polypeptide.webp\" \/>\n\t<meta property=\"og:image:width\" content=\"1024\" \/>\n\t<meta property=\"og:image:height\" content=\"1024\" \/>\n\t<meta property=\"og:image:type\" content=\"image\/webp\" \/>\n<script type=\"application\/ld+json\" class=\"yoast-schema-graph\">{\"@context\":\"https:\\\/\\\/schema.org\",\"@graph\":[{\"@type\":\"WebPage\",\"@id\":\"https:\\\/\\\/naturalpoland.com\\\/cs\\\/produkty\\\/produkty-pro-kosmeticky-prumysl\\\/peptidy\\\/arginin-lysin-polypeptid\\\/\",\"url\":\"https:\\\/\\\/naturalpoland.com\\\/cs\\\/produkty\\\/produkty-pro-kosmeticky-prumysl\\\/peptidy\\\/arginin-lysin-polypeptid\\\/\",\"name\":\"Arginin\\\/Lysin polypeptid - Velkoobchodn\u00ed distributor\",\"isPartOf\":{\"@id\":\"https:\\\/\\\/naturalpoland.com\\\/cs\\\/#website\"},\"primaryImageOfPage\":{\"@id\":\"https:\\\/\\\/naturalpoland.com\\\/cs\\\/produkty\\\/produkty-pro-kosmeticky-prumysl\\\/peptidy\\\/arginin-lysin-polypeptid\\\/#primaryimage\"},\"image\":{\"@id\":\"https:\\\/\\\/naturalpoland.com\\\/cs\\\/produkty\\\/produkty-pro-kosmeticky-prumysl\\\/peptidy\\\/arginin-lysin-polypeptid\\\/#primaryimage\"},\"thumbnailUrl\":\"https:\\\/\\\/naturalpoland.com\\\/wp-content\\\/uploads\\\/arginine-lysine_polypeptide.webp\",\"datePublished\":\"2024-01-10T11:55:08+00:00\",\"description\":\"Polypeptid arginin\\\/lysin kombinuje biotechnologick\u00e9 inovace s kosmetickou \u00fa\u010dinnost\u00ed a nab\u00edz\u00ed rychl\u00e9 a viditeln\u00e9 v\u00fdsledky p\u0159i redukci vr\u00e1sek.\",\"breadcrumb\":{\"@id\":\"https:\\\/\\\/naturalpoland.com\\\/cs\\\/produkty\\\/produkty-pro-kosmeticky-prumysl\\\/peptidy\\\/arginin-lysin-polypeptid\\\/#breadcrumb\"},\"inLanguage\":\"cs\",\"potentialAction\":[{\"@type\":\"ReadAction\",\"target\":[\"https:\\\/\\\/naturalpoland.com\\\/cs\\\/produkty\\\/produkty-pro-kosmeticky-prumysl\\\/peptidy\\\/arginin-lysin-polypeptid\\\/\"]}]},{\"@type\":\"ImageObject\",\"inLanguage\":\"cs\",\"@id\":\"https:\\\/\\\/naturalpoland.com\\\/cs\\\/produkty\\\/produkty-pro-kosmeticky-prumysl\\\/peptidy\\\/arginin-lysin-polypeptid\\\/#primaryimage\",\"url\":\"https:\\\/\\\/naturalpoland.com\\\/wp-content\\\/uploads\\\/arginine-lysine_polypeptide.webp\",\"contentUrl\":\"https:\\\/\\\/naturalpoland.com\\\/wp-content\\\/uploads\\\/arginine-lysine_polypeptide.webp\",\"width\":1024,\"height\":1024,\"caption\":\"Arginin\\\/lysin polypeptid\"},{\"@type\":\"BreadcrumbList\",\"@id\":\"https:\\\/\\\/naturalpoland.com\\\/cs\\\/produkty\\\/produkty-pro-kosmeticky-prumysl\\\/peptidy\\\/arginin-lysin-polypeptid\\\/#breadcrumb\",\"itemListElement\":[{\"@type\":\"ListItem\",\"position\":1,\"name\":\"Dom\u016f\",\"item\":\"https:\\\/\\\/naturalpoland.com\\\/cs\\\/\"},{\"@type\":\"ListItem\",\"position\":2,\"name\":\"Produkty\",\"item\":\"https:\\\/\\\/naturalpoland.com\\\/cs\\\/produkty\\\/\"},{\"@type\":\"ListItem\",\"position\":3,\"name\":\"Arginin\\\/Lysin polypeptid\"}]},{\"@type\":\"WebSite\",\"@id\":\"https:\\\/\\\/naturalpoland.com\\\/cs\\\/#website\",\"url\":\"https:\\\/\\\/naturalpoland.com\\\/cs\\\/\",\"name\":\"NATURAL POLAND - Velkoobchodn\u00ed distributor surovin\",\"description\":\"Surowce dla przemys\u0142u spo\u017cywczego, kosmetycznego i farmaceutycznego\",\"publisher\":{\"@id\":\"https:\\\/\\\/naturalpoland.com\\\/cs\\\/#organization\"},\"potentialAction\":[{\"@type\":\"SearchAction\",\"target\":{\"@type\":\"EntryPoint\",\"urlTemplate\":\"https:\\\/\\\/naturalpoland.com\\\/cs\\\/?s={search_term_string}\"},\"query-input\":{\"@type\":\"PropertyValueSpecification\",\"valueRequired\":true,\"valueName\":\"search_term_string\"}}],\"inLanguage\":\"cs\"},{\"@type\":\"Organization\",\"@id\":\"https:\\\/\\\/naturalpoland.com\\\/cs\\\/#organization\",\"name\":\"Natural Poland\",\"url\":\"https:\\\/\\\/naturalpoland.com\\\/cs\\\/\",\"logo\":{\"@type\":\"ImageObject\",\"inLanguage\":\"cs\",\"@id\":\"https:\\\/\\\/naturalpoland.com\\\/cs\\\/#\\\/schema\\\/logo\\\/image\\\/\",\"url\":\"https:\\\/\\\/naturalpoland.com\\\/wp-content\\\/uploads\\\/2021\\\/05\\\/natural-poland-icon.png\",\"contentUrl\":\"https:\\\/\\\/naturalpoland.com\\\/wp-content\\\/uploads\\\/2021\\\/05\\\/natural-poland-icon.png\",\"width\":512,\"height\":512,\"caption\":\"Natural Poland\"},\"image\":{\"@id\":\"https:\\\/\\\/naturalpoland.com\\\/cs\\\/#\\\/schema\\\/logo\\\/image\\\/\"},\"sameAs\":[\"https:\\\/\\\/www.facebook.com\\\/naturalpoland.b2b\",\"https:\\\/\\\/pl.linkedin.com\\\/company\\\/natural-poland\",\"https:\\\/\\\/www.youtube.com\\\/channel\\\/UCgeGGkvOMahZo-xu_MSEWxg\"]}]}<\/script>\n<!-- \/ Yoast SEO plugin. -->","yoast_head_json":{"title":"Arginin\/Lysin polypeptid - Velkoobchodn\u00ed distributor","description":"Polypeptid arginin\/lysin kombinuje biotechnologick\u00e9 inovace s kosmetickou \u00fa\u010dinnost\u00ed a nab\u00edz\u00ed rychl\u00e9 a viditeln\u00e9 v\u00fdsledky p\u0159i redukci vr\u00e1sek.","robots":{"index":"index","follow":"follow","max-snippet":"max-snippet:-1","max-image-preview":"max-image-preview:large","max-video-preview":"max-video-preview:-1"},"canonical":"https:\/\/naturalpoland.com\/cs\/produkty\/produkty-pro-kosmeticky-prumysl\/peptidy\/arginin-lysin-polypeptid\/","og_locale":"cs_CZ","og_type":"article","og_title":"Arginin\/Lysin polypeptid - Velkoobchodn\u00ed distributor","og_description":"Polypeptid arginin\/lysin kombinuje biotechnologick\u00e9 inovace s kosmetickou \u00fa\u010dinnost\u00ed a nab\u00edz\u00ed rychl\u00e9 a viditeln\u00e9 v\u00fdsledky p\u0159i redukci vr\u00e1sek.","og_url":"https:\/\/naturalpoland.com\/cs\/produkty\/produkty-pro-kosmeticky-prumysl\/peptidy\/arginin-lysin-polypeptid\/","og_site_name":"NATURAL POLAND - Velkoobchodn\u00ed distributor surovin","article_publisher":"https:\/\/www.facebook.com\/naturalpoland.b2b","og_image":[{"width":1024,"height":1024,"url":"https:\/\/naturalpoland.com\/wp-content\/uploads\/arginine-lysine_polypeptide.webp","type":"image\/webp"}],"schema":{"@context":"https:\/\/schema.org","@graph":[{"@type":"WebPage","@id":"https:\/\/naturalpoland.com\/cs\/produkty\/produkty-pro-kosmeticky-prumysl\/peptidy\/arginin-lysin-polypeptid\/","url":"https:\/\/naturalpoland.com\/cs\/produkty\/produkty-pro-kosmeticky-prumysl\/peptidy\/arginin-lysin-polypeptid\/","name":"Arginin\/Lysin polypeptid - Velkoobchodn\u00ed distributor","isPartOf":{"@id":"https:\/\/naturalpoland.com\/cs\/#website"},"primaryImageOfPage":{"@id":"https:\/\/naturalpoland.com\/cs\/produkty\/produkty-pro-kosmeticky-prumysl\/peptidy\/arginin-lysin-polypeptid\/#primaryimage"},"image":{"@id":"https:\/\/naturalpoland.com\/cs\/produkty\/produkty-pro-kosmeticky-prumysl\/peptidy\/arginin-lysin-polypeptid\/#primaryimage"},"thumbnailUrl":"https:\/\/naturalpoland.com\/wp-content\/uploads\/arginine-lysine_polypeptide.webp","datePublished":"2024-01-10T11:55:08+00:00","description":"Polypeptid arginin\/lysin kombinuje biotechnologick\u00e9 inovace s kosmetickou \u00fa\u010dinnost\u00ed a nab\u00edz\u00ed rychl\u00e9 a viditeln\u00e9 v\u00fdsledky p\u0159i redukci vr\u00e1sek.","breadcrumb":{"@id":"https:\/\/naturalpoland.com\/cs\/produkty\/produkty-pro-kosmeticky-prumysl\/peptidy\/arginin-lysin-polypeptid\/#breadcrumb"},"inLanguage":"cs","potentialAction":[{"@type":"ReadAction","target":["https:\/\/naturalpoland.com\/cs\/produkty\/produkty-pro-kosmeticky-prumysl\/peptidy\/arginin-lysin-polypeptid\/"]}]},{"@type":"ImageObject","inLanguage":"cs","@id":"https:\/\/naturalpoland.com\/cs\/produkty\/produkty-pro-kosmeticky-prumysl\/peptidy\/arginin-lysin-polypeptid\/#primaryimage","url":"https:\/\/naturalpoland.com\/wp-content\/uploads\/arginine-lysine_polypeptide.webp","contentUrl":"https:\/\/naturalpoland.com\/wp-content\/uploads\/arginine-lysine_polypeptide.webp","width":1024,"height":1024,"caption":"Arginin\/lysin polypeptid"},{"@type":"BreadcrumbList","@id":"https:\/\/naturalpoland.com\/cs\/produkty\/produkty-pro-kosmeticky-prumysl\/peptidy\/arginin-lysin-polypeptid\/#breadcrumb","itemListElement":[{"@type":"ListItem","position":1,"name":"Dom\u016f","item":"https:\/\/naturalpoland.com\/cs\/"},{"@type":"ListItem","position":2,"name":"Produkty","item":"https:\/\/naturalpoland.com\/cs\/produkty\/"},{"@type":"ListItem","position":3,"name":"Arginin\/Lysin polypeptid"}]},{"@type":"WebSite","@id":"https:\/\/naturalpoland.com\/cs\/#website","url":"https:\/\/naturalpoland.com\/cs\/","name":"NATURAL POLAND - Velkoobchodn\u00ed distributor surovin","description":"Surowce dla przemys\u0142u spo\u017cywczego, kosmetycznego i farmaceutycznego","publisher":{"@id":"https:\/\/naturalpoland.com\/cs\/#organization"},"potentialAction":[{"@type":"SearchAction","target":{"@type":"EntryPoint","urlTemplate":"https:\/\/naturalpoland.com\/cs\/?s={search_term_string}"},"query-input":{"@type":"PropertyValueSpecification","valueRequired":true,"valueName":"search_term_string"}}],"inLanguage":"cs"},{"@type":"Organization","@id":"https:\/\/naturalpoland.com\/cs\/#organization","name":"Natural Poland","url":"https:\/\/naturalpoland.com\/cs\/","logo":{"@type":"ImageObject","inLanguage":"cs","@id":"https:\/\/naturalpoland.com\/cs\/#\/schema\/logo\/image\/","url":"https:\/\/naturalpoland.com\/wp-content\/uploads\/2021\/05\/natural-poland-icon.png","contentUrl":"https:\/\/naturalpoland.com\/wp-content\/uploads\/2021\/05\/natural-poland-icon.png","width":512,"height":512,"caption":"Natural Poland"},"image":{"@id":"https:\/\/naturalpoland.com\/cs\/#\/schema\/logo\/image\/"},"sameAs":["https:\/\/www.facebook.com\/naturalpoland.b2b","https:\/\/pl.linkedin.com\/company\/natural-poland","https:\/\/www.youtube.com\/channel\/UCgeGGkvOMahZo-xu_MSEWxg"]}]}},"_links":{"self":[{"href":"https:\/\/naturalpoland.com\/cs\/wp-json\/wp\/v2\/product\/29471","targetHints":{"allow":["GET"]}}],"collection":[{"href":"https:\/\/naturalpoland.com\/cs\/wp-json\/wp\/v2\/product"}],"about":[{"href":"https:\/\/naturalpoland.com\/cs\/wp-json\/wp\/v2\/types\/product"}],"wp:featuredmedia":[{"embeddable":true,"href":"https:\/\/naturalpoland.com\/cs\/wp-json\/wp\/v2\/media\/28797"}],"wp:attachment":[{"href":"https:\/\/naturalpoland.com\/cs\/wp-json\/wp\/v2\/media?parent=29471"}],"wp:term":[{"taxonomy":"product_brand","embeddable":true,"href":"https:\/\/naturalpoland.com\/cs\/wp-json\/wp\/v2\/product_brand?post=29471"},{"taxonomy":"product_cat","embeddable":true,"href":"https:\/\/naturalpoland.com\/cs\/wp-json\/wp\/v2\/product_cat?post=29471"},{"taxonomy":"product_tag","embeddable":true,"href":"https:\/\/naturalpoland.com\/cs\/wp-json\/wp\/v2\/product_tag?post=29471"}],"curies":[{"name":"wp","href":"https:\/\/api.w.org\/{rel}","templated":true}]}}