{"id":29976,"date":"2024-01-18T14:39:20","date_gmt":"2024-01-26T11:45:59","guid":{"rendered":"https:\/\/naturalpoland.com\/produkty\/nezarazene\/nonapeptid-1\/"},"modified":"2024-01-26T12:45:59","modified_gmt":"2024-01-26T11:45:59","slug":"nonapeptid-1","status":"publish","type":"product","link":"https:\/\/naturalpoland.com\/cs\/produkty\/produkty-pro-kosmeticky-prumysl\/peptidy\/nonapeptid-1\/","title":{"rendered":"Nonapeptid-1"},"content":{"rendered":"<p>Nonapeptid-1 p\u016fsob\u00ed na \u00farovni melanogeneze t\u00edm, \u017ee blokuje sign\u00e1ly v melanocyt\u00e1rn\u00edch genech, \u010d\u00edm\u017e \u00fa\u010dinn\u011b inhibuje procesy tvorby melaninu. Jeho jedine\u010dn\u00e1 struktura, kter\u00e1 je biomimetick\u00fdm peptidem a-MSH, mu umo\u017e\u0148uje interagovat s receptorem MC1R v melanocytech, \u010d\u00edm\u017e sni\u017euje aktivaci tyrozin\u00e1zy, a t\u00edm i produkci melaninu.<\/p>\n<p>V pokusech <em>in vitro<\/em> nonapeptid-1 prok\u00e1zal schopnost v\u00fdznamn\u011b sni\u017eovat hladinu melaninu a inhibovat aktivitu tyrozin\u00e1zy, co\u017e vede k \u00fa\u010dinnosti p\u0159i rozjas\u0148ov\u00e1n\u00ed pleti a redukci pigmentov\u00fdch skvrn. Jedn\u00e1 se o vysoce \u010distou l\u00e1tku (98,0 %), kter\u00e1 se vyr\u00e1b\u00ed biologickou fermentac\u00ed, a doporu\u010den\u00e1 koncentrace ve v\u00fdrobc\u00edch je 0,1-0,2 %.<\/p>\n<p>Pou\u017e\u00edv\u00e1 se hlavn\u011b v p\u0159\u00edpravc\u00edch p\u00e9\u010de o ple\u0165, jejich\u017e c\u00edlem je vyhladit t\u00f3n pleti, sn\u00ed\u017eit nerovnom\u011brnou pigmentaci a zlep\u0161it celkov\u00fd jas a rovnom\u011brnost pleti.<\/p>\n","protected":false},"excerpt":{"rendered":"<p><strong>Nonapeptid-1<\/strong>, zn\u00e1m\u00fd tak\u00e9 jako <strong>melanostatin-5<\/strong>, je inovativn\u00ed \u00fa\u010dinn\u00e1 l\u00e1tka pou\u017e\u00edvan\u00e1 v kosmetice.<\/p>\n","protected":false},"featured_media":29567,"template":"","meta":[],"product_brand":[],"product_cat":[2488],"product_tag":[],"class_list":{"0":"post-29976","1":"product","2":"type-product","3":"status-publish","4":"has-post-thumbnail","6":"product_cat-peptidy","7":"pa_metoda-pozyskiwania-biologicka-fermentace","9":"first","10":"instock","11":"shipping-taxable","12":"product-type-simple"},"yoast_head":"<!-- This site is optimized with the Yoast SEO plugin v27.4 - https:\/\/yoast.com\/product\/yoast-seo-wordpress\/ -->\n<title>Nonapeptid-1 - Velkoobchodn\u00ed distributor<\/title>\n<meta name=\"description\" content=\"Nonapeptid-1, zn\u00e1m\u00fd tak\u00e9 jako melanostatin-5, je inovativn\u00ed \u00fa\u010dinn\u00e1 l\u00e1tka pou\u017e\u00edvan\u00e1 v kosmetice. P\u016fsob\u00ed na \u00farovni melanogeneze.\" \/>\n<meta name=\"robots\" content=\"index, follow, max-snippet:-1, max-image-preview:large, max-video-preview:-1\" \/>\n<link rel=\"canonical\" href=\"https:\/\/naturalpoland.com\/cs\/produkty\/produkty-pro-kosmeticky-prumysl\/peptidy\/nonapeptid-1\/\" \/>\n<meta property=\"og:locale\" content=\"cs_CZ\" \/>\n<meta property=\"og:type\" content=\"article\" \/>\n<meta property=\"og:title\" content=\"Nonapeptid-1 - Velkoobchodn\u00ed distributor\" \/>\n<meta property=\"og:description\" content=\"Nonapeptid-1, zn\u00e1m\u00fd tak\u00e9 jako melanostatin-5, je inovativn\u00ed \u00fa\u010dinn\u00e1 l\u00e1tka pou\u017e\u00edvan\u00e1 v kosmetice. P\u016fsob\u00ed na \u00farovni melanogeneze.\" \/>\n<meta property=\"og:url\" content=\"https:\/\/naturalpoland.com\/cs\/produkty\/produkty-pro-kosmeticky-prumysl\/peptidy\/nonapeptid-1\/\" \/>\n<meta property=\"og:site_name\" content=\"NATURAL POLAND - Velkoobchodn\u00ed distributor surovin\" \/>\n<meta property=\"article:publisher\" content=\"https:\/\/www.facebook.com\/naturalpoland.b2b\" \/>\n<meta property=\"og:image\" content=\"https:\/\/naturalpoland.com\/wp-content\/uploads\/nonapeptide-1.webp\" \/>\n\t<meta property=\"og:image:width\" content=\"614\" \/>\n\t<meta property=\"og:image:height\" content=\"614\" \/>\n\t<meta property=\"og:image:type\" content=\"image\/webp\" \/>\n<script type=\"application\/ld+json\" class=\"yoast-schema-graph\">{\"@context\":\"https:\\\/\\\/schema.org\",\"@graph\":[{\"@type\":\"WebPage\",\"@id\":\"https:\\\/\\\/naturalpoland.com\\\/cs\\\/produkty\\\/produkty-pro-kosmeticky-prumysl\\\/peptidy\\\/nonapeptid-1\\\/\",\"url\":\"https:\\\/\\\/naturalpoland.com\\\/cs\\\/produkty\\\/produkty-pro-kosmeticky-prumysl\\\/peptidy\\\/nonapeptid-1\\\/\",\"name\":\"Nonapeptid-1 - Velkoobchodn\u00ed distributor\",\"isPartOf\":{\"@id\":\"https:\\\/\\\/naturalpoland.com\\\/cs\\\/#website\"},\"primaryImageOfPage\":{\"@id\":\"https:\\\/\\\/naturalpoland.com\\\/cs\\\/produkty\\\/produkty-pro-kosmeticky-prumysl\\\/peptidy\\\/nonapeptid-1\\\/#primaryimage\"},\"image\":{\"@id\":\"https:\\\/\\\/naturalpoland.com\\\/cs\\\/produkty\\\/produkty-pro-kosmeticky-prumysl\\\/peptidy\\\/nonapeptid-1\\\/#primaryimage\"},\"thumbnailUrl\":\"https:\\\/\\\/naturalpoland.com\\\/wp-content\\\/uploads\\\/nonapeptide-1.webp\",\"datePublished\":\"2024-01-26T11:45:59+00:00\",\"description\":\"Nonapeptid-1, zn\u00e1m\u00fd tak\u00e9 jako melanostatin-5, je inovativn\u00ed \u00fa\u010dinn\u00e1 l\u00e1tka pou\u017e\u00edvan\u00e1 v kosmetice. P\u016fsob\u00ed na \u00farovni melanogeneze.\",\"breadcrumb\":{\"@id\":\"https:\\\/\\\/naturalpoland.com\\\/cs\\\/produkty\\\/produkty-pro-kosmeticky-prumysl\\\/peptidy\\\/nonapeptid-1\\\/#breadcrumb\"},\"inLanguage\":\"cs\",\"potentialAction\":[{\"@type\":\"ReadAction\",\"target\":[\"https:\\\/\\\/naturalpoland.com\\\/cs\\\/produkty\\\/produkty-pro-kosmeticky-prumysl\\\/peptidy\\\/nonapeptid-1\\\/\"]}]},{\"@type\":\"ImageObject\",\"inLanguage\":\"cs\",\"@id\":\"https:\\\/\\\/naturalpoland.com\\\/cs\\\/produkty\\\/produkty-pro-kosmeticky-prumysl\\\/peptidy\\\/nonapeptid-1\\\/#primaryimage\",\"url\":\"https:\\\/\\\/naturalpoland.com\\\/wp-content\\\/uploads\\\/nonapeptide-1.webp\",\"contentUrl\":\"https:\\\/\\\/naturalpoland.com\\\/wp-content\\\/uploads\\\/nonapeptide-1.webp\",\"width\":614,\"height\":614,\"caption\":\"Nonapeptyd-1\"},{\"@type\":\"BreadcrumbList\",\"@id\":\"https:\\\/\\\/naturalpoland.com\\\/cs\\\/produkty\\\/produkty-pro-kosmeticky-prumysl\\\/peptidy\\\/nonapeptid-1\\\/#breadcrumb\",\"itemListElement\":[{\"@type\":\"ListItem\",\"position\":1,\"name\":\"Dom\u016f\",\"item\":\"https:\\\/\\\/naturalpoland.com\\\/cs\\\/\"},{\"@type\":\"ListItem\",\"position\":2,\"name\":\"Produkty\",\"item\":\"https:\\\/\\\/naturalpoland.com\\\/cs\\\/produkty\\\/\"},{\"@type\":\"ListItem\",\"position\":3,\"name\":\"Nonapeptid-1\"}]},{\"@type\":\"WebSite\",\"@id\":\"https:\\\/\\\/naturalpoland.com\\\/cs\\\/#website\",\"url\":\"https:\\\/\\\/naturalpoland.com\\\/cs\\\/\",\"name\":\"NATURAL POLAND - Velkoobchodn\u00ed distributor surovin\",\"description\":\"Surowce dla przemys\u0142u spo\u017cywczego, kosmetycznego i farmaceutycznego\",\"publisher\":{\"@id\":\"https:\\\/\\\/naturalpoland.com\\\/cs\\\/#organization\"},\"potentialAction\":[{\"@type\":\"SearchAction\",\"target\":{\"@type\":\"EntryPoint\",\"urlTemplate\":\"https:\\\/\\\/naturalpoland.com\\\/cs\\\/?s={search_term_string}\"},\"query-input\":{\"@type\":\"PropertyValueSpecification\",\"valueRequired\":true,\"valueName\":\"search_term_string\"}}],\"inLanguage\":\"cs\"},{\"@type\":\"Organization\",\"@id\":\"https:\\\/\\\/naturalpoland.com\\\/cs\\\/#organization\",\"name\":\"Natural Poland\",\"url\":\"https:\\\/\\\/naturalpoland.com\\\/cs\\\/\",\"logo\":{\"@type\":\"ImageObject\",\"inLanguage\":\"cs\",\"@id\":\"https:\\\/\\\/naturalpoland.com\\\/cs\\\/#\\\/schema\\\/logo\\\/image\\\/\",\"url\":\"https:\\\/\\\/naturalpoland.com\\\/wp-content\\\/uploads\\\/2021\\\/05\\\/natural-poland-icon.png\",\"contentUrl\":\"https:\\\/\\\/naturalpoland.com\\\/wp-content\\\/uploads\\\/2021\\\/05\\\/natural-poland-icon.png\",\"width\":512,\"height\":512,\"caption\":\"Natural Poland\"},\"image\":{\"@id\":\"https:\\\/\\\/naturalpoland.com\\\/cs\\\/#\\\/schema\\\/logo\\\/image\\\/\"},\"sameAs\":[\"https:\\\/\\\/www.facebook.com\\\/naturalpoland.b2b\",\"https:\\\/\\\/pl.linkedin.com\\\/company\\\/natural-poland\",\"https:\\\/\\\/www.youtube.com\\\/channel\\\/UCgeGGkvOMahZo-xu_MSEWxg\"]}]}<\/script>\n<!-- \/ Yoast SEO plugin. -->","yoast_head_json":{"title":"Nonapeptid-1 - Velkoobchodn\u00ed distributor","description":"Nonapeptid-1, zn\u00e1m\u00fd tak\u00e9 jako melanostatin-5, je inovativn\u00ed \u00fa\u010dinn\u00e1 l\u00e1tka pou\u017e\u00edvan\u00e1 v kosmetice. P\u016fsob\u00ed na \u00farovni melanogeneze.","robots":{"index":"index","follow":"follow","max-snippet":"max-snippet:-1","max-image-preview":"max-image-preview:large","max-video-preview":"max-video-preview:-1"},"canonical":"https:\/\/naturalpoland.com\/cs\/produkty\/produkty-pro-kosmeticky-prumysl\/peptidy\/nonapeptid-1\/","og_locale":"cs_CZ","og_type":"article","og_title":"Nonapeptid-1 - Velkoobchodn\u00ed distributor","og_description":"Nonapeptid-1, zn\u00e1m\u00fd tak\u00e9 jako melanostatin-5, je inovativn\u00ed \u00fa\u010dinn\u00e1 l\u00e1tka pou\u017e\u00edvan\u00e1 v kosmetice. P\u016fsob\u00ed na \u00farovni melanogeneze.","og_url":"https:\/\/naturalpoland.com\/cs\/produkty\/produkty-pro-kosmeticky-prumysl\/peptidy\/nonapeptid-1\/","og_site_name":"NATURAL POLAND - Velkoobchodn\u00ed distributor surovin","article_publisher":"https:\/\/www.facebook.com\/naturalpoland.b2b","og_image":[{"width":614,"height":614,"url":"https:\/\/naturalpoland.com\/wp-content\/uploads\/nonapeptide-1.webp","type":"image\/webp"}],"schema":{"@context":"https:\/\/schema.org","@graph":[{"@type":"WebPage","@id":"https:\/\/naturalpoland.com\/cs\/produkty\/produkty-pro-kosmeticky-prumysl\/peptidy\/nonapeptid-1\/","url":"https:\/\/naturalpoland.com\/cs\/produkty\/produkty-pro-kosmeticky-prumysl\/peptidy\/nonapeptid-1\/","name":"Nonapeptid-1 - Velkoobchodn\u00ed distributor","isPartOf":{"@id":"https:\/\/naturalpoland.com\/cs\/#website"},"primaryImageOfPage":{"@id":"https:\/\/naturalpoland.com\/cs\/produkty\/produkty-pro-kosmeticky-prumysl\/peptidy\/nonapeptid-1\/#primaryimage"},"image":{"@id":"https:\/\/naturalpoland.com\/cs\/produkty\/produkty-pro-kosmeticky-prumysl\/peptidy\/nonapeptid-1\/#primaryimage"},"thumbnailUrl":"https:\/\/naturalpoland.com\/wp-content\/uploads\/nonapeptide-1.webp","datePublished":"2024-01-26T11:45:59+00:00","description":"Nonapeptid-1, zn\u00e1m\u00fd tak\u00e9 jako melanostatin-5, je inovativn\u00ed \u00fa\u010dinn\u00e1 l\u00e1tka pou\u017e\u00edvan\u00e1 v kosmetice. P\u016fsob\u00ed na \u00farovni melanogeneze.","breadcrumb":{"@id":"https:\/\/naturalpoland.com\/cs\/produkty\/produkty-pro-kosmeticky-prumysl\/peptidy\/nonapeptid-1\/#breadcrumb"},"inLanguage":"cs","potentialAction":[{"@type":"ReadAction","target":["https:\/\/naturalpoland.com\/cs\/produkty\/produkty-pro-kosmeticky-prumysl\/peptidy\/nonapeptid-1\/"]}]},{"@type":"ImageObject","inLanguage":"cs","@id":"https:\/\/naturalpoland.com\/cs\/produkty\/produkty-pro-kosmeticky-prumysl\/peptidy\/nonapeptid-1\/#primaryimage","url":"https:\/\/naturalpoland.com\/wp-content\/uploads\/nonapeptide-1.webp","contentUrl":"https:\/\/naturalpoland.com\/wp-content\/uploads\/nonapeptide-1.webp","width":614,"height":614,"caption":"Nonapeptyd-1"},{"@type":"BreadcrumbList","@id":"https:\/\/naturalpoland.com\/cs\/produkty\/produkty-pro-kosmeticky-prumysl\/peptidy\/nonapeptid-1\/#breadcrumb","itemListElement":[{"@type":"ListItem","position":1,"name":"Dom\u016f","item":"https:\/\/naturalpoland.com\/cs\/"},{"@type":"ListItem","position":2,"name":"Produkty","item":"https:\/\/naturalpoland.com\/cs\/produkty\/"},{"@type":"ListItem","position":3,"name":"Nonapeptid-1"}]},{"@type":"WebSite","@id":"https:\/\/naturalpoland.com\/cs\/#website","url":"https:\/\/naturalpoland.com\/cs\/","name":"NATURAL POLAND - Velkoobchodn\u00ed distributor surovin","description":"Surowce dla przemys\u0142u spo\u017cywczego, kosmetycznego i farmaceutycznego","publisher":{"@id":"https:\/\/naturalpoland.com\/cs\/#organization"},"potentialAction":[{"@type":"SearchAction","target":{"@type":"EntryPoint","urlTemplate":"https:\/\/naturalpoland.com\/cs\/?s={search_term_string}"},"query-input":{"@type":"PropertyValueSpecification","valueRequired":true,"valueName":"search_term_string"}}],"inLanguage":"cs"},{"@type":"Organization","@id":"https:\/\/naturalpoland.com\/cs\/#organization","name":"Natural Poland","url":"https:\/\/naturalpoland.com\/cs\/","logo":{"@type":"ImageObject","inLanguage":"cs","@id":"https:\/\/naturalpoland.com\/cs\/#\/schema\/logo\/image\/","url":"https:\/\/naturalpoland.com\/wp-content\/uploads\/2021\/05\/natural-poland-icon.png","contentUrl":"https:\/\/naturalpoland.com\/wp-content\/uploads\/2021\/05\/natural-poland-icon.png","width":512,"height":512,"caption":"Natural Poland"},"image":{"@id":"https:\/\/naturalpoland.com\/cs\/#\/schema\/logo\/image\/"},"sameAs":["https:\/\/www.facebook.com\/naturalpoland.b2b","https:\/\/pl.linkedin.com\/company\/natural-poland","https:\/\/www.youtube.com\/channel\/UCgeGGkvOMahZo-xu_MSEWxg"]}]}},"_links":{"self":[{"href":"https:\/\/naturalpoland.com\/cs\/wp-json\/wp\/v2\/product\/29976","targetHints":{"allow":["GET"]}}],"collection":[{"href":"https:\/\/naturalpoland.com\/cs\/wp-json\/wp\/v2\/product"}],"about":[{"href":"https:\/\/naturalpoland.com\/cs\/wp-json\/wp\/v2\/types\/product"}],"wp:featuredmedia":[{"embeddable":true,"href":"https:\/\/naturalpoland.com\/cs\/wp-json\/wp\/v2\/media\/29567"}],"wp:attachment":[{"href":"https:\/\/naturalpoland.com\/cs\/wp-json\/wp\/v2\/media?parent=29976"}],"wp:term":[{"taxonomy":"product_brand","embeddable":true,"href":"https:\/\/naturalpoland.com\/cs\/wp-json\/wp\/v2\/product_brand?post=29976"},{"taxonomy":"product_cat","embeddable":true,"href":"https:\/\/naturalpoland.com\/cs\/wp-json\/wp\/v2\/product_cat?post=29976"},{"taxonomy":"product_tag","embeddable":true,"href":"https:\/\/naturalpoland.com\/cs\/wp-json\/wp\/v2\/product_tag?post=29976"}],"curies":[{"name":"wp","href":"https:\/\/api.w.org\/{rel}","templated":true}]}}