{"id":29989,"date":"2024-01-18T15:27:26","date_gmt":"2024-01-26T12:26:53","guid":{"rendered":"https:\/\/naturalpoland.com\/produkty\/nezarazene\/ergotioneina\/"},"modified":"2024-01-26T13:26:53","modified_gmt":"2024-01-26T12:26:53","slug":"ergotioneina","status":"publish","type":"product","link":"https:\/\/naturalpoland.com\/cs\/produkty\/produkty-pro-kosmeticky-prumysl\/peptidy\/ergotioneina\/","title":{"rendered":"Ergotioneina"},"content":{"rendered":"<p>Ergothionein vstupuje do bun\u011bk a mitochondri\u00ed prost\u0159ednictv\u00edm transport\u00e9ru OCTN-1 v keratinocytech a fibroblastech a p\u0159\u00edmo neutralizuje reaktivn\u00ed formy kysl\u00edku (ROS). D\u00edky tomu ergothionein nejen chr\u00e1n\u00ed p\u0159ed oxida\u010dn\u00edm stresem, ale tak\u00e9 chr\u00e1n\u00ed mitochondrie a mitochondri\u00e1ln\u00ed DNA p\u0159ed po\u0161kozen\u00edm zp\u016fsoben\u00fdm nadm\u011brn\u00fdm mno\u017estv\u00edm voln\u00fdch radik\u00e1l\u016f.<\/p>\n<p>D\u00edky sv\u00fdm vlastnostem <strong>ergothionein \u00fa\u010dinn\u011b chr\u00e1n\u00ed poko\u017eku p\u0159ed \u0161kodliv\u00fdmi \u00fa\u010dinky UV z\u00e1\u0159en\u00ed<\/strong>, minimalizuje tvorbu reaktivn\u00edch forem kysl\u00edku, co\u017e se projevuje sn\u00ed\u017een\u00edm po\u0161kozen\u00ed poko\u017eky z\u00e1\u0159en\u00edm. To je d\u016fle\u017eit\u00e9 zejm\u00e9na v souvislosti s ochranou proti st\u00e1rnut\u00ed k\u016f\u017ee a po\u0161kozen\u00ed DNA. Ergothionein tak\u00e9 vykazuje <strong>schopnost sni\u017eovat z\u00e1n\u011btliv\u00e9 procesy<\/strong> a chr\u00e1nit vodn\u00ed b\u00edlkoviny p\u0159ed oxida\u010dn\u00edm po\u0161kozen\u00edm.<\/p>\n<p>Ve studi\u00edch in vitro prok\u00e1zal ergothionein vysokou \u00fa\u010dinnost jako <strong>antioxidant<\/strong>, co\u017e potvrdily fyzik\u00e1ln\u011b-chemick\u00e9 testy jeho schopnosti neutralizovat voln\u00e9 radik\u00e1ly DPPH. P\u0159i pokusech na zeb\u0159i\u010dk\u00e1ch byly zji\u0161t\u011bny jeho v\u00fdrazn\u00e9 antioxida\u010dn\u00ed \u00fa\u010dinky.<\/p>\n<p>Ergothionein se pou\u017e\u00edv\u00e1 v \u0161irok\u00e9 \u0161k\u00e1le kosmetick\u00fdch p\u0159\u00edpravk\u016f, v\u010detn\u011b o\u010dn\u00edch s\u00e9r, kr\u00e9m\u016f a gel\u016f, a m\u00e1 b\u011blic\u00ed, protist\u00e1rnouc\u00ed a hydrata\u010dn\u00ed \u00fa\u010dinky. Jedn\u00e1 se o univerz\u00e1ln\u00ed slou\u010deninu, kter\u00e1 uspokojuje r\u016fzn\u00e9 pot\u0159eby poko\u017eky a chr\u00e1n\u00ed ji p\u0159ed vn\u011bj\u0161\u00edmi i vnit\u0159n\u00edmi faktory, kter\u00e9 zp\u016fsobuj\u00ed st\u00e1rnut\u00ed a po\u0161kozen\u00ed.<\/p>\n","protected":false},"excerpt":{"rendered":"<p><strong>Ergothionein<\/strong>, zn\u00e1m\u00fd tak\u00e9 jako <strong>2-merkaptohistidin trimethylbeta<\/strong> nebo <strong>alkaloid ergothionein<\/strong>, je jedine\u010dn\u00e1 \u00fa\u010dinn\u00e1 l\u00e1tka v kosmetice s v\u00fdjime\u010dn\u00fdmi antioxida\u010dn\u00edmi a ochrann\u00fdmi vlastnostmi.<\/p>\n","protected":false},"featured_media":29593,"template":"","meta":{"_acf_changed":false},"product_brand":[],"product_cat":[2488],"product_tag":[],"class_list":{"0":"post-29989","1":"product","2":"type-product","3":"status-publish","4":"has-post-thumbnail","6":"product_cat-peptidy","7":"pa_metoda-pozyskiwania-biosynteza-cs","9":"first","10":"instock","11":"shipping-taxable","12":"product-type-simple"},"acf":[],"yoast_head":"<!-- This site is optimized with the Yoast SEO plugin v27.4 - https:\/\/yoast.com\/product\/yoast-seo-wordpress\/ -->\n<title>Ergotioneina - Velkoobchodn\u00ed distributor<\/title>\n<meta name=\"description\" content=\"Ergothionein, zn\u00e1m\u00fd tak\u00e9 jako 2-merkaptohistidin trimethylbetain nebo Ergoth Alkaloid, je jedine\u010dnou \u00fa\u010dinnou l\u00e1tkou v kosmetice.\" \/>\n<meta name=\"robots\" content=\"index, follow, max-snippet:-1, max-image-preview:large, max-video-preview:-1\" \/>\n<link rel=\"canonical\" href=\"https:\/\/naturalpoland.com\/cs\/produkty\/produkty-pro-kosmeticky-prumysl\/peptidy\/ergotioneina\/\" \/>\n<meta property=\"og:locale\" content=\"cs_CZ\" \/>\n<meta property=\"og:type\" content=\"article\" \/>\n<meta property=\"og:title\" content=\"Ergotioneina - Velkoobchodn\u00ed distributor\" \/>\n<meta property=\"og:description\" content=\"Ergothionein, zn\u00e1m\u00fd tak\u00e9 jako 2-merkaptohistidin trimethylbetain nebo Ergoth Alkaloid, je jedine\u010dnou \u00fa\u010dinnou l\u00e1tkou v kosmetice.\" \/>\n<meta property=\"og:url\" content=\"https:\/\/naturalpoland.com\/cs\/produkty\/produkty-pro-kosmeticky-prumysl\/peptidy\/ergotioneina\/\" \/>\n<meta property=\"og:site_name\" content=\"NATURAL POLAND - Velkoobchodn\u00ed distributor surovin\" \/>\n<meta property=\"article:publisher\" content=\"https:\/\/www.facebook.com\/naturalpoland.b2b\" \/>\n<meta property=\"og:image\" content=\"https:\/\/naturalpoland.com\/wp-content\/uploads\/ergothioneine.webp\" \/>\n\t<meta property=\"og:image:width\" content=\"614\" \/>\n\t<meta property=\"og:image:height\" content=\"614\" \/>\n\t<meta property=\"og:image:type\" content=\"image\/webp\" \/>\n<script type=\"application\/ld+json\" class=\"yoast-schema-graph\">{\"@context\":\"https:\\\/\\\/schema.org\",\"@graph\":[{\"@type\":\"WebPage\",\"@id\":\"https:\\\/\\\/naturalpoland.com\\\/cs\\\/produkty\\\/produkty-pro-kosmeticky-prumysl\\\/peptidy\\\/ergotioneina\\\/\",\"url\":\"https:\\\/\\\/naturalpoland.com\\\/cs\\\/produkty\\\/produkty-pro-kosmeticky-prumysl\\\/peptidy\\\/ergotioneina\\\/\",\"name\":\"Ergotioneina - Velkoobchodn\u00ed distributor\",\"isPartOf\":{\"@id\":\"https:\\\/\\\/naturalpoland.com\\\/cs\\\/#website\"},\"primaryImageOfPage\":{\"@id\":\"https:\\\/\\\/naturalpoland.com\\\/cs\\\/produkty\\\/produkty-pro-kosmeticky-prumysl\\\/peptidy\\\/ergotioneina\\\/#primaryimage\"},\"image\":{\"@id\":\"https:\\\/\\\/naturalpoland.com\\\/cs\\\/produkty\\\/produkty-pro-kosmeticky-prumysl\\\/peptidy\\\/ergotioneina\\\/#primaryimage\"},\"thumbnailUrl\":\"https:\\\/\\\/naturalpoland.com\\\/wp-content\\\/uploads\\\/ergothioneine.webp\",\"datePublished\":\"2024-01-26T12:26:53+00:00\",\"description\":\"Ergothionein, zn\u00e1m\u00fd tak\u00e9 jako 2-merkaptohistidin trimethylbetain nebo Ergoth Alkaloid, je jedine\u010dnou \u00fa\u010dinnou l\u00e1tkou v kosmetice.\",\"breadcrumb\":{\"@id\":\"https:\\\/\\\/naturalpoland.com\\\/cs\\\/produkty\\\/produkty-pro-kosmeticky-prumysl\\\/peptidy\\\/ergotioneina\\\/#breadcrumb\"},\"inLanguage\":\"cs\",\"potentialAction\":[{\"@type\":\"ReadAction\",\"target\":[\"https:\\\/\\\/naturalpoland.com\\\/cs\\\/produkty\\\/produkty-pro-kosmeticky-prumysl\\\/peptidy\\\/ergotioneina\\\/\"]}]},{\"@type\":\"ImageObject\",\"inLanguage\":\"cs\",\"@id\":\"https:\\\/\\\/naturalpoland.com\\\/cs\\\/produkty\\\/produkty-pro-kosmeticky-prumysl\\\/peptidy\\\/ergotioneina\\\/#primaryimage\",\"url\":\"https:\\\/\\\/naturalpoland.com\\\/wp-content\\\/uploads\\\/ergothioneine.webp\",\"contentUrl\":\"https:\\\/\\\/naturalpoland.com\\\/wp-content\\\/uploads\\\/ergothioneine.webp\",\"width\":614,\"height\":614,\"caption\":\"Ergotioneina\"},{\"@type\":\"BreadcrumbList\",\"@id\":\"https:\\\/\\\/naturalpoland.com\\\/cs\\\/produkty\\\/produkty-pro-kosmeticky-prumysl\\\/peptidy\\\/ergotioneina\\\/#breadcrumb\",\"itemListElement\":[{\"@type\":\"ListItem\",\"position\":1,\"name\":\"Dom\u016f\",\"item\":\"https:\\\/\\\/naturalpoland.com\\\/cs\\\/\"},{\"@type\":\"ListItem\",\"position\":2,\"name\":\"Produkty\",\"item\":\"https:\\\/\\\/naturalpoland.com\\\/cs\\\/produkty\\\/\"},{\"@type\":\"ListItem\",\"position\":3,\"name\":\"Ergotioneina\"}]},{\"@type\":\"WebSite\",\"@id\":\"https:\\\/\\\/naturalpoland.com\\\/cs\\\/#website\",\"url\":\"https:\\\/\\\/naturalpoland.com\\\/cs\\\/\",\"name\":\"NATURAL POLAND - Velkoobchodn\u00ed distributor surovin\",\"description\":\"Surowce dla przemys\u0142u spo\u017cywczego, kosmetycznego i farmaceutycznego\",\"publisher\":{\"@id\":\"https:\\\/\\\/naturalpoland.com\\\/cs\\\/#organization\"},\"potentialAction\":[{\"@type\":\"SearchAction\",\"target\":{\"@type\":\"EntryPoint\",\"urlTemplate\":\"https:\\\/\\\/naturalpoland.com\\\/cs\\\/?s={search_term_string}\"},\"query-input\":{\"@type\":\"PropertyValueSpecification\",\"valueRequired\":true,\"valueName\":\"search_term_string\"}}],\"inLanguage\":\"cs\"},{\"@type\":\"Organization\",\"@id\":\"https:\\\/\\\/naturalpoland.com\\\/cs\\\/#organization\",\"name\":\"Natural Poland\",\"url\":\"https:\\\/\\\/naturalpoland.com\\\/cs\\\/\",\"logo\":{\"@type\":\"ImageObject\",\"inLanguage\":\"cs\",\"@id\":\"https:\\\/\\\/naturalpoland.com\\\/cs\\\/#\\\/schema\\\/logo\\\/image\\\/\",\"url\":\"https:\\\/\\\/naturalpoland.com\\\/wp-content\\\/uploads\\\/2021\\\/05\\\/natural-poland-icon.png\",\"contentUrl\":\"https:\\\/\\\/naturalpoland.com\\\/wp-content\\\/uploads\\\/2021\\\/05\\\/natural-poland-icon.png\",\"width\":512,\"height\":512,\"caption\":\"Natural Poland\"},\"image\":{\"@id\":\"https:\\\/\\\/naturalpoland.com\\\/cs\\\/#\\\/schema\\\/logo\\\/image\\\/\"},\"sameAs\":[\"https:\\\/\\\/www.facebook.com\\\/naturalpoland.b2b\",\"https:\\\/\\\/pl.linkedin.com\\\/company\\\/natural-poland\",\"https:\\\/\\\/www.youtube.com\\\/channel\\\/UCgeGGkvOMahZo-xu_MSEWxg\"]}]}<\/script>\n<!-- \/ Yoast SEO plugin. -->","yoast_head_json":{"title":"Ergotioneina - Velkoobchodn\u00ed distributor","description":"Ergothionein, zn\u00e1m\u00fd tak\u00e9 jako 2-merkaptohistidin trimethylbetain nebo Ergoth Alkaloid, je jedine\u010dnou \u00fa\u010dinnou l\u00e1tkou v kosmetice.","robots":{"index":"index","follow":"follow","max-snippet":"max-snippet:-1","max-image-preview":"max-image-preview:large","max-video-preview":"max-video-preview:-1"},"canonical":"https:\/\/naturalpoland.com\/cs\/produkty\/produkty-pro-kosmeticky-prumysl\/peptidy\/ergotioneina\/","og_locale":"cs_CZ","og_type":"article","og_title":"Ergotioneina - Velkoobchodn\u00ed distributor","og_description":"Ergothionein, zn\u00e1m\u00fd tak\u00e9 jako 2-merkaptohistidin trimethylbetain nebo Ergoth Alkaloid, je jedine\u010dnou \u00fa\u010dinnou l\u00e1tkou v kosmetice.","og_url":"https:\/\/naturalpoland.com\/cs\/produkty\/produkty-pro-kosmeticky-prumysl\/peptidy\/ergotioneina\/","og_site_name":"NATURAL POLAND - Velkoobchodn\u00ed distributor surovin","article_publisher":"https:\/\/www.facebook.com\/naturalpoland.b2b","og_image":[{"width":614,"height":614,"url":"https:\/\/naturalpoland.com\/wp-content\/uploads\/ergothioneine.webp","type":"image\/webp"}],"schema":{"@context":"https:\/\/schema.org","@graph":[{"@type":"WebPage","@id":"https:\/\/naturalpoland.com\/cs\/produkty\/produkty-pro-kosmeticky-prumysl\/peptidy\/ergotioneina\/","url":"https:\/\/naturalpoland.com\/cs\/produkty\/produkty-pro-kosmeticky-prumysl\/peptidy\/ergotioneina\/","name":"Ergotioneina - Velkoobchodn\u00ed distributor","isPartOf":{"@id":"https:\/\/naturalpoland.com\/cs\/#website"},"primaryImageOfPage":{"@id":"https:\/\/naturalpoland.com\/cs\/produkty\/produkty-pro-kosmeticky-prumysl\/peptidy\/ergotioneina\/#primaryimage"},"image":{"@id":"https:\/\/naturalpoland.com\/cs\/produkty\/produkty-pro-kosmeticky-prumysl\/peptidy\/ergotioneina\/#primaryimage"},"thumbnailUrl":"https:\/\/naturalpoland.com\/wp-content\/uploads\/ergothioneine.webp","datePublished":"2024-01-26T12:26:53+00:00","description":"Ergothionein, zn\u00e1m\u00fd tak\u00e9 jako 2-merkaptohistidin trimethylbetain nebo Ergoth Alkaloid, je jedine\u010dnou \u00fa\u010dinnou l\u00e1tkou v kosmetice.","breadcrumb":{"@id":"https:\/\/naturalpoland.com\/cs\/produkty\/produkty-pro-kosmeticky-prumysl\/peptidy\/ergotioneina\/#breadcrumb"},"inLanguage":"cs","potentialAction":[{"@type":"ReadAction","target":["https:\/\/naturalpoland.com\/cs\/produkty\/produkty-pro-kosmeticky-prumysl\/peptidy\/ergotioneina\/"]}]},{"@type":"ImageObject","inLanguage":"cs","@id":"https:\/\/naturalpoland.com\/cs\/produkty\/produkty-pro-kosmeticky-prumysl\/peptidy\/ergotioneina\/#primaryimage","url":"https:\/\/naturalpoland.com\/wp-content\/uploads\/ergothioneine.webp","contentUrl":"https:\/\/naturalpoland.com\/wp-content\/uploads\/ergothioneine.webp","width":614,"height":614,"caption":"Ergotioneina"},{"@type":"BreadcrumbList","@id":"https:\/\/naturalpoland.com\/cs\/produkty\/produkty-pro-kosmeticky-prumysl\/peptidy\/ergotioneina\/#breadcrumb","itemListElement":[{"@type":"ListItem","position":1,"name":"Dom\u016f","item":"https:\/\/naturalpoland.com\/cs\/"},{"@type":"ListItem","position":2,"name":"Produkty","item":"https:\/\/naturalpoland.com\/cs\/produkty\/"},{"@type":"ListItem","position":3,"name":"Ergotioneina"}]},{"@type":"WebSite","@id":"https:\/\/naturalpoland.com\/cs\/#website","url":"https:\/\/naturalpoland.com\/cs\/","name":"NATURAL POLAND - Velkoobchodn\u00ed distributor surovin","description":"Surowce dla przemys\u0142u spo\u017cywczego, kosmetycznego i farmaceutycznego","publisher":{"@id":"https:\/\/naturalpoland.com\/cs\/#organization"},"potentialAction":[{"@type":"SearchAction","target":{"@type":"EntryPoint","urlTemplate":"https:\/\/naturalpoland.com\/cs\/?s={search_term_string}"},"query-input":{"@type":"PropertyValueSpecification","valueRequired":true,"valueName":"search_term_string"}}],"inLanguage":"cs"},{"@type":"Organization","@id":"https:\/\/naturalpoland.com\/cs\/#organization","name":"Natural Poland","url":"https:\/\/naturalpoland.com\/cs\/","logo":{"@type":"ImageObject","inLanguage":"cs","@id":"https:\/\/naturalpoland.com\/cs\/#\/schema\/logo\/image\/","url":"https:\/\/naturalpoland.com\/wp-content\/uploads\/2021\/05\/natural-poland-icon.png","contentUrl":"https:\/\/naturalpoland.com\/wp-content\/uploads\/2021\/05\/natural-poland-icon.png","width":512,"height":512,"caption":"Natural Poland"},"image":{"@id":"https:\/\/naturalpoland.com\/cs\/#\/schema\/logo\/image\/"},"sameAs":["https:\/\/www.facebook.com\/naturalpoland.b2b","https:\/\/pl.linkedin.com\/company\/natural-poland","https:\/\/www.youtube.com\/channel\/UCgeGGkvOMahZo-xu_MSEWxg"]}]}},"_links":{"self":[{"href":"https:\/\/naturalpoland.com\/cs\/wp-json\/wp\/v2\/product\/29989","targetHints":{"allow":["GET"]}}],"collection":[{"href":"https:\/\/naturalpoland.com\/cs\/wp-json\/wp\/v2\/product"}],"about":[{"href":"https:\/\/naturalpoland.com\/cs\/wp-json\/wp\/v2\/types\/product"}],"wp:featuredmedia":[{"embeddable":true,"href":"https:\/\/naturalpoland.com\/cs\/wp-json\/wp\/v2\/media\/29593"}],"wp:attachment":[{"href":"https:\/\/naturalpoland.com\/cs\/wp-json\/wp\/v2\/media?parent=29989"}],"wp:term":[{"taxonomy":"product_brand","embeddable":true,"href":"https:\/\/naturalpoland.com\/cs\/wp-json\/wp\/v2\/product_brand?post=29989"},{"taxonomy":"product_cat","embeddable":true,"href":"https:\/\/naturalpoland.com\/cs\/wp-json\/wp\/v2\/product_cat?post=29989"},{"taxonomy":"product_tag","embeddable":true,"href":"https:\/\/naturalpoland.com\/cs\/wp-json\/wp\/v2\/product_tag?post=29989"}],"curies":[{"name":"wp","href":"https:\/\/api.w.org\/{rel}","templated":true}]}}