{"id":30011,"date":"2024-01-25T14:50:31","date_gmt":"2024-01-26T12:27:08","guid":{"rendered":"https:\/\/naturalpoland.com\/produkty\/nezarazene\/bavlnikovy-olej\/"},"modified":"2024-01-26T13:27:08","modified_gmt":"2024-01-26T12:27:08","slug":"bavlnikovy-olej","status":"publish","type":"product","link":"https:\/\/naturalpoland.com\/cs\/produkty\/produkty-pro-kosmeticky-prumysl\/kosmeticke-oleje\/bavlnikovy-olej\/","title":{"rendered":"Bavln\u00edkov\u00fd olej"},"content":{"rendered":"<p>Bavln\u00edkov\u00fd olej se vyzna\u010duje sv\u011btle \u017elutou barvou a t\u00e9m\u011b\u0159 neznateln\u00fdm z\u00e1pachem, d\u00edky \u010demu\u017e je vynikaj\u00edc\u00ed p\u0159\u00edsadou do mnoha kosmetick\u00fdch a farmaceutick\u00fdch v\u00fdrobk\u016f.<\/p>\n<h2><strong>Pou\u017eit\u00ed a vlastnosti:<\/strong><\/h2>\n<ol>\n<li><strong>Kosmetika a l\u00e9\u010diva:<\/strong> Bavln\u00edkov\u00fd olej je cen\u011bn pro sv\u00e9 hydrata\u010dn\u00ed a zvl\u00e1\u010d\u0148uj\u00edc\u00ed vlastnosti. D\u00edky vysok\u00e9mu obsahu mastn\u00fdch kyselin, jako je kyselina linolov\u00e1, je olej ide\u00e1ln\u00ed slo\u017ekou v\u00fdrobk\u016f pro p\u00e9\u010di o ple\u0165, vlasy a farmaceutick\u00fdch p\u0159\u00edpravk\u016f.<\/li>\n<li><strong>Antioxida\u010dn\u00ed vlastnosti:<\/strong> Tento olej m\u00e1 antioxida\u010dn\u00ed vlastnosti, kter\u00e9 chr\u00e1n\u00ed poko\u017eku p\u0159ed \u0161kodliv\u00fdmi \u00fa\u010dinky voln\u00fdch radik\u00e1l\u016f a vn\u011bj\u0161\u00edch faktor\u016f, jako je UV z\u00e1\u0159en\u00ed.<\/li>\n<li><strong>Podpora ko\u017en\u00ed bari\u00e9ry<\/strong>: Jeho pou\u017eit\u00ed v kosmetice m\u016f\u017ee pomoci udr\u017eet hydrolipidovou bari\u00e9ru poko\u017eky, \u010d\u00edm\u017e zabra\u0148uje nadm\u011brn\u00e9 ztr\u00e1t\u011b vlhkosti.<\/li>\n<\/ol>\n<h2><strong>Bezpe\u010dnost a stabilita:<\/strong><\/h2>\n<p>Bavln\u00edkov\u00fd olej je stabiln\u00ed produkt, kter\u00fd za b\u011b\u017en\u00fdch skladovac\u00edch podm\u00ednek (pod 20 \u00b0C) nevykazuje \u017e\u00e1dnou chemickou reaktivitu. Nen\u00ed klasifikov\u00e1n jako nebezpe\u010dn\u00e1 l\u00e1tka podle na\u0159\u00edzen\u00ed REACH 2020\/878. Jeho pou\u017eit\u00ed je bezpe\u010dn\u00e9 a nem\u00e1 \u017e\u00e1dn\u00e9 toxick\u00e9 ani dr\u00e1\u017ediv\u00e9 vlastnosti.<\/p>\n<h2><strong>Skladov\u00e1n\u00ed a pou\u017eit\u00ed:<\/strong><\/h2>\n<p>Pro dosa\u017een\u00ed optim\u00e1ln\u00ed kvality v\u00fdrobku by m\u011bl b\u00fdt skladov\u00e1n v t\u011bsn\u011b uzav\u0159en\u00fdch n\u00e1dob\u00e1ch, na such\u00e9m a chladn\u00e9m m\u00edst\u011b, mimo dosah zdroj\u016f tepla a sv\u011btla. Bavln\u00edkov\u00fd olej je ide\u00e1ln\u00ed pro pou\u017eit\u00ed v produktech vy\u017eaduj\u00edc\u00edch dlouhodobou hydrataci a ochranu poko\u017eky.<\/p>\n","protected":false},"excerpt":{"rendered":"<p><strong><em>Bavln\u00edkov\u00fd olej (Gossypium Herbaceum Seed<\/em><\/strong> Oil), zn\u00e1m\u00fd tak\u00e9 jako <strong>bavln\u00edkov\u00fd olej<\/strong>, je cenn\u00e1 surovina z\u00edsk\u00e1van\u00e1 ze semen rostliny Gossypium Herbaceum.<\/p>\n","protected":false},"featured_media":29878,"template":"","meta":[],"product_brand":[],"product_cat":[636],"product_tag":[],"class_list":{"0":"post-30011","1":"product","2":"type-product","3":"status-publish","4":"has-post-thumbnail","6":"product_cat-kosmeticke-oleje","8":"first","9":"instock","10":"shipping-taxable","11":"product-type-simple"},"yoast_head":"<!-- This site is optimized with the Yoast SEO plugin v27.3 - https:\/\/yoast.com\/product\/yoast-seo-wordpress\/ -->\n<title>Bavln\u00edkov\u00fd olej - Velkoobchodn\u00ed distributor<\/title>\n<meta name=\"description\" content=\"Bavln\u00edkov\u00fd olej se vyzna\u010duje sv\u011btle \u017elutou barvou a t\u00e9m\u011b\u0159 neznateln\u00fdm z\u00e1pachem, co\u017e z n\u011bj \u010din\u00ed vynikaj\u00edc\u00ed p\u0159\u00edsadu do kosmetick\u00fdch v\u00fdrobk\u016f.\" \/>\n<meta name=\"robots\" content=\"index, follow, max-snippet:-1, max-image-preview:large, max-video-preview:-1\" \/>\n<link rel=\"canonical\" href=\"https:\/\/naturalpoland.com\/cs\/produkty\/produkty-pro-kosmeticky-prumysl\/kosmeticke-oleje\/bavlnikovy-olej\/\" \/>\n<meta property=\"og:locale\" content=\"cs_CZ\" \/>\n<meta property=\"og:type\" content=\"article\" \/>\n<meta property=\"og:title\" content=\"Bavln\u00edkov\u00fd olej - Velkoobchodn\u00ed distributor\" \/>\n<meta property=\"og:description\" content=\"Bavln\u00edkov\u00fd olej se vyzna\u010duje sv\u011btle \u017elutou barvou a t\u00e9m\u011b\u0159 neznateln\u00fdm z\u00e1pachem, co\u017e z n\u011bj \u010din\u00ed vynikaj\u00edc\u00ed p\u0159\u00edsadu do kosmetick\u00fdch v\u00fdrobk\u016f.\" \/>\n<meta property=\"og:url\" content=\"https:\/\/naturalpoland.com\/cs\/produkty\/produkty-pro-kosmeticky-prumysl\/kosmeticke-oleje\/bavlnikovy-olej\/\" \/>\n<meta property=\"og:site_name\" content=\"NATURAL POLAND - Velkoobchodn\u00ed distributor surovin\" \/>\n<meta property=\"article:publisher\" content=\"https:\/\/www.facebook.com\/naturalpoland.b2b\" \/>\n<meta property=\"og:image\" content=\"https:\/\/naturalpoland.com\/wp-content\/uploads\/olej-bawelniany.webp\" \/>\n\t<meta property=\"og:image:width\" content=\"614\" \/>\n\t<meta property=\"og:image:height\" content=\"614\" \/>\n\t<meta property=\"og:image:type\" content=\"image\/webp\" \/>\n<script type=\"application\/ld+json\" class=\"yoast-schema-graph\">{\"@context\":\"https:\\\/\\\/schema.org\",\"@graph\":[{\"@type\":\"WebPage\",\"@id\":\"https:\\\/\\\/naturalpoland.com\\\/cs\\\/produkty\\\/produkty-pro-kosmeticky-prumysl\\\/kosmeticke-oleje\\\/bavlnikovy-olej\\\/\",\"url\":\"https:\\\/\\\/naturalpoland.com\\\/cs\\\/produkty\\\/produkty-pro-kosmeticky-prumysl\\\/kosmeticke-oleje\\\/bavlnikovy-olej\\\/\",\"name\":\"Bavln\u00edkov\u00fd olej - Velkoobchodn\u00ed distributor\",\"isPartOf\":{\"@id\":\"https:\\\/\\\/naturalpoland.com\\\/cs\\\/#website\"},\"primaryImageOfPage\":{\"@id\":\"https:\\\/\\\/naturalpoland.com\\\/cs\\\/produkty\\\/produkty-pro-kosmeticky-prumysl\\\/kosmeticke-oleje\\\/bavlnikovy-olej\\\/#primaryimage\"},\"image\":{\"@id\":\"https:\\\/\\\/naturalpoland.com\\\/cs\\\/produkty\\\/produkty-pro-kosmeticky-prumysl\\\/kosmeticke-oleje\\\/bavlnikovy-olej\\\/#primaryimage\"},\"thumbnailUrl\":\"https:\\\/\\\/naturalpoland.com\\\/wp-content\\\/uploads\\\/olej-bawelniany.webp\",\"datePublished\":\"2024-01-26T12:27:08+00:00\",\"description\":\"Bavln\u00edkov\u00fd olej se vyzna\u010duje sv\u011btle \u017elutou barvou a t\u00e9m\u011b\u0159 neznateln\u00fdm z\u00e1pachem, co\u017e z n\u011bj \u010din\u00ed vynikaj\u00edc\u00ed p\u0159\u00edsadu do kosmetick\u00fdch v\u00fdrobk\u016f.\",\"breadcrumb\":{\"@id\":\"https:\\\/\\\/naturalpoland.com\\\/cs\\\/produkty\\\/produkty-pro-kosmeticky-prumysl\\\/kosmeticke-oleje\\\/bavlnikovy-olej\\\/#breadcrumb\"},\"inLanguage\":\"cs\",\"potentialAction\":[{\"@type\":\"ReadAction\",\"target\":[\"https:\\\/\\\/naturalpoland.com\\\/cs\\\/produkty\\\/produkty-pro-kosmeticky-prumysl\\\/kosmeticke-oleje\\\/bavlnikovy-olej\\\/\"]}]},{\"@type\":\"ImageObject\",\"inLanguage\":\"cs\",\"@id\":\"https:\\\/\\\/naturalpoland.com\\\/cs\\\/produkty\\\/produkty-pro-kosmeticky-prumysl\\\/kosmeticke-oleje\\\/bavlnikovy-olej\\\/#primaryimage\",\"url\":\"https:\\\/\\\/naturalpoland.com\\\/wp-content\\\/uploads\\\/olej-bawelniany.webp\",\"contentUrl\":\"https:\\\/\\\/naturalpoland.com\\\/wp-content\\\/uploads\\\/olej-bawelniany.webp\",\"width\":614,\"height\":614,\"caption\":\"olej bawe\u0142niany\"},{\"@type\":\"BreadcrumbList\",\"@id\":\"https:\\\/\\\/naturalpoland.com\\\/cs\\\/produkty\\\/produkty-pro-kosmeticky-prumysl\\\/kosmeticke-oleje\\\/bavlnikovy-olej\\\/#breadcrumb\",\"itemListElement\":[{\"@type\":\"ListItem\",\"position\":1,\"name\":\"Dom\u016f\",\"item\":\"https:\\\/\\\/naturalpoland.com\\\/cs\\\/\"},{\"@type\":\"ListItem\",\"position\":2,\"name\":\"Produkty\",\"item\":\"https:\\\/\\\/naturalpoland.com\\\/cs\\\/produkty\\\/\"},{\"@type\":\"ListItem\",\"position\":3,\"name\":\"Bavln\u00edkov\u00fd olej\"}]},{\"@type\":\"WebSite\",\"@id\":\"https:\\\/\\\/naturalpoland.com\\\/cs\\\/#website\",\"url\":\"https:\\\/\\\/naturalpoland.com\\\/cs\\\/\",\"name\":\"NATURAL POLAND - Velkoobchodn\u00ed distributor surovin\",\"description\":\"Surowce dla przemys\u0142u spo\u017cywczego, kosmetycznego i farmaceutycznego\",\"publisher\":{\"@id\":\"https:\\\/\\\/naturalpoland.com\\\/cs\\\/#organization\"},\"potentialAction\":[{\"@type\":\"SearchAction\",\"target\":{\"@type\":\"EntryPoint\",\"urlTemplate\":\"https:\\\/\\\/naturalpoland.com\\\/cs\\\/?s={search_term_string}\"},\"query-input\":{\"@type\":\"PropertyValueSpecification\",\"valueRequired\":true,\"valueName\":\"search_term_string\"}}],\"inLanguage\":\"cs\"},{\"@type\":\"Organization\",\"@id\":\"https:\\\/\\\/naturalpoland.com\\\/cs\\\/#organization\",\"name\":\"Natural Poland\",\"url\":\"https:\\\/\\\/naturalpoland.com\\\/cs\\\/\",\"logo\":{\"@type\":\"ImageObject\",\"inLanguage\":\"cs\",\"@id\":\"https:\\\/\\\/naturalpoland.com\\\/cs\\\/#\\\/schema\\\/logo\\\/image\\\/\",\"url\":\"https:\\\/\\\/naturalpoland.com\\\/wp-content\\\/uploads\\\/2021\\\/05\\\/natural-poland-icon.png\",\"contentUrl\":\"https:\\\/\\\/naturalpoland.com\\\/wp-content\\\/uploads\\\/2021\\\/05\\\/natural-poland-icon.png\",\"width\":512,\"height\":512,\"caption\":\"Natural Poland\"},\"image\":{\"@id\":\"https:\\\/\\\/naturalpoland.com\\\/cs\\\/#\\\/schema\\\/logo\\\/image\\\/\"},\"sameAs\":[\"https:\\\/\\\/www.facebook.com\\\/naturalpoland.b2b\",\"https:\\\/\\\/pl.linkedin.com\\\/company\\\/natural-poland\",\"https:\\\/\\\/www.youtube.com\\\/channel\\\/UCgeGGkvOMahZo-xu_MSEWxg\"]}]}<\/script>\n<!-- \/ Yoast SEO plugin. -->","yoast_head_json":{"title":"Bavln\u00edkov\u00fd olej - Velkoobchodn\u00ed distributor","description":"Bavln\u00edkov\u00fd olej se vyzna\u010duje sv\u011btle \u017elutou barvou a t\u00e9m\u011b\u0159 neznateln\u00fdm z\u00e1pachem, co\u017e z n\u011bj \u010din\u00ed vynikaj\u00edc\u00ed p\u0159\u00edsadu do kosmetick\u00fdch v\u00fdrobk\u016f.","robots":{"index":"index","follow":"follow","max-snippet":"max-snippet:-1","max-image-preview":"max-image-preview:large","max-video-preview":"max-video-preview:-1"},"canonical":"https:\/\/naturalpoland.com\/cs\/produkty\/produkty-pro-kosmeticky-prumysl\/kosmeticke-oleje\/bavlnikovy-olej\/","og_locale":"cs_CZ","og_type":"article","og_title":"Bavln\u00edkov\u00fd olej - Velkoobchodn\u00ed distributor","og_description":"Bavln\u00edkov\u00fd olej se vyzna\u010duje sv\u011btle \u017elutou barvou a t\u00e9m\u011b\u0159 neznateln\u00fdm z\u00e1pachem, co\u017e z n\u011bj \u010din\u00ed vynikaj\u00edc\u00ed p\u0159\u00edsadu do kosmetick\u00fdch v\u00fdrobk\u016f.","og_url":"https:\/\/naturalpoland.com\/cs\/produkty\/produkty-pro-kosmeticky-prumysl\/kosmeticke-oleje\/bavlnikovy-olej\/","og_site_name":"NATURAL POLAND - Velkoobchodn\u00ed distributor surovin","article_publisher":"https:\/\/www.facebook.com\/naturalpoland.b2b","og_image":[{"width":614,"height":614,"url":"https:\/\/naturalpoland.com\/wp-content\/uploads\/olej-bawelniany.webp","type":"image\/webp"}],"schema":{"@context":"https:\/\/schema.org","@graph":[{"@type":"WebPage","@id":"https:\/\/naturalpoland.com\/cs\/produkty\/produkty-pro-kosmeticky-prumysl\/kosmeticke-oleje\/bavlnikovy-olej\/","url":"https:\/\/naturalpoland.com\/cs\/produkty\/produkty-pro-kosmeticky-prumysl\/kosmeticke-oleje\/bavlnikovy-olej\/","name":"Bavln\u00edkov\u00fd olej - Velkoobchodn\u00ed distributor","isPartOf":{"@id":"https:\/\/naturalpoland.com\/cs\/#website"},"primaryImageOfPage":{"@id":"https:\/\/naturalpoland.com\/cs\/produkty\/produkty-pro-kosmeticky-prumysl\/kosmeticke-oleje\/bavlnikovy-olej\/#primaryimage"},"image":{"@id":"https:\/\/naturalpoland.com\/cs\/produkty\/produkty-pro-kosmeticky-prumysl\/kosmeticke-oleje\/bavlnikovy-olej\/#primaryimage"},"thumbnailUrl":"https:\/\/naturalpoland.com\/wp-content\/uploads\/olej-bawelniany.webp","datePublished":"2024-01-26T12:27:08+00:00","description":"Bavln\u00edkov\u00fd olej se vyzna\u010duje sv\u011btle \u017elutou barvou a t\u00e9m\u011b\u0159 neznateln\u00fdm z\u00e1pachem, co\u017e z n\u011bj \u010din\u00ed vynikaj\u00edc\u00ed p\u0159\u00edsadu do kosmetick\u00fdch v\u00fdrobk\u016f.","breadcrumb":{"@id":"https:\/\/naturalpoland.com\/cs\/produkty\/produkty-pro-kosmeticky-prumysl\/kosmeticke-oleje\/bavlnikovy-olej\/#breadcrumb"},"inLanguage":"cs","potentialAction":[{"@type":"ReadAction","target":["https:\/\/naturalpoland.com\/cs\/produkty\/produkty-pro-kosmeticky-prumysl\/kosmeticke-oleje\/bavlnikovy-olej\/"]}]},{"@type":"ImageObject","inLanguage":"cs","@id":"https:\/\/naturalpoland.com\/cs\/produkty\/produkty-pro-kosmeticky-prumysl\/kosmeticke-oleje\/bavlnikovy-olej\/#primaryimage","url":"https:\/\/naturalpoland.com\/wp-content\/uploads\/olej-bawelniany.webp","contentUrl":"https:\/\/naturalpoland.com\/wp-content\/uploads\/olej-bawelniany.webp","width":614,"height":614,"caption":"olej bawe\u0142niany"},{"@type":"BreadcrumbList","@id":"https:\/\/naturalpoland.com\/cs\/produkty\/produkty-pro-kosmeticky-prumysl\/kosmeticke-oleje\/bavlnikovy-olej\/#breadcrumb","itemListElement":[{"@type":"ListItem","position":1,"name":"Dom\u016f","item":"https:\/\/naturalpoland.com\/cs\/"},{"@type":"ListItem","position":2,"name":"Produkty","item":"https:\/\/naturalpoland.com\/cs\/produkty\/"},{"@type":"ListItem","position":3,"name":"Bavln\u00edkov\u00fd olej"}]},{"@type":"WebSite","@id":"https:\/\/naturalpoland.com\/cs\/#website","url":"https:\/\/naturalpoland.com\/cs\/","name":"NATURAL POLAND - Velkoobchodn\u00ed distributor surovin","description":"Surowce dla przemys\u0142u spo\u017cywczego, kosmetycznego i farmaceutycznego","publisher":{"@id":"https:\/\/naturalpoland.com\/cs\/#organization"},"potentialAction":[{"@type":"SearchAction","target":{"@type":"EntryPoint","urlTemplate":"https:\/\/naturalpoland.com\/cs\/?s={search_term_string}"},"query-input":{"@type":"PropertyValueSpecification","valueRequired":true,"valueName":"search_term_string"}}],"inLanguage":"cs"},{"@type":"Organization","@id":"https:\/\/naturalpoland.com\/cs\/#organization","name":"Natural Poland","url":"https:\/\/naturalpoland.com\/cs\/","logo":{"@type":"ImageObject","inLanguage":"cs","@id":"https:\/\/naturalpoland.com\/cs\/#\/schema\/logo\/image\/","url":"https:\/\/naturalpoland.com\/wp-content\/uploads\/2021\/05\/natural-poland-icon.png","contentUrl":"https:\/\/naturalpoland.com\/wp-content\/uploads\/2021\/05\/natural-poland-icon.png","width":512,"height":512,"caption":"Natural Poland"},"image":{"@id":"https:\/\/naturalpoland.com\/cs\/#\/schema\/logo\/image\/"},"sameAs":["https:\/\/www.facebook.com\/naturalpoland.b2b","https:\/\/pl.linkedin.com\/company\/natural-poland","https:\/\/www.youtube.com\/channel\/UCgeGGkvOMahZo-xu_MSEWxg"]}]}},"_links":{"self":[{"href":"https:\/\/naturalpoland.com\/cs\/wp-json\/wp\/v2\/product\/30011","targetHints":{"allow":["GET"]}}],"collection":[{"href":"https:\/\/naturalpoland.com\/cs\/wp-json\/wp\/v2\/product"}],"about":[{"href":"https:\/\/naturalpoland.com\/cs\/wp-json\/wp\/v2\/types\/product"}],"wp:featuredmedia":[{"embeddable":true,"href":"https:\/\/naturalpoland.com\/cs\/wp-json\/wp\/v2\/media\/29878"}],"wp:attachment":[{"href":"https:\/\/naturalpoland.com\/cs\/wp-json\/wp\/v2\/media?parent=30011"}],"wp:term":[{"taxonomy":"product_brand","embeddable":true,"href":"https:\/\/naturalpoland.com\/cs\/wp-json\/wp\/v2\/product_brand?post=30011"},{"taxonomy":"product_cat","embeddable":true,"href":"https:\/\/naturalpoland.com\/cs\/wp-json\/wp\/v2\/product_cat?post=30011"},{"taxonomy":"product_tag","embeddable":true,"href":"https:\/\/naturalpoland.com\/cs\/wp-json\/wp\/v2\/product_tag?post=30011"}],"curies":[{"name":"wp","href":"https:\/\/api.w.org\/{rel}","templated":true}]}}