{"id":30018,"date":"2024-01-25T12:48:21","date_gmt":"2024-01-26T12:29:11","guid":{"rendered":"https:\/\/naturalpoland.com\/produkty\/nezarazene\/makadamovy-vosk\/"},"modified":"2024-01-26T13:29:11","modified_gmt":"2024-01-26T12:29:11","slug":"makadamovy-vosk","status":"publish","type":"product","link":"https:\/\/naturalpoland.com\/cs\/produkty\/vosky\/makadamovy-vosk\/","title":{"rendered":"Makadamov\u00fd vosk"},"content":{"rendered":"<p>Makadamiov\u00fd vosk m\u00e1 kr\u00e9mov\u011b \u017elutou barvu a je bez z\u00e1pachu, tak\u017ee se snadno pou\u017e\u00edv\u00e1 v r\u016fzn\u00fdch kosmetick\u00fdch p\u0159\u00edpravc\u00edch.<\/p>\n<p>Obsah mastn\u00fdch kyselin v makadamov\u00e9m vosku, v\u010detn\u011b kyseliny olejov\u00e9, palmitov\u00e9 a stearov\u00e9, p\u0159isp\u00edv\u00e1 k jeho hydrata\u010dn\u00edm a zvl\u00e1\u010d\u0148uj\u00edc\u00edm vlastnostem. D\u00edky stejn\u00fdm mastn\u00fdm kyselin\u00e1m je tento vosk ide\u00e1ln\u00ed slo\u017ekou produkt\u016f ur\u010den\u00fdch pro suchou a zralou ple\u0165, kter\u00e9 poskytuj\u00ed v\u00fd\u017eivu a ochranu.<\/p>\n<p>Makadamiov\u00fd vosk m\u00e1 tak\u00e9 <strong>ochrann\u00fd \u00fa\u010dinek<\/strong>, proto\u017ee na poko\u017ece vytv\u00e1\u0159\u00ed jemn\u00fd film, kter\u00fd pom\u00e1h\u00e1 udr\u017eovat vlhkost a zabra\u0148uje jej\u00ed ztr\u00e1t\u011b. D\u00edky t\u00e9to slo\u017ece mohou kosmetick\u00e9 p\u0159\u00edpravky l\u00e9pe chr\u00e1nit poko\u017eku p\u0159ed \u0161kodliv\u00fdmi vn\u011bj\u0161\u00edmi faktory, v\u010detn\u011b zne\u010di\u0161t\u011bn\u00ed a vysu\u0161en\u00ed.<\/p>\n<p><strong>Aplikace<\/strong><\/p>\n<p>Pou\u017eit\u00ed makadamov\u00e9ho vosku je \u0161irok\u00e9, od hydrata\u010dn\u00edch p\u0159\u00edpravk\u016f p\u0159es t\u011blov\u00e1 ml\u00e9ka a\u017e po p\u0159\u00edpravky na \u00fapravu vlas\u016f. D\u00edky sv\u00e9 v\u0161estrannosti je cennou slo\u017ekou v <a href=\"\/kategoria\/produkty-dla-przemyslu-kosmetycznego\/\">kosmetick\u00e9m pr\u016fmyslu<\/a> a d\u00edky sv\u00e9 netoxi\u010dnosti a jemnosti je vhodn\u00fd i pro osoby s citlivou poko\u017ekou.<\/p>\n<p>D\u00edky sv\u00fdm hydrata\u010dn\u00edm a zvl\u00e1\u010d\u0148uj\u00edc\u00edm vlastnostem se tento vosk doporu\u010duje zejm\u00e9na pro produkty ur\u010den\u00e9 pro suchou, citlivou a zralou ple\u0165.<\/p>\n","protected":false},"excerpt":{"rendered":"<p>Makadamiov\u00fd vosk je jedine\u010dn\u00e1 kosmetick\u00e1 surovina z\u00edsk\u00e1van\u00e1 z makadamiov\u00e9ho o\u0159echu. Jeho jedine\u010dn\u00e9 vlastnosti poch\u00e1zej\u00ed z procesu hydrogenace oleje z makadamov\u00fdch o\u0159ech\u016f, kter\u00fd mu dod\u00e1v\u00e1 pevnou konzistenci.<\/p>\n","protected":false},"featured_media":29865,"template":"","meta":{"_acf_changed":false},"product_brand":[],"product_cat":[643],"product_tag":[],"class_list":{"0":"post-30018","1":"product","2":"type-product","3":"status-publish","4":"has-post-thumbnail","6":"product_cat-vosky","8":"first","9":"instock","10":"shipping-taxable","11":"product-type-simple"},"acf":[],"yoast_head":"<!-- This site is optimized with the Yoast SEO plugin v27.6 - https:\/\/yoast.com\/product\/yoast-seo-wordpress\/ -->\n<title>Makadamov\u00fd vosk - Velkoobchodn\u00ed distributor<\/title>\n<meta name=\"description\" content=\"Makadamiov\u00fd vosk se doporu\u010duje zejm\u00e9na u v\u00fdrobk\u016f ur\u010den\u00fdch pro suchou, citlivou a zralou ple\u0165.\" \/>\n<meta name=\"robots\" content=\"index, follow, max-snippet:-1, max-image-preview:large, max-video-preview:-1\" \/>\n<link rel=\"canonical\" href=\"https:\/\/naturalpoland.com\/cs\/produkty\/vosky\/makadamovy-vosk\/\" \/>\n<meta property=\"og:locale\" content=\"cs_CZ\" \/>\n<meta property=\"og:type\" content=\"article\" \/>\n<meta property=\"og:title\" content=\"Makadamov\u00fd vosk - Velkoobchodn\u00ed distributor\" \/>\n<meta property=\"og:description\" content=\"Makadamiov\u00fd vosk se doporu\u010duje zejm\u00e9na u v\u00fdrobk\u016f ur\u010den\u00fdch pro suchou, citlivou a zralou ple\u0165.\" \/>\n<meta property=\"og:url\" content=\"https:\/\/naturalpoland.com\/cs\/produkty\/vosky\/makadamovy-vosk\/\" \/>\n<meta property=\"og:site_name\" content=\"NATURAL POLAND - Velkoobchodn\u00ed distributor surovin\" \/>\n<meta property=\"article:publisher\" content=\"https:\/\/www.facebook.com\/naturalpoland.b2b\" \/>\n<meta property=\"og:image\" content=\"https:\/\/naturalpoland.com\/wp-content\/uploads\/wosk-makadamia.webp\" \/>\n\t<meta property=\"og:image:width\" content=\"614\" \/>\n\t<meta property=\"og:image:height\" content=\"614\" \/>\n\t<meta property=\"og:image:type\" content=\"image\/webp\" \/>\n<script type=\"application\/ld+json\" class=\"yoast-schema-graph\">{\"@context\":\"https:\\\/\\\/schema.org\",\"@graph\":[{\"@type\":\"WebPage\",\"@id\":\"https:\\\/\\\/naturalpoland.com\\\/cs\\\/produkty\\\/vosky\\\/makadamovy-vosk\\\/\",\"url\":\"https:\\\/\\\/naturalpoland.com\\\/cs\\\/produkty\\\/vosky\\\/makadamovy-vosk\\\/\",\"name\":\"Makadamov\u00fd vosk - Velkoobchodn\u00ed distributor\",\"isPartOf\":{\"@id\":\"https:\\\/\\\/naturalpoland.com\\\/cs\\\/#website\"},\"primaryImageOfPage\":{\"@id\":\"https:\\\/\\\/naturalpoland.com\\\/cs\\\/produkty\\\/vosky\\\/makadamovy-vosk\\\/#primaryimage\"},\"image\":{\"@id\":\"https:\\\/\\\/naturalpoland.com\\\/cs\\\/produkty\\\/vosky\\\/makadamovy-vosk\\\/#primaryimage\"},\"thumbnailUrl\":\"https:\\\/\\\/naturalpoland.com\\\/wp-content\\\/uploads\\\/wosk-makadamia.webp\",\"datePublished\":\"2024-01-26T12:29:11+00:00\",\"description\":\"Makadamiov\u00fd vosk se doporu\u010duje zejm\u00e9na u v\u00fdrobk\u016f ur\u010den\u00fdch pro suchou, citlivou a zralou ple\u0165.\",\"breadcrumb\":{\"@id\":\"https:\\\/\\\/naturalpoland.com\\\/cs\\\/produkty\\\/vosky\\\/makadamovy-vosk\\\/#breadcrumb\"},\"inLanguage\":\"cs\",\"potentialAction\":[{\"@type\":\"ReadAction\",\"target\":[\"https:\\\/\\\/naturalpoland.com\\\/cs\\\/produkty\\\/vosky\\\/makadamovy-vosk\\\/\"]}]},{\"@type\":\"ImageObject\",\"inLanguage\":\"cs\",\"@id\":\"https:\\\/\\\/naturalpoland.com\\\/cs\\\/produkty\\\/vosky\\\/makadamovy-vosk\\\/#primaryimage\",\"url\":\"https:\\\/\\\/naturalpoland.com\\\/wp-content\\\/uploads\\\/wosk-makadamia.webp\",\"contentUrl\":\"https:\\\/\\\/naturalpoland.com\\\/wp-content\\\/uploads\\\/wosk-makadamia.webp\",\"width\":614,\"height\":614,\"caption\":\"wosk makadamia\"},{\"@type\":\"BreadcrumbList\",\"@id\":\"https:\\\/\\\/naturalpoland.com\\\/cs\\\/produkty\\\/vosky\\\/makadamovy-vosk\\\/#breadcrumb\",\"itemListElement\":[{\"@type\":\"ListItem\",\"position\":1,\"name\":\"Dom\u016f\",\"item\":\"https:\\\/\\\/naturalpoland.com\\\/cs\\\/\"},{\"@type\":\"ListItem\",\"position\":2,\"name\":\"Produkty\",\"item\":\"https:\\\/\\\/naturalpoland.com\\\/cs\\\/produkty\\\/\"},{\"@type\":\"ListItem\",\"position\":3,\"name\":\"Makadamov\u00fd vosk\"}]},{\"@type\":\"WebSite\",\"@id\":\"https:\\\/\\\/naturalpoland.com\\\/cs\\\/#website\",\"url\":\"https:\\\/\\\/naturalpoland.com\\\/cs\\\/\",\"name\":\"NATURAL POLAND - Velkoobchodn\u00ed distributor surovin\",\"description\":\"Surowce dla przemys\u0142u spo\u017cywczego, kosmetycznego i farmaceutycznego\",\"publisher\":{\"@id\":\"https:\\\/\\\/naturalpoland.com\\\/cs\\\/#organization\"},\"potentialAction\":[{\"@type\":\"SearchAction\",\"target\":{\"@type\":\"EntryPoint\",\"urlTemplate\":\"https:\\\/\\\/naturalpoland.com\\\/cs\\\/?s={search_term_string}\"},\"query-input\":{\"@type\":\"PropertyValueSpecification\",\"valueRequired\":true,\"valueName\":\"search_term_string\"}}],\"inLanguage\":\"cs\"},{\"@type\":\"Organization\",\"@id\":\"https:\\\/\\\/naturalpoland.com\\\/cs\\\/#organization\",\"name\":\"Natural Poland\",\"url\":\"https:\\\/\\\/naturalpoland.com\\\/cs\\\/\",\"logo\":{\"@type\":\"ImageObject\",\"inLanguage\":\"cs\",\"@id\":\"https:\\\/\\\/naturalpoland.com\\\/cs\\\/#\\\/schema\\\/logo\\\/image\\\/\",\"url\":\"https:\\\/\\\/naturalpoland.com\\\/wp-content\\\/uploads\\\/2021\\\/05\\\/natural-poland-icon.png\",\"contentUrl\":\"https:\\\/\\\/naturalpoland.com\\\/wp-content\\\/uploads\\\/2021\\\/05\\\/natural-poland-icon.png\",\"width\":512,\"height\":512,\"caption\":\"Natural Poland\"},\"image\":{\"@id\":\"https:\\\/\\\/naturalpoland.com\\\/cs\\\/#\\\/schema\\\/logo\\\/image\\\/\"},\"sameAs\":[\"https:\\\/\\\/www.facebook.com\\\/naturalpoland.b2b\",\"https:\\\/\\\/pl.linkedin.com\\\/company\\\/natural-poland\",\"https:\\\/\\\/www.youtube.com\\\/channel\\\/UCgeGGkvOMahZo-xu_MSEWxg\"]}]}<\/script>\n<!-- \/ Yoast SEO plugin. -->","yoast_head_json":{"title":"Makadamov\u00fd vosk - Velkoobchodn\u00ed distributor","description":"Makadamiov\u00fd vosk se doporu\u010duje zejm\u00e9na u v\u00fdrobk\u016f ur\u010den\u00fdch pro suchou, citlivou a zralou ple\u0165.","robots":{"index":"index","follow":"follow","max-snippet":"max-snippet:-1","max-image-preview":"max-image-preview:large","max-video-preview":"max-video-preview:-1"},"canonical":"https:\/\/naturalpoland.com\/cs\/produkty\/vosky\/makadamovy-vosk\/","og_locale":"cs_CZ","og_type":"article","og_title":"Makadamov\u00fd vosk - Velkoobchodn\u00ed distributor","og_description":"Makadamiov\u00fd vosk se doporu\u010duje zejm\u00e9na u v\u00fdrobk\u016f ur\u010den\u00fdch pro suchou, citlivou a zralou ple\u0165.","og_url":"https:\/\/naturalpoland.com\/cs\/produkty\/vosky\/makadamovy-vosk\/","og_site_name":"NATURAL POLAND - Velkoobchodn\u00ed distributor surovin","article_publisher":"https:\/\/www.facebook.com\/naturalpoland.b2b","og_image":[{"width":614,"height":614,"url":"https:\/\/naturalpoland.com\/wp-content\/uploads\/wosk-makadamia.webp","type":"image\/webp"}],"schema":{"@context":"https:\/\/schema.org","@graph":[{"@type":"WebPage","@id":"https:\/\/naturalpoland.com\/cs\/produkty\/vosky\/makadamovy-vosk\/","url":"https:\/\/naturalpoland.com\/cs\/produkty\/vosky\/makadamovy-vosk\/","name":"Makadamov\u00fd vosk - Velkoobchodn\u00ed distributor","isPartOf":{"@id":"https:\/\/naturalpoland.com\/cs\/#website"},"primaryImageOfPage":{"@id":"https:\/\/naturalpoland.com\/cs\/produkty\/vosky\/makadamovy-vosk\/#primaryimage"},"image":{"@id":"https:\/\/naturalpoland.com\/cs\/produkty\/vosky\/makadamovy-vosk\/#primaryimage"},"thumbnailUrl":"https:\/\/naturalpoland.com\/wp-content\/uploads\/wosk-makadamia.webp","datePublished":"2024-01-26T12:29:11+00:00","description":"Makadamiov\u00fd vosk se doporu\u010duje zejm\u00e9na u v\u00fdrobk\u016f ur\u010den\u00fdch pro suchou, citlivou a zralou ple\u0165.","breadcrumb":{"@id":"https:\/\/naturalpoland.com\/cs\/produkty\/vosky\/makadamovy-vosk\/#breadcrumb"},"inLanguage":"cs","potentialAction":[{"@type":"ReadAction","target":["https:\/\/naturalpoland.com\/cs\/produkty\/vosky\/makadamovy-vosk\/"]}]},{"@type":"ImageObject","inLanguage":"cs","@id":"https:\/\/naturalpoland.com\/cs\/produkty\/vosky\/makadamovy-vosk\/#primaryimage","url":"https:\/\/naturalpoland.com\/wp-content\/uploads\/wosk-makadamia.webp","contentUrl":"https:\/\/naturalpoland.com\/wp-content\/uploads\/wosk-makadamia.webp","width":614,"height":614,"caption":"wosk makadamia"},{"@type":"BreadcrumbList","@id":"https:\/\/naturalpoland.com\/cs\/produkty\/vosky\/makadamovy-vosk\/#breadcrumb","itemListElement":[{"@type":"ListItem","position":1,"name":"Dom\u016f","item":"https:\/\/naturalpoland.com\/cs\/"},{"@type":"ListItem","position":2,"name":"Produkty","item":"https:\/\/naturalpoland.com\/cs\/produkty\/"},{"@type":"ListItem","position":3,"name":"Makadamov\u00fd vosk"}]},{"@type":"WebSite","@id":"https:\/\/naturalpoland.com\/cs\/#website","url":"https:\/\/naturalpoland.com\/cs\/","name":"NATURAL POLAND - Velkoobchodn\u00ed distributor surovin","description":"Surowce dla przemys\u0142u spo\u017cywczego, kosmetycznego i farmaceutycznego","publisher":{"@id":"https:\/\/naturalpoland.com\/cs\/#organization"},"potentialAction":[{"@type":"SearchAction","target":{"@type":"EntryPoint","urlTemplate":"https:\/\/naturalpoland.com\/cs\/?s={search_term_string}"},"query-input":{"@type":"PropertyValueSpecification","valueRequired":true,"valueName":"search_term_string"}}],"inLanguage":"cs"},{"@type":"Organization","@id":"https:\/\/naturalpoland.com\/cs\/#organization","name":"Natural Poland","url":"https:\/\/naturalpoland.com\/cs\/","logo":{"@type":"ImageObject","inLanguage":"cs","@id":"https:\/\/naturalpoland.com\/cs\/#\/schema\/logo\/image\/","url":"https:\/\/naturalpoland.com\/wp-content\/uploads\/2021\/05\/natural-poland-icon.png","contentUrl":"https:\/\/naturalpoland.com\/wp-content\/uploads\/2021\/05\/natural-poland-icon.png","width":512,"height":512,"caption":"Natural Poland"},"image":{"@id":"https:\/\/naturalpoland.com\/cs\/#\/schema\/logo\/image\/"},"sameAs":["https:\/\/www.facebook.com\/naturalpoland.b2b","https:\/\/pl.linkedin.com\/company\/natural-poland","https:\/\/www.youtube.com\/channel\/UCgeGGkvOMahZo-xu_MSEWxg"]}]}},"_links":{"self":[{"href":"https:\/\/naturalpoland.com\/cs\/wp-json\/wp\/v2\/product\/30018","targetHints":{"allow":["GET"]}}],"collection":[{"href":"https:\/\/naturalpoland.com\/cs\/wp-json\/wp\/v2\/product"}],"about":[{"href":"https:\/\/naturalpoland.com\/cs\/wp-json\/wp\/v2\/types\/product"}],"wp:featuredmedia":[{"embeddable":true,"href":"https:\/\/naturalpoland.com\/cs\/wp-json\/wp\/v2\/media\/29865"}],"wp:attachment":[{"href":"https:\/\/naturalpoland.com\/cs\/wp-json\/wp\/v2\/media?parent=30018"}],"wp:term":[{"taxonomy":"product_brand","embeddable":true,"href":"https:\/\/naturalpoland.com\/cs\/wp-json\/wp\/v2\/product_brand?post=30018"},{"taxonomy":"product_cat","embeddable":true,"href":"https:\/\/naturalpoland.com\/cs\/wp-json\/wp\/v2\/product_cat?post=30018"},{"taxonomy":"product_tag","embeddable":true,"href":"https:\/\/naturalpoland.com\/cs\/wp-json\/wp\/v2\/product_tag?post=30018"}],"curies":[{"name":"wp","href":"https:\/\/api.w.org\/{rel}","templated":true}]}}