{"id":30029,"date":"2024-01-18T15:41:53","date_gmt":"2024-01-26T14:13:08","guid":{"rendered":"https:\/\/naturalpoland.com\/produkty\/nezarazene\/acetyltetrapeptid-5\/"},"modified":"2024-06-05T14:16:52","modified_gmt":"2024-06-05T12:16:52","slug":"acetyl-tetrapeptid-5","status":"publish","type":"product","link":"https:\/\/naturalpoland.com\/cs\/produkty\/produkty-pro-kosmeticky-prumysl\/peptidy\/acetyl-tetrapeptid-5\/","title":{"rendered":"Acetyltetrapeptid-5"},"content":{"rendered":"<h3>Mechanismus \u00fa\u010dinku<\/h3>\n<p><strong>Zv\u00fd\u0161en\u00ed aktivity superoxiddismut\u00e1zy (SOD)<\/strong><\/p>\n<p>Acetyltetrapeptid-5 podporuje aktivitu SOD, kter\u00e1 p\u0159isp\u00edv\u00e1 k ochran\u011b ko\u017en\u00edch bun\u011bk p\u0159ed oxidativn\u00edm stresem. T\u00edm peptid pom\u00e1h\u00e1 inhibovat proces glykace, kter\u00fd vede k zes\u00ed\u0165ov\u00e1n\u00ed b\u00edlkovin, co\u017e zlep\u0161uje pru\u017enost poko\u017eky a zabra\u0148uje jej\u00edmu p\u0159ed\u010dasn\u00e9mu st\u00e1rnut\u00ed.<\/p>\n<p><strong>Zlep\u0161en\u00ed mikrocirkulace<\/strong><\/p>\n<p>Acetyl tetrapeptid-5 stimuluje mikrocirkulaci v o\u010dn\u00edm okol\u00ed, \u010d\u00edm\u017e sni\u017euje propustnost c\u00e9v a ztr\u00e1tu vlhkosti. Tento \u00fa\u010dinek p\u0159isp\u00edv\u00e1 k redukci otok\u016f a tmav\u00fdch kruh\u016f pod o\u010dima a dod\u00e1v\u00e1 jim odpo\u010dat\u011bj\u0161\u00ed a mladistv\u011bj\u0161\u00ed vzhled.<\/p>\n<p><strong>\u00da\u010dinek proti glykaci<\/strong><\/p>\n<p>Glykace je proces, p\u0159i kter\u00e9m cukry reaguj\u00ed s b\u00edlkovinami za vzniku kone\u010dn\u00fdch produkt\u016f pokro\u010dil\u00e9 glykace (AGE), kter\u00e9 po\u0161kozuj\u00ed kolagen a elastin, co\u017e vede ke ztr\u00e1t\u011b pevnosti a vzniku vr\u00e1sek. Acetyltetrapeptid-5 tento proces \u00fa\u010dinn\u011b inhibuje a podporuje strukturu a pru\u017enost poko\u017eky.<\/p>\n<h3>Kosmetick\u00e9 v\u00fdhody<\/h3>\n<p>D\u00edky sv\u00fdm <strong>antiedemat\u00f3zn\u00edm<\/strong> vlastnostem je acetyltetrapeptid-5 obzvl\u00e1\u0161t\u011b \u00fa\u010dinn\u00fd p\u0159i redukci v\u00e1\u010dk\u016f pod o\u010dima, kter\u00e9 jsou \u010dasto d\u016fsledkem \u0161patn\u00e9ho lymfatick\u00e9ho ob\u011bhu a hromad\u011bn\u00ed tekutin. Tento peptid zlep\u0161uje lymfatick\u00fd ob\u011bh, co\u017e <strong>sni\u017euje otoky<\/strong> a dod\u00e1v\u00e1 odpo\u010dat\u011bj\u0161\u00ed vzhled. Krom\u011b toho <strong>m\u00e1 zklid\u0148uj\u00edc\u00ed a hydrata\u010dn\u00ed \u00fa\u010dinek<\/strong> na poko\u017eku, zlep\u0161uje jej\u00ed hladkost a pru\u017enost. Tento peptid m\u00e1 tak\u00e9 <strong>protiz\u00e1n\u011btliv\u00e9 \u00fa\u010dinky<\/strong>, kter\u00e9 pom\u00e1haj\u00ed sni\u017eovat podr\u00e1\u017ed\u011bn\u00ed a zarudnut\u00ed pleti. Je vynikaj\u00edc\u00ed slo\u017ekou v\u00fdrobk\u016f pro citlivou a alergickou poko\u017eku.<\/p>\n<h3>V\u00fdzkum<\/h3>\n<p>\u00da\u010dinnost acetyltetrapeptidu-5 byla potvrzena v mnoha studi\u00edch in vivo. V jedn\u00e9 studii se 20 dobrovoln\u00edk\u016f mazalo kr\u00e9mem obsahuj\u00edc\u00edm acetyltetrapeptid-5 po dobu 60 dn\u016f. V\u00fdsledky uk\u00e1zaly, \u017ee u 70 % \u00fa\u010dastn\u00edk\u016f se v\u00fdskyt v\u00e1\u010dk\u016f pod o\u010dima sn\u00ed\u017eil do 15. dne u\u017e\u00edv\u00e1n\u00ed a u 95 % \u00fa\u010dastn\u00edk\u016f do konce studie.<\/p>\n<h3>Zabezpe\u010den\u00ed<\/h3>\n<p>V\u00fdrobek je uzn\u00e1v\u00e1n jako bezpe\u010dn\u00e1 kosmetick\u00e1 slo\u017eka. V pou\u017eit\u00fdch koncentrac\u00edch nevykazuje \u017e\u00e1dn\u00e9 dr\u00e1\u017ediv\u00e9 ani toxick\u00e9 \u00fa\u010dinky. To, \u017ee nen\u00ed klasifikov\u00e1n jako nebezpe\u010dn\u00e1 l\u00e1tka podle chemick\u00fdch p\u0159edpis\u016f, potvrzuje jeho bezpe\u010dnost pro u\u017eivatele i \u017eivotn\u00ed prost\u0159ed\u00ed.<\/p>\n","protected":false},"excerpt":{"rendered":"<p>Acetyl tetrapeptid-5 je syntetick\u00fd peptid o \u010dty\u0159ech aminokyselin\u00e1ch, kter\u00fd sni\u017euje otoky a tmav\u00e9 kruhy pod o\u010dima. V\u00fdrobek se \u0161iroce pou\u017e\u00edv\u00e1 v kosmetick\u00e9m pr\u016fmyslu, v\u010detn\u011b gel\u016f, kr\u00e9m\u016f, o\u010dn\u00edch s\u00e9r a masek.<\/p>\n","protected":false},"featured_media":29606,"template":"","meta":[],"product_brand":[],"product_cat":[2488],"product_tag":[],"class_list":{"0":"post-30029","1":"product","2":"type-product","3":"status-publish","4":"has-post-thumbnail","6":"product_cat-peptidy","7":"pa_metoda-pozyskiwania-biologicka-fermentace","9":"first","10":"instock","11":"shipping-taxable","12":"product-type-simple"},"yoast_head":"<!-- This site is optimized with the Yoast SEO plugin v27.4 - https:\/\/yoast.com\/product\/yoast-seo-wordpress\/ -->\n<title>Acetyltetrapeptid-5 - NATURAL POLAND - Velkoobchodn\u00ed distributor surovin<\/title>\n<meta name=\"description\" content=\"Acetyltetrapeptid-5, zn\u00e1m\u00fd tak\u00e9 jako Eyeseryl, je peptid pou\u017e\u00edvan\u00fd v kosmetice pro sv\u00e9 jedine\u010dn\u00e9 vlastnosti.\" \/>\n<meta name=\"robots\" content=\"index, follow, max-snippet:-1, max-image-preview:large, max-video-preview:-1\" \/>\n<link rel=\"canonical\" href=\"https:\/\/naturalpoland.com\/cs\/produkty\/produkty-pro-kosmeticky-prumysl\/peptidy\/acetyl-tetrapeptid-5\/\" \/>\n<meta property=\"og:locale\" content=\"cs_CZ\" \/>\n<meta property=\"og:type\" content=\"article\" \/>\n<meta property=\"og:title\" content=\"Acetyltetrapeptid-5 - NATURAL POLAND - Velkoobchodn\u00ed distributor surovin\" \/>\n<meta property=\"og:description\" content=\"Acetyltetrapeptid-5, zn\u00e1m\u00fd tak\u00e9 jako Eyeseryl, je peptid pou\u017e\u00edvan\u00fd v kosmetice pro sv\u00e9 jedine\u010dn\u00e9 vlastnosti.\" \/>\n<meta property=\"og:url\" content=\"https:\/\/naturalpoland.com\/cs\/produkty\/produkty-pro-kosmeticky-prumysl\/peptidy\/acetyl-tetrapeptid-5\/\" \/>\n<meta property=\"og:site_name\" content=\"NATURAL POLAND - Velkoobchodn\u00ed distributor surovin\" \/>\n<meta property=\"article:publisher\" content=\"https:\/\/www.facebook.com\/naturalpoland.b2b\" \/>\n<meta property=\"article:modified_time\" content=\"2024-06-05T12:16:52+00:00\" \/>\n<meta property=\"og:image\" content=\"https:\/\/naturalpoland.com\/wp-content\/uploads\/tetrapeptide-5.webp\" \/>\n\t<meta property=\"og:image:width\" content=\"614\" \/>\n\t<meta property=\"og:image:height\" content=\"614\" \/>\n\t<meta property=\"og:image:type\" content=\"image\/webp\" \/>\n<script type=\"application\/ld+json\" class=\"yoast-schema-graph\">{\"@context\":\"https:\\\/\\\/schema.org\",\"@graph\":[{\"@type\":\"WebPage\",\"@id\":\"https:\\\/\\\/naturalpoland.com\\\/cs\\\/produkty\\\/produkty-pro-kosmeticky-prumysl\\\/peptidy\\\/acetyl-tetrapeptid-5\\\/\",\"url\":\"https:\\\/\\\/naturalpoland.com\\\/cs\\\/produkty\\\/produkty-pro-kosmeticky-prumysl\\\/peptidy\\\/acetyl-tetrapeptid-5\\\/\",\"name\":\"Acetyltetrapeptid-5 - NATURAL POLAND - Velkoobchodn\u00ed distributor surovin\",\"isPartOf\":{\"@id\":\"https:\\\/\\\/naturalpoland.com\\\/cs\\\/#website\"},\"primaryImageOfPage\":{\"@id\":\"https:\\\/\\\/naturalpoland.com\\\/cs\\\/produkty\\\/produkty-pro-kosmeticky-prumysl\\\/peptidy\\\/acetyl-tetrapeptid-5\\\/#primaryimage\"},\"image\":{\"@id\":\"https:\\\/\\\/naturalpoland.com\\\/cs\\\/produkty\\\/produkty-pro-kosmeticky-prumysl\\\/peptidy\\\/acetyl-tetrapeptid-5\\\/#primaryimage\"},\"thumbnailUrl\":\"https:\\\/\\\/naturalpoland.com\\\/wp-content\\\/uploads\\\/tetrapeptide-5.webp\",\"datePublished\":\"2024-01-26T14:13:08+00:00\",\"dateModified\":\"2024-06-05T12:16:52+00:00\",\"description\":\"Acetyltetrapeptid-5, zn\u00e1m\u00fd tak\u00e9 jako Eyeseryl, je peptid pou\u017e\u00edvan\u00fd v kosmetice pro sv\u00e9 jedine\u010dn\u00e9 vlastnosti.\",\"breadcrumb\":{\"@id\":\"https:\\\/\\\/naturalpoland.com\\\/cs\\\/produkty\\\/produkty-pro-kosmeticky-prumysl\\\/peptidy\\\/acetyl-tetrapeptid-5\\\/#breadcrumb\"},\"inLanguage\":\"cs\",\"potentialAction\":[{\"@type\":\"ReadAction\",\"target\":[\"https:\\\/\\\/naturalpoland.com\\\/cs\\\/produkty\\\/produkty-pro-kosmeticky-prumysl\\\/peptidy\\\/acetyl-tetrapeptid-5\\\/\"]}]},{\"@type\":\"ImageObject\",\"inLanguage\":\"cs\",\"@id\":\"https:\\\/\\\/naturalpoland.com\\\/cs\\\/produkty\\\/produkty-pro-kosmeticky-prumysl\\\/peptidy\\\/acetyl-tetrapeptid-5\\\/#primaryimage\",\"url\":\"https:\\\/\\\/naturalpoland.com\\\/wp-content\\\/uploads\\\/tetrapeptide-5.webp\",\"contentUrl\":\"https:\\\/\\\/naturalpoland.com\\\/wp-content\\\/uploads\\\/tetrapeptide-5.webp\",\"width\":614,\"height\":614,\"caption\":\"Acetyl Tetrapeptide-5\"},{\"@type\":\"BreadcrumbList\",\"@id\":\"https:\\\/\\\/naturalpoland.com\\\/cs\\\/produkty\\\/produkty-pro-kosmeticky-prumysl\\\/peptidy\\\/acetyl-tetrapeptid-5\\\/#breadcrumb\",\"itemListElement\":[{\"@type\":\"ListItem\",\"position\":1,\"name\":\"Dom\u016f\",\"item\":\"https:\\\/\\\/naturalpoland.com\\\/cs\\\/\"},{\"@type\":\"ListItem\",\"position\":2,\"name\":\"Produkty\",\"item\":\"https:\\\/\\\/naturalpoland.com\\\/cs\\\/produkty\\\/\"},{\"@type\":\"ListItem\",\"position\":3,\"name\":\"Acetyltetrapeptid-5\"}]},{\"@type\":\"WebSite\",\"@id\":\"https:\\\/\\\/naturalpoland.com\\\/cs\\\/#website\",\"url\":\"https:\\\/\\\/naturalpoland.com\\\/cs\\\/\",\"name\":\"NATURAL POLAND - Velkoobchodn\u00ed distributor surovin\",\"description\":\"Surowce dla przemys\u0142u spo\u017cywczego, kosmetycznego i farmaceutycznego\",\"publisher\":{\"@id\":\"https:\\\/\\\/naturalpoland.com\\\/cs\\\/#organization\"},\"potentialAction\":[{\"@type\":\"SearchAction\",\"target\":{\"@type\":\"EntryPoint\",\"urlTemplate\":\"https:\\\/\\\/naturalpoland.com\\\/cs\\\/?s={search_term_string}\"},\"query-input\":{\"@type\":\"PropertyValueSpecification\",\"valueRequired\":true,\"valueName\":\"search_term_string\"}}],\"inLanguage\":\"cs\"},{\"@type\":\"Organization\",\"@id\":\"https:\\\/\\\/naturalpoland.com\\\/cs\\\/#organization\",\"name\":\"Natural Poland\",\"url\":\"https:\\\/\\\/naturalpoland.com\\\/cs\\\/\",\"logo\":{\"@type\":\"ImageObject\",\"inLanguage\":\"cs\",\"@id\":\"https:\\\/\\\/naturalpoland.com\\\/cs\\\/#\\\/schema\\\/logo\\\/image\\\/\",\"url\":\"https:\\\/\\\/naturalpoland.com\\\/wp-content\\\/uploads\\\/2021\\\/05\\\/natural-poland-icon.png\",\"contentUrl\":\"https:\\\/\\\/naturalpoland.com\\\/wp-content\\\/uploads\\\/2021\\\/05\\\/natural-poland-icon.png\",\"width\":512,\"height\":512,\"caption\":\"Natural Poland\"},\"image\":{\"@id\":\"https:\\\/\\\/naturalpoland.com\\\/cs\\\/#\\\/schema\\\/logo\\\/image\\\/\"},\"sameAs\":[\"https:\\\/\\\/www.facebook.com\\\/naturalpoland.b2b\",\"https:\\\/\\\/pl.linkedin.com\\\/company\\\/natural-poland\",\"https:\\\/\\\/www.youtube.com\\\/channel\\\/UCgeGGkvOMahZo-xu_MSEWxg\"]}]}<\/script>\n<!-- \/ Yoast SEO plugin. -->","yoast_head_json":{"title":"Acetyltetrapeptid-5 - NATURAL POLAND - Velkoobchodn\u00ed distributor surovin","description":"Acetyltetrapeptid-5, zn\u00e1m\u00fd tak\u00e9 jako Eyeseryl, je peptid pou\u017e\u00edvan\u00fd v kosmetice pro sv\u00e9 jedine\u010dn\u00e9 vlastnosti.","robots":{"index":"index","follow":"follow","max-snippet":"max-snippet:-1","max-image-preview":"max-image-preview:large","max-video-preview":"max-video-preview:-1"},"canonical":"https:\/\/naturalpoland.com\/cs\/produkty\/produkty-pro-kosmeticky-prumysl\/peptidy\/acetyl-tetrapeptid-5\/","og_locale":"cs_CZ","og_type":"article","og_title":"Acetyltetrapeptid-5 - NATURAL POLAND - Velkoobchodn\u00ed distributor surovin","og_description":"Acetyltetrapeptid-5, zn\u00e1m\u00fd tak\u00e9 jako Eyeseryl, je peptid pou\u017e\u00edvan\u00fd v kosmetice pro sv\u00e9 jedine\u010dn\u00e9 vlastnosti.","og_url":"https:\/\/naturalpoland.com\/cs\/produkty\/produkty-pro-kosmeticky-prumysl\/peptidy\/acetyl-tetrapeptid-5\/","og_site_name":"NATURAL POLAND - Velkoobchodn\u00ed distributor surovin","article_publisher":"https:\/\/www.facebook.com\/naturalpoland.b2b","article_modified_time":"2024-06-05T12:16:52+00:00","og_image":[{"width":614,"height":614,"url":"https:\/\/naturalpoland.com\/wp-content\/uploads\/tetrapeptide-5.webp","type":"image\/webp"}],"schema":{"@context":"https:\/\/schema.org","@graph":[{"@type":"WebPage","@id":"https:\/\/naturalpoland.com\/cs\/produkty\/produkty-pro-kosmeticky-prumysl\/peptidy\/acetyl-tetrapeptid-5\/","url":"https:\/\/naturalpoland.com\/cs\/produkty\/produkty-pro-kosmeticky-prumysl\/peptidy\/acetyl-tetrapeptid-5\/","name":"Acetyltetrapeptid-5 - NATURAL POLAND - Velkoobchodn\u00ed distributor surovin","isPartOf":{"@id":"https:\/\/naturalpoland.com\/cs\/#website"},"primaryImageOfPage":{"@id":"https:\/\/naturalpoland.com\/cs\/produkty\/produkty-pro-kosmeticky-prumysl\/peptidy\/acetyl-tetrapeptid-5\/#primaryimage"},"image":{"@id":"https:\/\/naturalpoland.com\/cs\/produkty\/produkty-pro-kosmeticky-prumysl\/peptidy\/acetyl-tetrapeptid-5\/#primaryimage"},"thumbnailUrl":"https:\/\/naturalpoland.com\/wp-content\/uploads\/tetrapeptide-5.webp","datePublished":"2024-01-26T14:13:08+00:00","dateModified":"2024-06-05T12:16:52+00:00","description":"Acetyltetrapeptid-5, zn\u00e1m\u00fd tak\u00e9 jako Eyeseryl, je peptid pou\u017e\u00edvan\u00fd v kosmetice pro sv\u00e9 jedine\u010dn\u00e9 vlastnosti.","breadcrumb":{"@id":"https:\/\/naturalpoland.com\/cs\/produkty\/produkty-pro-kosmeticky-prumysl\/peptidy\/acetyl-tetrapeptid-5\/#breadcrumb"},"inLanguage":"cs","potentialAction":[{"@type":"ReadAction","target":["https:\/\/naturalpoland.com\/cs\/produkty\/produkty-pro-kosmeticky-prumysl\/peptidy\/acetyl-tetrapeptid-5\/"]}]},{"@type":"ImageObject","inLanguage":"cs","@id":"https:\/\/naturalpoland.com\/cs\/produkty\/produkty-pro-kosmeticky-prumysl\/peptidy\/acetyl-tetrapeptid-5\/#primaryimage","url":"https:\/\/naturalpoland.com\/wp-content\/uploads\/tetrapeptide-5.webp","contentUrl":"https:\/\/naturalpoland.com\/wp-content\/uploads\/tetrapeptide-5.webp","width":614,"height":614,"caption":"Acetyl Tetrapeptide-5"},{"@type":"BreadcrumbList","@id":"https:\/\/naturalpoland.com\/cs\/produkty\/produkty-pro-kosmeticky-prumysl\/peptidy\/acetyl-tetrapeptid-5\/#breadcrumb","itemListElement":[{"@type":"ListItem","position":1,"name":"Dom\u016f","item":"https:\/\/naturalpoland.com\/cs\/"},{"@type":"ListItem","position":2,"name":"Produkty","item":"https:\/\/naturalpoland.com\/cs\/produkty\/"},{"@type":"ListItem","position":3,"name":"Acetyltetrapeptid-5"}]},{"@type":"WebSite","@id":"https:\/\/naturalpoland.com\/cs\/#website","url":"https:\/\/naturalpoland.com\/cs\/","name":"NATURAL POLAND - Velkoobchodn\u00ed distributor surovin","description":"Surowce dla przemys\u0142u spo\u017cywczego, kosmetycznego i farmaceutycznego","publisher":{"@id":"https:\/\/naturalpoland.com\/cs\/#organization"},"potentialAction":[{"@type":"SearchAction","target":{"@type":"EntryPoint","urlTemplate":"https:\/\/naturalpoland.com\/cs\/?s={search_term_string}"},"query-input":{"@type":"PropertyValueSpecification","valueRequired":true,"valueName":"search_term_string"}}],"inLanguage":"cs"},{"@type":"Organization","@id":"https:\/\/naturalpoland.com\/cs\/#organization","name":"Natural Poland","url":"https:\/\/naturalpoland.com\/cs\/","logo":{"@type":"ImageObject","inLanguage":"cs","@id":"https:\/\/naturalpoland.com\/cs\/#\/schema\/logo\/image\/","url":"https:\/\/naturalpoland.com\/wp-content\/uploads\/2021\/05\/natural-poland-icon.png","contentUrl":"https:\/\/naturalpoland.com\/wp-content\/uploads\/2021\/05\/natural-poland-icon.png","width":512,"height":512,"caption":"Natural Poland"},"image":{"@id":"https:\/\/naturalpoland.com\/cs\/#\/schema\/logo\/image\/"},"sameAs":["https:\/\/www.facebook.com\/naturalpoland.b2b","https:\/\/pl.linkedin.com\/company\/natural-poland","https:\/\/www.youtube.com\/channel\/UCgeGGkvOMahZo-xu_MSEWxg"]}]}},"_links":{"self":[{"href":"https:\/\/naturalpoland.com\/cs\/wp-json\/wp\/v2\/product\/30029","targetHints":{"allow":["GET"]}}],"collection":[{"href":"https:\/\/naturalpoland.com\/cs\/wp-json\/wp\/v2\/product"}],"about":[{"href":"https:\/\/naturalpoland.com\/cs\/wp-json\/wp\/v2\/types\/product"}],"wp:featuredmedia":[{"embeddable":true,"href":"https:\/\/naturalpoland.com\/cs\/wp-json\/wp\/v2\/media\/29606"}],"wp:attachment":[{"href":"https:\/\/naturalpoland.com\/cs\/wp-json\/wp\/v2\/media?parent=30029"}],"wp:term":[{"taxonomy":"product_brand","embeddable":true,"href":"https:\/\/naturalpoland.com\/cs\/wp-json\/wp\/v2\/product_brand?post=30029"},{"taxonomy":"product_cat","embeddable":true,"href":"https:\/\/naturalpoland.com\/cs\/wp-json\/wp\/v2\/product_cat?post=30029"},{"taxonomy":"product_tag","embeddable":true,"href":"https:\/\/naturalpoland.com\/cs\/wp-json\/wp\/v2\/product_tag?post=30029"}],"curies":[{"name":"wp","href":"https:\/\/api.w.org\/{rel}","templated":true}]}}