{"id":30242,"date":"2024-01-26T10:43:36","date_gmt":"2024-02-01T14:02:04","guid":{"rendered":"https:\/\/naturalpoland.com\/produkty\/nezarazene\/vytazek-z-muskatoveho-kvetu\/"},"modified":"2025-06-30T14:01:35","modified_gmt":"2025-06-30T12:01:35","slug":"vytazek-z-muskatoveho-kvetu","status":"publish","type":"product","link":"https:\/\/naturalpoland.com\/cs\/produkty\/rostlinne-vytazky\/vytazek-z-muskatoveho-kvetu\/","title":{"rendered":"V\u00fdta\u017eek z mu\u0161k\u00e1tov\u00e9ho kv\u011btu"},"content":{"rendered":"<p>Extrakt z kotvi\u010dn\u00edku zemn\u00edho je jemn\u011b mlet\u00fd pr\u00e1\u0161ek hn\u011bdav\u00e9 barvy, charakteristick\u00e9 v\u016fn\u011b a chuti. V\u00fdrobek spl\u0148uje normy kvality, v\u010detn\u011b s\u00edtov\u00e9 anal\u00fdzy s 95% pros\u00e9v\u00e1n\u00edm p\u0159es s\u00edto s 80 oky, maxim\u00e1ln\u00edm obsahem popela 5 % a maxim\u00e1ln\u00ed ztr\u00e1tou su\u0161en\u00edm 5 %.<\/p>\n<p>K z\u00edsk\u00e1n\u00ed extraktu se pou\u017e\u00edvaj\u00ed semena rostliny a k extrakci etanol a voda. V\u00fdrobek neobsahuje GMO a spl\u0148uje normy americk\u00e9ho l\u00e9kopisu (USP) pro rezidua pesticid\u016f a t\u011b\u017ek\u00fdch kov\u016f. Spl\u0148uje tak\u00e9 mikrobiologick\u00e9 normy AOAC a neobsahuje S. aureus, E.coli, Salmonella ani Pseudomonas aeruginosa.<\/p>\n<h2>Vlastnosti a pou\u017eit\u00ed:<\/h2>\n<p>Extrakt z kotvi\u010dn\u00edku zemn\u00edho je cen\u011bn pro sv\u00e9 potenci\u00e1ln\u00ed zdravotn\u00ed \u00fa\u010dinky, zejm\u00e9na v souvislosti s podporou hormon\u00e1ln\u00edch a sexu\u00e1ln\u00edch funkc\u00ed. \u010casto se pou\u017e\u00edv\u00e1 v <strong>dopl\u0148c\u00edch stravy na podporu libida a fyzick\u00e9 v\u00fdkonnosti<\/strong>. D\u00edky obsahu saponin\u016f m\u016f\u017ee m\u00edt vliv na zv\u00fd\u0161en\u00ed hladiny testosteronu u mu\u017e\u016f, co\u017e se projevuje zlep\u0161en\u00edm v\u00fdkonnosti a svalov\u00e9 s\u00edly, a m\u016f\u017ee m\u00edt tak\u00e9 p\u0159\u00edzniv\u00fd vliv na sexu\u00e1ln\u00ed zdrav\u00ed.<\/p>\n<p>Pou\u017e\u00edv\u00e1 se tak\u00e9 v p\u0159\u00edpravc\u00edch na podporu <strong>kardiovaskul\u00e1rn\u00edho syst\u00e9mu<\/strong> a m\u016f\u017ee podporovat <strong>funkci mo\u010dov\u00fdch cest<\/strong>. D\u00edky sv\u00fdm antioxida\u010dn\u00edm a imunitn\u00ed syst\u00e9m podporuj\u00edc\u00edm vlastnostem je obl\u00edbenou slo\u017ekou dopl\u0148k\u016f stravy a zdravotn\u00edch produkt\u016f.<\/p>\n","protected":false},"excerpt":{"rendered":"<p><strong>Extrakt z kotvi\u010dn\u00edku zemn\u00edho<\/strong>, v\u011bdecky zn\u00e1m\u00fd jako <strong>Tribulus Terrestris<\/strong>, je standardizov\u00e1n na obsah saponin\u016f podle UV anal\u00fdzy.<\/p>\n","protected":false},"featured_media":29906,"template":"","meta":{"_acf_changed":false},"product_brand":[],"product_cat":[622],"product_tag":[],"class_list":{"0":"post-30242","1":"product","2":"type-product","3":"status-publish","4":"has-post-thumbnail","6":"product_cat-rostlinne-vytazky","7":"pa_certyfikaty-koser-certifikace","8":"pa_certyfikaty-halal-cs","9":"pa_czesc-rosliny-semena","10":"pa_skladnik-aktywny-saponiny-cs","12":"first","13":"instock","14":"shipping-taxable","15":"product-type-simple"},"acf":[],"yoast_head":"<!-- This site is optimized with the Yoast SEO plugin v27.5 - https:\/\/yoast.com\/product\/yoast-seo-wordpress\/ -->\n<title>V\u00fdta\u017eek z mu\u0161k\u00e1tov\u00e9ho kv\u011btu - Velkoobchodn\u00ed distributor<\/title>\n<meta name=\"description\" content=\"Extrakt z mace\u0161ky je cen\u011bn pro sv\u00e9 potenci\u00e1ln\u00ed zdravotn\u00ed \u00fa\u010dinky, zejm\u00e9na v souvislosti s podporou hormon\u00e1ln\u00ed funkce.\" \/>\n<meta name=\"robots\" content=\"index, follow, max-snippet:-1, max-image-preview:large, max-video-preview:-1\" \/>\n<link rel=\"canonical\" href=\"https:\/\/naturalpoland.com\/cs\/produkty\/rostlinne-vytazky\/vytazek-z-muskatoveho-kvetu\/\" \/>\n<meta property=\"og:locale\" content=\"cs_CZ\" \/>\n<meta property=\"og:type\" content=\"article\" \/>\n<meta property=\"og:title\" content=\"V\u00fdta\u017eek z mu\u0161k\u00e1tov\u00e9ho kv\u011btu - Velkoobchodn\u00ed distributor\" \/>\n<meta property=\"og:description\" content=\"Extrakt z mace\u0161ky je cen\u011bn pro sv\u00e9 potenci\u00e1ln\u00ed zdravotn\u00ed \u00fa\u010dinky, zejm\u00e9na v souvislosti s podporou hormon\u00e1ln\u00ed funkce.\" \/>\n<meta property=\"og:url\" content=\"https:\/\/naturalpoland.com\/cs\/produkty\/rostlinne-vytazky\/vytazek-z-muskatoveho-kvetu\/\" \/>\n<meta property=\"og:site_name\" content=\"NATURAL POLAND - Velkoobchodn\u00ed distributor surovin\" \/>\n<meta property=\"article:publisher\" content=\"https:\/\/www.facebook.com\/naturalpoland.b2b\" \/>\n<meta property=\"article:modified_time\" content=\"2025-06-30T12:01:35+00:00\" \/>\n<meta property=\"og:image\" content=\"https:\/\/naturalpoland.com\/wp-content\/uploads\/ekstrakt-z-buzdyganka-naziemnego.webp\" \/>\n\t<meta property=\"og:image:width\" content=\"614\" \/>\n\t<meta property=\"og:image:height\" content=\"614\" \/>\n\t<meta property=\"og:image:type\" content=\"image\/webp\" \/>\n<script type=\"application\/ld+json\" class=\"yoast-schema-graph\">{\"@context\":\"https:\\\/\\\/schema.org\",\"@graph\":[{\"@type\":\"WebPage\",\"@id\":\"https:\\\/\\\/naturalpoland.com\\\/cs\\\/produkty\\\/rostlinne-vytazky\\\/vytazek-z-muskatoveho-kvetu\\\/\",\"url\":\"https:\\\/\\\/naturalpoland.com\\\/cs\\\/produkty\\\/rostlinne-vytazky\\\/vytazek-z-muskatoveho-kvetu\\\/\",\"name\":\"V\u00fdta\u017eek z mu\u0161k\u00e1tov\u00e9ho kv\u011btu - Velkoobchodn\u00ed distributor\",\"isPartOf\":{\"@id\":\"https:\\\/\\\/naturalpoland.com\\\/cs\\\/#website\"},\"primaryImageOfPage\":{\"@id\":\"https:\\\/\\\/naturalpoland.com\\\/cs\\\/produkty\\\/rostlinne-vytazky\\\/vytazek-z-muskatoveho-kvetu\\\/#primaryimage\"},\"image\":{\"@id\":\"https:\\\/\\\/naturalpoland.com\\\/cs\\\/produkty\\\/rostlinne-vytazky\\\/vytazek-z-muskatoveho-kvetu\\\/#primaryimage\"},\"thumbnailUrl\":\"https:\\\/\\\/naturalpoland.com\\\/wp-content\\\/uploads\\\/ekstrakt-z-buzdyganka-naziemnego.webp\",\"datePublished\":\"2024-02-01T14:02:04+00:00\",\"dateModified\":\"2025-06-30T12:01:35+00:00\",\"description\":\"Extrakt z mace\u0161ky je cen\u011bn pro sv\u00e9 potenci\u00e1ln\u00ed zdravotn\u00ed \u00fa\u010dinky, zejm\u00e9na v souvislosti s podporou hormon\u00e1ln\u00ed funkce.\",\"breadcrumb\":{\"@id\":\"https:\\\/\\\/naturalpoland.com\\\/cs\\\/produkty\\\/rostlinne-vytazky\\\/vytazek-z-muskatoveho-kvetu\\\/#breadcrumb\"},\"inLanguage\":\"cs\",\"potentialAction\":[{\"@type\":\"ReadAction\",\"target\":[\"https:\\\/\\\/naturalpoland.com\\\/cs\\\/produkty\\\/rostlinne-vytazky\\\/vytazek-z-muskatoveho-kvetu\\\/\"]}]},{\"@type\":\"ImageObject\",\"inLanguage\":\"cs\",\"@id\":\"https:\\\/\\\/naturalpoland.com\\\/cs\\\/produkty\\\/rostlinne-vytazky\\\/vytazek-z-muskatoveho-kvetu\\\/#primaryimage\",\"url\":\"https:\\\/\\\/naturalpoland.com\\\/wp-content\\\/uploads\\\/ekstrakt-z-buzdyganka-naziemnego.webp\",\"contentUrl\":\"https:\\\/\\\/naturalpoland.com\\\/wp-content\\\/uploads\\\/ekstrakt-z-buzdyganka-naziemnego.webp\",\"width\":614,\"height\":614,\"caption\":\"Ekstrakt z buzdyganka naziemnego\"},{\"@type\":\"BreadcrumbList\",\"@id\":\"https:\\\/\\\/naturalpoland.com\\\/cs\\\/produkty\\\/rostlinne-vytazky\\\/vytazek-z-muskatoveho-kvetu\\\/#breadcrumb\",\"itemListElement\":[{\"@type\":\"ListItem\",\"position\":1,\"name\":\"Dom\u016f\",\"item\":\"https:\\\/\\\/naturalpoland.com\\\/cs\\\/\"},{\"@type\":\"ListItem\",\"position\":2,\"name\":\"Produkty\",\"item\":\"https:\\\/\\\/naturalpoland.com\\\/cs\\\/produkty\\\/\"},{\"@type\":\"ListItem\",\"position\":3,\"name\":\"V\u00fdta\u017eek z mu\u0161k\u00e1tov\u00e9ho kv\u011btu\"}]},{\"@type\":\"WebSite\",\"@id\":\"https:\\\/\\\/naturalpoland.com\\\/cs\\\/#website\",\"url\":\"https:\\\/\\\/naturalpoland.com\\\/cs\\\/\",\"name\":\"NATURAL POLAND - Velkoobchodn\u00ed distributor surovin\",\"description\":\"Surowce dla przemys\u0142u spo\u017cywczego, kosmetycznego i farmaceutycznego\",\"publisher\":{\"@id\":\"https:\\\/\\\/naturalpoland.com\\\/cs\\\/#organization\"},\"potentialAction\":[{\"@type\":\"SearchAction\",\"target\":{\"@type\":\"EntryPoint\",\"urlTemplate\":\"https:\\\/\\\/naturalpoland.com\\\/cs\\\/?s={search_term_string}\"},\"query-input\":{\"@type\":\"PropertyValueSpecification\",\"valueRequired\":true,\"valueName\":\"search_term_string\"}}],\"inLanguage\":\"cs\"},{\"@type\":\"Organization\",\"@id\":\"https:\\\/\\\/naturalpoland.com\\\/cs\\\/#organization\",\"name\":\"Natural Poland\",\"url\":\"https:\\\/\\\/naturalpoland.com\\\/cs\\\/\",\"logo\":{\"@type\":\"ImageObject\",\"inLanguage\":\"cs\",\"@id\":\"https:\\\/\\\/naturalpoland.com\\\/cs\\\/#\\\/schema\\\/logo\\\/image\\\/\",\"url\":\"https:\\\/\\\/naturalpoland.com\\\/wp-content\\\/uploads\\\/2021\\\/05\\\/natural-poland-icon.png\",\"contentUrl\":\"https:\\\/\\\/naturalpoland.com\\\/wp-content\\\/uploads\\\/2021\\\/05\\\/natural-poland-icon.png\",\"width\":512,\"height\":512,\"caption\":\"Natural Poland\"},\"image\":{\"@id\":\"https:\\\/\\\/naturalpoland.com\\\/cs\\\/#\\\/schema\\\/logo\\\/image\\\/\"},\"sameAs\":[\"https:\\\/\\\/www.facebook.com\\\/naturalpoland.b2b\",\"https:\\\/\\\/pl.linkedin.com\\\/company\\\/natural-poland\",\"https:\\\/\\\/www.youtube.com\\\/channel\\\/UCgeGGkvOMahZo-xu_MSEWxg\"]}]}<\/script>\n<!-- \/ Yoast SEO plugin. -->","yoast_head_json":{"title":"V\u00fdta\u017eek z mu\u0161k\u00e1tov\u00e9ho kv\u011btu - Velkoobchodn\u00ed distributor","description":"Extrakt z mace\u0161ky je cen\u011bn pro sv\u00e9 potenci\u00e1ln\u00ed zdravotn\u00ed \u00fa\u010dinky, zejm\u00e9na v souvislosti s podporou hormon\u00e1ln\u00ed funkce.","robots":{"index":"index","follow":"follow","max-snippet":"max-snippet:-1","max-image-preview":"max-image-preview:large","max-video-preview":"max-video-preview:-1"},"canonical":"https:\/\/naturalpoland.com\/cs\/produkty\/rostlinne-vytazky\/vytazek-z-muskatoveho-kvetu\/","og_locale":"cs_CZ","og_type":"article","og_title":"V\u00fdta\u017eek z mu\u0161k\u00e1tov\u00e9ho kv\u011btu - Velkoobchodn\u00ed distributor","og_description":"Extrakt z mace\u0161ky je cen\u011bn pro sv\u00e9 potenci\u00e1ln\u00ed zdravotn\u00ed \u00fa\u010dinky, zejm\u00e9na v souvislosti s podporou hormon\u00e1ln\u00ed funkce.","og_url":"https:\/\/naturalpoland.com\/cs\/produkty\/rostlinne-vytazky\/vytazek-z-muskatoveho-kvetu\/","og_site_name":"NATURAL POLAND - Velkoobchodn\u00ed distributor surovin","article_publisher":"https:\/\/www.facebook.com\/naturalpoland.b2b","article_modified_time":"2025-06-30T12:01:35+00:00","og_image":[{"width":614,"height":614,"url":"https:\/\/naturalpoland.com\/wp-content\/uploads\/ekstrakt-z-buzdyganka-naziemnego.webp","type":"image\/webp"}],"schema":{"@context":"https:\/\/schema.org","@graph":[{"@type":"WebPage","@id":"https:\/\/naturalpoland.com\/cs\/produkty\/rostlinne-vytazky\/vytazek-z-muskatoveho-kvetu\/","url":"https:\/\/naturalpoland.com\/cs\/produkty\/rostlinne-vytazky\/vytazek-z-muskatoveho-kvetu\/","name":"V\u00fdta\u017eek z mu\u0161k\u00e1tov\u00e9ho kv\u011btu - Velkoobchodn\u00ed distributor","isPartOf":{"@id":"https:\/\/naturalpoland.com\/cs\/#website"},"primaryImageOfPage":{"@id":"https:\/\/naturalpoland.com\/cs\/produkty\/rostlinne-vytazky\/vytazek-z-muskatoveho-kvetu\/#primaryimage"},"image":{"@id":"https:\/\/naturalpoland.com\/cs\/produkty\/rostlinne-vytazky\/vytazek-z-muskatoveho-kvetu\/#primaryimage"},"thumbnailUrl":"https:\/\/naturalpoland.com\/wp-content\/uploads\/ekstrakt-z-buzdyganka-naziemnego.webp","datePublished":"2024-02-01T14:02:04+00:00","dateModified":"2025-06-30T12:01:35+00:00","description":"Extrakt z mace\u0161ky je cen\u011bn pro sv\u00e9 potenci\u00e1ln\u00ed zdravotn\u00ed \u00fa\u010dinky, zejm\u00e9na v souvislosti s podporou hormon\u00e1ln\u00ed funkce.","breadcrumb":{"@id":"https:\/\/naturalpoland.com\/cs\/produkty\/rostlinne-vytazky\/vytazek-z-muskatoveho-kvetu\/#breadcrumb"},"inLanguage":"cs","potentialAction":[{"@type":"ReadAction","target":["https:\/\/naturalpoland.com\/cs\/produkty\/rostlinne-vytazky\/vytazek-z-muskatoveho-kvetu\/"]}]},{"@type":"ImageObject","inLanguage":"cs","@id":"https:\/\/naturalpoland.com\/cs\/produkty\/rostlinne-vytazky\/vytazek-z-muskatoveho-kvetu\/#primaryimage","url":"https:\/\/naturalpoland.com\/wp-content\/uploads\/ekstrakt-z-buzdyganka-naziemnego.webp","contentUrl":"https:\/\/naturalpoland.com\/wp-content\/uploads\/ekstrakt-z-buzdyganka-naziemnego.webp","width":614,"height":614,"caption":"Ekstrakt z buzdyganka naziemnego"},{"@type":"BreadcrumbList","@id":"https:\/\/naturalpoland.com\/cs\/produkty\/rostlinne-vytazky\/vytazek-z-muskatoveho-kvetu\/#breadcrumb","itemListElement":[{"@type":"ListItem","position":1,"name":"Dom\u016f","item":"https:\/\/naturalpoland.com\/cs\/"},{"@type":"ListItem","position":2,"name":"Produkty","item":"https:\/\/naturalpoland.com\/cs\/produkty\/"},{"@type":"ListItem","position":3,"name":"V\u00fdta\u017eek z mu\u0161k\u00e1tov\u00e9ho kv\u011btu"}]},{"@type":"WebSite","@id":"https:\/\/naturalpoland.com\/cs\/#website","url":"https:\/\/naturalpoland.com\/cs\/","name":"NATURAL POLAND - Velkoobchodn\u00ed distributor surovin","description":"Surowce dla przemys\u0142u spo\u017cywczego, kosmetycznego i farmaceutycznego","publisher":{"@id":"https:\/\/naturalpoland.com\/cs\/#organization"},"potentialAction":[{"@type":"SearchAction","target":{"@type":"EntryPoint","urlTemplate":"https:\/\/naturalpoland.com\/cs\/?s={search_term_string}"},"query-input":{"@type":"PropertyValueSpecification","valueRequired":true,"valueName":"search_term_string"}}],"inLanguage":"cs"},{"@type":"Organization","@id":"https:\/\/naturalpoland.com\/cs\/#organization","name":"Natural Poland","url":"https:\/\/naturalpoland.com\/cs\/","logo":{"@type":"ImageObject","inLanguage":"cs","@id":"https:\/\/naturalpoland.com\/cs\/#\/schema\/logo\/image\/","url":"https:\/\/naturalpoland.com\/wp-content\/uploads\/2021\/05\/natural-poland-icon.png","contentUrl":"https:\/\/naturalpoland.com\/wp-content\/uploads\/2021\/05\/natural-poland-icon.png","width":512,"height":512,"caption":"Natural Poland"},"image":{"@id":"https:\/\/naturalpoland.com\/cs\/#\/schema\/logo\/image\/"},"sameAs":["https:\/\/www.facebook.com\/naturalpoland.b2b","https:\/\/pl.linkedin.com\/company\/natural-poland","https:\/\/www.youtube.com\/channel\/UCgeGGkvOMahZo-xu_MSEWxg"]}]}},"_links":{"self":[{"href":"https:\/\/naturalpoland.com\/cs\/wp-json\/wp\/v2\/product\/30242","targetHints":{"allow":["GET"]}}],"collection":[{"href":"https:\/\/naturalpoland.com\/cs\/wp-json\/wp\/v2\/product"}],"about":[{"href":"https:\/\/naturalpoland.com\/cs\/wp-json\/wp\/v2\/types\/product"}],"wp:featuredmedia":[{"embeddable":true,"href":"https:\/\/naturalpoland.com\/cs\/wp-json\/wp\/v2\/media\/29906"}],"wp:attachment":[{"href":"https:\/\/naturalpoland.com\/cs\/wp-json\/wp\/v2\/media?parent=30242"}],"wp:term":[{"taxonomy":"product_brand","embeddable":true,"href":"https:\/\/naturalpoland.com\/cs\/wp-json\/wp\/v2\/product_brand?post=30242"},{"taxonomy":"product_cat","embeddable":true,"href":"https:\/\/naturalpoland.com\/cs\/wp-json\/wp\/v2\/product_cat?post=30242"},{"taxonomy":"product_tag","embeddable":true,"href":"https:\/\/naturalpoland.com\/cs\/wp-json\/wp\/v2\/product_tag?post=30242"}],"curies":[{"name":"wp","href":"https:\/\/api.w.org\/{rel}","templated":true}]}}