{"id":30252,"date":"2024-02-01T14:59:39","date_gmt":"2024-02-01T14:02:09","guid":{"rendered":"https:\/\/naturalpoland.com\/produkty\/nezarazene\/mumio-extrakt\/"},"modified":"2024-04-29T14:46:49","modified_gmt":"2024-04-29T12:46:49","slug":"mumio-extrakt","status":"publish","type":"product","link":"https:\/\/naturalpoland.com\/cs\/produkty\/rostlinne-vytazky\/mumio-extrakt\/","title":{"rendered":"Mumio extrakt"},"content":{"rendered":"<p>Extrakt z mumia obsahuje <strong>5 a\u017e 20 % kyseliny fulvov\u00e9<\/strong>, co\u017e dokazuje jeho vysokou kvalitu a \u00fa\u010dinnost. Vypad\u00e1 jako jemn\u00fd hn\u011bd\u00fd pr\u00e1\u0161ek s charakteristickou v\u016fn\u00ed a chut\u00ed, co\u017e bylo potvrzeno organoleptick\u00fdmi testy. V\u00fdrobek spl\u0148uje p\u0159\u00edsn\u00e9 normy na obsah t\u011b\u017ek\u00fdch kov\u016f a pesticid\u016f, co\u017e zaru\u010duje bezpe\u010dnost a \u010distotu.<\/p>\n<p>Shilajit je cen\u011bn pro sv\u00e9 komplexn\u00ed zdravotn\u00ed \u00fa\u010dinky, v\u010detn\u011b <strong>podpory funkce imunitn\u00edho syst\u00e9mu<\/strong>, <strong>zlep\u0161en\u00ed stavu poko\u017eky<\/strong> a <strong>antioxida\u010dn\u00ed aktivity<\/strong>. Jej\u00ed jedine\u010dn\u00e9 vlastnosti jsou d\u00e1ny bohat\u00fdm obsahem kyseliny fulvov\u00e9 a dal\u0161\u00edch cenn\u00fdch miner\u00e1l\u016f. D\u00edky p\u0159\u00edrodn\u00edmu procesu extrakce si zachov\u00e1v\u00e1 nejd\u016fle\u017eit\u011bj\u0161\u00ed bioaktivn\u00ed l\u00e1tky, co\u017e ji \u010din\u00ed mimo\u0159\u00e1dn\u011b \u00fa\u010dinnou pro mnoho zdravotn\u00edch a kosmetick\u00fdch aplikac\u00ed.<\/p>\n<p>V\u00fdrobek je pln\u011b vyhovuj\u00edc\u00ed pro vegany a vegetari\u00e1ny. Shilajit se pou\u017e\u00edv\u00e1 jak jako <strong>dopln\u011bk stravy<\/strong>, tak p\u0159i <strong>v\u00fdrob\u011b kosmetiky<\/strong>, kde se vyu\u017e\u00edvaj\u00ed jeho regenera\u010dn\u00ed a vy\u017eivuj\u00edc\u00ed vlastnosti.<\/p>\n<p>Pou\u017e\u00edv\u00e1n\u00ed extraktu z mumia m\u016f\u017ee m\u00edt v\u00fdznamn\u00fd p\u0159\u00ednos pro zdrav\u00ed a kr\u00e1su a pozitivn\u00ed vliv na celkov\u00e9 zdrav\u00ed organismu a stav poko\u017eky. Jeho p\u0159\u00edrodn\u00ed p\u016fvod a zp\u016fsob z\u00edsk\u00e1v\u00e1n\u00ed fermentac\u00ed zaru\u010duj\u00ed zachov\u00e1n\u00ed nejvy\u0161\u0161\u00ed kvality a \u00fa\u010dinnosti.<\/p>\n","protected":false},"excerpt":{"rendered":"<p><strong>Extrakt z mumie<\/strong>, zn\u00e1m\u00fd tak\u00e9 jako <strong>shilajit<\/strong>, je cen\u011bnou slo\u017ekou pou\u017e\u00edvanou v tradi\u010dn\u00ed asijsk\u00e9 medic\u00edn\u011b, z\u00edsk\u00e1vanou z p\u0159\u00edrodn\u00edch komplexn\u00edch pramen\u016f v \u010d\u00ednsk\u00fdch hor\u00e1ch.<\/p>\n","protected":false},"featured_media":30221,"template":"","meta":[],"product_brand":[],"product_cat":[622],"product_tag":[],"class_list":{"0":"post-30252","1":"product","2":"type-product","3":"status-publish","4":"has-post-thumbnail","6":"product_cat-rostlinne-vytazky","7":"pa_certyfikaty-koser-certifikace","8":"pa_certyfikaty-halal-cs","10":"first","11":"instock","12":"shipping-taxable","13":"product-type-simple"},"yoast_head":"<!-- This site is optimized with the Yoast SEO plugin v27.4 - https:\/\/yoast.com\/product\/yoast-seo-wordpress\/ -->\n<title>Mumio extrakt - Velkoobchodn\u00ed distributor<\/title>\n<meta name=\"description\" content=\"Extrakt z mumia, zn\u00e1m\u00fd tak\u00e9 jako shilajit, je cen\u011bnou slo\u017ekou pou\u017e\u00edvanou v tradi\u010dn\u00ed asijsk\u00e9 medic\u00edn\u011b a z\u00edsk\u00e1v\u00e1 se z p\u0159\u00edrodn\u00edch zdroj\u016f.\" \/>\n<meta name=\"robots\" content=\"index, follow, max-snippet:-1, max-image-preview:large, max-video-preview:-1\" \/>\n<link rel=\"canonical\" href=\"https:\/\/naturalpoland.com\/cs\/produkty\/rostlinne-vytazky\/mumio-extrakt\/\" \/>\n<meta property=\"og:locale\" content=\"cs_CZ\" \/>\n<meta property=\"og:type\" content=\"article\" \/>\n<meta property=\"og:title\" content=\"Mumio extrakt - Velkoobchodn\u00ed distributor\" \/>\n<meta property=\"og:description\" content=\"Extrakt z mumia, zn\u00e1m\u00fd tak\u00e9 jako shilajit, je cen\u011bnou slo\u017ekou pou\u017e\u00edvanou v tradi\u010dn\u00ed asijsk\u00e9 medic\u00edn\u011b a z\u00edsk\u00e1v\u00e1 se z p\u0159\u00edrodn\u00edch zdroj\u016f.\" \/>\n<meta property=\"og:url\" content=\"https:\/\/naturalpoland.com\/cs\/produkty\/rostlinne-vytazky\/mumio-extrakt\/\" \/>\n<meta property=\"og:site_name\" content=\"NATURAL POLAND - Velkoobchodn\u00ed distributor surovin\" \/>\n<meta property=\"article:publisher\" content=\"https:\/\/www.facebook.com\/naturalpoland.b2b\" \/>\n<meta property=\"article:modified_time\" content=\"2024-04-29T12:46:49+00:00\" \/>\n<meta property=\"og:image\" content=\"https:\/\/naturalpoland.com\/wp-content\/uploads\/shilajit_extract.webp\" \/>\n\t<meta property=\"og:image:width\" content=\"613\" \/>\n\t<meta property=\"og:image:height\" content=\"613\" \/>\n\t<meta property=\"og:image:type\" content=\"image\/webp\" \/>\n<script type=\"application\/ld+json\" class=\"yoast-schema-graph\">{\"@context\":\"https:\\\/\\\/schema.org\",\"@graph\":[{\"@type\":\"WebPage\",\"@id\":\"https:\\\/\\\/naturalpoland.com\\\/cs\\\/produkty\\\/rostlinne-vytazky\\\/mumio-extrakt\\\/\",\"url\":\"https:\\\/\\\/naturalpoland.com\\\/cs\\\/produkty\\\/rostlinne-vytazky\\\/mumio-extrakt\\\/\",\"name\":\"Mumio extrakt - Velkoobchodn\u00ed distributor\",\"isPartOf\":{\"@id\":\"https:\\\/\\\/naturalpoland.com\\\/cs\\\/#website\"},\"primaryImageOfPage\":{\"@id\":\"https:\\\/\\\/naturalpoland.com\\\/cs\\\/produkty\\\/rostlinne-vytazky\\\/mumio-extrakt\\\/#primaryimage\"},\"image\":{\"@id\":\"https:\\\/\\\/naturalpoland.com\\\/cs\\\/produkty\\\/rostlinne-vytazky\\\/mumio-extrakt\\\/#primaryimage\"},\"thumbnailUrl\":\"https:\\\/\\\/naturalpoland.com\\\/wp-content\\\/uploads\\\/shilajit_extract.webp\",\"datePublished\":\"2024-02-01T14:02:09+00:00\",\"dateModified\":\"2024-04-29T12:46:49+00:00\",\"description\":\"Extrakt z mumia, zn\u00e1m\u00fd tak\u00e9 jako shilajit, je cen\u011bnou slo\u017ekou pou\u017e\u00edvanou v tradi\u010dn\u00ed asijsk\u00e9 medic\u00edn\u011b a z\u00edsk\u00e1v\u00e1 se z p\u0159\u00edrodn\u00edch zdroj\u016f.\",\"breadcrumb\":{\"@id\":\"https:\\\/\\\/naturalpoland.com\\\/cs\\\/produkty\\\/rostlinne-vytazky\\\/mumio-extrakt\\\/#breadcrumb\"},\"inLanguage\":\"cs\",\"potentialAction\":[{\"@type\":\"ReadAction\",\"target\":[\"https:\\\/\\\/naturalpoland.com\\\/cs\\\/produkty\\\/rostlinne-vytazky\\\/mumio-extrakt\\\/\"]}]},{\"@type\":\"ImageObject\",\"inLanguage\":\"cs\",\"@id\":\"https:\\\/\\\/naturalpoland.com\\\/cs\\\/produkty\\\/rostlinne-vytazky\\\/mumio-extrakt\\\/#primaryimage\",\"url\":\"https:\\\/\\\/naturalpoland.com\\\/wp-content\\\/uploads\\\/shilajit_extract.webp\",\"contentUrl\":\"https:\\\/\\\/naturalpoland.com\\\/wp-content\\\/uploads\\\/shilajit_extract.webp\",\"width\":613,\"height\":613,\"caption\":\"ekstrakt z mumio\"},{\"@type\":\"BreadcrumbList\",\"@id\":\"https:\\\/\\\/naturalpoland.com\\\/cs\\\/produkty\\\/rostlinne-vytazky\\\/mumio-extrakt\\\/#breadcrumb\",\"itemListElement\":[{\"@type\":\"ListItem\",\"position\":1,\"name\":\"Dom\u016f\",\"item\":\"https:\\\/\\\/naturalpoland.com\\\/cs\\\/\"},{\"@type\":\"ListItem\",\"position\":2,\"name\":\"Produkty\",\"item\":\"https:\\\/\\\/naturalpoland.com\\\/cs\\\/produkty\\\/\"},{\"@type\":\"ListItem\",\"position\":3,\"name\":\"Mumio extrakt\"}]},{\"@type\":\"WebSite\",\"@id\":\"https:\\\/\\\/naturalpoland.com\\\/cs\\\/#website\",\"url\":\"https:\\\/\\\/naturalpoland.com\\\/cs\\\/\",\"name\":\"NATURAL POLAND - Velkoobchodn\u00ed distributor surovin\",\"description\":\"Surowce dla przemys\u0142u spo\u017cywczego, kosmetycznego i farmaceutycznego\",\"publisher\":{\"@id\":\"https:\\\/\\\/naturalpoland.com\\\/cs\\\/#organization\"},\"potentialAction\":[{\"@type\":\"SearchAction\",\"target\":{\"@type\":\"EntryPoint\",\"urlTemplate\":\"https:\\\/\\\/naturalpoland.com\\\/cs\\\/?s={search_term_string}\"},\"query-input\":{\"@type\":\"PropertyValueSpecification\",\"valueRequired\":true,\"valueName\":\"search_term_string\"}}],\"inLanguage\":\"cs\"},{\"@type\":\"Organization\",\"@id\":\"https:\\\/\\\/naturalpoland.com\\\/cs\\\/#organization\",\"name\":\"Natural Poland\",\"url\":\"https:\\\/\\\/naturalpoland.com\\\/cs\\\/\",\"logo\":{\"@type\":\"ImageObject\",\"inLanguage\":\"cs\",\"@id\":\"https:\\\/\\\/naturalpoland.com\\\/cs\\\/#\\\/schema\\\/logo\\\/image\\\/\",\"url\":\"https:\\\/\\\/naturalpoland.com\\\/wp-content\\\/uploads\\\/2021\\\/05\\\/natural-poland-icon.png\",\"contentUrl\":\"https:\\\/\\\/naturalpoland.com\\\/wp-content\\\/uploads\\\/2021\\\/05\\\/natural-poland-icon.png\",\"width\":512,\"height\":512,\"caption\":\"Natural Poland\"},\"image\":{\"@id\":\"https:\\\/\\\/naturalpoland.com\\\/cs\\\/#\\\/schema\\\/logo\\\/image\\\/\"},\"sameAs\":[\"https:\\\/\\\/www.facebook.com\\\/naturalpoland.b2b\",\"https:\\\/\\\/pl.linkedin.com\\\/company\\\/natural-poland\",\"https:\\\/\\\/www.youtube.com\\\/channel\\\/UCgeGGkvOMahZo-xu_MSEWxg\"]}]}<\/script>\n<!-- \/ Yoast SEO plugin. -->","yoast_head_json":{"title":"Mumio extrakt - Velkoobchodn\u00ed distributor","description":"Extrakt z mumia, zn\u00e1m\u00fd tak\u00e9 jako shilajit, je cen\u011bnou slo\u017ekou pou\u017e\u00edvanou v tradi\u010dn\u00ed asijsk\u00e9 medic\u00edn\u011b a z\u00edsk\u00e1v\u00e1 se z p\u0159\u00edrodn\u00edch zdroj\u016f.","robots":{"index":"index","follow":"follow","max-snippet":"max-snippet:-1","max-image-preview":"max-image-preview:large","max-video-preview":"max-video-preview:-1"},"canonical":"https:\/\/naturalpoland.com\/cs\/produkty\/rostlinne-vytazky\/mumio-extrakt\/","og_locale":"cs_CZ","og_type":"article","og_title":"Mumio extrakt - Velkoobchodn\u00ed distributor","og_description":"Extrakt z mumia, zn\u00e1m\u00fd tak\u00e9 jako shilajit, je cen\u011bnou slo\u017ekou pou\u017e\u00edvanou v tradi\u010dn\u00ed asijsk\u00e9 medic\u00edn\u011b a z\u00edsk\u00e1v\u00e1 se z p\u0159\u00edrodn\u00edch zdroj\u016f.","og_url":"https:\/\/naturalpoland.com\/cs\/produkty\/rostlinne-vytazky\/mumio-extrakt\/","og_site_name":"NATURAL POLAND - Velkoobchodn\u00ed distributor surovin","article_publisher":"https:\/\/www.facebook.com\/naturalpoland.b2b","article_modified_time":"2024-04-29T12:46:49+00:00","og_image":[{"width":613,"height":613,"url":"https:\/\/naturalpoland.com\/wp-content\/uploads\/shilajit_extract.webp","type":"image\/webp"}],"schema":{"@context":"https:\/\/schema.org","@graph":[{"@type":"WebPage","@id":"https:\/\/naturalpoland.com\/cs\/produkty\/rostlinne-vytazky\/mumio-extrakt\/","url":"https:\/\/naturalpoland.com\/cs\/produkty\/rostlinne-vytazky\/mumio-extrakt\/","name":"Mumio extrakt - Velkoobchodn\u00ed distributor","isPartOf":{"@id":"https:\/\/naturalpoland.com\/cs\/#website"},"primaryImageOfPage":{"@id":"https:\/\/naturalpoland.com\/cs\/produkty\/rostlinne-vytazky\/mumio-extrakt\/#primaryimage"},"image":{"@id":"https:\/\/naturalpoland.com\/cs\/produkty\/rostlinne-vytazky\/mumio-extrakt\/#primaryimage"},"thumbnailUrl":"https:\/\/naturalpoland.com\/wp-content\/uploads\/shilajit_extract.webp","datePublished":"2024-02-01T14:02:09+00:00","dateModified":"2024-04-29T12:46:49+00:00","description":"Extrakt z mumia, zn\u00e1m\u00fd tak\u00e9 jako shilajit, je cen\u011bnou slo\u017ekou pou\u017e\u00edvanou v tradi\u010dn\u00ed asijsk\u00e9 medic\u00edn\u011b a z\u00edsk\u00e1v\u00e1 se z p\u0159\u00edrodn\u00edch zdroj\u016f.","breadcrumb":{"@id":"https:\/\/naturalpoland.com\/cs\/produkty\/rostlinne-vytazky\/mumio-extrakt\/#breadcrumb"},"inLanguage":"cs","potentialAction":[{"@type":"ReadAction","target":["https:\/\/naturalpoland.com\/cs\/produkty\/rostlinne-vytazky\/mumio-extrakt\/"]}]},{"@type":"ImageObject","inLanguage":"cs","@id":"https:\/\/naturalpoland.com\/cs\/produkty\/rostlinne-vytazky\/mumio-extrakt\/#primaryimage","url":"https:\/\/naturalpoland.com\/wp-content\/uploads\/shilajit_extract.webp","contentUrl":"https:\/\/naturalpoland.com\/wp-content\/uploads\/shilajit_extract.webp","width":613,"height":613,"caption":"ekstrakt z mumio"},{"@type":"BreadcrumbList","@id":"https:\/\/naturalpoland.com\/cs\/produkty\/rostlinne-vytazky\/mumio-extrakt\/#breadcrumb","itemListElement":[{"@type":"ListItem","position":1,"name":"Dom\u016f","item":"https:\/\/naturalpoland.com\/cs\/"},{"@type":"ListItem","position":2,"name":"Produkty","item":"https:\/\/naturalpoland.com\/cs\/produkty\/"},{"@type":"ListItem","position":3,"name":"Mumio extrakt"}]},{"@type":"WebSite","@id":"https:\/\/naturalpoland.com\/cs\/#website","url":"https:\/\/naturalpoland.com\/cs\/","name":"NATURAL POLAND - Velkoobchodn\u00ed distributor surovin","description":"Surowce dla przemys\u0142u spo\u017cywczego, kosmetycznego i farmaceutycznego","publisher":{"@id":"https:\/\/naturalpoland.com\/cs\/#organization"},"potentialAction":[{"@type":"SearchAction","target":{"@type":"EntryPoint","urlTemplate":"https:\/\/naturalpoland.com\/cs\/?s={search_term_string}"},"query-input":{"@type":"PropertyValueSpecification","valueRequired":true,"valueName":"search_term_string"}}],"inLanguage":"cs"},{"@type":"Organization","@id":"https:\/\/naturalpoland.com\/cs\/#organization","name":"Natural Poland","url":"https:\/\/naturalpoland.com\/cs\/","logo":{"@type":"ImageObject","inLanguage":"cs","@id":"https:\/\/naturalpoland.com\/cs\/#\/schema\/logo\/image\/","url":"https:\/\/naturalpoland.com\/wp-content\/uploads\/2021\/05\/natural-poland-icon.png","contentUrl":"https:\/\/naturalpoland.com\/wp-content\/uploads\/2021\/05\/natural-poland-icon.png","width":512,"height":512,"caption":"Natural Poland"},"image":{"@id":"https:\/\/naturalpoland.com\/cs\/#\/schema\/logo\/image\/"},"sameAs":["https:\/\/www.facebook.com\/naturalpoland.b2b","https:\/\/pl.linkedin.com\/company\/natural-poland","https:\/\/www.youtube.com\/channel\/UCgeGGkvOMahZo-xu_MSEWxg"]}]}},"_links":{"self":[{"href":"https:\/\/naturalpoland.com\/cs\/wp-json\/wp\/v2\/product\/30252","targetHints":{"allow":["GET"]}}],"collection":[{"href":"https:\/\/naturalpoland.com\/cs\/wp-json\/wp\/v2\/product"}],"about":[{"href":"https:\/\/naturalpoland.com\/cs\/wp-json\/wp\/v2\/types\/product"}],"wp:featuredmedia":[{"embeddable":true,"href":"https:\/\/naturalpoland.com\/cs\/wp-json\/wp\/v2\/media\/30221"}],"wp:attachment":[{"href":"https:\/\/naturalpoland.com\/cs\/wp-json\/wp\/v2\/media?parent=30252"}],"wp:term":[{"taxonomy":"product_brand","embeddable":true,"href":"https:\/\/naturalpoland.com\/cs\/wp-json\/wp\/v2\/product_brand?post=30252"},{"taxonomy":"product_cat","embeddable":true,"href":"https:\/\/naturalpoland.com\/cs\/wp-json\/wp\/v2\/product_cat?post=30252"},{"taxonomy":"product_tag","embeddable":true,"href":"https:\/\/naturalpoland.com\/cs\/wp-json\/wp\/v2\/product_tag?post=30252"}],"curies":[{"name":"wp","href":"https:\/\/api.w.org\/{rel}","templated":true}]}}