{"id":30260,"date":"2024-01-26T11:36:50","date_gmt":"2024-01-26T10:36:50","guid":{"rendered":"https:\/\/naturalpoland.com\/produkty\/nezarazene\/extrakt-ze-svrabu\/"},"modified":"2025-06-24T10:50:50","modified_gmt":"2025-06-24T08:50:50","slug":"extrakt-ze-svrabu","status":"publish","type":"product","link":"https:\/\/naturalpoland.com\/cs\/produkty\/rostlinne-vytazky\/extrakt-ze-svrabu\/","title":{"rendered":"Extrakt z Mucuna pruriens (sametice)"},"content":{"rendered":"<p>Pou\u017eit\u00ed extraktu z Mucuna pruriens sah\u00e1 od podpory zdrav\u00ed mozku a zlep\u0161en\u00ed n\u00e1lady a\u017e po podporu reproduk\u010dn\u00edho syst\u00e9mu. V \u00e1jurv\u00e9dsk\u00e9 medic\u00edn\u011b se pou\u017e\u00edv\u00e1 ke zv\u00fd\u0161en\u00ed libida, podpo\u0159e plodnosti a jako celkov\u00e9 tonikum pro pos\u00edlen\u00ed organismu.<\/p>\n<p>V souvislosti se zdrav\u00edm mozku m\u016f\u017ee tento extrakt d\u00edky vlivu na hladinu dopaminu zlep\u0161ovat kognitivn\u00ed funkce a zm\u00edr\u0148ovat p\u0159\u00edznaky deprese. V p\u0159\u00edrodn\u00ed medic\u00edn\u011b se n\u011bkdy vyu\u017e\u00edv\u00e1 i jako dopl\u0148kov\u00e1 podpora p\u0159i Parkinsonov\u011b chorob\u011b, a\u010dkoliv v tomto sm\u011bru je zapot\u0159eb\u00ed dal\u0161\u00edho v\u00fdzkumu.<\/p>\n<p>Jako dopln\u011bk stravy je cen\u011bn pro sv\u00e9 adaptogenn\u00ed vlastnosti, kter\u00e9 pom\u00e1haj\u00ed t\u011blu l\u00e9pe se vyrovnat se stresem a \u00fanavou. D\u00edky sv\u00fdm antioxida\u010dn\u00edm \u00fa\u010dink\u016fm m\u016f\u017ee rovn\u011b\u017e podpo\u0159it zdrav\u00ed poko\u017eky a vlas\u016f.<\/p>\n<p>Z hlediska bezpe\u010dnosti je extrakt z Mucuna pruriens obecn\u011b pova\u017eov\u00e1n za bezpe\u010dn\u00fd, m\u011bl by v\u0161ak b\u00fdt u\u017e\u00edv\u00e1n s opatrnost\u00ed, zejm\u00e9na u osob s onemocn\u011bn\u00edm srdce, cukrovkou nebo v t\u011bhotenstv\u00ed.<\/p>\n<p>Pokud jde o specifikace, extrakt m\u00e1 podobu sv\u011btle hn\u011bd\u00e9ho pr\u00e1\u0161ku s charakteristickou v\u016fn\u00ed a chut\u00ed a spl\u0148uje v\u0161echny po\u017eadavky na kvalitu, v\u010detn\u011b test\u016f na t\u011b\u017ek\u00e9 kovy a mikrobiologickou \u010distotu. P\u0159i jeho v\u00fdrob\u011b se pou\u017e\u00edv\u00e1 jako rozpou\u0161t\u011bdlo voda a produkt neobsahuje GMO.<\/p>\n","protected":false},"excerpt":{"rendered":"<p>Extrakt z <strong>Mucuna pruriens<\/strong>, zn\u00e1m\u00e9 tak\u00e9 jako sametice, je cen\u011bnou slo\u017ekou ve sv\u011bt\u011b dopl\u0148k\u016f stravy a p\u0159\u00edrodn\u00ed medic\u00edny. Tento extrakt z\u00edsk\u00e1van\u00fd ze semen rostliny je bohat\u00fd na \u0159adu \u00fa\u010dinn\u00fdch l\u00e1tek, zejm\u00e9na na L-dopu, kter\u00e1 je prekurzorem neurotransmiteru dopaminu.<\/p>\n","protected":false},"featured_media":29919,"template":"","meta":[],"product_brand":[],"product_cat":[622],"product_tag":[],"class_list":{"0":"post-30260","1":"product","2":"type-product","3":"status-publish","4":"has-post-thumbnail","6":"product_cat-rostlinne-vytazky","7":"pa_certyfikaty-koser-certifikace","8":"pa_certyfikaty-halal-cs","9":"pa_czesc-rosliny-semena","11":"first","12":"instock","13":"shipping-taxable","14":"product-type-simple"},"yoast_head":"<!-- This site is optimized with the Yoast SEO plugin v27.4 - https:\/\/yoast.com\/product\/yoast-seo-wordpress\/ -->\n<title>Extrakt z Mucuna pruriens (sametice) - Velkoobchodn\u00ed distributor<\/title>\n<meta name=\"description\" content=\"Extrakt z Mucuna pruriens, zn\u00e1m\u00e9 tak\u00e9 jako sametice, je cen\u011bnou slo\u017ekou ve sv\u011bt\u011b dopl\u0148k\u016f stravy a p\u0159\u00edrodn\u00ed medic\u00edny.\" \/>\n<meta name=\"robots\" content=\"index, follow, max-snippet:-1, max-image-preview:large, max-video-preview:-1\" \/>\n<link rel=\"canonical\" href=\"https:\/\/naturalpoland.com\/cs\/produkty\/rostlinne-vytazky\/extrakt-ze-svrabu\/\" \/>\n<meta property=\"og:locale\" content=\"cs_CZ\" \/>\n<meta property=\"og:type\" content=\"article\" \/>\n<meta property=\"og:title\" content=\"Extrakt z Mucuna pruriens (sametice) - Velkoobchodn\u00ed distributor\" \/>\n<meta property=\"og:description\" content=\"Extrakt z Mucuna pruriens, zn\u00e1m\u00e9 tak\u00e9 jako sametice, je cen\u011bnou slo\u017ekou ve sv\u011bt\u011b dopl\u0148k\u016f stravy a p\u0159\u00edrodn\u00ed medic\u00edny.\" \/>\n<meta property=\"og:url\" content=\"https:\/\/naturalpoland.com\/cs\/produkty\/rostlinne-vytazky\/extrakt-ze-svrabu\/\" \/>\n<meta property=\"og:site_name\" content=\"NATURAL POLAND - Velkoobchodn\u00ed distributor surovin\" \/>\n<meta property=\"article:publisher\" content=\"https:\/\/www.facebook.com\/naturalpoland.b2b\" \/>\n<meta property=\"article:modified_time\" content=\"2025-06-24T08:50:50+00:00\" \/>\n<meta property=\"og:image\" content=\"https:\/\/naturalpoland.com\/wp-content\/uploads\/mucuna_pruriens_extract.webp\" \/>\n\t<meta property=\"og:image:width\" content=\"614\" \/>\n\t<meta property=\"og:image:height\" content=\"614\" \/>\n\t<meta property=\"og:image:type\" content=\"image\/webp\" \/>\n<script type=\"application\/ld+json\" class=\"yoast-schema-graph\">{\"@context\":\"https:\\\/\\\/schema.org\",\"@graph\":[{\"@type\":\"WebPage\",\"@id\":\"https:\\\/\\\/naturalpoland.com\\\/cs\\\/produkty\\\/rostlinne-vytazky\\\/extrakt-ze-svrabu\\\/\",\"url\":\"https:\\\/\\\/naturalpoland.com\\\/cs\\\/produkty\\\/rostlinne-vytazky\\\/extrakt-ze-svrabu\\\/\",\"name\":\"Extrakt z Mucuna pruriens (sametice) - Velkoobchodn\u00ed distributor\",\"isPartOf\":{\"@id\":\"https:\\\/\\\/naturalpoland.com\\\/cs\\\/#website\"},\"primaryImageOfPage\":{\"@id\":\"https:\\\/\\\/naturalpoland.com\\\/cs\\\/produkty\\\/rostlinne-vytazky\\\/extrakt-ze-svrabu\\\/#primaryimage\"},\"image\":{\"@id\":\"https:\\\/\\\/naturalpoland.com\\\/cs\\\/produkty\\\/rostlinne-vytazky\\\/extrakt-ze-svrabu\\\/#primaryimage\"},\"thumbnailUrl\":\"https:\\\/\\\/naturalpoland.com\\\/wp-content\\\/uploads\\\/mucuna_pruriens_extract.webp\",\"datePublished\":\"2024-01-26T10:36:50+00:00\",\"dateModified\":\"2025-06-24T08:50:50+00:00\",\"description\":\"Extrakt z Mucuna pruriens, zn\u00e1m\u00e9 tak\u00e9 jako sametice, je cen\u011bnou slo\u017ekou ve sv\u011bt\u011b dopl\u0148k\u016f stravy a p\u0159\u00edrodn\u00ed medic\u00edny.\",\"breadcrumb\":{\"@id\":\"https:\\\/\\\/naturalpoland.com\\\/cs\\\/produkty\\\/rostlinne-vytazky\\\/extrakt-ze-svrabu\\\/#breadcrumb\"},\"inLanguage\":\"cs\",\"potentialAction\":[{\"@type\":\"ReadAction\",\"target\":[\"https:\\\/\\\/naturalpoland.com\\\/cs\\\/produkty\\\/rostlinne-vytazky\\\/extrakt-ze-svrabu\\\/\"]}]},{\"@type\":\"ImageObject\",\"inLanguage\":\"cs\",\"@id\":\"https:\\\/\\\/naturalpoland.com\\\/cs\\\/produkty\\\/rostlinne-vytazky\\\/extrakt-ze-svrabu\\\/#primaryimage\",\"url\":\"https:\\\/\\\/naturalpoland.com\\\/wp-content\\\/uploads\\\/mucuna_pruriens_extract.webp\",\"contentUrl\":\"https:\\\/\\\/naturalpoland.com\\\/wp-content\\\/uploads\\\/mucuna_pruriens_extract.webp\",\"width\":614,\"height\":614,\"caption\":\"Ekstrakt z \u015bwierzbca w\u0142a\u015bciwego\"},{\"@type\":\"BreadcrumbList\",\"@id\":\"https:\\\/\\\/naturalpoland.com\\\/cs\\\/produkty\\\/rostlinne-vytazky\\\/extrakt-ze-svrabu\\\/#breadcrumb\",\"itemListElement\":[{\"@type\":\"ListItem\",\"position\":1,\"name\":\"Dom\u016f\",\"item\":\"https:\\\/\\\/naturalpoland.com\\\/cs\\\/\"},{\"@type\":\"ListItem\",\"position\":2,\"name\":\"Produkty\",\"item\":\"https:\\\/\\\/naturalpoland.com\\\/cs\\\/produkty\\\/\"},{\"@type\":\"ListItem\",\"position\":3,\"name\":\"Extrakt z Mucuna pruriens (sametice)\"}]},{\"@type\":\"WebSite\",\"@id\":\"https:\\\/\\\/naturalpoland.com\\\/cs\\\/#website\",\"url\":\"https:\\\/\\\/naturalpoland.com\\\/cs\\\/\",\"name\":\"NATURAL POLAND - Velkoobchodn\u00ed distributor surovin\",\"description\":\"Surowce dla przemys\u0142u spo\u017cywczego, kosmetycznego i farmaceutycznego\",\"publisher\":{\"@id\":\"https:\\\/\\\/naturalpoland.com\\\/cs\\\/#organization\"},\"potentialAction\":[{\"@type\":\"SearchAction\",\"target\":{\"@type\":\"EntryPoint\",\"urlTemplate\":\"https:\\\/\\\/naturalpoland.com\\\/cs\\\/?s={search_term_string}\"},\"query-input\":{\"@type\":\"PropertyValueSpecification\",\"valueRequired\":true,\"valueName\":\"search_term_string\"}}],\"inLanguage\":\"cs\"},{\"@type\":\"Organization\",\"@id\":\"https:\\\/\\\/naturalpoland.com\\\/cs\\\/#organization\",\"name\":\"Natural Poland\",\"url\":\"https:\\\/\\\/naturalpoland.com\\\/cs\\\/\",\"logo\":{\"@type\":\"ImageObject\",\"inLanguage\":\"cs\",\"@id\":\"https:\\\/\\\/naturalpoland.com\\\/cs\\\/#\\\/schema\\\/logo\\\/image\\\/\",\"url\":\"https:\\\/\\\/naturalpoland.com\\\/wp-content\\\/uploads\\\/2021\\\/05\\\/natural-poland-icon.png\",\"contentUrl\":\"https:\\\/\\\/naturalpoland.com\\\/wp-content\\\/uploads\\\/2021\\\/05\\\/natural-poland-icon.png\",\"width\":512,\"height\":512,\"caption\":\"Natural Poland\"},\"image\":{\"@id\":\"https:\\\/\\\/naturalpoland.com\\\/cs\\\/#\\\/schema\\\/logo\\\/image\\\/\"},\"sameAs\":[\"https:\\\/\\\/www.facebook.com\\\/naturalpoland.b2b\",\"https:\\\/\\\/pl.linkedin.com\\\/company\\\/natural-poland\",\"https:\\\/\\\/www.youtube.com\\\/channel\\\/UCgeGGkvOMahZo-xu_MSEWxg\"]}]}<\/script>\n<!-- \/ Yoast SEO plugin. -->","yoast_head_json":{"title":"Extrakt z Mucuna pruriens (sametice) - Velkoobchodn\u00ed distributor","description":"Extrakt z Mucuna pruriens, zn\u00e1m\u00e9 tak\u00e9 jako sametice, je cen\u011bnou slo\u017ekou ve sv\u011bt\u011b dopl\u0148k\u016f stravy a p\u0159\u00edrodn\u00ed medic\u00edny.","robots":{"index":"index","follow":"follow","max-snippet":"max-snippet:-1","max-image-preview":"max-image-preview:large","max-video-preview":"max-video-preview:-1"},"canonical":"https:\/\/naturalpoland.com\/cs\/produkty\/rostlinne-vytazky\/extrakt-ze-svrabu\/","og_locale":"cs_CZ","og_type":"article","og_title":"Extrakt z Mucuna pruriens (sametice) - Velkoobchodn\u00ed distributor","og_description":"Extrakt z Mucuna pruriens, zn\u00e1m\u00e9 tak\u00e9 jako sametice, je cen\u011bnou slo\u017ekou ve sv\u011bt\u011b dopl\u0148k\u016f stravy a p\u0159\u00edrodn\u00ed medic\u00edny.","og_url":"https:\/\/naturalpoland.com\/cs\/produkty\/rostlinne-vytazky\/extrakt-ze-svrabu\/","og_site_name":"NATURAL POLAND - Velkoobchodn\u00ed distributor surovin","article_publisher":"https:\/\/www.facebook.com\/naturalpoland.b2b","article_modified_time":"2025-06-24T08:50:50+00:00","og_image":[{"width":614,"height":614,"url":"https:\/\/naturalpoland.com\/wp-content\/uploads\/mucuna_pruriens_extract.webp","type":"image\/webp"}],"schema":{"@context":"https:\/\/schema.org","@graph":[{"@type":"WebPage","@id":"https:\/\/naturalpoland.com\/cs\/produkty\/rostlinne-vytazky\/extrakt-ze-svrabu\/","url":"https:\/\/naturalpoland.com\/cs\/produkty\/rostlinne-vytazky\/extrakt-ze-svrabu\/","name":"Extrakt z Mucuna pruriens (sametice) - Velkoobchodn\u00ed distributor","isPartOf":{"@id":"https:\/\/naturalpoland.com\/cs\/#website"},"primaryImageOfPage":{"@id":"https:\/\/naturalpoland.com\/cs\/produkty\/rostlinne-vytazky\/extrakt-ze-svrabu\/#primaryimage"},"image":{"@id":"https:\/\/naturalpoland.com\/cs\/produkty\/rostlinne-vytazky\/extrakt-ze-svrabu\/#primaryimage"},"thumbnailUrl":"https:\/\/naturalpoland.com\/wp-content\/uploads\/mucuna_pruriens_extract.webp","datePublished":"2024-01-26T10:36:50+00:00","dateModified":"2025-06-24T08:50:50+00:00","description":"Extrakt z Mucuna pruriens, zn\u00e1m\u00e9 tak\u00e9 jako sametice, je cen\u011bnou slo\u017ekou ve sv\u011bt\u011b dopl\u0148k\u016f stravy a p\u0159\u00edrodn\u00ed medic\u00edny.","breadcrumb":{"@id":"https:\/\/naturalpoland.com\/cs\/produkty\/rostlinne-vytazky\/extrakt-ze-svrabu\/#breadcrumb"},"inLanguage":"cs","potentialAction":[{"@type":"ReadAction","target":["https:\/\/naturalpoland.com\/cs\/produkty\/rostlinne-vytazky\/extrakt-ze-svrabu\/"]}]},{"@type":"ImageObject","inLanguage":"cs","@id":"https:\/\/naturalpoland.com\/cs\/produkty\/rostlinne-vytazky\/extrakt-ze-svrabu\/#primaryimage","url":"https:\/\/naturalpoland.com\/wp-content\/uploads\/mucuna_pruriens_extract.webp","contentUrl":"https:\/\/naturalpoland.com\/wp-content\/uploads\/mucuna_pruriens_extract.webp","width":614,"height":614,"caption":"Ekstrakt z \u015bwierzbca w\u0142a\u015bciwego"},{"@type":"BreadcrumbList","@id":"https:\/\/naturalpoland.com\/cs\/produkty\/rostlinne-vytazky\/extrakt-ze-svrabu\/#breadcrumb","itemListElement":[{"@type":"ListItem","position":1,"name":"Dom\u016f","item":"https:\/\/naturalpoland.com\/cs\/"},{"@type":"ListItem","position":2,"name":"Produkty","item":"https:\/\/naturalpoland.com\/cs\/produkty\/"},{"@type":"ListItem","position":3,"name":"Extrakt z Mucuna pruriens (sametice)"}]},{"@type":"WebSite","@id":"https:\/\/naturalpoland.com\/cs\/#website","url":"https:\/\/naturalpoland.com\/cs\/","name":"NATURAL POLAND - Velkoobchodn\u00ed distributor surovin","description":"Surowce dla przemys\u0142u spo\u017cywczego, kosmetycznego i farmaceutycznego","publisher":{"@id":"https:\/\/naturalpoland.com\/cs\/#organization"},"potentialAction":[{"@type":"SearchAction","target":{"@type":"EntryPoint","urlTemplate":"https:\/\/naturalpoland.com\/cs\/?s={search_term_string}"},"query-input":{"@type":"PropertyValueSpecification","valueRequired":true,"valueName":"search_term_string"}}],"inLanguage":"cs"},{"@type":"Organization","@id":"https:\/\/naturalpoland.com\/cs\/#organization","name":"Natural Poland","url":"https:\/\/naturalpoland.com\/cs\/","logo":{"@type":"ImageObject","inLanguage":"cs","@id":"https:\/\/naturalpoland.com\/cs\/#\/schema\/logo\/image\/","url":"https:\/\/naturalpoland.com\/wp-content\/uploads\/2021\/05\/natural-poland-icon.png","contentUrl":"https:\/\/naturalpoland.com\/wp-content\/uploads\/2021\/05\/natural-poland-icon.png","width":512,"height":512,"caption":"Natural Poland"},"image":{"@id":"https:\/\/naturalpoland.com\/cs\/#\/schema\/logo\/image\/"},"sameAs":["https:\/\/www.facebook.com\/naturalpoland.b2b","https:\/\/pl.linkedin.com\/company\/natural-poland","https:\/\/www.youtube.com\/channel\/UCgeGGkvOMahZo-xu_MSEWxg"]}]}},"_links":{"self":[{"href":"https:\/\/naturalpoland.com\/cs\/wp-json\/wp\/v2\/product\/30260","targetHints":{"allow":["GET"]}}],"collection":[{"href":"https:\/\/naturalpoland.com\/cs\/wp-json\/wp\/v2\/product"}],"about":[{"href":"https:\/\/naturalpoland.com\/cs\/wp-json\/wp\/v2\/types\/product"}],"wp:featuredmedia":[{"embeddable":true,"href":"https:\/\/naturalpoland.com\/cs\/wp-json\/wp\/v2\/media\/29919"}],"wp:attachment":[{"href":"https:\/\/naturalpoland.com\/cs\/wp-json\/wp\/v2\/media?parent=30260"}],"wp:term":[{"taxonomy":"product_brand","embeddable":true,"href":"https:\/\/naturalpoland.com\/cs\/wp-json\/wp\/v2\/product_brand?post=30260"},{"taxonomy":"product_cat","embeddable":true,"href":"https:\/\/naturalpoland.com\/cs\/wp-json\/wp\/v2\/product_cat?post=30260"},{"taxonomy":"product_tag","embeddable":true,"href":"https:\/\/naturalpoland.com\/cs\/wp-json\/wp\/v2\/product_tag?post=30260"}],"curies":[{"name":"wp","href":"https:\/\/api.w.org\/{rel}","templated":true}]}}