{"id":30276,"date":"2024-01-25T15:30:07","date_gmt":"2024-02-01T14:02:47","guid":{"rendered":"https:\/\/naturalpoland.com\/produkty\/nezarazene\/extrakt-z-peruanskeho-pepre\/"},"modified":"2025-06-30T14:00:30","modified_gmt":"2025-06-30T12:00:30","slug":"extrakt-z-peruanskeho-pepre","status":"publish","type":"product","link":"https:\/\/naturalpoland.com\/cs\/produkty\/rostlinne-vytazky\/extrakt-z-peruanskeho-pepre\/","title":{"rendered":"Extrakt z peru\u00e1nsk\u00e9 \u0159e\u0159ichy (Lepidium meyenii)"},"content":{"rendered":"<p>Extrakt z peru\u00e1nsk\u00e9 \u0159e\u0159ichy (Lepidium meyenii) poch\u00e1zej\u00edc\u00ed z \u010c\u00edny se vyr\u00e1b\u00ed z ko\u0159ene rostliny a vyzna\u010duje se hn\u011bdou barvou, charakteristickou v\u016fn\u00ed a chut\u00ed. Jeho jemn\u011b mlet\u00fd pr\u00e1\u0161ek proch\u00e1z\u00ed s\u00edtem s 80 oky, co\u017e zaji\u0161\u0165uje jednotnou konzistenci.<\/p>\n<p>Obsah vlhkosti extraktu se udr\u017euje pod 5 % a obsah popela nep\u0159esahuje 5 %. V\u00fdrobek neobsahuje GMO a spl\u0148uje normy USP pro rezidua pesticid\u016f. Testy na p\u0159\u00edtomnost t\u011b\u017ek\u00fdch kov\u016f potvrdily, \u017ee obsah arsenu, rtuti, olova a kadmia je ni\u017e\u0161\u00ed ne\u017e stanoven\u00e9 limity, co\u017e dokazuje jeho bezpe\u010dnost. Krom\u011b toho je extrakt prost\u00fd mikrobiologick\u00fdch rizik, jako jsou E.coli, Salmonella a Staphylococcus aureus.<\/p>\n<h2>Vlastnosti a aplikace<\/h2>\n<p>Extrakt z peru\u00e1nsk\u00e9 \u0159e\u0159ichy je zn\u00e1m\u00fd vysok\u00fdm obsahem p\u0159\u00edrodn\u00edch \u017eivin, v\u010detn\u011b vitamin\u016f, miner\u00e1l\u016f a aminokyselin. Je obl\u00edbenou slo\u017ekou dopl\u0148k\u016f stravy pro sv\u00e9 <strong>adaptogenn\u00ed vlastnosti<\/strong>, kter\u00e9 pom\u00e1haj\u00ed t\u011blu zvl\u00e1dat stres a zvy\u0161uj\u00ed celkovou v\u00fddr\u017e a energii. Pou\u017e\u00edv\u00e1 se tak\u00e9 pro sv\u00e9 p\u0159\u00edzniv\u00e9 \u00fa\u010dinky na hormon\u00e1ln\u00ed rovnov\u00e1hu, sexu\u00e1ln\u00ed zdrav\u00ed a kognitivn\u00ed funkce.<\/p>\n<p>D\u00edky bohat\u00e9mu obsahu \u017eivin a potenci\u00e1ln\u00edm zdravotn\u00edm p\u0159\u00ednos\u016fm je vyu\u017eit\u00ed extraktu z z peru\u00e1nsk\u00e9 \u0159e\u0159ichy v\u0161estrann\u00e9, od dopl\u0148k\u016f stravy a\u017e po kosmetick\u00e9 aplikace.<\/p>\n","protected":false},"excerpt":{"rendered":"<p><strong>Extrakt z peru\u00e1nsk\u00e9 \u0159e\u0159ichy<\/strong>, v\u011bdecky zn\u00e1m\u00fd jako <strong>Lepidium Meyenii<\/strong>, je vysoce cen\u011bn\u00fd dopln\u011bk stravy, uzn\u00e1van\u00fd pro sv\u00e9 jedine\u010dn\u00e9 zdravotn\u00ed a v\u00fd\u017eivov\u00e9 vlastnosti.<\/p>\n","protected":false},"featured_media":29891,"template":"","meta":[],"product_brand":[],"product_cat":[622],"product_tag":[],"class_list":{"0":"post-30276","1":"product","2":"type-product","3":"status-publish","4":"has-post-thumbnail","6":"product_cat-rostlinne-vytazky","7":"pa_certyfikaty-koser-certifikace","8":"pa_certyfikaty-halal-cs","9":"pa_czesc-rosliny-root","11":"first","12":"instock","13":"shipping-taxable","14":"product-type-simple"},"yoast_head":"<!-- This site is optimized with the Yoast SEO plugin v27.4 - https:\/\/yoast.com\/product\/yoast-seo-wordpress\/ -->\n<title>Extrakt z peru\u00e1nsk\u00e9 \u0159e\u0159ichy (Lepidium meyenii) - Velkoobchodn\u00ed distributor<\/title>\n<meta name=\"description\" content=\"Extrakt z peru\u00e1nsk\u00e9 papriky je cen\u011bn\u00fdm dopl\u0148kem dopl\u0148k\u016f stravy, kter\u00fd je uzn\u00e1v\u00e1n pro sv\u00e9 jedine\u010dn\u00e9 zdravotn\u00ed a v\u00fd\u017eivov\u00e9 vlastnosti.\" \/>\n<meta name=\"robots\" content=\"index, follow, max-snippet:-1, max-image-preview:large, max-video-preview:-1\" \/>\n<link rel=\"canonical\" href=\"https:\/\/naturalpoland.com\/cs\/produkty\/rostlinne-vytazky\/extrakt-z-peruanskeho-pepre\/\" \/>\n<meta property=\"og:locale\" content=\"cs_CZ\" \/>\n<meta property=\"og:type\" content=\"article\" \/>\n<meta property=\"og:title\" content=\"Extrakt z peru\u00e1nsk\u00e9 \u0159e\u0159ichy (Lepidium meyenii) - Velkoobchodn\u00ed distributor\" \/>\n<meta property=\"og:description\" content=\"Extrakt z peru\u00e1nsk\u00e9 papriky je cen\u011bn\u00fdm dopl\u0148kem dopl\u0148k\u016f stravy, kter\u00fd je uzn\u00e1v\u00e1n pro sv\u00e9 jedine\u010dn\u00e9 zdravotn\u00ed a v\u00fd\u017eivov\u00e9 vlastnosti.\" \/>\n<meta property=\"og:url\" content=\"https:\/\/naturalpoland.com\/cs\/produkty\/rostlinne-vytazky\/extrakt-z-peruanskeho-pepre\/\" \/>\n<meta property=\"og:site_name\" content=\"NATURAL POLAND - Velkoobchodn\u00ed distributor surovin\" \/>\n<meta property=\"article:publisher\" content=\"https:\/\/www.facebook.com\/naturalpoland.b2b\" \/>\n<meta property=\"article:modified_time\" content=\"2025-06-30T12:00:30+00:00\" \/>\n<meta property=\"og:image\" content=\"https:\/\/naturalpoland.com\/wp-content\/uploads\/ekstrakt-z-pieprzycy-peruwianskiej.webp\" \/>\n\t<meta property=\"og:image:width\" content=\"614\" \/>\n\t<meta property=\"og:image:height\" content=\"614\" \/>\n\t<meta property=\"og:image:type\" content=\"image\/webp\" \/>\n<script type=\"application\/ld+json\" class=\"yoast-schema-graph\">{\"@context\":\"https:\\\/\\\/schema.org\",\"@graph\":[{\"@type\":\"WebPage\",\"@id\":\"https:\\\/\\\/naturalpoland.com\\\/cs\\\/produkty\\\/rostlinne-vytazky\\\/extrakt-z-peruanskeho-pepre\\\/\",\"url\":\"https:\\\/\\\/naturalpoland.com\\\/cs\\\/produkty\\\/rostlinne-vytazky\\\/extrakt-z-peruanskeho-pepre\\\/\",\"name\":\"Extrakt z peru\u00e1nsk\u00e9 \u0159e\u0159ichy (Lepidium meyenii) - Velkoobchodn\u00ed distributor\",\"isPartOf\":{\"@id\":\"https:\\\/\\\/naturalpoland.com\\\/cs\\\/#website\"},\"primaryImageOfPage\":{\"@id\":\"https:\\\/\\\/naturalpoland.com\\\/cs\\\/produkty\\\/rostlinne-vytazky\\\/extrakt-z-peruanskeho-pepre\\\/#primaryimage\"},\"image\":{\"@id\":\"https:\\\/\\\/naturalpoland.com\\\/cs\\\/produkty\\\/rostlinne-vytazky\\\/extrakt-z-peruanskeho-pepre\\\/#primaryimage\"},\"thumbnailUrl\":\"https:\\\/\\\/naturalpoland.com\\\/wp-content\\\/uploads\\\/ekstrakt-z-pieprzycy-peruwianskiej.webp\",\"datePublished\":\"2024-02-01T14:02:47+00:00\",\"dateModified\":\"2025-06-30T12:00:30+00:00\",\"description\":\"Extrakt z peru\u00e1nsk\u00e9 papriky je cen\u011bn\u00fdm dopl\u0148kem dopl\u0148k\u016f stravy, kter\u00fd je uzn\u00e1v\u00e1n pro sv\u00e9 jedine\u010dn\u00e9 zdravotn\u00ed a v\u00fd\u017eivov\u00e9 vlastnosti.\",\"breadcrumb\":{\"@id\":\"https:\\\/\\\/naturalpoland.com\\\/cs\\\/produkty\\\/rostlinne-vytazky\\\/extrakt-z-peruanskeho-pepre\\\/#breadcrumb\"},\"inLanguage\":\"cs\",\"potentialAction\":[{\"@type\":\"ReadAction\",\"target\":[\"https:\\\/\\\/naturalpoland.com\\\/cs\\\/produkty\\\/rostlinne-vytazky\\\/extrakt-z-peruanskeho-pepre\\\/\"]}]},{\"@type\":\"ImageObject\",\"inLanguage\":\"cs\",\"@id\":\"https:\\\/\\\/naturalpoland.com\\\/cs\\\/produkty\\\/rostlinne-vytazky\\\/extrakt-z-peruanskeho-pepre\\\/#primaryimage\",\"url\":\"https:\\\/\\\/naturalpoland.com\\\/wp-content\\\/uploads\\\/ekstrakt-z-pieprzycy-peruwianskiej.webp\",\"contentUrl\":\"https:\\\/\\\/naturalpoland.com\\\/wp-content\\\/uploads\\\/ekstrakt-z-pieprzycy-peruwianskiej.webp\",\"width\":614,\"height\":614,\"caption\":\"ekstrakt z pieprzycy peruwia\u0144skiej\"},{\"@type\":\"BreadcrumbList\",\"@id\":\"https:\\\/\\\/naturalpoland.com\\\/cs\\\/produkty\\\/rostlinne-vytazky\\\/extrakt-z-peruanskeho-pepre\\\/#breadcrumb\",\"itemListElement\":[{\"@type\":\"ListItem\",\"position\":1,\"name\":\"Dom\u016f\",\"item\":\"https:\\\/\\\/naturalpoland.com\\\/cs\\\/\"},{\"@type\":\"ListItem\",\"position\":2,\"name\":\"Produkty\",\"item\":\"https:\\\/\\\/naturalpoland.com\\\/cs\\\/produkty\\\/\"},{\"@type\":\"ListItem\",\"position\":3,\"name\":\"Extrakt z peru\u00e1nsk\u00e9 \u0159e\u0159ichy (Lepidium meyenii)\"}]},{\"@type\":\"WebSite\",\"@id\":\"https:\\\/\\\/naturalpoland.com\\\/cs\\\/#website\",\"url\":\"https:\\\/\\\/naturalpoland.com\\\/cs\\\/\",\"name\":\"NATURAL POLAND - Velkoobchodn\u00ed distributor surovin\",\"description\":\"Surowce dla przemys\u0142u spo\u017cywczego, kosmetycznego i farmaceutycznego\",\"publisher\":{\"@id\":\"https:\\\/\\\/naturalpoland.com\\\/cs\\\/#organization\"},\"potentialAction\":[{\"@type\":\"SearchAction\",\"target\":{\"@type\":\"EntryPoint\",\"urlTemplate\":\"https:\\\/\\\/naturalpoland.com\\\/cs\\\/?s={search_term_string}\"},\"query-input\":{\"@type\":\"PropertyValueSpecification\",\"valueRequired\":true,\"valueName\":\"search_term_string\"}}],\"inLanguage\":\"cs\"},{\"@type\":\"Organization\",\"@id\":\"https:\\\/\\\/naturalpoland.com\\\/cs\\\/#organization\",\"name\":\"Natural Poland\",\"url\":\"https:\\\/\\\/naturalpoland.com\\\/cs\\\/\",\"logo\":{\"@type\":\"ImageObject\",\"inLanguage\":\"cs\",\"@id\":\"https:\\\/\\\/naturalpoland.com\\\/cs\\\/#\\\/schema\\\/logo\\\/image\\\/\",\"url\":\"https:\\\/\\\/naturalpoland.com\\\/wp-content\\\/uploads\\\/2021\\\/05\\\/natural-poland-icon.png\",\"contentUrl\":\"https:\\\/\\\/naturalpoland.com\\\/wp-content\\\/uploads\\\/2021\\\/05\\\/natural-poland-icon.png\",\"width\":512,\"height\":512,\"caption\":\"Natural Poland\"},\"image\":{\"@id\":\"https:\\\/\\\/naturalpoland.com\\\/cs\\\/#\\\/schema\\\/logo\\\/image\\\/\"},\"sameAs\":[\"https:\\\/\\\/www.facebook.com\\\/naturalpoland.b2b\",\"https:\\\/\\\/pl.linkedin.com\\\/company\\\/natural-poland\",\"https:\\\/\\\/www.youtube.com\\\/channel\\\/UCgeGGkvOMahZo-xu_MSEWxg\"]}]}<\/script>\n<!-- \/ Yoast SEO plugin. -->","yoast_head_json":{"title":"Extrakt z peru\u00e1nsk\u00e9 \u0159e\u0159ichy (Lepidium meyenii) - Velkoobchodn\u00ed distributor","description":"Extrakt z peru\u00e1nsk\u00e9 papriky je cen\u011bn\u00fdm dopl\u0148kem dopl\u0148k\u016f stravy, kter\u00fd je uzn\u00e1v\u00e1n pro sv\u00e9 jedine\u010dn\u00e9 zdravotn\u00ed a v\u00fd\u017eivov\u00e9 vlastnosti.","robots":{"index":"index","follow":"follow","max-snippet":"max-snippet:-1","max-image-preview":"max-image-preview:large","max-video-preview":"max-video-preview:-1"},"canonical":"https:\/\/naturalpoland.com\/cs\/produkty\/rostlinne-vytazky\/extrakt-z-peruanskeho-pepre\/","og_locale":"cs_CZ","og_type":"article","og_title":"Extrakt z peru\u00e1nsk\u00e9 \u0159e\u0159ichy (Lepidium meyenii) - Velkoobchodn\u00ed distributor","og_description":"Extrakt z peru\u00e1nsk\u00e9 papriky je cen\u011bn\u00fdm dopl\u0148kem dopl\u0148k\u016f stravy, kter\u00fd je uzn\u00e1v\u00e1n pro sv\u00e9 jedine\u010dn\u00e9 zdravotn\u00ed a v\u00fd\u017eivov\u00e9 vlastnosti.","og_url":"https:\/\/naturalpoland.com\/cs\/produkty\/rostlinne-vytazky\/extrakt-z-peruanskeho-pepre\/","og_site_name":"NATURAL POLAND - Velkoobchodn\u00ed distributor surovin","article_publisher":"https:\/\/www.facebook.com\/naturalpoland.b2b","article_modified_time":"2025-06-30T12:00:30+00:00","og_image":[{"width":614,"height":614,"url":"https:\/\/naturalpoland.com\/wp-content\/uploads\/ekstrakt-z-pieprzycy-peruwianskiej.webp","type":"image\/webp"}],"schema":{"@context":"https:\/\/schema.org","@graph":[{"@type":"WebPage","@id":"https:\/\/naturalpoland.com\/cs\/produkty\/rostlinne-vytazky\/extrakt-z-peruanskeho-pepre\/","url":"https:\/\/naturalpoland.com\/cs\/produkty\/rostlinne-vytazky\/extrakt-z-peruanskeho-pepre\/","name":"Extrakt z peru\u00e1nsk\u00e9 \u0159e\u0159ichy (Lepidium meyenii) - Velkoobchodn\u00ed distributor","isPartOf":{"@id":"https:\/\/naturalpoland.com\/cs\/#website"},"primaryImageOfPage":{"@id":"https:\/\/naturalpoland.com\/cs\/produkty\/rostlinne-vytazky\/extrakt-z-peruanskeho-pepre\/#primaryimage"},"image":{"@id":"https:\/\/naturalpoland.com\/cs\/produkty\/rostlinne-vytazky\/extrakt-z-peruanskeho-pepre\/#primaryimage"},"thumbnailUrl":"https:\/\/naturalpoland.com\/wp-content\/uploads\/ekstrakt-z-pieprzycy-peruwianskiej.webp","datePublished":"2024-02-01T14:02:47+00:00","dateModified":"2025-06-30T12:00:30+00:00","description":"Extrakt z peru\u00e1nsk\u00e9 papriky je cen\u011bn\u00fdm dopl\u0148kem dopl\u0148k\u016f stravy, kter\u00fd je uzn\u00e1v\u00e1n pro sv\u00e9 jedine\u010dn\u00e9 zdravotn\u00ed a v\u00fd\u017eivov\u00e9 vlastnosti.","breadcrumb":{"@id":"https:\/\/naturalpoland.com\/cs\/produkty\/rostlinne-vytazky\/extrakt-z-peruanskeho-pepre\/#breadcrumb"},"inLanguage":"cs","potentialAction":[{"@type":"ReadAction","target":["https:\/\/naturalpoland.com\/cs\/produkty\/rostlinne-vytazky\/extrakt-z-peruanskeho-pepre\/"]}]},{"@type":"ImageObject","inLanguage":"cs","@id":"https:\/\/naturalpoland.com\/cs\/produkty\/rostlinne-vytazky\/extrakt-z-peruanskeho-pepre\/#primaryimage","url":"https:\/\/naturalpoland.com\/wp-content\/uploads\/ekstrakt-z-pieprzycy-peruwianskiej.webp","contentUrl":"https:\/\/naturalpoland.com\/wp-content\/uploads\/ekstrakt-z-pieprzycy-peruwianskiej.webp","width":614,"height":614,"caption":"ekstrakt z pieprzycy peruwia\u0144skiej"},{"@type":"BreadcrumbList","@id":"https:\/\/naturalpoland.com\/cs\/produkty\/rostlinne-vytazky\/extrakt-z-peruanskeho-pepre\/#breadcrumb","itemListElement":[{"@type":"ListItem","position":1,"name":"Dom\u016f","item":"https:\/\/naturalpoland.com\/cs\/"},{"@type":"ListItem","position":2,"name":"Produkty","item":"https:\/\/naturalpoland.com\/cs\/produkty\/"},{"@type":"ListItem","position":3,"name":"Extrakt z peru\u00e1nsk\u00e9 \u0159e\u0159ichy (Lepidium meyenii)"}]},{"@type":"WebSite","@id":"https:\/\/naturalpoland.com\/cs\/#website","url":"https:\/\/naturalpoland.com\/cs\/","name":"NATURAL POLAND - Velkoobchodn\u00ed distributor surovin","description":"Surowce dla przemys\u0142u spo\u017cywczego, kosmetycznego i farmaceutycznego","publisher":{"@id":"https:\/\/naturalpoland.com\/cs\/#organization"},"potentialAction":[{"@type":"SearchAction","target":{"@type":"EntryPoint","urlTemplate":"https:\/\/naturalpoland.com\/cs\/?s={search_term_string}"},"query-input":{"@type":"PropertyValueSpecification","valueRequired":true,"valueName":"search_term_string"}}],"inLanguage":"cs"},{"@type":"Organization","@id":"https:\/\/naturalpoland.com\/cs\/#organization","name":"Natural Poland","url":"https:\/\/naturalpoland.com\/cs\/","logo":{"@type":"ImageObject","inLanguage":"cs","@id":"https:\/\/naturalpoland.com\/cs\/#\/schema\/logo\/image\/","url":"https:\/\/naturalpoland.com\/wp-content\/uploads\/2021\/05\/natural-poland-icon.png","contentUrl":"https:\/\/naturalpoland.com\/wp-content\/uploads\/2021\/05\/natural-poland-icon.png","width":512,"height":512,"caption":"Natural Poland"},"image":{"@id":"https:\/\/naturalpoland.com\/cs\/#\/schema\/logo\/image\/"},"sameAs":["https:\/\/www.facebook.com\/naturalpoland.b2b","https:\/\/pl.linkedin.com\/company\/natural-poland","https:\/\/www.youtube.com\/channel\/UCgeGGkvOMahZo-xu_MSEWxg"]}]}},"_links":{"self":[{"href":"https:\/\/naturalpoland.com\/cs\/wp-json\/wp\/v2\/product\/30276","targetHints":{"allow":["GET"]}}],"collection":[{"href":"https:\/\/naturalpoland.com\/cs\/wp-json\/wp\/v2\/product"}],"about":[{"href":"https:\/\/naturalpoland.com\/cs\/wp-json\/wp\/v2\/types\/product"}],"wp:featuredmedia":[{"embeddable":true,"href":"https:\/\/naturalpoland.com\/cs\/wp-json\/wp\/v2\/media\/29891"}],"wp:attachment":[{"href":"https:\/\/naturalpoland.com\/cs\/wp-json\/wp\/v2\/media?parent=30276"}],"wp:term":[{"taxonomy":"product_brand","embeddable":true,"href":"https:\/\/naturalpoland.com\/cs\/wp-json\/wp\/v2\/product_brand?post=30276"},{"taxonomy":"product_cat","embeddable":true,"href":"https:\/\/naturalpoland.com\/cs\/wp-json\/wp\/v2\/product_cat?post=30276"},{"taxonomy":"product_tag","embeddable":true,"href":"https:\/\/naturalpoland.com\/cs\/wp-json\/wp\/v2\/product_tag?post=30276"}],"curies":[{"name":"wp","href":"https:\/\/api.w.org\/{rel}","templated":true}]}}