{"id":30700,"date":"2024-03-25T16:03:09","date_gmt":"2024-03-25T15:03:09","guid":{"rendered":"https:\/\/naturalpoland.com\/produkty\/neza\u0159azen\u00e9\/dmae-dimethylaminoethanol\/"},"modified":"2024-04-29T14:13:23","modified_gmt":"2024-04-29T12:13:23","slug":"dmae-dimethylaminoethanol","status":"publish","type":"product","link":"https:\/\/naturalpoland.com\/cs\/produkty\/produkty-pro-kosmeticky-prumysl\/kosmeticke-suroviny\/dmae-dimethylaminoethanol\/","title":{"rendered":"DMAE (dimethylaminoethanol)"},"content":{"rendered":"<p>Vlastnosti DMAE zlep\u0161uj\u00ed vzhled poko\u017eky, dod\u00e1vaj\u00ed j\u00ed pevnost a pru\u017enost. Mechanismus \u00fa\u010dinku DMAE spo\u010d\u00edv\u00e1 ve stimulaci produkce acetylcholinu, neurotransmiteru zodpov\u011bdn\u00e9ho za svalov\u00fd tonus, co\u017e p\u0159isp\u00edv\u00e1 ke sn\u00ed\u017een\u00ed v\u00fdskytu vr\u00e1sek a zlep\u0161en\u00ed kontur obli\u010deje. D\u00edky t\u00e9to slo\u017ece je ple\u0165 vypnut\u011bj\u0161\u00ed, hlad\u0161\u00ed a viditeln\u011b omlazen\u00e1.<\/p>\n<p>DMAE m\u00e1 tak\u00e9 antioxida\u010dn\u00ed vlastnosti, tak\u017ee \u00fa\u010dinn\u011b chr\u00e1n\u00ed poko\u017eku p\u0159ed \u0161kodliv\u00fdmi \u00fa\u010dinky voln\u00fdch radik\u00e1l\u016f a vn\u011bj\u0161\u00edch faktor\u016f, kter\u00e9 urychluj\u00ed proces st\u00e1rnut\u00ed. Pravideln\u00e9 pou\u017e\u00edv\u00e1n\u00ed p\u0159\u00edpravk\u016f obsahuj\u00edc\u00edch DMAE m\u016f\u017ee v\u00fdrazn\u011b zlep\u0161it stav poko\u017eky, zv\u00fd\u0161it jej\u00ed odolnost v\u016f\u010di negativn\u00edm vliv\u016fm prost\u0159ed\u00ed a zabr\u00e1nit p\u0159ed\u010dasn\u00e9mu st\u00e1rnut\u00ed.<\/p>\n<p>Jednou z kl\u00ed\u010dov\u00fdch v\u00fdhod DMAE je jeho <strong>schopnost rychle a \u00fa\u010dinn\u011b p\u016fsobit<\/strong>. \u00da\u010dinky produkt\u016f s touto slo\u017ekou jsou obvykle viditeln\u00e9 ji\u017e po prvn\u00edch aplikac\u00edch, co\u017e z n\u00ed \u010din\u00ed velmi atraktivn\u00ed \u0159e\u0161en\u00ed pro ty, kte\u0159\u00ed hledaj\u00ed rychl\u00e9 a viditeln\u00e9 v\u00fdsledky p\u0159i zlep\u0161ov\u00e1n\u00ed vzhledu sv\u00e9 pleti.<\/p>\n","protected":false},"excerpt":{"rendered":"<p>DMAE, zn\u00e1m\u00fd tak\u00e9 jako dimethylaminoethanol, je inovativn\u00ed kosmetick\u00e1 slo\u017eka s prok\u00e1zan\u00fdmi \u00fa\u010dinky proti st\u00e1rnut\u00ed, o kterou je v kosmetick\u00e9m pr\u016fmyslu st\u00e1le v\u011bt\u0161\u00ed z\u00e1jem. Pou\u017e\u00edv\u00e1 se zejm\u00e9na v liftingov\u00fdch, zpev\u0148uj\u00edc\u00edch a protivr\u00e1skov\u00fdch p\u0159\u00edpravc\u00edch.<\/p>\n","protected":false},"featured_media":30685,"template":"","meta":{"_acf_changed":false},"product_brand":[],"product_cat":[638],"product_tag":[],"class_list":{"0":"post-30700","1":"product","2":"type-product","3":"status-publish","4":"has-post-thumbnail","6":"product_cat-kosmeticke-suroviny","8":"first","9":"instock","10":"shipping-taxable","11":"product-type-simple"},"acf":[],"yoast_head":"<!-- This site is optimized with the Yoast SEO plugin v27.4 - https:\/\/yoast.com\/product\/yoast-seo-wordpress\/ -->\n<title>DMAE (dimethylaminoethanol) - Velkoobchodn\u00ed distributor<\/title>\n<meta name=\"description\" content=\"DMAE je nejmodern\u011bj\u0161\u00ed slo\u017eka, kter\u00e1 poskytuje pleti viditeln\u00e9 liftingov\u00e9, zpev\u0148uj\u00edc\u00ed a omlazuj\u00edc\u00ed \u00fa\u010dinky. Umo\u017e\u0148uje pleti zachovat si mladistv\u00fd vzhled.\" \/>\n<meta name=\"robots\" content=\"index, follow, max-snippet:-1, max-image-preview:large, max-video-preview:-1\" \/>\n<link rel=\"canonical\" href=\"https:\/\/naturalpoland.com\/cs\/produkty\/produkty-pro-kosmeticky-prumysl\/kosmeticke-suroviny\/dmae-dimethylaminoethanol\/\" \/>\n<meta property=\"og:locale\" content=\"cs_CZ\" \/>\n<meta property=\"og:type\" content=\"article\" \/>\n<meta property=\"og:title\" content=\"DMAE (dimethylaminoethanol) - Velkoobchodn\u00ed distributor\" \/>\n<meta property=\"og:description\" content=\"DMAE je nejmodern\u011bj\u0161\u00ed slo\u017eka, kter\u00e1 poskytuje pleti viditeln\u00e9 liftingov\u00e9, zpev\u0148uj\u00edc\u00ed a omlazuj\u00edc\u00ed \u00fa\u010dinky. Umo\u017e\u0148uje pleti zachovat si mladistv\u00fd vzhled.\" \/>\n<meta property=\"og:url\" content=\"https:\/\/naturalpoland.com\/cs\/produkty\/produkty-pro-kosmeticky-prumysl\/kosmeticke-suroviny\/dmae-dimethylaminoethanol\/\" \/>\n<meta property=\"og:site_name\" content=\"NATURAL POLAND - Velkoobchodn\u00ed distributor surovin\" \/>\n<meta property=\"article:publisher\" content=\"https:\/\/www.facebook.com\/naturalpoland.b2b\" \/>\n<meta property=\"article:modified_time\" content=\"2024-04-29T12:13:23+00:00\" \/>\n<meta property=\"og:image\" content=\"https:\/\/naturalpoland.com\/wp-content\/uploads\/dimethylaminoethanol.webp\" \/>\n\t<meta property=\"og:image:width\" content=\"609\" \/>\n\t<meta property=\"og:image:height\" content=\"609\" \/>\n\t<meta property=\"og:image:type\" content=\"image\/webp\" \/>\n<script type=\"application\/ld+json\" class=\"yoast-schema-graph\">{\"@context\":\"https:\\\/\\\/schema.org\",\"@graph\":[{\"@type\":\"WebPage\",\"@id\":\"https:\\\/\\\/naturalpoland.com\\\/cs\\\/produkty\\\/produkty-pro-kosmeticky-prumysl\\\/kosmeticke-suroviny\\\/dmae-dimethylaminoethanol\\\/\",\"url\":\"https:\\\/\\\/naturalpoland.com\\\/cs\\\/produkty\\\/produkty-pro-kosmeticky-prumysl\\\/kosmeticke-suroviny\\\/dmae-dimethylaminoethanol\\\/\",\"name\":\"DMAE (dimethylaminoethanol) - Velkoobchodn\u00ed distributor\",\"isPartOf\":{\"@id\":\"https:\\\/\\\/naturalpoland.com\\\/cs\\\/#website\"},\"primaryImageOfPage\":{\"@id\":\"https:\\\/\\\/naturalpoland.com\\\/cs\\\/produkty\\\/produkty-pro-kosmeticky-prumysl\\\/kosmeticke-suroviny\\\/dmae-dimethylaminoethanol\\\/#primaryimage\"},\"image\":{\"@id\":\"https:\\\/\\\/naturalpoland.com\\\/cs\\\/produkty\\\/produkty-pro-kosmeticky-prumysl\\\/kosmeticke-suroviny\\\/dmae-dimethylaminoethanol\\\/#primaryimage\"},\"thumbnailUrl\":\"https:\\\/\\\/naturalpoland.com\\\/wp-content\\\/uploads\\\/dimethylaminoethanol.webp\",\"datePublished\":\"2024-03-25T15:03:09+00:00\",\"dateModified\":\"2024-04-29T12:13:23+00:00\",\"description\":\"DMAE je nejmodern\u011bj\u0161\u00ed slo\u017eka, kter\u00e1 poskytuje pleti viditeln\u00e9 liftingov\u00e9, zpev\u0148uj\u00edc\u00ed a omlazuj\u00edc\u00ed \u00fa\u010dinky. Umo\u017e\u0148uje pleti zachovat si mladistv\u00fd vzhled.\",\"breadcrumb\":{\"@id\":\"https:\\\/\\\/naturalpoland.com\\\/cs\\\/produkty\\\/produkty-pro-kosmeticky-prumysl\\\/kosmeticke-suroviny\\\/dmae-dimethylaminoethanol\\\/#breadcrumb\"},\"inLanguage\":\"cs\",\"potentialAction\":[{\"@type\":\"ReadAction\",\"target\":[\"https:\\\/\\\/naturalpoland.com\\\/cs\\\/produkty\\\/produkty-pro-kosmeticky-prumysl\\\/kosmeticke-suroviny\\\/dmae-dimethylaminoethanol\\\/\"]}]},{\"@type\":\"ImageObject\",\"inLanguage\":\"cs\",\"@id\":\"https:\\\/\\\/naturalpoland.com\\\/cs\\\/produkty\\\/produkty-pro-kosmeticky-prumysl\\\/kosmeticke-suroviny\\\/dmae-dimethylaminoethanol\\\/#primaryimage\",\"url\":\"https:\\\/\\\/naturalpoland.com\\\/wp-content\\\/uploads\\\/dimethylaminoethanol.webp\",\"contentUrl\":\"https:\\\/\\\/naturalpoland.com\\\/wp-content\\\/uploads\\\/dimethylaminoethanol.webp\",\"width\":609,\"height\":609,\"caption\":\"DMAE\"},{\"@type\":\"BreadcrumbList\",\"@id\":\"https:\\\/\\\/naturalpoland.com\\\/cs\\\/produkty\\\/produkty-pro-kosmeticky-prumysl\\\/kosmeticke-suroviny\\\/dmae-dimethylaminoethanol\\\/#breadcrumb\",\"itemListElement\":[{\"@type\":\"ListItem\",\"position\":1,\"name\":\"Dom\u016f\",\"item\":\"https:\\\/\\\/naturalpoland.com\\\/cs\\\/\"},{\"@type\":\"ListItem\",\"position\":2,\"name\":\"Produkty\",\"item\":\"https:\\\/\\\/naturalpoland.com\\\/cs\\\/produkty\\\/\"},{\"@type\":\"ListItem\",\"position\":3,\"name\":\"DMAE (dimethylaminoethanol)\"}]},{\"@type\":\"WebSite\",\"@id\":\"https:\\\/\\\/naturalpoland.com\\\/cs\\\/#website\",\"url\":\"https:\\\/\\\/naturalpoland.com\\\/cs\\\/\",\"name\":\"NATURAL POLAND - Velkoobchodn\u00ed distributor surovin\",\"description\":\"Surowce dla przemys\u0142u spo\u017cywczego, kosmetycznego i farmaceutycznego\",\"publisher\":{\"@id\":\"https:\\\/\\\/naturalpoland.com\\\/cs\\\/#organization\"},\"potentialAction\":[{\"@type\":\"SearchAction\",\"target\":{\"@type\":\"EntryPoint\",\"urlTemplate\":\"https:\\\/\\\/naturalpoland.com\\\/cs\\\/?s={search_term_string}\"},\"query-input\":{\"@type\":\"PropertyValueSpecification\",\"valueRequired\":true,\"valueName\":\"search_term_string\"}}],\"inLanguage\":\"cs\"},{\"@type\":\"Organization\",\"@id\":\"https:\\\/\\\/naturalpoland.com\\\/cs\\\/#organization\",\"name\":\"Natural Poland\",\"url\":\"https:\\\/\\\/naturalpoland.com\\\/cs\\\/\",\"logo\":{\"@type\":\"ImageObject\",\"inLanguage\":\"cs\",\"@id\":\"https:\\\/\\\/naturalpoland.com\\\/cs\\\/#\\\/schema\\\/logo\\\/image\\\/\",\"url\":\"https:\\\/\\\/naturalpoland.com\\\/wp-content\\\/uploads\\\/2021\\\/05\\\/natural-poland-icon.png\",\"contentUrl\":\"https:\\\/\\\/naturalpoland.com\\\/wp-content\\\/uploads\\\/2021\\\/05\\\/natural-poland-icon.png\",\"width\":512,\"height\":512,\"caption\":\"Natural Poland\"},\"image\":{\"@id\":\"https:\\\/\\\/naturalpoland.com\\\/cs\\\/#\\\/schema\\\/logo\\\/image\\\/\"},\"sameAs\":[\"https:\\\/\\\/www.facebook.com\\\/naturalpoland.b2b\",\"https:\\\/\\\/pl.linkedin.com\\\/company\\\/natural-poland\",\"https:\\\/\\\/www.youtube.com\\\/channel\\\/UCgeGGkvOMahZo-xu_MSEWxg\"]}]}<\/script>\n<!-- \/ Yoast SEO plugin. -->","yoast_head_json":{"title":"DMAE (dimethylaminoethanol) - Velkoobchodn\u00ed distributor","description":"DMAE je nejmodern\u011bj\u0161\u00ed slo\u017eka, kter\u00e1 poskytuje pleti viditeln\u00e9 liftingov\u00e9, zpev\u0148uj\u00edc\u00ed a omlazuj\u00edc\u00ed \u00fa\u010dinky. Umo\u017e\u0148uje pleti zachovat si mladistv\u00fd vzhled.","robots":{"index":"index","follow":"follow","max-snippet":"max-snippet:-1","max-image-preview":"max-image-preview:large","max-video-preview":"max-video-preview:-1"},"canonical":"https:\/\/naturalpoland.com\/cs\/produkty\/produkty-pro-kosmeticky-prumysl\/kosmeticke-suroviny\/dmae-dimethylaminoethanol\/","og_locale":"cs_CZ","og_type":"article","og_title":"DMAE (dimethylaminoethanol) - Velkoobchodn\u00ed distributor","og_description":"DMAE je nejmodern\u011bj\u0161\u00ed slo\u017eka, kter\u00e1 poskytuje pleti viditeln\u00e9 liftingov\u00e9, zpev\u0148uj\u00edc\u00ed a omlazuj\u00edc\u00ed \u00fa\u010dinky. Umo\u017e\u0148uje pleti zachovat si mladistv\u00fd vzhled.","og_url":"https:\/\/naturalpoland.com\/cs\/produkty\/produkty-pro-kosmeticky-prumysl\/kosmeticke-suroviny\/dmae-dimethylaminoethanol\/","og_site_name":"NATURAL POLAND - Velkoobchodn\u00ed distributor surovin","article_publisher":"https:\/\/www.facebook.com\/naturalpoland.b2b","article_modified_time":"2024-04-29T12:13:23+00:00","og_image":[{"width":609,"height":609,"url":"https:\/\/naturalpoland.com\/wp-content\/uploads\/dimethylaminoethanol.webp","type":"image\/webp"}],"schema":{"@context":"https:\/\/schema.org","@graph":[{"@type":"WebPage","@id":"https:\/\/naturalpoland.com\/cs\/produkty\/produkty-pro-kosmeticky-prumysl\/kosmeticke-suroviny\/dmae-dimethylaminoethanol\/","url":"https:\/\/naturalpoland.com\/cs\/produkty\/produkty-pro-kosmeticky-prumysl\/kosmeticke-suroviny\/dmae-dimethylaminoethanol\/","name":"DMAE (dimethylaminoethanol) - Velkoobchodn\u00ed distributor","isPartOf":{"@id":"https:\/\/naturalpoland.com\/cs\/#website"},"primaryImageOfPage":{"@id":"https:\/\/naturalpoland.com\/cs\/produkty\/produkty-pro-kosmeticky-prumysl\/kosmeticke-suroviny\/dmae-dimethylaminoethanol\/#primaryimage"},"image":{"@id":"https:\/\/naturalpoland.com\/cs\/produkty\/produkty-pro-kosmeticky-prumysl\/kosmeticke-suroviny\/dmae-dimethylaminoethanol\/#primaryimage"},"thumbnailUrl":"https:\/\/naturalpoland.com\/wp-content\/uploads\/dimethylaminoethanol.webp","datePublished":"2024-03-25T15:03:09+00:00","dateModified":"2024-04-29T12:13:23+00:00","description":"DMAE je nejmodern\u011bj\u0161\u00ed slo\u017eka, kter\u00e1 poskytuje pleti viditeln\u00e9 liftingov\u00e9, zpev\u0148uj\u00edc\u00ed a omlazuj\u00edc\u00ed \u00fa\u010dinky. Umo\u017e\u0148uje pleti zachovat si mladistv\u00fd vzhled.","breadcrumb":{"@id":"https:\/\/naturalpoland.com\/cs\/produkty\/produkty-pro-kosmeticky-prumysl\/kosmeticke-suroviny\/dmae-dimethylaminoethanol\/#breadcrumb"},"inLanguage":"cs","potentialAction":[{"@type":"ReadAction","target":["https:\/\/naturalpoland.com\/cs\/produkty\/produkty-pro-kosmeticky-prumysl\/kosmeticke-suroviny\/dmae-dimethylaminoethanol\/"]}]},{"@type":"ImageObject","inLanguage":"cs","@id":"https:\/\/naturalpoland.com\/cs\/produkty\/produkty-pro-kosmeticky-prumysl\/kosmeticke-suroviny\/dmae-dimethylaminoethanol\/#primaryimage","url":"https:\/\/naturalpoland.com\/wp-content\/uploads\/dimethylaminoethanol.webp","contentUrl":"https:\/\/naturalpoland.com\/wp-content\/uploads\/dimethylaminoethanol.webp","width":609,"height":609,"caption":"DMAE"},{"@type":"BreadcrumbList","@id":"https:\/\/naturalpoland.com\/cs\/produkty\/produkty-pro-kosmeticky-prumysl\/kosmeticke-suroviny\/dmae-dimethylaminoethanol\/#breadcrumb","itemListElement":[{"@type":"ListItem","position":1,"name":"Dom\u016f","item":"https:\/\/naturalpoland.com\/cs\/"},{"@type":"ListItem","position":2,"name":"Produkty","item":"https:\/\/naturalpoland.com\/cs\/produkty\/"},{"@type":"ListItem","position":3,"name":"DMAE (dimethylaminoethanol)"}]},{"@type":"WebSite","@id":"https:\/\/naturalpoland.com\/cs\/#website","url":"https:\/\/naturalpoland.com\/cs\/","name":"NATURAL POLAND - Velkoobchodn\u00ed distributor surovin","description":"Surowce dla przemys\u0142u spo\u017cywczego, kosmetycznego i farmaceutycznego","publisher":{"@id":"https:\/\/naturalpoland.com\/cs\/#organization"},"potentialAction":[{"@type":"SearchAction","target":{"@type":"EntryPoint","urlTemplate":"https:\/\/naturalpoland.com\/cs\/?s={search_term_string}"},"query-input":{"@type":"PropertyValueSpecification","valueRequired":true,"valueName":"search_term_string"}}],"inLanguage":"cs"},{"@type":"Organization","@id":"https:\/\/naturalpoland.com\/cs\/#organization","name":"Natural Poland","url":"https:\/\/naturalpoland.com\/cs\/","logo":{"@type":"ImageObject","inLanguage":"cs","@id":"https:\/\/naturalpoland.com\/cs\/#\/schema\/logo\/image\/","url":"https:\/\/naturalpoland.com\/wp-content\/uploads\/2021\/05\/natural-poland-icon.png","contentUrl":"https:\/\/naturalpoland.com\/wp-content\/uploads\/2021\/05\/natural-poland-icon.png","width":512,"height":512,"caption":"Natural Poland"},"image":{"@id":"https:\/\/naturalpoland.com\/cs\/#\/schema\/logo\/image\/"},"sameAs":["https:\/\/www.facebook.com\/naturalpoland.b2b","https:\/\/pl.linkedin.com\/company\/natural-poland","https:\/\/www.youtube.com\/channel\/UCgeGGkvOMahZo-xu_MSEWxg"]}]}},"_links":{"self":[{"href":"https:\/\/naturalpoland.com\/cs\/wp-json\/wp\/v2\/product\/30700","targetHints":{"allow":["GET"]}}],"collection":[{"href":"https:\/\/naturalpoland.com\/cs\/wp-json\/wp\/v2\/product"}],"about":[{"href":"https:\/\/naturalpoland.com\/cs\/wp-json\/wp\/v2\/types\/product"}],"wp:featuredmedia":[{"embeddable":true,"href":"https:\/\/naturalpoland.com\/cs\/wp-json\/wp\/v2\/media\/30685"}],"wp:attachment":[{"href":"https:\/\/naturalpoland.com\/cs\/wp-json\/wp\/v2\/media?parent=30700"}],"wp:term":[{"taxonomy":"product_brand","embeddable":true,"href":"https:\/\/naturalpoland.com\/cs\/wp-json\/wp\/v2\/product_brand?post=30700"},{"taxonomy":"product_cat","embeddable":true,"href":"https:\/\/naturalpoland.com\/cs\/wp-json\/wp\/v2\/product_cat?post=30700"},{"taxonomy":"product_tag","embeddable":true,"href":"https:\/\/naturalpoland.com\/cs\/wp-json\/wp\/v2\/product_tag?post=30700"}],"curies":[{"name":"wp","href":"https:\/\/api.w.org\/{rel}","templated":true}]}}