{"id":30723,"date":"2024-03-26T08:23:36","date_gmt":"2024-03-26T07:23:36","guid":{"rendered":"https:\/\/naturalpoland.com\/produkty\/neza\u0159azen\u00e9\/akkermansia-muciniphila-akk11\/"},"modified":"2026-01-15T12:28:06","modified_gmt":"2026-01-15T11:28:06","slug":"akkermansia-muciniphila-akk11","status":"publish","type":"product","link":"https:\/\/naturalpoland.com\/cs\/produkty\/produkty-pro-kosmeticky-prumysl\/probiotika\/akkermansia-muciniphila-akk11\/","title":{"rendered":"Akkermansia Muciniphila Akk11"},"content":{"rendered":"<p>Bakteri\u00e1ln\u00ed kmen <strong>Akkermansia Muciniphila Akk11<\/strong> pat\u0159\u00ed do skupiny bakteri\u00ed, kter\u00e9 jsou p\u0159edm\u011btem intenzivn\u00edho v\u011bdeck\u00e9ho v\u00fdzkumu v souvislosti s jejich interakc\u00ed s biologick\u00fdmi bari\u00e9rami organismu a mikrobiomem.<\/p>\n<p>Produkt je nab\u00edzen ve form\u011b stabiln\u00ed, such\u00e9 bakteri\u00e1ln\u00ed biomasy ur\u010den\u00e9 pro dal\u0161\u00ed v\u00fdzkum a v\u00fdvoj, aplika\u010dn\u00ed a formula\u010dn\u00ed pr\u00e1ce, v z\u00e1vislosti na profilu \u010dinnosti odb\u011bratele.<\/p>\n<h2>Vlastnosti a p\u016fsoben\u00ed v kosmetice<\/h2>\n<p>Akkermansia muciniphila je \u0161iroce popisov\u00e1na ve v\u011bdeck\u00e9 literatu\u0159e, p\u0159edev\u0161\u00edm ve vztahu k jej\u00ed roli p\u0159i <strong>udr\u017eov\u00e1n\u00ed mikrobiologick\u00e9 rovnov\u00e1hy<\/strong> a <strong>integrity biologick\u00fdch bari\u00e9r<\/strong>. Proto tento kmen vzbuzuje z\u00e1jem nejen v potravin\u00e1\u0159sk\u00e9m sektoru, ale i v dal\u0161\u00edch oblastech v\u00fdzkumu mikrobiomu a jeho deriv\u00e1t\u016f. <\/p>\n<p>V posledn\u00edch letech roste z\u00e1jem o mikrobiologick\u00e9 slo\u017eky a jejich deriv\u00e1ty i v odv\u011btv\u00edch p\u0159\u00edmo nesouvisej\u00edc\u00edch se suplementac\u00ed, v\u010detn\u011b koncep\u010dn\u00edch projekt\u016f a v\u00fdzkumu nov\u00fdch generac\u00ed surovin inspirovan\u00fdch mikrobiomem.<\/p>\n<p>V z\u00e1vislosti na zvolen\u00e9 strategii a regula\u010dn\u00edm r\u00e1mci m\u016f\u017ee Akkermansia muciniphila Akk11 slou\u017eit jako v\u00fdchoz\u00ed bod pro dal\u0161\u00ed pr\u00e1ci na:<\/p>\n<ul>\n<li>surovin\u00e1ch inspirovan\u00fdch mikrobiomem,<\/li>\n<li>biotechnologick\u00fdch komponentech,<\/li>\n<li>frakc\u00edch, metabolitech nebo deriv\u00e1tech mikroorganism\u016f,<\/li>\n<li>formula\u010dn\u00edch konceptech zalo\u017een\u00fdch na synergii mikrobiologie a v\u011bdy o biologick\u00fdch bari\u00e9r\u00e1ch.<\/li>\n<\/ul>\n<p>Rozsah a zp\u016fsob vyu\u017eit\u00ed suroviny z\u00e1vis\u00ed na obchodn\u00edm modelu a c\u00edlov\u00e9m trhu odb\u011bratele.<\/p>\n","protected":false},"excerpt":{"rendered":"<p><strong>Akkermansia muciniphila Akk11<\/strong> je modern\u00ed mikrobiologick\u00e1 surovina z\u00edsk\u00e1van\u00e1 pomoc\u00ed kontrolovan\u00fdch fermenta\u010dn\u00edch a lyofiliza\u010dn\u00edch proces\u016f.<\/p>\n","protected":false},"featured_media":30709,"template":"","meta":{"_acf_changed":false},"product_brand":[],"product_cat":[2088],"product_tag":[],"class_list":{"0":"post-30723","1":"product","2":"type-product","3":"status-publish","4":"has-post-thumbnail","6":"product_cat-probiotika","7":"pa_grupa-substancji-probioticke-bakterie","9":"first","10":"instock","11":"shipping-taxable","12":"product-type-simple"},"acf":[],"yoast_head":"<!-- This site is optimized with the Yoast SEO plugin v27.5 - https:\/\/yoast.com\/product\/yoast-seo-wordpress\/ -->\n<title>Akkermansia Muciniphila Akk11 - NATURAL POLAND - Velkoobchodn\u00ed distributor surovin<\/title>\n<meta name=\"description\" content=\"Akkermansia muciniphila Akk11 je modern\u00ed mikrobiologick\u00e1 surovina z\u00edsk\u00e1van\u00e1 pomoc\u00ed kontrolovan\u00fdch fermenta\u010dn\u00edch a lyofiliza\u010dn\u00edch proces\u016f.\" \/>\n<meta name=\"robots\" content=\"index, follow, max-snippet:-1, max-image-preview:large, max-video-preview:-1\" \/>\n<link rel=\"canonical\" href=\"https:\/\/naturalpoland.com\/cs\/produkty\/produkty-pro-kosmeticky-prumysl\/probiotika\/akkermansia-muciniphila-akk11\/\" \/>\n<meta property=\"og:locale\" content=\"cs_CZ\" \/>\n<meta property=\"og:type\" content=\"article\" \/>\n<meta property=\"og:title\" content=\"Akkermansia Muciniphila Akk11 - NATURAL POLAND - Velkoobchodn\u00ed distributor surovin\" \/>\n<meta property=\"og:description\" content=\"Akkermansia muciniphila Akk11 je modern\u00ed mikrobiologick\u00e1 surovina z\u00edsk\u00e1van\u00e1 pomoc\u00ed kontrolovan\u00fdch fermenta\u010dn\u00edch a lyofiliza\u010dn\u00edch proces\u016f.\" \/>\n<meta property=\"og:url\" content=\"https:\/\/naturalpoland.com\/cs\/produkty\/produkty-pro-kosmeticky-prumysl\/probiotika\/akkermansia-muciniphila-akk11\/\" \/>\n<meta property=\"og:site_name\" content=\"NATURAL POLAND - Velkoobchodn\u00ed distributor surovin\" \/>\n<meta property=\"article:publisher\" content=\"https:\/\/www.facebook.com\/naturalpoland.b2b\" \/>\n<meta property=\"article:modified_time\" content=\"2026-01-15T11:28:06+00:00\" \/>\n<meta property=\"og:image\" content=\"https:\/\/naturalpoland.com\/wp-content\/uploads\/akkermansia-muciniphila.webp\" \/>\n\t<meta property=\"og:image:width\" content=\"1024\" \/>\n\t<meta property=\"og:image:height\" content=\"1024\" \/>\n\t<meta property=\"og:image:type\" content=\"image\/webp\" \/>\n<script type=\"application\/ld+json\" class=\"yoast-schema-graph\">{\"@context\":\"https:\\\/\\\/schema.org\",\"@graph\":[{\"@type\":\"WebPage\",\"@id\":\"https:\\\/\\\/naturalpoland.com\\\/cs\\\/produkty\\\/produkty-pro-kosmeticky-prumysl\\\/probiotika\\\/akkermansia-muciniphila-akk11\\\/\",\"url\":\"https:\\\/\\\/naturalpoland.com\\\/cs\\\/produkty\\\/produkty-pro-kosmeticky-prumysl\\\/probiotika\\\/akkermansia-muciniphila-akk11\\\/\",\"name\":\"Akkermansia Muciniphila Akk11 - NATURAL POLAND - Velkoobchodn\u00ed distributor surovin\",\"isPartOf\":{\"@id\":\"https:\\\/\\\/naturalpoland.com\\\/cs\\\/#website\"},\"primaryImageOfPage\":{\"@id\":\"https:\\\/\\\/naturalpoland.com\\\/cs\\\/produkty\\\/produkty-pro-kosmeticky-prumysl\\\/probiotika\\\/akkermansia-muciniphila-akk11\\\/#primaryimage\"},\"image\":{\"@id\":\"https:\\\/\\\/naturalpoland.com\\\/cs\\\/produkty\\\/produkty-pro-kosmeticky-prumysl\\\/probiotika\\\/akkermansia-muciniphila-akk11\\\/#primaryimage\"},\"thumbnailUrl\":\"https:\\\/\\\/naturalpoland.com\\\/wp-content\\\/uploads\\\/akkermansia-muciniphila.webp\",\"datePublished\":\"2024-03-26T07:23:36+00:00\",\"dateModified\":\"2026-01-15T11:28:06+00:00\",\"description\":\"Akkermansia muciniphila Akk11 je modern\u00ed mikrobiologick\u00e1 surovina z\u00edsk\u00e1van\u00e1 pomoc\u00ed kontrolovan\u00fdch fermenta\u010dn\u00edch a lyofiliza\u010dn\u00edch proces\u016f.\",\"breadcrumb\":{\"@id\":\"https:\\\/\\\/naturalpoland.com\\\/cs\\\/produkty\\\/produkty-pro-kosmeticky-prumysl\\\/probiotika\\\/akkermansia-muciniphila-akk11\\\/#breadcrumb\"},\"inLanguage\":\"cs\",\"potentialAction\":[{\"@type\":\"ReadAction\",\"target\":[\"https:\\\/\\\/naturalpoland.com\\\/cs\\\/produkty\\\/produkty-pro-kosmeticky-prumysl\\\/probiotika\\\/akkermansia-muciniphila-akk11\\\/\"]}]},{\"@type\":\"ImageObject\",\"inLanguage\":\"cs\",\"@id\":\"https:\\\/\\\/naturalpoland.com\\\/cs\\\/produkty\\\/produkty-pro-kosmeticky-prumysl\\\/probiotika\\\/akkermansia-muciniphila-akk11\\\/#primaryimage\",\"url\":\"https:\\\/\\\/naturalpoland.com\\\/wp-content\\\/uploads\\\/akkermansia-muciniphila.webp\",\"contentUrl\":\"https:\\\/\\\/naturalpoland.com\\\/wp-content\\\/uploads\\\/akkermansia-muciniphila.webp\",\"width\":1024,\"height\":1024,\"caption\":\"Akkermansia muciniphila\"},{\"@type\":\"BreadcrumbList\",\"@id\":\"https:\\\/\\\/naturalpoland.com\\\/cs\\\/produkty\\\/produkty-pro-kosmeticky-prumysl\\\/probiotika\\\/akkermansia-muciniphila-akk11\\\/#breadcrumb\",\"itemListElement\":[{\"@type\":\"ListItem\",\"position\":1,\"name\":\"Dom\u016f\",\"item\":\"https:\\\/\\\/naturalpoland.com\\\/cs\\\/\"},{\"@type\":\"ListItem\",\"position\":2,\"name\":\"Produkty\",\"item\":\"https:\\\/\\\/naturalpoland.com\\\/cs\\\/produkty\\\/\"},{\"@type\":\"ListItem\",\"position\":3,\"name\":\"Akkermansia Muciniphila Akk11\"}]},{\"@type\":\"WebSite\",\"@id\":\"https:\\\/\\\/naturalpoland.com\\\/cs\\\/#website\",\"url\":\"https:\\\/\\\/naturalpoland.com\\\/cs\\\/\",\"name\":\"NATURAL POLAND - Velkoobchodn\u00ed distributor surovin\",\"description\":\"Surowce dla przemys\u0142u spo\u017cywczego, kosmetycznego i farmaceutycznego\",\"publisher\":{\"@id\":\"https:\\\/\\\/naturalpoland.com\\\/cs\\\/#organization\"},\"potentialAction\":[{\"@type\":\"SearchAction\",\"target\":{\"@type\":\"EntryPoint\",\"urlTemplate\":\"https:\\\/\\\/naturalpoland.com\\\/cs\\\/?s={search_term_string}\"},\"query-input\":{\"@type\":\"PropertyValueSpecification\",\"valueRequired\":true,\"valueName\":\"search_term_string\"}}],\"inLanguage\":\"cs\"},{\"@type\":\"Organization\",\"@id\":\"https:\\\/\\\/naturalpoland.com\\\/cs\\\/#organization\",\"name\":\"Natural Poland\",\"url\":\"https:\\\/\\\/naturalpoland.com\\\/cs\\\/\",\"logo\":{\"@type\":\"ImageObject\",\"inLanguage\":\"cs\",\"@id\":\"https:\\\/\\\/naturalpoland.com\\\/cs\\\/#\\\/schema\\\/logo\\\/image\\\/\",\"url\":\"https:\\\/\\\/naturalpoland.com\\\/wp-content\\\/uploads\\\/2021\\\/05\\\/natural-poland-icon.png\",\"contentUrl\":\"https:\\\/\\\/naturalpoland.com\\\/wp-content\\\/uploads\\\/2021\\\/05\\\/natural-poland-icon.png\",\"width\":512,\"height\":512,\"caption\":\"Natural Poland\"},\"image\":{\"@id\":\"https:\\\/\\\/naturalpoland.com\\\/cs\\\/#\\\/schema\\\/logo\\\/image\\\/\"},\"sameAs\":[\"https:\\\/\\\/www.facebook.com\\\/naturalpoland.b2b\",\"https:\\\/\\\/pl.linkedin.com\\\/company\\\/natural-poland\",\"https:\\\/\\\/www.youtube.com\\\/channel\\\/UCgeGGkvOMahZo-xu_MSEWxg\"]}]}<\/script>\n<!-- \/ Yoast SEO plugin. -->","yoast_head_json":{"title":"Akkermansia Muciniphila Akk11 - NATURAL POLAND - Velkoobchodn\u00ed distributor surovin","description":"Akkermansia muciniphila Akk11 je modern\u00ed mikrobiologick\u00e1 surovina z\u00edsk\u00e1van\u00e1 pomoc\u00ed kontrolovan\u00fdch fermenta\u010dn\u00edch a lyofiliza\u010dn\u00edch proces\u016f.","robots":{"index":"index","follow":"follow","max-snippet":"max-snippet:-1","max-image-preview":"max-image-preview:large","max-video-preview":"max-video-preview:-1"},"canonical":"https:\/\/naturalpoland.com\/cs\/produkty\/produkty-pro-kosmeticky-prumysl\/probiotika\/akkermansia-muciniphila-akk11\/","og_locale":"cs_CZ","og_type":"article","og_title":"Akkermansia Muciniphila Akk11 - NATURAL POLAND - Velkoobchodn\u00ed distributor surovin","og_description":"Akkermansia muciniphila Akk11 je modern\u00ed mikrobiologick\u00e1 surovina z\u00edsk\u00e1van\u00e1 pomoc\u00ed kontrolovan\u00fdch fermenta\u010dn\u00edch a lyofiliza\u010dn\u00edch proces\u016f.","og_url":"https:\/\/naturalpoland.com\/cs\/produkty\/produkty-pro-kosmeticky-prumysl\/probiotika\/akkermansia-muciniphila-akk11\/","og_site_name":"NATURAL POLAND - Velkoobchodn\u00ed distributor surovin","article_publisher":"https:\/\/www.facebook.com\/naturalpoland.b2b","article_modified_time":"2026-01-15T11:28:06+00:00","og_image":[{"width":1024,"height":1024,"url":"https:\/\/naturalpoland.com\/wp-content\/uploads\/akkermansia-muciniphila.webp","type":"image\/webp"}],"schema":{"@context":"https:\/\/schema.org","@graph":[{"@type":"WebPage","@id":"https:\/\/naturalpoland.com\/cs\/produkty\/produkty-pro-kosmeticky-prumysl\/probiotika\/akkermansia-muciniphila-akk11\/","url":"https:\/\/naturalpoland.com\/cs\/produkty\/produkty-pro-kosmeticky-prumysl\/probiotika\/akkermansia-muciniphila-akk11\/","name":"Akkermansia Muciniphila Akk11 - NATURAL POLAND - Velkoobchodn\u00ed distributor surovin","isPartOf":{"@id":"https:\/\/naturalpoland.com\/cs\/#website"},"primaryImageOfPage":{"@id":"https:\/\/naturalpoland.com\/cs\/produkty\/produkty-pro-kosmeticky-prumysl\/probiotika\/akkermansia-muciniphila-akk11\/#primaryimage"},"image":{"@id":"https:\/\/naturalpoland.com\/cs\/produkty\/produkty-pro-kosmeticky-prumysl\/probiotika\/akkermansia-muciniphila-akk11\/#primaryimage"},"thumbnailUrl":"https:\/\/naturalpoland.com\/wp-content\/uploads\/akkermansia-muciniphila.webp","datePublished":"2024-03-26T07:23:36+00:00","dateModified":"2026-01-15T11:28:06+00:00","description":"Akkermansia muciniphila Akk11 je modern\u00ed mikrobiologick\u00e1 surovina z\u00edsk\u00e1van\u00e1 pomoc\u00ed kontrolovan\u00fdch fermenta\u010dn\u00edch a lyofiliza\u010dn\u00edch proces\u016f.","breadcrumb":{"@id":"https:\/\/naturalpoland.com\/cs\/produkty\/produkty-pro-kosmeticky-prumysl\/probiotika\/akkermansia-muciniphila-akk11\/#breadcrumb"},"inLanguage":"cs","potentialAction":[{"@type":"ReadAction","target":["https:\/\/naturalpoland.com\/cs\/produkty\/produkty-pro-kosmeticky-prumysl\/probiotika\/akkermansia-muciniphila-akk11\/"]}]},{"@type":"ImageObject","inLanguage":"cs","@id":"https:\/\/naturalpoland.com\/cs\/produkty\/produkty-pro-kosmeticky-prumysl\/probiotika\/akkermansia-muciniphila-akk11\/#primaryimage","url":"https:\/\/naturalpoland.com\/wp-content\/uploads\/akkermansia-muciniphila.webp","contentUrl":"https:\/\/naturalpoland.com\/wp-content\/uploads\/akkermansia-muciniphila.webp","width":1024,"height":1024,"caption":"Akkermansia muciniphila"},{"@type":"BreadcrumbList","@id":"https:\/\/naturalpoland.com\/cs\/produkty\/produkty-pro-kosmeticky-prumysl\/probiotika\/akkermansia-muciniphila-akk11\/#breadcrumb","itemListElement":[{"@type":"ListItem","position":1,"name":"Dom\u016f","item":"https:\/\/naturalpoland.com\/cs\/"},{"@type":"ListItem","position":2,"name":"Produkty","item":"https:\/\/naturalpoland.com\/cs\/produkty\/"},{"@type":"ListItem","position":3,"name":"Akkermansia Muciniphila Akk11"}]},{"@type":"WebSite","@id":"https:\/\/naturalpoland.com\/cs\/#website","url":"https:\/\/naturalpoland.com\/cs\/","name":"NATURAL POLAND - Velkoobchodn\u00ed distributor surovin","description":"Surowce dla przemys\u0142u spo\u017cywczego, kosmetycznego i farmaceutycznego","publisher":{"@id":"https:\/\/naturalpoland.com\/cs\/#organization"},"potentialAction":[{"@type":"SearchAction","target":{"@type":"EntryPoint","urlTemplate":"https:\/\/naturalpoland.com\/cs\/?s={search_term_string}"},"query-input":{"@type":"PropertyValueSpecification","valueRequired":true,"valueName":"search_term_string"}}],"inLanguage":"cs"},{"@type":"Organization","@id":"https:\/\/naturalpoland.com\/cs\/#organization","name":"Natural Poland","url":"https:\/\/naturalpoland.com\/cs\/","logo":{"@type":"ImageObject","inLanguage":"cs","@id":"https:\/\/naturalpoland.com\/cs\/#\/schema\/logo\/image\/","url":"https:\/\/naturalpoland.com\/wp-content\/uploads\/2021\/05\/natural-poland-icon.png","contentUrl":"https:\/\/naturalpoland.com\/wp-content\/uploads\/2021\/05\/natural-poland-icon.png","width":512,"height":512,"caption":"Natural Poland"},"image":{"@id":"https:\/\/naturalpoland.com\/cs\/#\/schema\/logo\/image\/"},"sameAs":["https:\/\/www.facebook.com\/naturalpoland.b2b","https:\/\/pl.linkedin.com\/company\/natural-poland","https:\/\/www.youtube.com\/channel\/UCgeGGkvOMahZo-xu_MSEWxg"]}]}},"_links":{"self":[{"href":"https:\/\/naturalpoland.com\/cs\/wp-json\/wp\/v2\/product\/30723","targetHints":{"allow":["GET"]}}],"collection":[{"href":"https:\/\/naturalpoland.com\/cs\/wp-json\/wp\/v2\/product"}],"about":[{"href":"https:\/\/naturalpoland.com\/cs\/wp-json\/wp\/v2\/types\/product"}],"wp:featuredmedia":[{"embeddable":true,"href":"https:\/\/naturalpoland.com\/cs\/wp-json\/wp\/v2\/media\/30709"}],"wp:attachment":[{"href":"https:\/\/naturalpoland.com\/cs\/wp-json\/wp\/v2\/media?parent=30723"}],"wp:term":[{"taxonomy":"product_brand","embeddable":true,"href":"https:\/\/naturalpoland.com\/cs\/wp-json\/wp\/v2\/product_brand?post=30723"},{"taxonomy":"product_cat","embeddable":true,"href":"https:\/\/naturalpoland.com\/cs\/wp-json\/wp\/v2\/product_cat?post=30723"},{"taxonomy":"product_tag","embeddable":true,"href":"https:\/\/naturalpoland.com\/cs\/wp-json\/wp\/v2\/product_tag?post=30723"}],"curies":[{"name":"wp","href":"https:\/\/api.w.org\/{rel}","templated":true}]}}