{"id":31381,"date":"2024-04-29T12:41:44","date_gmt":"2024-04-29T11:56:09","guid":{"rendered":"https:\/\/naturalpoland.com\/produkty\/neza\u0159azen\u00e9\/beta-cyklodextrin\/"},"modified":"2024-04-29T13:56:09","modified_gmt":"2024-04-29T11:56:09","slug":"beta-cyklodextrin","status":"publish","type":"product","link":"https:\/\/naturalpoland.com\/cs\/produkty\/produkty-pro-farmaceuticky-a-zdravotnicky-prumysl\/pridavky-k-doplnkum-stravy\/beta-cyklodextrin\/","title":{"rendered":"Beta-cyklodextrin"},"content":{"rendered":"<p>Beta-cyklodextrin se z\u00edsk\u00e1v\u00e1 ze zpracovan\u00e9 \u0161krobov\u00e9 suroviny. Vykazuje vysokou \u010distotu 99,7 %. D\u00edky sv\u00e9 specifick\u00e9 struktu\u0159e je snadno straviteln\u00fd a nezp\u016fsobuje pocit t\u011b\u017ekosti, co\u017e je \u010dast\u00fd probl\u00e9m u jin\u00fdch rychle metabolizovan\u00fdch sacharid\u016f. Beta-cyklodextrin je produkt neutr\u00e1ln\u00ed chuti s vysokou rozpustnost\u00ed a lze jej snadno za\u0159adit do stravy, ani\u017e by to m\u011blo vliv na jeho chutnost.<\/p>\n<h2>Pou\u017eit\u00ed beta-cyklodextrinu v dopl\u0148kov\u00e9 v\u00fd\u017eiv\u011b<\/h2>\n<ol>\n<li><strong>Zdroj energie<\/strong><br \/>\nJedn\u00e1 se o zdroj sacharid\u016f s vysok\u00fdm obsahem energie, kter\u00fd zaji\u0161\u0165uje dlouhodob\u00e9 uvol\u0148ov\u00e1n\u00ed gluk\u00f3zy, co\u017e je nezbytn\u00e9 pro efektivitu b\u011bhem intenzivn\u00edho cvi\u010den\u00ed.<\/li>\n<li><strong>Stabilita gluk\u00f3zy<\/strong><br \/>\nBeta-cyklodextrin d\u00edky sv\u00e9mu postupn\u00e9mu metabolismu nezp\u016fsobuje prudk\u00e9 zv\u00fd\u0161en\u00ed hladiny cukru v krvi, co\u017e je pro sportovce, kter\u00fdm z\u00e1le\u017e\u00ed na stabiln\u00ed hladin\u011b energie, z\u00e1sadn\u00ed.<\/li>\n<li><strong>Podpora \u0161kolen\u00ed<\/strong><br \/>\nPou\u017e\u00edv\u00e1 se jako p\u0159\u00edsada do p\u0159edtr\u00e9ninkov\u00fdch dopl\u0148k\u016f, podporuje tr\u00e9ninkov\u00fd v\u00fdkon a regeneraci po tr\u00e9ninku.<\/li>\n<li><strong>V\u0161estrannost<br \/>\n<\/strong>Beta-cyklodextrin lze pou\u017e\u00edt v r\u016fzn\u00fdch form\u00e1ch dopl\u0148k\u016f &#8211; od tablet p\u0159es pr\u00e1\u0161ky pro p\u0159\u00edpravu n\u00e1poj\u016f a\u017e po energetick\u00e9 gely.<\/li>\n<\/ol>\n<p>Beta-cyklodextrin je modern\u00ed slo\u017eka na podporu sportovn\u00edho v\u00fdkonu, kter\u00e1 je d\u00edky sv\u00fdm jedine\u010dn\u00fdm vlastnostem cenn\u00fdm dopl\u0148kem stravy sportovc\u016f.<\/p>\n","protected":false},"excerpt":{"rendered":"<p><strong>Cyklick\u00e9 dextriny<\/strong>, p\u0159esn\u011bji <strong>beta-cyklodextrin <\/strong>, jsou zvl\u00e1\u0161tn\u00edm typem sacharid\u016f. Skl\u00e1d\u00e1 se z molekul gluk\u00f3zy spojen\u00fdch do cyklick\u00fdch oligosacharid\u016f.<\/p>\n","protected":false},"featured_media":31287,"template":"","meta":{"_acf_changed":false},"product_brand":[],"product_cat":[629],"product_tag":[],"class_list":{"0":"post-31381","1":"product","2":"type-product","3":"status-publish","4":"has-post-thumbnail","6":"product_cat-pridavky-k-doplnkum-stravy","7":"pa_grupa-substancji-cyklicke-dextriny","9":"first","10":"instock","11":"shipping-taxable","12":"product-type-simple"},"acf":[],"yoast_head":"<!-- This site is optimized with the Yoast SEO plugin v27.5 - https:\/\/yoast.com\/product\/yoast-seo-wordpress\/ -->\n<title>Beta-cyklodextrin - Velkoobchodn\u00ed distributor<\/title>\n<meta name=\"description\" content=\"Cyklick\u00e9 dextriny, konkr\u00e9tn\u011b beta-cyklodextrin, jsou inovativn\u00ed slo\u017ekou ve sv\u011bt\u011b suplementace a funk\u010dn\u00edch potravin a jsou cen\u011bny sportovci.\" \/>\n<meta name=\"robots\" content=\"index, follow, max-snippet:-1, max-image-preview:large, max-video-preview:-1\" \/>\n<link rel=\"canonical\" href=\"https:\/\/naturalpoland.com\/cs\/produkty\/produkty-pro-farmaceuticky-a-zdravotnicky-prumysl\/pridavky-k-doplnkum-stravy\/beta-cyklodextrin\/\" \/>\n<meta property=\"og:locale\" content=\"cs_CZ\" \/>\n<meta property=\"og:type\" content=\"article\" \/>\n<meta property=\"og:title\" content=\"Beta-cyklodextrin - Velkoobchodn\u00ed distributor\" \/>\n<meta property=\"og:description\" content=\"Cyklick\u00e9 dextriny, konkr\u00e9tn\u011b beta-cyklodextrin, jsou inovativn\u00ed slo\u017ekou ve sv\u011bt\u011b suplementace a funk\u010dn\u00edch potravin a jsou cen\u011bny sportovci.\" \/>\n<meta property=\"og:url\" content=\"https:\/\/naturalpoland.com\/cs\/produkty\/produkty-pro-farmaceuticky-a-zdravotnicky-prumysl\/pridavky-k-doplnkum-stravy\/beta-cyklodextrin\/\" \/>\n<meta property=\"og:site_name\" content=\"NATURAL POLAND - Velkoobchodn\u00ed distributor surovin\" \/>\n<meta property=\"article:publisher\" content=\"https:\/\/www.facebook.com\/naturalpoland.b2b\" \/>\n<meta property=\"og:image\" content=\"https:\/\/naturalpoland.com\/wp-content\/uploads\/beta-cyklodekstryna.webp\" \/>\n\t<meta property=\"og:image:width\" content=\"614\" \/>\n\t<meta property=\"og:image:height\" content=\"614\" \/>\n\t<meta property=\"og:image:type\" content=\"image\/webp\" \/>\n<script type=\"application\/ld+json\" class=\"yoast-schema-graph\">{\"@context\":\"https:\\\/\\\/schema.org\",\"@graph\":[{\"@type\":\"WebPage\",\"@id\":\"https:\\\/\\\/naturalpoland.com\\\/cs\\\/produkty\\\/produkty-pro-farmaceuticky-a-zdravotnicky-prumysl\\\/pridavky-k-doplnkum-stravy\\\/beta-cyklodextrin\\\/\",\"url\":\"https:\\\/\\\/naturalpoland.com\\\/cs\\\/produkty\\\/produkty-pro-farmaceuticky-a-zdravotnicky-prumysl\\\/pridavky-k-doplnkum-stravy\\\/beta-cyklodextrin\\\/\",\"name\":\"Beta-cyklodextrin - Velkoobchodn\u00ed distributor\",\"isPartOf\":{\"@id\":\"https:\\\/\\\/naturalpoland.com\\\/cs\\\/#website\"},\"primaryImageOfPage\":{\"@id\":\"https:\\\/\\\/naturalpoland.com\\\/cs\\\/produkty\\\/produkty-pro-farmaceuticky-a-zdravotnicky-prumysl\\\/pridavky-k-doplnkum-stravy\\\/beta-cyklodextrin\\\/#primaryimage\"},\"image\":{\"@id\":\"https:\\\/\\\/naturalpoland.com\\\/cs\\\/produkty\\\/produkty-pro-farmaceuticky-a-zdravotnicky-prumysl\\\/pridavky-k-doplnkum-stravy\\\/beta-cyklodextrin\\\/#primaryimage\"},\"thumbnailUrl\":\"https:\\\/\\\/naturalpoland.com\\\/wp-content\\\/uploads\\\/beta-cyklodekstryna.webp\",\"datePublished\":\"2024-04-29T11:56:09+00:00\",\"description\":\"Cyklick\u00e9 dextriny, konkr\u00e9tn\u011b beta-cyklodextrin, jsou inovativn\u00ed slo\u017ekou ve sv\u011bt\u011b suplementace a funk\u010dn\u00edch potravin a jsou cen\u011bny sportovci.\",\"breadcrumb\":{\"@id\":\"https:\\\/\\\/naturalpoland.com\\\/cs\\\/produkty\\\/produkty-pro-farmaceuticky-a-zdravotnicky-prumysl\\\/pridavky-k-doplnkum-stravy\\\/beta-cyklodextrin\\\/#breadcrumb\"},\"inLanguage\":\"cs\",\"potentialAction\":[{\"@type\":\"ReadAction\",\"target\":[\"https:\\\/\\\/naturalpoland.com\\\/cs\\\/produkty\\\/produkty-pro-farmaceuticky-a-zdravotnicky-prumysl\\\/pridavky-k-doplnkum-stravy\\\/beta-cyklodextrin\\\/\"]}]},{\"@type\":\"ImageObject\",\"inLanguage\":\"cs\",\"@id\":\"https:\\\/\\\/naturalpoland.com\\\/cs\\\/produkty\\\/produkty-pro-farmaceuticky-a-zdravotnicky-prumysl\\\/pridavky-k-doplnkum-stravy\\\/beta-cyklodextrin\\\/#primaryimage\",\"url\":\"https:\\\/\\\/naturalpoland.com\\\/wp-content\\\/uploads\\\/beta-cyklodekstryna.webp\",\"contentUrl\":\"https:\\\/\\\/naturalpoland.com\\\/wp-content\\\/uploads\\\/beta-cyklodekstryna.webp\",\"width\":614,\"height\":614,\"caption\":\"beta-cyklodekstryna\"},{\"@type\":\"BreadcrumbList\",\"@id\":\"https:\\\/\\\/naturalpoland.com\\\/cs\\\/produkty\\\/produkty-pro-farmaceuticky-a-zdravotnicky-prumysl\\\/pridavky-k-doplnkum-stravy\\\/beta-cyklodextrin\\\/#breadcrumb\",\"itemListElement\":[{\"@type\":\"ListItem\",\"position\":1,\"name\":\"Dom\u016f\",\"item\":\"https:\\\/\\\/naturalpoland.com\\\/cs\\\/\"},{\"@type\":\"ListItem\",\"position\":2,\"name\":\"Produkty\",\"item\":\"https:\\\/\\\/naturalpoland.com\\\/cs\\\/produkty\\\/\"},{\"@type\":\"ListItem\",\"position\":3,\"name\":\"Beta-cyklodextrin\"}]},{\"@type\":\"WebSite\",\"@id\":\"https:\\\/\\\/naturalpoland.com\\\/cs\\\/#website\",\"url\":\"https:\\\/\\\/naturalpoland.com\\\/cs\\\/\",\"name\":\"NATURAL POLAND - Velkoobchodn\u00ed distributor surovin\",\"description\":\"Surowce dla przemys\u0142u spo\u017cywczego, kosmetycznego i farmaceutycznego\",\"publisher\":{\"@id\":\"https:\\\/\\\/naturalpoland.com\\\/cs\\\/#organization\"},\"potentialAction\":[{\"@type\":\"SearchAction\",\"target\":{\"@type\":\"EntryPoint\",\"urlTemplate\":\"https:\\\/\\\/naturalpoland.com\\\/cs\\\/?s={search_term_string}\"},\"query-input\":{\"@type\":\"PropertyValueSpecification\",\"valueRequired\":true,\"valueName\":\"search_term_string\"}}],\"inLanguage\":\"cs\"},{\"@type\":\"Organization\",\"@id\":\"https:\\\/\\\/naturalpoland.com\\\/cs\\\/#organization\",\"name\":\"Natural Poland\",\"url\":\"https:\\\/\\\/naturalpoland.com\\\/cs\\\/\",\"logo\":{\"@type\":\"ImageObject\",\"inLanguage\":\"cs\",\"@id\":\"https:\\\/\\\/naturalpoland.com\\\/cs\\\/#\\\/schema\\\/logo\\\/image\\\/\",\"url\":\"https:\\\/\\\/naturalpoland.com\\\/wp-content\\\/uploads\\\/2021\\\/05\\\/natural-poland-icon.png\",\"contentUrl\":\"https:\\\/\\\/naturalpoland.com\\\/wp-content\\\/uploads\\\/2021\\\/05\\\/natural-poland-icon.png\",\"width\":512,\"height\":512,\"caption\":\"Natural Poland\"},\"image\":{\"@id\":\"https:\\\/\\\/naturalpoland.com\\\/cs\\\/#\\\/schema\\\/logo\\\/image\\\/\"},\"sameAs\":[\"https:\\\/\\\/www.facebook.com\\\/naturalpoland.b2b\",\"https:\\\/\\\/pl.linkedin.com\\\/company\\\/natural-poland\",\"https:\\\/\\\/www.youtube.com\\\/channel\\\/UCgeGGkvOMahZo-xu_MSEWxg\"]}]}<\/script>\n<!-- \/ Yoast SEO plugin. -->","yoast_head_json":{"title":"Beta-cyklodextrin - Velkoobchodn\u00ed distributor","description":"Cyklick\u00e9 dextriny, konkr\u00e9tn\u011b beta-cyklodextrin, jsou inovativn\u00ed slo\u017ekou ve sv\u011bt\u011b suplementace a funk\u010dn\u00edch potravin a jsou cen\u011bny sportovci.","robots":{"index":"index","follow":"follow","max-snippet":"max-snippet:-1","max-image-preview":"max-image-preview:large","max-video-preview":"max-video-preview:-1"},"canonical":"https:\/\/naturalpoland.com\/cs\/produkty\/produkty-pro-farmaceuticky-a-zdravotnicky-prumysl\/pridavky-k-doplnkum-stravy\/beta-cyklodextrin\/","og_locale":"cs_CZ","og_type":"article","og_title":"Beta-cyklodextrin - Velkoobchodn\u00ed distributor","og_description":"Cyklick\u00e9 dextriny, konkr\u00e9tn\u011b beta-cyklodextrin, jsou inovativn\u00ed slo\u017ekou ve sv\u011bt\u011b suplementace a funk\u010dn\u00edch potravin a jsou cen\u011bny sportovci.","og_url":"https:\/\/naturalpoland.com\/cs\/produkty\/produkty-pro-farmaceuticky-a-zdravotnicky-prumysl\/pridavky-k-doplnkum-stravy\/beta-cyklodextrin\/","og_site_name":"NATURAL POLAND - Velkoobchodn\u00ed distributor surovin","article_publisher":"https:\/\/www.facebook.com\/naturalpoland.b2b","og_image":[{"width":614,"height":614,"url":"https:\/\/naturalpoland.com\/wp-content\/uploads\/beta-cyklodekstryna.webp","type":"image\/webp"}],"schema":{"@context":"https:\/\/schema.org","@graph":[{"@type":"WebPage","@id":"https:\/\/naturalpoland.com\/cs\/produkty\/produkty-pro-farmaceuticky-a-zdravotnicky-prumysl\/pridavky-k-doplnkum-stravy\/beta-cyklodextrin\/","url":"https:\/\/naturalpoland.com\/cs\/produkty\/produkty-pro-farmaceuticky-a-zdravotnicky-prumysl\/pridavky-k-doplnkum-stravy\/beta-cyklodextrin\/","name":"Beta-cyklodextrin - Velkoobchodn\u00ed distributor","isPartOf":{"@id":"https:\/\/naturalpoland.com\/cs\/#website"},"primaryImageOfPage":{"@id":"https:\/\/naturalpoland.com\/cs\/produkty\/produkty-pro-farmaceuticky-a-zdravotnicky-prumysl\/pridavky-k-doplnkum-stravy\/beta-cyklodextrin\/#primaryimage"},"image":{"@id":"https:\/\/naturalpoland.com\/cs\/produkty\/produkty-pro-farmaceuticky-a-zdravotnicky-prumysl\/pridavky-k-doplnkum-stravy\/beta-cyklodextrin\/#primaryimage"},"thumbnailUrl":"https:\/\/naturalpoland.com\/wp-content\/uploads\/beta-cyklodekstryna.webp","datePublished":"2024-04-29T11:56:09+00:00","description":"Cyklick\u00e9 dextriny, konkr\u00e9tn\u011b beta-cyklodextrin, jsou inovativn\u00ed slo\u017ekou ve sv\u011bt\u011b suplementace a funk\u010dn\u00edch potravin a jsou cen\u011bny sportovci.","breadcrumb":{"@id":"https:\/\/naturalpoland.com\/cs\/produkty\/produkty-pro-farmaceuticky-a-zdravotnicky-prumysl\/pridavky-k-doplnkum-stravy\/beta-cyklodextrin\/#breadcrumb"},"inLanguage":"cs","potentialAction":[{"@type":"ReadAction","target":["https:\/\/naturalpoland.com\/cs\/produkty\/produkty-pro-farmaceuticky-a-zdravotnicky-prumysl\/pridavky-k-doplnkum-stravy\/beta-cyklodextrin\/"]}]},{"@type":"ImageObject","inLanguage":"cs","@id":"https:\/\/naturalpoland.com\/cs\/produkty\/produkty-pro-farmaceuticky-a-zdravotnicky-prumysl\/pridavky-k-doplnkum-stravy\/beta-cyklodextrin\/#primaryimage","url":"https:\/\/naturalpoland.com\/wp-content\/uploads\/beta-cyklodekstryna.webp","contentUrl":"https:\/\/naturalpoland.com\/wp-content\/uploads\/beta-cyklodekstryna.webp","width":614,"height":614,"caption":"beta-cyklodekstryna"},{"@type":"BreadcrumbList","@id":"https:\/\/naturalpoland.com\/cs\/produkty\/produkty-pro-farmaceuticky-a-zdravotnicky-prumysl\/pridavky-k-doplnkum-stravy\/beta-cyklodextrin\/#breadcrumb","itemListElement":[{"@type":"ListItem","position":1,"name":"Dom\u016f","item":"https:\/\/naturalpoland.com\/cs\/"},{"@type":"ListItem","position":2,"name":"Produkty","item":"https:\/\/naturalpoland.com\/cs\/produkty\/"},{"@type":"ListItem","position":3,"name":"Beta-cyklodextrin"}]},{"@type":"WebSite","@id":"https:\/\/naturalpoland.com\/cs\/#website","url":"https:\/\/naturalpoland.com\/cs\/","name":"NATURAL POLAND - Velkoobchodn\u00ed distributor surovin","description":"Surowce dla przemys\u0142u spo\u017cywczego, kosmetycznego i farmaceutycznego","publisher":{"@id":"https:\/\/naturalpoland.com\/cs\/#organization"},"potentialAction":[{"@type":"SearchAction","target":{"@type":"EntryPoint","urlTemplate":"https:\/\/naturalpoland.com\/cs\/?s={search_term_string}"},"query-input":{"@type":"PropertyValueSpecification","valueRequired":true,"valueName":"search_term_string"}}],"inLanguage":"cs"},{"@type":"Organization","@id":"https:\/\/naturalpoland.com\/cs\/#organization","name":"Natural Poland","url":"https:\/\/naturalpoland.com\/cs\/","logo":{"@type":"ImageObject","inLanguage":"cs","@id":"https:\/\/naturalpoland.com\/cs\/#\/schema\/logo\/image\/","url":"https:\/\/naturalpoland.com\/wp-content\/uploads\/2021\/05\/natural-poland-icon.png","contentUrl":"https:\/\/naturalpoland.com\/wp-content\/uploads\/2021\/05\/natural-poland-icon.png","width":512,"height":512,"caption":"Natural Poland"},"image":{"@id":"https:\/\/naturalpoland.com\/cs\/#\/schema\/logo\/image\/"},"sameAs":["https:\/\/www.facebook.com\/naturalpoland.b2b","https:\/\/pl.linkedin.com\/company\/natural-poland","https:\/\/www.youtube.com\/channel\/UCgeGGkvOMahZo-xu_MSEWxg"]}]}},"_links":{"self":[{"href":"https:\/\/naturalpoland.com\/cs\/wp-json\/wp\/v2\/product\/31381","targetHints":{"allow":["GET"]}}],"collection":[{"href":"https:\/\/naturalpoland.com\/cs\/wp-json\/wp\/v2\/product"}],"about":[{"href":"https:\/\/naturalpoland.com\/cs\/wp-json\/wp\/v2\/types\/product"}],"wp:featuredmedia":[{"embeddable":true,"href":"https:\/\/naturalpoland.com\/cs\/wp-json\/wp\/v2\/media\/31287"}],"wp:attachment":[{"href":"https:\/\/naturalpoland.com\/cs\/wp-json\/wp\/v2\/media?parent=31381"}],"wp:term":[{"taxonomy":"product_brand","embeddable":true,"href":"https:\/\/naturalpoland.com\/cs\/wp-json\/wp\/v2\/product_brand?post=31381"},{"taxonomy":"product_cat","embeddable":true,"href":"https:\/\/naturalpoland.com\/cs\/wp-json\/wp\/v2\/product_cat?post=31381"},{"taxonomy":"product_tag","embeddable":true,"href":"https:\/\/naturalpoland.com\/cs\/wp-json\/wp\/v2\/product_tag?post=31381"}],"curies":[{"name":"wp","href":"https:\/\/api.w.org\/{rel}","templated":true}]}}