{"id":31414,"date":"2024-04-24T16:21:59","date_gmt":"2024-04-29T11:58:21","guid":{"rendered":"https:\/\/naturalpoland.com\/produkty\/neza\u0159azen\u00e9\/hydrolat-horkeho-pomerance\/"},"modified":"2024-04-29T13:58:21","modified_gmt":"2024-04-29T11:58:21","slug":"hydrolat-horkeho-pomerance","status":"publish","type":"product","link":"https:\/\/naturalpoland.com\/cs\/produkty\/produkty-pro-kosmeticky-prumysl\/hydrolaty-cs\/hydrolat-horkeho-pomerance\/","title":{"rendered":"Hydrol\u00e1t ho\u0159k\u00e9ho pomeran\u010de"},"content":{"rendered":"<p>Tento produkt je tak\u00e9 zn\u00e1m\u00fd jako <strong>hydrol\u00e1t neroli<\/strong>. M\u00e1 schopnost stimulovat obnovu ko\u017en\u00edch bun\u011bk, pom\u00e1h\u00e1 posilovat strukturu poko\u017eky a zlep\u0161ovat jej\u00ed pevnost. Pravideln\u00fdm pou\u017e\u00edv\u00e1n\u00edm lze \u00fa\u010dinn\u011b redukovat jemn\u00e9 linky a vr\u00e1sky a dod\u00e1vat pleti mladistv\u00fd lesk.<\/p>\n<p>Hydrol\u00e1t z ho\u0159k\u00e9ho pomeran\u010de m\u00e1 m\u00edrn\u00e9 tonizuj\u00edc\u00ed \u00fa\u010dinky, ide\u00e1ln\u00ed pro v\u0161echny typy pleti. Je vhodn\u00fd zejm\u00e9na pro zralou ple\u0165, unavenou ple\u0165 nebo ple\u0165 se sklonem ke ztr\u00e1t\u011b pru\u017enosti. Hydrol\u00e1t lze pou\u017e\u00edt jako ple\u0165ov\u00e9 tonikum, slo\u017eku masek nebo jako osv\u011b\u017euj\u00edc\u00ed mlhu na obli\u010dej b\u011bhem dne.<\/p>\n<p>Krom\u011b zpev\u0148uj\u00edc\u00edch \u00fa\u010dink\u016f je tento hydrol\u00e1t zn\u00e1m\u00fd tak\u00e9 sv\u00fdmi zklid\u0148uj\u00edc\u00edmi a relaxa\u010dn\u00edmi vlastnostmi a jeho jemn\u00e1 citrusov\u00e1 v\u016fn\u011b m\u016f\u017ee m\u00edt uklid\u0148uj\u00edc\u00ed \u00fa\u010dinek na smysly a nab\u00eddnout chv\u00edli relaxace v ka\u017edodenn\u00ed p\u00e9\u010di o ple\u0165. Jedn\u00e1 se o zcela p\u0159\u00edrodn\u00ed produkt, kter\u00fd se \u010dasto vol\u00ed jako sou\u010d\u00e1st udr\u017eiteln\u00e9 p\u00e9\u010de.<\/p>\n","protected":false},"excerpt":{"rendered":"<p>Hydrol\u00e1t ho\u0159k\u00e9ho pomeran\u010de se z\u00edsk\u00e1v\u00e1 destilac\u00ed kv\u011bt\u016f ho\u0159k\u00e9ho pomeran\u010de vodn\u00ed parou. Jeho lehk\u00e9 a osv\u011b\u017euj\u00edc\u00ed slo\u017een\u00ed dod\u00e1v\u00e1 pleti z\u00e1\u0159iv\u011bj\u0161\u00ed vzhled a navrac\u00ed j\u00ed zdrav\u00fd vzhled.<\/p>\n","protected":false},"featured_media":31247,"template":"","meta":{"_acf_changed":false},"product_brand":[],"product_cat":[3548],"product_tag":[],"class_list":{"0":"post-31414","1":"product","2":"type-product","3":"status-publish","4":"has-post-thumbnail","6":"product_cat-hydrolaty-cs","7":"pa_grupa-substancji-destilaty","9":"first","10":"instock","11":"shipping-taxable","12":"product-type-simple"},"acf":[],"yoast_head":"<!-- This site is optimized with the Yoast SEO plugin v27.5 - https:\/\/yoast.com\/product\/yoast-seo-wordpress\/ -->\n<title>Hydrol\u00e1t ho\u0159k\u00e9ho pomeran\u010de - Velkoobchodn\u00ed distributor<\/title>\n<meta name=\"description\" content=\"Hydrol\u00e1t ho\u0159k\u00e9ho pomeran\u010de, z\u00edskan\u00fd destilac\u00ed kv\u011bt\u016f ho\u0159k\u00e9ho pomeran\u010de vodn\u00ed parou, je cen\u011bnou kosmetickou p\u0159\u00edsadou.\" \/>\n<meta name=\"robots\" content=\"index, follow, max-snippet:-1, max-image-preview:large, max-video-preview:-1\" \/>\n<link rel=\"canonical\" href=\"https:\/\/naturalpoland.com\/cs\/produkty\/produkty-pro-kosmeticky-prumysl\/hydrolaty-cs\/hydrolat-horkeho-pomerance\/\" \/>\n<meta property=\"og:locale\" content=\"cs_CZ\" \/>\n<meta property=\"og:type\" content=\"article\" \/>\n<meta property=\"og:title\" content=\"Hydrol\u00e1t ho\u0159k\u00e9ho pomeran\u010de - Velkoobchodn\u00ed distributor\" \/>\n<meta property=\"og:description\" content=\"Hydrol\u00e1t ho\u0159k\u00e9ho pomeran\u010de, z\u00edskan\u00fd destilac\u00ed kv\u011bt\u016f ho\u0159k\u00e9ho pomeran\u010de vodn\u00ed parou, je cen\u011bnou kosmetickou p\u0159\u00edsadou.\" \/>\n<meta property=\"og:url\" content=\"https:\/\/naturalpoland.com\/cs\/produkty\/produkty-pro-kosmeticky-prumysl\/hydrolaty-cs\/hydrolat-horkeho-pomerance\/\" \/>\n<meta property=\"og:site_name\" content=\"NATURAL POLAND - Velkoobchodn\u00ed distributor surovin\" \/>\n<meta property=\"article:publisher\" content=\"https:\/\/www.facebook.com\/naturalpoland.b2b\" \/>\n<meta property=\"og:image\" content=\"https:\/\/naturalpoland.com\/wp-content\/uploads\/hydrolat-z-gorzkiej-pomaranczy.webp\" \/>\n\t<meta property=\"og:image:width\" content=\"1024\" \/>\n\t<meta property=\"og:image:height\" content=\"1024\" \/>\n\t<meta property=\"og:image:type\" content=\"image\/webp\" \/>\n<script type=\"application\/ld+json\" class=\"yoast-schema-graph\">{\"@context\":\"https:\\\/\\\/schema.org\",\"@graph\":[{\"@type\":\"WebPage\",\"@id\":\"https:\\\/\\\/naturalpoland.com\\\/cs\\\/produkty\\\/produkty-pro-kosmeticky-prumysl\\\/hydrolaty-cs\\\/hydrolat-horkeho-pomerance\\\/\",\"url\":\"https:\\\/\\\/naturalpoland.com\\\/cs\\\/produkty\\\/produkty-pro-kosmeticky-prumysl\\\/hydrolaty-cs\\\/hydrolat-horkeho-pomerance\\\/\",\"name\":\"Hydrol\u00e1t ho\u0159k\u00e9ho pomeran\u010de - Velkoobchodn\u00ed distributor\",\"isPartOf\":{\"@id\":\"https:\\\/\\\/naturalpoland.com\\\/cs\\\/#website\"},\"primaryImageOfPage\":{\"@id\":\"https:\\\/\\\/naturalpoland.com\\\/cs\\\/produkty\\\/produkty-pro-kosmeticky-prumysl\\\/hydrolaty-cs\\\/hydrolat-horkeho-pomerance\\\/#primaryimage\"},\"image\":{\"@id\":\"https:\\\/\\\/naturalpoland.com\\\/cs\\\/produkty\\\/produkty-pro-kosmeticky-prumysl\\\/hydrolaty-cs\\\/hydrolat-horkeho-pomerance\\\/#primaryimage\"},\"thumbnailUrl\":\"https:\\\/\\\/naturalpoland.com\\\/wp-content\\\/uploads\\\/hydrolat-z-gorzkiej-pomaranczy.webp\",\"datePublished\":\"2024-04-29T11:58:21+00:00\",\"description\":\"Hydrol\u00e1t ho\u0159k\u00e9ho pomeran\u010de, z\u00edskan\u00fd destilac\u00ed kv\u011bt\u016f ho\u0159k\u00e9ho pomeran\u010de vodn\u00ed parou, je cen\u011bnou kosmetickou p\u0159\u00edsadou.\",\"breadcrumb\":{\"@id\":\"https:\\\/\\\/naturalpoland.com\\\/cs\\\/produkty\\\/produkty-pro-kosmeticky-prumysl\\\/hydrolaty-cs\\\/hydrolat-horkeho-pomerance\\\/#breadcrumb\"},\"inLanguage\":\"cs\",\"potentialAction\":[{\"@type\":\"ReadAction\",\"target\":[\"https:\\\/\\\/naturalpoland.com\\\/cs\\\/produkty\\\/produkty-pro-kosmeticky-prumysl\\\/hydrolaty-cs\\\/hydrolat-horkeho-pomerance\\\/\"]}]},{\"@type\":\"ImageObject\",\"inLanguage\":\"cs\",\"@id\":\"https:\\\/\\\/naturalpoland.com\\\/cs\\\/produkty\\\/produkty-pro-kosmeticky-prumysl\\\/hydrolaty-cs\\\/hydrolat-horkeho-pomerance\\\/#primaryimage\",\"url\":\"https:\\\/\\\/naturalpoland.com\\\/wp-content\\\/uploads\\\/hydrolat-z-gorzkiej-pomaranczy.webp\",\"contentUrl\":\"https:\\\/\\\/naturalpoland.com\\\/wp-content\\\/uploads\\\/hydrolat-z-gorzkiej-pomaranczy.webp\",\"width\":1024,\"height\":1024,\"caption\":\"hydrolat z gorzkiej pomara\u0144czy\"},{\"@type\":\"BreadcrumbList\",\"@id\":\"https:\\\/\\\/naturalpoland.com\\\/cs\\\/produkty\\\/produkty-pro-kosmeticky-prumysl\\\/hydrolaty-cs\\\/hydrolat-horkeho-pomerance\\\/#breadcrumb\",\"itemListElement\":[{\"@type\":\"ListItem\",\"position\":1,\"name\":\"Dom\u016f\",\"item\":\"https:\\\/\\\/naturalpoland.com\\\/cs\\\/\"},{\"@type\":\"ListItem\",\"position\":2,\"name\":\"Produkty\",\"item\":\"https:\\\/\\\/naturalpoland.com\\\/cs\\\/produkty\\\/\"},{\"@type\":\"ListItem\",\"position\":3,\"name\":\"Hydrol\u00e1t ho\u0159k\u00e9ho pomeran\u010de\"}]},{\"@type\":\"WebSite\",\"@id\":\"https:\\\/\\\/naturalpoland.com\\\/cs\\\/#website\",\"url\":\"https:\\\/\\\/naturalpoland.com\\\/cs\\\/\",\"name\":\"NATURAL POLAND - Velkoobchodn\u00ed distributor surovin\",\"description\":\"Surowce dla przemys\u0142u spo\u017cywczego, kosmetycznego i farmaceutycznego\",\"publisher\":{\"@id\":\"https:\\\/\\\/naturalpoland.com\\\/cs\\\/#organization\"},\"potentialAction\":[{\"@type\":\"SearchAction\",\"target\":{\"@type\":\"EntryPoint\",\"urlTemplate\":\"https:\\\/\\\/naturalpoland.com\\\/cs\\\/?s={search_term_string}\"},\"query-input\":{\"@type\":\"PropertyValueSpecification\",\"valueRequired\":true,\"valueName\":\"search_term_string\"}}],\"inLanguage\":\"cs\"},{\"@type\":\"Organization\",\"@id\":\"https:\\\/\\\/naturalpoland.com\\\/cs\\\/#organization\",\"name\":\"Natural Poland\",\"url\":\"https:\\\/\\\/naturalpoland.com\\\/cs\\\/\",\"logo\":{\"@type\":\"ImageObject\",\"inLanguage\":\"cs\",\"@id\":\"https:\\\/\\\/naturalpoland.com\\\/cs\\\/#\\\/schema\\\/logo\\\/image\\\/\",\"url\":\"https:\\\/\\\/naturalpoland.com\\\/wp-content\\\/uploads\\\/2021\\\/05\\\/natural-poland-icon.png\",\"contentUrl\":\"https:\\\/\\\/naturalpoland.com\\\/wp-content\\\/uploads\\\/2021\\\/05\\\/natural-poland-icon.png\",\"width\":512,\"height\":512,\"caption\":\"Natural Poland\"},\"image\":{\"@id\":\"https:\\\/\\\/naturalpoland.com\\\/cs\\\/#\\\/schema\\\/logo\\\/image\\\/\"},\"sameAs\":[\"https:\\\/\\\/www.facebook.com\\\/naturalpoland.b2b\",\"https:\\\/\\\/pl.linkedin.com\\\/company\\\/natural-poland\",\"https:\\\/\\\/www.youtube.com\\\/channel\\\/UCgeGGkvOMahZo-xu_MSEWxg\"]}]}<\/script>\n<!-- \/ Yoast SEO plugin. -->","yoast_head_json":{"title":"Hydrol\u00e1t ho\u0159k\u00e9ho pomeran\u010de - Velkoobchodn\u00ed distributor","description":"Hydrol\u00e1t ho\u0159k\u00e9ho pomeran\u010de, z\u00edskan\u00fd destilac\u00ed kv\u011bt\u016f ho\u0159k\u00e9ho pomeran\u010de vodn\u00ed parou, je cen\u011bnou kosmetickou p\u0159\u00edsadou.","robots":{"index":"index","follow":"follow","max-snippet":"max-snippet:-1","max-image-preview":"max-image-preview:large","max-video-preview":"max-video-preview:-1"},"canonical":"https:\/\/naturalpoland.com\/cs\/produkty\/produkty-pro-kosmeticky-prumysl\/hydrolaty-cs\/hydrolat-horkeho-pomerance\/","og_locale":"cs_CZ","og_type":"article","og_title":"Hydrol\u00e1t ho\u0159k\u00e9ho pomeran\u010de - Velkoobchodn\u00ed distributor","og_description":"Hydrol\u00e1t ho\u0159k\u00e9ho pomeran\u010de, z\u00edskan\u00fd destilac\u00ed kv\u011bt\u016f ho\u0159k\u00e9ho pomeran\u010de vodn\u00ed parou, je cen\u011bnou kosmetickou p\u0159\u00edsadou.","og_url":"https:\/\/naturalpoland.com\/cs\/produkty\/produkty-pro-kosmeticky-prumysl\/hydrolaty-cs\/hydrolat-horkeho-pomerance\/","og_site_name":"NATURAL POLAND - Velkoobchodn\u00ed distributor surovin","article_publisher":"https:\/\/www.facebook.com\/naturalpoland.b2b","og_image":[{"width":1024,"height":1024,"url":"https:\/\/naturalpoland.com\/wp-content\/uploads\/hydrolat-z-gorzkiej-pomaranczy.webp","type":"image\/webp"}],"schema":{"@context":"https:\/\/schema.org","@graph":[{"@type":"WebPage","@id":"https:\/\/naturalpoland.com\/cs\/produkty\/produkty-pro-kosmeticky-prumysl\/hydrolaty-cs\/hydrolat-horkeho-pomerance\/","url":"https:\/\/naturalpoland.com\/cs\/produkty\/produkty-pro-kosmeticky-prumysl\/hydrolaty-cs\/hydrolat-horkeho-pomerance\/","name":"Hydrol\u00e1t ho\u0159k\u00e9ho pomeran\u010de - Velkoobchodn\u00ed distributor","isPartOf":{"@id":"https:\/\/naturalpoland.com\/cs\/#website"},"primaryImageOfPage":{"@id":"https:\/\/naturalpoland.com\/cs\/produkty\/produkty-pro-kosmeticky-prumysl\/hydrolaty-cs\/hydrolat-horkeho-pomerance\/#primaryimage"},"image":{"@id":"https:\/\/naturalpoland.com\/cs\/produkty\/produkty-pro-kosmeticky-prumysl\/hydrolaty-cs\/hydrolat-horkeho-pomerance\/#primaryimage"},"thumbnailUrl":"https:\/\/naturalpoland.com\/wp-content\/uploads\/hydrolat-z-gorzkiej-pomaranczy.webp","datePublished":"2024-04-29T11:58:21+00:00","description":"Hydrol\u00e1t ho\u0159k\u00e9ho pomeran\u010de, z\u00edskan\u00fd destilac\u00ed kv\u011bt\u016f ho\u0159k\u00e9ho pomeran\u010de vodn\u00ed parou, je cen\u011bnou kosmetickou p\u0159\u00edsadou.","breadcrumb":{"@id":"https:\/\/naturalpoland.com\/cs\/produkty\/produkty-pro-kosmeticky-prumysl\/hydrolaty-cs\/hydrolat-horkeho-pomerance\/#breadcrumb"},"inLanguage":"cs","potentialAction":[{"@type":"ReadAction","target":["https:\/\/naturalpoland.com\/cs\/produkty\/produkty-pro-kosmeticky-prumysl\/hydrolaty-cs\/hydrolat-horkeho-pomerance\/"]}]},{"@type":"ImageObject","inLanguage":"cs","@id":"https:\/\/naturalpoland.com\/cs\/produkty\/produkty-pro-kosmeticky-prumysl\/hydrolaty-cs\/hydrolat-horkeho-pomerance\/#primaryimage","url":"https:\/\/naturalpoland.com\/wp-content\/uploads\/hydrolat-z-gorzkiej-pomaranczy.webp","contentUrl":"https:\/\/naturalpoland.com\/wp-content\/uploads\/hydrolat-z-gorzkiej-pomaranczy.webp","width":1024,"height":1024,"caption":"hydrolat z gorzkiej pomara\u0144czy"},{"@type":"BreadcrumbList","@id":"https:\/\/naturalpoland.com\/cs\/produkty\/produkty-pro-kosmeticky-prumysl\/hydrolaty-cs\/hydrolat-horkeho-pomerance\/#breadcrumb","itemListElement":[{"@type":"ListItem","position":1,"name":"Dom\u016f","item":"https:\/\/naturalpoland.com\/cs\/"},{"@type":"ListItem","position":2,"name":"Produkty","item":"https:\/\/naturalpoland.com\/cs\/produkty\/"},{"@type":"ListItem","position":3,"name":"Hydrol\u00e1t ho\u0159k\u00e9ho pomeran\u010de"}]},{"@type":"WebSite","@id":"https:\/\/naturalpoland.com\/cs\/#website","url":"https:\/\/naturalpoland.com\/cs\/","name":"NATURAL POLAND - Velkoobchodn\u00ed distributor surovin","description":"Surowce dla przemys\u0142u spo\u017cywczego, kosmetycznego i farmaceutycznego","publisher":{"@id":"https:\/\/naturalpoland.com\/cs\/#organization"},"potentialAction":[{"@type":"SearchAction","target":{"@type":"EntryPoint","urlTemplate":"https:\/\/naturalpoland.com\/cs\/?s={search_term_string}"},"query-input":{"@type":"PropertyValueSpecification","valueRequired":true,"valueName":"search_term_string"}}],"inLanguage":"cs"},{"@type":"Organization","@id":"https:\/\/naturalpoland.com\/cs\/#organization","name":"Natural Poland","url":"https:\/\/naturalpoland.com\/cs\/","logo":{"@type":"ImageObject","inLanguage":"cs","@id":"https:\/\/naturalpoland.com\/cs\/#\/schema\/logo\/image\/","url":"https:\/\/naturalpoland.com\/wp-content\/uploads\/2021\/05\/natural-poland-icon.png","contentUrl":"https:\/\/naturalpoland.com\/wp-content\/uploads\/2021\/05\/natural-poland-icon.png","width":512,"height":512,"caption":"Natural Poland"},"image":{"@id":"https:\/\/naturalpoland.com\/cs\/#\/schema\/logo\/image\/"},"sameAs":["https:\/\/www.facebook.com\/naturalpoland.b2b","https:\/\/pl.linkedin.com\/company\/natural-poland","https:\/\/www.youtube.com\/channel\/UCgeGGkvOMahZo-xu_MSEWxg"]}]}},"_links":{"self":[{"href":"https:\/\/naturalpoland.com\/cs\/wp-json\/wp\/v2\/product\/31414","targetHints":{"allow":["GET"]}}],"collection":[{"href":"https:\/\/naturalpoland.com\/cs\/wp-json\/wp\/v2\/product"}],"about":[{"href":"https:\/\/naturalpoland.com\/cs\/wp-json\/wp\/v2\/types\/product"}],"wp:featuredmedia":[{"embeddable":true,"href":"https:\/\/naturalpoland.com\/cs\/wp-json\/wp\/v2\/media\/31247"}],"wp:attachment":[{"href":"https:\/\/naturalpoland.com\/cs\/wp-json\/wp\/v2\/media?parent=31414"}],"wp:term":[{"taxonomy":"product_brand","embeddable":true,"href":"https:\/\/naturalpoland.com\/cs\/wp-json\/wp\/v2\/product_brand?post=31414"},{"taxonomy":"product_cat","embeddable":true,"href":"https:\/\/naturalpoland.com\/cs\/wp-json\/wp\/v2\/product_cat?post=31414"},{"taxonomy":"product_tag","embeddable":true,"href":"https:\/\/naturalpoland.com\/cs\/wp-json\/wp\/v2\/product_tag?post=31414"}],"curies":[{"name":"wp","href":"https:\/\/api.w.org\/{rel}","templated":true}]}}