{"id":31447,"date":"2024-04-11T14:07:01","date_gmt":"2024-04-29T12:01:55","guid":{"rendered":"https:\/\/naturalpoland.com\/produkty\/neza\u0159azen\u00e9\/hydrolat-aloe-vera\/"},"modified":"2024-04-29T14:01:55","modified_gmt":"2024-04-29T12:01:55","slug":"hydrolat-aloe-vera","status":"publish","type":"product","link":"https:\/\/naturalpoland.com\/cs\/produkty\/produkty-pro-kosmeticky-prumysl\/hydrolaty-cs\/hydrolat-aloe-vera\/","title":{"rendered":"Hydrol\u00e1t aloe vera"},"content":{"rendered":"<p><strong>Vlastnosti<\/strong>:<\/p>\n<p>Hydrol\u00e1t aloe vera je mimo\u0159\u00e1dn\u011b jemn\u00fd a z\u00e1rove\u0148 \u00fa\u010dinn\u00fd, tak\u017ee je vhodn\u00fd pro v\u0161echny typy pleti, zejm\u00e9na pro citlivou, suchou a podr\u00e1\u017ed\u011bnou. Jeho hlavn\u00edm p\u0159\u00ednosem je <strong>hloubkov\u00e1 hydratace<\/strong>, kter\u00e1 dod\u00e1v\u00e1 pleti z\u00e1kladn\u00ed hydrata\u010dn\u00ed slo\u017eky a udr\u017euje ji jemnou, pru\u017enou a z\u00e1\u0159ivou.<\/p>\n<p>Zklid\u0148uj\u00edc\u00ed \u00fa\u010dinek hydrol\u00e1tu aloe vera je neoceniteln\u00fd pro zarudlou poko\u017eku, poko\u017eku podr\u00e1\u017ed\u011bnou vn\u011bj\u0161\u00edmi vlivy, jako je v\u00edtr, slunce nebo zne\u010di\u0161t\u011bn\u00ed, a tak\u00e9 po intenzivn\u00edch kosmetick\u00fdch procedur\u00e1ch. Pom\u00e1h\u00e1 <strong>zm\u00edrnit<\/strong> pocity <strong>p\u00e1len\u00ed a sv\u011bd\u011bn\u00ed<\/strong>, \u00fa\u010dinn\u011b redukuje zarudnut\u00ed a navrac\u00ed poko\u017ece pocit pohodl\u00ed.<\/p>\n<p><strong>Regenera\u010dn\u00ed vlastnosti<\/strong> hydrol\u00e1tu aloe vera podporuj\u00ed procesy obnovy bun\u011bk a urychluj\u00ed hojen\u00ed drobn\u00fdch poran\u011bn\u00ed poko\u017eky, jako jsou od\u0159eniny a mikroporan\u011bn\u00ed. D\u00edky p\u0159\u00edtomnosti antioxidant\u016f nav\u00edc tento hydrol\u00e1t p\u0159isp\u00edv\u00e1 k ochran\u011b pleti p\u0159ed po\u0161kozen\u00edm voln\u00fdmi radik\u00e1ly, \u010d\u00edm\u017e podporuje zachov\u00e1n\u00ed mladistv\u00e9ho vzhledu po del\u0161\u00ed dobu.<\/p>\n<p>Pou\u017eit\u00ed:<\/p>\n<p>Lehk\u00e1 vodov\u00e1 textura znamen\u00e1, \u017ee se hydrol\u00e1t rychle vst\u0159eb\u00e1v\u00e1, ani\u017e by na poko\u017ece zanech\u00e1val lepiv\u00fd film, a proto je vynikaj\u00edc\u00ed volbou jako ple\u0165ov\u00e9 tonikum, osv\u011b\u017euj\u00edc\u00ed mlha nebo p\u0159\u00edsada do dom\u00e1c\u00edch masek.<\/p>\n<p>&nbsp;<\/p>\n","protected":false},"excerpt":{"rendered":"<p>Aloe hydrolate se z\u00edsk\u00e1v\u00e1 z list\u016f rostliny aloe vera, kter\u00e1 je zn\u00e1m\u00e1 a cen\u011bn\u00e1 pro sv\u00e9 pozoruhodn\u00e9 \u00fa\u010dinky na zdrav\u00ed a p\u00e9\u010di o n\u011bj. Je zn\u00e1m\u00fd sv\u00fdmi vlastnostmi, kter\u00e9 vy\u017eivuj\u00ed, hydratuj\u00ed a podporuj\u00ed regeneraci poko\u017eky.<\/p>\n","protected":false},"featured_media":30965,"template":"","meta":[],"product_brand":[],"product_cat":[3548],"product_tag":[],"class_list":{"0":"post-31447","1":"product","2":"type-product","3":"status-publish","4":"has-post-thumbnail","6":"product_cat-hydrolaty-cs","7":"pa_grupa-substancji-destilaty","9":"first","10":"instock","11":"shipping-taxable","12":"product-type-simple"},"yoast_head":"<!-- This site is optimized with the Yoast SEO plugin v27.3 - https:\/\/yoast.com\/product\/yoast-seo-wordpress\/ -->\n<title>Hydrol\u00e1t aloe vera - Velkoobchodn\u00ed distributor<\/title>\n<meta name=\"description\" content=\"Hydrol\u00e1t aloe vera je d\u00edky sv\u00fdm hydrata\u010dn\u00edm, zklid\u0148uj\u00edc\u00edm a regenera\u010dn\u00edm vlastnostem v\u0161estrann\u00fdm a nepostradateln\u00fdm produktem v p\u00e9\u010di o ple\u0165,\" \/>\n<meta name=\"robots\" content=\"index, follow, max-snippet:-1, max-image-preview:large, max-video-preview:-1\" \/>\n<link rel=\"canonical\" href=\"https:\/\/naturalpoland.com\/cs\/produkty\/produkty-pro-kosmeticky-prumysl\/hydrolaty-cs\/hydrolat-aloe-vera\/\" \/>\n<meta property=\"og:locale\" content=\"cs_CZ\" \/>\n<meta property=\"og:type\" content=\"article\" \/>\n<meta property=\"og:title\" content=\"Hydrol\u00e1t aloe vera - Velkoobchodn\u00ed distributor\" \/>\n<meta property=\"og:description\" content=\"Hydrol\u00e1t aloe vera je d\u00edky sv\u00fdm hydrata\u010dn\u00edm, zklid\u0148uj\u00edc\u00edm a regenera\u010dn\u00edm vlastnostem v\u0161estrann\u00fdm a nepostradateln\u00fdm produktem v p\u00e9\u010di o ple\u0165,\" \/>\n<meta property=\"og:url\" content=\"https:\/\/naturalpoland.com\/cs\/produkty\/produkty-pro-kosmeticky-prumysl\/hydrolaty-cs\/hydrolat-aloe-vera\/\" \/>\n<meta property=\"og:site_name\" content=\"NATURAL POLAND - Velkoobchodn\u00ed distributor surovin\" \/>\n<meta property=\"article:publisher\" content=\"https:\/\/www.facebook.com\/naturalpoland.b2b\" \/>\n<meta property=\"og:image\" content=\"https:\/\/naturalpoland.com\/wp-content\/uploads\/hydrolat-aloesowy.webp\" \/>\n\t<meta property=\"og:image:width\" content=\"618\" \/>\n\t<meta property=\"og:image:height\" content=\"618\" \/>\n\t<meta property=\"og:image:type\" content=\"image\/webp\" \/>\n<script type=\"application\/ld+json\" class=\"yoast-schema-graph\">{\"@context\":\"https:\\\/\\\/schema.org\",\"@graph\":[{\"@type\":\"WebPage\",\"@id\":\"https:\\\/\\\/naturalpoland.com\\\/cs\\\/produkty\\\/produkty-pro-kosmeticky-prumysl\\\/hydrolaty-cs\\\/hydrolat-aloe-vera\\\/\",\"url\":\"https:\\\/\\\/naturalpoland.com\\\/cs\\\/produkty\\\/produkty-pro-kosmeticky-prumysl\\\/hydrolaty-cs\\\/hydrolat-aloe-vera\\\/\",\"name\":\"Hydrol\u00e1t aloe vera - Velkoobchodn\u00ed distributor\",\"isPartOf\":{\"@id\":\"https:\\\/\\\/naturalpoland.com\\\/cs\\\/#website\"},\"primaryImageOfPage\":{\"@id\":\"https:\\\/\\\/naturalpoland.com\\\/cs\\\/produkty\\\/produkty-pro-kosmeticky-prumysl\\\/hydrolaty-cs\\\/hydrolat-aloe-vera\\\/#primaryimage\"},\"image\":{\"@id\":\"https:\\\/\\\/naturalpoland.com\\\/cs\\\/produkty\\\/produkty-pro-kosmeticky-prumysl\\\/hydrolaty-cs\\\/hydrolat-aloe-vera\\\/#primaryimage\"},\"thumbnailUrl\":\"https:\\\/\\\/naturalpoland.com\\\/wp-content\\\/uploads\\\/hydrolat-aloesowy.webp\",\"datePublished\":\"2024-04-29T12:01:55+00:00\",\"description\":\"Hydrol\u00e1t aloe vera je d\u00edky sv\u00fdm hydrata\u010dn\u00edm, zklid\u0148uj\u00edc\u00edm a regenera\u010dn\u00edm vlastnostem v\u0161estrann\u00fdm a nepostradateln\u00fdm produktem v p\u00e9\u010di o ple\u0165,\",\"breadcrumb\":{\"@id\":\"https:\\\/\\\/naturalpoland.com\\\/cs\\\/produkty\\\/produkty-pro-kosmeticky-prumysl\\\/hydrolaty-cs\\\/hydrolat-aloe-vera\\\/#breadcrumb\"},\"inLanguage\":\"cs\",\"potentialAction\":[{\"@type\":\"ReadAction\",\"target\":[\"https:\\\/\\\/naturalpoland.com\\\/cs\\\/produkty\\\/produkty-pro-kosmeticky-prumysl\\\/hydrolaty-cs\\\/hydrolat-aloe-vera\\\/\"]}]},{\"@type\":\"ImageObject\",\"inLanguage\":\"cs\",\"@id\":\"https:\\\/\\\/naturalpoland.com\\\/cs\\\/produkty\\\/produkty-pro-kosmeticky-prumysl\\\/hydrolaty-cs\\\/hydrolat-aloe-vera\\\/#primaryimage\",\"url\":\"https:\\\/\\\/naturalpoland.com\\\/wp-content\\\/uploads\\\/hydrolat-aloesowy.webp\",\"contentUrl\":\"https:\\\/\\\/naturalpoland.com\\\/wp-content\\\/uploads\\\/hydrolat-aloesowy.webp\",\"width\":618,\"height\":618,\"caption\":\"hydrolat aloesowy\"},{\"@type\":\"BreadcrumbList\",\"@id\":\"https:\\\/\\\/naturalpoland.com\\\/cs\\\/produkty\\\/produkty-pro-kosmeticky-prumysl\\\/hydrolaty-cs\\\/hydrolat-aloe-vera\\\/#breadcrumb\",\"itemListElement\":[{\"@type\":\"ListItem\",\"position\":1,\"name\":\"Dom\u016f\",\"item\":\"https:\\\/\\\/naturalpoland.com\\\/cs\\\/\"},{\"@type\":\"ListItem\",\"position\":2,\"name\":\"Produkty\",\"item\":\"https:\\\/\\\/naturalpoland.com\\\/cs\\\/produkty\\\/\"},{\"@type\":\"ListItem\",\"position\":3,\"name\":\"Hydrol\u00e1t aloe vera\"}]},{\"@type\":\"WebSite\",\"@id\":\"https:\\\/\\\/naturalpoland.com\\\/cs\\\/#website\",\"url\":\"https:\\\/\\\/naturalpoland.com\\\/cs\\\/\",\"name\":\"NATURAL POLAND - Velkoobchodn\u00ed distributor surovin\",\"description\":\"Surowce dla przemys\u0142u spo\u017cywczego, kosmetycznego i farmaceutycznego\",\"publisher\":{\"@id\":\"https:\\\/\\\/naturalpoland.com\\\/cs\\\/#organization\"},\"potentialAction\":[{\"@type\":\"SearchAction\",\"target\":{\"@type\":\"EntryPoint\",\"urlTemplate\":\"https:\\\/\\\/naturalpoland.com\\\/cs\\\/?s={search_term_string}\"},\"query-input\":{\"@type\":\"PropertyValueSpecification\",\"valueRequired\":true,\"valueName\":\"search_term_string\"}}],\"inLanguage\":\"cs\"},{\"@type\":\"Organization\",\"@id\":\"https:\\\/\\\/naturalpoland.com\\\/cs\\\/#organization\",\"name\":\"Natural Poland\",\"url\":\"https:\\\/\\\/naturalpoland.com\\\/cs\\\/\",\"logo\":{\"@type\":\"ImageObject\",\"inLanguage\":\"cs\",\"@id\":\"https:\\\/\\\/naturalpoland.com\\\/cs\\\/#\\\/schema\\\/logo\\\/image\\\/\",\"url\":\"https:\\\/\\\/naturalpoland.com\\\/wp-content\\\/uploads\\\/2021\\\/05\\\/natural-poland-icon.png\",\"contentUrl\":\"https:\\\/\\\/naturalpoland.com\\\/wp-content\\\/uploads\\\/2021\\\/05\\\/natural-poland-icon.png\",\"width\":512,\"height\":512,\"caption\":\"Natural Poland\"},\"image\":{\"@id\":\"https:\\\/\\\/naturalpoland.com\\\/cs\\\/#\\\/schema\\\/logo\\\/image\\\/\"},\"sameAs\":[\"https:\\\/\\\/www.facebook.com\\\/naturalpoland.b2b\",\"https:\\\/\\\/pl.linkedin.com\\\/company\\\/natural-poland\",\"https:\\\/\\\/www.youtube.com\\\/channel\\\/UCgeGGkvOMahZo-xu_MSEWxg\"]}]}<\/script>\n<!-- \/ Yoast SEO plugin. -->","yoast_head_json":{"title":"Hydrol\u00e1t aloe vera - Velkoobchodn\u00ed distributor","description":"Hydrol\u00e1t aloe vera je d\u00edky sv\u00fdm hydrata\u010dn\u00edm, zklid\u0148uj\u00edc\u00edm a regenera\u010dn\u00edm vlastnostem v\u0161estrann\u00fdm a nepostradateln\u00fdm produktem v p\u00e9\u010di o ple\u0165,","robots":{"index":"index","follow":"follow","max-snippet":"max-snippet:-1","max-image-preview":"max-image-preview:large","max-video-preview":"max-video-preview:-1"},"canonical":"https:\/\/naturalpoland.com\/cs\/produkty\/produkty-pro-kosmeticky-prumysl\/hydrolaty-cs\/hydrolat-aloe-vera\/","og_locale":"cs_CZ","og_type":"article","og_title":"Hydrol\u00e1t aloe vera - Velkoobchodn\u00ed distributor","og_description":"Hydrol\u00e1t aloe vera je d\u00edky sv\u00fdm hydrata\u010dn\u00edm, zklid\u0148uj\u00edc\u00edm a regenera\u010dn\u00edm vlastnostem v\u0161estrann\u00fdm a nepostradateln\u00fdm produktem v p\u00e9\u010di o ple\u0165,","og_url":"https:\/\/naturalpoland.com\/cs\/produkty\/produkty-pro-kosmeticky-prumysl\/hydrolaty-cs\/hydrolat-aloe-vera\/","og_site_name":"NATURAL POLAND - Velkoobchodn\u00ed distributor surovin","article_publisher":"https:\/\/www.facebook.com\/naturalpoland.b2b","og_image":[{"width":618,"height":618,"url":"https:\/\/naturalpoland.com\/wp-content\/uploads\/hydrolat-aloesowy.webp","type":"image\/webp"}],"schema":{"@context":"https:\/\/schema.org","@graph":[{"@type":"WebPage","@id":"https:\/\/naturalpoland.com\/cs\/produkty\/produkty-pro-kosmeticky-prumysl\/hydrolaty-cs\/hydrolat-aloe-vera\/","url":"https:\/\/naturalpoland.com\/cs\/produkty\/produkty-pro-kosmeticky-prumysl\/hydrolaty-cs\/hydrolat-aloe-vera\/","name":"Hydrol\u00e1t aloe vera - Velkoobchodn\u00ed distributor","isPartOf":{"@id":"https:\/\/naturalpoland.com\/cs\/#website"},"primaryImageOfPage":{"@id":"https:\/\/naturalpoland.com\/cs\/produkty\/produkty-pro-kosmeticky-prumysl\/hydrolaty-cs\/hydrolat-aloe-vera\/#primaryimage"},"image":{"@id":"https:\/\/naturalpoland.com\/cs\/produkty\/produkty-pro-kosmeticky-prumysl\/hydrolaty-cs\/hydrolat-aloe-vera\/#primaryimage"},"thumbnailUrl":"https:\/\/naturalpoland.com\/wp-content\/uploads\/hydrolat-aloesowy.webp","datePublished":"2024-04-29T12:01:55+00:00","description":"Hydrol\u00e1t aloe vera je d\u00edky sv\u00fdm hydrata\u010dn\u00edm, zklid\u0148uj\u00edc\u00edm a regenera\u010dn\u00edm vlastnostem v\u0161estrann\u00fdm a nepostradateln\u00fdm produktem v p\u00e9\u010di o ple\u0165,","breadcrumb":{"@id":"https:\/\/naturalpoland.com\/cs\/produkty\/produkty-pro-kosmeticky-prumysl\/hydrolaty-cs\/hydrolat-aloe-vera\/#breadcrumb"},"inLanguage":"cs","potentialAction":[{"@type":"ReadAction","target":["https:\/\/naturalpoland.com\/cs\/produkty\/produkty-pro-kosmeticky-prumysl\/hydrolaty-cs\/hydrolat-aloe-vera\/"]}]},{"@type":"ImageObject","inLanguage":"cs","@id":"https:\/\/naturalpoland.com\/cs\/produkty\/produkty-pro-kosmeticky-prumysl\/hydrolaty-cs\/hydrolat-aloe-vera\/#primaryimage","url":"https:\/\/naturalpoland.com\/wp-content\/uploads\/hydrolat-aloesowy.webp","contentUrl":"https:\/\/naturalpoland.com\/wp-content\/uploads\/hydrolat-aloesowy.webp","width":618,"height":618,"caption":"hydrolat aloesowy"},{"@type":"BreadcrumbList","@id":"https:\/\/naturalpoland.com\/cs\/produkty\/produkty-pro-kosmeticky-prumysl\/hydrolaty-cs\/hydrolat-aloe-vera\/#breadcrumb","itemListElement":[{"@type":"ListItem","position":1,"name":"Dom\u016f","item":"https:\/\/naturalpoland.com\/cs\/"},{"@type":"ListItem","position":2,"name":"Produkty","item":"https:\/\/naturalpoland.com\/cs\/produkty\/"},{"@type":"ListItem","position":3,"name":"Hydrol\u00e1t aloe vera"}]},{"@type":"WebSite","@id":"https:\/\/naturalpoland.com\/cs\/#website","url":"https:\/\/naturalpoland.com\/cs\/","name":"NATURAL POLAND - Velkoobchodn\u00ed distributor surovin","description":"Surowce dla przemys\u0142u spo\u017cywczego, kosmetycznego i farmaceutycznego","publisher":{"@id":"https:\/\/naturalpoland.com\/cs\/#organization"},"potentialAction":[{"@type":"SearchAction","target":{"@type":"EntryPoint","urlTemplate":"https:\/\/naturalpoland.com\/cs\/?s={search_term_string}"},"query-input":{"@type":"PropertyValueSpecification","valueRequired":true,"valueName":"search_term_string"}}],"inLanguage":"cs"},{"@type":"Organization","@id":"https:\/\/naturalpoland.com\/cs\/#organization","name":"Natural Poland","url":"https:\/\/naturalpoland.com\/cs\/","logo":{"@type":"ImageObject","inLanguage":"cs","@id":"https:\/\/naturalpoland.com\/cs\/#\/schema\/logo\/image\/","url":"https:\/\/naturalpoland.com\/wp-content\/uploads\/2021\/05\/natural-poland-icon.png","contentUrl":"https:\/\/naturalpoland.com\/wp-content\/uploads\/2021\/05\/natural-poland-icon.png","width":512,"height":512,"caption":"Natural Poland"},"image":{"@id":"https:\/\/naturalpoland.com\/cs\/#\/schema\/logo\/image\/"},"sameAs":["https:\/\/www.facebook.com\/naturalpoland.b2b","https:\/\/pl.linkedin.com\/company\/natural-poland","https:\/\/www.youtube.com\/channel\/UCgeGGkvOMahZo-xu_MSEWxg"]}]}},"_links":{"self":[{"href":"https:\/\/naturalpoland.com\/cs\/wp-json\/wp\/v2\/product\/31447","targetHints":{"allow":["GET"]}}],"collection":[{"href":"https:\/\/naturalpoland.com\/cs\/wp-json\/wp\/v2\/product"}],"about":[{"href":"https:\/\/naturalpoland.com\/cs\/wp-json\/wp\/v2\/types\/product"}],"wp:featuredmedia":[{"embeddable":true,"href":"https:\/\/naturalpoland.com\/cs\/wp-json\/wp\/v2\/media\/30965"}],"wp:attachment":[{"href":"https:\/\/naturalpoland.com\/cs\/wp-json\/wp\/v2\/media?parent=31447"}],"wp:term":[{"taxonomy":"product_brand","embeddable":true,"href":"https:\/\/naturalpoland.com\/cs\/wp-json\/wp\/v2\/product_brand?post=31447"},{"taxonomy":"product_cat","embeddable":true,"href":"https:\/\/naturalpoland.com\/cs\/wp-json\/wp\/v2\/product_cat?post=31447"},{"taxonomy":"product_tag","embeddable":true,"href":"https:\/\/naturalpoland.com\/cs\/wp-json\/wp\/v2\/product_tag?post=31447"}],"curies":[{"name":"wp","href":"https:\/\/api.w.org\/{rel}","templated":true}]}}