{"id":31480,"date":"2024-04-10T14:38:24","date_gmt":"2024-04-29T12:04:30","guid":{"rendered":"https:\/\/naturalpoland.com\/produkty\/neza\u0159azen\u00e9\/extrakt-z-kvetu-koniklece-cinskeho-pulsatilla-chinensis\/"},"modified":"2024-04-29T14:04:30","modified_gmt":"2024-04-29T12:04:30","slug":"extrakt-z-kvetu-koniklece-cinskeho-pulsatilla-chinensis","status":"publish","type":"product","link":"https:\/\/naturalpoland.com\/cs\/produkty\/rostlinne-vytazky\/extrakt-z-kvetu-koniklece-cinskeho-pulsatilla-chinensis\/","title":{"rendered":"extrakt z kv\u011btu koniklece \u010d\u00ednsk\u00e9ho (Pulsatilla chinensis)"},"content":{"rendered":"<p><strong>Vlastnosti<\/strong><\/p>\n<p>Extrakt z \u010d\u00ednsk\u00e9ho tu\u017eebn\u00edku se vyr\u00e1b\u00ed za pou\u017eit\u00ed vody jako rozpou\u0161t\u011bdla, co\u017e zaji\u0161\u0165uje zachov\u00e1n\u00ed cenn\u00fdch rostlinn\u00fdch slo\u017eek. V\u00fdrobek neobsahuje GMO, t\u011b\u017ek\u00e9 kovy ani mykotoxiny, tak\u017ee je jeho pou\u017e\u00edv\u00e1n\u00ed bezpe\u010dn\u00e9. Krom\u011b toho neobsahuje \u0161kodliv\u00e9 patogeny.<\/p>\n<p>Jednou z hlavn\u00edch vlastnost\u00ed extraktu z \u010d\u00ednsk\u00e9 mace\u0161ky je jeho <strong>protiz\u00e1n\u011btliv\u00fd a antibakteri\u00e1ln\u00ed potenci\u00e1l<\/strong>. D\u00edky t\u011bmto vlastnostem se extrakt pou\u017e\u00edv\u00e1 v p\u0159\u00edrodn\u00ed terapii v boji proti r\u016fzn\u00fdm infekc\u00edm a ke zm\u00edrn\u011bn\u00ed z\u00e1n\u011bt\u016f v t\u011ble. \u00da\u010dinn\u00e9 l\u00e1tky obsa\u017een\u00e9 v \u010d\u00ednsk\u00e9 s\u00e1san\u011b nav\u00edc mohou podpo\u0159it imunitn\u00ed syst\u00e9m a zv\u00fd\u0161it obranyschopnost organismu proti patogen\u016fm.<\/p>\n<p>V\u00fdta\u017eek se vyzna\u010duje tak\u00e9 t\u00edm, \u017ee<strong>podporuje tr\u00e1vic\u00ed syst\u00e9m<\/strong>. D\u00edky sv\u00fdm vlastnostem m\u016f\u017ee pomoci regulovat tr\u00e1vic\u00ed trakt, zm\u00edrnit \u017ealude\u010dn\u00ed pot\u00ed\u017ee a zlep\u0161it celkovou funkci tr\u00e1vic\u00edho traktu.<\/p>\n<p><strong>Aplikace<\/strong><\/p>\n<p>Extrakt z \u010d\u00ednsk\u00e9ho tu\u017eebn\u00edku nach\u00e1z\u00ed sv\u00e9 m\u00edsto p\u0159i v\u00fdrob\u011b \u0161irok\u00e9 \u0161k\u00e1ly dopl\u0148k\u016f stravy pro ty, kte\u0159\u00ed hledaj\u00ed p\u0159\u00edrodn\u00ed podporu pro udr\u017een\u00ed zdrav\u00ed. Je cen\u011bn\u00fd zejm\u00e9na v p\u0159\u00edpravc\u00edch na podporu imunitn\u00edho syst\u00e9mu, zdrav\u00ed za\u017e\u00edvac\u00edho traktu a jako slo\u017eka antibakteri\u00e1ln\u00edch a protiz\u00e1n\u011btliv\u00fdch p\u0159\u00edpravk\u016f.<\/p>\n<p>&nbsp;<\/p>\n","protected":false},"excerpt":{"rendered":"<p>Extrakt z koniklece \u010d\u00ednsk\u00e9ho<em>(Pulsatilla chinensis<\/em>) je surovina z\u00edskan\u00e1 z oddenku t\u00e9to rostliny. Extrakt je cen\u011bn pro svou schopnost podporovat p\u0159irozen\u00e9 obrann\u00e9 mechanismy organismu a pro sv\u00e9 protiz\u00e1n\u011btliv\u00e9 a antibakteri\u00e1ln\u00ed vlastnosti.<\/p>\n","protected":false},"featured_media":30912,"template":"","meta":{"_acf_changed":false},"product_brand":[],"product_cat":[622],"product_tag":[],"class_list":{"0":"post-31480","1":"product","2":"type-product","3":"status-publish","4":"has-post-thumbnail","6":"product_cat-rostlinne-vytazky","7":"pa_certyfikaty-koser-certifikace","8":"pa_certyfikaty-halal-cs","9":"pa_czesc-rosliny-rhizome-cs","11":"first","12":"instock","13":"shipping-taxable","14":"product-type-simple"},"acf":[],"yoast_head":"<!-- This site is optimized with the Yoast SEO plugin v27.4 - https:\/\/yoast.com\/product\/yoast-seo-wordpress\/ -->\n<title>extrakt z kv\u011btu koniklece \u010d\u00ednsk\u00e9ho (Pulsatilla chinensis) - Velkoobchodn\u00ed distributor<\/title>\n<meta name=\"description\" content=\"Extrakt z koniklece \u010d\u00ednsk\u00e9ho (Pulsatilla chinensis) je cen\u011bnou slo\u017ekou v oblasti p\u0159\u00edrodn\u00edch dopl\u0148k\u016f stravy.\" \/>\n<meta name=\"robots\" content=\"index, follow, max-snippet:-1, max-image-preview:large, max-video-preview:-1\" \/>\n<link rel=\"canonical\" href=\"https:\/\/naturalpoland.com\/cs\/produkty\/rostlinne-vytazky\/extrakt-z-kvetu-koniklece-cinskeho-pulsatilla-chinensis\/\" \/>\n<meta property=\"og:locale\" content=\"cs_CZ\" \/>\n<meta property=\"og:type\" content=\"article\" \/>\n<meta property=\"og:title\" content=\"extrakt z kv\u011btu koniklece \u010d\u00ednsk\u00e9ho (Pulsatilla chinensis) - Velkoobchodn\u00ed distributor\" \/>\n<meta property=\"og:description\" content=\"Extrakt z koniklece \u010d\u00ednsk\u00e9ho (Pulsatilla chinensis) je cen\u011bnou slo\u017ekou v oblasti p\u0159\u00edrodn\u00edch dopl\u0148k\u016f stravy.\" \/>\n<meta property=\"og:url\" content=\"https:\/\/naturalpoland.com\/cs\/produkty\/rostlinne-vytazky\/extrakt-z-kvetu-koniklece-cinskeho-pulsatilla-chinensis\/\" \/>\n<meta property=\"og:site_name\" content=\"NATURAL POLAND - Velkoobchodn\u00ed distributor surovin\" \/>\n<meta property=\"article:publisher\" content=\"https:\/\/www.facebook.com\/naturalpoland.b2b\" \/>\n<meta property=\"og:image\" content=\"https:\/\/naturalpoland.com\/wp-content\/uploads\/pulsatilla_chinensis_extract.webp\" \/>\n\t<meta property=\"og:image:width\" content=\"1024\" \/>\n\t<meta property=\"og:image:height\" content=\"1024\" \/>\n\t<meta property=\"og:image:type\" content=\"image\/webp\" \/>\n<script type=\"application\/ld+json\" class=\"yoast-schema-graph\">{\"@context\":\"https:\\\/\\\/schema.org\",\"@graph\":[{\"@type\":\"WebPage\",\"@id\":\"https:\\\/\\\/naturalpoland.com\\\/cs\\\/produkty\\\/rostlinne-vytazky\\\/extrakt-z-kvetu-koniklece-cinskeho-pulsatilla-chinensis\\\/\",\"url\":\"https:\\\/\\\/naturalpoland.com\\\/cs\\\/produkty\\\/rostlinne-vytazky\\\/extrakt-z-kvetu-koniklece-cinskeho-pulsatilla-chinensis\\\/\",\"name\":\"extrakt z kv\u011btu koniklece \u010d\u00ednsk\u00e9ho (Pulsatilla chinensis) - Velkoobchodn\u00ed distributor\",\"isPartOf\":{\"@id\":\"https:\\\/\\\/naturalpoland.com\\\/cs\\\/#website\"},\"primaryImageOfPage\":{\"@id\":\"https:\\\/\\\/naturalpoland.com\\\/cs\\\/produkty\\\/rostlinne-vytazky\\\/extrakt-z-kvetu-koniklece-cinskeho-pulsatilla-chinensis\\\/#primaryimage\"},\"image\":{\"@id\":\"https:\\\/\\\/naturalpoland.com\\\/cs\\\/produkty\\\/rostlinne-vytazky\\\/extrakt-z-kvetu-koniklece-cinskeho-pulsatilla-chinensis\\\/#primaryimage\"},\"thumbnailUrl\":\"https:\\\/\\\/naturalpoland.com\\\/wp-content\\\/uploads\\\/pulsatilla_chinensis_extract.webp\",\"datePublished\":\"2024-04-29T12:04:30+00:00\",\"description\":\"Extrakt z koniklece \u010d\u00ednsk\u00e9ho (Pulsatilla chinensis) je cen\u011bnou slo\u017ekou v oblasti p\u0159\u00edrodn\u00edch dopl\u0148k\u016f stravy.\",\"breadcrumb\":{\"@id\":\"https:\\\/\\\/naturalpoland.com\\\/cs\\\/produkty\\\/rostlinne-vytazky\\\/extrakt-z-kvetu-koniklece-cinskeho-pulsatilla-chinensis\\\/#breadcrumb\"},\"inLanguage\":\"cs\",\"potentialAction\":[{\"@type\":\"ReadAction\",\"target\":[\"https:\\\/\\\/naturalpoland.com\\\/cs\\\/produkty\\\/rostlinne-vytazky\\\/extrakt-z-kvetu-koniklece-cinskeho-pulsatilla-chinensis\\\/\"]}]},{\"@type\":\"ImageObject\",\"inLanguage\":\"cs\",\"@id\":\"https:\\\/\\\/naturalpoland.com\\\/cs\\\/produkty\\\/rostlinne-vytazky\\\/extrakt-z-kvetu-koniklece-cinskeho-pulsatilla-chinensis\\\/#primaryimage\",\"url\":\"https:\\\/\\\/naturalpoland.com\\\/wp-content\\\/uploads\\\/pulsatilla_chinensis_extract.webp\",\"contentUrl\":\"https:\\\/\\\/naturalpoland.com\\\/wp-content\\\/uploads\\\/pulsatilla_chinensis_extract.webp\",\"width\":1024,\"height\":1024,\"caption\":\"Ekstrakt z sasanki chi\u0144skiej\"},{\"@type\":\"BreadcrumbList\",\"@id\":\"https:\\\/\\\/naturalpoland.com\\\/cs\\\/produkty\\\/rostlinne-vytazky\\\/extrakt-z-kvetu-koniklece-cinskeho-pulsatilla-chinensis\\\/#breadcrumb\",\"itemListElement\":[{\"@type\":\"ListItem\",\"position\":1,\"name\":\"Dom\u016f\",\"item\":\"https:\\\/\\\/naturalpoland.com\\\/cs\\\/\"},{\"@type\":\"ListItem\",\"position\":2,\"name\":\"Produkty\",\"item\":\"https:\\\/\\\/naturalpoland.com\\\/cs\\\/produkty\\\/\"},{\"@type\":\"ListItem\",\"position\":3,\"name\":\"extrakt z kv\u011btu koniklece \u010d\u00ednsk\u00e9ho (Pulsatilla chinensis)\"}]},{\"@type\":\"WebSite\",\"@id\":\"https:\\\/\\\/naturalpoland.com\\\/cs\\\/#website\",\"url\":\"https:\\\/\\\/naturalpoland.com\\\/cs\\\/\",\"name\":\"NATURAL POLAND - Velkoobchodn\u00ed distributor surovin\",\"description\":\"Surowce dla przemys\u0142u spo\u017cywczego, kosmetycznego i farmaceutycznego\",\"publisher\":{\"@id\":\"https:\\\/\\\/naturalpoland.com\\\/cs\\\/#organization\"},\"potentialAction\":[{\"@type\":\"SearchAction\",\"target\":{\"@type\":\"EntryPoint\",\"urlTemplate\":\"https:\\\/\\\/naturalpoland.com\\\/cs\\\/?s={search_term_string}\"},\"query-input\":{\"@type\":\"PropertyValueSpecification\",\"valueRequired\":true,\"valueName\":\"search_term_string\"}}],\"inLanguage\":\"cs\"},{\"@type\":\"Organization\",\"@id\":\"https:\\\/\\\/naturalpoland.com\\\/cs\\\/#organization\",\"name\":\"Natural Poland\",\"url\":\"https:\\\/\\\/naturalpoland.com\\\/cs\\\/\",\"logo\":{\"@type\":\"ImageObject\",\"inLanguage\":\"cs\",\"@id\":\"https:\\\/\\\/naturalpoland.com\\\/cs\\\/#\\\/schema\\\/logo\\\/image\\\/\",\"url\":\"https:\\\/\\\/naturalpoland.com\\\/wp-content\\\/uploads\\\/2021\\\/05\\\/natural-poland-icon.png\",\"contentUrl\":\"https:\\\/\\\/naturalpoland.com\\\/wp-content\\\/uploads\\\/2021\\\/05\\\/natural-poland-icon.png\",\"width\":512,\"height\":512,\"caption\":\"Natural Poland\"},\"image\":{\"@id\":\"https:\\\/\\\/naturalpoland.com\\\/cs\\\/#\\\/schema\\\/logo\\\/image\\\/\"},\"sameAs\":[\"https:\\\/\\\/www.facebook.com\\\/naturalpoland.b2b\",\"https:\\\/\\\/pl.linkedin.com\\\/company\\\/natural-poland\",\"https:\\\/\\\/www.youtube.com\\\/channel\\\/UCgeGGkvOMahZo-xu_MSEWxg\"]}]}<\/script>\n<!-- \/ Yoast SEO plugin. -->","yoast_head_json":{"title":"extrakt z kv\u011btu koniklece \u010d\u00ednsk\u00e9ho (Pulsatilla chinensis) - Velkoobchodn\u00ed distributor","description":"Extrakt z koniklece \u010d\u00ednsk\u00e9ho (Pulsatilla chinensis) je cen\u011bnou slo\u017ekou v oblasti p\u0159\u00edrodn\u00edch dopl\u0148k\u016f stravy.","robots":{"index":"index","follow":"follow","max-snippet":"max-snippet:-1","max-image-preview":"max-image-preview:large","max-video-preview":"max-video-preview:-1"},"canonical":"https:\/\/naturalpoland.com\/cs\/produkty\/rostlinne-vytazky\/extrakt-z-kvetu-koniklece-cinskeho-pulsatilla-chinensis\/","og_locale":"cs_CZ","og_type":"article","og_title":"extrakt z kv\u011btu koniklece \u010d\u00ednsk\u00e9ho (Pulsatilla chinensis) - Velkoobchodn\u00ed distributor","og_description":"Extrakt z koniklece \u010d\u00ednsk\u00e9ho (Pulsatilla chinensis) je cen\u011bnou slo\u017ekou v oblasti p\u0159\u00edrodn\u00edch dopl\u0148k\u016f stravy.","og_url":"https:\/\/naturalpoland.com\/cs\/produkty\/rostlinne-vytazky\/extrakt-z-kvetu-koniklece-cinskeho-pulsatilla-chinensis\/","og_site_name":"NATURAL POLAND - Velkoobchodn\u00ed distributor surovin","article_publisher":"https:\/\/www.facebook.com\/naturalpoland.b2b","og_image":[{"width":1024,"height":1024,"url":"https:\/\/naturalpoland.com\/wp-content\/uploads\/pulsatilla_chinensis_extract.webp","type":"image\/webp"}],"schema":{"@context":"https:\/\/schema.org","@graph":[{"@type":"WebPage","@id":"https:\/\/naturalpoland.com\/cs\/produkty\/rostlinne-vytazky\/extrakt-z-kvetu-koniklece-cinskeho-pulsatilla-chinensis\/","url":"https:\/\/naturalpoland.com\/cs\/produkty\/rostlinne-vytazky\/extrakt-z-kvetu-koniklece-cinskeho-pulsatilla-chinensis\/","name":"extrakt z kv\u011btu koniklece \u010d\u00ednsk\u00e9ho (Pulsatilla chinensis) - Velkoobchodn\u00ed distributor","isPartOf":{"@id":"https:\/\/naturalpoland.com\/cs\/#website"},"primaryImageOfPage":{"@id":"https:\/\/naturalpoland.com\/cs\/produkty\/rostlinne-vytazky\/extrakt-z-kvetu-koniklece-cinskeho-pulsatilla-chinensis\/#primaryimage"},"image":{"@id":"https:\/\/naturalpoland.com\/cs\/produkty\/rostlinne-vytazky\/extrakt-z-kvetu-koniklece-cinskeho-pulsatilla-chinensis\/#primaryimage"},"thumbnailUrl":"https:\/\/naturalpoland.com\/wp-content\/uploads\/pulsatilla_chinensis_extract.webp","datePublished":"2024-04-29T12:04:30+00:00","description":"Extrakt z koniklece \u010d\u00ednsk\u00e9ho (Pulsatilla chinensis) je cen\u011bnou slo\u017ekou v oblasti p\u0159\u00edrodn\u00edch dopl\u0148k\u016f stravy.","breadcrumb":{"@id":"https:\/\/naturalpoland.com\/cs\/produkty\/rostlinne-vytazky\/extrakt-z-kvetu-koniklece-cinskeho-pulsatilla-chinensis\/#breadcrumb"},"inLanguage":"cs","potentialAction":[{"@type":"ReadAction","target":["https:\/\/naturalpoland.com\/cs\/produkty\/rostlinne-vytazky\/extrakt-z-kvetu-koniklece-cinskeho-pulsatilla-chinensis\/"]}]},{"@type":"ImageObject","inLanguage":"cs","@id":"https:\/\/naturalpoland.com\/cs\/produkty\/rostlinne-vytazky\/extrakt-z-kvetu-koniklece-cinskeho-pulsatilla-chinensis\/#primaryimage","url":"https:\/\/naturalpoland.com\/wp-content\/uploads\/pulsatilla_chinensis_extract.webp","contentUrl":"https:\/\/naturalpoland.com\/wp-content\/uploads\/pulsatilla_chinensis_extract.webp","width":1024,"height":1024,"caption":"Ekstrakt z sasanki chi\u0144skiej"},{"@type":"BreadcrumbList","@id":"https:\/\/naturalpoland.com\/cs\/produkty\/rostlinne-vytazky\/extrakt-z-kvetu-koniklece-cinskeho-pulsatilla-chinensis\/#breadcrumb","itemListElement":[{"@type":"ListItem","position":1,"name":"Dom\u016f","item":"https:\/\/naturalpoland.com\/cs\/"},{"@type":"ListItem","position":2,"name":"Produkty","item":"https:\/\/naturalpoland.com\/cs\/produkty\/"},{"@type":"ListItem","position":3,"name":"extrakt z kv\u011btu koniklece \u010d\u00ednsk\u00e9ho (Pulsatilla chinensis)"}]},{"@type":"WebSite","@id":"https:\/\/naturalpoland.com\/cs\/#website","url":"https:\/\/naturalpoland.com\/cs\/","name":"NATURAL POLAND - Velkoobchodn\u00ed distributor surovin","description":"Surowce dla przemys\u0142u spo\u017cywczego, kosmetycznego i farmaceutycznego","publisher":{"@id":"https:\/\/naturalpoland.com\/cs\/#organization"},"potentialAction":[{"@type":"SearchAction","target":{"@type":"EntryPoint","urlTemplate":"https:\/\/naturalpoland.com\/cs\/?s={search_term_string}"},"query-input":{"@type":"PropertyValueSpecification","valueRequired":true,"valueName":"search_term_string"}}],"inLanguage":"cs"},{"@type":"Organization","@id":"https:\/\/naturalpoland.com\/cs\/#organization","name":"Natural Poland","url":"https:\/\/naturalpoland.com\/cs\/","logo":{"@type":"ImageObject","inLanguage":"cs","@id":"https:\/\/naturalpoland.com\/cs\/#\/schema\/logo\/image\/","url":"https:\/\/naturalpoland.com\/wp-content\/uploads\/2021\/05\/natural-poland-icon.png","contentUrl":"https:\/\/naturalpoland.com\/wp-content\/uploads\/2021\/05\/natural-poland-icon.png","width":512,"height":512,"caption":"Natural Poland"},"image":{"@id":"https:\/\/naturalpoland.com\/cs\/#\/schema\/logo\/image\/"},"sameAs":["https:\/\/www.facebook.com\/naturalpoland.b2b","https:\/\/pl.linkedin.com\/company\/natural-poland","https:\/\/www.youtube.com\/channel\/UCgeGGkvOMahZo-xu_MSEWxg"]}]}},"_links":{"self":[{"href":"https:\/\/naturalpoland.com\/cs\/wp-json\/wp\/v2\/product\/31480","targetHints":{"allow":["GET"]}}],"collection":[{"href":"https:\/\/naturalpoland.com\/cs\/wp-json\/wp\/v2\/product"}],"about":[{"href":"https:\/\/naturalpoland.com\/cs\/wp-json\/wp\/v2\/types\/product"}],"wp:featuredmedia":[{"embeddable":true,"href":"https:\/\/naturalpoland.com\/cs\/wp-json\/wp\/v2\/media\/30912"}],"wp:attachment":[{"href":"https:\/\/naturalpoland.com\/cs\/wp-json\/wp\/v2\/media?parent=31480"}],"wp:term":[{"taxonomy":"product_brand","embeddable":true,"href":"https:\/\/naturalpoland.com\/cs\/wp-json\/wp\/v2\/product_brand?post=31480"},{"taxonomy":"product_cat","embeddable":true,"href":"https:\/\/naturalpoland.com\/cs\/wp-json\/wp\/v2\/product_cat?post=31480"},{"taxonomy":"product_tag","embeddable":true,"href":"https:\/\/naturalpoland.com\/cs\/wp-json\/wp\/v2\/product_tag?post=31480"}],"curies":[{"name":"wp","href":"https:\/\/api.w.org\/{rel}","templated":true}]}}