{"id":31491,"date":"2024-04-10T12:40:15","date_gmt":"2024-04-10T10:40:15","guid":{"rendered":"https:\/\/naturalpoland.com\/produkty\/neza\u0159azen\u00e9\/kukuricny-skrob\/"},"modified":"2026-01-22T11:20:47","modified_gmt":"2026-01-22T10:20:47","slug":"kukuricny-skrob","status":"publish","type":"product","link":"https:\/\/naturalpoland.com\/cs\/produkty\/produkty-pro-potravinarsky-prumysl\/suroviny-pro-vyrobu\/kukuricny-skrob\/","title":{"rendered":"Kuku\u0159i\u010dn\u00fd \u0161krob"},"content":{"rendered":"<p><strong>Vlastnosti a pou\u017eit\u00ed kuku\u0159i\u010dn\u00e9ho \u0161krobu<\/strong><\/p>\n<p>Kuku\u0159i\u010dn\u00fd \u0161krob m\u00e1 b\u00edlou barvu a typickou jemnou chu\u0165 a v\u016fni. Jeho textura &#8211; sypk\u00e1 a lehk\u00e1 &#8211; umo\u017e\u0148uje snadn\u00e9 p\u0159id\u00e1v\u00e1n\u00ed do r\u016fzn\u00fdch receptur, od pe\u010diva a\u017e po dezerty a n\u00e1poje. Kuku\u0159i\u010dn\u00fd \u0161krob m\u00e1 schopnost po zah\u0159\u00e1t\u00ed vytv\u00e1\u0159et gely, kter\u00e9 se pou\u017e\u00edvaj\u00ed k zahu\u0161\u0165ov\u00e1n\u00ed om\u00e1\u010dek, pol\u00e9vek nebo n\u00e1pln\u00ed kol\u00e1\u010d\u016f, a z\u00e1rove\u0148 zaji\u0161\u0165uj\u00ed pr\u016fzra\u010dnost a leskl\u00fd povrch pokrm\u016f.<\/p>\n<p>Ve <strong><a href=\"https:\/\/naturalpoland.com\/cs\/kategorie\/produkty-pro-farmaceuticky-a-zdravotnicky-prumysl\/\">farmaceutick\u00e9m pr\u016fmyslu<\/a> <\/strong>se kuku\u0159i\u010dn\u00fd \u0161krob pou\u017e\u00edv\u00e1 jako plnidlo v tablet\u00e1ch a kapsl\u00edch, kde p\u016fsob\u00ed jako nosi\u010d l\u00e9\u010div\u00fdch l\u00e1tek a usnad\u0148uje jejich d\u00e1vkov\u00e1n\u00ed a uvol\u0148ov\u00e1n\u00ed.<\/p>\n<p>Krom\u011b toho je d\u00edky sv\u00fdm vlastnostem v\u00e1zat vlhkost cen\u011bnou slo\u017ekou <strong>p\u0159i v\u00fdrob\u011b kosmetiky<\/strong>, kde se pou\u017e\u00edv\u00e1 k regulaci viskozity v\u00fdrobk\u016f a jako p\u0159irozen\u00fd absorb\u00e9r p\u0159ebyte\u010dn\u00e9ho ko\u017en\u00edho mazu.<\/p>\n<p><strong>Zabezpe\u010den\u00ed<\/strong><\/p>\n<p>P\u0159\u00edpravek m\u00e1 tak\u00e9 p\u0159\u00edzniv\u00fd bezpe\u010dnostn\u00ed profil. Kuku\u0159i\u010dn\u00fd \u0161krob neobsahuje GMO a je vyr\u00e1b\u011bn bez pou\u017eit\u00ed konzerva\u010dn\u00edch l\u00e1tek. Fyzik\u00e1ln\u011b-chemick\u00e9 kontroly potvrzuj\u00ed n\u00edzk\u00fd obsah vlhkosti, popela a b\u00edlkovin, co\u017e sv\u011bd\u010d\u00ed o vysok\u00e9 \u010distot\u011b slo\u017eky. Krom\u011b toho \u0161krob spl\u0148uje p\u0159\u00edsn\u00e9 normy na obsah t\u011b\u017ek\u00fdch kov\u016f a mykotoxin\u016f, co\u017e zaru\u010duje bezpe\u010dn\u00e9 pou\u017eit\u00ed.<\/p>\n<hr \/>\n<h3>V\u00fd\u017eivov\u00e9 hodnoty<\/h3>\n<table>\n<tbody>\n<tr>\n<td><b>V\u00fd\u017eivov\u00e1 hodnota v\u00fdrobku<\/b><\/td>\n<td><b>ve 100 g<\/b><\/td>\n<\/tr>\n<tr>\n<td>Energetick\u00e1 hodnota<\/td>\n<td>1493 kJ \/ 351 kcal<\/td>\n<\/tr>\n<tr>\n<td>Tuk<\/td>\n<td>0 g<\/td>\n<\/tr>\n<tr>\n<td>z toho nasycen\u00e9 mastn\u00e9 kyseliny<\/td>\n<td>0 g<\/td>\n<\/tr>\n<tr>\n<td>Sacharidy<\/td>\n<td>86,8 g<\/td>\n<\/tr>\n<tr>\n<td>z toho cukry<\/td>\n<td>0,9 g<\/td>\n<\/tr>\n<tr>\n<td>Vl\u00e1kna<\/td>\n<td>1,7 g<\/td>\n<\/tr>\n<tr>\n<td>Protein<\/td>\n<td>0,2 g<\/td>\n<\/tr>\n<tr>\n<td>S\u016fl *<\/td>\n<td>0,01 g<\/td>\n<\/tr>\n<\/tbody>\n<\/table>\n<p>*Obsah soli je d\u00e1n v\u00fdhradn\u011b p\u0159\u00edtomnost\u00ed p\u0159irozen\u011b se vyskytuj\u00edc\u00edho sod\u00edku.<\/p>\n","protected":false},"excerpt":{"rendered":"<p>Kuku\u0159i\u010dn\u00fd \u0161krob je univerz\u00e1ln\u00ed p\u0159\u00edsada, kter\u00e1 m\u00e1 dobr\u00e9 jm\u00e9no v potravin\u00e1\u0159sk\u00e9m, farmaceutick\u00e9m a kosmetick\u00e9m pr\u016fmyslu. Jedn\u00e1 se o p\u0159\u00edrodn\u00ed polymer z\u00edsk\u00e1van\u00fd z kuku\u0159i\u010dn\u00fdch zrn.<\/p>\n","protected":false},"featured_media":31367,"template":"","meta":{"_acf_changed":false},"product_brand":[],"product_cat":[641],"product_tag":[],"class_list":{"0":"post-31491","1":"product","2":"type-product","3":"status-publish","4":"has-post-thumbnail","6":"product_cat-suroviny-pro-vyrobu","8":"first","9":"instock","10":"shipping-taxable","11":"product-type-simple"},"acf":[],"yoast_head":"<!-- This site is optimized with the Yoast SEO plugin v27.4 - https:\/\/yoast.com\/product\/yoast-seo-wordpress\/ -->\n<title>Kuku\u0159i\u010dn\u00fd \u0161krob - Velkoobchodn\u00ed distributor<\/title>\n<meta name=\"description\" content=\"Kuku\u0159i\u010dn\u00fd \u0161krob je d\u00edky sv\u00fdm vlastnostem kl\u00ed\u010dovou slo\u017ekou pro v\u00fdrobce, kte\u0159\u00ed se sna\u017e\u00ed vytv\u00e1\u0159et vysoce kvalitn\u00ed v\u00fdrobky.\" \/>\n<meta name=\"robots\" content=\"index, follow, max-snippet:-1, max-image-preview:large, max-video-preview:-1\" \/>\n<link rel=\"canonical\" href=\"https:\/\/naturalpoland.com\/cs\/produkty\/produkty-pro-potravinarsky-prumysl\/suroviny-pro-vyrobu\/kukuricny-skrob\/\" \/>\n<meta property=\"og:locale\" content=\"cs_CZ\" \/>\n<meta property=\"og:type\" content=\"article\" \/>\n<meta property=\"og:title\" content=\"Kuku\u0159i\u010dn\u00fd \u0161krob - Velkoobchodn\u00ed distributor\" \/>\n<meta property=\"og:description\" content=\"Kuku\u0159i\u010dn\u00fd \u0161krob je d\u00edky sv\u00fdm vlastnostem kl\u00ed\u010dovou slo\u017ekou pro v\u00fdrobce, kte\u0159\u00ed se sna\u017e\u00ed vytv\u00e1\u0159et vysoce kvalitn\u00ed v\u00fdrobky.\" \/>\n<meta property=\"og:url\" content=\"https:\/\/naturalpoland.com\/cs\/produkty\/produkty-pro-potravinarsky-prumysl\/suroviny-pro-vyrobu\/kukuricny-skrob\/\" \/>\n<meta property=\"og:site_name\" content=\"NATURAL POLAND - Velkoobchodn\u00ed distributor surovin\" \/>\n<meta property=\"article:publisher\" content=\"https:\/\/www.facebook.com\/naturalpoland.b2b\" \/>\n<meta property=\"article:modified_time\" content=\"2026-01-22T10:20:47+00:00\" \/>\n<meta property=\"og:image\" content=\"https:\/\/naturalpoland.com\/wp-content\/uploads\/skrobia-kukurydziana-1.jpg\" \/>\n\t<meta property=\"og:image:width\" content=\"500\" \/>\n\t<meta property=\"og:image:height\" content=\"500\" \/>\n\t<meta property=\"og:image:type\" content=\"image\/jpeg\" \/>\n<script type=\"application\/ld+json\" class=\"yoast-schema-graph\">{\"@context\":\"https:\\\/\\\/schema.org\",\"@graph\":[{\"@type\":\"WebPage\",\"@id\":\"https:\\\/\\\/naturalpoland.com\\\/cs\\\/produkty\\\/produkty-pro-potravinarsky-prumysl\\\/suroviny-pro-vyrobu\\\/kukuricny-skrob\\\/\",\"url\":\"https:\\\/\\\/naturalpoland.com\\\/cs\\\/produkty\\\/produkty-pro-potravinarsky-prumysl\\\/suroviny-pro-vyrobu\\\/kukuricny-skrob\\\/\",\"name\":\"Kuku\u0159i\u010dn\u00fd \u0161krob - Velkoobchodn\u00ed distributor\",\"isPartOf\":{\"@id\":\"https:\\\/\\\/naturalpoland.com\\\/cs\\\/#website\"},\"primaryImageOfPage\":{\"@id\":\"https:\\\/\\\/naturalpoland.com\\\/cs\\\/produkty\\\/produkty-pro-potravinarsky-prumysl\\\/suroviny-pro-vyrobu\\\/kukuricny-skrob\\\/#primaryimage\"},\"image\":{\"@id\":\"https:\\\/\\\/naturalpoland.com\\\/cs\\\/produkty\\\/produkty-pro-potravinarsky-prumysl\\\/suroviny-pro-vyrobu\\\/kukuricny-skrob\\\/#primaryimage\"},\"thumbnailUrl\":\"https:\\\/\\\/naturalpoland.com\\\/wp-content\\\/uploads\\\/skrobia-kukurydziana-1.jpg\",\"datePublished\":\"2024-04-10T10:40:15+00:00\",\"dateModified\":\"2026-01-22T10:20:47+00:00\",\"description\":\"Kuku\u0159i\u010dn\u00fd \u0161krob je d\u00edky sv\u00fdm vlastnostem kl\u00ed\u010dovou slo\u017ekou pro v\u00fdrobce, kte\u0159\u00ed se sna\u017e\u00ed vytv\u00e1\u0159et vysoce kvalitn\u00ed v\u00fdrobky.\",\"breadcrumb\":{\"@id\":\"https:\\\/\\\/naturalpoland.com\\\/cs\\\/produkty\\\/produkty-pro-potravinarsky-prumysl\\\/suroviny-pro-vyrobu\\\/kukuricny-skrob\\\/#breadcrumb\"},\"inLanguage\":\"cs\",\"potentialAction\":[{\"@type\":\"ReadAction\",\"target\":[\"https:\\\/\\\/naturalpoland.com\\\/cs\\\/produkty\\\/produkty-pro-potravinarsky-prumysl\\\/suroviny-pro-vyrobu\\\/kukuricny-skrob\\\/\"]}]},{\"@type\":\"ImageObject\",\"inLanguage\":\"cs\",\"@id\":\"https:\\\/\\\/naturalpoland.com\\\/cs\\\/produkty\\\/produkty-pro-potravinarsky-prumysl\\\/suroviny-pro-vyrobu\\\/kukuricny-skrob\\\/#primaryimage\",\"url\":\"https:\\\/\\\/naturalpoland.com\\\/wp-content\\\/uploads\\\/skrobia-kukurydziana-1.jpg\",\"contentUrl\":\"https:\\\/\\\/naturalpoland.com\\\/wp-content\\\/uploads\\\/skrobia-kukurydziana-1.jpg\",\"width\":500,\"height\":500,\"caption\":\"skrobia kukurydziana\"},{\"@type\":\"BreadcrumbList\",\"@id\":\"https:\\\/\\\/naturalpoland.com\\\/cs\\\/produkty\\\/produkty-pro-potravinarsky-prumysl\\\/suroviny-pro-vyrobu\\\/kukuricny-skrob\\\/#breadcrumb\",\"itemListElement\":[{\"@type\":\"ListItem\",\"position\":1,\"name\":\"Dom\u016f\",\"item\":\"https:\\\/\\\/naturalpoland.com\\\/cs\\\/\"},{\"@type\":\"ListItem\",\"position\":2,\"name\":\"Produkty\",\"item\":\"https:\\\/\\\/naturalpoland.com\\\/cs\\\/produkty\\\/\"},{\"@type\":\"ListItem\",\"position\":3,\"name\":\"Kuku\u0159i\u010dn\u00fd \u0161krob\"}]},{\"@type\":\"WebSite\",\"@id\":\"https:\\\/\\\/naturalpoland.com\\\/cs\\\/#website\",\"url\":\"https:\\\/\\\/naturalpoland.com\\\/cs\\\/\",\"name\":\"NATURAL POLAND - Velkoobchodn\u00ed distributor surovin\",\"description\":\"Surowce dla przemys\u0142u spo\u017cywczego, kosmetycznego i farmaceutycznego\",\"publisher\":{\"@id\":\"https:\\\/\\\/naturalpoland.com\\\/cs\\\/#organization\"},\"potentialAction\":[{\"@type\":\"SearchAction\",\"target\":{\"@type\":\"EntryPoint\",\"urlTemplate\":\"https:\\\/\\\/naturalpoland.com\\\/cs\\\/?s={search_term_string}\"},\"query-input\":{\"@type\":\"PropertyValueSpecification\",\"valueRequired\":true,\"valueName\":\"search_term_string\"}}],\"inLanguage\":\"cs\"},{\"@type\":\"Organization\",\"@id\":\"https:\\\/\\\/naturalpoland.com\\\/cs\\\/#organization\",\"name\":\"Natural Poland\",\"url\":\"https:\\\/\\\/naturalpoland.com\\\/cs\\\/\",\"logo\":{\"@type\":\"ImageObject\",\"inLanguage\":\"cs\",\"@id\":\"https:\\\/\\\/naturalpoland.com\\\/cs\\\/#\\\/schema\\\/logo\\\/image\\\/\",\"url\":\"https:\\\/\\\/naturalpoland.com\\\/wp-content\\\/uploads\\\/2021\\\/05\\\/natural-poland-icon.png\",\"contentUrl\":\"https:\\\/\\\/naturalpoland.com\\\/wp-content\\\/uploads\\\/2021\\\/05\\\/natural-poland-icon.png\",\"width\":512,\"height\":512,\"caption\":\"Natural Poland\"},\"image\":{\"@id\":\"https:\\\/\\\/naturalpoland.com\\\/cs\\\/#\\\/schema\\\/logo\\\/image\\\/\"},\"sameAs\":[\"https:\\\/\\\/www.facebook.com\\\/naturalpoland.b2b\",\"https:\\\/\\\/pl.linkedin.com\\\/company\\\/natural-poland\",\"https:\\\/\\\/www.youtube.com\\\/channel\\\/UCgeGGkvOMahZo-xu_MSEWxg\"]}]}<\/script>\n<!-- \/ Yoast SEO plugin. -->","yoast_head_json":{"title":"Kuku\u0159i\u010dn\u00fd \u0161krob - Velkoobchodn\u00ed distributor","description":"Kuku\u0159i\u010dn\u00fd \u0161krob je d\u00edky sv\u00fdm vlastnostem kl\u00ed\u010dovou slo\u017ekou pro v\u00fdrobce, kte\u0159\u00ed se sna\u017e\u00ed vytv\u00e1\u0159et vysoce kvalitn\u00ed v\u00fdrobky.","robots":{"index":"index","follow":"follow","max-snippet":"max-snippet:-1","max-image-preview":"max-image-preview:large","max-video-preview":"max-video-preview:-1"},"canonical":"https:\/\/naturalpoland.com\/cs\/produkty\/produkty-pro-potravinarsky-prumysl\/suroviny-pro-vyrobu\/kukuricny-skrob\/","og_locale":"cs_CZ","og_type":"article","og_title":"Kuku\u0159i\u010dn\u00fd \u0161krob - Velkoobchodn\u00ed distributor","og_description":"Kuku\u0159i\u010dn\u00fd \u0161krob je d\u00edky sv\u00fdm vlastnostem kl\u00ed\u010dovou slo\u017ekou pro v\u00fdrobce, kte\u0159\u00ed se sna\u017e\u00ed vytv\u00e1\u0159et vysoce kvalitn\u00ed v\u00fdrobky.","og_url":"https:\/\/naturalpoland.com\/cs\/produkty\/produkty-pro-potravinarsky-prumysl\/suroviny-pro-vyrobu\/kukuricny-skrob\/","og_site_name":"NATURAL POLAND - Velkoobchodn\u00ed distributor surovin","article_publisher":"https:\/\/www.facebook.com\/naturalpoland.b2b","article_modified_time":"2026-01-22T10:20:47+00:00","og_image":[{"width":500,"height":500,"url":"https:\/\/naturalpoland.com\/wp-content\/uploads\/skrobia-kukurydziana-1.jpg","type":"image\/jpeg"}],"schema":{"@context":"https:\/\/schema.org","@graph":[{"@type":"WebPage","@id":"https:\/\/naturalpoland.com\/cs\/produkty\/produkty-pro-potravinarsky-prumysl\/suroviny-pro-vyrobu\/kukuricny-skrob\/","url":"https:\/\/naturalpoland.com\/cs\/produkty\/produkty-pro-potravinarsky-prumysl\/suroviny-pro-vyrobu\/kukuricny-skrob\/","name":"Kuku\u0159i\u010dn\u00fd \u0161krob - Velkoobchodn\u00ed distributor","isPartOf":{"@id":"https:\/\/naturalpoland.com\/cs\/#website"},"primaryImageOfPage":{"@id":"https:\/\/naturalpoland.com\/cs\/produkty\/produkty-pro-potravinarsky-prumysl\/suroviny-pro-vyrobu\/kukuricny-skrob\/#primaryimage"},"image":{"@id":"https:\/\/naturalpoland.com\/cs\/produkty\/produkty-pro-potravinarsky-prumysl\/suroviny-pro-vyrobu\/kukuricny-skrob\/#primaryimage"},"thumbnailUrl":"https:\/\/naturalpoland.com\/wp-content\/uploads\/skrobia-kukurydziana-1.jpg","datePublished":"2024-04-10T10:40:15+00:00","dateModified":"2026-01-22T10:20:47+00:00","description":"Kuku\u0159i\u010dn\u00fd \u0161krob je d\u00edky sv\u00fdm vlastnostem kl\u00ed\u010dovou slo\u017ekou pro v\u00fdrobce, kte\u0159\u00ed se sna\u017e\u00ed vytv\u00e1\u0159et vysoce kvalitn\u00ed v\u00fdrobky.","breadcrumb":{"@id":"https:\/\/naturalpoland.com\/cs\/produkty\/produkty-pro-potravinarsky-prumysl\/suroviny-pro-vyrobu\/kukuricny-skrob\/#breadcrumb"},"inLanguage":"cs","potentialAction":[{"@type":"ReadAction","target":["https:\/\/naturalpoland.com\/cs\/produkty\/produkty-pro-potravinarsky-prumysl\/suroviny-pro-vyrobu\/kukuricny-skrob\/"]}]},{"@type":"ImageObject","inLanguage":"cs","@id":"https:\/\/naturalpoland.com\/cs\/produkty\/produkty-pro-potravinarsky-prumysl\/suroviny-pro-vyrobu\/kukuricny-skrob\/#primaryimage","url":"https:\/\/naturalpoland.com\/wp-content\/uploads\/skrobia-kukurydziana-1.jpg","contentUrl":"https:\/\/naturalpoland.com\/wp-content\/uploads\/skrobia-kukurydziana-1.jpg","width":500,"height":500,"caption":"skrobia kukurydziana"},{"@type":"BreadcrumbList","@id":"https:\/\/naturalpoland.com\/cs\/produkty\/produkty-pro-potravinarsky-prumysl\/suroviny-pro-vyrobu\/kukuricny-skrob\/#breadcrumb","itemListElement":[{"@type":"ListItem","position":1,"name":"Dom\u016f","item":"https:\/\/naturalpoland.com\/cs\/"},{"@type":"ListItem","position":2,"name":"Produkty","item":"https:\/\/naturalpoland.com\/cs\/produkty\/"},{"@type":"ListItem","position":3,"name":"Kuku\u0159i\u010dn\u00fd \u0161krob"}]},{"@type":"WebSite","@id":"https:\/\/naturalpoland.com\/cs\/#website","url":"https:\/\/naturalpoland.com\/cs\/","name":"NATURAL POLAND - Velkoobchodn\u00ed distributor surovin","description":"Surowce dla przemys\u0142u spo\u017cywczego, kosmetycznego i farmaceutycznego","publisher":{"@id":"https:\/\/naturalpoland.com\/cs\/#organization"},"potentialAction":[{"@type":"SearchAction","target":{"@type":"EntryPoint","urlTemplate":"https:\/\/naturalpoland.com\/cs\/?s={search_term_string}"},"query-input":{"@type":"PropertyValueSpecification","valueRequired":true,"valueName":"search_term_string"}}],"inLanguage":"cs"},{"@type":"Organization","@id":"https:\/\/naturalpoland.com\/cs\/#organization","name":"Natural Poland","url":"https:\/\/naturalpoland.com\/cs\/","logo":{"@type":"ImageObject","inLanguage":"cs","@id":"https:\/\/naturalpoland.com\/cs\/#\/schema\/logo\/image\/","url":"https:\/\/naturalpoland.com\/wp-content\/uploads\/2021\/05\/natural-poland-icon.png","contentUrl":"https:\/\/naturalpoland.com\/wp-content\/uploads\/2021\/05\/natural-poland-icon.png","width":512,"height":512,"caption":"Natural Poland"},"image":{"@id":"https:\/\/naturalpoland.com\/cs\/#\/schema\/logo\/image\/"},"sameAs":["https:\/\/www.facebook.com\/naturalpoland.b2b","https:\/\/pl.linkedin.com\/company\/natural-poland","https:\/\/www.youtube.com\/channel\/UCgeGGkvOMahZo-xu_MSEWxg"]}]}},"_links":{"self":[{"href":"https:\/\/naturalpoland.com\/cs\/wp-json\/wp\/v2\/product\/31491","targetHints":{"allow":["GET"]}}],"collection":[{"href":"https:\/\/naturalpoland.com\/cs\/wp-json\/wp\/v2\/product"}],"about":[{"href":"https:\/\/naturalpoland.com\/cs\/wp-json\/wp\/v2\/types\/product"}],"wp:featuredmedia":[{"embeddable":true,"href":"https:\/\/naturalpoland.com\/cs\/wp-json\/wp\/v2\/media\/31367"}],"wp:attachment":[{"href":"https:\/\/naturalpoland.com\/cs\/wp-json\/wp\/v2\/media?parent=31491"}],"wp:term":[{"taxonomy":"product_brand","embeddable":true,"href":"https:\/\/naturalpoland.com\/cs\/wp-json\/wp\/v2\/product_brand?post=31491"},{"taxonomy":"product_cat","embeddable":true,"href":"https:\/\/naturalpoland.com\/cs\/wp-json\/wp\/v2\/product_cat?post=31491"},{"taxonomy":"product_tag","embeddable":true,"href":"https:\/\/naturalpoland.com\/cs\/wp-json\/wp\/v2\/product_tag?post=31491"}],"curies":[{"name":"wp","href":"https:\/\/api.w.org\/{rel}","templated":true}]}}